{"id":21085,"date":"2025-12-04T17:13:04","date_gmt":"2025-12-04T16:13:04","guid":{"rendered":"https:\/\/www.slow-tourisme-lab.fr\/?page_id=21085"},"modified":"2025-12-10T17:00:34","modified_gmt":"2025-12-10T16:00:34","slug":"livre-blanc-parce-que-la-ruralite-est-la-destination-touristique-de-demain","status":"publish","type":"page","link":"https:\/\/www.slow-tourisme-lab.fr\/fr\/livre-blanc-parce-que-la-ruralite-est-la-destination-touristique-de-demain\/","title":{"rendered":"Livre blanc du Slow Tourisme Lab"},"content":{"rendered":"<div class=\"wpb-content-wrapper\"><p>[vc_row css_animation=\u00a0\u00bb\u00a0\u00bb row_type=\u00a0\u00bbrow\u00a0\u00bb use_row_as_full_screen_section=\u00a0\u00bbno\u00a0\u00bb type=\u00a0\u00bbfull_width\u00a0\u00bb angled_section=\u00a0\u00bbno\u00a0\u00bb text_align=\u00a0\u00bbleft\u00a0\u00bb background_image_as_pattern=\u00a0\u00bbwithout_pattern\u00a0\u00bb][vc_column][vc_column_text css=\u00a0\u00bb\u00a0\u00bb]<strong data-start=\"306\" data-end=\"389\">Et si les campagnes \u00e9taient les v\u00e9ritables laboratoires du tourisme de demain ?<\/strong><\/p>\n<p><br data-start=\"389\" data-end=\"392\" \/><em>Le Slow Tourisme Lab publie 10 ans d\u2019exp\u00e9rimentations, d\u2019analyses et de collaborations au c\u0153ur des territoires ruraux pour montrer comment le slow tourisme peut devenir un levier concret de d\u00e9veloppement \u00e9conomique, social et environnemental.<\/em>[\/vc_column_text][\/vc_column][\/vc_row][vc_row css_animation=\u00a0\u00bb\u00a0\u00bb row_type=\u00a0\u00bbrow\u00a0\u00bb use_row_as_full_screen_section=\u00a0\u00bbno\u00a0\u00bb type=\u00a0\u00bbfull_width\u00a0\u00bb angled_section=\u00a0\u00bbno\u00a0\u00bb text_align=\u00a0\u00bbleft\u00a0\u00bb background_image_as_pattern=\u00a0\u00bbwithout_pattern\u00a0\u00bb][vc_column]<blockquote class=' with_quote_icon' style=''><i class='fa fa-quote-right' style=''><\/i><h5 class='blockquote-text' style=''>Un document de r\u00e9f\u00e9rence pour toutes les destinations, r\u00e9seaux et acteurs qui veulent faire de la ruralit\u00e9 un espace d\u2019avenir.<\/h5><\/blockquote>[vc_column_text css=\u00a0\u00bb\u00a0\u00bb]<\/p>\n<h1>Pourquoi un livre blanc sur la ruralit\u00e9 et le slow tourisme ?<\/h1>\n<p>[\/vc_column_text][vc_empty_space][\/vc_column][\/vc_row][vc_row css_animation=\u00a0\u00bb\u00a0\u00bb row_type=\u00a0\u00bbrow\u00a0\u00bb use_row_as_full_screen_section=\u00a0\u00bbno\u00a0\u00bb type=\u00a0\u00bbfull_width\u00a0\u00bb angled_section=\u00a0\u00bbno\u00a0\u00bb text_align=\u00a0\u00bbleft\u00a0\u00bb background_image_as_pattern=\u00a0\u00bbwithout_pattern\u00a0\u00bb][vc_column width=\u00a0\u00bb1\/4&Prime;][vc_single_image image=\u00a0\u00bb21086&Prime; img_size=\u00a0\u00bbmedium\u00a0\u00bb alignment=\u00a0\u00bbcenter\u00a0\u00bb style=\u00a0\u00bbvc_box_shadow\u00a0\u00bb css=\u00a0\u00bb\u00a0\u00bb qode_css_animation=\u00a0\u00bb\u00a0\u00bb][\/vc_column][vc_column width=\u00a0\u00bb3\/4&Prime;][vc_column_text css=\u00a0\u00bb\u00a0\u00bb]<\/p>\n<p data-start=\"837\" data-end=\"1214\">Depuis dix ans, le <strong data-start=\"856\" data-end=\"877\">Slow Tourisme Lab<\/strong> accompagne des territoires, des startups, des porteurs de projets et des r\u00e9seaux pour inventer d\u2019autres mani\u00e8res de voyager et d\u2019habiter les campagnes.<\/p>\n<p data-start=\"837\" data-end=\"1214\"><br data-start=\"1029\" data-end=\"1032\" \/>Ce livre blanc est la synth\u00e8se de cette d\u00e9cennie : il met en r\u00e9cit ce que nous avons appris en croisant <strong data-start=\"1136\" data-end=\"1213\">terrain, innovation, data, politiques publiques et initiatives citoyennes<\/strong>.<\/p>\n<p data-start=\"1216\" data-end=\"1417\">Face aux d\u00e9fis climatiques, aux tensions sur les mobilit\u00e9s, aux enjeux de coh\u00e9sion sociale et de revitalisation des centres-bourgs, la ruralit\u00e9 appara\u00eet comme un <strong data-start=\"1378\" data-end=\"1413\">espace d\u2019exp\u00e9rimentation unique<\/strong> :<\/p>\n<ul>\n<li data-start=\"1420\" data-end=\"1433\">temps long,<\/li>\n<li data-start=\"1436\" data-end=\"1448\">proximit\u00e9,<\/li>\n<li data-start=\"1451\" data-end=\"1487\">patrimoines naturels et culturels,<\/li>\n<li data-start=\"1490\" data-end=\"1512\">liens humains forts.<\/li>\n<\/ul>\n<p>&nbsp;<\/p>\n<p>Le slow tourisme est ici pr\u00e9sent\u00e9 non comme une niche, mais comme <strong data-start=\"1580\" data-end=\"1655\">une strat\u00e9gie structurante de transition et d\u2019attractivit\u00e9 territoriale<\/strong>.[\/vc_column_text][vc_empty_space background_image=\u00a0\u00bb21086&Prime; image_repeat=\u00a0\u00bbno-repeat\u00a0\u00bb][\/vc_column][\/vc_row][vc_row css_animation=\u00a0\u00bb\u00a0\u00bb row_type=\u00a0\u00bbrow\u00a0\u00bb use_row_as_full_screen_section=\u00a0\u00bbno\u00a0\u00bb type=\u00a0\u00bbfull_width\u00a0\u00bb angled_section=\u00a0\u00bbno\u00a0\u00bb text_align=\u00a0\u00bbleft\u00a0\u00bb background_image_as_pattern=\u00a0\u00bbwithout_pattern\u00a0\u00bb][vc_column][vc_separator type=\u00a0\u00bbnormal\u00a0\u00bb][vc_column_text css=\u00a0\u00bb\u00a0\u00bb]<\/p>\n<h2>Ce que vous allez trouver dans ce livre blanc<\/h2>\n<p>&nbsp;<\/p>\n<h3><strong>Un d\u00e9cryptage approfondi du slow tourisme<\/strong><\/h3>\n<p>Comprendre pourquoi il s\u2019inscrit dans la famille des mouvements \u00ab slow \u00bb et en quoi il r\u00e9pond aux nouvelles attentes des voyageurs, des habitants et des d\u00e9cideurs publics.<\/p>\n<p>&nbsp;<\/p>\n<h3><strong>Une lecture renouvel\u00e9e de la ruralit\u00e9<\/strong><\/h3>\n<p>La ruralit\u00e9 n\u2019est plus un \u00ab angle mort \u00bb : elle est envisag\u00e9e comme un \u00ab espace d\u2019avenir \u00bb,capable de porter des mod\u00e8les \u00e9conomiques d\u00e9sirables et durables.<\/p>\n<p>&nbsp;<\/p>\n<h3><strong>Des retours d\u2019exp\u00e9rience de startups et de projets accompagn\u00e9s<\/strong><\/h3>\n<p>Des cas concrets qui illustrent comment l\u2019innovation touristique peut s\u2019ancrer dans les territoires : nouvelles formes d\u2019hospitalit\u00e9, data et communs num\u00e9riques, mobilit\u00e9s douces, m\u00e9c\u00e9nat territorial, fonci\u00e8res responsables, etc.<\/p>\n<p>&nbsp;<\/p>\n<h3><strong>Des interviews et points de vue d\u2019experts<\/strong><\/h3>\n<p>Pour prendre du recul, croiser les regards et nourrir la r\u00e9flexion strat\u00e9gique des destinations et des r\u00e9seaux.<\/p>\n<p>&nbsp;<\/p>\n<h3><strong>Une m\u00e9thode d\u2019ing\u00e9nierie territoriale<\/strong><\/h3>\n<p>Comment transformer un territoire rural en laboratoire vivant :<\/p>\n<ul>\n<li>structurer une offre,<\/li>\n<li>travailler les imaginaires,<\/li>\n<li>articuler mobilit\u00e9s et hospitalit\u00e9,<\/li>\n<li>ouvrir et partager les donn\u00e9es,<\/li>\n<li>impliquer habitants, \u00e9lus, acteurs \u00e9conomiques et visiteurs.<\/li>\n<\/ul>\n<p>&nbsp;<\/p>\n<h3><strong>10 engagements \/ propositions pour passer \u00e0 l\u2019action<\/strong><\/h3>\n<p>De vraies pistes op\u00e9rationnelles pour : rassembler, inventer, financer, mobiliser, mesurer et faire converger les acteurs autour d\u2019une vision commune de la ruralit\u00e9.[\/vc_column_text][vc_single_image image=\u00a0\u00bb21122&Prime; img_size=\u00a0\u00bbmedium\u00a0\u00bb alignment=\u00a0\u00bbcenter\u00a0\u00bb css=\u00a0\u00bb\u00a0\u00bb qode_css_animation=\u00a0\u00bb\u00a0\u00bb][\/vc_column][\/vc_row][vc_row css_animation=\u00a0\u00bb\u00a0\u00bb row_type=\u00a0\u00bbrow\u00a0\u00bb use_row_as_full_screen_section=\u00a0\u00bbno\u00a0\u00bb type=\u00a0\u00bbfull_width\u00a0\u00bb angled_section=\u00a0\u00bbno\u00a0\u00bb text_align=\u00a0\u00bbleft\u00a0\u00bb background_image_as_pattern=\u00a0\u00bbwithout_pattern\u00a0\u00bb][vc_column][vc_raw_html css=\u00a0\u00bb\u00a0\u00bb]JTNDaWZyYW1lJTIwc3JjJTNEJTIyaHR0cHMlM0ElMkYlMkZhcHAuZXZhbGFuZGdvLmNvbSUyRmYlMkYzNzc0MDklMkY0cVBpMU5LS3ZocDNQaTFHalZZQTVpJTNGbyUzRDk4N2Q5ODRkODJiMDI1JTIyJTIwc3R5bGUlM0QlMjJ3aWR0aCUzQTEwMCUyNSUzQiUyMGhlaWdodCUzQTE1MDBweCUzQmJvcmRlciUzQW5vbmUlMjIlMjAlM0UlM0MlMkZpZnJhbWUlM0U=[\/vc_raw_html][vc_empty_space][\/vc_column][\/vc_row][vc_row css_animation=\u00a0\u00bb\u00a0\u00bb row_type=\u00a0\u00bbrow\u00a0\u00bb use_row_as_full_screen_section=\u00a0\u00bbno\u00a0\u00bb type=\u00a0\u00bbfull_width\u00a0\u00bb angled_section=\u00a0\u00bbno\u00a0\u00bb text_align=\u00a0\u00bbleft\u00a0\u00bb background_image_as_pattern=\u00a0\u00bbwithout_pattern\u00a0\u00bb][vc_column]<div class=\"qode-accordion-holder clearfix qode-accordion qode-initial \">\n\t<h3 class=\"clearfix qode-title-holder\">\n<span class=\"qode-tab-title\">\n\t    <span class=\"qode-tab-title-inner\">\n        Questions fr\u00e9quentes    <\/span>\n<\/span>\n<span class=\"qode-accordion-mark\">\n    <span class=\"qode-accordion-mark-icon\">\n        <span class=\"icon_plus\"><\/span>\n        <span class=\"icon_minus-06\"><\/span>\n    <\/span>\n<\/span>\n<\/h3>\n<div class=\"qode-accordion-content \" >\n    <div class=\"qode-accordion-content-inner\">\n        [vc_column_text css=\u00a0\u00bb\u00a0\u00bb][\/vc_column_text]    <\/div>\n<\/div><h3 class=\"clearfix qode-title-holder\">\n<span class=\"qode-tab-title\">\n\t    <span class=\"qode-tab-title-inner\">\n        \u00c0 qui s\u2019adresse ce livre blanc ?    <\/span>\n<\/span>\n<span class=\"qode-accordion-mark\">\n    <span class=\"qode-accordion-mark-icon\">\n        <span class=\"icon_plus\"><\/span>\n        <span class=\"icon_minus-06\"><\/span>\n    <\/span>\n<\/span>\n<\/h3>\n<div class=\"qode-accordion-content \" >\n    <div class=\"qode-accordion-content-inner\">\n        [vc_column_text css=\u00a0\u00bb\u00a0\u00bb]<\/p>\n<p data-start=\"3206\" data-end=\"3261\">Ce livre est pens\u00e9 comme un <strong data-start=\"3234\" data-end=\"3254\">outil de travail<\/strong> pour :<\/p>\n<ul>\n<li data-start=\"3265\" data-end=\"3346\">Les <strong data-start=\"3269\" data-end=\"3292\">\u00e9lus et techniciens<\/strong> des collectivit\u00e9s rurales et des intercommunalit\u00e9s.<\/li>\n<li data-start=\"3349\" data-end=\"3433\">Les <strong data-start=\"3353\" data-end=\"3416\">offices de tourisme, agences d\u2019attractivit\u00e9 et destinations<\/strong> en transition.<\/li>\n<li data-start=\"3436\" data-end=\"3568\">Les <strong data-start=\"3440\" data-end=\"3466\">r\u00e9seaux professionnels<\/strong> du tourisme, de l\u2019\u00e9conomie sociale et solidaire, de l\u2019am\u00e9nagement, de la culture, de l\u2019agriculture.<\/li>\n<li data-start=\"3571\" data-end=\"3651\">Les <strong data-start=\"3575\" data-end=\"3623\">startups, entreprises et porteurs de projets<\/strong> qui innovent en ruralit\u00e9.<\/li>\n<li data-start=\"3654\" data-end=\"3752\">Les <strong data-start=\"3658\" data-end=\"3705\">investisseurs \u00e0 impact, fondations, m\u00e9c\u00e8nes<\/strong>, engag\u00e9s dans les transitions territoriales.<\/li>\n<li data-start=\"3755\" data-end=\"3886\">Plus largement, toutes celles et ceux qui souhaitent <strong data-start=\"3808\" data-end=\"3866\">faire du tourisme un levier de transformation positive<\/strong> pour les campagnes.<\/li>\n<\/ul>\n<p>[\/vc_column_text]    <\/div>\n<\/div><h3 class=\"clearfix qode-title-holder\">\n<span class=\"qode-tab-title\">\n\t    <span class=\"qode-tab-title-inner\">\n        Ce que le Slow Tourisme Lab vous propose \u00e0 travers ce livre blanc    <\/span>\n<\/span>\n<span class=\"qode-accordion-mark\">\n    <span class=\"qode-accordion-mark-icon\">\n        <span class=\"icon_plus\"><\/span>\n        <span class=\"icon_minus-06\"><\/span>\n    <\/span>\n<\/span>\n<\/h3>\n<div class=\"qode-accordion-content \" >\n    <div class=\"qode-accordion-content-inner\">\n        [vc_column_text css=\u00a0\u00bb\u00a0\u00bb]<\/p>\n<ul>\n<li data-start=\"3965\" data-end=\"4101\">Une <strong data-start=\"3969\" data-end=\"3991\">vision strat\u00e9gique<\/strong> : comment le slow tourisme peut devenir un pilier de l\u2019\u00e9conomie rurale et non un simple argument marketing.<\/li>\n<li data-start=\"4104\" data-end=\"4216\">Une <strong data-start=\"4108\" data-end=\"4126\">bo\u00eete \u00e0 outils<\/strong> : inspirations, retours d\u2019exp\u00e9rience, m\u00e9thodes, dispositifs et partenariats activables.<\/li>\n<li data-start=\"4219\" data-end=\"4318\">Un <strong data-start=\"4222\" data-end=\"4238\">cadre commun<\/strong> pour dialoguer entre destinations, r\u00e9seaux, entreprises et d\u00e9cideurs publics.<\/li>\n<li data-start=\"4321\" data-end=\"4448\">Un <strong data-start=\"4324\" data-end=\"4341\">point d\u2019appui<\/strong> pour imaginer des coop\u00e9rations, exp\u00e9rimentations et programmes \u00e0 l\u2019\u00e9chelle locale, r\u00e9gionale ou nationale.<\/li>\n<\/ul>\n<p>[\/vc_column_text]    <\/div>\n<\/div><\/div>[\/vc_column][\/vc_row]<\/p>\n<\/div>","protected":false},"excerpt":{"rendered":"<p>[vc_row css_animation=\u00a0\u00bb\u00a0\u00bb row_type=\u00a0\u00bbrow\u00a0\u00bb use_row_as_full_screen_section=\u00a0\u00bbno\u00a0\u00bb type=\u00a0\u00bbfull_width\u00a0\u00bb angled_section=\u00a0\u00bbno\u00a0\u00bb text_align=\u00a0\u00bbleft\u00a0\u00bb background_image_as_pattern=\u00a0\u00bbwithout_pattern\u00a0\u00bb][vc_column][vc_column_text css=\u00a0\u00bb\u00a0\u00bb]Et si les campagnes \u00e9taient les v\u00e9ritables laboratoires du tourisme de demain ? Le Slow Tourisme Lab publie 10 ans d\u2019exp\u00e9rimentations, d\u2019analyses et de collaborations au c\u0153ur des territoires ruraux pour montrer comment le slow tourisme peut&#8230;<\/p>\n","protected":false},"author":16,"featured_media":21086,"parent":0,"menu_order":0,"comment_status":"closed","ping_status":"closed","template":"","meta":{"footnotes":""},"class_list":["post-21085","page","type-page","status-publish","has-post-thumbnail","hentry"],"yoast_head":"<!-- This site is optimized with the Yoast SEO plugin v26.6 - https:\/\/yoast.com\/wordpress\/plugins\/seo\/ -->\n<title>Livre blanc du Slow Tourisme Lab - Slow Tourisme Lab<\/title>\n<meta name=\"robots\" content=\"index, follow, max-snippet:-1, max-image-preview:large, max-video-preview:-1\" \/>\n<link rel=\"canonical\" href=\"https:\/\/www.slow-tourisme-lab.fr\/fr\/livre-blanc-parce-que-la-ruralite-est-la-destination-touristique-de-demain\/\" \/>\n<meta property=\"og:locale\" content=\"fr_FR\" \/>\n<meta property=\"og:type\" content=\"article\" \/>\n<meta property=\"og:title\" content=\"Livre blanc du Slow Tourisme Lab - Slow Tourisme Lab\" \/>\n<meta property=\"og:description\" content=\"[vc_row css_animation=\u00a0\u00bb\u00a0\u00bb row_type=\u00a0\u00bbrow\u00a0\u00bb use_row_as_full_screen_section=\u00a0\u00bbno\u00a0\u00bb type=\u00a0\u00bbfull_width\u00a0\u00bb angled_section=\u00a0\u00bbno\u00a0\u00bb text_align=\u00a0\u00bbleft\u00a0\u00bb background_image_as_pattern=\u00a0\u00bbwithout_pattern\u00a0\u00bb][vc_column][vc_column_text css=\u00a0\u00bb\u00a0\u00bb]Et si les campagnes \u00e9taient les v\u00e9ritables laboratoires du tourisme de demain ? Le Slow Tourisme Lab publie 10 ans d\u2019exp\u00e9rimentations, d\u2019analyses et de collaborations au c\u0153ur des territoires ruraux pour montrer comment le slow tourisme peut...\" \/>\n<meta property=\"og:url\" content=\"https:\/\/www.slow-tourisme-lab.fr\/fr\/livre-blanc-parce-que-la-ruralite-est-la-destination-touristique-de-demain\/\" \/>\n<meta property=\"og:site_name\" content=\"Slow Tourisme Lab\" \/>\n<meta property=\"article:modified_time\" content=\"2025-12-10T16:00:34+00:00\" \/>\n<meta property=\"og:image\" content=\"https:\/\/slowtourismelab-www.v3.mobylee.com\/assets\/uploads\/sites\/50\/2025\/12\/Livre-blanc-Slow-Tourisme-Lab.png\" \/>\n\t<meta property=\"og:image:width\" content=\"639\" \/>\n\t<meta property=\"og:image:height\" content=\"915\" \/>\n\t<meta property=\"og:image:type\" content=\"image\/png\" \/>\n<meta name=\"twitter:card\" content=\"summary_large_image\" \/>\n<meta name=\"twitter:label1\" content=\"Dur\u00e9e de lecture estim\u00e9e\" \/>\n\t<meta name=\"twitter:data1\" content=\"4 minutes\" \/>\n<script type=\"application\/ld+json\" class=\"yoast-schema-graph\">{\"@context\":\"https:\/\/schema.org\",\"@graph\":[{\"@type\":\"WebPage\",\"@id\":\"https:\/\/www.slow-tourisme-lab.fr\/fr\/livre-blanc-parce-que-la-ruralite-est-la-destination-touristique-de-demain\/\",\"url\":\"https:\/\/www.slow-tourisme-lab.fr\/fr\/livre-blanc-parce-que-la-ruralite-est-la-destination-touristique-de-demain\/\",\"name\":\"Livre blanc du Slow Tourisme Lab - Slow Tourisme Lab\",\"isPartOf\":{\"@id\":\"https:\/\/www.slow-tourisme-lab.fr\/fr\/#website\"},\"primaryImageOfPage\":{\"@id\":\"https:\/\/www.slow-tourisme-lab.fr\/fr\/livre-blanc-parce-que-la-ruralite-est-la-destination-touristique-de-demain\/#primaryimage\"},\"image\":{\"@id\":\"https:\/\/www.slow-tourisme-lab.fr\/fr\/livre-blanc-parce-que-la-ruralite-est-la-destination-touristique-de-demain\/#primaryimage\"},\"thumbnailUrl\":\"https:\/\/www.slow-tourisme-lab.fr\/assets\/uploads\/sites\/50\/2025\/12\/Livre-blanc-Slow-Tourisme-Lab.png\",\"datePublished\":\"2025-12-04T16:13:04+00:00\",\"dateModified\":\"2025-12-10T16:00:34+00:00\",\"breadcrumb\":{\"@id\":\"https:\/\/www.slow-tourisme-lab.fr\/fr\/livre-blanc-parce-que-la-ruralite-est-la-destination-touristique-de-demain\/#breadcrumb\"},\"inLanguage\":\"fr-FR\",\"potentialAction\":[{\"@type\":\"ReadAction\",\"target\":[\"https:\/\/www.slow-tourisme-lab.fr\/fr\/livre-blanc-parce-que-la-ruralite-est-la-destination-touristique-de-demain\/\"]}]},{\"@type\":\"ImageObject\",\"inLanguage\":\"fr-FR\",\"@id\":\"https:\/\/www.slow-tourisme-lab.fr\/fr\/livre-blanc-parce-que-la-ruralite-est-la-destination-touristique-de-demain\/#primaryimage\",\"url\":\"https:\/\/www.slow-tourisme-lab.fr\/assets\/uploads\/sites\/50\/2025\/12\/Livre-blanc-Slow-Tourisme-Lab.png\",\"contentUrl\":\"https:\/\/www.slow-tourisme-lab.fr\/assets\/uploads\/sites\/50\/2025\/12\/Livre-blanc-Slow-Tourisme-Lab.png\",\"width\":639,\"height\":915,\"caption\":\"T\u00e9l\u00e9charger la version num\u00e9rique du livre Blanc sur : https:\/\/www.slow-tourisme-lab.fr\/fr\/livre-blanc-parce-que-la-ruralite-est-la-destination-touristique-de-demain\/\"},{\"@type\":\"BreadcrumbList\",\"@id\":\"https:\/\/www.slow-tourisme-lab.fr\/fr\/livre-blanc-parce-que-la-ruralite-est-la-destination-touristique-de-demain\/#breadcrumb\",\"itemListElement\":[{\"@type\":\"ListItem\",\"position\":1,\"name\":\"Accueil\",\"item\":\"https:\/\/www.slow-tourisme-lab.fr\/fr\/\"},{\"@type\":\"ListItem\",\"position\":2,\"name\":\"Livre blanc du Slow Tourisme Lab\"}]},{\"@type\":\"WebSite\",\"@id\":\"https:\/\/www.slow-tourisme-lab.fr\/fr\/#website\",\"url\":\"https:\/\/www.slow-tourisme-lab.fr\/fr\/\",\"name\":\"Slow Tourisme Lab\",\"description\":\"Un accompagnement pour l'innovation touristique durable\",\"potentialAction\":[{\"@type\":\"SearchAction\",\"target\":{\"@type\":\"EntryPoint\",\"urlTemplate\":\"https:\/\/www.slow-tourisme-lab.fr\/fr\/?s={search_term_string}\"},\"query-input\":{\"@type\":\"PropertyValueSpecification\",\"valueRequired\":true,\"valueName\":\"search_term_string\"}}],\"inLanguage\":\"fr-FR\"}]}<\/script>\n<!-- \/ Yoast SEO plugin. -->","yoast_head_json":{"title":"Livre blanc du Slow Tourisme Lab - Slow Tourisme Lab","robots":{"index":"index","follow":"follow","max-snippet":"max-snippet:-1","max-image-preview":"max-image-preview:large","max-video-preview":"max-video-preview:-1"},"canonical":"https:\/\/www.slow-tourisme-lab.fr\/fr\/livre-blanc-parce-que-la-ruralite-est-la-destination-touristique-de-demain\/","og_locale":"fr_FR","og_type":"article","og_title":"Livre blanc du Slow Tourisme Lab - Slow Tourisme Lab","og_description":"[vc_row css_animation=\u00a0\u00bb\u00a0\u00bb row_type=\u00a0\u00bbrow\u00a0\u00bb use_row_as_full_screen_section=\u00a0\u00bbno\u00a0\u00bb type=\u00a0\u00bbfull_width\u00a0\u00bb angled_section=\u00a0\u00bbno\u00a0\u00bb text_align=\u00a0\u00bbleft\u00a0\u00bb background_image_as_pattern=\u00a0\u00bbwithout_pattern\u00a0\u00bb][vc_column][vc_column_text css=\u00a0\u00bb\u00a0\u00bb]Et si les campagnes \u00e9taient les v\u00e9ritables laboratoires du tourisme de demain ? Le Slow Tourisme Lab publie 10 ans d\u2019exp\u00e9rimentations, d\u2019analyses et de collaborations au c\u0153ur des territoires ruraux pour montrer comment le slow tourisme peut...","og_url":"https:\/\/www.slow-tourisme-lab.fr\/fr\/livre-blanc-parce-que-la-ruralite-est-la-destination-touristique-de-demain\/","og_site_name":"Slow Tourisme Lab","article_modified_time":"2025-12-10T16:00:34+00:00","og_image":[{"width":639,"height":915,"url":"https:\/\/slowtourismelab-www.v3.mobylee.com\/assets\/uploads\/sites\/50\/2025\/12\/Livre-blanc-Slow-Tourisme-Lab.png","type":"image\/png"}],"twitter_card":"summary_large_image","twitter_misc":{"Dur\u00e9e de lecture estim\u00e9e":"4 minutes"},"schema":{"@context":"https:\/\/schema.org","@graph":[{"@type":"WebPage","@id":"https:\/\/www.slow-tourisme-lab.fr\/fr\/livre-blanc-parce-que-la-ruralite-est-la-destination-touristique-de-demain\/","url":"https:\/\/www.slow-tourisme-lab.fr\/fr\/livre-blanc-parce-que-la-ruralite-est-la-destination-touristique-de-demain\/","name":"Livre blanc du Slow Tourisme Lab - Slow Tourisme Lab","isPartOf":{"@id":"https:\/\/www.slow-tourisme-lab.fr\/fr\/#website"},"primaryImageOfPage":{"@id":"https:\/\/www.slow-tourisme-lab.fr\/fr\/livre-blanc-parce-que-la-ruralite-est-la-destination-touristique-de-demain\/#primaryimage"},"image":{"@id":"https:\/\/www.slow-tourisme-lab.fr\/fr\/livre-blanc-parce-que-la-ruralite-est-la-destination-touristique-de-demain\/#primaryimage"},"thumbnailUrl":"https:\/\/www.slow-tourisme-lab.fr\/assets\/uploads\/sites\/50\/2025\/12\/Livre-blanc-Slow-Tourisme-Lab.png","datePublished":"2025-12-04T16:13:04+00:00","dateModified":"2025-12-10T16:00:34+00:00","breadcrumb":{"@id":"https:\/\/www.slow-tourisme-lab.fr\/fr\/livre-blanc-parce-que-la-ruralite-est-la-destination-touristique-de-demain\/#breadcrumb"},"inLanguage":"fr-FR","potentialAction":[{"@type":"ReadAction","target":["https:\/\/www.slow-tourisme-lab.fr\/fr\/livre-blanc-parce-que-la-ruralite-est-la-destination-touristique-de-demain\/"]}]},{"@type":"ImageObject","inLanguage":"fr-FR","@id":"https:\/\/www.slow-tourisme-lab.fr\/fr\/livre-blanc-parce-que-la-ruralite-est-la-destination-touristique-de-demain\/#primaryimage","url":"https:\/\/www.slow-tourisme-lab.fr\/assets\/uploads\/sites\/50\/2025\/12\/Livre-blanc-Slow-Tourisme-Lab.png","contentUrl":"https:\/\/www.slow-tourisme-lab.fr\/assets\/uploads\/sites\/50\/2025\/12\/Livre-blanc-Slow-Tourisme-Lab.png","width":639,"height":915,"caption":"T\u00e9l\u00e9charger la version num\u00e9rique du livre Blanc sur : https:\/\/www.slow-tourisme-lab.fr\/fr\/livre-blanc-parce-que-la-ruralite-est-la-destination-touristique-de-demain\/"},{"@type":"BreadcrumbList","@id":"https:\/\/www.slow-tourisme-lab.fr\/fr\/livre-blanc-parce-que-la-ruralite-est-la-destination-touristique-de-demain\/#breadcrumb","itemListElement":[{"@type":"ListItem","position":1,"name":"Accueil","item":"https:\/\/www.slow-tourisme-lab.fr\/fr\/"},{"@type":"ListItem","position":2,"name":"Livre blanc du Slow Tourisme Lab"}]},{"@type":"WebSite","@id":"https:\/\/www.slow-tourisme-lab.fr\/fr\/#website","url":"https:\/\/www.slow-tourisme-lab.fr\/fr\/","name":"Slow Tourisme Lab","description":"Un accompagnement pour l'innovation touristique durable","potentialAction":[{"@type":"SearchAction","target":{"@type":"EntryPoint","urlTemplate":"https:\/\/www.slow-tourisme-lab.fr\/fr\/?s={search_term_string}"},"query-input":{"@type":"PropertyValueSpecification","valueRequired":true,"valueName":"search_term_string"}}],"inLanguage":"fr-FR"}]}},"_links":{"self":[{"href":"https:\/\/www.slow-tourisme-lab.fr\/fr\/wp-json\/wp\/v2\/pages\/21085\/"}],"collection":[{"href":"https:\/\/www.slow-tourisme-lab.fr\/fr\/wp-json\/wp\/v2\/pages\/"}],"about":[{"href":"https:\/\/www.slow-tourisme-lab.fr\/fr\/wp-json\/wp\/v2\/types\/page\/"}],"author":[{"embeddable":true,"href":"https:\/\/www.slow-tourisme-lab.fr\/fr\/wp-json\/wp\/v2\/users\/16\/"}],"replies":[{"embeddable":true,"href":"https:\/\/www.slow-tourisme-lab.fr\/fr\/wp-json\/wp\/v2\/comments\/?post=21085"}],"version-history":[{"count":5,"href":"https:\/\/www.slow-tourisme-lab.fr\/fr\/wp-json\/wp\/v2\/pages\/21085\/revisions\/"}],"predecessor-version":[{"id":21139,"href":"https:\/\/www.slow-tourisme-lab.fr\/fr\/wp-json\/wp\/v2\/pages\/21085\/revisions\/21139\/"}],"wp:featuredmedia":[{"embeddable":true,"href":"https:\/\/www.slow-tourisme-lab.fr\/fr\/wp-json\/wp\/v2\/media\/21086\/"}],"wp:attachment":[{"href":"https:\/\/www.slow-tourisme-lab.fr\/fr\/wp-json\/wp\/v2\/media\/?parent=21085"}],"curies":[{"name":"wp","href":"https:\/\/api.w.org\/{rel}","templated":true}]}}