{"id":20269,"date":"2024-03-12T16:03:26","date_gmt":"2024-03-12T15:03:26","guid":{"rendered":"https:\/\/www.slow-tourisme-lab.fr\/?page_id=20269"},"modified":"2024-03-15T17:44:12","modified_gmt":"2024-03-15T16:44:12","slug":"icario","status":"publish","type":"page","link":"https:\/\/www.slow-tourisme-lab.fr\/fr\/icario\/","title":{"rendered":"Icario"},"content":{"rendered":"<div class=\"wpb-content-wrapper\"><p>[vc_row css_animation=\u00a0\u00bb\u00a0\u00bb row_type=\u00a0\u00bbrow\u00a0\u00bb use_row_as_full_screen_section=\u00a0\u00bbno\u00a0\u00bb type=\u00a0\u00bbfull_width\u00a0\u00bb angled_section=\u00a0\u00bbno\u00a0\u00bb text_align=\u00a0\u00bbleft\u00a0\u00bb background_image_as_pattern=\u00a0\u00bbwithout_pattern\u00a0\u00bb][vc_column][vc_single_image image=\u00a0\u00bb20178&Prime; img_size=\u00a0\u00bblarge\u00a0\u00bb alignment=\u00a0\u00bbcenter\u00a0\u00bb qode_css_animation=\u00a0\u00bb\u00a0\u00bb][vc_empty_space][vc_column_text]<\/p>\n<h1 class=\"elementor-heading-title elementor-size-default\" style=\"text-align: center\"><span class=\"s4-underline\">Contempler l&rsquo;inaccessible<\/span><\/h1>\n<p style=\"text-align: center\"><strong><em>et prenez de la hauteur pour des visites immersives extraordinaires<br \/>\n<\/em><\/strong><\/p>\n<p>[\/vc_column_text][\/vc_column][\/vc_row][vc_row css_animation=\u00a0\u00bb\u00a0\u00bb row_type=\u00a0\u00bbrow\u00a0\u00bb use_row_as_full_screen_section=\u00a0\u00bbno\u00a0\u00bb type=\u00a0\u00bbfull_width\u00a0\u00bb angled_section=\u00a0\u00bbno\u00a0\u00bb text_align=\u00a0\u00bbleft\u00a0\u00bb background_image_as_pattern=\u00a0\u00bbwithout_pattern\u00a0\u00bb][vc_column][vc_empty_space][\/vc_column][\/vc_row][vc_row css_animation=\u00a0\u00bb\u00a0\u00bb row_type=\u00a0\u00bbrow\u00a0\u00bb use_row_as_full_screen_section=\u00a0\u00bbno\u00a0\u00bb type=\u00a0\u00bbfull_width\u00a0\u00bb angled_section=\u00a0\u00bbno\u00a0\u00bb text_align=\u00a0\u00bbleft\u00a0\u00bb background_image_as_pattern=\u00a0\u00bbwithout_pattern\u00a0\u00bb][vc_column][vc_column_text]<\/p>\n<h1>Icare est votre guide<\/h1>\n<p>&nbsp;<\/p>\n<p>Icario c&rsquo;est une m\u00e9diation culturelle, con\u00e7ue pour vous offrir une <strong>exp\u00e9rience a\u00e9rienne unique<\/strong> gr\u00e2ce \u00e0 l&rsquo;utilisation d&rsquo;un drone pilot\u00e9 par un professionnel coupl\u00e9 aux explications d&rsquo;un guide conf\u00e9rencier professionnel. Plongez dans une <strong>visite immersive<\/strong> et <strong>palpitante<\/strong>, d\u00e9mocratisant ainsi l&rsquo;acc\u00e8s \u00e0 des merveilles culturelles jusqu&rsquo;alors inaccessibles.[\/vc_column_text][vc_empty_space][vc_video link=\u00a0\u00bbhttps:\/\/www.youtube.com\/watch?v=mhxR6EMhY5A\u00a0\u00bb align=\u00a0\u00bbcenter\u00a0\u00bb css_animation=\u00a0\u00bbfadeInUp\u00a0\u00bb][vc_empty_space][vc_column_text]<\/p>\n<h2>En live ou toute l&rsquo;ann\u00e9e<\/h2>\n<p>&nbsp;<\/p>\n<p>Pour votre <strong>\u00e9v\u00e8nementiel<\/strong> ou <strong>toute l&rsquo;ann\u00e9e<\/strong>, offrez \u00e0 vos visiteurs la possibilit\u00e9 de voir notre patrimoine vu d&rsquo;en haut. Icario c&rsquo;est l&rsquo;invitation \u00e0 un <strong>voyage contemplatif impressionnant<\/strong> \u00e0 vivre en live sur des \u00e9v\u00e8nements ponctuels ou avec des contenus tourn\u00e9s en amont sur des \u00e9v\u00e8nements plus r\u00e9guliers.<\/p>\n<p>Imaginez prendre part \u00e0 des visites a\u00e9rienne depuis un transat, vous appr\u00e9cierez alors la vue incroyable et les explications d&rsquo;un guide pour une d\u00e9couverte \u00e0 couper le souffle. Par petit groupe, en famille c&rsquo;est alors l&rsquo;occasion de prendre de la hauteur pour s&rsquo;affranchir de nos limites et <strong>savourer les beaut\u00e9s de nos patrimoines culturels ou naturels<\/strong><\/p>\n<p>Icario propose m\u00eame de faire \u00ab\u00a0voler\u00a0\u00bb <strong>via une plateforme en ligne <\/strong>des <strong>visiteurs \u00e0 distance<\/strong> ou des <strong>publics emp\u00each\u00e9s <\/strong>dans un souci d&rsquo;inclusivit\u00e9, gr\u00e2ce \u00e0 l&rsquo;utilisation de casques distants<strong> (h\u00f4pitaux, Ehpad, \u00e9tablissements p\u00e9nitentiaires).\u00a0<\/strong>[\/vc_column_text][vc_empty_space][vc_column_text]Icario offre une <strong>solution enti\u00e8rement personnalisable<\/strong>, parfaitement adapt\u00e9e \u00e0 des \u00e9v\u00e9nements de toutes tailles, avec un stand flexible pouvant accueillir de <strong>10 \u00e0 100 casques<\/strong>. En plus d&rsquo;\u00eatre une <strong>prestation cl\u00e9 en main<\/strong> assur\u00e9e par des <strong>professionnels<\/strong>, <strong>garantissant ainsi la s\u00e9curit\u00e9<\/strong> et le <strong>respect des r\u00e9glementations l\u00e9gales<\/strong>.<\/p>\n<p>[\/vc_column_text][\/vc_column][\/vc_row][vc_row css_animation=\u00a0\u00bb\u00a0\u00bb row_type=\u00a0\u00bbrow\u00a0\u00bb use_row_as_full_screen_section=\u00a0\u00bbno\u00a0\u00bb type=\u00a0\u00bbfull_width\u00a0\u00bb angled_section=\u00a0\u00bbno\u00a0\u00bb text_align=\u00a0\u00bbleft\u00a0\u00bb background_image_as_pattern=\u00a0\u00bbwithout_pattern\u00a0\u00bb][vc_column][vc_empty_space][\/vc_column][\/vc_row][vc_row css_animation=\u00a0\u00bb\u00a0\u00bb row_type=\u00a0\u00bbrow\u00a0\u00bb use_row_as_full_screen_section=\u00a0\u00bbno\u00a0\u00bb type=\u00a0\u00bbfull_width\u00a0\u00bb angled_section=\u00a0\u00bbno\u00a0\u00bb text_align=\u00a0\u00bbleft\u00a0\u00bb background_image_as_pattern=\u00a0\u00bbwithout_pattern\u00a0\u00bb][vc_column width=\u00a0\u00bb1\/2&Prime;]<div class=\"ult-team-member-wrap ult-style-1  \"><div class=\"ult-team-member-image\" style=\"\"> <img decoding=\"async\" class=\"ult-team-grayscale\" src=\"\" alt=\"\"  style=\"\"><span class=\"ult-team-member-image-overlay \"  ><\/span><\/div><div class=\"ult-team-member-bio-wrap style-1 ultimate-heading69e19371b337c\" style=\"text-align:center;; \"><div class=\"ult-team-member-name-wrap\"><h2 class=\"ult-team-member-name ult-responsive\"  data-ultimate-target='.ult-team-member-bio-wrap.ultimate-heading69e19371b337c .ult-team-member-name'  data-responsive-json-new='{\"font-size\":\"\",\"line-height\":\"\"}'  style=\"\">Icario<\/h2><div class=\"ult-team-member-description ult-responsive\"  data-ultimate-target='.ult-team-member-bio-wrap.ultimate-heading69e19371b337c .ult-team-member-description'  data-responsive-json-new='{\"font-size\":\"\",\"line-height\":\"\"}'  style=\"\"><p><strong>Tristan Fr\u00e9ville<\/strong><\/p>\n<p><a href=\"https:\/\/www.icario.fr\/\" target=\"_blank\" rel=\"noopener noreferrer\">www.icario.fr.<\/a><\/p>\n<p><strong><a href=\"mailto:contact@icario.fr\" target=\"_blank\" rel=\"noopener noreferrer\">contact@icario.fr<\/a><\/strong><\/p>\n<p>+33 (0) 3 67 10 35 85<\/p><\/div><div style=\"margin-bottom:15px\"><\/div><div class='ult-social-buttons'><a href='https:\/\/www.linkedin.com\/in\/tristan-freville-icario\/' target='_blank' rel='noopener' title='Linkedin' class='ult-team ult-social-icon' style='font-size:40px ; margin-left:5px;margin-right:5px;;'  data-iconcolor='inherit' data-iconhover='inherit' ><i class='Defaults-linkedin-square'><\/i><\/a><\/div><\/div><\/div><\/div>[\/vc_column][vc_column width=\u00a0\u00bb1\/2&Prime;][vc_empty_space height=\u00a0\u00bb30px\u00a0\u00bb][\/vc_column][\/vc_row]<\/p>\n<\/div>","protected":false},"excerpt":{"rendered":"<p>[vc_row css_animation=\u00a0\u00bb\u00a0\u00bb row_type=\u00a0\u00bbrow\u00a0\u00bb use_row_as_full_screen_section=\u00a0\u00bbno\u00a0\u00bb type=\u00a0\u00bbfull_width\u00a0\u00bb angled_section=\u00a0\u00bbno\u00a0\u00bb text_align=\u00a0\u00bbleft\u00a0\u00bb background_image_as_pattern=\u00a0\u00bbwithout_pattern\u00a0\u00bb][vc_column][vc_single_image image=\u00a0\u00bb20178&Prime; img_size=\u00a0\u00bblarge\u00a0\u00bb alignment=\u00a0\u00bbcenter\u00a0\u00bb qode_css_animation=\u00a0\u00bb\u00a0\u00bb][vc_empty_space][vc_column_text] Contempler l&rsquo;inaccessible et prenez de la hauteur pour des visites immersives extraordinaires [\/vc_column_text][\/vc_column][\/vc_row][vc_row css_animation=\u00a0\u00bb\u00a0\u00bb row_type=\u00a0\u00bbrow\u00a0\u00bb use_row_as_full_screen_section=\u00a0\u00bbno\u00a0\u00bb type=\u00a0\u00bbfull_width\u00a0\u00bb angled_section=\u00a0\u00bbno\u00a0\u00bb text_align=\u00a0\u00bbleft\u00a0\u00bb background_image_as_pattern=\u00a0\u00bbwithout_pattern\u00a0\u00bb][vc_column][vc_empty_space][\/vc_column][\/vc_row][vc_row css_animation=\u00a0\u00bb\u00a0\u00bb row_type=\u00a0\u00bbrow\u00a0\u00bb use_row_as_full_screen_section=\u00a0\u00bbno\u00a0\u00bb type=\u00a0\u00bbfull_width\u00a0\u00bb angled_section=\u00a0\u00bbno\u00a0\u00bb text_align=\u00a0\u00bbleft\u00a0\u00bb background_image_as_pattern=\u00a0\u00bbwithout_pattern\u00a0\u00bb][vc_column][vc_column_text] Icare est votre guide &nbsp; Icario&#8230;<\/p>\n","protected":false},"author":43,"featured_media":20178,"parent":0,"menu_order":0,"comment_status":"closed","ping_status":"closed","template":"","meta":{"footnotes":""},"class_list":["post-20269","page","type-page","status-publish","has-post-thumbnail","hentry"],"yoast_head":"<!-- This site is optimized with the Yoast SEO plugin v26.6 - https:\/\/yoast.com\/wordpress\/plugins\/seo\/ -->\n<title>Icario - Slow Tourisme Lab<\/title>\n<meta name=\"description\" content=\"Icario, c\u2019est une formule enti\u00e8rement personnalisable, qui trouve sa place sur des \u00e9v\u00e9nements de toutes dimensions, avec un stand modulable de 10 \u00e0 100 casques. C\u2019est surtout une prestation cl\u00e9 en main assur\u00e9e par des professionnels, garantissant s\u00e9curit\u00e9 et respect des obligations l\u00e9gales. Et pour les personnes ne pouvant se rendre sur les lieux ? Icario ouvre l\u2019exp\u00e9rience \u00e0 tous publics en donnant la possibilit\u00e9 de vivre les vols en direct via une plateforme internet. Dans une optique r\u00e9solument inclusive, au moyen de casques distants.\" \/>\n<meta name=\"robots\" content=\"index, follow, max-snippet:-1, max-image-preview:large, max-video-preview:-1\" \/>\n<link rel=\"canonical\" href=\"https:\/\/www.slow-tourisme-lab.fr\/fr\/icario\/\" \/>\n<meta property=\"og:locale\" content=\"fr_FR\" \/>\n<meta property=\"og:type\" content=\"article\" \/>\n<meta property=\"og:title\" content=\"Icario - Slow Tourisme Lab\" \/>\n<meta property=\"og:description\" content=\"Icario, c\u2019est une formule enti\u00e8rement personnalisable, qui trouve sa place sur des \u00e9v\u00e9nements de toutes dimensions, avec un stand modulable de 10 \u00e0 100 casques. C\u2019est surtout une prestation cl\u00e9 en main assur\u00e9e par des professionnels, garantissant s\u00e9curit\u00e9 et respect des obligations l\u00e9gales. Et pour les personnes ne pouvant se rendre sur les lieux ? Icario ouvre l\u2019exp\u00e9rience \u00e0 tous publics en donnant la possibilit\u00e9 de vivre les vols en direct via une plateforme internet. Dans une optique r\u00e9solument inclusive, au moyen de casques distants.\" \/>\n<meta property=\"og:url\" content=\"https:\/\/www.slow-tourisme-lab.fr\/fr\/icario\/\" \/>\n<meta property=\"og:site_name\" content=\"Slow Tourisme Lab\" \/>\n<meta property=\"article:modified_time\" content=\"2024-03-15T16:44:12+00:00\" \/>\n<meta property=\"og:image\" content=\"https:\/\/www.slow-tourisme-lab.fr\/assets\/uploads\/sites\/50\/2024\/02\/logo-icario.png\" \/>\n\t<meta property=\"og:image:width\" content=\"2048\" \/>\n\t<meta property=\"og:image:height\" content=\"586\" \/>\n\t<meta property=\"og:image:type\" content=\"image\/png\" \/>\n<meta name=\"twitter:card\" content=\"summary_large_image\" \/>\n<meta name=\"twitter:label1\" content=\"Dur\u00e9e de lecture estim\u00e9e\" \/>\n\t<meta name=\"twitter:data1\" content=\"3 minutes\" \/>\n<script type=\"application\/ld+json\" class=\"yoast-schema-graph\">{\"@context\":\"https:\/\/schema.org\",\"@graph\":[{\"@type\":\"WebPage\",\"@id\":\"https:\/\/www.slow-tourisme-lab.fr\/fr\/icario\/\",\"url\":\"https:\/\/www.slow-tourisme-lab.fr\/fr\/icario\/\",\"name\":\"Icario - Slow Tourisme Lab\",\"isPartOf\":{\"@id\":\"https:\/\/www.slow-tourisme-lab.fr\/fr\/#website\"},\"primaryImageOfPage\":{\"@id\":\"https:\/\/www.slow-tourisme-lab.fr\/fr\/icario\/#primaryimage\"},\"image\":{\"@id\":\"https:\/\/www.slow-tourisme-lab.fr\/fr\/icario\/#primaryimage\"},\"thumbnailUrl\":\"https:\/\/www.slow-tourisme-lab.fr\/assets\/uploads\/sites\/50\/2024\/02\/logo-icario.png\",\"datePublished\":\"2024-03-12T15:03:26+00:00\",\"dateModified\":\"2024-03-15T16:44:12+00:00\",\"description\":\"Icario, c\u2019est une formule enti\u00e8rement personnalisable, qui trouve sa place sur des \u00e9v\u00e9nements de toutes dimensions, avec un stand modulable de 10 \u00e0 100 casques. C\u2019est surtout une prestation cl\u00e9 en main assur\u00e9e par des professionnels, garantissant s\u00e9curit\u00e9 et respect des obligations l\u00e9gales. Et pour les personnes ne pouvant se rendre sur les lieux ? Icario ouvre l\u2019exp\u00e9rience \u00e0 tous publics en donnant la possibilit\u00e9 de vivre les vols en direct via une plateforme internet. Dans une optique r\u00e9solument inclusive, au moyen de casques distants.\",\"breadcrumb\":{\"@id\":\"https:\/\/www.slow-tourisme-lab.fr\/fr\/icario\/#breadcrumb\"},\"inLanguage\":\"fr-FR\",\"potentialAction\":[{\"@type\":\"ReadAction\",\"target\":[\"https:\/\/www.slow-tourisme-lab.fr\/fr\/icario\/\"]}]},{\"@type\":\"ImageObject\",\"inLanguage\":\"fr-FR\",\"@id\":\"https:\/\/www.slow-tourisme-lab.fr\/fr\/icario\/#primaryimage\",\"url\":\"https:\/\/www.slow-tourisme-lab.fr\/assets\/uploads\/sites\/50\/2024\/02\/logo-icario.png\",\"contentUrl\":\"https:\/\/www.slow-tourisme-lab.fr\/assets\/uploads\/sites\/50\/2024\/02\/logo-icario.png\",\"width\":2048,\"height\":586},{\"@type\":\"BreadcrumbList\",\"@id\":\"https:\/\/www.slow-tourisme-lab.fr\/fr\/icario\/#breadcrumb\",\"itemListElement\":[{\"@type\":\"ListItem\",\"position\":1,\"name\":\"Accueil\",\"item\":\"https:\/\/www.slow-tourisme-lab.fr\/fr\/\"},{\"@type\":\"ListItem\",\"position\":2,\"name\":\"Icario\"}]},{\"@type\":\"WebSite\",\"@id\":\"https:\/\/www.slow-tourisme-lab.fr\/fr\/#website\",\"url\":\"https:\/\/www.slow-tourisme-lab.fr\/fr\/\",\"name\":\"Slow Tourisme Lab\",\"description\":\"Un accompagnement pour l'innovation touristique durable\",\"potentialAction\":[{\"@type\":\"SearchAction\",\"target\":{\"@type\":\"EntryPoint\",\"urlTemplate\":\"https:\/\/www.slow-tourisme-lab.fr\/fr\/?s={search_term_string}\"},\"query-input\":{\"@type\":\"PropertyValueSpecification\",\"valueRequired\":true,\"valueName\":\"search_term_string\"}}],\"inLanguage\":\"fr-FR\"}]}<\/script>\n<!-- \/ Yoast SEO plugin. -->","yoast_head_json":{"title":"Icario - Slow Tourisme Lab","description":"Icario, c\u2019est une formule enti\u00e8rement personnalisable, qui trouve sa place sur des \u00e9v\u00e9nements de toutes dimensions, avec un stand modulable de 10 \u00e0 100 casques. C\u2019est surtout une prestation cl\u00e9 en main assur\u00e9e par des professionnels, garantissant s\u00e9curit\u00e9 et respect des obligations l\u00e9gales. Et pour les personnes ne pouvant se rendre sur les lieux ? Icario ouvre l\u2019exp\u00e9rience \u00e0 tous publics en donnant la possibilit\u00e9 de vivre les vols en direct via une plateforme internet. Dans une optique r\u00e9solument inclusive, au moyen de casques distants.","robots":{"index":"index","follow":"follow","max-snippet":"max-snippet:-1","max-image-preview":"max-image-preview:large","max-video-preview":"max-video-preview:-1"},"canonical":"https:\/\/www.slow-tourisme-lab.fr\/fr\/icario\/","og_locale":"fr_FR","og_type":"article","og_title":"Icario - Slow Tourisme Lab","og_description":"Icario, c\u2019est une formule enti\u00e8rement personnalisable, qui trouve sa place sur des \u00e9v\u00e9nements de toutes dimensions, avec un stand modulable de 10 \u00e0 100 casques. C\u2019est surtout une prestation cl\u00e9 en main assur\u00e9e par des professionnels, garantissant s\u00e9curit\u00e9 et respect des obligations l\u00e9gales. Et pour les personnes ne pouvant se rendre sur les lieux ? Icario ouvre l\u2019exp\u00e9rience \u00e0 tous publics en donnant la possibilit\u00e9 de vivre les vols en direct via une plateforme internet. Dans une optique r\u00e9solument inclusive, au moyen de casques distants.","og_url":"https:\/\/www.slow-tourisme-lab.fr\/fr\/icario\/","og_site_name":"Slow Tourisme Lab","article_modified_time":"2024-03-15T16:44:12+00:00","og_image":[{"width":2048,"height":586,"url":"https:\/\/www.slow-tourisme-lab.fr\/assets\/uploads\/sites\/50\/2024\/02\/logo-icario.png","type":"image\/png"}],"twitter_card":"summary_large_image","twitter_misc":{"Dur\u00e9e de lecture estim\u00e9e":"3 minutes"},"schema":{"@context":"https:\/\/schema.org","@graph":[{"@type":"WebPage","@id":"https:\/\/www.slow-tourisme-lab.fr\/fr\/icario\/","url":"https:\/\/www.slow-tourisme-lab.fr\/fr\/icario\/","name":"Icario - Slow Tourisme Lab","isPartOf":{"@id":"https:\/\/www.slow-tourisme-lab.fr\/fr\/#website"},"primaryImageOfPage":{"@id":"https:\/\/www.slow-tourisme-lab.fr\/fr\/icario\/#primaryimage"},"image":{"@id":"https:\/\/www.slow-tourisme-lab.fr\/fr\/icario\/#primaryimage"},"thumbnailUrl":"https:\/\/www.slow-tourisme-lab.fr\/assets\/uploads\/sites\/50\/2024\/02\/logo-icario.png","datePublished":"2024-03-12T15:03:26+00:00","dateModified":"2024-03-15T16:44:12+00:00","description":"Icario, c\u2019est une formule enti\u00e8rement personnalisable, qui trouve sa place sur des \u00e9v\u00e9nements de toutes dimensions, avec un stand modulable de 10 \u00e0 100 casques. C\u2019est surtout une prestation cl\u00e9 en main assur\u00e9e par des professionnels, garantissant s\u00e9curit\u00e9 et respect des obligations l\u00e9gales. Et pour les personnes ne pouvant se rendre sur les lieux ? Icario ouvre l\u2019exp\u00e9rience \u00e0 tous publics en donnant la possibilit\u00e9 de vivre les vols en direct via une plateforme internet. Dans une optique r\u00e9solument inclusive, au moyen de casques distants.","breadcrumb":{"@id":"https:\/\/www.slow-tourisme-lab.fr\/fr\/icario\/#breadcrumb"},"inLanguage":"fr-FR","potentialAction":[{"@type":"ReadAction","target":["https:\/\/www.slow-tourisme-lab.fr\/fr\/icario\/"]}]},{"@type":"ImageObject","inLanguage":"fr-FR","@id":"https:\/\/www.slow-tourisme-lab.fr\/fr\/icario\/#primaryimage","url":"https:\/\/www.slow-tourisme-lab.fr\/assets\/uploads\/sites\/50\/2024\/02\/logo-icario.png","contentUrl":"https:\/\/www.slow-tourisme-lab.fr\/assets\/uploads\/sites\/50\/2024\/02\/logo-icario.png","width":2048,"height":586},{"@type":"BreadcrumbList","@id":"https:\/\/www.slow-tourisme-lab.fr\/fr\/icario\/#breadcrumb","itemListElement":[{"@type":"ListItem","position":1,"name":"Accueil","item":"https:\/\/www.slow-tourisme-lab.fr\/fr\/"},{"@type":"ListItem","position":2,"name":"Icario"}]},{"@type":"WebSite","@id":"https:\/\/www.slow-tourisme-lab.fr\/fr\/#website","url":"https:\/\/www.slow-tourisme-lab.fr\/fr\/","name":"Slow Tourisme Lab","description":"Un accompagnement pour l'innovation touristique durable","potentialAction":[{"@type":"SearchAction","target":{"@type":"EntryPoint","urlTemplate":"https:\/\/www.slow-tourisme-lab.fr\/fr\/?s={search_term_string}"},"query-input":{"@type":"PropertyValueSpecification","valueRequired":true,"valueName":"search_term_string"}}],"inLanguage":"fr-FR"}]}},"_links":{"self":[{"href":"https:\/\/www.slow-tourisme-lab.fr\/fr\/wp-json\/wp\/v2\/pages\/20269\/"}],"collection":[{"href":"https:\/\/www.slow-tourisme-lab.fr\/fr\/wp-json\/wp\/v2\/pages\/"}],"about":[{"href":"https:\/\/www.slow-tourisme-lab.fr\/fr\/wp-json\/wp\/v2\/types\/page\/"}],"author":[{"embeddable":true,"href":"https:\/\/www.slow-tourisme-lab.fr\/fr\/wp-json\/wp\/v2\/users\/43\/"}],"replies":[{"embeddable":true,"href":"https:\/\/www.slow-tourisme-lab.fr\/fr\/wp-json\/wp\/v2\/comments\/?post=20269"}],"version-history":[{"count":4,"href":"https:\/\/www.slow-tourisme-lab.fr\/fr\/wp-json\/wp\/v2\/pages\/20269\/revisions\/"}],"predecessor-version":[{"id":20351,"href":"https:\/\/www.slow-tourisme-lab.fr\/fr\/wp-json\/wp\/v2\/pages\/20269\/revisions\/20351\/"}],"wp:featuredmedia":[{"embeddable":true,"href":"https:\/\/www.slow-tourisme-lab.fr\/fr\/wp-json\/wp\/v2\/media\/20178\/"}],"wp:attachment":[{"href":"https:\/\/www.slow-tourisme-lab.fr\/fr\/wp-json\/wp\/v2\/media\/?parent=20269"}],"curies":[{"name":"wp","href":"https:\/\/api.w.org\/{rel}","templated":true}]}}