{"id":20260,"date":"2024-03-12T15:04:40","date_gmt":"2024-03-12T14:04:40","guid":{"rendered":"https:\/\/www.slow-tourisme-lab.fr\/?page_id=20260"},"modified":"2024-03-12T15:33:21","modified_gmt":"2024-03-12T14:33:21","slug":"caravelo","status":"publish","type":"page","link":"https:\/\/www.slow-tourisme-lab.fr\/fr\/caravelo\/","title":{"rendered":"Carav\u00e9lo"},"content":{"rendered":"<div class=\"wpb-content-wrapper\"><p>[vc_row css_animation=\u00a0\u00bb\u00a0\u00bb row_type=\u00a0\u00bbrow\u00a0\u00bb use_row_as_full_screen_section=\u00a0\u00bbno\u00a0\u00bb type=\u00a0\u00bbfull_width\u00a0\u00bb angled_section=\u00a0\u00bbno\u00a0\u00bb text_align=\u00a0\u00bbleft\u00a0\u00bb background_image_as_pattern=\u00a0\u00bbwithout_pattern\u00a0\u00bb][vc_column][vc_single_image image=\u00a0\u00bb20180&Prime; img_size=\u00a0\u00bblarge\u00a0\u00bb alignment=\u00a0\u00bbcenter\u00a0\u00bb qode_css_animation=\u00a0\u00bb\u00a0\u00bb][vc_empty_space][vc_column_text]<\/p>\n<h1 class=\"elementor-heading-title elementor-size-default\" style=\"text-align: center\"><span class=\"s4-underline\">Le nouveau camping \u00e0 v\u00e9lo<\/span><\/h1>\n<p style=\"text-align: center\"><strong><em>Votre h\u00e9bergement nomade \u00e0 v\u00e9lo<br \/>\n<\/em><\/strong><\/p>\n<p>[\/vc_column_text][\/vc_column][\/vc_row][vc_row css_animation=\u00a0\u00bb\u00a0\u00bb row_type=\u00a0\u00bbrow\u00a0\u00bb use_row_as_full_screen_section=\u00a0\u00bbno\u00a0\u00bb type=\u00a0\u00bbfull_width\u00a0\u00bb angled_section=\u00a0\u00bbno\u00a0\u00bb text_align=\u00a0\u00bbleft\u00a0\u00bb background_image_as_pattern=\u00a0\u00bbwithout_pattern\u00a0\u00bb][vc_column][vc_empty_space][\/vc_column][\/vc_row][vc_row css_animation=\u00a0\u00bb\u00a0\u00bb row_type=\u00a0\u00bbrow\u00a0\u00bb use_row_as_full_screen_section=\u00a0\u00bbno\u00a0\u00bb type=\u00a0\u00bbfull_width\u00a0\u00bb angled_section=\u00a0\u00bbno\u00a0\u00bb text_align=\u00a0\u00bbleft\u00a0\u00bb background_image_as_pattern=\u00a0\u00bbwithout_pattern\u00a0\u00bb][vc_column][vc_column_text]<\/p>\n<h1>Un concept innovant pour d\u00e9couvrir au plus pr\u00e8s la nature<\/h1>\n<p>&nbsp;<\/p>\n<p>Un concept nomade autonome au plus pr\u00e8s de la nature gr\u00e2ce \u00e0 son poids plume et son confort int\u00e9gr\u00e9. Parfait pour tout type de loisirs, tranquillit\u00e9 et convivialit\u00e9.[\/vc_column_text][vc_empty_space][vc_single_image image=\u00a0\u00bb20263&Prime; img_size=\u00a0\u00bbfull\u00a0\u00bb qode_css_animation=\u00a0\u00bb\u00a0\u00bb][vc_empty_space][vc_column_text]Caravelo repr\u00e9sente une avanc\u00e9e novatrice dans le secteur du tourisme durable afin de <strong>satisfaire les voyageurs \u00e0 la recherche d&rsquo;exp\u00e9riences uniques en pleine nature.<\/strong><\/p>\n<p>Caravelo incarne l&rsquo;essence m\u00eame du voyage \u00e9cologique nomade. Con\u00e7ue comme une <strong>caravane autonome pour v\u00e9los<\/strong>, elle allie <strong>confort<\/strong>, <strong>praticit\u00e9<\/strong> et <strong>respect de l&rsquo;environnement<\/strong>.<\/p>\n<p>\u00c9quip\u00e9e de <strong>panneaux solaires<\/strong> et de <strong>toilettes s\u00e8ches<\/strong>, chaque Caravelo est une invitation \u00e0 l&rsquo;aventure responsable, offrant aux voyageurs la possibilit\u00e9 de d\u00e9couvrir notre belle campagne et sa nature tout en r\u00e9duisant leur empreinte carbone.[\/vc_column_text][\/vc_column][\/vc_row][vc_row css_animation=\u00a0\u00bb\u00a0\u00bb row_type=\u00a0\u00bbrow\u00a0\u00bb use_row_as_full_screen_section=\u00a0\u00bbno\u00a0\u00bb type=\u00a0\u00bbfull_width\u00a0\u00bb angled_section=\u00a0\u00bbno\u00a0\u00bb text_align=\u00a0\u00bbleft\u00a0\u00bb background_image_as_pattern=\u00a0\u00bbwithout_pattern\u00a0\u00bb][vc_column][vc_empty_space][\/vc_column][\/vc_row][vc_row css_animation=\u00a0\u00bb\u00a0\u00bb row_type=\u00a0\u00bbrow\u00a0\u00bb use_row_as_full_screen_section=\u00a0\u00bbno\u00a0\u00bb type=\u00a0\u00bbfull_width\u00a0\u00bb angled_section=\u00a0\u00bbno\u00a0\u00bb text_align=\u00a0\u00bbleft\u00a0\u00bb background_image_as_pattern=\u00a0\u00bbwithout_pattern\u00a0\u00bb][vc_column width=\u00a0\u00bb1\/2&Prime;][vc_column_text]<\/p>\n<h1>Pr\u00e9sentation de Carav\u00e9lo<\/h1>\n<p>&nbsp;<\/p>\n<p><strong>Je suis une petite maison toute en rondeur qui associe un look malicieux \u00e0 concept astucieux :<\/strong><\/p>\n<ul>\n<li>Je p\u00e8se 70kg.<\/li>\n<li>Je suis assez grande pour deux couchages.<\/li>\n<li>Je suis \u00e9quip\u00e9e de panneau solaire ainsi que d\u2019une batterie.<\/li>\n<li>Je poss\u00e8de une petite table.<\/li>\n<li>Et toujours un peu d\u2019espace pour vos objets personnels.<\/li>\n<\/ul>\n<p>[\/vc_column_text][\/vc_column][vc_column width=\u00a0\u00bb1\/2&Prime;][vc_single_image image=\u00a0\u00bb20261&Prime; img_size=\u00a0\u00bbfull\u00a0\u00bb alignment=\u00a0\u00bbcenter\u00a0\u00bb qode_css_animation=\u00a0\u00bb\u00a0\u00bb][vc_empty_space][\/vc_column][\/vc_row][vc_row css_animation=\u00a0\u00bb\u00a0\u00bb row_type=\u00a0\u00bbrow\u00a0\u00bb use_row_as_full_screen_section=\u00a0\u00bbno\u00a0\u00bb type=\u00a0\u00bbfull_width\u00a0\u00bb angled_section=\u00a0\u00bbno\u00a0\u00bb text_align=\u00a0\u00bbleft\u00a0\u00bb background_image_as_pattern=\u00a0\u00bbwithout_pattern\u00a0\u00bb][vc_column][vc_empty_space][vc_column_text]<\/p>\n<h2 style=\"text-align: center\">Les \u00e9l\u00e9ments techniques de la Carav\u00e9lo<\/h2>\n<p>[\/vc_column_text][\/vc_column][\/vc_row][vc_row css_animation=\u00a0\u00bb\u00a0\u00bb row_type=\u00a0\u00bbrow\u00a0\u00bb use_row_as_full_screen_section=\u00a0\u00bbno\u00a0\u00bb type=\u00a0\u00bbfull_width\u00a0\u00bb angled_section=\u00a0\u00bbno\u00a0\u00bb text_align=\u00a0\u00bbleft\u00a0\u00bb background_image_as_pattern=\u00a0\u00bbwithout_pattern\u00a0\u00bb][vc_column width=\u00a0\u00bb1\/2&Prime;][vc_empty_space][vc_column_text]<strong>Caract\u00e9ristiques techniques<\/strong><\/p>\n<ul>\n<li>Longueur 2m<\/li>\n<li>Largeur 1m10<\/li>\n<li>Hauteur 1m50<\/li>\n<li>Nombre de personnes 2 max<\/li>\n<\/ul>\n<p>&nbsp;<\/p>\n<p><strong>Caract\u00e9ristiques de s\u00e9curit\u00e9<\/strong><\/p>\n<ul>\n<li>Feux<\/li>\n<li>R\u00e9flecteur<\/li>\n<li>Clignotant<\/li>\n<li>Syst\u00e8me anti-vol<\/li>\n<\/ul>\n<p>[\/vc_column_text][\/vc_column][vc_column width=\u00a0\u00bb1\/2&Prime;][vc_empty_space][vc_column_text]<strong>Caract\u00e9ristiques de confort<\/strong><\/p>\n<ul>\n<li>Cuisines \u00e9quip\u00e9es<\/li>\n<li>Prise ( pour brancher ourecharger vos appareils)<\/li>\n<li>Assistance \u00e9lectrique<\/li>\n<\/ul>\n<p>&nbsp;<\/p>\n<p><strong>Caract\u00e9ristiques de confort<\/strong><\/p>\n<ul>\n<li>Lit<\/li>\n<li>Espace de rangement<\/li>\n<li>Table<\/li>\n<li>Tablette r\u00e9tractable<\/li>\n<li>Douche<\/li>\n<li>Toilette<\/li>\n<\/ul>\n<p>[\/vc_column_text][\/vc_column][\/vc_row][vc_row css_animation=\u00a0\u00bb\u00a0\u00bb row_type=\u00a0\u00bbrow\u00a0\u00bb use_row_as_full_screen_section=\u00a0\u00bbno\u00a0\u00bb type=\u00a0\u00bbfull_width\u00a0\u00bb angled_section=\u00a0\u00bbno\u00a0\u00bb text_align=\u00a0\u00bbleft\u00a0\u00bb background_image_as_pattern=\u00a0\u00bbwithout_pattern\u00a0\u00bb][vc_column][vc_empty_space][vc_column_text]<\/p>\n<h2>Vous n&rsquo;avez pas de v\u00e9lo \u00e9lectrique, pas de probl\u00e8me nous avons la solution<\/h2>\n<p>&nbsp;<\/p>\n<div class=\"et_pb_row_inner pac_drh_stack_row pac_drh_stack_tab_mob et_pb_row_inner_0\">\n<div class=\"et_pb_column et_pb_column_4_4 et_pb_column_inner et_pb_column_inner_0 et-last-child\">\n<div class=\"et_pb_module et_pb_text et_pb_text_2 et_pb_text_align_left et_pb_text_align_center-tablet et_pb_bg_layout_light\">\n<div class=\"et_pb_text_inner\">\n<p>Carav\u00e9lo propose sur son site la possibilit\u00e9 de <strong>configurer sa carav\u00e9lo<\/strong> et notamment de l\u2019<strong>\u00e9lectrifier<\/strong>. Des roues dot\u00e9es d\u2019un moteur, d\u2019une batterie et de capteurs qui te facilitent la vie pour tes d\u00e9placements.<\/p>\n<\/div>\n<\/div>\n<\/div>\n<\/div>\n<div class=\"et_pb_row_inner pac_drh_phone_col_three pac_drh_tab_col_three et_pb_row_inner_1 et_pb_gutters1 et_pb_row_1-6_1-6_1-6\">\n<div class=\"et_pb_column et_pb_column_1_6 et_pb_column_inner et_pb_column_inner_1\">\n<div class=\"et_pb_module et_pb_number_counter et_pb_number_counter_0 et_pb_text_align_center et_pb_bg_layout_light et_pb_with_title active\" data-number-value=\"250\" data-number-separator=\"\">\n<div class=\"percent\">\n<p>&nbsp;<\/p>\n<\/div>\n<\/div>\n<\/div>\n<\/div>\n<p>[\/vc_column_text][\/vc_column][\/vc_row][vc_row css_animation=\u00a0\u00bb\u00a0\u00bb row_type=\u00a0\u00bbrow\u00a0\u00bb use_row_as_full_screen_section=\u00a0\u00bbno\u00a0\u00bb type=\u00a0\u00bbfull_width\u00a0\u00bb angled_section=\u00a0\u00bbno\u00a0\u00bb text_align=\u00a0\u00bbleft\u00a0\u00bb background_image_as_pattern=\u00a0\u00bbwithout_pattern\u00a0\u00bb][vc_column width=\u00a0\u00bb1\/2&Prime;]<div class=\"ult-team-member-wrap ult-style-1  \"><div class=\"ult-team-member-image\" style=\"\"> <img decoding=\"async\" class=\"ult-team-grayscale\" src=\"\" alt=\"\"  style=\"\"><span class=\"ult-team-member-image-overlay \"  ><\/span><\/div><div class=\"ult-team-member-bio-wrap style-1 ultimate-heading6a05bbee84187\" style=\"text-align:center;; \"><div class=\"ult-team-member-name-wrap\"><h2 class=\"ult-team-member-name ult-responsive\"  data-ultimate-target='.ult-team-member-bio-wrap.ultimate-heading6a05bbee84187 .ult-team-member-name'  data-responsive-json-new='{\"font-size\":\"\",\"line-height\":\"\"}'  style=\"\">Carav\u00e9lo<\/h2><div class=\"ult-team-member-description ult-responsive\"  data-ultimate-target='.ult-team-member-bio-wrap.ultimate-heading6a05bbee84187 .ult-team-member-description'  data-responsive-json-new='{\"font-size\":\"\",\"line-height\":\"\"}'  style=\"\"><p><strong>Jackie Deremetz<\/strong><\/p>\n<p><a href=\"https:\/\/www.cara-velo.fr\/\" target=\"_blank\" rel=\"noopener noreferrer\">www.cara-velo.fr<\/a><\/p>\n<p><strong><a href=\"mailto:bonjour@cara-velo.fr\" target=\"_blank\" rel=\"noopener noreferrer\">bonjour@cara-velo.fr<\/a><\/strong><\/p>\n<p>+33 (0) 7 83 28 34 90<\/p><\/div><div style=\"margin-bottom:15px\"><\/div><div class='ult-social-buttons'><a href='https:\/\/www.linkedin.com\/in\/jackie-deremetz-aaba03296\/' target='_blank' rel='noopener' title='Linkedin' class='ult-team ult-social-icon' style='font-size:40px ; margin-left:5px;margin-right:5px;;'  data-iconcolor='inherit' data-iconhover='inherit' ><i class='Defaults-linkedin-square'><\/i><\/a><a href='https:\/\/www.instagram.com\/caravelo55\/' target='_blank' rel='noopener' title='Instagram' class='ult-team ult-social-icon' style='font-size:40px ; margin-left:5px;margin-right:5px;;'  data-iconcolor='inherit' data-iconhover='inherit' ><i class='Defaults-instagram'><\/i><\/a><a href='https:\/\/www.facebook.com\/CaraveloJackieDeremetz' target='_blank' rel='noopener' title='Facebook' class='ult-team ult-social-icon' style='font-size:40px ; margin-left:5px;margin-right:5px;;'  data-iconcolor='inherit' data-iconhover='inherit' ><i class='Defaults-facebook-square'><\/i><\/a><a href='https:\/\/www.tiktok.com\/@caravelo4' target='_blank' rel='noopener' title='Tiktok' class='ult-team ult-social-icon' style='font-size:40px ; margin-left:5px;margin-right:5px;;'  data-iconcolor='inherit' data-iconhover='inherit' ><i class='Defaults-video-camera'><\/i><\/a><\/div><\/div><\/div><\/div>[\/vc_column][vc_column width=\u00a0\u00bb1\/2&Prime;][vc_empty_space height=\u00a0\u00bb30px\u00a0\u00bb][\/vc_column][\/vc_row]<\/p>\n<\/div>","protected":false},"excerpt":{"rendered":"<p>[vc_row css_animation=\u00a0\u00bb\u00a0\u00bb row_type=\u00a0\u00bbrow\u00a0\u00bb use_row_as_full_screen_section=\u00a0\u00bbno\u00a0\u00bb type=\u00a0\u00bbfull_width\u00a0\u00bb angled_section=\u00a0\u00bbno\u00a0\u00bb text_align=\u00a0\u00bbleft\u00a0\u00bb background_image_as_pattern=\u00a0\u00bbwithout_pattern\u00a0\u00bb][vc_column][vc_single_image image=\u00a0\u00bb20180&Prime; img_size=\u00a0\u00bblarge\u00a0\u00bb alignment=\u00a0\u00bbcenter\u00a0\u00bb qode_css_animation=\u00a0\u00bb\u00a0\u00bb][vc_empty_space][vc_column_text] Le nouveau camping \u00e0 v\u00e9lo Votre h\u00e9bergement nomade \u00e0 v\u00e9lo [\/vc_column_text][\/vc_column][\/vc_row][vc_row css_animation=\u00a0\u00bb\u00a0\u00bb row_type=\u00a0\u00bbrow\u00a0\u00bb use_row_as_full_screen_section=\u00a0\u00bbno\u00a0\u00bb type=\u00a0\u00bbfull_width\u00a0\u00bb angled_section=\u00a0\u00bbno\u00a0\u00bb text_align=\u00a0\u00bbleft\u00a0\u00bb background_image_as_pattern=\u00a0\u00bbwithout_pattern\u00a0\u00bb][vc_column][vc_empty_space][\/vc_column][\/vc_row][vc_row css_animation=\u00a0\u00bb\u00a0\u00bb row_type=\u00a0\u00bbrow\u00a0\u00bb use_row_as_full_screen_section=\u00a0\u00bbno\u00a0\u00bb type=\u00a0\u00bbfull_width\u00a0\u00bb angled_section=\u00a0\u00bbno\u00a0\u00bb text_align=\u00a0\u00bbleft\u00a0\u00bb background_image_as_pattern=\u00a0\u00bbwithout_pattern\u00a0\u00bb][vc_column][vc_column_text] Un concept innovant pour d\u00e9couvrir au plus pr\u00e8s&#8230;<\/p>\n","protected":false},"author":43,"featured_media":20180,"parent":0,"menu_order":0,"comment_status":"closed","ping_status":"closed","template":"","meta":{"footnotes":""},"class_list":["post-20260","page","type-page","status-publish","has-post-thumbnail","hentry"],"yoast_head":"<!-- This site is optimized with the Yoast SEO plugin v26.6 - https:\/\/yoast.com\/wordpress\/plugins\/seo\/ -->\n<title>Carav\u00e9lo - Slow Tourisme Lab<\/title>\n<meta name=\"description\" content=\"La carav\u00e9lo, con\u00e7ue pour faciliter les escapades, offre non seulement un espace de couchage, mais \u00e9galement un panneau solaire pour recharger les batteries du v\u00e9lo \u00e9lectrique, des smartphones, etc. De plus, elle est livr\u00e9e avec un matelas, un r\u00e9chaud, une douche portable et des toilettes portables, elles aussi. Le concept pla\u00eet beaucoup, car chaque ann\u00e9e, de plus en plus de passionn\u00e9s choisissent de d\u00e9couvrir la France ou l\u2019Europe \u00e0 v\u00e9lo. L\u2019av\u00e8nement des v\u00e9los \u00e9lectriques a insuffl\u00e9 un nouvel \u00e9lan \u00e0 cette forme de vacances originale.\" \/>\n<meta name=\"robots\" content=\"index, follow, max-snippet:-1, max-image-preview:large, max-video-preview:-1\" \/>\n<link rel=\"canonical\" href=\"https:\/\/www.slow-tourisme-lab.fr\/fr\/caravelo\/\" \/>\n<meta property=\"og:locale\" content=\"fr_FR\" \/>\n<meta property=\"og:type\" content=\"article\" \/>\n<meta property=\"og:title\" content=\"Carav\u00e9lo - Slow Tourisme Lab\" \/>\n<meta property=\"og:description\" content=\"La carav\u00e9lo, con\u00e7ue pour faciliter les escapades, offre non seulement un espace de couchage, mais \u00e9galement un panneau solaire pour recharger les batteries du v\u00e9lo \u00e9lectrique, des smartphones, etc. De plus, elle est livr\u00e9e avec un matelas, un r\u00e9chaud, une douche portable et des toilettes portables, elles aussi. Le concept pla\u00eet beaucoup, car chaque ann\u00e9e, de plus en plus de passionn\u00e9s choisissent de d\u00e9couvrir la France ou l\u2019Europe \u00e0 v\u00e9lo. L\u2019av\u00e8nement des v\u00e9los \u00e9lectriques a insuffl\u00e9 un nouvel \u00e9lan \u00e0 cette forme de vacances originale.\" \/>\n<meta property=\"og:url\" content=\"https:\/\/www.slow-tourisme-lab.fr\/fr\/caravelo\/\" \/>\n<meta property=\"og:site_name\" content=\"Slow Tourisme Lab\" \/>\n<meta property=\"article:modified_time\" content=\"2024-03-12T14:33:21+00:00\" \/>\n<meta property=\"og:image\" content=\"https:\/\/www.slow-tourisme-lab.fr\/assets\/uploads\/sites\/50\/2024\/02\/logo-caravelo.jpg\" \/>\n\t<meta property=\"og:image:width\" content=\"200\" \/>\n\t<meta property=\"og:image:height\" content=\"200\" \/>\n\t<meta property=\"og:image:type\" content=\"image\/jpeg\" \/>\n<meta name=\"twitter:card\" content=\"summary_large_image\" \/>\n<meta name=\"twitter:label1\" content=\"Dur\u00e9e de lecture estim\u00e9e\" \/>\n\t<meta name=\"twitter:data1\" content=\"5 minutes\" \/>\n<script type=\"application\/ld+json\" class=\"yoast-schema-graph\">{\"@context\":\"https:\/\/schema.org\",\"@graph\":[{\"@type\":\"WebPage\",\"@id\":\"https:\/\/www.slow-tourisme-lab.fr\/fr\/caravelo\/\",\"url\":\"https:\/\/www.slow-tourisme-lab.fr\/fr\/caravelo\/\",\"name\":\"Carav\u00e9lo - Slow Tourisme Lab\",\"isPartOf\":{\"@id\":\"https:\/\/www.slow-tourisme-lab.fr\/fr\/#website\"},\"primaryImageOfPage\":{\"@id\":\"https:\/\/www.slow-tourisme-lab.fr\/fr\/caravelo\/#primaryimage\"},\"image\":{\"@id\":\"https:\/\/www.slow-tourisme-lab.fr\/fr\/caravelo\/#primaryimage\"},\"thumbnailUrl\":\"https:\/\/www.slow-tourisme-lab.fr\/assets\/uploads\/sites\/50\/2024\/02\/logo-caravelo.jpg\",\"datePublished\":\"2024-03-12T14:04:40+00:00\",\"dateModified\":\"2024-03-12T14:33:21+00:00\",\"description\":\"La carav\u00e9lo, con\u00e7ue pour faciliter les escapades, offre non seulement un espace de couchage, mais \u00e9galement un panneau solaire pour recharger les batteries du v\u00e9lo \u00e9lectrique, des smartphones, etc. De plus, elle est livr\u00e9e avec un matelas, un r\u00e9chaud, une douche portable et des toilettes portables, elles aussi. Le concept pla\u00eet beaucoup, car chaque ann\u00e9e, de plus en plus de passionn\u00e9s choisissent de d\u00e9couvrir la France ou l\u2019Europe \u00e0 v\u00e9lo. L\u2019av\u00e8nement des v\u00e9los \u00e9lectriques a insuffl\u00e9 un nouvel \u00e9lan \u00e0 cette forme de vacances originale.\",\"breadcrumb\":{\"@id\":\"https:\/\/www.slow-tourisme-lab.fr\/fr\/caravelo\/#breadcrumb\"},\"inLanguage\":\"fr-FR\",\"potentialAction\":[{\"@type\":\"ReadAction\",\"target\":[\"https:\/\/www.slow-tourisme-lab.fr\/fr\/caravelo\/\"]}]},{\"@type\":\"ImageObject\",\"inLanguage\":\"fr-FR\",\"@id\":\"https:\/\/www.slow-tourisme-lab.fr\/fr\/caravelo\/#primaryimage\",\"url\":\"https:\/\/www.slow-tourisme-lab.fr\/assets\/uploads\/sites\/50\/2024\/02\/logo-caravelo.jpg\",\"contentUrl\":\"https:\/\/www.slow-tourisme-lab.fr\/assets\/uploads\/sites\/50\/2024\/02\/logo-caravelo.jpg\",\"width\":200,\"height\":200},{\"@type\":\"BreadcrumbList\",\"@id\":\"https:\/\/www.slow-tourisme-lab.fr\/fr\/caravelo\/#breadcrumb\",\"itemListElement\":[{\"@type\":\"ListItem\",\"position\":1,\"name\":\"Accueil\",\"item\":\"https:\/\/www.slow-tourisme-lab.fr\/fr\/\"},{\"@type\":\"ListItem\",\"position\":2,\"name\":\"Carav\u00e9lo\"}]},{\"@type\":\"WebSite\",\"@id\":\"https:\/\/www.slow-tourisme-lab.fr\/fr\/#website\",\"url\":\"https:\/\/www.slow-tourisme-lab.fr\/fr\/\",\"name\":\"Slow Tourisme Lab\",\"description\":\"Un accompagnement pour l'innovation touristique durable\",\"potentialAction\":[{\"@type\":\"SearchAction\",\"target\":{\"@type\":\"EntryPoint\",\"urlTemplate\":\"https:\/\/www.slow-tourisme-lab.fr\/fr\/?s={search_term_string}\"},\"query-input\":{\"@type\":\"PropertyValueSpecification\",\"valueRequired\":true,\"valueName\":\"search_term_string\"}}],\"inLanguage\":\"fr-FR\"}]}<\/script>\n<!-- \/ Yoast SEO plugin. -->","yoast_head_json":{"title":"Carav\u00e9lo - Slow Tourisme Lab","description":"La carav\u00e9lo, con\u00e7ue pour faciliter les escapades, offre non seulement un espace de couchage, mais \u00e9galement un panneau solaire pour recharger les batteries du v\u00e9lo \u00e9lectrique, des smartphones, etc. De plus, elle est livr\u00e9e avec un matelas, un r\u00e9chaud, une douche portable et des toilettes portables, elles aussi. Le concept pla\u00eet beaucoup, car chaque ann\u00e9e, de plus en plus de passionn\u00e9s choisissent de d\u00e9couvrir la France ou l\u2019Europe \u00e0 v\u00e9lo. L\u2019av\u00e8nement des v\u00e9los \u00e9lectriques a insuffl\u00e9 un nouvel \u00e9lan \u00e0 cette forme de vacances originale.","robots":{"index":"index","follow":"follow","max-snippet":"max-snippet:-1","max-image-preview":"max-image-preview:large","max-video-preview":"max-video-preview:-1"},"canonical":"https:\/\/www.slow-tourisme-lab.fr\/fr\/caravelo\/","og_locale":"fr_FR","og_type":"article","og_title":"Carav\u00e9lo - Slow Tourisme Lab","og_description":"La carav\u00e9lo, con\u00e7ue pour faciliter les escapades, offre non seulement un espace de couchage, mais \u00e9galement un panneau solaire pour recharger les batteries du v\u00e9lo \u00e9lectrique, des smartphones, etc. De plus, elle est livr\u00e9e avec un matelas, un r\u00e9chaud, une douche portable et des toilettes portables, elles aussi. Le concept pla\u00eet beaucoup, car chaque ann\u00e9e, de plus en plus de passionn\u00e9s choisissent de d\u00e9couvrir la France ou l\u2019Europe \u00e0 v\u00e9lo. L\u2019av\u00e8nement des v\u00e9los \u00e9lectriques a insuffl\u00e9 un nouvel \u00e9lan \u00e0 cette forme de vacances originale.","og_url":"https:\/\/www.slow-tourisme-lab.fr\/fr\/caravelo\/","og_site_name":"Slow Tourisme Lab","article_modified_time":"2024-03-12T14:33:21+00:00","og_image":[{"width":200,"height":200,"url":"https:\/\/www.slow-tourisme-lab.fr\/assets\/uploads\/sites\/50\/2024\/02\/logo-caravelo.jpg","type":"image\/jpeg"}],"twitter_card":"summary_large_image","twitter_misc":{"Dur\u00e9e de lecture estim\u00e9e":"5 minutes"},"schema":{"@context":"https:\/\/schema.org","@graph":[{"@type":"WebPage","@id":"https:\/\/www.slow-tourisme-lab.fr\/fr\/caravelo\/","url":"https:\/\/www.slow-tourisme-lab.fr\/fr\/caravelo\/","name":"Carav\u00e9lo - Slow Tourisme Lab","isPartOf":{"@id":"https:\/\/www.slow-tourisme-lab.fr\/fr\/#website"},"primaryImageOfPage":{"@id":"https:\/\/www.slow-tourisme-lab.fr\/fr\/caravelo\/#primaryimage"},"image":{"@id":"https:\/\/www.slow-tourisme-lab.fr\/fr\/caravelo\/#primaryimage"},"thumbnailUrl":"https:\/\/www.slow-tourisme-lab.fr\/assets\/uploads\/sites\/50\/2024\/02\/logo-caravelo.jpg","datePublished":"2024-03-12T14:04:40+00:00","dateModified":"2024-03-12T14:33:21+00:00","description":"La carav\u00e9lo, con\u00e7ue pour faciliter les escapades, offre non seulement un espace de couchage, mais \u00e9galement un panneau solaire pour recharger les batteries du v\u00e9lo \u00e9lectrique, des smartphones, etc. De plus, elle est livr\u00e9e avec un matelas, un r\u00e9chaud, une douche portable et des toilettes portables, elles aussi. Le concept pla\u00eet beaucoup, car chaque ann\u00e9e, de plus en plus de passionn\u00e9s choisissent de d\u00e9couvrir la France ou l\u2019Europe \u00e0 v\u00e9lo. L\u2019av\u00e8nement des v\u00e9los \u00e9lectriques a insuffl\u00e9 un nouvel \u00e9lan \u00e0 cette forme de vacances originale.","breadcrumb":{"@id":"https:\/\/www.slow-tourisme-lab.fr\/fr\/caravelo\/#breadcrumb"},"inLanguage":"fr-FR","potentialAction":[{"@type":"ReadAction","target":["https:\/\/www.slow-tourisme-lab.fr\/fr\/caravelo\/"]}]},{"@type":"ImageObject","inLanguage":"fr-FR","@id":"https:\/\/www.slow-tourisme-lab.fr\/fr\/caravelo\/#primaryimage","url":"https:\/\/www.slow-tourisme-lab.fr\/assets\/uploads\/sites\/50\/2024\/02\/logo-caravelo.jpg","contentUrl":"https:\/\/www.slow-tourisme-lab.fr\/assets\/uploads\/sites\/50\/2024\/02\/logo-caravelo.jpg","width":200,"height":200},{"@type":"BreadcrumbList","@id":"https:\/\/www.slow-tourisme-lab.fr\/fr\/caravelo\/#breadcrumb","itemListElement":[{"@type":"ListItem","position":1,"name":"Accueil","item":"https:\/\/www.slow-tourisme-lab.fr\/fr\/"},{"@type":"ListItem","position":2,"name":"Carav\u00e9lo"}]},{"@type":"WebSite","@id":"https:\/\/www.slow-tourisme-lab.fr\/fr\/#website","url":"https:\/\/www.slow-tourisme-lab.fr\/fr\/","name":"Slow Tourisme Lab","description":"Un accompagnement pour l'innovation touristique durable","potentialAction":[{"@type":"SearchAction","target":{"@type":"EntryPoint","urlTemplate":"https:\/\/www.slow-tourisme-lab.fr\/fr\/?s={search_term_string}"},"query-input":{"@type":"PropertyValueSpecification","valueRequired":true,"valueName":"search_term_string"}}],"inLanguage":"fr-FR"}]}},"_links":{"self":[{"href":"https:\/\/www.slow-tourisme-lab.fr\/fr\/wp-json\/wp\/v2\/pages\/20260\/"}],"collection":[{"href":"https:\/\/www.slow-tourisme-lab.fr\/fr\/wp-json\/wp\/v2\/pages\/"}],"about":[{"href":"https:\/\/www.slow-tourisme-lab.fr\/fr\/wp-json\/wp\/v2\/types\/page\/"}],"author":[{"embeddable":true,"href":"https:\/\/www.slow-tourisme-lab.fr\/fr\/wp-json\/wp\/v2\/users\/43\/"}],"replies":[{"embeddable":true,"href":"https:\/\/www.slow-tourisme-lab.fr\/fr\/wp-json\/wp\/v2\/comments\/?post=20260"}],"version-history":[{"count":3,"href":"https:\/\/www.slow-tourisme-lab.fr\/fr\/wp-json\/wp\/v2\/pages\/20260\/revisions\/"}],"predecessor-version":[{"id":20268,"href":"https:\/\/www.slow-tourisme-lab.fr\/fr\/wp-json\/wp\/v2\/pages\/20260\/revisions\/20268\/"}],"wp:featuredmedia":[{"embeddable":true,"href":"https:\/\/www.slow-tourisme-lab.fr\/fr\/wp-json\/wp\/v2\/media\/20180\/"}],"wp:attachment":[{"href":"https:\/\/www.slow-tourisme-lab.fr\/fr\/wp-json\/wp\/v2\/media\/?parent=20260"}],"curies":[{"name":"wp","href":"https:\/\/api.w.org\/{rel}","templated":true}]}}