{"id":20247,"date":"2024-03-12T10:44:43","date_gmt":"2024-03-12T09:44:43","guid":{"rendered":"https:\/\/www.slow-tourisme-lab.fr\/?page_id=20247"},"modified":"2024-03-15T18:31:06","modified_gmt":"2024-03-15T17:31:06","slug":"vak-vak","status":"publish","type":"page","link":"https:\/\/www.slow-tourisme-lab.fr\/fr\/vak-vak\/","title":{"rendered":"Vak-Vak"},"content":{"rendered":"<div class=\"wpb-content-wrapper\"><p>[vc_row css_animation=\u00a0\u00bb\u00a0\u00bb row_type=\u00a0\u00bbrow\u00a0\u00bb use_row_as_full_screen_section=\u00a0\u00bbno\u00a0\u00bb type=\u00a0\u00bbfull_width\u00a0\u00bb angled_section=\u00a0\u00bbno\u00a0\u00bb text_align=\u00a0\u00bbleft\u00a0\u00bb background_image_as_pattern=\u00a0\u00bbwithout_pattern\u00a0\u00bb][vc_column][vc_single_image image=\u00a0\u00bb20182&Prime; img_size=\u00a0\u00bblarge\u00a0\u00bb alignment=\u00a0\u00bbcenter\u00a0\u00bb qode_css_animation=\u00a0\u00bb\u00a0\u00bb][vc_empty_space][vc_column_text]<\/p>\n<h1 class=\"elementor-heading-title elementor-size-default\" style=\"text-align: center\">Et si on voyageait\u00a0<span class=\"s4-underline\">autrement ?<\/span><\/h1>\n<p style=\"text-align: center\"><strong><em>Vak-Vak est une plateforme de r\u00e9servation de logement de courte dur\u00e9e avec un nouveau concept d\u2019actualit\u00e9<br \/>\n<\/em><\/strong><\/p>\n<p>[\/vc_column_text][\/vc_column][\/vc_row][vc_row css_animation=\u00a0\u00bb\u00a0\u00bb row_type=\u00a0\u00bbrow\u00a0\u00bb use_row_as_full_screen_section=\u00a0\u00bbno\u00a0\u00bb type=\u00a0\u00bbfull_width\u00a0\u00bb angled_section=\u00a0\u00bbno\u00a0\u00bb text_align=\u00a0\u00bbleft\u00a0\u00bb background_image_as_pattern=\u00a0\u00bbwithout_pattern\u00a0\u00bb][vc_column][vc_empty_space][\/vc_column][\/vc_row][vc_row css_animation=\u00a0\u00bb\u00a0\u00bb row_type=\u00a0\u00bbrow\u00a0\u00bb use_row_as_full_screen_section=\u00a0\u00bbno\u00a0\u00bb type=\u00a0\u00bbfull_width\u00a0\u00bb angled_section=\u00a0\u00bbno\u00a0\u00bb text_align=\u00a0\u00bbleft\u00a0\u00bb background_image_as_pattern=\u00a0\u00bbwithout_pattern\u00a0\u00bb][vc_column][vc_column_text]<\/p>\n<h1>La plateforme Vak-Vak se concentre sur la <strong>promotion de l&rsquo;\u00e9conomie locale<\/strong> et du <strong>tourisme durable<\/strong>.<\/h1>\n<p>&nbsp;<\/p>\n<p>En utilisant notre plateforme, les voyageurs ont la chance de d\u00e9couvrir leur destination de vacances en <strong>se plongeant totalement dans l&rsquo;exp\u00e9rience locale<\/strong>. Nous leur fournissons toutes les informations n\u00e9cessaires sur les acteurs locaux qui contribuent \u00e0 la richesse de nos r\u00e9gions.<\/p>\n<p>Notre objectif est de permettre aux voyageurs de vivre une exp\u00e9rience authentique tout en r\u00e9alisant des \u00e9conomies significatives.[\/vc_column_text][vc_empty_space][vc_single_image image=\u00a0\u00bb20252&Prime; img_size=\u00a0\u00bbfull\u00a0\u00bb qode_css_animation=\u00a0\u00bb\u00a0\u00bb][\/vc_column][\/vc_row][vc_row css_animation=\u00a0\u00bb\u00a0\u00bb row_type=\u00a0\u00bbrow\u00a0\u00bb use_row_as_full_screen_section=\u00a0\u00bbno\u00a0\u00bb type=\u00a0\u00bbfull_width\u00a0\u00bb angled_section=\u00a0\u00bbno\u00a0\u00bb text_align=\u00a0\u00bbleft\u00a0\u00bb background_image_as_pattern=\u00a0\u00bbwithout_pattern\u00a0\u00bb][vc_column][vc_empty_space][\/vc_column][\/vc_row][vc_row css_animation=\u00a0\u00bb\u00a0\u00bb row_type=\u00a0\u00bbrow\u00a0\u00bb use_row_as_full_screen_section=\u00a0\u00bbno\u00a0\u00bb type=\u00a0\u00bbfull_width\u00a0\u00bb angled_section=\u00a0\u00bbno\u00a0\u00bb text_align=\u00a0\u00bbleft\u00a0\u00bb background_image_as_pattern=\u00a0\u00bbwithout_pattern\u00a0\u00bb][vc_column width=\u00a0\u00bb3\/4&Prime;][vc_column_text]<\/p>\n<h1>Le label Esprit de R\u00e9gion<\/h1>\n<p>&nbsp;<\/p>\n<p><strong>Pour Vak-Vak les partenariats locaux sont cruciaux<\/strong> car ils offrent des exp\u00e9riences uniques aux voyageurs. C&rsquo;est pourquoi nous avons introduit le <strong>label Esprit de R\u00e9gion<\/strong>, visant \u00e0 promouvoir l&rsquo;<strong>excellence des commerces fran\u00e7ais et leur qualit\u00e9<\/strong>. En adh\u00e9rant \u00e0 ce label, <strong>les artisans<\/strong>, <strong>producteurs<\/strong>, <strong>restaurateurs<\/strong> et <strong>autres commer\u00e7ants locaux<\/strong> ont l&rsquo;opportunit\u00e9 d&rsquo;accro\u00eetre leur visibilit\u00e9 et leur croissance en ligne, tout en fid\u00e9lisant leur client\u00e8le existante et en attirant de nouveaux clients. En retour, ils offriront aux voyageurs Vak-Vak des avantages exclusifs, car nous croyons que les voyageurs devraient \u00e9galement en b\u00e9n\u00e9ficier.<\/p>\n<p>Mais ce n&rsquo;est pas tout. En effet, <strong>Vak-Vak s&rsquo;engage \u00e0 ouvrir la plateforme aux habitants locaux<\/strong> d\u00e8s qu&rsquo;un territoire compte <strong>100 partenaires<\/strong>. Dans ce cas, la plateforme devient un canal de mise en relation pour les acteurs locaux, permettant \u00e0 tous de profiter de cette dynamique.[\/vc_column_text][\/vc_column][vc_column width=\u00a0\u00bb1\/4&Prime;][vc_single_image image=\u00a0\u00bb20250&Prime; img_size=\u00a0\u00bbfull\u00a0\u00bb qode_css_animation=\u00a0\u00bb\u00a0\u00bb][vc_empty_space][\/vc_column][\/vc_row][vc_row css_animation=\u00a0\u00bb\u00a0\u00bb row_type=\u00a0\u00bbrow\u00a0\u00bb use_row_as_full_screen_section=\u00a0\u00bbno\u00a0\u00bb type=\u00a0\u00bbfull_width\u00a0\u00bb angled_section=\u00a0\u00bbno\u00a0\u00bb text_align=\u00a0\u00bbleft\u00a0\u00bb background_image_as_pattern=\u00a0\u00bbwithout_pattern\u00a0\u00bb][vc_column][vc_empty_space][\/vc_column][\/vc_row][vc_row css_animation=\u00a0\u00bb\u00a0\u00bb row_type=\u00a0\u00bbrow\u00a0\u00bb use_row_as_full_screen_section=\u00a0\u00bbno\u00a0\u00bb type=\u00a0\u00bbfull_width\u00a0\u00bb angled_section=\u00a0\u00bbno\u00a0\u00bb text_align=\u00a0\u00bbleft\u00a0\u00bb background_image_as_pattern=\u00a0\u00bbwithout_pattern\u00a0\u00bb][vc_column width=\u00a0\u00bb1\/2&Prime;][vc_gallery type=\u00a0\u00bbnivo\u00a0\u00bb interval=\u00a0\u00bb0&Prime; images=\u00a0\u00bb20306,20308,20310,20312,20314,20316,20318,20320,20322,20324,20326,20328,20330,20332,20334,20336,20338,20340,20343,20345,20347,20349,20352,20354&Prime; img_size=\u00a0\u00bbfull\u00a0\u00bb onclick=\u00a0\u00bb\u00a0\u00bb css_animation=\u00a0\u00bbfadeInRight\u00a0\u00bb title=\u00a0\u00bbPr\u00e9sentation de Vak-Vak\u00a0\u00bb][vc_empty_space][\/vc_column][vc_column width=\u00a0\u00bb1\/2&Prime;][vc_column_text]<\/p>\n<h1><span style=\"font-weight: 400\">Vak-Vak la plateforme des concierges !<\/span><\/h1>\n<p>&nbsp;<\/p>\n<p>De l&rsquo;autre c\u00f4t\u00e9 de Vak-Vak se trouvent <strong>les propri\u00e9taires et les conciergeries<\/strong> qui proposent leurs logements sur notre plateforme, et cela comporte de nombreux avantages ! En tant que propri\u00e9taire ou concierge sur Vak-Vak, vous <strong>r\u00e9alisez des \u00e9conomies<\/strong> et\u00a0 <strong>b\u00e9n\u00e9ficirez de r\u00e9ductions<\/strong> aupr\u00e8s de nos partenaires professionnels pour rendre la gestion de votre logement aussi agr\u00e9able que possible.[\/vc_column_text][\/vc_column][\/vc_row][vc_row css_animation=\u00a0\u00bb\u00a0\u00bb row_type=\u00a0\u00bbrow\u00a0\u00bb use_row_as_full_screen_section=\u00a0\u00bbno\u00a0\u00bb type=\u00a0\u00bbfull_width\u00a0\u00bb angled_section=\u00a0\u00bbno\u00a0\u00bb text_align=\u00a0\u00bbleft\u00a0\u00bb background_image_as_pattern=\u00a0\u00bbwithout_pattern\u00a0\u00bb][vc_column][vc_empty_space height=\u00a0\u00bb100px\u00a0\u00bb][vc_column_text]<\/p>\n<h2 style=\"text-align: center\"><strong>La promesse Vak-Vak pour les concierges<\/strong><\/h2>\n<div class=\"DF_utQ _0xkaeQ\">\n<div class=\"Zp7NQw\">\n<div class=\"a26Xuw\">\n<div class=\"PcHy7w\">\n<div class=\"uk_25A Ty61NA\">\n<div class=\"Izwocg\"><\/div>\n<\/div>\n<\/div>\n<\/div>\n<\/div>\n<\/div>\n<div class=\"DF_utQ _0xkaeQ\">\n<div class=\"aF9o6Q _0yZ6Qg\">\n<div class=\"AdBbhQ hGbcYA\" lang=\"fr-FR\">\n<p class=\"cgHgbA nxe3IQ Xp24Nw PanoWQ\" style=\"text-align: center\"><span class=\"OYPEnA\">Prenez vos marges sur la totalit\u00e9 des s\u00e9jours !<\/span><\/p>\n<\/div>\n<\/div>\n<\/div>\n<div class=\"DF_utQ _0xkaeQ\">\n<div class=\"aF9o6Q _0yZ6Qg\">\n<div class=\"AdBbhQ hGbcYA\" lang=\"fr-FR\">\n<p class=\"cgHgbA nxe3IQ Xp24Nw PanoWQ\" style=\"text-align: center\"><span class=\"OYPEnA\"><strong>Marger<\/strong><\/span> <span class=\"OYPEnA\"><strong>\u00e0 100% sur les s\u00e9jours de vos voyageurs<\/strong> et <strong>offrez \u00e0 vos clients une merveilleuse opportunit\u00e9 de gonfler leur rentabilit\u00e9<\/strong> !<\/span><\/p>\n<\/div>\n<\/div>\n<\/div>\n<p>[\/vc_column_text][vc_empty_space height=\u00a0\u00bb100px\u00a0\u00bb][vc_single_image image=\u00a0\u00bb20256&Prime; img_size=\u00a0\u00bbfull\u00a0\u00bb qode_css_animation=\u00a0\u00bb\u00a0\u00bb][\/vc_column][\/vc_row][vc_row css_animation=\u00a0\u00bb\u00a0\u00bb row_type=\u00a0\u00bbrow\u00a0\u00bb use_row_as_full_screen_section=\u00a0\u00bbno\u00a0\u00bb type=\u00a0\u00bbfull_width\u00a0\u00bb angled_section=\u00a0\u00bbno\u00a0\u00bb text_align=\u00a0\u00bbleft\u00a0\u00bb background_image_as_pattern=\u00a0\u00bbwithout_pattern\u00a0\u00bb][vc_column width=\u00a0\u00bb1\/2&Prime;]<div class=\"ult-team-member-wrap ult-style-1  \"><div class=\"ult-team-member-image\" style=\"\"> <img decoding=\"async\" class=\"ult-team-grayscale\" src=\"\" alt=\"\"  style=\"\"><span class=\"ult-team-member-image-overlay \"  ><\/span><\/div><div class=\"ult-team-member-bio-wrap style-1 ultimate-heading69d63d9791771\" style=\"text-align:center;; \"><div class=\"ult-team-member-name-wrap\"><h2 class=\"ult-team-member-name ult-responsive\"  data-ultimate-target='.ult-team-member-bio-wrap.ultimate-heading69d63d9791771 .ult-team-member-name'  data-responsive-json-new='{\"font-size\":\"\",\"line-height\":\"\"}'  style=\"\">Vak-Vak<\/h2><div class=\"ult-team-member-description ult-responsive\"  data-ultimate-target='.ult-team-member-bio-wrap.ultimate-heading69d63d9791771 .ult-team-member-description'  data-responsive-json-new='{\"font-size\":\"\",\"line-height\":\"\"}'  style=\"\"><p><strong>Martin Kraemer<\/strong><\/p>\n<p><a href=\"https:\/\/vak-vak.fr\/\" target=\"_blank\" rel=\"noopener noreferrer\">vak-vak.fr<\/a><\/p>\n<p><strong><a href=\"mailto:contact@vak-vak.fr\" target=\"_blank\" rel=\"noopener noreferrer\">contact@vak-vak.fr<\/a><br \/>\n<\/strong><\/p>\n<p>+33 (0) 3 74 47 27 47<\/p><\/div><div style=\"margin-bottom:15px\"><\/div><div class='ult-social-buttons'><a href='https:\/\/www.linkedin.com\/company\/vak-vak' target='_blank' rel='noopener' title='Linkedin' class='ult-team ult-social-icon' style='font-size:40px ; margin-left:5px;margin-right:5px;;'  data-iconcolor='inherit' data-iconhover='inherit' ><i class='Defaults-linkedin-square'><\/i><\/a><a href='https:\/\/www.instagram.com\/vakvak.travel\/' target='_blank' rel='noopener' title='Instagram' class='ult-team ult-social-icon' style='font-size:40px ; margin-left:5px;margin-right:5px;;'  data-iconcolor='inherit' data-iconhover='inherit' ><i class='Defaults-instagram'><\/i><\/a><a href='https:\/\/www.facebook.com\/profile.php?id=100092328935636' target='_blank' rel='noopener' title='Facebook' class='ult-team ult-social-icon' style='font-size:40px ; margin-left:5px;margin-right:5px;;'  data-iconcolor='inherit' data-iconhover='inherit' ><i class='Defaults-facebook-square'><\/i><\/a><\/div><\/div><\/div><\/div>[\/vc_column][vc_column width=\u00a0\u00bb1\/2&Prime;][vc_empty_space][vc_single_image image=\u00a0\u00bb20254&Prime; img_size=\u00a0\u00bbmedium\u00a0\u00bb alignment=\u00a0\u00bbcenter\u00a0\u00bb qode_css_animation=\u00a0\u00bb\u00a0\u00bb][\/vc_column][\/vc_row]<\/p>\n<\/div>","protected":false},"excerpt":{"rendered":"<p>[vc_row css_animation=\u00a0\u00bb\u00a0\u00bb row_type=\u00a0\u00bbrow\u00a0\u00bb use_row_as_full_screen_section=\u00a0\u00bbno\u00a0\u00bb type=\u00a0\u00bbfull_width\u00a0\u00bb angled_section=\u00a0\u00bbno\u00a0\u00bb text_align=\u00a0\u00bbleft\u00a0\u00bb background_image_as_pattern=\u00a0\u00bbwithout_pattern\u00a0\u00bb][vc_column][vc_single_image image=\u00a0\u00bb20182&Prime; img_size=\u00a0\u00bblarge\u00a0\u00bb alignment=\u00a0\u00bbcenter\u00a0\u00bb qode_css_animation=\u00a0\u00bb\u00a0\u00bb][vc_empty_space][vc_column_text] Et si on voyageait\u00a0autrement ? Vak-Vak est une plateforme de r\u00e9servation de logement de courte dur\u00e9e avec un nouveau concept d\u2019actualit\u00e9 [\/vc_column_text][\/vc_column][\/vc_row][vc_row css_animation=\u00a0\u00bb\u00a0\u00bb row_type=\u00a0\u00bbrow\u00a0\u00bb use_row_as_full_screen_section=\u00a0\u00bbno\u00a0\u00bb type=\u00a0\u00bbfull_width\u00a0\u00bb angled_section=\u00a0\u00bbno\u00a0\u00bb text_align=\u00a0\u00bbleft\u00a0\u00bb background_image_as_pattern=\u00a0\u00bbwithout_pattern\u00a0\u00bb][vc_column][vc_empty_space][\/vc_column][\/vc_row][vc_row css_animation=\u00a0\u00bb\u00a0\u00bb row_type=\u00a0\u00bbrow\u00a0\u00bb use_row_as_full_screen_section=\u00a0\u00bbno\u00a0\u00bb type=\u00a0\u00bbfull_width\u00a0\u00bb&#8230;<\/p>\n","protected":false},"author":43,"featured_media":20182,"parent":0,"menu_order":0,"comment_status":"closed","ping_status":"closed","template":"","meta":{"footnotes":""},"class_list":["post-20247","page","type-page","status-publish","has-post-thumbnail","hentry"],"yoast_head":"<!-- This site is optimized with the Yoast SEO plugin v26.6 - https:\/\/yoast.com\/wordpress\/plugins\/seo\/ -->\n<title>Vak-Vak - Slow Tourisme Lab<\/title>\n<meta name=\"description\" content=\"Et si on voyageait autrement ? R\u00e9servez votre h\u00e9bergement et b\u00e9n\u00e9ficiez de promotions chez nos bons-plans partenaires ! Soutenez l&#039;\u00e9conomie locale et les petits commer\u00e7ants avec nos h\u00e9bergements et bons-plans.\" \/>\n<meta name=\"robots\" content=\"index, follow, max-snippet:-1, max-image-preview:large, max-video-preview:-1\" \/>\n<link rel=\"canonical\" href=\"https:\/\/www.slow-tourisme-lab.fr\/fr\/vak-vak\/\" \/>\n<meta property=\"og:locale\" content=\"fr_FR\" \/>\n<meta property=\"og:type\" content=\"article\" \/>\n<meta property=\"og:title\" content=\"Vak-Vak - Slow Tourisme Lab\" \/>\n<meta property=\"og:description\" content=\"Et si on voyageait autrement ? R\u00e9servez votre h\u00e9bergement et b\u00e9n\u00e9ficiez de promotions chez nos bons-plans partenaires ! Soutenez l&#039;\u00e9conomie locale et les petits commer\u00e7ants avec nos h\u00e9bergements et bons-plans.\" \/>\n<meta property=\"og:url\" content=\"https:\/\/www.slow-tourisme-lab.fr\/fr\/vak-vak\/\" \/>\n<meta property=\"og:site_name\" content=\"Slow Tourisme Lab\" \/>\n<meta property=\"article:modified_time\" content=\"2024-03-15T17:31:06+00:00\" \/>\n<meta property=\"og:image\" content=\"https:\/\/www.slow-tourisme-lab.fr\/assets\/uploads\/sites\/50\/2024\/02\/Logo-Vakvak.png\" \/>\n\t<meta property=\"og:image:width\" content=\"200\" \/>\n\t<meta property=\"og:image:height\" content=\"200\" \/>\n\t<meta property=\"og:image:type\" content=\"image\/png\" \/>\n<meta name=\"twitter:card\" content=\"summary_large_image\" \/>\n<meta name=\"twitter:label1\" content=\"Dur\u00e9e de lecture estim\u00e9e\" \/>\n\t<meta name=\"twitter:data1\" content=\"5 minutes\" \/>\n<script type=\"application\/ld+json\" class=\"yoast-schema-graph\">{\"@context\":\"https:\/\/schema.org\",\"@graph\":[{\"@type\":\"WebPage\",\"@id\":\"https:\/\/www.slow-tourisme-lab.fr\/fr\/vak-vak\/\",\"url\":\"https:\/\/www.slow-tourisme-lab.fr\/fr\/vak-vak\/\",\"name\":\"Vak-Vak - Slow Tourisme Lab\",\"isPartOf\":{\"@id\":\"https:\/\/www.slow-tourisme-lab.fr\/fr\/#website\"},\"primaryImageOfPage\":{\"@id\":\"https:\/\/www.slow-tourisme-lab.fr\/fr\/vak-vak\/#primaryimage\"},\"image\":{\"@id\":\"https:\/\/www.slow-tourisme-lab.fr\/fr\/vak-vak\/#primaryimage\"},\"thumbnailUrl\":\"https:\/\/www.slow-tourisme-lab.fr\/assets\/uploads\/sites\/50\/2024\/02\/Logo-Vakvak.png\",\"datePublished\":\"2024-03-12T09:44:43+00:00\",\"dateModified\":\"2024-03-15T17:31:06+00:00\",\"description\":\"Et si on voyageait autrement ? R\u00e9servez votre h\u00e9bergement et b\u00e9n\u00e9ficiez de promotions chez nos bons-plans partenaires ! Soutenez l'\u00e9conomie locale et les petits commer\u00e7ants avec nos h\u00e9bergements et bons-plans.\",\"breadcrumb\":{\"@id\":\"https:\/\/www.slow-tourisme-lab.fr\/fr\/vak-vak\/#breadcrumb\"},\"inLanguage\":\"fr-FR\",\"potentialAction\":[{\"@type\":\"ReadAction\",\"target\":[\"https:\/\/www.slow-tourisme-lab.fr\/fr\/vak-vak\/\"]}]},{\"@type\":\"ImageObject\",\"inLanguage\":\"fr-FR\",\"@id\":\"https:\/\/www.slow-tourisme-lab.fr\/fr\/vak-vak\/#primaryimage\",\"url\":\"https:\/\/www.slow-tourisme-lab.fr\/assets\/uploads\/sites\/50\/2024\/02\/Logo-Vakvak.png\",\"contentUrl\":\"https:\/\/www.slow-tourisme-lab.fr\/assets\/uploads\/sites\/50\/2024\/02\/Logo-Vakvak.png\",\"width\":200,\"height\":200},{\"@type\":\"BreadcrumbList\",\"@id\":\"https:\/\/www.slow-tourisme-lab.fr\/fr\/vak-vak\/#breadcrumb\",\"itemListElement\":[{\"@type\":\"ListItem\",\"position\":1,\"name\":\"Accueil\",\"item\":\"https:\/\/www.slow-tourisme-lab.fr\/fr\/\"},{\"@type\":\"ListItem\",\"position\":2,\"name\":\"Vak-Vak\"}]},{\"@type\":\"WebSite\",\"@id\":\"https:\/\/www.slow-tourisme-lab.fr\/fr\/#website\",\"url\":\"https:\/\/www.slow-tourisme-lab.fr\/fr\/\",\"name\":\"Slow Tourisme Lab\",\"description\":\"Un accompagnement pour l'innovation touristique durable\",\"potentialAction\":[{\"@type\":\"SearchAction\",\"target\":{\"@type\":\"EntryPoint\",\"urlTemplate\":\"https:\/\/www.slow-tourisme-lab.fr\/fr\/?s={search_term_string}\"},\"query-input\":{\"@type\":\"PropertyValueSpecification\",\"valueRequired\":true,\"valueName\":\"search_term_string\"}}],\"inLanguage\":\"fr-FR\"}]}<\/script>\n<!-- \/ Yoast SEO plugin. -->","yoast_head_json":{"title":"Vak-Vak - Slow Tourisme Lab","description":"Et si on voyageait autrement ? R\u00e9servez votre h\u00e9bergement et b\u00e9n\u00e9ficiez de promotions chez nos bons-plans partenaires ! Soutenez l'\u00e9conomie locale et les petits commer\u00e7ants avec nos h\u00e9bergements et bons-plans.","robots":{"index":"index","follow":"follow","max-snippet":"max-snippet:-1","max-image-preview":"max-image-preview:large","max-video-preview":"max-video-preview:-1"},"canonical":"https:\/\/www.slow-tourisme-lab.fr\/fr\/vak-vak\/","og_locale":"fr_FR","og_type":"article","og_title":"Vak-Vak - Slow Tourisme Lab","og_description":"Et si on voyageait autrement ? R\u00e9servez votre h\u00e9bergement et b\u00e9n\u00e9ficiez de promotions chez nos bons-plans partenaires ! Soutenez l'\u00e9conomie locale et les petits commer\u00e7ants avec nos h\u00e9bergements et bons-plans.","og_url":"https:\/\/www.slow-tourisme-lab.fr\/fr\/vak-vak\/","og_site_name":"Slow Tourisme Lab","article_modified_time":"2024-03-15T17:31:06+00:00","og_image":[{"width":200,"height":200,"url":"https:\/\/www.slow-tourisme-lab.fr\/assets\/uploads\/sites\/50\/2024\/02\/Logo-Vakvak.png","type":"image\/png"}],"twitter_card":"summary_large_image","twitter_misc":{"Dur\u00e9e de lecture estim\u00e9e":"5 minutes"},"schema":{"@context":"https:\/\/schema.org","@graph":[{"@type":"WebPage","@id":"https:\/\/www.slow-tourisme-lab.fr\/fr\/vak-vak\/","url":"https:\/\/www.slow-tourisme-lab.fr\/fr\/vak-vak\/","name":"Vak-Vak - Slow Tourisme Lab","isPartOf":{"@id":"https:\/\/www.slow-tourisme-lab.fr\/fr\/#website"},"primaryImageOfPage":{"@id":"https:\/\/www.slow-tourisme-lab.fr\/fr\/vak-vak\/#primaryimage"},"image":{"@id":"https:\/\/www.slow-tourisme-lab.fr\/fr\/vak-vak\/#primaryimage"},"thumbnailUrl":"https:\/\/www.slow-tourisme-lab.fr\/assets\/uploads\/sites\/50\/2024\/02\/Logo-Vakvak.png","datePublished":"2024-03-12T09:44:43+00:00","dateModified":"2024-03-15T17:31:06+00:00","description":"Et si on voyageait autrement ? R\u00e9servez votre h\u00e9bergement et b\u00e9n\u00e9ficiez de promotions chez nos bons-plans partenaires ! Soutenez l'\u00e9conomie locale et les petits commer\u00e7ants avec nos h\u00e9bergements et bons-plans.","breadcrumb":{"@id":"https:\/\/www.slow-tourisme-lab.fr\/fr\/vak-vak\/#breadcrumb"},"inLanguage":"fr-FR","potentialAction":[{"@type":"ReadAction","target":["https:\/\/www.slow-tourisme-lab.fr\/fr\/vak-vak\/"]}]},{"@type":"ImageObject","inLanguage":"fr-FR","@id":"https:\/\/www.slow-tourisme-lab.fr\/fr\/vak-vak\/#primaryimage","url":"https:\/\/www.slow-tourisme-lab.fr\/assets\/uploads\/sites\/50\/2024\/02\/Logo-Vakvak.png","contentUrl":"https:\/\/www.slow-tourisme-lab.fr\/assets\/uploads\/sites\/50\/2024\/02\/Logo-Vakvak.png","width":200,"height":200},{"@type":"BreadcrumbList","@id":"https:\/\/www.slow-tourisme-lab.fr\/fr\/vak-vak\/#breadcrumb","itemListElement":[{"@type":"ListItem","position":1,"name":"Accueil","item":"https:\/\/www.slow-tourisme-lab.fr\/fr\/"},{"@type":"ListItem","position":2,"name":"Vak-Vak"}]},{"@type":"WebSite","@id":"https:\/\/www.slow-tourisme-lab.fr\/fr\/#website","url":"https:\/\/www.slow-tourisme-lab.fr\/fr\/","name":"Slow Tourisme Lab","description":"Un accompagnement pour l'innovation touristique durable","potentialAction":[{"@type":"SearchAction","target":{"@type":"EntryPoint","urlTemplate":"https:\/\/www.slow-tourisme-lab.fr\/fr\/?s={search_term_string}"},"query-input":{"@type":"PropertyValueSpecification","valueRequired":true,"valueName":"search_term_string"}}],"inLanguage":"fr-FR"}]}},"_links":{"self":[{"href":"https:\/\/www.slow-tourisme-lab.fr\/fr\/wp-json\/wp\/v2\/pages\/20247\/"}],"collection":[{"href":"https:\/\/www.slow-tourisme-lab.fr\/fr\/wp-json\/wp\/v2\/pages\/"}],"about":[{"href":"https:\/\/www.slow-tourisme-lab.fr\/fr\/wp-json\/wp\/v2\/types\/page\/"}],"author":[{"embeddable":true,"href":"https:\/\/www.slow-tourisme-lab.fr\/fr\/wp-json\/wp\/v2\/users\/43\/"}],"replies":[{"embeddable":true,"href":"https:\/\/www.slow-tourisme-lab.fr\/fr\/wp-json\/wp\/v2\/comments\/?post=20247"}],"version-history":[{"count":5,"href":"https:\/\/www.slow-tourisme-lab.fr\/fr\/wp-json\/wp\/v2\/pages\/20247\/revisions\/"}],"predecessor-version":[{"id":20361,"href":"https:\/\/www.slow-tourisme-lab.fr\/fr\/wp-json\/wp\/v2\/pages\/20247\/revisions\/20361\/"}],"wp:featuredmedia":[{"embeddable":true,"href":"https:\/\/www.slow-tourisme-lab.fr\/fr\/wp-json\/wp\/v2\/media\/20182\/"}],"wp:attachment":[{"href":"https:\/\/www.slow-tourisme-lab.fr\/fr\/wp-json\/wp\/v2\/media\/?parent=20247"}],"curies":[{"name":"wp","href":"https:\/\/api.w.org\/{rel}","templated":true}]}}