{"id":20230,"date":"2024-03-12T09:51:58","date_gmt":"2024-03-12T08:51:58","guid":{"rendered":"https:\/\/www.slow-tourisme-lab.fr\/?page_id=20230"},"modified":"2024-03-12T10:12:45","modified_gmt":"2024-03-12T09:12:45","slug":"viziday","status":"publish","type":"page","link":"https:\/\/www.slow-tourisme-lab.fr\/fr\/viziday\/","title":{"rendered":"Viziday"},"content":{"rendered":"<div class=\"wpb-content-wrapper\"><p>[vc_row css_animation=\u00a0\u00bb\u00a0\u00bb row_type=\u00a0\u00bbrow\u00a0\u00bb use_row_as_full_screen_section=\u00a0\u00bbno\u00a0\u00bb type=\u00a0\u00bbfull_width\u00a0\u00bb angled_section=\u00a0\u00bbno\u00a0\u00bb text_align=\u00a0\u00bbleft\u00a0\u00bb background_image_as_pattern=\u00a0\u00bbwithout_pattern\u00a0\u00bb][vc_column][vc_single_image image=\u00a0\u00bb20176&Prime; img_size=\u00a0\u00bblarge\u00a0\u00bb alignment=\u00a0\u00bbcenter\u00a0\u00bb qode_css_animation=\u00a0\u00bb\u00a0\u00bb][vc_empty_space][vc_column_text]<\/p>\n<h2 style=\"text-align: center\"><\/h2>\n<p style=\"text-align: center\"><strong><em>Viziday, la 1\u00e8re application \u201etout-en-un\u201c en marque blanche,<br \/>\nvalorise et r\u00e9v\u00e8le les engagements des h\u00e9bergeurs responsables.<br \/>\n<\/em><\/strong><\/p>\n<p>[\/vc_column_text][\/vc_column][\/vc_row][vc_row css_animation=\u00a0\u00bb\u00a0\u00bb row_type=\u00a0\u00bbrow\u00a0\u00bb use_row_as_full_screen_section=\u00a0\u00bbno\u00a0\u00bb type=\u00a0\u00bbfull_width\u00a0\u00bb angled_section=\u00a0\u00bbno\u00a0\u00bb text_align=\u00a0\u00bbleft\u00a0\u00bb background_image_as_pattern=\u00a0\u00bbwithout_pattern\u00a0\u00bb][vc_column][vc_empty_space][\/vc_column][\/vc_row][vc_row css_animation=\u00a0\u00bb\u00a0\u00bb row_type=\u00a0\u00bbrow\u00a0\u00bb use_row_as_full_screen_section=\u00a0\u00bbno\u00a0\u00bb type=\u00a0\u00bbfull_width\u00a0\u00bb angled_section=\u00a0\u00bbno\u00a0\u00bb text_align=\u00a0\u00bbleft\u00a0\u00bb background_image_as_pattern=\u00a0\u00bbwithout_pattern\u00a0\u00bb][vc_column width=\u00a0\u00bb1\/4&Prime;][vc_single_image image=\u00a0\u00bb20231&Prime; img_size=\u00a0\u00bbfull\u00a0\u00bb qode_css_animation=\u00a0\u00bb\u00a0\u00bb][vc_empty_space][\/vc_column][vc_column width=\u00a0\u00bb3\/4&Prime;][vc_column_text]<\/p>\n<h1><span style=\"font-weight: 400\">\u201e Facilitez l\u2019acc\u00e8s \u00e0 vos offres, engagez vos clients directement depuis votre application ! \u201c<\/span><\/h1>\n<p>Bas\u00e9 sur le principe d\u2019une<strong> conciergerie digitale<\/strong>, chaque interaction du client est transform\u00e9e en points d\u2019engagement int\u00e9grant <strong>jusqu\u2019\u00e0 35% des crit\u00e8res des labels responsables<\/strong> reconnus.<\/p>\n<p>Le cumul des points profite tant \u00e0 votre client\u00e8le sous forme de<strong> r\u00e9compenses<\/strong>, qu\u2019\u00e0 l\u2019\u00e9tablissement pour <strong>la mesure de son attractivit\u00e9.<\/strong><\/p>\n<p>En amont du s\u00e9jour,<strong> le lien avec la client\u00e8le<\/strong> de plus en plus digitalis\u00e9e est \u00e9tabli, relayant facilement<strong> les solutions de mobilit\u00e9<\/strong> disponibles jusqu\u2019\u00e0 destination, et sur place.[\/vc_column_text][\/vc_column][\/vc_row][vc_row css_animation=\u00a0\u00bb\u00a0\u00bb row_type=\u00a0\u00bbrow\u00a0\u00bb use_row_as_full_screen_section=\u00a0\u00bbno\u00a0\u00bb type=\u00a0\u00bbfull_width\u00a0\u00bb angled_section=\u00a0\u00bbno\u00a0\u00bb text_align=\u00a0\u00bbleft\u00a0\u00bb background_image_as_pattern=\u00a0\u00bbwithout_pattern\u00a0\u00bb][vc_column][vc_empty_space][\/vc_column][\/vc_row][vc_row css_animation=\u00a0\u00bb\u00a0\u00bb row_type=\u00a0\u00bbrow\u00a0\u00bb use_row_as_full_screen_section=\u00a0\u00bbno\u00a0\u00bb type=\u00a0\u00bbfull_width\u00a0\u00bb angled_section=\u00a0\u00bbno\u00a0\u00bb text_align=\u00a0\u00bbleft\u00a0\u00bb background_image_as_pattern=\u00a0\u00bbwithout_pattern\u00a0\u00bb][vc_column width=\u00a0\u00bb3\/4&Prime;][vc_column_text]<\/p>\n<h1><span style=\"font-weight: 400\">Difficile de concevoir plus simple, un outil aussi complet !<\/span><\/h1>\n<p>&nbsp;<\/p>\n<p>Parce qu\u2019il est plus efficace et \u00e9conomique d\u2019actualiser les contenus que le contenant !<br \/>\nNous avons pris un grand soin \u00e0 d\u00e9velopper une<strong> interface web ergonomique et intuitive<\/strong>, permettant ainsi d\u2019actualiser instantan\u00e9ment sa propre application <strong>en toute autonomie.<\/strong>[\/vc_column_text][\/vc_column][vc_column width=\u00a0\u00bb1\/4&Prime;][vc_single_image image=\u00a0\u00bb20233&Prime; img_size=\u00a0\u00bbfull\u00a0\u00bb qode_css_animation=\u00a0\u00bb\u00a0\u00bb][vc_empty_space][\/vc_column][\/vc_row][vc_row css_animation=\u00a0\u00bb\u00a0\u00bb row_type=\u00a0\u00bbrow\u00a0\u00bb use_row_as_full_screen_section=\u00a0\u00bbno\u00a0\u00bb type=\u00a0\u00bbfull_width\u00a0\u00bb angled_section=\u00a0\u00bbno\u00a0\u00bb text_align=\u00a0\u00bbleft\u00a0\u00bb background_image_as_pattern=\u00a0\u00bbwithout_pattern\u00a0\u00bb][vc_column][vc_empty_space][\/vc_column][\/vc_row][vc_row css_animation=\u00a0\u00bb\u00a0\u00bb row_type=\u00a0\u00bbrow\u00a0\u00bb use_row_as_full_screen_section=\u00a0\u00bbno\u00a0\u00bb type=\u00a0\u00bbfull_width\u00a0\u00bb angled_section=\u00a0\u00bbno\u00a0\u00bb text_align=\u00a0\u00bbleft\u00a0\u00bb background_image_as_pattern=\u00a0\u00bbwithout_pattern\u00a0\u00bb][vc_column width=\u00a0\u00bb1\/4&Prime;][vc_single_image image=\u00a0\u00bb20235&Prime; img_size=\u00a0\u00bbfull\u00a0\u00bb qode_css_animation=\u00a0\u00bb\u00a0\u00bb][vc_empty_space][\/vc_column][vc_column width=\u00a0\u00bb3\/4&Prime;][vc_column_text]<\/p>\n<h1><span style=\"font-weight: 400\">C\u2019est le portail digital de l\u2019h\u00e9bergement, \u00e9volutif &amp; adapt\u00e9 aux smartphones !<\/span><\/h1>\n<p>&nbsp;<\/p>\n<p>2\/3 des consultations Internet se font sur smartphone ! La solution Viziday est <strong>compatible avec toutes les interfaces<\/strong> PC et smartphones.<\/p>\n<p><strong>Totalement ouverte<\/strong>, l\u2019application diffuse les contenus d\u2019\u00e9tablissement, int\u00e8gre tous les liens souhait\u00e9s, en plus d\u2019inclure les services ext\u00e9rieurs souscrits ou \u00e0 venir.<br \/>\nSimple et rapide \u00e0 actualiser, l\u2019application est \u00e9volutive et flexible pour l\u2019int\u00e9gration de futures offres et technologies.<\/p>\n<p>Tous les contenus sont maintenant <strong>accessibles depuis un unique lien \/ QR code<\/strong> sur lesquels il devient important de capitaliser d\u00e8s \u00e0 pr\u00e9sent, pour sa communication et son r\u00e9f\u00e9rencement.<\/p>\n<p><strong><em>\u201e S\u2019engager durablement et amplifier vos r\u00e9sultats d\u2019entreprise ! \u201c<\/em><\/strong>[\/vc_column_text][\/vc_column][\/vc_row][vc_row css_animation=\u00a0\u00bb\u00a0\u00bb row_type=\u00a0\u00bbrow\u00a0\u00bb use_row_as_full_screen_section=\u00a0\u00bbno\u00a0\u00bb type=\u00a0\u00bbfull_width\u00a0\u00bb angled_section=\u00a0\u00bbno\u00a0\u00bb text_align=\u00a0\u00bbleft\u00a0\u00bb background_image_as_pattern=\u00a0\u00bbwithout_pattern\u00a0\u00bb][vc_column][vc_empty_space][vc_column_text]La back office d\u00e9livre une <strong>synth\u00e8se des r\u00e9sultats en temps r\u00e9el<\/strong> de l&rsquo;activit\u00e9 des clients. Disposer d\u2019indicateurs \u00e9conomiques et comportementaux, permet ainsi d\u2019<strong>anticiper les attentes de la client\u00e8le<\/strong>, d\u2019<strong>enrichir<\/strong> et d\u2019<strong>am\u00e9liorer<\/strong> le contenu des <strong>offres et services<\/strong>.<\/p>\n<p>Sont ainsi \u00e9valu\u00e9s les performances \u00e9conomiques, soci\u00e9tales et environnementales de l\u2019\u00e9tablissement en plus de la confirmation des tendances du changement.<\/p>\n<p>Les professionnels qui se lient \u00e0 Viziday, b\u00e9n\u00e9ficient d\u2019un <strong>retour sur investissement d\u00e8s la 1\u00e8re ann\u00e9e<\/strong>, avec une mise de d\u00e9part comprise entre seulement 0,50\u20acht et 4,50\u20acht \/ jour selon le pack s\u00e9lectionn\u00e9.[\/vc_column_text][vc_empty_space][vc_column_text]<\/p>\n<h1>Notre vision partag\u00e9e<\/h1>\n<p>&nbsp;<\/p>\n<p>La solution Viziday est une<strong> innovation soci\u00e9tale<\/strong> int\u00e9grant l\u2019int\u00e9gralit\u00e9 des parties prenantes impact\u00e9es par l\u2019\u00e9volution des mobilit\u00e9s touristiques, le changement climatique, les attentes et nouveaux usages technologiques.<\/p>\n<p>Notre vision dans un monde toujours plus complexe, est d\u2019<strong>outiller efficacement les h\u00e9bergeurs<\/strong>, leur permettant d\u2019\u00e9voluer avec la technologiques depuis une seule interface facile \u00e0 actualiser tout en pr\u00e9servant leur part contributive. Les nouveaux r\u00e9sultats ainsi obtenus, permettent de s\u2019adapter progressivement aux changements, \u00e0 la cr\u00e9ation de nouvelles exp\u00e9riences responsables, \u00e0 la suite \u00e0 d\u2019une analyse de l\u2019\u00e9volution des comportements de la client\u00e8le.<\/p>\n<p>Enfin pour les usagers, nous souhaitons par <strong>une nouvelle proposition de valeur et d\u2019engagement<\/strong>, encourager les d\u00e9cisions responsables et renforcer une prise de conscience.[\/vc_column_text][\/vc_column][\/vc_row][vc_row css_animation=\u00a0\u00bb\u00a0\u00bb row_type=\u00a0\u00bbrow\u00a0\u00bb use_row_as_full_screen_section=\u00a0\u00bbno\u00a0\u00bb type=\u00a0\u00bbfull_width\u00a0\u00bb angled_section=\u00a0\u00bbno\u00a0\u00bb text_align=\u00a0\u00bbleft\u00a0\u00bb background_image_as_pattern=\u00a0\u00bbwithout_pattern\u00a0\u00bb][vc_column][vc_empty_space height=\u00a0\u00bb100px\u00a0\u00bb][vc_column_text]<\/p>\n<h2 style=\"text-align: center\"><strong>Prenez contact avant le 30 avril 2024<\/strong><\/h2>\n<p style=\"text-align: center\"><strong>Accompagnement OFFERT<\/strong><\/p>\n<p style=\"text-align: center\"><u>Objectif\u00a0:<\/u> \u00eatre op\u00e9rationnel pour la haute saison 2024\u00a0!<\/p>\n<p>[\/vc_column_text][\/vc_column][\/vc_row][vc_row css_animation=\u00a0\u00bb\u00a0\u00bb row_type=\u00a0\u00bbrow\u00a0\u00bb use_row_as_full_screen_section=\u00a0\u00bbno\u00a0\u00bb type=\u00a0\u00bbfull_width\u00a0\u00bb angled_section=\u00a0\u00bbno\u00a0\u00bb text_align=\u00a0\u00bbleft\u00a0\u00bb background_image_as_pattern=\u00a0\u00bbwithout_pattern\u00a0\u00bb][vc_column width=\u00a0\u00bb1\/2&Prime;]<div class=\"ult-team-member-wrap ult-style-1  \"><div class=\"ult-team-member-image\" style=\"\"> <img decoding=\"async\" class=\"ult-team-grayscale\" src=\"\" alt=\"\"  style=\"\"><span class=\"ult-team-member-image-overlay \"  ><\/span><\/div><div class=\"ult-team-member-bio-wrap style-1 ultimate-heading69dea9156ca5a\" style=\"text-align:center;; \"><div class=\"ult-team-member-name-wrap\"><h2 class=\"ult-team-member-name ult-responsive\"  data-ultimate-target='.ult-team-member-bio-wrap.ultimate-heading69dea9156ca5a .ult-team-member-name'  data-responsive-json-new='{\"font-size\":\"\",\"line-height\":\"\"}'  style=\"\">Viziday<\/h2><div class=\"ult-team-member-description ult-responsive\"  data-ultimate-target='.ult-team-member-bio-wrap.ultimate-heading69dea9156ca5a .ult-team-member-description'  data-responsive-json-new='{\"font-size\":\"\",\"line-height\":\"\"}'  style=\"\"><p><strong>Laurent Blank<\/strong><\/p>\n<p><strong><a href=\"mailto:laurent.blank@viziday.com\" target=\"_blank\" rel=\"noopener noreferrer\">laurent.blank@viziday.com<\/a><br \/>\n<\/strong><\/p>\n<p>+33 (0)7 49 55 06 77<\/p><\/div><div style=\"margin-bottom:15px\"><\/div><div class='ult-social-buttons'><a href='https:\/\/www.linkedin.com\/in\/laurent-blank-viziday-extend-my-trip\/' target='_blank' rel='noopener' title='Linkedin' class='ult-team ult-social-icon' style='font-size:40px ; margin-left:5px;margin-right:5px;;'  data-iconcolor='inherit' data-iconhover='inherit' ><i class='Defaults-linkedin-square'><\/i><\/a><\/div><\/div><\/div><\/div>[\/vc_column][vc_column width=\u00a0\u00bb1\/2&Prime;][vc_empty_space height=\u00a0\u00bb30px\u00a0\u00bb][vc_single_image image=\u00a0\u00bb20239&Prime; img_size=\u00a0\u00bb200&#215;200&Prime; qode_css_animation=\u00a0\u00bb\u00a0\u00bb][\/vc_column][\/vc_row]<\/p>\n<\/div>","protected":false},"excerpt":{"rendered":"<p>[vc_row css_animation=\u00a0\u00bb\u00a0\u00bb row_type=\u00a0\u00bbrow\u00a0\u00bb use_row_as_full_screen_section=\u00a0\u00bbno\u00a0\u00bb type=\u00a0\u00bbfull_width\u00a0\u00bb angled_section=\u00a0\u00bbno\u00a0\u00bb text_align=\u00a0\u00bbleft\u00a0\u00bb background_image_as_pattern=\u00a0\u00bbwithout_pattern\u00a0\u00bb][vc_column][vc_single_image image=\u00a0\u00bb20176&Prime; img_size=\u00a0\u00bblarge\u00a0\u00bb alignment=\u00a0\u00bbcenter\u00a0\u00bb qode_css_animation=\u00a0\u00bb\u00a0\u00bb][vc_empty_space][vc_column_text] Viziday, la 1\u00e8re application \u201etout-en-un\u201c en marque blanche, valorise et r\u00e9v\u00e8le les engagements des h\u00e9bergeurs responsables. [\/vc_column_text][\/vc_column][\/vc_row][vc_row css_animation=\u00a0\u00bb\u00a0\u00bb row_type=\u00a0\u00bbrow\u00a0\u00bb use_row_as_full_screen_section=\u00a0\u00bbno\u00a0\u00bb type=\u00a0\u00bbfull_width\u00a0\u00bb angled_section=\u00a0\u00bbno\u00a0\u00bb text_align=\u00a0\u00bbleft\u00a0\u00bb background_image_as_pattern=\u00a0\u00bbwithout_pattern\u00a0\u00bb][vc_column][vc_empty_space][\/vc_column][\/vc_row][vc_row css_animation=\u00a0\u00bb\u00a0\u00bb row_type=\u00a0\u00bbrow\u00a0\u00bb use_row_as_full_screen_section=\u00a0\u00bbno\u00a0\u00bb type=\u00a0\u00bbfull_width\u00a0\u00bb angled_section=\u00a0\u00bbno\u00a0\u00bb text_align=\u00a0\u00bbleft\u00a0\u00bb background_image_as_pattern=\u00a0\u00bbwithout_pattern\u00a0\u00bb][vc_column width=\u00a0\u00bb1\/4&Prime;][vc_single_image image=\u00a0\u00bb20231&Prime;&#8230;<\/p>\n","protected":false},"author":43,"featured_media":20176,"parent":0,"menu_order":0,"comment_status":"closed","ping_status":"closed","template":"","meta":{"footnotes":""},"class_list":["post-20230","page","type-page","status-publish","has-post-thumbnail","hentry"],"yoast_head":"<!-- This site is optimized with the Yoast SEO plugin v26.6 - https:\/\/yoast.com\/wordpress\/plugins\/seo\/ -->\n<title>Viziday - Slow Tourisme Lab<\/title>\n<meta name=\"description\" content=\"La solution Viziday est une innovation soci\u00e9tale int\u00e9grant l\u2019int\u00e9gralit\u00e9 des parties prenantes impact\u00e9es par l\u2019\u00e9volution des mobilit\u00e9s touristiques, le changement climatique, les attentes et nouveaux usages technologiques.Notre vision dans un monde toujours plus complexe, est d\u2019outiller efficacement les h\u00e9bergeurs, leur permettant d\u2019\u00e9voluer avec la technologiques depuis une seule interface facile \u00e0 actualiser tout en pr\u00e9servant leur part contributive. Les nouveaux r\u00e9sultats ainsi obtenus, permettent de s\u2019adapter progressivement aux changements, \u00e0 la cr\u00e9ation de nouvelles exp\u00e9riences responsables, \u00e0 la suite \u00e0 d\u2019une analyse de l\u2019\u00e9volution des comportements de la client\u00e8le.\" \/>\n<meta name=\"robots\" content=\"index, follow, max-snippet:-1, max-image-preview:large, max-video-preview:-1\" \/>\n<link rel=\"canonical\" href=\"https:\/\/www.slow-tourisme-lab.fr\/fr\/viziday\/\" \/>\n<meta property=\"og:locale\" content=\"fr_FR\" \/>\n<meta property=\"og:type\" content=\"article\" \/>\n<meta property=\"og:title\" content=\"Viziday - Slow Tourisme Lab\" \/>\n<meta property=\"og:description\" content=\"La solution Viziday est une innovation soci\u00e9tale int\u00e9grant l\u2019int\u00e9gralit\u00e9 des parties prenantes impact\u00e9es par l\u2019\u00e9volution des mobilit\u00e9s touristiques, le changement climatique, les attentes et nouveaux usages technologiques.Notre vision dans un monde toujours plus complexe, est d\u2019outiller efficacement les h\u00e9bergeurs, leur permettant d\u2019\u00e9voluer avec la technologiques depuis une seule interface facile \u00e0 actualiser tout en pr\u00e9servant leur part contributive. Les nouveaux r\u00e9sultats ainsi obtenus, permettent de s\u2019adapter progressivement aux changements, \u00e0 la cr\u00e9ation de nouvelles exp\u00e9riences responsables, \u00e0 la suite \u00e0 d\u2019une analyse de l\u2019\u00e9volution des comportements de la client\u00e8le.\" \/>\n<meta property=\"og:url\" content=\"https:\/\/www.slow-tourisme-lab.fr\/fr\/viziday\/\" \/>\n<meta property=\"og:site_name\" content=\"Slow Tourisme Lab\" \/>\n<meta property=\"article:modified_time\" content=\"2024-03-12T09:12:45+00:00\" \/>\n<meta property=\"og:image\" content=\"https:\/\/www.slow-tourisme-lab.fr\/assets\/uploads\/sites\/50\/2024\/02\/logo-viziday.jpg\" \/>\n\t<meta property=\"og:image:width\" content=\"200\" \/>\n\t<meta property=\"og:image:height\" content=\"200\" \/>\n\t<meta property=\"og:image:type\" content=\"image\/jpeg\" \/>\n<meta name=\"twitter:card\" content=\"summary_large_image\" \/>\n<meta name=\"twitter:label1\" content=\"Dur\u00e9e de lecture estim\u00e9e\" \/>\n\t<meta name=\"twitter:data1\" content=\"6 minutes\" \/>\n<script type=\"application\/ld+json\" class=\"yoast-schema-graph\">{\"@context\":\"https:\/\/schema.org\",\"@graph\":[{\"@type\":\"WebPage\",\"@id\":\"https:\/\/www.slow-tourisme-lab.fr\/fr\/viziday\/\",\"url\":\"https:\/\/www.slow-tourisme-lab.fr\/fr\/viziday\/\",\"name\":\"Viziday - Slow Tourisme Lab\",\"isPartOf\":{\"@id\":\"https:\/\/www.slow-tourisme-lab.fr\/fr\/#website\"},\"primaryImageOfPage\":{\"@id\":\"https:\/\/www.slow-tourisme-lab.fr\/fr\/viziday\/#primaryimage\"},\"image\":{\"@id\":\"https:\/\/www.slow-tourisme-lab.fr\/fr\/viziday\/#primaryimage\"},\"thumbnailUrl\":\"https:\/\/www.slow-tourisme-lab.fr\/assets\/uploads\/sites\/50\/2024\/02\/logo-viziday.jpg\",\"datePublished\":\"2024-03-12T08:51:58+00:00\",\"dateModified\":\"2024-03-12T09:12:45+00:00\",\"description\":\"La solution Viziday est une innovation soci\u00e9tale int\u00e9grant l\u2019int\u00e9gralit\u00e9 des parties prenantes impact\u00e9es par l\u2019\u00e9volution des mobilit\u00e9s touristiques, le changement climatique, les attentes et nouveaux usages technologiques.Notre vision dans un monde toujours plus complexe, est d\u2019outiller efficacement les h\u00e9bergeurs, leur permettant d\u2019\u00e9voluer avec la technologiques depuis une seule interface facile \u00e0 actualiser tout en pr\u00e9servant leur part contributive. Les nouveaux r\u00e9sultats ainsi obtenus, permettent de s\u2019adapter progressivement aux changements, \u00e0 la cr\u00e9ation de nouvelles exp\u00e9riences responsables, \u00e0 la suite \u00e0 d\u2019une analyse de l\u2019\u00e9volution des comportements de la client\u00e8le.\",\"breadcrumb\":{\"@id\":\"https:\/\/www.slow-tourisme-lab.fr\/fr\/viziday\/#breadcrumb\"},\"inLanguage\":\"fr-FR\",\"potentialAction\":[{\"@type\":\"ReadAction\",\"target\":[\"https:\/\/www.slow-tourisme-lab.fr\/fr\/viziday\/\"]}]},{\"@type\":\"ImageObject\",\"inLanguage\":\"fr-FR\",\"@id\":\"https:\/\/www.slow-tourisme-lab.fr\/fr\/viziday\/#primaryimage\",\"url\":\"https:\/\/www.slow-tourisme-lab.fr\/assets\/uploads\/sites\/50\/2024\/02\/logo-viziday.jpg\",\"contentUrl\":\"https:\/\/www.slow-tourisme-lab.fr\/assets\/uploads\/sites\/50\/2024\/02\/logo-viziday.jpg\",\"width\":200,\"height\":200},{\"@type\":\"BreadcrumbList\",\"@id\":\"https:\/\/www.slow-tourisme-lab.fr\/fr\/viziday\/#breadcrumb\",\"itemListElement\":[{\"@type\":\"ListItem\",\"position\":1,\"name\":\"Accueil\",\"item\":\"https:\/\/www.slow-tourisme-lab.fr\/fr\/\"},{\"@type\":\"ListItem\",\"position\":2,\"name\":\"Viziday\"}]},{\"@type\":\"WebSite\",\"@id\":\"https:\/\/www.slow-tourisme-lab.fr\/fr\/#website\",\"url\":\"https:\/\/www.slow-tourisme-lab.fr\/fr\/\",\"name\":\"Slow Tourisme Lab\",\"description\":\"Un accompagnement pour l'innovation touristique durable\",\"potentialAction\":[{\"@type\":\"SearchAction\",\"target\":{\"@type\":\"EntryPoint\",\"urlTemplate\":\"https:\/\/www.slow-tourisme-lab.fr\/fr\/?s={search_term_string}\"},\"query-input\":{\"@type\":\"PropertyValueSpecification\",\"valueRequired\":true,\"valueName\":\"search_term_string\"}}],\"inLanguage\":\"fr-FR\"}]}<\/script>\n<!-- \/ Yoast SEO plugin. -->","yoast_head_json":{"title":"Viziday - Slow Tourisme Lab","description":"La solution Viziday est une innovation soci\u00e9tale int\u00e9grant l\u2019int\u00e9gralit\u00e9 des parties prenantes impact\u00e9es par l\u2019\u00e9volution des mobilit\u00e9s touristiques, le changement climatique, les attentes et nouveaux usages technologiques.Notre vision dans un monde toujours plus complexe, est d\u2019outiller efficacement les h\u00e9bergeurs, leur permettant d\u2019\u00e9voluer avec la technologiques depuis une seule interface facile \u00e0 actualiser tout en pr\u00e9servant leur part contributive. Les nouveaux r\u00e9sultats ainsi obtenus, permettent de s\u2019adapter progressivement aux changements, \u00e0 la cr\u00e9ation de nouvelles exp\u00e9riences responsables, \u00e0 la suite \u00e0 d\u2019une analyse de l\u2019\u00e9volution des comportements de la client\u00e8le.","robots":{"index":"index","follow":"follow","max-snippet":"max-snippet:-1","max-image-preview":"max-image-preview:large","max-video-preview":"max-video-preview:-1"},"canonical":"https:\/\/www.slow-tourisme-lab.fr\/fr\/viziday\/","og_locale":"fr_FR","og_type":"article","og_title":"Viziday - Slow Tourisme Lab","og_description":"La solution Viziday est une innovation soci\u00e9tale int\u00e9grant l\u2019int\u00e9gralit\u00e9 des parties prenantes impact\u00e9es par l\u2019\u00e9volution des mobilit\u00e9s touristiques, le changement climatique, les attentes et nouveaux usages technologiques.Notre vision dans un monde toujours plus complexe, est d\u2019outiller efficacement les h\u00e9bergeurs, leur permettant d\u2019\u00e9voluer avec la technologiques depuis une seule interface facile \u00e0 actualiser tout en pr\u00e9servant leur part contributive. Les nouveaux r\u00e9sultats ainsi obtenus, permettent de s\u2019adapter progressivement aux changements, \u00e0 la cr\u00e9ation de nouvelles exp\u00e9riences responsables, \u00e0 la suite \u00e0 d\u2019une analyse de l\u2019\u00e9volution des comportements de la client\u00e8le.","og_url":"https:\/\/www.slow-tourisme-lab.fr\/fr\/viziday\/","og_site_name":"Slow Tourisme Lab","article_modified_time":"2024-03-12T09:12:45+00:00","og_image":[{"width":200,"height":200,"url":"https:\/\/www.slow-tourisme-lab.fr\/assets\/uploads\/sites\/50\/2024\/02\/logo-viziday.jpg","type":"image\/jpeg"}],"twitter_card":"summary_large_image","twitter_misc":{"Dur\u00e9e de lecture estim\u00e9e":"6 minutes"},"schema":{"@context":"https:\/\/schema.org","@graph":[{"@type":"WebPage","@id":"https:\/\/www.slow-tourisme-lab.fr\/fr\/viziday\/","url":"https:\/\/www.slow-tourisme-lab.fr\/fr\/viziday\/","name":"Viziday - Slow Tourisme Lab","isPartOf":{"@id":"https:\/\/www.slow-tourisme-lab.fr\/fr\/#website"},"primaryImageOfPage":{"@id":"https:\/\/www.slow-tourisme-lab.fr\/fr\/viziday\/#primaryimage"},"image":{"@id":"https:\/\/www.slow-tourisme-lab.fr\/fr\/viziday\/#primaryimage"},"thumbnailUrl":"https:\/\/www.slow-tourisme-lab.fr\/assets\/uploads\/sites\/50\/2024\/02\/logo-viziday.jpg","datePublished":"2024-03-12T08:51:58+00:00","dateModified":"2024-03-12T09:12:45+00:00","description":"La solution Viziday est une innovation soci\u00e9tale int\u00e9grant l\u2019int\u00e9gralit\u00e9 des parties prenantes impact\u00e9es par l\u2019\u00e9volution des mobilit\u00e9s touristiques, le changement climatique, les attentes et nouveaux usages technologiques.Notre vision dans un monde toujours plus complexe, est d\u2019outiller efficacement les h\u00e9bergeurs, leur permettant d\u2019\u00e9voluer avec la technologiques depuis une seule interface facile \u00e0 actualiser tout en pr\u00e9servant leur part contributive. Les nouveaux r\u00e9sultats ainsi obtenus, permettent de s\u2019adapter progressivement aux changements, \u00e0 la cr\u00e9ation de nouvelles exp\u00e9riences responsables, \u00e0 la suite \u00e0 d\u2019une analyse de l\u2019\u00e9volution des comportements de la client\u00e8le.","breadcrumb":{"@id":"https:\/\/www.slow-tourisme-lab.fr\/fr\/viziday\/#breadcrumb"},"inLanguage":"fr-FR","potentialAction":[{"@type":"ReadAction","target":["https:\/\/www.slow-tourisme-lab.fr\/fr\/viziday\/"]}]},{"@type":"ImageObject","inLanguage":"fr-FR","@id":"https:\/\/www.slow-tourisme-lab.fr\/fr\/viziday\/#primaryimage","url":"https:\/\/www.slow-tourisme-lab.fr\/assets\/uploads\/sites\/50\/2024\/02\/logo-viziday.jpg","contentUrl":"https:\/\/www.slow-tourisme-lab.fr\/assets\/uploads\/sites\/50\/2024\/02\/logo-viziday.jpg","width":200,"height":200},{"@type":"BreadcrumbList","@id":"https:\/\/www.slow-tourisme-lab.fr\/fr\/viziday\/#breadcrumb","itemListElement":[{"@type":"ListItem","position":1,"name":"Accueil","item":"https:\/\/www.slow-tourisme-lab.fr\/fr\/"},{"@type":"ListItem","position":2,"name":"Viziday"}]},{"@type":"WebSite","@id":"https:\/\/www.slow-tourisme-lab.fr\/fr\/#website","url":"https:\/\/www.slow-tourisme-lab.fr\/fr\/","name":"Slow Tourisme Lab","description":"Un accompagnement pour l'innovation touristique durable","potentialAction":[{"@type":"SearchAction","target":{"@type":"EntryPoint","urlTemplate":"https:\/\/www.slow-tourisme-lab.fr\/fr\/?s={search_term_string}"},"query-input":{"@type":"PropertyValueSpecification","valueRequired":true,"valueName":"search_term_string"}}],"inLanguage":"fr-FR"}]}},"_links":{"self":[{"href":"https:\/\/www.slow-tourisme-lab.fr\/fr\/wp-json\/wp\/v2\/pages\/20230\/"}],"collection":[{"href":"https:\/\/www.slow-tourisme-lab.fr\/fr\/wp-json\/wp\/v2\/pages\/"}],"about":[{"href":"https:\/\/www.slow-tourisme-lab.fr\/fr\/wp-json\/wp\/v2\/types\/page\/"}],"author":[{"embeddable":true,"href":"https:\/\/www.slow-tourisme-lab.fr\/fr\/wp-json\/wp\/v2\/users\/43\/"}],"replies":[{"embeddable":true,"href":"https:\/\/www.slow-tourisme-lab.fr\/fr\/wp-json\/wp\/v2\/comments\/?post=20230"}],"version-history":[{"count":5,"href":"https:\/\/www.slow-tourisme-lab.fr\/fr\/wp-json\/wp\/v2\/pages\/20230\/revisions\/"}],"predecessor-version":[{"id":20245,"href":"https:\/\/www.slow-tourisme-lab.fr\/fr\/wp-json\/wp\/v2\/pages\/20230\/revisions\/20245\/"}],"wp:featuredmedia":[{"embeddable":true,"href":"https:\/\/www.slow-tourisme-lab.fr\/fr\/wp-json\/wp\/v2\/media\/20176\/"}],"wp:attachment":[{"href":"https:\/\/www.slow-tourisme-lab.fr\/fr\/wp-json\/wp\/v2\/media\/?parent=20230"}],"curies":[{"name":"wp","href":"https:\/\/api.w.org\/{rel}","templated":true}]}}