{"id":20192,"date":"2024-02-23T14:35:11","date_gmt":"2024-02-23T13:35:11","guid":{"rendered":"https:\/\/www.slow-tourisme-lab.fr\/?page_id=20192"},"modified":"2024-03-15T09:24:59","modified_gmt":"2024-03-15T08:24:59","slug":"botdefoin","status":"publish","type":"page","link":"https:\/\/www.slow-tourisme-lab.fr\/fr\/botdefoin\/","title":{"rendered":"Botdefoin"},"content":{"rendered":"<div class=\"wpb-content-wrapper\"><p>[vc_row css_animation=\u00a0\u00bb\u00a0\u00bb row_type=\u00a0\u00bbrow\u00a0\u00bb use_row_as_full_screen_section=\u00a0\u00bbno\u00a0\u00bb type=\u00a0\u00bbfull_width\u00a0\u00bb angled_section=\u00a0\u00bbno\u00a0\u00bb text_align=\u00a0\u00bbleft\u00a0\u00bb background_image_as_pattern=\u00a0\u00bbwithout_pattern\u00a0\u00bb][vc_column][vc_single_image image=\u00a0\u00bb20168&Prime; img_size=\u00a0\u00bblarge\u00a0\u00bb alignment=\u00a0\u00bbcenter\u00a0\u00bb qode_css_animation=\u00a0\u00bb\u00a0\u00bb][vc_empty_space][vc_column_text]<\/p>\n<h1 style=\"text-align: center\">Botdefoin, on vous aiguille !<\/h1>\n<p style=\"text-align: center\"><strong><em>Une plateforme d&rsquo;exp\u00e9riences d&rsquo;agritourisme<\/em><\/strong><\/p>\n<p>[\/vc_column_text][\/vc_column][\/vc_row][vc_row css_animation=\u00a0\u00bb\u00a0\u00bb row_type=\u00a0\u00bbrow\u00a0\u00bb use_row_as_full_screen_section=\u00a0\u00bbno\u00a0\u00bb type=\u00a0\u00bbfull_width\u00a0\u00bb angled_section=\u00a0\u00bbno\u00a0\u00bb text_align=\u00a0\u00bbleft\u00a0\u00bb background_image_as_pattern=\u00a0\u00bbwithout_pattern\u00a0\u00bb][vc_column][vc_empty_space][\/vc_column][\/vc_row][vc_row css_animation=\u00a0\u00bb\u00a0\u00bb row_type=\u00a0\u00bbrow\u00a0\u00bb use_row_as_full_screen_section=\u00a0\u00bbno\u00a0\u00bb type=\u00a0\u00bbfull_width\u00a0\u00bb angled_section=\u00a0\u00bbno\u00a0\u00bb text_align=\u00a0\u00bbleft\u00a0\u00bb background_image_as_pattern=\u00a0\u00bbwithout_pattern\u00a0\u00bb][vc_column width=\u00a0\u00bb1\/4&Prime;][vc_single_image image=\u00a0\u00bb20211&Prime; img_size=\u00a0\u00bbfull\u00a0\u00bb qode_css_animation=\u00a0\u00bb\u00a0\u00bb][vc_empty_space][vc_single_image image=\u00a0\u00bb20217&Prime; img_size=\u00a0\u00bbfull\u00a0\u00bb qode_css_animation=\u00a0\u00bb\u00a0\u00bb][\/vc_column][vc_column width=\u00a0\u00bb3\/4&Prime;][vc_column_text]<\/p>\n<h1><span style=\"font-weight: 400\">L&rsquo;exp\u00e9rience \u00e0 la ferme, des valeurs partag\u00e9es.<\/span><\/h1>\n<p>&nbsp;<\/p>\n<p>Botdefoin cr\u00e9\u00e9 de la <strong>valeur pour l\u2019agriculteur, le voyageur et le territoire<\/strong>. Ce sont deux mondes qui se rencontrent : le monde agricole et celui du tourisme. Botdefoin <strong>permet \u00e0 l\u2019agriculteur de d\u00e9velopper ses activit\u00e9s et ses exp\u00e9riences autours de sa ferme <\/strong>et\u00a0de <strong>se former aux tendances \u00e9mergentes du tourisme<\/strong>. Pour le voyageur Botdefoin devient <strong>la 1er vrai plateforme de r\u00e9servation d&rsquo;activit\u00e9 \u00e0 la ferme<\/strong> et de vivre des exp\u00e9riences originales et toute authenticit\u00e9.<\/p>\n<p>&nbsp;<\/p>\n<p>Botdefoin permet :<\/p>\n<p>&nbsp;<\/p>\n<ul>\n<li>d&rsquo;apporter de la visibilit\u00e9 \u00e0 l\u2019offre traditionnelle des exp\u00e9riences \u00e0 la ferme sur le territoire national<\/li>\n<li>d&rsquo;investir dans la diff\u00e9rence, au-del\u00e0 de la vente directe des fermes : la relation directe et la cr\u00e9ativit\u00e9 en adoptant les codes des \u00e9conomies du loisir et de la culture pour cr\u00e9er un lien fid\u00e8le entre une communaut\u00e9 de voyageurs et une communaut\u00e9 d\u2019agriculteurs<\/li>\n<li>de favoriser l\u2019\u00e9mergence d\u2019une offre de tourisme durable en marge des flux du tourisme de masse.<\/li>\n<\/ul>\n<p>[\/vc_column_text][\/vc_column][\/vc_row][vc_row css_animation=\u00a0\u00bb\u00a0\u00bb row_type=\u00a0\u00bbrow\u00a0\u00bb use_row_as_full_screen_section=\u00a0\u00bbno\u00a0\u00bb type=\u00a0\u00bbfull_width\u00a0\u00bb angled_section=\u00a0\u00bbno\u00a0\u00bb text_align=\u00a0\u00bbleft\u00a0\u00bb background_image_as_pattern=\u00a0\u00bbwithout_pattern\u00a0\u00bb][vc_column][vc_empty_space][\/vc_column][\/vc_row][vc_row css_animation=\u00a0\u00bb\u00a0\u00bb row_type=\u00a0\u00bbrow\u00a0\u00bb use_row_as_full_screen_section=\u00a0\u00bbno\u00a0\u00bb type=\u00a0\u00bbfull_width\u00a0\u00bb angled_section=\u00a0\u00bbno\u00a0\u00bb text_align=\u00a0\u00bbleft\u00a0\u00bb background_image_as_pattern=\u00a0\u00bbwithout_pattern\u00a0\u00bb][vc_column][vc_column_text]<\/p>\n<h2 style=\"text-align: center\">5 cofondateurs tous issus du milieu agricole en Grand Est et en Occitanie<\/h2>\n<p>&nbsp;<\/p>\n<p>Botdefoin a \u00e9t\u00e9 fond\u00e9 par C\u00e9line Gillet, ainsi que quatre autres associ\u00e9s\u00a0 : Renaud No\u00ebl, Jean-No\u00ebl Barrau, Christophe Bonnemort\u00a0 et Patrice Vacher.[\/vc_column_text][vc_empty_space][vc_column_text]Botdefoin vise \u00e0 <strong>soutenir les agriculteurs, les coop\u00e9ratives agricoles et leurs membres dans la compr\u00e9hension des d\u00e9fis du tourisme<\/strong>. Cela englobe la visibilit\u00e9 en ligne, l&rsquo;\u00e9tablissement de relations directes au-del\u00e0 de la simple vente, ainsi que la promotion de la cr\u00e9ativit\u00e9 pour raviver l&rsquo;exp\u00e9rience agritouristique et red\u00e9couvrir le territoire \u00e0 travers des outils modernes.<\/p>\n<p>&nbsp;<\/p>\n<p>La plateforme Botdefoin offrira \u00e0 chaque exploitation agricole <strong>un espace d\u00e9di\u00e9<\/strong>, constituant une <strong>vitrine permanente pour l&rsquo;agriculteur, son m\u00e9tier, ses pratiques et ses produits<\/strong>. Elle pr\u00e9sentera \u00e9galement une description des exp\u00e9riences et \u00e9v\u00e9nements propos\u00e9s, tout en permettant la mise en avant de la<strong> commercialisation en ligne pour la vente directe des produits de la coop\u00e9rative et de l&rsquo;exploitation.<\/strong>[\/vc_column_text][\/vc_column][\/vc_row][vc_row css_animation=\u00a0\u00bb\u00a0\u00bb row_type=\u00a0\u00bbrow\u00a0\u00bb use_row_as_full_screen_section=\u00a0\u00bbno\u00a0\u00bb type=\u00a0\u00bbfull_width\u00a0\u00bb angled_section=\u00a0\u00bbno\u00a0\u00bb text_align=\u00a0\u00bbleft\u00a0\u00bb background_image_as_pattern=\u00a0\u00bbwithout_pattern\u00a0\u00bb][vc_column][vc_empty_space height=\u00a0\u00bb100px\u00a0\u00bb][\/vc_column][\/vc_row][vc_row css_animation=\u00a0\u00bb\u00a0\u00bb row_type=\u00a0\u00bbrow\u00a0\u00bb use_row_as_full_screen_section=\u00a0\u00bbno\u00a0\u00bb type=\u00a0\u00bbfull_width\u00a0\u00bb angled_section=\u00a0\u00bbno\u00a0\u00bb text_align=\u00a0\u00bbleft\u00a0\u00bb background_image_as_pattern=\u00a0\u00bbwithout_pattern\u00a0\u00bb][vc_column width=\u00a0\u00bb1\/2&Prime;]<div class=\"ult-team-member-wrap ult-style-1  \"><div class=\"ult-team-member-image\" style=\"\"> <img decoding=\"async\" class=\"ult-team-grayscale\" src=\"\" alt=\"\"  style=\"\"><span class=\"ult-team-member-image-overlay \"  ><\/span><\/div><div class=\"ult-team-member-bio-wrap style-1 ultimate-heading69d005027e53d\" style=\"text-align:center;; \"><div class=\"ult-team-member-name-wrap\"><h2 class=\"ult-team-member-name ult-responsive\"  data-ultimate-target='.ult-team-member-bio-wrap.ultimate-heading69d005027e53d .ult-team-member-name'  data-responsive-json-new='{\"font-size\":\"\",\"line-height\":\"\"}'  style=\"\">Botdefoin<\/h2><div class=\"ult-team-member-description ult-responsive\"  data-ultimate-target='.ult-team-member-bio-wrap.ultimate-heading69d005027e53d .ult-team-member-description'  data-responsive-json-new='{\"font-size\":\"\",\"line-height\":\"\"}'  style=\"\"><p><strong>C\u00e9line Gillet<\/strong><\/p>\n<p><strong><a href=\"mailto:coop4.0@gmx.fr\" target=\"_blank\" rel=\"noopener noreferrer\">coop4.0@gmx.fr<\/a><br \/>\n<\/strong><\/p>\n<p>06 43 07 91 10<\/p><\/div><div style=\"margin-bottom:15px\"><\/div><div class='ult-social-buttons'><a href='https:\/\/www.linkedin.com\/in\/c%C3%A9line-gillet-4aa525138\/' target='_blank' rel='noopener' title='Linkedin' class='ult-team ult-social-icon' style='font-size:40px ; margin-left:5px;margin-right:5px;;'  data-iconcolor='inherit' data-iconhover='inherit' ><i class='Defaults-linkedin-square'><\/i><\/a><\/div><\/div><\/div><\/div>[\/vc_column][vc_column width=\u00a0\u00bb1\/2&Prime;][vc_single_image image=\u00a0\u00bb20219&Prime; img_size=\u00a0\u00bbfull\u00a0\u00bb qode_css_animation=\u00a0\u00bb\u00a0\u00bb][\/vc_column][\/vc_row]<\/p>\n<\/div>","protected":false},"excerpt":{"rendered":"<p>[vc_row css_animation=\u00a0\u00bb\u00a0\u00bb row_type=\u00a0\u00bbrow\u00a0\u00bb use_row_as_full_screen_section=\u00a0\u00bbno\u00a0\u00bb type=\u00a0\u00bbfull_width\u00a0\u00bb angled_section=\u00a0\u00bbno\u00a0\u00bb text_align=\u00a0\u00bbleft\u00a0\u00bb background_image_as_pattern=\u00a0\u00bbwithout_pattern\u00a0\u00bb][vc_column][vc_single_image image=\u00a0\u00bb20168&Prime; img_size=\u00a0\u00bblarge\u00a0\u00bb alignment=\u00a0\u00bbcenter\u00a0\u00bb qode_css_animation=\u00a0\u00bb\u00a0\u00bb][vc_empty_space][vc_column_text] Botdefoin, on vous aiguille ! Une plateforme d&rsquo;exp\u00e9riences d&rsquo;agritourisme [\/vc_column_text][\/vc_column][\/vc_row][vc_row css_animation=\u00a0\u00bb\u00a0\u00bb row_type=\u00a0\u00bbrow\u00a0\u00bb use_row_as_full_screen_section=\u00a0\u00bbno\u00a0\u00bb type=\u00a0\u00bbfull_width\u00a0\u00bb angled_section=\u00a0\u00bbno\u00a0\u00bb text_align=\u00a0\u00bbleft\u00a0\u00bb background_image_as_pattern=\u00a0\u00bbwithout_pattern\u00a0\u00bb][vc_column][vc_empty_space][\/vc_column][\/vc_row][vc_row css_animation=\u00a0\u00bb\u00a0\u00bb row_type=\u00a0\u00bbrow\u00a0\u00bb use_row_as_full_screen_section=\u00a0\u00bbno\u00a0\u00bb type=\u00a0\u00bbfull_width\u00a0\u00bb angled_section=\u00a0\u00bbno\u00a0\u00bb text_align=\u00a0\u00bbleft\u00a0\u00bb background_image_as_pattern=\u00a0\u00bbwithout_pattern\u00a0\u00bb][vc_column width=\u00a0\u00bb1\/4&Prime;][vc_single_image image=\u00a0\u00bb20211&Prime; img_size=\u00a0\u00bbfull\u00a0\u00bb qode_css_animation=\u00a0\u00bb\u00a0\u00bb][vc_empty_space][vc_single_image image=\u00a0\u00bb20217&Prime; img_size=\u00a0\u00bbfull\u00a0\u00bb qode_css_animation=\u00a0\u00bb\u00a0\u00bb][\/vc_column][vc_column width=\u00a0\u00bb3\/4&Prime;][vc_column_text] L&rsquo;exp\u00e9rience&#8230;<\/p>\n","protected":false},"author":43,"featured_media":20170,"parent":0,"menu_order":0,"comment_status":"closed","ping_status":"closed","template":"","meta":{"footnotes":""},"class_list":["post-20192","page","type-page","status-publish","has-post-thumbnail","hentry"],"yoast_head":"<!-- This site is optimized with the Yoast SEO plugin v26.6 - https:\/\/yoast.com\/wordpress\/plugins\/seo\/ -->\n<title>Botdefoin - Slow Tourisme Lab<\/title>\n<meta name=\"description\" content=\"La 1er vrai plateforme de r\u00e9servation d\u2019activit\u00e9 \u00e0 la ferme et de vivre des exp\u00e9riences originales et toute authenticit\u00e9. Botdefoin cr\u00e9\u00e9 de la valeur pour l\u2019agriculteur, le voyageur et le territoire.\" \/>\n<meta name=\"robots\" content=\"index, follow, max-snippet:-1, max-image-preview:large, max-video-preview:-1\" \/>\n<link rel=\"canonical\" href=\"https:\/\/www.slow-tourisme-lab.fr\/fr\/botdefoin\/\" \/>\n<meta property=\"og:locale\" content=\"fr_FR\" \/>\n<meta property=\"og:type\" content=\"article\" \/>\n<meta property=\"og:title\" content=\"Botdefoin - Slow Tourisme Lab\" \/>\n<meta property=\"og:description\" content=\"La 1er vrai plateforme de r\u00e9servation d\u2019activit\u00e9 \u00e0 la ferme et de vivre des exp\u00e9riences originales et toute authenticit\u00e9. Botdefoin cr\u00e9\u00e9 de la valeur pour l\u2019agriculteur, le voyageur et le territoire.\" \/>\n<meta property=\"og:url\" content=\"https:\/\/www.slow-tourisme-lab.fr\/fr\/botdefoin\/\" \/>\n<meta property=\"og:site_name\" content=\"Slow Tourisme Lab\" \/>\n<meta property=\"article:modified_time\" content=\"2024-03-15T08:24:59+00:00\" \/>\n<meta property=\"og:image\" content=\"https:\/\/www.slow-tourisme-lab.fr\/assets\/uploads\/sites\/50\/2024\/02\/Logo_Botdefoin.jpg\" \/>\n\t<meta property=\"og:image:width\" content=\"200\" \/>\n\t<meta property=\"og:image:height\" content=\"200\" \/>\n\t<meta property=\"og:image:type\" content=\"image\/jpeg\" \/>\n<meta name=\"twitter:card\" content=\"summary_large_image\" \/>\n<meta name=\"twitter:label1\" content=\"Dur\u00e9e de lecture estim\u00e9e\" \/>\n\t<meta name=\"twitter:data1\" content=\"4 minutes\" \/>\n<script type=\"application\/ld+json\" class=\"yoast-schema-graph\">{\"@context\":\"https:\/\/schema.org\",\"@graph\":[{\"@type\":\"WebPage\",\"@id\":\"https:\/\/www.slow-tourisme-lab.fr\/fr\/botdefoin\/\",\"url\":\"https:\/\/www.slow-tourisme-lab.fr\/fr\/botdefoin\/\",\"name\":\"Botdefoin - Slow Tourisme Lab\",\"isPartOf\":{\"@id\":\"https:\/\/www.slow-tourisme-lab.fr\/fr\/#website\"},\"primaryImageOfPage\":{\"@id\":\"https:\/\/www.slow-tourisme-lab.fr\/fr\/botdefoin\/#primaryimage\"},\"image\":{\"@id\":\"https:\/\/www.slow-tourisme-lab.fr\/fr\/botdefoin\/#primaryimage\"},\"thumbnailUrl\":\"https:\/\/www.slow-tourisme-lab.fr\/assets\/uploads\/sites\/50\/2024\/02\/Logo_Botdefoin.jpg\",\"datePublished\":\"2024-02-23T13:35:11+00:00\",\"dateModified\":\"2024-03-15T08:24:59+00:00\",\"description\":\"La 1er vrai plateforme de r\u00e9servation d\u2019activit\u00e9 \u00e0 la ferme et de vivre des exp\u00e9riences originales et toute authenticit\u00e9. Botdefoin cr\u00e9\u00e9 de la valeur pour l\u2019agriculteur, le voyageur et le territoire.\",\"breadcrumb\":{\"@id\":\"https:\/\/www.slow-tourisme-lab.fr\/fr\/botdefoin\/#breadcrumb\"},\"inLanguage\":\"fr-FR\",\"potentialAction\":[{\"@type\":\"ReadAction\",\"target\":[\"https:\/\/www.slow-tourisme-lab.fr\/fr\/botdefoin\/\"]}]},{\"@type\":\"ImageObject\",\"inLanguage\":\"fr-FR\",\"@id\":\"https:\/\/www.slow-tourisme-lab.fr\/fr\/botdefoin\/#primaryimage\",\"url\":\"https:\/\/www.slow-tourisme-lab.fr\/assets\/uploads\/sites\/50\/2024\/02\/Logo_Botdefoin.jpg\",\"contentUrl\":\"https:\/\/www.slow-tourisme-lab.fr\/assets\/uploads\/sites\/50\/2024\/02\/Logo_Botdefoin.jpg\",\"width\":200,\"height\":200},{\"@type\":\"BreadcrumbList\",\"@id\":\"https:\/\/www.slow-tourisme-lab.fr\/fr\/botdefoin\/#breadcrumb\",\"itemListElement\":[{\"@type\":\"ListItem\",\"position\":1,\"name\":\"Accueil\",\"item\":\"https:\/\/www.slow-tourisme-lab.fr\/fr\/\"},{\"@type\":\"ListItem\",\"position\":2,\"name\":\"Botdefoin\"}]},{\"@type\":\"WebSite\",\"@id\":\"https:\/\/www.slow-tourisme-lab.fr\/fr\/#website\",\"url\":\"https:\/\/www.slow-tourisme-lab.fr\/fr\/\",\"name\":\"Slow Tourisme Lab\",\"description\":\"Un accompagnement pour l'innovation touristique durable\",\"potentialAction\":[{\"@type\":\"SearchAction\",\"target\":{\"@type\":\"EntryPoint\",\"urlTemplate\":\"https:\/\/www.slow-tourisme-lab.fr\/fr\/?s={search_term_string}\"},\"query-input\":{\"@type\":\"PropertyValueSpecification\",\"valueRequired\":true,\"valueName\":\"search_term_string\"}}],\"inLanguage\":\"fr-FR\"}]}<\/script>\n<!-- \/ Yoast SEO plugin. -->","yoast_head_json":{"title":"Botdefoin - Slow Tourisme Lab","description":"La 1er vrai plateforme de r\u00e9servation d\u2019activit\u00e9 \u00e0 la ferme et de vivre des exp\u00e9riences originales et toute authenticit\u00e9. Botdefoin cr\u00e9\u00e9 de la valeur pour l\u2019agriculteur, le voyageur et le territoire.","robots":{"index":"index","follow":"follow","max-snippet":"max-snippet:-1","max-image-preview":"max-image-preview:large","max-video-preview":"max-video-preview:-1"},"canonical":"https:\/\/www.slow-tourisme-lab.fr\/fr\/botdefoin\/","og_locale":"fr_FR","og_type":"article","og_title":"Botdefoin - Slow Tourisme Lab","og_description":"La 1er vrai plateforme de r\u00e9servation d\u2019activit\u00e9 \u00e0 la ferme et de vivre des exp\u00e9riences originales et toute authenticit\u00e9. Botdefoin cr\u00e9\u00e9 de la valeur pour l\u2019agriculteur, le voyageur et le territoire.","og_url":"https:\/\/www.slow-tourisme-lab.fr\/fr\/botdefoin\/","og_site_name":"Slow Tourisme Lab","article_modified_time":"2024-03-15T08:24:59+00:00","og_image":[{"width":200,"height":200,"url":"https:\/\/www.slow-tourisme-lab.fr\/assets\/uploads\/sites\/50\/2024\/02\/Logo_Botdefoin.jpg","type":"image\/jpeg"}],"twitter_card":"summary_large_image","twitter_misc":{"Dur\u00e9e de lecture estim\u00e9e":"4 minutes"},"schema":{"@context":"https:\/\/schema.org","@graph":[{"@type":"WebPage","@id":"https:\/\/www.slow-tourisme-lab.fr\/fr\/botdefoin\/","url":"https:\/\/www.slow-tourisme-lab.fr\/fr\/botdefoin\/","name":"Botdefoin - Slow Tourisme Lab","isPartOf":{"@id":"https:\/\/www.slow-tourisme-lab.fr\/fr\/#website"},"primaryImageOfPage":{"@id":"https:\/\/www.slow-tourisme-lab.fr\/fr\/botdefoin\/#primaryimage"},"image":{"@id":"https:\/\/www.slow-tourisme-lab.fr\/fr\/botdefoin\/#primaryimage"},"thumbnailUrl":"https:\/\/www.slow-tourisme-lab.fr\/assets\/uploads\/sites\/50\/2024\/02\/Logo_Botdefoin.jpg","datePublished":"2024-02-23T13:35:11+00:00","dateModified":"2024-03-15T08:24:59+00:00","description":"La 1er vrai plateforme de r\u00e9servation d\u2019activit\u00e9 \u00e0 la ferme et de vivre des exp\u00e9riences originales et toute authenticit\u00e9. Botdefoin cr\u00e9\u00e9 de la valeur pour l\u2019agriculteur, le voyageur et le territoire.","breadcrumb":{"@id":"https:\/\/www.slow-tourisme-lab.fr\/fr\/botdefoin\/#breadcrumb"},"inLanguage":"fr-FR","potentialAction":[{"@type":"ReadAction","target":["https:\/\/www.slow-tourisme-lab.fr\/fr\/botdefoin\/"]}]},{"@type":"ImageObject","inLanguage":"fr-FR","@id":"https:\/\/www.slow-tourisme-lab.fr\/fr\/botdefoin\/#primaryimage","url":"https:\/\/www.slow-tourisme-lab.fr\/assets\/uploads\/sites\/50\/2024\/02\/Logo_Botdefoin.jpg","contentUrl":"https:\/\/www.slow-tourisme-lab.fr\/assets\/uploads\/sites\/50\/2024\/02\/Logo_Botdefoin.jpg","width":200,"height":200},{"@type":"BreadcrumbList","@id":"https:\/\/www.slow-tourisme-lab.fr\/fr\/botdefoin\/#breadcrumb","itemListElement":[{"@type":"ListItem","position":1,"name":"Accueil","item":"https:\/\/www.slow-tourisme-lab.fr\/fr\/"},{"@type":"ListItem","position":2,"name":"Botdefoin"}]},{"@type":"WebSite","@id":"https:\/\/www.slow-tourisme-lab.fr\/fr\/#website","url":"https:\/\/www.slow-tourisme-lab.fr\/fr\/","name":"Slow Tourisme Lab","description":"Un accompagnement pour l'innovation touristique durable","potentialAction":[{"@type":"SearchAction","target":{"@type":"EntryPoint","urlTemplate":"https:\/\/www.slow-tourisme-lab.fr\/fr\/?s={search_term_string}"},"query-input":{"@type":"PropertyValueSpecification","valueRequired":true,"valueName":"search_term_string"}}],"inLanguage":"fr-FR"}]}},"_links":{"self":[{"href":"https:\/\/www.slow-tourisme-lab.fr\/fr\/wp-json\/wp\/v2\/pages\/20192\/"}],"collection":[{"href":"https:\/\/www.slow-tourisme-lab.fr\/fr\/wp-json\/wp\/v2\/pages\/"}],"about":[{"href":"https:\/\/www.slow-tourisme-lab.fr\/fr\/wp-json\/wp\/v2\/types\/page\/"}],"author":[{"embeddable":true,"href":"https:\/\/www.slow-tourisme-lab.fr\/fr\/wp-json\/wp\/v2\/users\/43\/"}],"replies":[{"embeddable":true,"href":"https:\/\/www.slow-tourisme-lab.fr\/fr\/wp-json\/wp\/v2\/comments\/?post=20192"}],"version-history":[{"count":5,"href":"https:\/\/www.slow-tourisme-lab.fr\/fr\/wp-json\/wp\/v2\/pages\/20192\/revisions\/"}],"predecessor-version":[{"id":20304,"href":"https:\/\/www.slow-tourisme-lab.fr\/fr\/wp-json\/wp\/v2\/pages\/20192\/revisions\/20304\/"}],"wp:featuredmedia":[{"embeddable":true,"href":"https:\/\/www.slow-tourisme-lab.fr\/fr\/wp-json\/wp\/v2\/media\/20170\/"}],"wp:attachment":[{"href":"https:\/\/www.slow-tourisme-lab.fr\/fr\/wp-json\/wp\/v2\/media\/?parent=20192"}],"curies":[{"name":"wp","href":"https:\/\/api.w.org\/{rel}","templated":true}]}}