{"id":20191,"date":"2024-02-23T13:37:58","date_gmt":"2024-02-23T12:37:58","guid":{"rendered":"https:\/\/www.slow-tourisme-lab.fr\/?page_id=20191"},"modified":"2024-12-13T15:38:01","modified_gmt":"2024-12-13T14:38:01","slug":"noknok","status":"publish","type":"page","link":"https:\/\/www.slow-tourisme-lab.fr\/fr\/noknok\/","title":{"rendered":"NokNok"},"content":{"rendered":"<div class=\"wpb-content-wrapper\"><p>[vc_row css_animation=\u00a0\u00bb\u00a0\u00bb row_type=\u00a0\u00bbrow\u00a0\u00bb use_row_as_full_screen_section=\u00a0\u00bbno\u00a0\u00bb type=\u00a0\u00bbfull_width\u00a0\u00bb angled_section=\u00a0\u00bbno\u00a0\u00bb text_align=\u00a0\u00bbleft\u00a0\u00bb background_image_as_pattern=\u00a0\u00bbwithout_pattern\u00a0\u00bb][vc_column][vc_single_image image=\u00a0\u00bb20174&Prime; img_size=\u00a0\u00bblarge\u00a0\u00bb alignment=\u00a0\u00bbcenter\u00a0\u00bb qode_css_animation=\u00a0\u00bb\u00a0\u00bb][vc_empty_space][vc_column_text css=\u00a0\u00bb\u00a0\u00bb]<\/p>\n<h2 style=\"text-align: center\"><\/h2>\n<p style=\"text-align: center\"><strong><em>Une rencontre de la culture \u00e0 la fran\u00e7aise chez un habitant<\/em><\/strong><\/p>\n<p>[\/vc_column_text][\/vc_column][\/vc_row][vc_row css_animation=\u00a0\u00bb\u00a0\u00bb row_type=\u00a0\u00bbrow\u00a0\u00bb use_row_as_full_screen_section=\u00a0\u00bbno\u00a0\u00bb type=\u00a0\u00bbfull_width\u00a0\u00bb angled_section=\u00a0\u00bbno\u00a0\u00bb text_align=\u00a0\u00bbleft\u00a0\u00bb background_image_as_pattern=\u00a0\u00bbwithout_pattern\u00a0\u00bb][vc_column][vc_empty_space][\/vc_column][\/vc_row][vc_row css_animation=\u00a0\u00bb\u00a0\u00bb row_type=\u00a0\u00bbrow\u00a0\u00bb use_row_as_full_screen_section=\u00a0\u00bbno\u00a0\u00bb type=\u00a0\u00bbfull_width\u00a0\u00bb angled_section=\u00a0\u00bbno\u00a0\u00bb text_align=\u00a0\u00bbleft\u00a0\u00bb background_image_as_pattern=\u00a0\u00bbwithout_pattern\u00a0\u00bb][vc_column width=\u00a0\u00bb1\/4&Prime;][vc_single_image image=\u00a0\u00bb20199&Prime; img_size=\u00a0\u00bbfull\u00a0\u00bb qode_css_animation=\u00a0\u00bb\u00a0\u00bb][vc_empty_space][\/vc_column][vc_column width=\u00a0\u00bb3\/4&Prime;][vc_column_text]<\/p>\n<h1><span style=\"font-weight: 400\">Le concept de NokNok<\/span><\/h1>\n<p>Noknok offre aux voyageurs internationaux, principalement des Am\u00e9ricains et des Anglo-saxons mais aussi des Sud-Am\u00e9ricains, des Asiatiques, la possibilit\u00e9 de passer quatre heures chez des Fran\u00e7ais en petit groupes priv\u00e9s compos\u00e9s de 2 \u00e0 6 personnes,<\/p>\n<p>Les h\u00f4tes r\u00e9sident dans des maisons de campagne typiques avec un charme particulier, pr\u00e9parent et partagent avec leurs invit\u00e9s un plat local ou fran\u00e7ais authentique. L&rsquo;objectif est de cr\u00e9er une exp\u00e9rience unique, offrant une immersion authentique et enrichissante ![\/vc_column_text][\/vc_column][\/vc_row][vc_row css_animation=\u00a0\u00bb\u00a0\u00bb row_type=\u00a0\u00bbrow\u00a0\u00bb use_row_as_full_screen_section=\u00a0\u00bbno\u00a0\u00bb type=\u00a0\u00bbfull_width\u00a0\u00bb angled_section=\u00a0\u00bbno\u00a0\u00bb text_align=\u00a0\u00bbleft\u00a0\u00bb background_image_as_pattern=\u00a0\u00bbwithout_pattern\u00a0\u00bb][vc_column][vc_empty_space][\/vc_column][\/vc_row][vc_row css_animation=\u00a0\u00bb\u00a0\u00bb row_type=\u00a0\u00bbrow\u00a0\u00bb use_row_as_full_screen_section=\u00a0\u00bbno\u00a0\u00bb type=\u00a0\u00bbfull_width\u00a0\u00bb angled_section=\u00a0\u00bbno\u00a0\u00bb text_align=\u00a0\u00bbleft\u00a0\u00bb background_image_as_pattern=\u00a0\u00bbwithout_pattern\u00a0\u00bb][vc_column][vc_column_text]<\/p>\n<h2 style=\"text-align: center\">Devenez h\u00f4te Noknok<\/h2>\n<p>&nbsp;<\/p>\n<p>Les visiteurs Noknok arriveront directement chez vous par leurs propres moyens.<\/p>\n<p>Vous aurez l&rsquo;opportunit\u00e9 de pr\u00e9senter votre maison et, le cas \u00e9ch\u00e9ant, votre jardin ou terrain. Pour nos visiteurs souvent habitu\u00e9s aux environnements citadins, chaque aspect de la vie \u00ab\u00a0A la fran\u00e7aise\u00a0\u00bb est fascinant : <strong>d\u00e9couvrir une maison locale typique<\/strong>, <strong>r\u00e9colter des fruits<\/strong>, <strong>composer un bouquet de fleurs<\/strong>, <strong>savourer un moment paisible avec une boisson<\/strong>, explorer un potager, allumer un feu, concocter des cr\u00eapes ou des confitures, <strong>jouer \u00e0 la p\u00e9tanque<\/strong>, se promener \u00e0 pied, observer les animaux dans les p\u00e2turages, visiter un march\u00e9, entrer dans une \u00e9glise&#8230; et peut-\u00eatre m\u00eame partager<strong> votre passion<\/strong> avec eux.<\/p>\n<p>&nbsp;<\/p>\n<p><strong>Aux yeux de ces voyageurs venant de loin, votre style de vie regorge de tr\u00e9sors et de surprises !<\/strong><\/p>\n<p>&nbsp;<\/p>\n<p>La r\u00e9mun\u00e9ration, comprise entre <strong>70 et 180 \u20ac<\/strong> par groupe accueilli (2 \u00e0 6 personnes), vous sera vers\u00e9e sur votre compte personnel. Vous \u00eates libre de choisir la fr\u00e9quence des accueils. Bien que la ma\u00eetrise de l&rsquo;anglais soit recommand\u00e9e, elle n&rsquo;est pas obligatoire. La connaissance d&rsquo;autres langues est un avantage suppl\u00e9mentaire.[\/vc_column_text][vc_empty_space][vc_single_image image=\u00a0\u00bb20224&Prime; img_size=\u00a0\u00bb800&#215;542&Prime; alignment=\u00a0\u00bbcenter\u00a0\u00bb qode_css_animation=\u00a0\u00bb\u00a0\u00bb][vc_empty_space][\/vc_column][\/vc_row][vc_row css_animation=\u00a0\u00bb\u00a0\u00bb row_type=\u00a0\u00bbrow\u00a0\u00bb use_row_as_full_screen_section=\u00a0\u00bbno\u00a0\u00bb type=\u00a0\u00bbfull_width\u00a0\u00bb angled_section=\u00a0\u00bbno\u00a0\u00bb text_align=\u00a0\u00bbleft\u00a0\u00bb background_image_as_pattern=\u00a0\u00bbwithout_pattern\u00a0\u00bb][vc_column][vc_column_text]<\/p>\n<h3 style=\"text-align: center\">Les repas<\/h3>\n<p>[\/vc_column_text][vc_empty_space][vc_column_text]Dans le cadre de cette exp\u00e9rience, le repas est un moment clef pour vos visiteurs d&rsquo;un jour. Vous aurez l&rsquo;occasion de pr\u00e9parer le d\u00e9jeuner (ou le d\u00eener selon votre pr\u00e9f\u00e9rence) pour vos h\u00f4tes, en mettant en avant un plat local typique, et de le partager avec eux autour de la table.[\/vc_column_text][vc_empty_space height=\u00a0\u00bb100px\u00a0\u00bb][vc_column_text css=\u00a0\u00bb\u00a0\u00bb]<\/p>\n<h2 style=\"text-align: center\"><a href=\"https:\/\/www.noknoklocal.com\/\" target=\"_blank\" rel=\"noopener noreferrer\">Cliquez ici pour devenir h\u00f4te Noknok<\/a><\/h2>\n<p>[\/vc_column_text][vc_empty_space height=\u00a0\u00bb100px\u00a0\u00bb][\/vc_column][\/vc_row][vc_row css_animation=\u00a0\u00bb\u00a0\u00bb row_type=\u00a0\u00bbrow\u00a0\u00bb use_row_as_full_screen_section=\u00a0\u00bbno\u00a0\u00bb type=\u00a0\u00bbfull_width\u00a0\u00bb angled_section=\u00a0\u00bbno\u00a0\u00bb text_align=\u00a0\u00bbleft\u00a0\u00bb background_image_as_pattern=\u00a0\u00bbwithout_pattern\u00a0\u00bb][vc_column width=\u00a0\u00bb1\/2&Prime;]<div class=\"ult-team-member-wrap ult-style-1  \"><div class=\"ult-team-member-image\" style=\"\"> <img decoding=\"async\" class=\"ult-team-grayscale\" src=\"\" alt=\"\"  style=\"\"><span class=\"ult-team-member-image-overlay \"  ><\/span><\/div><div class=\"ult-team-member-bio-wrap style-1 ultimate-heading69d77d4f9cfd2\" style=\"text-align:center;; \"><div class=\"ult-team-member-name-wrap\"><h2 class=\"ult-team-member-name ult-responsive\"  data-ultimate-target='.ult-team-member-bio-wrap.ultimate-heading69d77d4f9cfd2 .ult-team-member-name'  data-responsive-json-new='{\"font-size\":\"\",\"line-height\":\"\"}'  style=\"\">Noknok<\/h2><div class=\"ult-team-member-description ult-responsive\"  data-ultimate-target='.ult-team-member-bio-wrap.ultimate-heading69d77d4f9cfd2 .ult-team-member-description'  data-responsive-json-new='{\"font-size\":\"\",\"line-height\":\"\"}'  style=\"\"><p><strong><a href=\"mailto:hello@noknoklocal.com\">hello@noknoklocal.com<\/a><\/strong><\/p>\n<p><a href=\"https:\/\/www.noknoklocal.com\/\" target=\"_blank\" rel=\"noopener\">www.noknoklocal.com<\/a><\/p><\/div><div style=\"margin-bottom:15px\"><\/div><div class='ult-social-buttons'><a href='https:\/\/www.linkedin.com\/in\/clement-duhamel-cct\/' target='_blank' rel='noopener' title='Linkedin' class='ult-team ult-social-icon' style='font-size:40px ; margin-left:5px;margin-right:5px;;'  data-iconcolor='inherit' data-iconhover='inherit' ><i class='Defaults-linkedin-square'><\/i><\/a><a href='https:\/\/www.facebook.com\/people\/Noknok\/100094848394331\/' target='_blank' rel='noopener' title='Facebook' class='ult-team ult-social-icon' style='font-size:40px ; margin-left:5px;margin-right:5px;;'  data-iconcolor='inherit' data-iconhover='inherit' ><i class='Defaults-facebook-square'><\/i><\/a><\/div><\/div><\/div><\/div>[\/vc_column][vc_column width=\u00a0\u00bb1\/2&Prime;][vc_empty_space height=\u00a0\u00bb100px\u00a0\u00bb][\/vc_column][\/vc_row]<\/p>\n<\/div>","protected":false},"excerpt":{"rendered":"<p>[vc_row css_animation=\u00a0\u00bb\u00a0\u00bb row_type=\u00a0\u00bbrow\u00a0\u00bb use_row_as_full_screen_section=\u00a0\u00bbno\u00a0\u00bb type=\u00a0\u00bbfull_width\u00a0\u00bb angled_section=\u00a0\u00bbno\u00a0\u00bb text_align=\u00a0\u00bbleft\u00a0\u00bb background_image_as_pattern=\u00a0\u00bbwithout_pattern\u00a0\u00bb][vc_column][vc_single_image image=\u00a0\u00bb20174&Prime; img_size=\u00a0\u00bblarge\u00a0\u00bb alignment=\u00a0\u00bbcenter\u00a0\u00bb qode_css_animation=\u00a0\u00bb\u00a0\u00bb][vc_empty_space][vc_column_text css=\u00a0\u00bb\u00a0\u00bb] Une rencontre de la culture \u00e0 la fran\u00e7aise chez un habitant [\/vc_column_text][\/vc_column][\/vc_row][vc_row css_animation=\u00a0\u00bb\u00a0\u00bb row_type=\u00a0\u00bbrow\u00a0\u00bb use_row_as_full_screen_section=\u00a0\u00bbno\u00a0\u00bb type=\u00a0\u00bbfull_width\u00a0\u00bb angled_section=\u00a0\u00bbno\u00a0\u00bb text_align=\u00a0\u00bbleft\u00a0\u00bb background_image_as_pattern=\u00a0\u00bbwithout_pattern\u00a0\u00bb][vc_column][vc_empty_space][\/vc_column][\/vc_row][vc_row css_animation=\u00a0\u00bb\u00a0\u00bb row_type=\u00a0\u00bbrow\u00a0\u00bb use_row_as_full_screen_section=\u00a0\u00bbno\u00a0\u00bb type=\u00a0\u00bbfull_width\u00a0\u00bb angled_section=\u00a0\u00bbno\u00a0\u00bb text_align=\u00a0\u00bbleft\u00a0\u00bb background_image_as_pattern=\u00a0\u00bbwithout_pattern\u00a0\u00bb][vc_column width=\u00a0\u00bb1\/4&Prime;][vc_single_image image=\u00a0\u00bb20199&Prime; img_size=\u00a0\u00bbfull\u00a0\u00bb qode_css_animation=\u00a0\u00bb\u00a0\u00bb][vc_empty_space][\/vc_column][vc_column width=\u00a0\u00bb3\/4&Prime;][vc_column_text] Le&#8230;<\/p>\n","protected":false},"author":43,"featured_media":20174,"parent":0,"menu_order":0,"comment_status":"closed","ping_status":"closed","template":"","meta":{"footnotes":""},"class_list":["post-20191","page","type-page","status-publish","has-post-thumbnail","hentry"],"yoast_head":"<!-- This site is optimized with the Yoast SEO plugin v26.6 - https:\/\/yoast.com\/wordpress\/plugins\/seo\/ -->\n<title>NokNok - Slow Tourisme Lab<\/title>\n<meta name=\"description\" content=\"Noknok donne la possibilit\u00e9 aux touristes internationaux (Am\u00e9ricains et Anglo-saxons en t\u00eate mais aussi Sud-Am\u00e9ricains, Asiatiques...) par groupes priv\u00e9s de 2 \u00e0 6 personnes de passer 4 heures (sans nuit\u00e9e) chez des Fran\u00e7ais.Les h\u00f4tes s\u00e9lectionn\u00e9s habitent des maisons typiques \u00ab coup de c\u0153ur \u00bb dans des campagnes de caract\u00e8re et cuisinent un plat typique local ou fran\u00e7ais pris avec leurs visiteurs. L&#039;id\u00e9e est de proposer un moment unique, une exp\u00e9rience typique et riche en d\u00e9couvertes !\" \/>\n<meta name=\"robots\" content=\"index, follow, max-snippet:-1, max-image-preview:large, max-video-preview:-1\" \/>\n<link rel=\"canonical\" href=\"https:\/\/www.slow-tourisme-lab.fr\/fr\/noknok\/\" \/>\n<meta property=\"og:locale\" content=\"fr_FR\" \/>\n<meta property=\"og:type\" content=\"article\" \/>\n<meta property=\"og:title\" content=\"NokNok - Slow Tourisme Lab\" \/>\n<meta property=\"og:description\" content=\"Noknok donne la possibilit\u00e9 aux touristes internationaux (Am\u00e9ricains et Anglo-saxons en t\u00eate mais aussi Sud-Am\u00e9ricains, Asiatiques...) par groupes priv\u00e9s de 2 \u00e0 6 personnes de passer 4 heures (sans nuit\u00e9e) chez des Fran\u00e7ais.Les h\u00f4tes s\u00e9lectionn\u00e9s habitent des maisons typiques \u00ab coup de c\u0153ur \u00bb dans des campagnes de caract\u00e8re et cuisinent un plat typique local ou fran\u00e7ais pris avec leurs visiteurs. L&#039;id\u00e9e est de proposer un moment unique, une exp\u00e9rience typique et riche en d\u00e9couvertes !\" \/>\n<meta property=\"og:url\" content=\"https:\/\/www.slow-tourisme-lab.fr\/fr\/noknok\/\" \/>\n<meta property=\"og:site_name\" content=\"Slow Tourisme Lab\" \/>\n<meta property=\"article:modified_time\" content=\"2024-12-13T14:38:01+00:00\" \/>\n<meta property=\"og:image\" content=\"https:\/\/www.slow-tourisme-lab.fr\/assets\/uploads\/sites\/50\/2024\/02\/Logo-Noknok-large.png\" \/>\n\t<meta property=\"og:image:width\" content=\"186\" \/>\n\t<meta property=\"og:image:height\" content=\"141\" \/>\n\t<meta property=\"og:image:type\" content=\"image\/png\" \/>\n<meta name=\"twitter:card\" content=\"summary_large_image\" \/>\n<meta name=\"twitter:label1\" content=\"Dur\u00e9e de lecture estim\u00e9e\" \/>\n\t<meta name=\"twitter:data1\" content=\"3 minutes\" \/>\n<script type=\"application\/ld+json\" class=\"yoast-schema-graph\">{\"@context\":\"https:\/\/schema.org\",\"@graph\":[{\"@type\":\"WebPage\",\"@id\":\"https:\/\/www.slow-tourisme-lab.fr\/fr\/noknok\/\",\"url\":\"https:\/\/www.slow-tourisme-lab.fr\/fr\/noknok\/\",\"name\":\"NokNok - Slow Tourisme Lab\",\"isPartOf\":{\"@id\":\"https:\/\/www.slow-tourisme-lab.fr\/fr\/#website\"},\"primaryImageOfPage\":{\"@id\":\"https:\/\/www.slow-tourisme-lab.fr\/fr\/noknok\/#primaryimage\"},\"image\":{\"@id\":\"https:\/\/www.slow-tourisme-lab.fr\/fr\/noknok\/#primaryimage\"},\"thumbnailUrl\":\"https:\/\/www.slow-tourisme-lab.fr\/assets\/uploads\/sites\/50\/2024\/02\/Logo-Noknok-large.png\",\"datePublished\":\"2024-02-23T12:37:58+00:00\",\"dateModified\":\"2024-12-13T14:38:01+00:00\",\"description\":\"Noknok donne la possibilit\u00e9 aux touristes internationaux (Am\u00e9ricains et Anglo-saxons en t\u00eate mais aussi Sud-Am\u00e9ricains, Asiatiques...) par groupes priv\u00e9s de 2 \u00e0 6 personnes de passer 4 heures (sans nuit\u00e9e) chez des Fran\u00e7ais.Les h\u00f4tes s\u00e9lectionn\u00e9s habitent des maisons typiques \u00ab coup de c\u0153ur \u00bb dans des campagnes de caract\u00e8re et cuisinent un plat typique local ou fran\u00e7ais pris avec leurs visiteurs. L'id\u00e9e est de proposer un moment unique, une exp\u00e9rience typique et riche en d\u00e9couvertes !\",\"breadcrumb\":{\"@id\":\"https:\/\/www.slow-tourisme-lab.fr\/fr\/noknok\/#breadcrumb\"},\"inLanguage\":\"fr-FR\",\"potentialAction\":[{\"@type\":\"ReadAction\",\"target\":[\"https:\/\/www.slow-tourisme-lab.fr\/fr\/noknok\/\"]}]},{\"@type\":\"ImageObject\",\"inLanguage\":\"fr-FR\",\"@id\":\"https:\/\/www.slow-tourisme-lab.fr\/fr\/noknok\/#primaryimage\",\"url\":\"https:\/\/www.slow-tourisme-lab.fr\/assets\/uploads\/sites\/50\/2024\/02\/Logo-Noknok-large.png\",\"contentUrl\":\"https:\/\/www.slow-tourisme-lab.fr\/assets\/uploads\/sites\/50\/2024\/02\/Logo-Noknok-large.png\",\"width\":186,\"height\":141},{\"@type\":\"BreadcrumbList\",\"@id\":\"https:\/\/www.slow-tourisme-lab.fr\/fr\/noknok\/#breadcrumb\",\"itemListElement\":[{\"@type\":\"ListItem\",\"position\":1,\"name\":\"Accueil\",\"item\":\"https:\/\/www.slow-tourisme-lab.fr\/fr\/\"},{\"@type\":\"ListItem\",\"position\":2,\"name\":\"NokNok\"}]},{\"@type\":\"WebSite\",\"@id\":\"https:\/\/www.slow-tourisme-lab.fr\/fr\/#website\",\"url\":\"https:\/\/www.slow-tourisme-lab.fr\/fr\/\",\"name\":\"Slow Tourisme Lab\",\"description\":\"Un accompagnement pour l'innovation touristique durable\",\"potentialAction\":[{\"@type\":\"SearchAction\",\"target\":{\"@type\":\"EntryPoint\",\"urlTemplate\":\"https:\/\/www.slow-tourisme-lab.fr\/fr\/?s={search_term_string}\"},\"query-input\":{\"@type\":\"PropertyValueSpecification\",\"valueRequired\":true,\"valueName\":\"search_term_string\"}}],\"inLanguage\":\"fr-FR\"}]}<\/script>\n<!-- \/ Yoast SEO plugin. -->","yoast_head_json":{"title":"NokNok - Slow Tourisme Lab","description":"Noknok donne la possibilit\u00e9 aux touristes internationaux (Am\u00e9ricains et Anglo-saxons en t\u00eate mais aussi Sud-Am\u00e9ricains, Asiatiques...) par groupes priv\u00e9s de 2 \u00e0 6 personnes de passer 4 heures (sans nuit\u00e9e) chez des Fran\u00e7ais.Les h\u00f4tes s\u00e9lectionn\u00e9s habitent des maisons typiques \u00ab coup de c\u0153ur \u00bb dans des campagnes de caract\u00e8re et cuisinent un plat typique local ou fran\u00e7ais pris avec leurs visiteurs. L'id\u00e9e est de proposer un moment unique, une exp\u00e9rience typique et riche en d\u00e9couvertes !","robots":{"index":"index","follow":"follow","max-snippet":"max-snippet:-1","max-image-preview":"max-image-preview:large","max-video-preview":"max-video-preview:-1"},"canonical":"https:\/\/www.slow-tourisme-lab.fr\/fr\/noknok\/","og_locale":"fr_FR","og_type":"article","og_title":"NokNok - Slow Tourisme Lab","og_description":"Noknok donne la possibilit\u00e9 aux touristes internationaux (Am\u00e9ricains et Anglo-saxons en t\u00eate mais aussi Sud-Am\u00e9ricains, Asiatiques...) par groupes priv\u00e9s de 2 \u00e0 6 personnes de passer 4 heures (sans nuit\u00e9e) chez des Fran\u00e7ais.Les h\u00f4tes s\u00e9lectionn\u00e9s habitent des maisons typiques \u00ab coup de c\u0153ur \u00bb dans des campagnes de caract\u00e8re et cuisinent un plat typique local ou fran\u00e7ais pris avec leurs visiteurs. L'id\u00e9e est de proposer un moment unique, une exp\u00e9rience typique et riche en d\u00e9couvertes !","og_url":"https:\/\/www.slow-tourisme-lab.fr\/fr\/noknok\/","og_site_name":"Slow Tourisme Lab","article_modified_time":"2024-12-13T14:38:01+00:00","og_image":[{"width":186,"height":141,"url":"https:\/\/www.slow-tourisme-lab.fr\/assets\/uploads\/sites\/50\/2024\/02\/Logo-Noknok-large.png","type":"image\/png"}],"twitter_card":"summary_large_image","twitter_misc":{"Dur\u00e9e de lecture estim\u00e9e":"3 minutes"},"schema":{"@context":"https:\/\/schema.org","@graph":[{"@type":"WebPage","@id":"https:\/\/www.slow-tourisme-lab.fr\/fr\/noknok\/","url":"https:\/\/www.slow-tourisme-lab.fr\/fr\/noknok\/","name":"NokNok - Slow Tourisme Lab","isPartOf":{"@id":"https:\/\/www.slow-tourisme-lab.fr\/fr\/#website"},"primaryImageOfPage":{"@id":"https:\/\/www.slow-tourisme-lab.fr\/fr\/noknok\/#primaryimage"},"image":{"@id":"https:\/\/www.slow-tourisme-lab.fr\/fr\/noknok\/#primaryimage"},"thumbnailUrl":"https:\/\/www.slow-tourisme-lab.fr\/assets\/uploads\/sites\/50\/2024\/02\/Logo-Noknok-large.png","datePublished":"2024-02-23T12:37:58+00:00","dateModified":"2024-12-13T14:38:01+00:00","description":"Noknok donne la possibilit\u00e9 aux touristes internationaux (Am\u00e9ricains et Anglo-saxons en t\u00eate mais aussi Sud-Am\u00e9ricains, Asiatiques...) par groupes priv\u00e9s de 2 \u00e0 6 personnes de passer 4 heures (sans nuit\u00e9e) chez des Fran\u00e7ais.Les h\u00f4tes s\u00e9lectionn\u00e9s habitent des maisons typiques \u00ab coup de c\u0153ur \u00bb dans des campagnes de caract\u00e8re et cuisinent un plat typique local ou fran\u00e7ais pris avec leurs visiteurs. L'id\u00e9e est de proposer un moment unique, une exp\u00e9rience typique et riche en d\u00e9couvertes !","breadcrumb":{"@id":"https:\/\/www.slow-tourisme-lab.fr\/fr\/noknok\/#breadcrumb"},"inLanguage":"fr-FR","potentialAction":[{"@type":"ReadAction","target":["https:\/\/www.slow-tourisme-lab.fr\/fr\/noknok\/"]}]},{"@type":"ImageObject","inLanguage":"fr-FR","@id":"https:\/\/www.slow-tourisme-lab.fr\/fr\/noknok\/#primaryimage","url":"https:\/\/www.slow-tourisme-lab.fr\/assets\/uploads\/sites\/50\/2024\/02\/Logo-Noknok-large.png","contentUrl":"https:\/\/www.slow-tourisme-lab.fr\/assets\/uploads\/sites\/50\/2024\/02\/Logo-Noknok-large.png","width":186,"height":141},{"@type":"BreadcrumbList","@id":"https:\/\/www.slow-tourisme-lab.fr\/fr\/noknok\/#breadcrumb","itemListElement":[{"@type":"ListItem","position":1,"name":"Accueil","item":"https:\/\/www.slow-tourisme-lab.fr\/fr\/"},{"@type":"ListItem","position":2,"name":"NokNok"}]},{"@type":"WebSite","@id":"https:\/\/www.slow-tourisme-lab.fr\/fr\/#website","url":"https:\/\/www.slow-tourisme-lab.fr\/fr\/","name":"Slow Tourisme Lab","description":"Un accompagnement pour l'innovation touristique durable","potentialAction":[{"@type":"SearchAction","target":{"@type":"EntryPoint","urlTemplate":"https:\/\/www.slow-tourisme-lab.fr\/fr\/?s={search_term_string}"},"query-input":{"@type":"PropertyValueSpecification","valueRequired":true,"valueName":"search_term_string"}}],"inLanguage":"fr-FR"}]}},"_links":{"self":[{"href":"https:\/\/www.slow-tourisme-lab.fr\/fr\/wp-json\/wp\/v2\/pages\/20191\/"}],"collection":[{"href":"https:\/\/www.slow-tourisme-lab.fr\/fr\/wp-json\/wp\/v2\/pages\/"}],"about":[{"href":"https:\/\/www.slow-tourisme-lab.fr\/fr\/wp-json\/wp\/v2\/types\/page\/"}],"author":[{"embeddable":true,"href":"https:\/\/www.slow-tourisme-lab.fr\/fr\/wp-json\/wp\/v2\/users\/43\/"}],"replies":[{"embeddable":true,"href":"https:\/\/www.slow-tourisme-lab.fr\/fr\/wp-json\/wp\/v2\/comments\/?post=20191"}],"version-history":[{"count":6,"href":"https:\/\/www.slow-tourisme-lab.fr\/fr\/wp-json\/wp\/v2\/pages\/20191\/revisions\/"}],"predecessor-version":[{"id":20597,"href":"https:\/\/www.slow-tourisme-lab.fr\/fr\/wp-json\/wp\/v2\/pages\/20191\/revisions\/20597\/"}],"wp:featuredmedia":[{"embeddable":true,"href":"https:\/\/www.slow-tourisme-lab.fr\/fr\/wp-json\/wp\/v2\/media\/20174\/"}],"wp:attachment":[{"href":"https:\/\/www.slow-tourisme-lab.fr\/fr\/wp-json\/wp\/v2\/media\/?parent=20191"}],"curies":[{"name":"wp","href":"https:\/\/api.w.org\/{rel}","templated":true}]}}