{"id":20073,"date":"2023-10-05T11:03:47","date_gmt":"2023-10-05T09:03:47","guid":{"rendered":"https:\/\/www.slow-tourisme-lab.fr\/?page_id=20073"},"modified":"2023-11-29T12:24:43","modified_gmt":"2023-11-29T11:24:43","slug":"chaff","status":"publish","type":"page","link":"https:\/\/www.slow-tourisme-lab.fr\/fr\/chaff\/","title":{"rendered":"Chaff"},"content":{"rendered":"<div class=\"wpb-content-wrapper\"><p>[vc_row css_animation=\u00a0\u00bb\u00a0\u00bb row_type=\u00a0\u00bbrow\u00a0\u00bb use_row_as_full_screen_section=\u00a0\u00bbno\u00a0\u00bb type=\u00a0\u00bbfull_width\u00a0\u00bb angled_section=\u00a0\u00bbno\u00a0\u00bb text_align=\u00a0\u00bbleft\u00a0\u00bb background_image_as_pattern=\u00a0\u00bbwithout_pattern\u00a0\u00bb][vc_column][vc_single_image image=\u00a0\u00bb20078&Prime; img_size=\u00a0\u00bbfull\u00a0\u00bb qode_css_animation=\u00a0\u00bb\u00a0\u00bb][vc_empty_space][\/vc_column][\/vc_row][vc_row css_animation=\u00a0\u00bb\u00a0\u00bb row_type=\u00a0\u00bbrow\u00a0\u00bb use_row_as_full_screen_section=\u00a0\u00bbno\u00a0\u00bb type=\u00a0\u00bbfull_width\u00a0\u00bb angled_section=\u00a0\u00bbno\u00a0\u00bb text_align=\u00a0\u00bbleft\u00a0\u00bb background_image_as_pattern=\u00a0\u00bbwithout_pattern\u00a0\u00bb][vc_column width=\u00a0\u00bb1\/2&Prime;][vc_single_image image=\u00a0\u00bb20074&Prime; img_size=\u00a0\u00bb500&#215;333&Prime; qode_css_animation=\u00a0\u00bb\u00a0\u00bb][vc_empty_space][\/vc_column][vc_column width=\u00a0\u00bb1\/2&Prime;][vc_column_text]<b>Chaff s&rsquo;est donner une mission\u00a0<\/b><\/p>\n<p>Proposer une solution \u00e0 la fois \u00e9cologiquement et \u00e9conomiquement viable pour r\u00e9pondre au d\u00e9fi de recyclage des plus de 230 000 tonnes de marc de caf\u00e9 produites chaque ann\u00e9e en France. En somme, une mission simple \u00e0 expliquer, mais r\u00e9solument ambitieuse[\/vc_column_text][vc_empty_space]<blockquote class=' with_quote_icon' style=''><i class='fa fa-quote-right' style=''><\/i><h5 class='blockquote-text' style='color: #1e73be;'>Chaff, votre partenaire sp\u00e9cialis\u00e9 dans la collecte et le recyclage du marc de caf\u00e9, vous soutient dans votre d\u00e9marche de transition \u00e9cologique.<\/h5><\/blockquote>[\/vc_column][\/vc_row][vc_row css_animation=\u00a0\u00bb\u00a0\u00bb row_type=\u00a0\u00bbrow\u00a0\u00bb use_row_as_full_screen_section=\u00a0\u00bbno\u00a0\u00bb type=\u00a0\u00bbfull_width\u00a0\u00bb angled_section=\u00a0\u00bbno\u00a0\u00bb text_align=\u00a0\u00bbleft\u00a0\u00bb background_image_as_pattern=\u00a0\u00bbwithout_pattern\u00a0\u00bb][vc_column][vc_empty_space][vc_column_text]<strong>Le saviez-vous<\/strong> ? Seulement 35% des grains utilis\u00e9s pour pr\u00e9parer une tasse de caf\u00e9 finissent effectivement dans celle-ci. *<\/p>\n<p>&nbsp;<\/p>\n<p>Que deviennent les 65% de marc de caf\u00e9 restants ? Malgr\u00e9 sa haute teneur en valeur calorifique et ses composants pr\u00e9cieux pour l&rsquo;industrie cosm\u00e9tique et agroalimentaire, il finit trop souvent \u00e0 la poubelle, un gaspillage inutile.<\/p>\n<p>&nbsp;<\/p>\n<p><em>*Source : Alexandre Vondeponseele &#8211; Journal Green Chemistry#24 2020<\/em>[\/vc_column_text][vc_empty_space]<blockquote class=' with_quote_icon' style=''><i class='fa fa-quote-right' style=''><\/i><h5 class='blockquote-text' style='color: #5b1807;'>Une id\u00e9e simple mais g\u00e9niale : Chaff a trouv\u00e9 la solution en transformant ce marc en combustible de chauffage et vous propose de prendre part \u00e0 la valorisation de cette ressource inexploit\u00e9e.<\/h5><\/blockquote>[vc_empty_space][vc_column_text]<\/p>\n<h3 class=\"elementor-icon-box-title\"><img fetchpriority=\"high\" decoding=\"async\" class=\"alignleft wp-image-20076 size-medium\" src=\"https:\/\/www.slow-tourisme-lab.fr\/assets\/uploads\/sites\/50\/2023\/10\/1692084112313-225x300.gif\" alt=\"\" width=\"225\" height=\"300\" srcset=\"https:\/\/www.slow-tourisme-lab.fr\/assets\/uploads\/sites\/50\/2023\/10\/1692084112313-225x300.gif 225w, https:\/\/www.slow-tourisme-lab.fr\/assets\/uploads\/sites\/50\/2023\/10\/1692084112313-768x1024.gif 768w, https:\/\/www.slow-tourisme-lab.fr\/assets\/uploads\/sites\/50\/2023\/10\/1692084112313-600x800.gif 600w, https:\/\/www.slow-tourisme-lab.fr\/assets\/uploads\/sites\/50\/2023\/10\/1692084112313-700x934.gif 700w\" sizes=\"(max-width: 225px) 100vw, 225px\" \/>Service de collecte imagin\u00e9 et con\u00e7u pour votre besoin<\/h3>\n<p class=\"elementor-icon-box-description\">Torr\u00e9facteurs, restaurants, h\u00f4tels, caf\u00e9s, &#8230; nos chaffeurs.euses viennent \u00e0 vous pour collecter votre marc.<\/p>\n<p>&nbsp;<\/p>\n<h3 class=\"elementor-icon-box-title\">Chaff transforme et commercialise des granul\u00e9s de chauffage boost\u00e9 au caf\u00e9<\/h3>\n<p class=\"elementor-icon-box-description\">\u00cates-vous au courant qu&rsquo;il est possible de se r\u00e9chauffer avec du caf\u00e9 ? Gr\u00e2ce aux recherches de Chaff, il est aujourd&rsquo;hui possible de gagner 15% d&rsquo;efficacit\u00e9 calorique avec les pel\u00e9s de bois et de caf\u00e9.<\/p>\n<p>&nbsp;<\/p>\n<p>L&rsquo;\u00e9quipe ne s&rsquo;arr\u00eate pas l\u00e0, et poursuive leurs recherche et d\u00e9veloppement vers d&rsquo;autres gammes de produits comme l&rsquo;huile v\u00e9g\u00e9tale au caf\u00e9[\/vc_column_text][vc_empty_space][\/vc_column][\/vc_row][vc_row css_animation=\u00a0\u00bb\u00a0\u00bb row_type=\u00a0\u00bbrow\u00a0\u00bb use_row_as_full_screen_section=\u00a0\u00bbno\u00a0\u00bb type=\u00a0\u00bbfull_width\u00a0\u00bb angled_section=\u00a0\u00bbno\u00a0\u00bb text_align=\u00a0\u00bbleft\u00a0\u00bb background_image_as_pattern=\u00a0\u00bbwithout_pattern\u00a0\u00bb][vc_column width=\u00a0\u00bb1\/2&Prime;][vc_empty_space][vc_column_text]<\/p>\n<h2><a href=\"https:\/\/fr.ulule.com\/chaff-coffee\/\" target=\"_blank\" rel=\"noopener noreferrer\">La campagne Ulule x Chaff<\/a><\/h2>\n<p>[\/vc_column_text][vc_empty_space][vc_video link=\u00a0\u00bbhttps:\/\/vimeo.com\/875221596&Prime; align=\u00a0\u00bbcenter\u00a0\u00bb][vc_empty_space][vc_column_text]<\/p>\n<h2><a href=\"https:\/\/fr.ulule.com\/chaff-coffee\/\" target=\"_blank\" rel=\"noopener noreferrer\">Participez \u00e0 la campagne et vous pourrez<\/a><\/h2>\n<ul>\n<li>r\u00e9cup\u00e9rer des sacs de granul\u00e9s, voir des palettes, voir l&rsquo;\u00e9quivalent de sacs \u00e0 vie<\/li>\n<li>d\u00e9couvrir l&rsquo;atelier<\/li>\n<li>participer \u00e0 une soir\u00e9e priv\u00e9e<\/li>\n<li>participer \u00e0 une d\u00e9gustation \u00ab\u00a0Slow Coffee\u00a0\u00bb<\/li>\n<li>voir plus &#8230; C&rsquo;est vous le patron, et \u00e0 ce niveau, l&rsquo;\u00e9quipe se d\u00e9place :\u00a0\u00bbCe sera surtout l&rsquo;occasion de se rencontrer et de passer un bon moment ensemble autour du po\u00eale ?\u00a0\u00bb<\/li>\n<\/ul>\n<p>[\/vc_column_text][\/vc_column][vc_column width=\u00a0\u00bb1\/2&Prime;][vc_empty_space][vc_column_text]<\/p>\n<h2>Retour sur l&rsquo;\u00e9v\u00e8nement Paris Coffee Show 2023<\/h2>\n<p>[\/vc_column_text][vc_empty_space][vc_raw_html]JTNDaWZyYW1lJTIwc3JjJTNEJTIyaHR0cHMlM0ElMkYlMkZ3d3cubGlua2VkaW4uY29tJTJGZW1iZWQlMkZmZWVkJTJGdXBkYXRlJTJGdXJuJTNBbGklM0F1Z2NQb3N0JTNBNzEwNzk4Nzg3MTk2OTQ2NDMyMCUyMiUyMGhlaWdodCUzRCUyMjEwMTglMjIlMjB3aWR0aCUzRCUyMjUwNCUyMiUyMGZyYW1lYm9yZGVyJTNEJTIyMCUyMiUyMGFsbG93ZnVsbHNjcmVlbiUzRCUyMiUyMiUyMHRpdGxlJTNEJTIyUG9zdCUyMGludCVDMyVBOWdyJUMzJUE5JTIyJTNFJTNDJTJGaWZyYW1lJTNF[\/vc_raw_html][\/vc_column][\/vc_row][vc_row css_animation=\u00a0\u00bb\u00a0\u00bb row_type=\u00a0\u00bbrow\u00a0\u00bb use_row_as_full_screen_section=\u00a0\u00bbno\u00a0\u00bb type=\u00a0\u00bbfull_width\u00a0\u00bb angled_section=\u00a0\u00bbno\u00a0\u00bb text_align=\u00a0\u00bbleft\u00a0\u00bb background_image_as_pattern=\u00a0\u00bbwithout_pattern\u00a0\u00bb][vc_column width=\u00a0\u00bb1\/2&Prime;]<div class=\"ult-team-member-wrap ult-style-1  \"><div class=\"ult-team-member-image\" style=\"\"> <img decoding=\"async\" class=\"ult-team-grayscale\" src=\"\" alt=\"\"  style=\"\"><span class=\"ult-team-member-image-overlay \"  ><\/span><\/div><div class=\"ult-team-member-bio-wrap style-1 ultimate-heading6a05bb97729e8\" style=\"text-align:center;; \"><div class=\"ult-team-member-name-wrap\"><h2 class=\"ult-team-member-name ult-responsive\"  data-ultimate-target='.ult-team-member-bio-wrap.ultimate-heading6a05bb97729e8 .ult-team-member-name'  data-responsive-json-new='{\"font-size\":\"\",\"line-height\":\"\"}'  style=\"\">Chaff<\/h2><div class=\"ult-team-member-description ult-responsive\"  data-ultimate-target='.ult-team-member-bio-wrap.ultimate-heading6a05bb97729e8 .ult-team-member-description'  data-responsive-json-new='{\"font-size\":\"\",\"line-height\":\"\"}'  style=\"\"><p><\/p>\n<p class=\"text-heading-xlarge inline t-24 v-align-middle break-words\"><a href=\"https:\/\/www.linkedin.com\/in\/axelmolines\/\" target=\"_blank\" rel=\"noopener noreferrer\"><strong>Axel Molines<\/strong> : Co-fondateur et CEO<\/a><\/p>\n<p class=\"text-heading-xlarge inline t-24 v-align-middle break-words\"><a href=\"https:\/\/www.linkedin.com\/in\/vincentlandois\/\" target=\"_blank\" rel=\"noopener noreferrer\"><strong>Vincent Landois<\/strong> : Co-fondateur et CTO<\/a><\/p>\n<p class=\"text-heading-xlarge inline t-24 v-align-middle break-words\"><a href=\"https:\/\/www.linkedin.com\/in\/antonin-thimot-o651691366\/\" target=\"_blank\" rel=\"noopener noreferrer\"><strong>Antonin Thimot<\/strong> : Co-fondateur et COO<\/a><\/p>\n<p><strong><a href=\"https:\/\/chaff.coffee\/\" target=\"_blank\" rel=\"noopener noreferrer\">https:\/\/chaff.coffee\/<\/a><\/strong><\/p>\n<p><strong><a href=\"???????@?????.??????\" target=\"_blank\" rel=\"noopener noreferrer\">???????@?????.??????<\/a><\/strong><\/p><\/div><div style=\"margin-bottom:15px\"><\/div><div class='ult-social-buttons'><a href='https:\/\/www.linkedin.com\/company\/chaffcoffee' target='_blank' rel='noopener' title='Linkedin' class='ult-team ult-social-icon' style='font-size:30px ; margin-left:5px;margin-right:5px;;'  data-iconcolor='inherit' data-iconhover='inherit' ><i class='Defaults-linkedin-square'><\/i><\/a><a href='https:\/\/www.instagram.com\/chaff.coffee\/' target='_blank' rel='noopener' title='Instagram' class='ult-team ult-social-icon' style='font-size:30px ; margin-left:5px;margin-right:5px;;'  data-iconcolor='inherit' data-iconhover='inherit' ><i class='Defaults-instagram'><\/i><\/a><\/div><\/div><\/div><\/div>[\/vc_column][vc_column width=\u00a0\u00bb1\/2&Prime;][\/vc_column][\/vc_row]<\/p>\n<\/div>","protected":false},"excerpt":{"rendered":"<p>[vc_row css_animation=\u00a0\u00bb\u00a0\u00bb row_type=\u00a0\u00bbrow\u00a0\u00bb use_row_as_full_screen_section=\u00a0\u00bbno\u00a0\u00bb type=\u00a0\u00bbfull_width\u00a0\u00bb angled_section=\u00a0\u00bbno\u00a0\u00bb text_align=\u00a0\u00bbleft\u00a0\u00bb background_image_as_pattern=\u00a0\u00bbwithout_pattern\u00a0\u00bb][vc_column][vc_single_image image=\u00a0\u00bb20078&Prime; img_size=\u00a0\u00bbfull\u00a0\u00bb qode_css_animation=\u00a0\u00bb\u00a0\u00bb][vc_empty_space][\/vc_column][\/vc_row][vc_row css_animation=\u00a0\u00bb\u00a0\u00bb row_type=\u00a0\u00bbrow\u00a0\u00bb use_row_as_full_screen_section=\u00a0\u00bbno\u00a0\u00bb type=\u00a0\u00bbfull_width\u00a0\u00bb angled_section=\u00a0\u00bbno\u00a0\u00bb text_align=\u00a0\u00bbleft\u00a0\u00bb background_image_as_pattern=\u00a0\u00bbwithout_pattern\u00a0\u00bb][vc_column width=\u00a0\u00bb1\/2&Prime;][vc_single_image image=\u00a0\u00bb20074&Prime; img_size=\u00a0\u00bb500&#215;333&Prime; qode_css_animation=\u00a0\u00bb\u00a0\u00bb][vc_empty_space][\/vc_column][vc_column width=\u00a0\u00bb1\/2&Prime;][vc_column_text]Chaff s&rsquo;est donner une mission\u00a0 Proposer une solution \u00e0 la fois \u00e9cologiquement et \u00e9conomiquement viable pour r\u00e9pondre au d\u00e9fi de recyclage des plus&#8230;<\/p>\n","protected":false},"author":43,"featured_media":20074,"parent":0,"menu_order":0,"comment_status":"closed","ping_status":"closed","template":"","meta":{"footnotes":""},"class_list":["post-20073","page","type-page","status-publish","has-post-thumbnail","hentry"],"yoast_head":"<!-- This site is optimized with the Yoast SEO plugin v26.6 - https:\/\/yoast.com\/wordpress\/plugins\/seo\/ -->\n<title>Chaff - Slow Tourisme Lab<\/title>\n<meta name=\"robots\" content=\"index, follow, max-snippet:-1, max-image-preview:large, max-video-preview:-1\" \/>\n<link rel=\"canonical\" href=\"https:\/\/www.slow-tourisme-lab.fr\/fr\/chaff\/\" \/>\n<meta property=\"og:locale\" content=\"fr_FR\" \/>\n<meta property=\"og:type\" content=\"article\" \/>\n<meta property=\"og:title\" content=\"Chaff - Slow Tourisme Lab\" \/>\n<meta property=\"og:description\" content=\"[vc_row css_animation=\u00a0\u00bb\u00a0\u00bb row_type=\u00a0\u00bbrow\u00a0\u00bb use_row_as_full_screen_section=\u00a0\u00bbno\u00a0\u00bb type=\u00a0\u00bbfull_width\u00a0\u00bb angled_section=\u00a0\u00bbno\u00a0\u00bb text_align=\u00a0\u00bbleft\u00a0\u00bb background_image_as_pattern=\u00a0\u00bbwithout_pattern\u00a0\u00bb][vc_column][vc_single_image image=\u00a0\u00bb20078&Prime; img_size=\u00a0\u00bbfull\u00a0\u00bb qode_css_animation=\u00a0\u00bb\u00a0\u00bb][vc_empty_space][\/vc_column][\/vc_row][vc_row css_animation=\u00a0\u00bb\u00a0\u00bb row_type=\u00a0\u00bbrow\u00a0\u00bb use_row_as_full_screen_section=\u00a0\u00bbno\u00a0\u00bb type=\u00a0\u00bbfull_width\u00a0\u00bb angled_section=\u00a0\u00bbno\u00a0\u00bb text_align=\u00a0\u00bbleft\u00a0\u00bb background_image_as_pattern=\u00a0\u00bbwithout_pattern\u00a0\u00bb][vc_column width=\u00a0\u00bb1\/2&Prime;][vc_single_image image=\u00a0\u00bb20074&Prime; img_size=\u00a0\u00bb500&#215;333&Prime; qode_css_animation=\u00a0\u00bb\u00a0\u00bb][vc_empty_space][\/vc_column][vc_column width=\u00a0\u00bb1\/2&Prime;][vc_column_text]Chaff s&rsquo;est donner une mission\u00a0 Proposer une solution \u00e0 la fois \u00e9cologiquement et \u00e9conomiquement viable pour r\u00e9pondre au d\u00e9fi de recyclage des plus...\" \/>\n<meta property=\"og:url\" content=\"https:\/\/www.slow-tourisme-lab.fr\/fr\/chaff\/\" \/>\n<meta property=\"og:site_name\" content=\"Slow Tourisme Lab\" \/>\n<meta property=\"article:modified_time\" content=\"2023-11-29T11:24:43+00:00\" \/>\n<meta property=\"og:image\" content=\"https:\/\/www.slow-tourisme-lab.fr\/assets\/uploads\/sites\/50\/2023\/10\/Equipe-Chaff.jpg\" \/>\n\t<meta property=\"og:image:width\" content=\"2048\" \/>\n\t<meta property=\"og:image:height\" content=\"1365\" \/>\n\t<meta property=\"og:image:type\" content=\"image\/jpeg\" \/>\n<meta name=\"twitter:card\" content=\"summary_large_image\" \/>\n<meta name=\"twitter:label1\" content=\"Dur\u00e9e de lecture estim\u00e9e\" \/>\n\t<meta name=\"twitter:data1\" content=\"4 minutes\" \/>\n<script type=\"application\/ld+json\" class=\"yoast-schema-graph\">{\"@context\":\"https:\/\/schema.org\",\"@graph\":[{\"@type\":\"WebPage\",\"@id\":\"https:\/\/www.slow-tourisme-lab.fr\/fr\/chaff\/\",\"url\":\"https:\/\/www.slow-tourisme-lab.fr\/fr\/chaff\/\",\"name\":\"Chaff - Slow Tourisme Lab\",\"isPartOf\":{\"@id\":\"https:\/\/www.slow-tourisme-lab.fr\/fr\/#website\"},\"primaryImageOfPage\":{\"@id\":\"https:\/\/www.slow-tourisme-lab.fr\/fr\/chaff\/#primaryimage\"},\"image\":{\"@id\":\"https:\/\/www.slow-tourisme-lab.fr\/fr\/chaff\/#primaryimage\"},\"thumbnailUrl\":\"https:\/\/www.slow-tourisme-lab.fr\/assets\/uploads\/sites\/50\/2023\/10\/Equipe-Chaff.jpg\",\"datePublished\":\"2023-10-05T09:03:47+00:00\",\"dateModified\":\"2023-11-29T11:24:43+00:00\",\"breadcrumb\":{\"@id\":\"https:\/\/www.slow-tourisme-lab.fr\/fr\/chaff\/#breadcrumb\"},\"inLanguage\":\"fr-FR\",\"potentialAction\":[{\"@type\":\"ReadAction\",\"target\":[\"https:\/\/www.slow-tourisme-lab.fr\/fr\/chaff\/\"]}]},{\"@type\":\"ImageObject\",\"inLanguage\":\"fr-FR\",\"@id\":\"https:\/\/www.slow-tourisme-lab.fr\/fr\/chaff\/#primaryimage\",\"url\":\"https:\/\/www.slow-tourisme-lab.fr\/assets\/uploads\/sites\/50\/2023\/10\/Equipe-Chaff.jpg\",\"contentUrl\":\"https:\/\/www.slow-tourisme-lab.fr\/assets\/uploads\/sites\/50\/2023\/10\/Equipe-Chaff.jpg\",\"width\":2048,\"height\":1365},{\"@type\":\"BreadcrumbList\",\"@id\":\"https:\/\/www.slow-tourisme-lab.fr\/fr\/chaff\/#breadcrumb\",\"itemListElement\":[{\"@type\":\"ListItem\",\"position\":1,\"name\":\"Accueil\",\"item\":\"https:\/\/www.slow-tourisme-lab.fr\/fr\/\"},{\"@type\":\"ListItem\",\"position\":2,\"name\":\"Chaff\"}]},{\"@type\":\"WebSite\",\"@id\":\"https:\/\/www.slow-tourisme-lab.fr\/fr\/#website\",\"url\":\"https:\/\/www.slow-tourisme-lab.fr\/fr\/\",\"name\":\"Slow Tourisme Lab\",\"description\":\"Un accompagnement pour l'innovation touristique durable\",\"potentialAction\":[{\"@type\":\"SearchAction\",\"target\":{\"@type\":\"EntryPoint\",\"urlTemplate\":\"https:\/\/www.slow-tourisme-lab.fr\/fr\/?s={search_term_string}\"},\"query-input\":{\"@type\":\"PropertyValueSpecification\",\"valueRequired\":true,\"valueName\":\"search_term_string\"}}],\"inLanguage\":\"fr-FR\"}]}<\/script>\n<!-- \/ Yoast SEO plugin. -->","yoast_head_json":{"title":"Chaff - Slow Tourisme Lab","robots":{"index":"index","follow":"follow","max-snippet":"max-snippet:-1","max-image-preview":"max-image-preview:large","max-video-preview":"max-video-preview:-1"},"canonical":"https:\/\/www.slow-tourisme-lab.fr\/fr\/chaff\/","og_locale":"fr_FR","og_type":"article","og_title":"Chaff - Slow Tourisme Lab","og_description":"[vc_row css_animation=\u00a0\u00bb\u00a0\u00bb row_type=\u00a0\u00bbrow\u00a0\u00bb use_row_as_full_screen_section=\u00a0\u00bbno\u00a0\u00bb type=\u00a0\u00bbfull_width\u00a0\u00bb angled_section=\u00a0\u00bbno\u00a0\u00bb text_align=\u00a0\u00bbleft\u00a0\u00bb background_image_as_pattern=\u00a0\u00bbwithout_pattern\u00a0\u00bb][vc_column][vc_single_image image=\u00a0\u00bb20078&Prime; img_size=\u00a0\u00bbfull\u00a0\u00bb qode_css_animation=\u00a0\u00bb\u00a0\u00bb][vc_empty_space][\/vc_column][\/vc_row][vc_row css_animation=\u00a0\u00bb\u00a0\u00bb row_type=\u00a0\u00bbrow\u00a0\u00bb use_row_as_full_screen_section=\u00a0\u00bbno\u00a0\u00bb type=\u00a0\u00bbfull_width\u00a0\u00bb angled_section=\u00a0\u00bbno\u00a0\u00bb text_align=\u00a0\u00bbleft\u00a0\u00bb background_image_as_pattern=\u00a0\u00bbwithout_pattern\u00a0\u00bb][vc_column width=\u00a0\u00bb1\/2&Prime;][vc_single_image image=\u00a0\u00bb20074&Prime; img_size=\u00a0\u00bb500&#215;333&Prime; qode_css_animation=\u00a0\u00bb\u00a0\u00bb][vc_empty_space][\/vc_column][vc_column width=\u00a0\u00bb1\/2&Prime;][vc_column_text]Chaff s&rsquo;est donner une mission\u00a0 Proposer une solution \u00e0 la fois \u00e9cologiquement et \u00e9conomiquement viable pour r\u00e9pondre au d\u00e9fi de recyclage des plus...","og_url":"https:\/\/www.slow-tourisme-lab.fr\/fr\/chaff\/","og_site_name":"Slow Tourisme Lab","article_modified_time":"2023-11-29T11:24:43+00:00","og_image":[{"width":2048,"height":1365,"url":"https:\/\/www.slow-tourisme-lab.fr\/assets\/uploads\/sites\/50\/2023\/10\/Equipe-Chaff.jpg","type":"image\/jpeg"}],"twitter_card":"summary_large_image","twitter_misc":{"Dur\u00e9e de lecture estim\u00e9e":"4 minutes"},"schema":{"@context":"https:\/\/schema.org","@graph":[{"@type":"WebPage","@id":"https:\/\/www.slow-tourisme-lab.fr\/fr\/chaff\/","url":"https:\/\/www.slow-tourisme-lab.fr\/fr\/chaff\/","name":"Chaff - Slow Tourisme Lab","isPartOf":{"@id":"https:\/\/www.slow-tourisme-lab.fr\/fr\/#website"},"primaryImageOfPage":{"@id":"https:\/\/www.slow-tourisme-lab.fr\/fr\/chaff\/#primaryimage"},"image":{"@id":"https:\/\/www.slow-tourisme-lab.fr\/fr\/chaff\/#primaryimage"},"thumbnailUrl":"https:\/\/www.slow-tourisme-lab.fr\/assets\/uploads\/sites\/50\/2023\/10\/Equipe-Chaff.jpg","datePublished":"2023-10-05T09:03:47+00:00","dateModified":"2023-11-29T11:24:43+00:00","breadcrumb":{"@id":"https:\/\/www.slow-tourisme-lab.fr\/fr\/chaff\/#breadcrumb"},"inLanguage":"fr-FR","potentialAction":[{"@type":"ReadAction","target":["https:\/\/www.slow-tourisme-lab.fr\/fr\/chaff\/"]}]},{"@type":"ImageObject","inLanguage":"fr-FR","@id":"https:\/\/www.slow-tourisme-lab.fr\/fr\/chaff\/#primaryimage","url":"https:\/\/www.slow-tourisme-lab.fr\/assets\/uploads\/sites\/50\/2023\/10\/Equipe-Chaff.jpg","contentUrl":"https:\/\/www.slow-tourisme-lab.fr\/assets\/uploads\/sites\/50\/2023\/10\/Equipe-Chaff.jpg","width":2048,"height":1365},{"@type":"BreadcrumbList","@id":"https:\/\/www.slow-tourisme-lab.fr\/fr\/chaff\/#breadcrumb","itemListElement":[{"@type":"ListItem","position":1,"name":"Accueil","item":"https:\/\/www.slow-tourisme-lab.fr\/fr\/"},{"@type":"ListItem","position":2,"name":"Chaff"}]},{"@type":"WebSite","@id":"https:\/\/www.slow-tourisme-lab.fr\/fr\/#website","url":"https:\/\/www.slow-tourisme-lab.fr\/fr\/","name":"Slow Tourisme Lab","description":"Un accompagnement pour l'innovation touristique durable","potentialAction":[{"@type":"SearchAction","target":{"@type":"EntryPoint","urlTemplate":"https:\/\/www.slow-tourisme-lab.fr\/fr\/?s={search_term_string}"},"query-input":{"@type":"PropertyValueSpecification","valueRequired":true,"valueName":"search_term_string"}}],"inLanguage":"fr-FR"}]}},"_links":{"self":[{"href":"https:\/\/www.slow-tourisme-lab.fr\/fr\/wp-json\/wp\/v2\/pages\/20073\/"}],"collection":[{"href":"https:\/\/www.slow-tourisme-lab.fr\/fr\/wp-json\/wp\/v2\/pages\/"}],"about":[{"href":"https:\/\/www.slow-tourisme-lab.fr\/fr\/wp-json\/wp\/v2\/types\/page\/"}],"author":[{"embeddable":true,"href":"https:\/\/www.slow-tourisme-lab.fr\/fr\/wp-json\/wp\/v2\/users\/43\/"}],"replies":[{"embeddable":true,"href":"https:\/\/www.slow-tourisme-lab.fr\/fr\/wp-json\/wp\/v2\/comments\/?post=20073"}],"version-history":[{"count":5,"href":"https:\/\/www.slow-tourisme-lab.fr\/fr\/wp-json\/wp\/v2\/pages\/20073\/revisions\/"}],"predecessor-version":[{"id":20150,"href":"https:\/\/www.slow-tourisme-lab.fr\/fr\/wp-json\/wp\/v2\/pages\/20073\/revisions\/20150\/"}],"wp:featuredmedia":[{"embeddable":true,"href":"https:\/\/www.slow-tourisme-lab.fr\/fr\/wp-json\/wp\/v2\/media\/20074\/"}],"wp:attachment":[{"href":"https:\/\/www.slow-tourisme-lab.fr\/fr\/wp-json\/wp\/v2\/media\/?parent=20073"}],"curies":[{"name":"wp","href":"https:\/\/api.w.org\/{rel}","templated":true}]}}