{"id":20055,"date":"2023-06-20T09:43:14","date_gmt":"2023-06-20T07:43:14","guid":{"rendered":"https:\/\/www.slow-tourisme-lab.fr\/?page_id=20055"},"modified":"2023-06-20T10:09:10","modified_gmt":"2023-06-20T08:09:10","slug":"nos-engagements","status":"publish","type":"page","link":"https:\/\/www.slow-tourisme-lab.fr\/fr\/nos-engagements\/","title":{"rendered":"Nos engagements et labels"},"content":{"rendered":"<div class=\"wpb-content-wrapper\"><p>[vc_row css_animation=\u00a0\u00bb\u00a0\u00bb row_type=\u00a0\u00bbrow\u00a0\u00bb use_row_as_full_screen_section=\u00a0\u00bbno\u00a0\u00bb type=\u00a0\u00bbfull_width\u00a0\u00bb angled_section=\u00a0\u00bbno\u00a0\u00bb text_align=\u00a0\u00bbleft\u00a0\u00bb background_image_as_pattern=\u00a0\u00bbwithout_pattern\u00a0\u00bb][vc_column][vc_column_text]<\/p>\n<p style=\"text-align: justify\"><a href=\"https:\/\/drive.google.com\/file\/d\/1FjgqTI-88QLSpBjGgf-HeGjYpKhArIBW\/view?usp=sharing\" target=\"_blank\" rel=\"noopener noreferrer\"><img decoding=\"async\" class=\"alignnone wp-image-6515 size-full\" style=\"float: left;margin: 0 30px 15px 0\" src=\"http:\/\/www.aube-champagne.com\/assets\/uploads\/2015\/02\/SGS_ISO_20121_round_TCL_LR.jpg\" alt=\"Imprimer\" width=\"151\" height=\"147\" \/><\/a><\/p>\n<h3><strong>I<\/strong><strong>SO 20121 \u2013 le Syst\u00e8me de Management Responsable d\u2019Aube en Champagne Tourisme<\/strong><\/h3>\n<p>&nbsp;<\/p>\n<p><strong>\u00a0<\/strong>L\u2019ISO 20121 est la norme internationale de r\u00e9f\u00e9rence en mati\u00e8re d\u2019\u00e9v\u00e8nementiel responsable. Elle assure les clients et visiteurs que l\u2019entreprise certifi\u00e9e a profond\u00e9ment inscrit les valeurs de d\u00e9veloppement durable dans son fonctionnement : qu\u2019il s\u2019agisse de la strat\u00e9gie, des achats, de l\u2019organisation op\u00e9rationnelle des \u00e9v\u00e8nements, des infrastructures ou encore de la communication.<\/p>\n<p>&nbsp;<\/p>\n<p><strong>Aube en Champagne Tourisme, <\/strong><strong>positionn\u00e9e en tant que prescripteur du d\u00e9veloppement durable aupr\u00e8s de ses parties prenantes est certifi\u00e9e ISO 20121 depuis 2014<\/strong> pour l\u2019ensemble de ses activit\u00e9s :<\/p>\n<p>&nbsp;<\/p>\n<ul>\n<li>Activit\u00e9s de l\u2019Agence d\u00e9partementale du tourisme de l\u2019Aube<\/li>\n<li><a href=\"https:\/\/www.congres-champagne.com\/\" target=\"_blank\" rel=\"noopener noreferrer\">Bureau des congr\u00e8s Troyes La Champagne Events<\/a><\/li>\n<li>Suivi commercial des \u00e9v\u00e8nements organis\u00e9s au <a href=\"https:\/\/www.congres-champagne.com\/choisir-troyes\/3-sites-daccueil-modulables\/\" target=\"_blank\" rel=\"noopener noreferrer\">Centre de congr\u00e8s de l\u2019Aube<\/a><\/li>\n<\/ul>\n<p>Nos enjeux sont le reflet de notre strat\u00e9gie d\u2019entreprise incluant des objectifs quantifiables et mesurables \u00e0 travers une d\u00e9marche d\u2019am\u00e9lioration continue.<\/p>\n<p>&nbsp;<\/p>\n<p>ENJEU ENVIRONNEMENTAL : D\u00e9velopper et ne soutenir qu&rsquo;une offre locale, respectueuse de l&rsquo;environnement<\/p>\n<p>&nbsp;<\/p>\n<p>ENJEU SOCIAL : Renforcer le lien humain avec le territoire, utiliser l&rsquo;innovation pour rendre visibles et accessibles les offres authentiques (b\u00e9n\u00e9voles, artisans&#8230;)<\/p>\n<p>&nbsp;<\/p>\n<p>ENJEU ECONOMIQUE : Faire plus ensemble et s&rsquo;appuyer sur les priv\u00e9s pour commercialiser<\/p>\n<p>&nbsp;<\/p>\n<p style=\"text-align: center\"><a href=\"https:\/\/www.aube-champagne.com\/assets\/uploads\/2022\/02\/SMR-Manuel-ISO-20121-ADT-Aube-22-01-2022.pdf\" target=\"_blank\" rel=\"noopener noreferrer\">T\u00e9l\u00e9charger le Manuel 2022 du Syst\u00e8me de Management Responsable de l&rsquo;ADT AUBE &#8211; ISO 20121<\/a><\/p>\n<p>[\/vc_column_text][vc_separator type=\u00a0\u00bbnormal\u00a0\u00bb][\/vc_column][\/vc_row][vc_row css_animation=\u00a0\u00bb\u00a0\u00bb row_type=\u00a0\u00bbrow\u00a0\u00bb use_row_as_full_screen_section=\u00a0\u00bbno\u00a0\u00bb type=\u00a0\u00bbfull_width\u00a0\u00bb angled_section=\u00a0\u00bbno\u00a0\u00bb text_align=\u00a0\u00bbleft\u00a0\u00bb background_image_as_pattern=\u00a0\u00bbwithout_pattern\u00a0\u00bb][vc_column][vc_column_text]<\/p>\n<h3 class=\"animated fadeInUp\"><strong>Territoire labellis\u00e9 \u00ab\u00a0Destination Innovante Durable\u00a0\u00bb<\/strong><\/h3>\n<p>Aube en Champagne Tourisme pilote la d\u00e9marche de labellisation \u00ab\u00a0Destination Innovante Durable\u00a0\u00bb.<\/p>\n<p><img decoding=\"async\" src=\"https:\/\/www.aube-champagne.com\/assets\/uploads\/2023\/06\/Label-DID-1.jpg\" \/><\/p>\n<p>Co-cr\u00e9\u00e9 par France Congr\u00e8s et \u00c9v\u00e8nements et 9 destinations pilotes,\u00a0<strong>le label DID \u2013 Destination Innovante Durable vise \u00e0 engager les destinations toutes enti\u00e8res en faveur du d\u00e9veloppement durable<\/strong>.<\/p>\n<p>La d\u00e9marche couvre le tourisme d\u2019affaires comme celui de loisirs, et son int\u00e9r\u00eat r\u00e9side dans le fait d\u2019associer toutes les parties prenantes du territoire (collectivit\u00e9s, lieux et \u00e9v\u00e8nements embl\u00e9matiques, socioprofessionnels, visiteurs, habitants, etc.) \u00e0 la bonne r\u00e9alisation des objectifs.<\/p>\n<p>Le but \u00e9tant que les visiteurs profitent d\u2019une offre responsable du d\u00e9but \u00e0 la fin de leur s\u00e9jour\u00a0: h\u00f4tellerie, restauration, mobilit\u00e9s, activit\u00e9s, shopping, offre culturelle et \u00e9v\u00e8nementielle.<\/p>\n<p>&nbsp;<\/p>\n<p><strong>Le label adoss\u00e9 \u00e0 la certification internationale de l\u2019\u00e9v\u00e8nementiel responsable l\u2019ISO 20121, couvre 8 enjeux. Le territoire est engag\u00e9 dans 11 actions :<\/strong><\/p>\n<p>&nbsp;<\/p>\n<p><strong>Enjeu 1<\/strong> : D\u00e9ployer une gouvernance ouverte et transparente<\/p>\n<ul>\n<li>Mesure 1.1 : Inclure des parties prenantes locales dans la gouvernance de la destination<\/li>\n<\/ul>\n<p>&nbsp;<\/p>\n<p><strong>Enjeu 2<\/strong> : Renforcer la mobilit\u00e9 durable pour s\u2019inscrire dans la trajectoire neutralit\u00e9 carbone \u00e0 2050<\/p>\n<ul>\n<li>Mesure 2.4 : Encourager le tourisme de proximit\u00e9<\/li>\n<li>Mesure 2.6 : Encourager les visiteurs \u00e0 compenser leur impact carbone transport<\/li>\n<\/ul>\n<p>&nbsp;<\/p>\n<p><strong>Enjeu 3<\/strong> : Favoriser la consommation responsable et lutter contre le gaspillage\u00a0;<\/p>\n<ul>\n<li>Mesure 3.12 : Viser la sobri\u00e9t\u00e9 \u00e9nerg\u00e9tique via la formalisation d&rsquo;une strat\u00e9gie de sobri\u00e9t\u00e9 num\u00e9rique<\/li>\n<\/ul>\n<p>&nbsp;<\/p>\n<p><strong>Enjeu 4<\/strong> : Faire du tourisme un moteur de l\u2019inclusion<\/p>\n<ul>\n<li>Mesure 4.13 : Favoriser l&rsquo;inclusion des personnes en difficult\u00e9 d&rsquo;acc\u00e8s \u00e0 l&#8217;emploi vers les m\u00e9tiers li\u00e9s \u00e0 l&rsquo;\u00e9v\u00e9nementiel et au tourisme<\/li>\n<li>Mesure 4.14 : Assurer l&rsquo;\u00e9galit\u00e9 entre les femmes et les hommes lors des \u00e9v\u00e9nements r\u00e9alis\u00e9s en propre par la destination.<\/li>\n<\/ul>\n<p>&nbsp;<\/p>\n<p><strong>Enjeu 5<\/strong> : Valoriser l\u2019\u00e9conomie et prot\u00e9ger le patrimoine de la destination<\/p>\n<ul>\n<li>Mesure 5.18 : Attirer, participer, produire des \u00e9v\u00e9nements en lien avec les fili\u00e8res d&rsquo;excellence du territoire.<\/li>\n<\/ul>\n<p>&nbsp;<\/p>\n<p><strong>Enjeu 6<\/strong> : Mobiliser les ressources pour favoriser l\u2019innovation durable dans le secteur touristique<\/p>\n<ul>\n<li>Mesure 6.19 : D\u00e9ployer des outils pour qualifier et quantifier les visiteurs.<\/li>\n<\/ul>\n<p>&nbsp;<\/p>\n<p><strong>Enjeu 7<\/strong> : Impliquer les touristes, les professionnels et les organisateurs d\u2019\u00e9v\u00e9nements dans la dynamique durable<\/p>\n<ul>\n<li>Mesure 7.24 : Valoriser les initiatives exemplaires de la cha\u00eene d&rsquo;accueil et sensibiliser et impliquer les touristes dans la d\u00e9marche \u00e9co responsable<\/li>\n<li>Mesure 7.25 : Multiplier les \u00e9changes pour cr\u00e9er de la richesse entre les publics \u00e9ph\u00e9m\u00e8res et les r\u00e9sidents<\/li>\n<\/ul>\n<ol>\n<li>Mettre en place un r\u00e9seau de greeters et le promouvoir<\/li>\n<li>Organiser des \u00e9v\u00e9nements populaires m\u00ealant les visiteurs \u00e9ph\u00e9m\u00e8res et les habitants de la destination<\/li>\n<\/ol>\n<p>&nbsp;<\/p>\n<p><strong>Enjeu 8<\/strong> : Apporter une attention sp\u00e9cifique \u00e0 la s\u00e9curit\u00e9 des publics<\/p>\n<ul>\n<li>Mesure 8.26 :<\/li>\n<\/ul>\n<ol>\n<li>Informer et sensibiliser les publics sur les principaux dispositifs de s\u00e9curit\u00e9 et s\u00fbret\u00e9 en place dans l&rsquo;espace public et autres mesures plus sp\u00e9cifiques et\/ou ponctuelles renfor\u00e7ant la s\u00e9curit\u00e9 sur la destination.<\/li>\n<li>Informer et sensibiliser les publics sur les principaux dispositifs de s\u00e9curit\u00e9 et s\u00fbret\u00e9 en place dans l&rsquo;espace public et autres mesures plus sp\u00e9cifiques et\/ou ponctuelles renfor\u00e7ant la s\u00e9curit\u00e9 sur la destination, en y incluant les principaux \u00e9tablissements recevant du public (r\u00e9glementation propre, label \u00ab\u00a0s\u00e9curi-site\u00a0\u00bb, protocoles sanitaires, etc.<\/li>\n<\/ol>\n<p>[\/vc_column_text][\/vc_column][\/vc_row]<\/p>\n<\/div>","protected":false},"excerpt":{"rendered":"<p>[vc_row css_animation=\u00a0\u00bb\u00a0\u00bb row_type=\u00a0\u00bbrow\u00a0\u00bb use_row_as_full_screen_section=\u00a0\u00bbno\u00a0\u00bb type=\u00a0\u00bbfull_width\u00a0\u00bb angled_section=\u00a0\u00bbno\u00a0\u00bb text_align=\u00a0\u00bbleft\u00a0\u00bb background_image_as_pattern=\u00a0\u00bbwithout_pattern\u00a0\u00bb][vc_column][vc_column_text] ISO 20121 \u2013 le Syst\u00e8me de Management Responsable d\u2019Aube en Champagne Tourisme &nbsp; \u00a0L\u2019ISO 20121 est la norme internationale de r\u00e9f\u00e9rence en mati\u00e8re d\u2019\u00e9v\u00e8nementiel responsable. Elle assure les clients et visiteurs que l\u2019entreprise certifi\u00e9e a profond\u00e9ment inscrit&#8230;<\/p>\n","protected":false},"author":43,"featured_media":0,"parent":0,"menu_order":0,"comment_status":"closed","ping_status":"closed","template":"","meta":{"footnotes":""},"class_list":["post-20055","page","type-page","status-publish","hentry"],"yoast_head":"<!-- This site is optimized with the Yoast SEO plugin v26.6 - https:\/\/yoast.com\/wordpress\/plugins\/seo\/ -->\n<title>Nos engagements et labels - Slow Tourisme Lab<\/title>\n<meta name=\"robots\" content=\"index, follow, max-snippet:-1, max-image-preview:large, max-video-preview:-1\" \/>\n<link rel=\"canonical\" href=\"https:\/\/www.slow-tourisme-lab.fr\/fr\/nos-engagements\/\" \/>\n<meta property=\"og:locale\" content=\"fr_FR\" \/>\n<meta property=\"og:type\" content=\"article\" \/>\n<meta property=\"og:title\" content=\"Nos engagements et labels - Slow Tourisme Lab\" \/>\n<meta property=\"og:description\" content=\"[vc_row css_animation=\u00a0\u00bb\u00a0\u00bb row_type=\u00a0\u00bbrow\u00a0\u00bb use_row_as_full_screen_section=\u00a0\u00bbno\u00a0\u00bb type=\u00a0\u00bbfull_width\u00a0\u00bb angled_section=\u00a0\u00bbno\u00a0\u00bb text_align=\u00a0\u00bbleft\u00a0\u00bb background_image_as_pattern=\u00a0\u00bbwithout_pattern\u00a0\u00bb][vc_column][vc_column_text] ISO 20121 \u2013 le Syst\u00e8me de Management Responsable d\u2019Aube en Champagne Tourisme &nbsp; \u00a0L\u2019ISO 20121 est la norme internationale de r\u00e9f\u00e9rence en mati\u00e8re d\u2019\u00e9v\u00e8nementiel responsable. Elle assure les clients et visiteurs que l\u2019entreprise certifi\u00e9e a profond\u00e9ment inscrit...\" \/>\n<meta property=\"og:url\" content=\"https:\/\/www.slow-tourisme-lab.fr\/fr\/nos-engagements\/\" \/>\n<meta property=\"og:site_name\" content=\"Slow Tourisme Lab\" \/>\n<meta property=\"article:modified_time\" content=\"2023-06-20T08:09:10+00:00\" \/>\n<meta property=\"og:image\" content=\"http:\/\/www.aube-champagne.com\/assets\/uploads\/2015\/02\/SGS_ISO_20121_round_TCL_LR.jpg\" \/>\n<meta name=\"twitter:card\" content=\"summary_large_image\" \/>\n<meta name=\"twitter:label1\" content=\"Dur\u00e9e de lecture estim\u00e9e\" \/>\n\t<meta name=\"twitter:data1\" content=\"4 minutes\" \/>\n<script type=\"application\/ld+json\" class=\"yoast-schema-graph\">{\"@context\":\"https:\/\/schema.org\",\"@graph\":[{\"@type\":\"WebPage\",\"@id\":\"https:\/\/www.slow-tourisme-lab.fr\/fr\/nos-engagements\/\",\"url\":\"https:\/\/www.slow-tourisme-lab.fr\/fr\/nos-engagements\/\",\"name\":\"Nos engagements et labels - Slow Tourisme Lab\",\"isPartOf\":{\"@id\":\"https:\/\/www.slow-tourisme-lab.fr\/fr\/#website\"},\"primaryImageOfPage\":{\"@id\":\"https:\/\/www.slow-tourisme-lab.fr\/fr\/nos-engagements\/#primaryimage\"},\"image\":{\"@id\":\"https:\/\/www.slow-tourisme-lab.fr\/fr\/nos-engagements\/#primaryimage\"},\"thumbnailUrl\":\"http:\/\/www.aube-champagne.com\/assets\/uploads\/2015\/02\/SGS_ISO_20121_round_TCL_LR.jpg\",\"datePublished\":\"2023-06-20T07:43:14+00:00\",\"dateModified\":\"2023-06-20T08:09:10+00:00\",\"breadcrumb\":{\"@id\":\"https:\/\/www.slow-tourisme-lab.fr\/fr\/nos-engagements\/#breadcrumb\"},\"inLanguage\":\"fr-FR\",\"potentialAction\":[{\"@type\":\"ReadAction\",\"target\":[\"https:\/\/www.slow-tourisme-lab.fr\/fr\/nos-engagements\/\"]}]},{\"@type\":\"ImageObject\",\"inLanguage\":\"fr-FR\",\"@id\":\"https:\/\/www.slow-tourisme-lab.fr\/fr\/nos-engagements\/#primaryimage\",\"url\":\"http:\/\/www.aube-champagne.com\/assets\/uploads\/2015\/02\/SGS_ISO_20121_round_TCL_LR.jpg\",\"contentUrl\":\"http:\/\/www.aube-champagne.com\/assets\/uploads\/2015\/02\/SGS_ISO_20121_round_TCL_LR.jpg\"},{\"@type\":\"BreadcrumbList\",\"@id\":\"https:\/\/www.slow-tourisme-lab.fr\/fr\/nos-engagements\/#breadcrumb\",\"itemListElement\":[{\"@type\":\"ListItem\",\"position\":1,\"name\":\"Accueil\",\"item\":\"https:\/\/www.slow-tourisme-lab.fr\/fr\/\"},{\"@type\":\"ListItem\",\"position\":2,\"name\":\"Nos engagements et labels\"}]},{\"@type\":\"WebSite\",\"@id\":\"https:\/\/www.slow-tourisme-lab.fr\/fr\/#website\",\"url\":\"https:\/\/www.slow-tourisme-lab.fr\/fr\/\",\"name\":\"Slow Tourisme Lab\",\"description\":\"Un accompagnement pour l'innovation touristique durable\",\"potentialAction\":[{\"@type\":\"SearchAction\",\"target\":{\"@type\":\"EntryPoint\",\"urlTemplate\":\"https:\/\/www.slow-tourisme-lab.fr\/fr\/?s={search_term_string}\"},\"query-input\":{\"@type\":\"PropertyValueSpecification\",\"valueRequired\":true,\"valueName\":\"search_term_string\"}}],\"inLanguage\":\"fr-FR\"}]}<\/script>\n<!-- \/ Yoast SEO plugin. -->","yoast_head_json":{"title":"Nos engagements et labels - Slow Tourisme Lab","robots":{"index":"index","follow":"follow","max-snippet":"max-snippet:-1","max-image-preview":"max-image-preview:large","max-video-preview":"max-video-preview:-1"},"canonical":"https:\/\/www.slow-tourisme-lab.fr\/fr\/nos-engagements\/","og_locale":"fr_FR","og_type":"article","og_title":"Nos engagements et labels - Slow Tourisme Lab","og_description":"[vc_row css_animation=\u00a0\u00bb\u00a0\u00bb row_type=\u00a0\u00bbrow\u00a0\u00bb use_row_as_full_screen_section=\u00a0\u00bbno\u00a0\u00bb type=\u00a0\u00bbfull_width\u00a0\u00bb angled_section=\u00a0\u00bbno\u00a0\u00bb text_align=\u00a0\u00bbleft\u00a0\u00bb background_image_as_pattern=\u00a0\u00bbwithout_pattern\u00a0\u00bb][vc_column][vc_column_text] ISO 20121 \u2013 le Syst\u00e8me de Management Responsable d\u2019Aube en Champagne Tourisme &nbsp; \u00a0L\u2019ISO 20121 est la norme internationale de r\u00e9f\u00e9rence en mati\u00e8re d\u2019\u00e9v\u00e8nementiel responsable. Elle assure les clients et visiteurs que l\u2019entreprise certifi\u00e9e a profond\u00e9ment inscrit...","og_url":"https:\/\/www.slow-tourisme-lab.fr\/fr\/nos-engagements\/","og_site_name":"Slow Tourisme Lab","article_modified_time":"2023-06-20T08:09:10+00:00","og_image":[{"url":"http:\/\/www.aube-champagne.com\/assets\/uploads\/2015\/02\/SGS_ISO_20121_round_TCL_LR.jpg","type":"","width":"","height":""}],"twitter_card":"summary_large_image","twitter_misc":{"Dur\u00e9e de lecture estim\u00e9e":"4 minutes"},"schema":{"@context":"https:\/\/schema.org","@graph":[{"@type":"WebPage","@id":"https:\/\/www.slow-tourisme-lab.fr\/fr\/nos-engagements\/","url":"https:\/\/www.slow-tourisme-lab.fr\/fr\/nos-engagements\/","name":"Nos engagements et labels - Slow Tourisme Lab","isPartOf":{"@id":"https:\/\/www.slow-tourisme-lab.fr\/fr\/#website"},"primaryImageOfPage":{"@id":"https:\/\/www.slow-tourisme-lab.fr\/fr\/nos-engagements\/#primaryimage"},"image":{"@id":"https:\/\/www.slow-tourisme-lab.fr\/fr\/nos-engagements\/#primaryimage"},"thumbnailUrl":"http:\/\/www.aube-champagne.com\/assets\/uploads\/2015\/02\/SGS_ISO_20121_round_TCL_LR.jpg","datePublished":"2023-06-20T07:43:14+00:00","dateModified":"2023-06-20T08:09:10+00:00","breadcrumb":{"@id":"https:\/\/www.slow-tourisme-lab.fr\/fr\/nos-engagements\/#breadcrumb"},"inLanguage":"fr-FR","potentialAction":[{"@type":"ReadAction","target":["https:\/\/www.slow-tourisme-lab.fr\/fr\/nos-engagements\/"]}]},{"@type":"ImageObject","inLanguage":"fr-FR","@id":"https:\/\/www.slow-tourisme-lab.fr\/fr\/nos-engagements\/#primaryimage","url":"http:\/\/www.aube-champagne.com\/assets\/uploads\/2015\/02\/SGS_ISO_20121_round_TCL_LR.jpg","contentUrl":"http:\/\/www.aube-champagne.com\/assets\/uploads\/2015\/02\/SGS_ISO_20121_round_TCL_LR.jpg"},{"@type":"BreadcrumbList","@id":"https:\/\/www.slow-tourisme-lab.fr\/fr\/nos-engagements\/#breadcrumb","itemListElement":[{"@type":"ListItem","position":1,"name":"Accueil","item":"https:\/\/www.slow-tourisme-lab.fr\/fr\/"},{"@type":"ListItem","position":2,"name":"Nos engagements et labels"}]},{"@type":"WebSite","@id":"https:\/\/www.slow-tourisme-lab.fr\/fr\/#website","url":"https:\/\/www.slow-tourisme-lab.fr\/fr\/","name":"Slow Tourisme Lab","description":"Un accompagnement pour l'innovation touristique durable","potentialAction":[{"@type":"SearchAction","target":{"@type":"EntryPoint","urlTemplate":"https:\/\/www.slow-tourisme-lab.fr\/fr\/?s={search_term_string}"},"query-input":{"@type":"PropertyValueSpecification","valueRequired":true,"valueName":"search_term_string"}}],"inLanguage":"fr-FR"}]}},"_links":{"self":[{"href":"https:\/\/www.slow-tourisme-lab.fr\/fr\/wp-json\/wp\/v2\/pages\/20055\/"}],"collection":[{"href":"https:\/\/www.slow-tourisme-lab.fr\/fr\/wp-json\/wp\/v2\/pages\/"}],"about":[{"href":"https:\/\/www.slow-tourisme-lab.fr\/fr\/wp-json\/wp\/v2\/types\/page\/"}],"author":[{"embeddable":true,"href":"https:\/\/www.slow-tourisme-lab.fr\/fr\/wp-json\/wp\/v2\/users\/43\/"}],"replies":[{"embeddable":true,"href":"https:\/\/www.slow-tourisme-lab.fr\/fr\/wp-json\/wp\/v2\/comments\/?post=20055"}],"version-history":[{"count":5,"href":"https:\/\/www.slow-tourisme-lab.fr\/fr\/wp-json\/wp\/v2\/pages\/20055\/revisions\/"}],"predecessor-version":[{"id":20062,"href":"https:\/\/www.slow-tourisme-lab.fr\/fr\/wp-json\/wp\/v2\/pages\/20055\/revisions\/20062\/"}],"wp:attachment":[{"href":"https:\/\/www.slow-tourisme-lab.fr\/fr\/wp-json\/wp\/v2\/media\/?parent=20055"}],"curies":[{"name":"wp","href":"https:\/\/api.w.org\/{rel}","templated":true}]}}