{"id":19996,"date":"2022-12-28T16:35:47","date_gmt":"2022-12-28T15:35:47","guid":{"rendered":"https:\/\/www.slow-tourisme-lab.fr\/?page_id=19996"},"modified":"2023-11-16T13:53:32","modified_gmt":"2023-11-16T12:53:32","slug":"mailly-3-4-mai-1944","status":"publish","type":"page","link":"https:\/\/www.slow-tourisme-lab.fr\/fr\/mailly-3-4-mai-1944\/","title":{"rendered":"Mailly 3-4 mai 1944"},"content":{"rendered":"<div class=\"wpb-content-wrapper\"><p>[vc_row css_animation=\u00a0\u00bb\u00a0\u00bb row_type=\u00a0\u00bbrow\u00a0\u00bb use_row_as_full_screen_section=\u00a0\u00bbno\u00a0\u00bb type=\u00a0\u00bbfull_width\u00a0\u00bb angled_section=\u00a0\u00bbno\u00a0\u00bb text_align=\u00a0\u00bbleft\u00a0\u00bb background_image_as_pattern=\u00a0\u00bbwithout_pattern\u00a0\u00bb][vc_column]<div class=\"qode-workflow  qode-workflow-animate\">\n    <span class=\"main-line\" style=\"\"><\/span>\n    <div class=\"qode-workflow-item\">\n    <span class=\"line\" style=\"\"><\/span>\n    <div class=\"qode-workflow-item-inner reverse\">\n        <div class=\"qode-workflow-image center\">\n            <img fetchpriority=\"high\" decoding=\"async\" width=\"1080\" height=\"1080\" src=\"https:\/\/www.slow-tourisme-lab.fr\/assets\/uploads\/sites\/50\/2022\/12\/Mailly-le-Camp-3-4-mai-1944.jpg\" class=\"attachment-full size-full\" alt=\"\" srcset=\"https:\/\/www.slow-tourisme-lab.fr\/assets\/uploads\/sites\/50\/2022\/12\/Mailly-le-Camp-3-4-mai-1944.jpg 1080w, https:\/\/www.slow-tourisme-lab.fr\/assets\/uploads\/sites\/50\/2022\/12\/Mailly-le-Camp-3-4-mai-1944-150x150.jpg 150w, https:\/\/www.slow-tourisme-lab.fr\/assets\/uploads\/sites\/50\/2022\/12\/Mailly-le-Camp-3-4-mai-1944-300x300.jpg 300w, https:\/\/www.slow-tourisme-lab.fr\/assets\/uploads\/sites\/50\/2022\/12\/Mailly-le-Camp-3-4-mai-1944-768x768.jpg 768w, https:\/\/www.slow-tourisme-lab.fr\/assets\/uploads\/sites\/50\/2022\/12\/Mailly-le-Camp-3-4-mai-1944-1024x1024.jpg 1024w, https:\/\/www.slow-tourisme-lab.fr\/assets\/uploads\/sites\/50\/2022\/12\/Mailly-le-Camp-3-4-mai-1944-570x570.jpg 570w, https:\/\/www.slow-tourisme-lab.fr\/assets\/uploads\/sites\/50\/2022\/12\/Mailly-le-Camp-3-4-mai-1944-500x500.jpg 500w, https:\/\/www.slow-tourisme-lab.fr\/assets\/uploads\/sites\/50\/2022\/12\/Mailly-le-Camp-3-4-mai-1944-1000x1000.jpg 1000w, https:\/\/www.slow-tourisme-lab.fr\/assets\/uploads\/sites\/50\/2022\/12\/Mailly-le-Camp-3-4-mai-1944-700x700.jpg 700w\" sizes=\"(max-width: 1080px) 100vw, 1080px\" \/>        <\/div>\n        <div class=\"qode-workflow-text\">\n            <span class=\"circle\" style=\"\"><\/span>\n                            <h3>Mailly 3-4 mai 1944<\/h3>\n                                        <h6 class=\"qode-workflow-subtitle\">Un rendez-vous avec l\u2019Histoire<\/h6>\n                                        <p class=\"text\">Mailly 3-4 mai 1944 sera une exp\u00e9rience \u00e9motionnelle. Ce chemin de m\u00e9moire \u00e0 ciel ouvert est une aventure immersive qui retrace l\u2019histoire du village \u00e0 travers diff\u00e9rentes \u00e9poques, et plus particuli\u00e8rement le passage du bombardement du 3-4 mai 1944 par les Alli\u00e9s contre les soldats allemands sur le camp militaire de Mailly lors de la Seconde Guerre mondiale.<\/p>\n                    <\/div>\n    <\/div>\n<\/div><\/div>[vc_empty_space]<blockquote class=' with_quote_icon' style=''><i class='fa fa-quote-right' style=''><\/i><h5 class='blockquote-text' style=''>Une exp\u00e9rience de m\u00e9moire interactive engag\u00e9e vers l\u2019humain, et les messages laiss\u00e9s \u00e0 l\u2019humanit\u00e9.<\/h5><\/blockquote>[vc_column_text]<\/p>\n<h1>Mailly 3-4 mai 1944<\/h1>\n<p>Projet port\u00e9 par la commune de Mailly-Le-Camp cette exp\u00e9rience interactive propose un chemin m\u00e9moriel avec son application de r\u00e9alit\u00e9 augment\u00e9e et ces panneaux. Une exp\u00e9rience nouvelle m\u00ealant r\u00e9el et virtuel qui rend le visiteur acteur de ses d\u00e9couvertes et de ses \u00e9motions \u00e0 travers des sc\u00e8nes de m\u00e9moires, historiques et interactifs.<\/p>\n<p>Avec des panneaux explicatifs (12) dispos\u00e9s \u00e0 des points cl\u00e9s historiques et une application de r\u00e9alit\u00e9 augment\u00e9e gratuite et disponible sur tous les smartphones, vous apercevrait des avions, des chars, des soldats, des b\u00e2timents et bien plus encore. L\u2019application (disponible en 2024) sera facultative pour effectuer le parcours, mais elle offrira une immersion surprenante et unique.[\/vc_column_text][vc_empty_space][vc_column_text]<\/p>\n<h1>Un peu d&rsquo;histoire<\/h1>\n<p>Dans la nuit du 3 au 4 mai 1944, 362 appareils britanniques de le RAF m\u00e8nent un raid massif contre le camp de Mailly, o\u00f9 se trouvent un camp d&rsquo;entrainements de chars panzer et environ 10 000 militaires allemands.<\/p>\n<p>Mille cinq cents tonnes de bombes sont finalement largu\u00e9es, la tr\u00e8s grande majorit\u00e9 des explosifs atteint 12 hectares du site militaire de Mailly. Quarante-quatre avions anglais sont au sol, dont 42 Lancaster. Toute une rue de Poivres dispara\u00eet, 17 villageois meurent lors de cette attaque, comme 249 militaires attaquants.<\/p>\n<p>4 mai 2022, le d\u00e9but d&rsquo;une nouvelle aventure&#8230;[\/vc_column_text][\/vc_column][\/vc_row][vc_row css_animation=\u00a0\u00bb\u00a0\u00bb row_type=\u00a0\u00bbrow\u00a0\u00bb use_row_as_full_screen_section=\u00a0\u00bbno\u00a0\u00bb type=\u00a0\u00bbfull_width\u00a0\u00bb angled_section=\u00a0\u00bbno\u00a0\u00bb text_align=\u00a0\u00bbleft\u00a0\u00bb background_image_as_pattern=\u00a0\u00bbwithout_pattern\u00a0\u00bb][vc_column][vc_empty_space]<div class=\"qode-workflow  qode-workflow-animate\">\n    <span class=\"main-line\" style=\"\"><\/span>\n    <div class=\"qode-workflow-item\">\n    <span class=\"line\" style=\"\"><\/span>\n    <div class=\"qode-workflow-item-inner \">\n        <div class=\"qode-workflow-image center\">\n            <img decoding=\"async\" width=\"1190\" height=\"669\" src=\"https:\/\/www.slow-tourisme-lab.fr\/assets\/uploads\/sites\/50\/2022\/12\/Supersolid-et-3-4-mai-1944.jpg\" class=\"attachment-full size-full\" alt=\"\" srcset=\"https:\/\/www.slow-tourisme-lab.fr\/assets\/uploads\/sites\/50\/2022\/12\/Supersolid-et-3-4-mai-1944.jpg 1190w, https:\/\/www.slow-tourisme-lab.fr\/assets\/uploads\/sites\/50\/2022\/12\/Supersolid-et-3-4-mai-1944-300x169.jpg 300w, https:\/\/www.slow-tourisme-lab.fr\/assets\/uploads\/sites\/50\/2022\/12\/Supersolid-et-3-4-mai-1944-768x432.jpg 768w, https:\/\/www.slow-tourisme-lab.fr\/assets\/uploads\/sites\/50\/2022\/12\/Supersolid-et-3-4-mai-1944-1024x576.jpg 1024w, https:\/\/www.slow-tourisme-lab.fr\/assets\/uploads\/sites\/50\/2022\/12\/Supersolid-et-3-4-mai-1944-700x394.jpg 700w, https:\/\/www.slow-tourisme-lab.fr\/assets\/uploads\/sites\/50\/2022\/12\/Supersolid-et-3-4-mai-1944-539x303.jpg 539w\" sizes=\"(max-width: 1190px) 100vw, 1190px\" \/>        <\/div>\n        <div class=\"qode-workflow-text\">\n            <span class=\"circle\" style=\"\"><\/span>\n                            <h3>Un concept innovant et historiquement majeur<\/h3>\n                                                    <p class=\"text\">Supersolids, sp\u00e9cialiste de l&#039;imagerie immersive et des technologies interactives va vous faire revivre une exp\u00e9rience hors du commun. Pr\u00e9parez vous \u00e0 d\u00e9couvrir cette histoire essentielle qui a ouvert la br\u00e8che \u00e0 la lib\u00e9ration de la France<\/p>\n                    <\/div>\n    <\/div>\n<\/div><\/div>[\/vc_column][\/vc_row][vc_row css_animation=\u00a0\u00bb\u00a0\u00bb row_type=\u00a0\u00bbrow\u00a0\u00bb use_row_as_full_screen_section=\u00a0\u00bbno\u00a0\u00bb type=\u00a0\u00bbfull_width\u00a0\u00bb angled_section=\u00a0\u00bbno\u00a0\u00bb text_align=\u00a0\u00bbleft\u00a0\u00bb background_image_as_pattern=\u00a0\u00bbwithout_pattern\u00a0\u00bb][vc_column width=\u00a0\u00bb1\/2&Prime;][vc_empty_space]<div class=\"ult-team-member-wrap ult-style-1  \"><div class=\"ult-team-member-image\" style=\"\"> <img decoding=\"async\" class=\"ult-team-grayscale\" src=\"\" alt=\"\"  style=\"\"><span class=\"ult-team-member-image-overlay \"  ><\/span><\/div><div class=\"ult-team-member-bio-wrap style-1 ultimate-heading69e19383e6b4f\" style=\"text-align:center;; \"><div class=\"ult-team-member-name-wrap\"><h2 class=\"ult-team-member-name ult-responsive\"  data-ultimate-target='.ult-team-member-bio-wrap.ultimate-heading69e19383e6b4f .ult-team-member-name'  data-responsive-json-new='{\"font-size\":\"\",\"line-height\":\"\"}'  style=\"\">Association 3-4 mai 1944<\/h2><div class=\"ult-team-member-description ult-responsive\"  data-ultimate-target='.ult-team-member-bio-wrap.ultimate-heading69e19383e6b4f .ult-team-member-description'  data-responsive-json-new='{\"font-size\":\"\",\"line-height\":\"\"}'  style=\"\"><p><strong>Pr\u00e9sident<\/strong>\u00a0: Monsieur MEUNIER Fran\u00e7ois<br \/>\n28 Rue G\u00e9n\u00e9ral de Gaulle, 10230 Mailly-le-Camp<br \/>\n+33 3 25 37 31 52<br \/>\n<a href=\"mailto:mailly3.4mai@gmail.com\" target=\"_blank\" rel=\"noopener noreferrer\">mailly3.4mai@gmail.com<\/a><\/p>\n<p><a href=\"https:\/\/3-4mai.fr\/\" target=\"_blank\" rel=\"noopener noreferrer\">https:\/\/3-4mai.fr\/<\/a><\/p><\/div><div style=\"margin-bottom:15px\"><\/div><div class='ult-social-buttons'><a href='https:\/\/www.facebook.com\/Mailly3et4MAI1944' target='_blank' rel='noopener' title='Facebook' class='ult-team ult-social-icon' style='font-size:30px ; margin-left:5px;margin-right:5px;;'  data-iconcolor='inherit' data-iconhover='inherit' ><i class='Defaults-facebook-square'><\/i><\/a><a href='https:\/\/www.instagram.com\/maillylecamp\/' target='_blank' rel='noopener' title='Instagram' class='ult-team ult-social-icon' style='font-size:30px ; margin-left:5px;margin-right:5px;;'  data-iconcolor='inherit' data-iconhover='inherit' ><i class='Defaults-instagram'><\/i><\/a><a href='https:\/\/www.linkedin.com\/company\/3-4mai1944\/about\/' target='_blank' rel='noopener' title='Linkedin' class='ult-team ult-social-icon' style='font-size:30px ; margin-left:5px;margin-right:5px;;'  data-iconcolor='inherit' data-iconhover='inherit' ><i class='Defaults-linkedin-square'><\/i><\/a><\/div><\/div><\/div><\/div>[\/vc_column][vc_column width=\u00a0\u00bb1\/2&Prime;][vc_empty_space][vc_single_image image=\u00a0\u00bb20102&Prime; img_size=\u00a0\u00bbfull\u00a0\u00bb qode_css_animation=\u00a0\u00bb\u00a0\u00bb][\/vc_column][\/vc_row]<\/p>\n<\/div>","protected":false},"excerpt":{"rendered":"<p>[vc_row css_animation=\u00a0\u00bb\u00a0\u00bb row_type=\u00a0\u00bbrow\u00a0\u00bb use_row_as_full_screen_section=\u00a0\u00bbno\u00a0\u00bb type=\u00a0\u00bbfull_width\u00a0\u00bb angled_section=\u00a0\u00bbno\u00a0\u00bb text_align=\u00a0\u00bbleft\u00a0\u00bb background_image_as_pattern=\u00a0\u00bbwithout_pattern\u00a0\u00bb][vc_column][vc_empty_space][vc_column_text] Mailly 3-4 mai 1944 Projet port\u00e9 par la commune de Mailly-Le-Camp cette exp\u00e9rience interactive propose un chemin m\u00e9moriel avec son application de r\u00e9alit\u00e9 augment\u00e9e et ces panneaux. Une exp\u00e9rience nouvelle m\u00ealant r\u00e9el et virtuel qui rend le&#8230;<\/p>\n","protected":false},"author":16,"featured_media":19999,"parent":0,"menu_order":0,"comment_status":"closed","ping_status":"closed","template":"","meta":{"footnotes":""},"class_list":["post-19996","page","type-page","status-publish","has-post-thumbnail","hentry"],"yoast_head":"<!-- This site is optimized with the Yoast SEO plugin v26.6 - https:\/\/yoast.com\/wordpress\/plugins\/seo\/ -->\n<title>Mailly 3-4 mai 1944 - Slow Tourisme Lab<\/title>\n<meta name=\"robots\" content=\"index, follow, max-snippet:-1, max-image-preview:large, max-video-preview:-1\" \/>\n<link rel=\"canonical\" href=\"https:\/\/www.slow-tourisme-lab.fr\/fr\/mailly-3-4-mai-1944\/\" \/>\n<meta property=\"og:locale\" content=\"fr_FR\" \/>\n<meta property=\"og:type\" content=\"article\" \/>\n<meta property=\"og:title\" content=\"Mailly 3-4 mai 1944 - Slow Tourisme Lab\" \/>\n<meta property=\"og:description\" content=\"[vc_row css_animation=\u00a0\u00bb\u00a0\u00bb row_type=\u00a0\u00bbrow\u00a0\u00bb use_row_as_full_screen_section=\u00a0\u00bbno\u00a0\u00bb type=\u00a0\u00bbfull_width\u00a0\u00bb angled_section=\u00a0\u00bbno\u00a0\u00bb text_align=\u00a0\u00bbleft\u00a0\u00bb background_image_as_pattern=\u00a0\u00bbwithout_pattern\u00a0\u00bb][vc_column][vc_empty_space][vc_column_text] Mailly 3-4 mai 1944 Projet port\u00e9 par la commune de Mailly-Le-Camp cette exp\u00e9rience interactive propose un chemin m\u00e9moriel avec son application de r\u00e9alit\u00e9 augment\u00e9e et ces panneaux. Une exp\u00e9rience nouvelle m\u00ealant r\u00e9el et virtuel qui rend le...\" \/>\n<meta property=\"og:url\" content=\"https:\/\/www.slow-tourisme-lab.fr\/fr\/mailly-3-4-mai-1944\/\" \/>\n<meta property=\"og:site_name\" content=\"Slow Tourisme Lab\" \/>\n<meta property=\"article:modified_time\" content=\"2023-11-16T12:53:32+00:00\" \/>\n<meta property=\"og:image\" content=\"https:\/\/slowtourismelab-www.v3.mobylee.com\/assets\/uploads\/sites\/50\/2022\/12\/Mailly-le-Camp-3-4-mai-1944.jpg\" \/>\n\t<meta property=\"og:image:width\" content=\"1080\" \/>\n\t<meta property=\"og:image:height\" content=\"1080\" \/>\n\t<meta property=\"og:image:type\" content=\"image\/jpeg\" \/>\n<meta name=\"twitter:card\" content=\"summary_large_image\" \/>\n<meta name=\"twitter:label1\" content=\"Dur\u00e9e de lecture estim\u00e9e\" \/>\n\t<meta name=\"twitter:data1\" content=\"3 minutes\" \/>\n<script type=\"application\/ld+json\" class=\"yoast-schema-graph\">{\"@context\":\"https:\/\/schema.org\",\"@graph\":[{\"@type\":\"WebPage\",\"@id\":\"https:\/\/www.slow-tourisme-lab.fr\/fr\/mailly-3-4-mai-1944\/\",\"url\":\"https:\/\/www.slow-tourisme-lab.fr\/fr\/mailly-3-4-mai-1944\/\",\"name\":\"Mailly 3-4 mai 1944 - Slow Tourisme Lab\",\"isPartOf\":{\"@id\":\"https:\/\/www.slow-tourisme-lab.fr\/fr\/#website\"},\"primaryImageOfPage\":{\"@id\":\"https:\/\/www.slow-tourisme-lab.fr\/fr\/mailly-3-4-mai-1944\/#primaryimage\"},\"image\":{\"@id\":\"https:\/\/www.slow-tourisme-lab.fr\/fr\/mailly-3-4-mai-1944\/#primaryimage\"},\"thumbnailUrl\":\"https:\/\/www.slow-tourisme-lab.fr\/assets\/uploads\/sites\/50\/2022\/12\/Mailly-le-Camp-3-4-mai-1944.jpg\",\"datePublished\":\"2022-12-28T15:35:47+00:00\",\"dateModified\":\"2023-11-16T12:53:32+00:00\",\"breadcrumb\":{\"@id\":\"https:\/\/www.slow-tourisme-lab.fr\/fr\/mailly-3-4-mai-1944\/#breadcrumb\"},\"inLanguage\":\"fr-FR\",\"potentialAction\":[{\"@type\":\"ReadAction\",\"target\":[\"https:\/\/www.slow-tourisme-lab.fr\/fr\/mailly-3-4-mai-1944\/\"]}]},{\"@type\":\"ImageObject\",\"inLanguage\":\"fr-FR\",\"@id\":\"https:\/\/www.slow-tourisme-lab.fr\/fr\/mailly-3-4-mai-1944\/#primaryimage\",\"url\":\"https:\/\/www.slow-tourisme-lab.fr\/assets\/uploads\/sites\/50\/2022\/12\/Mailly-le-Camp-3-4-mai-1944.jpg\",\"contentUrl\":\"https:\/\/www.slow-tourisme-lab.fr\/assets\/uploads\/sites\/50\/2022\/12\/Mailly-le-Camp-3-4-mai-1944.jpg\",\"width\":1080,\"height\":1080},{\"@type\":\"BreadcrumbList\",\"@id\":\"https:\/\/www.slow-tourisme-lab.fr\/fr\/mailly-3-4-mai-1944\/#breadcrumb\",\"itemListElement\":[{\"@type\":\"ListItem\",\"position\":1,\"name\":\"Accueil\",\"item\":\"https:\/\/www.slow-tourisme-lab.fr\/fr\/\"},{\"@type\":\"ListItem\",\"position\":2,\"name\":\"Mailly 3-4 mai 1944\"}]},{\"@type\":\"WebSite\",\"@id\":\"https:\/\/www.slow-tourisme-lab.fr\/fr\/#website\",\"url\":\"https:\/\/www.slow-tourisme-lab.fr\/fr\/\",\"name\":\"Slow Tourisme Lab\",\"description\":\"Un accompagnement pour l'innovation touristique durable\",\"potentialAction\":[{\"@type\":\"SearchAction\",\"target\":{\"@type\":\"EntryPoint\",\"urlTemplate\":\"https:\/\/www.slow-tourisme-lab.fr\/fr\/?s={search_term_string}\"},\"query-input\":{\"@type\":\"PropertyValueSpecification\",\"valueRequired\":true,\"valueName\":\"search_term_string\"}}],\"inLanguage\":\"fr-FR\"}]}<\/script>\n<!-- \/ Yoast SEO plugin. -->","yoast_head_json":{"title":"Mailly 3-4 mai 1944 - Slow Tourisme Lab","robots":{"index":"index","follow":"follow","max-snippet":"max-snippet:-1","max-image-preview":"max-image-preview:large","max-video-preview":"max-video-preview:-1"},"canonical":"https:\/\/www.slow-tourisme-lab.fr\/fr\/mailly-3-4-mai-1944\/","og_locale":"fr_FR","og_type":"article","og_title":"Mailly 3-4 mai 1944 - Slow Tourisme Lab","og_description":"[vc_row css_animation=\u00a0\u00bb\u00a0\u00bb row_type=\u00a0\u00bbrow\u00a0\u00bb use_row_as_full_screen_section=\u00a0\u00bbno\u00a0\u00bb type=\u00a0\u00bbfull_width\u00a0\u00bb angled_section=\u00a0\u00bbno\u00a0\u00bb text_align=\u00a0\u00bbleft\u00a0\u00bb background_image_as_pattern=\u00a0\u00bbwithout_pattern\u00a0\u00bb][vc_column][vc_empty_space][vc_column_text] Mailly 3-4 mai 1944 Projet port\u00e9 par la commune de Mailly-Le-Camp cette exp\u00e9rience interactive propose un chemin m\u00e9moriel avec son application de r\u00e9alit\u00e9 augment\u00e9e et ces panneaux. Une exp\u00e9rience nouvelle m\u00ealant r\u00e9el et virtuel qui rend le...","og_url":"https:\/\/www.slow-tourisme-lab.fr\/fr\/mailly-3-4-mai-1944\/","og_site_name":"Slow Tourisme Lab","article_modified_time":"2023-11-16T12:53:32+00:00","og_image":[{"width":1080,"height":1080,"url":"https:\/\/slowtourismelab-www.v3.mobylee.com\/assets\/uploads\/sites\/50\/2022\/12\/Mailly-le-Camp-3-4-mai-1944.jpg","type":"image\/jpeg"}],"twitter_card":"summary_large_image","twitter_misc":{"Dur\u00e9e de lecture estim\u00e9e":"3 minutes"},"schema":{"@context":"https:\/\/schema.org","@graph":[{"@type":"WebPage","@id":"https:\/\/www.slow-tourisme-lab.fr\/fr\/mailly-3-4-mai-1944\/","url":"https:\/\/www.slow-tourisme-lab.fr\/fr\/mailly-3-4-mai-1944\/","name":"Mailly 3-4 mai 1944 - Slow Tourisme Lab","isPartOf":{"@id":"https:\/\/www.slow-tourisme-lab.fr\/fr\/#website"},"primaryImageOfPage":{"@id":"https:\/\/www.slow-tourisme-lab.fr\/fr\/mailly-3-4-mai-1944\/#primaryimage"},"image":{"@id":"https:\/\/www.slow-tourisme-lab.fr\/fr\/mailly-3-4-mai-1944\/#primaryimage"},"thumbnailUrl":"https:\/\/www.slow-tourisme-lab.fr\/assets\/uploads\/sites\/50\/2022\/12\/Mailly-le-Camp-3-4-mai-1944.jpg","datePublished":"2022-12-28T15:35:47+00:00","dateModified":"2023-11-16T12:53:32+00:00","breadcrumb":{"@id":"https:\/\/www.slow-tourisme-lab.fr\/fr\/mailly-3-4-mai-1944\/#breadcrumb"},"inLanguage":"fr-FR","potentialAction":[{"@type":"ReadAction","target":["https:\/\/www.slow-tourisme-lab.fr\/fr\/mailly-3-4-mai-1944\/"]}]},{"@type":"ImageObject","inLanguage":"fr-FR","@id":"https:\/\/www.slow-tourisme-lab.fr\/fr\/mailly-3-4-mai-1944\/#primaryimage","url":"https:\/\/www.slow-tourisme-lab.fr\/assets\/uploads\/sites\/50\/2022\/12\/Mailly-le-Camp-3-4-mai-1944.jpg","contentUrl":"https:\/\/www.slow-tourisme-lab.fr\/assets\/uploads\/sites\/50\/2022\/12\/Mailly-le-Camp-3-4-mai-1944.jpg","width":1080,"height":1080},{"@type":"BreadcrumbList","@id":"https:\/\/www.slow-tourisme-lab.fr\/fr\/mailly-3-4-mai-1944\/#breadcrumb","itemListElement":[{"@type":"ListItem","position":1,"name":"Accueil","item":"https:\/\/www.slow-tourisme-lab.fr\/fr\/"},{"@type":"ListItem","position":2,"name":"Mailly 3-4 mai 1944"}]},{"@type":"WebSite","@id":"https:\/\/www.slow-tourisme-lab.fr\/fr\/#website","url":"https:\/\/www.slow-tourisme-lab.fr\/fr\/","name":"Slow Tourisme Lab","description":"Un accompagnement pour l'innovation touristique durable","potentialAction":[{"@type":"SearchAction","target":{"@type":"EntryPoint","urlTemplate":"https:\/\/www.slow-tourisme-lab.fr\/fr\/?s={search_term_string}"},"query-input":{"@type":"PropertyValueSpecification","valueRequired":true,"valueName":"search_term_string"}}],"inLanguage":"fr-FR"}]}},"_links":{"self":[{"href":"https:\/\/www.slow-tourisme-lab.fr\/fr\/wp-json\/wp\/v2\/pages\/19996\/"}],"collection":[{"href":"https:\/\/www.slow-tourisme-lab.fr\/fr\/wp-json\/wp\/v2\/pages\/"}],"about":[{"href":"https:\/\/www.slow-tourisme-lab.fr\/fr\/wp-json\/wp\/v2\/types\/page\/"}],"author":[{"embeddable":true,"href":"https:\/\/www.slow-tourisme-lab.fr\/fr\/wp-json\/wp\/v2\/users\/16\/"}],"replies":[{"embeddable":true,"href":"https:\/\/www.slow-tourisme-lab.fr\/fr\/wp-json\/wp\/v2\/comments\/?post=19996"}],"version-history":[{"count":6,"href":"https:\/\/www.slow-tourisme-lab.fr\/fr\/wp-json\/wp\/v2\/pages\/19996\/revisions\/"}],"predecessor-version":[{"id":20004,"href":"https:\/\/www.slow-tourisme-lab.fr\/fr\/wp-json\/wp\/v2\/pages\/19996\/revisions\/20004\/"}],"wp:featuredmedia":[{"embeddable":true,"href":"https:\/\/www.slow-tourisme-lab.fr\/fr\/wp-json\/wp\/v2\/media\/19999\/"}],"wp:attachment":[{"href":"https:\/\/www.slow-tourisme-lab.fr\/fr\/wp-json\/wp\/v2\/media\/?parent=19996"}],"curies":[{"name":"wp","href":"https:\/\/api.w.org\/{rel}","templated":true}]}}