{"id":19960,"date":"2022-12-28T10:49:05","date_gmt":"2022-12-28T09:49:05","guid":{"rendered":"https:\/\/www.slow-tourisme-lab.fr\/?page_id=19960"},"modified":"2022-12-28T11:31:27","modified_gmt":"2022-12-28T10:31:27","slug":"relais-du-bien-etre","status":"publish","type":"page","link":"https:\/\/www.slow-tourisme-lab.fr\/fr\/relais-du-bien-etre\/","title":{"rendered":"Relais du Bien-\u00eatre"},"content":{"rendered":"<div class=\"wpb-content-wrapper\"><p>[vc_row css_animation=\u00a0\u00bb\u00a0\u00bb row_type=\u00a0\u00bbrow\u00a0\u00bb use_row_as_full_screen_section=\u00a0\u00bbno\u00a0\u00bb type=\u00a0\u00bbfull_width\u00a0\u00bb angled_section=\u00a0\u00bbno\u00a0\u00bb text_align=\u00a0\u00bbleft\u00a0\u00bb background_image_as_pattern=\u00a0\u00bbwithout_pattern\u00a0\u00bb][vc_column]<div class=\"qode-workflow  qode-workflow-animate\">\n    <span class=\"main-line\" style=\"\"><\/span>\n    <div class=\"qode-workflow-item\">\n    <span class=\"line\" style=\"\"><\/span>\n    <div class=\"qode-workflow-item-inner reverse\">\n        <div class=\"qode-workflow-image center\">\n            <img fetchpriority=\"high\" decoding=\"async\" width=\"2016\" height=\"1512\" src=\"https:\/\/www.slow-tourisme-lab.fr\/assets\/uploads\/sites\/50\/2022\/12\/244440892_1277155782755155_958074155198542581_n.jpg\" class=\"attachment-full size-full\" alt=\"\" srcset=\"https:\/\/www.slow-tourisme-lab.fr\/assets\/uploads\/sites\/50\/2022\/12\/244440892_1277155782755155_958074155198542581_n.jpg 2016w, https:\/\/www.slow-tourisme-lab.fr\/assets\/uploads\/sites\/50\/2022\/12\/244440892_1277155782755155_958074155198542581_n-300x225.jpg 300w, https:\/\/www.slow-tourisme-lab.fr\/assets\/uploads\/sites\/50\/2022\/12\/244440892_1277155782755155_958074155198542581_n-768x576.jpg 768w, https:\/\/www.slow-tourisme-lab.fr\/assets\/uploads\/sites\/50\/2022\/12\/244440892_1277155782755155_958074155198542581_n-1024x768.jpg 1024w, https:\/\/www.slow-tourisme-lab.fr\/assets\/uploads\/sites\/50\/2022\/12\/244440892_1277155782755155_958074155198542581_n-800x600.jpg 800w, https:\/\/www.slow-tourisme-lab.fr\/assets\/uploads\/sites\/50\/2022\/12\/244440892_1277155782755155_958074155198542581_n-700x525.jpg 700w\" sizes=\"(max-width: 2016px) 100vw, 2016px\" \/>        <\/div>\n        <div class=\"qode-workflow-text\">\n            <span class=\"circle\" style=\"\"><\/span>\n                            <h3>Le relais du bien-\u00eatre<\/h3>\n                                                    <p class=\"text\">Relais du Bien-\u00eatre \u00e9labore des s\u00e9jours \u00e0 la carte et personnalis\u00e9s \u00e0 taille humaine dans des demeures historiques. Les s\u00e9jours th\u00e9matiques sont destin\u00e9s \u00e0 des personnes n\u00e9cessitant d\u2019\u00eatre accompagn\u00e9es dans diff\u00e9rentes \u00e9tapes de leur vie. <\/p>\n                    <\/div>\n    <\/div>\n<\/div><\/div>[vc_column_text]<\/p>\n<p style=\"text-align: left\">D\u00e9couvrez ses moments privil\u00e9gi\u00e9s et bienveillants pour les aidants familiaux, les personnes endeuill\u00e9s, les jeunes retrait\u00e9s, les hommes et les femmes en r\u00e9mission ou encore pour les entreprises et leur probl\u00e9matique de bien \u00eatre au travail.<\/p>\n<p>[\/vc_column_text][vc_empty_space]<div class=\"qode-workflow  qode-workflow-animate\">\n    <span class=\"main-line\" style=\"\"><\/span>\n    <div class=\"qode-workflow-item\">\n    <span class=\"line\" style=\"\"><\/span>\n    <div class=\"qode-workflow-item-inner \">\n        <div class=\"qode-workflow-image center\">\n            <img decoding=\"async\" width=\"200\" height=\"173\" src=\"https:\/\/www.slow-tourisme-lab.fr\/assets\/uploads\/sites\/50\/2022\/03\/Logo-Relais-du-Bien-Etre.jpg\" class=\"attachment-full size-full\" alt=\"\" \/>        <\/div>\n        <div class=\"qode-workflow-text\">\n            <span class=\"circle\" style=\"\"><\/span>\n                            <h3>Un concept innovant<\/h3>\n                                                    <p class=\"text\">Le relais du bien-\u00eatre apporte une innovation sociale et des s\u00e9jours adapt\u00e9 aux besoins soci\u00e9taux. Notre soci\u00e9t\u00e9, entreprise \u00e0 mission, est de concevoir des s\u00e9jours enti\u00e8rement pris en charge pour le participant, avec des employ\u00e9s qualifi\u00e9s pour \u00eatre assur\u00e9 d\u2019une bonne r\u00e9alisation dans une demeure historique de charme \u00e0 taille humaine avec un ancrage local.&lt;br \/&gt;\n<\/p>\n                    <\/div>\n    <\/div>\n<\/div><\/div>[vc_column_text]La philosophie de Relais du bien-\u00eatre, est de proposer aux personnes les plus fragilis\u00e9es, avec des besoins sp\u00e9cifiques, des s\u00e9jours clef en main, des\u00a0<strong>s\u00e9jours pour soi en chambre individuelle avec salle de bain privative dans des<\/strong>\u00a0<strong>demeures historiques de charme<\/strong>, dans une nature verdoyante propice \u00e0 la relaxation et aux activit\u00e9s de bien-\u00eatre.<\/p>\n<p>&nbsp;<\/p>\n<p>Des\u00a0<strong>repas\u00a0<\/strong>de qualit\u00e9, servis \u00e0 table, permettent de profiter du groupe. V\u00e9ritables moments d\u2019\u00e9change et de partage, ils compl\u00e8tent des\u00a0<strong>activit\u00e9s<\/strong> propos\u00e9es par des intervenants dipl\u00f4m\u00e9s, sp\u00e9cialis\u00e9s et exp\u00e9riment\u00e9s dans la sophrologie, la naturopathie, les massages shiatsu, la r\u00e9flexologie plantaire, la gymnastique adapt\u00e9e.[\/vc_column_text][\/vc_column][\/vc_row][vc_row css_animation=\u00a0\u00bb\u00a0\u00bb row_type=\u00a0\u00bbrow\u00a0\u00bb use_row_as_full_screen_section=\u00a0\u00bbno\u00a0\u00bb type=\u00a0\u00bbfull_width\u00a0\u00bb angled_section=\u00a0\u00bbno\u00a0\u00bb text_align=\u00a0\u00bbleft\u00a0\u00bb background_image_as_pattern=\u00a0\u00bbwithout_pattern\u00a0\u00bb][vc_column width=\u00a0\u00bb1\/2&Prime;][vc_empty_space][vc_video link=\u00a0\u00bbhttps:\/\/www.youtube.com\/watch?v=5Zc4PBqyfqA&amp;ab_channel=RelaisduBien-%C3%AAtre\u00a0\u00bb align=\u00a0\u00bbcenter\u00a0\u00bb title=\u00a0\u00bbRepartir du bon pied apr\u00e8s un cancer\u00a0\u00bb][vc_empty_space]<div class=\"ult-team-member-wrap ult-style-1  \"><div class=\"ult-team-member-image\" style=\"\"> <img decoding=\"async\" class=\"ult-team-grayscale\" src=\"\" alt=\"\"  style=\"\"><span class=\"ult-team-member-image-overlay \"  ><\/span><\/div><div class=\"ult-team-member-bio-wrap style-1 ultimate-heading6a05bbbb1d87e\" style=\"text-align:center;; \"><div class=\"ult-team-member-name-wrap\"><h2 class=\"ult-team-member-name ult-responsive\"  data-ultimate-target='.ult-team-member-bio-wrap.ultimate-heading6a05bbbb1d87e .ult-team-member-name'  data-responsive-json-new='{\"font-size\":\"\",\"line-height\":\"\"}'  style=\"\">Le relais du bien-\u00eatre<\/h2><div class=\"ult-team-member-description ult-responsive\"  data-ultimate-target='.ult-team-member-bio-wrap.ultimate-heading6a05bbbb1d87e .ult-team-member-description'  data-responsive-json-new='{\"font-size\":\"\",\"line-height\":\"\"}'  style=\"\"><p><strong><a href=\"https:\/\/relaisdubienetre.com\/\" target=\"_blank\" rel=\"noopener noreferrer\">www.relaisdubienetre.com<\/a><\/strong><\/p>\n<p><a href=\"mailto:sabrina.rdbe@gmail.com\">sejours@relaisdubienetre.com<\/a><\/p>\n<p>03 25 80 36 02<\/p><\/div><div style=\"margin-bottom:15px\"><\/div><div class='ult-social-buttons'><a href='https:\/\/www.linkedin.com\/company\/relais-du-bien-%C3%AAtre\/?viewAsMember=true' target='_blank' rel='noopener' title='Linkedin' class='ult-team ult-social-icon' style='font-size:30px ; margin-left:5px;margin-right:5px;;'  data-iconcolor='inherit' data-iconhover='inherit' ><i class='Defaults-linkedin-square'><\/i><\/a><a href='https:\/\/www.facebook.com\/relaisdubienetretroyes' target='_blank' rel='noopener' title='Facebook' class='ult-team ult-social-icon' style='font-size:30px ; margin-left:5px;margin-right:5px;;'  data-iconcolor='inherit' data-iconhover='inherit' ><i class='Defaults-facebook-square'><\/i><\/a><a href='https:\/\/www.youtube.com\/@relaisdubien-etre2774\/featured' target='_blank' rel='noopener' title='Youtube' class='ult-team ult-social-icon' style='font-size:30px ; margin-left:5px;margin-right:5px;;'  data-iconcolor='inherit' data-iconhover='inherit' ><i class='Defaults-youtube-play'><\/i><\/a><\/div><\/div><\/div><\/div>[\/vc_column][vc_column width=\u00a0\u00bb1\/2&Prime;][vc_empty_space][vc_video link=\u00a0\u00bbhttps:\/\/www.youtube.com\/watch?v=rVrCagpdcgs&amp;t=96s&amp;ab_channel=RelaisduBien-%C3%AAtre\u00a0\u00bb align=\u00a0\u00bbcenter\u00a0\u00bb title=\u00a0\u00bbEt si vous preniez du temps pour vous ?\u00a0\u00bb][vc_empty_space]<div class=\"ult-team-member-wrap ult-style-1  \"><div class=\"ult-team-member-image\" style=\"\"> <img decoding=\"async\" class=\"ult-team-grayscale\" src=\"\" alt=\"\"  style=\"\"><span class=\"ult-team-member-image-overlay \"  ><\/span><\/div><div class=\"ult-team-member-bio-wrap style-1 ultimate-heading6a05bbbb1d972\" style=\"text-align:center;; \"><div class=\"ult-team-member-name-wrap\"><h2 class=\"ult-team-member-name ult-responsive\"  data-ultimate-target='.ult-team-member-bio-wrap.ultimate-heading6a05bbbb1d972 .ult-team-member-name'  data-responsive-json-new='{\"font-size\":\"\",\"line-height\":\"\"}'  style=\"\">Fabrice Provin<\/h2><div class=\"ult-team-member-position ult-responsive\"  data-ultimate-target='.ult-team-member-bio-wrap.ultimate-heading6a05bbbb1d972 .ult-team-member-position'  data-responsive-json-new='{\"font-size\":\"\",\"line-height\":\"\"}'  style=\"\">Pr\u00e9sident<\/div><div class=\"ult-team-member-description ult-responsive\"  data-ultimate-target='.ult-team-member-bio-wrap.ultimate-heading6a05bbbb1d972 .ult-team-member-description'  data-responsive-json-new='{\"font-size\":\"\",\"line-height\":\"\"}'  style=\"\"><p><\/p>\n<header class=\"entry-header ast-header-without-markup\">\n<p class=\"entry-title\"><span style=\"font-size: 16px\"><img decoding=\"async\" class=\" wp-image-19970 alignleft\" src=\"https:\/\/www.slow-tourisme-lab.fr\/assets\/uploads\/sites\/50\/2022\/12\/Fabrice-Provin-1-300x269.png\" alt=\"\" width=\"173\" height=\"155\" \/><\/span><\/p>\n<p>&nbsp;<\/p>\n<p class=\"entry-title\"><span style=\"font-size: 16px\"><strong>Le relais du bien-\u00eatre<\/strong><br \/>\n<\/span>58, boulevard Gambetta<br \/>\n10000 Troyes<\/p>\n<\/header>\n<div class=\"entry-content clear\">\n<p>&nbsp;<\/p>\n<\/div>\n<p><\/p><\/div><div style=\"margin-bottom:15px\"><\/div><\/div><\/div><\/div>[\/vc_column][\/vc_row][vc_row css_animation=\u00a0\u00bb\u00a0\u00bb row_type=\u00a0\u00bbrow\u00a0\u00bb use_row_as_full_screen_section=\u00a0\u00bbno\u00a0\u00bb type=\u00a0\u00bbfull_width\u00a0\u00bb angled_section=\u00a0\u00bbno\u00a0\u00bb text_align=\u00a0\u00bbleft\u00a0\u00bb background_image_as_pattern=\u00a0\u00bbwithout_pattern\u00a0\u00bb][vc_column width=\u00a0\u00bb1\/3&Prime;][vc_single_image image=\u00a0\u00bb19977&Prime; img_size=\u00a0\u00bb\u00a0\u00bb alignment=\u00a0\u00bbcenter\u00a0\u00bb qode_css_animation=\u00a0\u00bb\u00a0\u00bb][\/vc_column][vc_column width=\u00a0\u00bb1\/3&Prime;][vc_single_image image=\u00a0\u00bb19989&Prime; img_size=\u00a0\u00bb\u00a0\u00bb alignment=\u00a0\u00bbcenter\u00a0\u00bb qode_css_animation=\u00a0\u00bb\u00a0\u00bb][\/vc_column][vc_column width=\u00a0\u00bb1\/3&Prime;][vc_single_image image=\u00a0\u00bb19975&Prime; img_size=\u00a0\u00bb\u00a0\u00bb alignment=\u00a0\u00bbcenter\u00a0\u00bb qode_css_animation=\u00a0\u00bb\u00a0\u00bb][\/vc_column][\/vc_row]<\/p>\n<\/div>","protected":false},"excerpt":{"rendered":"<p>[vc_row css_animation=\u00a0\u00bb\u00a0\u00bb row_type=\u00a0\u00bbrow\u00a0\u00bb use_row_as_full_screen_section=\u00a0\u00bbno\u00a0\u00bb type=\u00a0\u00bbfull_width\u00a0\u00bb angled_section=\u00a0\u00bbno\u00a0\u00bb text_align=\u00a0\u00bbleft\u00a0\u00bb background_image_as_pattern=\u00a0\u00bbwithout_pattern\u00a0\u00bb][vc_column][vc_column_text] D\u00e9couvrez ses moments privil\u00e9gi\u00e9s et bienveillants pour les aidants familiaux, les personnes endeuill\u00e9s, les jeunes retrait\u00e9s, les hommes et les femmes en r\u00e9mission ou encore pour les entreprises et leur probl\u00e9matique de bien \u00eatre au travail. [\/vc_column_text][vc_empty_space][vc_column_text]La&#8230;<\/p>\n","protected":false},"author":16,"featured_media":19963,"parent":0,"menu_order":0,"comment_status":"closed","ping_status":"closed","template":"","meta":{"footnotes":""},"class_list":["post-19960","page","type-page","status-publish","has-post-thumbnail","hentry"],"yoast_head":"<!-- This site is optimized with the Yoast SEO plugin v26.6 - https:\/\/yoast.com\/wordpress\/plugins\/seo\/ -->\n<title>Relais du Bien-\u00eatre - Slow Tourisme Lab<\/title>\n<meta name=\"robots\" content=\"index, follow, max-snippet:-1, max-image-preview:large, max-video-preview:-1\" \/>\n<link rel=\"canonical\" href=\"https:\/\/www.slow-tourisme-lab.fr\/fr\/relais-du-bien-etre\/\" \/>\n<meta property=\"og:locale\" content=\"fr_FR\" \/>\n<meta property=\"og:type\" content=\"article\" \/>\n<meta property=\"og:title\" content=\"Relais du Bien-\u00eatre - Slow Tourisme Lab\" \/>\n<meta property=\"og:description\" content=\"[vc_row css_animation=\u00a0\u00bb\u00a0\u00bb row_type=\u00a0\u00bbrow\u00a0\u00bb use_row_as_full_screen_section=\u00a0\u00bbno\u00a0\u00bb type=\u00a0\u00bbfull_width\u00a0\u00bb angled_section=\u00a0\u00bbno\u00a0\u00bb text_align=\u00a0\u00bbleft\u00a0\u00bb background_image_as_pattern=\u00a0\u00bbwithout_pattern\u00a0\u00bb][vc_column][vc_column_text] D\u00e9couvrez ses moments privil\u00e9gi\u00e9s et bienveillants pour les aidants familiaux, les personnes endeuill\u00e9s, les jeunes retrait\u00e9s, les hommes et les femmes en r\u00e9mission ou encore pour les entreprises et leur probl\u00e9matique de bien \u00eatre au travail. [\/vc_column_text][vc_empty_space][vc_column_text]La...\" \/>\n<meta property=\"og:url\" content=\"https:\/\/www.slow-tourisme-lab.fr\/fr\/relais-du-bien-etre\/\" \/>\n<meta property=\"og:site_name\" content=\"Slow Tourisme Lab\" \/>\n<meta property=\"article:modified_time\" content=\"2022-12-28T10:31:27+00:00\" \/>\n<meta property=\"og:image\" content=\"https:\/\/www.slow-tourisme-lab.fr\/assets\/uploads\/sites\/50\/2022\/12\/Logo-Relais-du-Bien-Etre.jpg\" \/>\n\t<meta property=\"og:image:width\" content=\"200\" \/>\n\t<meta property=\"og:image:height\" content=\"173\" \/>\n\t<meta property=\"og:image:type\" content=\"image\/jpeg\" \/>\n<meta name=\"twitter:card\" content=\"summary_large_image\" \/>\n<meta name=\"twitter:label1\" content=\"Dur\u00e9e de lecture estim\u00e9e\" \/>\n\t<meta name=\"twitter:data1\" content=\"3 minutes\" \/>\n<script type=\"application\/ld+json\" class=\"yoast-schema-graph\">{\"@context\":\"https:\/\/schema.org\",\"@graph\":[{\"@type\":\"WebPage\",\"@id\":\"https:\/\/www.slow-tourisme-lab.fr\/fr\/relais-du-bien-etre\/\",\"url\":\"https:\/\/www.slow-tourisme-lab.fr\/fr\/relais-du-bien-etre\/\",\"name\":\"Relais du Bien-\u00eatre - Slow Tourisme Lab\",\"isPartOf\":{\"@id\":\"https:\/\/www.slow-tourisme-lab.fr\/fr\/#website\"},\"primaryImageOfPage\":{\"@id\":\"https:\/\/www.slow-tourisme-lab.fr\/fr\/relais-du-bien-etre\/#primaryimage\"},\"image\":{\"@id\":\"https:\/\/www.slow-tourisme-lab.fr\/fr\/relais-du-bien-etre\/#primaryimage\"},\"thumbnailUrl\":\"https:\/\/www.slow-tourisme-lab.fr\/assets\/uploads\/sites\/50\/2022\/12\/Logo-Relais-du-Bien-Etre.jpg\",\"datePublished\":\"2022-12-28T09:49:05+00:00\",\"dateModified\":\"2022-12-28T10:31:27+00:00\",\"breadcrumb\":{\"@id\":\"https:\/\/www.slow-tourisme-lab.fr\/fr\/relais-du-bien-etre\/#breadcrumb\"},\"inLanguage\":\"fr-FR\",\"potentialAction\":[{\"@type\":\"ReadAction\",\"target\":[\"https:\/\/www.slow-tourisme-lab.fr\/fr\/relais-du-bien-etre\/\"]}]},{\"@type\":\"ImageObject\",\"inLanguage\":\"fr-FR\",\"@id\":\"https:\/\/www.slow-tourisme-lab.fr\/fr\/relais-du-bien-etre\/#primaryimage\",\"url\":\"https:\/\/www.slow-tourisme-lab.fr\/assets\/uploads\/sites\/50\/2022\/12\/Logo-Relais-du-Bien-Etre.jpg\",\"contentUrl\":\"https:\/\/www.slow-tourisme-lab.fr\/assets\/uploads\/sites\/50\/2022\/12\/Logo-Relais-du-Bien-Etre.jpg\",\"width\":200,\"height\":173},{\"@type\":\"BreadcrumbList\",\"@id\":\"https:\/\/www.slow-tourisme-lab.fr\/fr\/relais-du-bien-etre\/#breadcrumb\",\"itemListElement\":[{\"@type\":\"ListItem\",\"position\":1,\"name\":\"Accueil\",\"item\":\"https:\/\/www.slow-tourisme-lab.fr\/fr\/\"},{\"@type\":\"ListItem\",\"position\":2,\"name\":\"Relais du Bien-\u00eatre\"}]},{\"@type\":\"WebSite\",\"@id\":\"https:\/\/www.slow-tourisme-lab.fr\/fr\/#website\",\"url\":\"https:\/\/www.slow-tourisme-lab.fr\/fr\/\",\"name\":\"Slow Tourisme Lab\",\"description\":\"Un accompagnement pour l'innovation touristique durable\",\"potentialAction\":[{\"@type\":\"SearchAction\",\"target\":{\"@type\":\"EntryPoint\",\"urlTemplate\":\"https:\/\/www.slow-tourisme-lab.fr\/fr\/?s={search_term_string}\"},\"query-input\":{\"@type\":\"PropertyValueSpecification\",\"valueRequired\":true,\"valueName\":\"search_term_string\"}}],\"inLanguage\":\"fr-FR\"}]}<\/script>\n<!-- \/ Yoast SEO plugin. -->","yoast_head_json":{"title":"Relais du Bien-\u00eatre - Slow Tourisme Lab","robots":{"index":"index","follow":"follow","max-snippet":"max-snippet:-1","max-image-preview":"max-image-preview:large","max-video-preview":"max-video-preview:-1"},"canonical":"https:\/\/www.slow-tourisme-lab.fr\/fr\/relais-du-bien-etre\/","og_locale":"fr_FR","og_type":"article","og_title":"Relais du Bien-\u00eatre - Slow Tourisme Lab","og_description":"[vc_row css_animation=\u00a0\u00bb\u00a0\u00bb row_type=\u00a0\u00bbrow\u00a0\u00bb use_row_as_full_screen_section=\u00a0\u00bbno\u00a0\u00bb type=\u00a0\u00bbfull_width\u00a0\u00bb angled_section=\u00a0\u00bbno\u00a0\u00bb text_align=\u00a0\u00bbleft\u00a0\u00bb background_image_as_pattern=\u00a0\u00bbwithout_pattern\u00a0\u00bb][vc_column][vc_column_text] D\u00e9couvrez ses moments privil\u00e9gi\u00e9s et bienveillants pour les aidants familiaux, les personnes endeuill\u00e9s, les jeunes retrait\u00e9s, les hommes et les femmes en r\u00e9mission ou encore pour les entreprises et leur probl\u00e9matique de bien \u00eatre au travail. [\/vc_column_text][vc_empty_space][vc_column_text]La...","og_url":"https:\/\/www.slow-tourisme-lab.fr\/fr\/relais-du-bien-etre\/","og_site_name":"Slow Tourisme Lab","article_modified_time":"2022-12-28T10:31:27+00:00","og_image":[{"width":200,"height":173,"url":"https:\/\/www.slow-tourisme-lab.fr\/assets\/uploads\/sites\/50\/2022\/12\/Logo-Relais-du-Bien-Etre.jpg","type":"image\/jpeg"}],"twitter_card":"summary_large_image","twitter_misc":{"Dur\u00e9e de lecture estim\u00e9e":"3 minutes"},"schema":{"@context":"https:\/\/schema.org","@graph":[{"@type":"WebPage","@id":"https:\/\/www.slow-tourisme-lab.fr\/fr\/relais-du-bien-etre\/","url":"https:\/\/www.slow-tourisme-lab.fr\/fr\/relais-du-bien-etre\/","name":"Relais du Bien-\u00eatre - Slow Tourisme Lab","isPartOf":{"@id":"https:\/\/www.slow-tourisme-lab.fr\/fr\/#website"},"primaryImageOfPage":{"@id":"https:\/\/www.slow-tourisme-lab.fr\/fr\/relais-du-bien-etre\/#primaryimage"},"image":{"@id":"https:\/\/www.slow-tourisme-lab.fr\/fr\/relais-du-bien-etre\/#primaryimage"},"thumbnailUrl":"https:\/\/www.slow-tourisme-lab.fr\/assets\/uploads\/sites\/50\/2022\/12\/Logo-Relais-du-Bien-Etre.jpg","datePublished":"2022-12-28T09:49:05+00:00","dateModified":"2022-12-28T10:31:27+00:00","breadcrumb":{"@id":"https:\/\/www.slow-tourisme-lab.fr\/fr\/relais-du-bien-etre\/#breadcrumb"},"inLanguage":"fr-FR","potentialAction":[{"@type":"ReadAction","target":["https:\/\/www.slow-tourisme-lab.fr\/fr\/relais-du-bien-etre\/"]}]},{"@type":"ImageObject","inLanguage":"fr-FR","@id":"https:\/\/www.slow-tourisme-lab.fr\/fr\/relais-du-bien-etre\/#primaryimage","url":"https:\/\/www.slow-tourisme-lab.fr\/assets\/uploads\/sites\/50\/2022\/12\/Logo-Relais-du-Bien-Etre.jpg","contentUrl":"https:\/\/www.slow-tourisme-lab.fr\/assets\/uploads\/sites\/50\/2022\/12\/Logo-Relais-du-Bien-Etre.jpg","width":200,"height":173},{"@type":"BreadcrumbList","@id":"https:\/\/www.slow-tourisme-lab.fr\/fr\/relais-du-bien-etre\/#breadcrumb","itemListElement":[{"@type":"ListItem","position":1,"name":"Accueil","item":"https:\/\/www.slow-tourisme-lab.fr\/fr\/"},{"@type":"ListItem","position":2,"name":"Relais du Bien-\u00eatre"}]},{"@type":"WebSite","@id":"https:\/\/www.slow-tourisme-lab.fr\/fr\/#website","url":"https:\/\/www.slow-tourisme-lab.fr\/fr\/","name":"Slow Tourisme Lab","description":"Un accompagnement pour l'innovation touristique durable","potentialAction":[{"@type":"SearchAction","target":{"@type":"EntryPoint","urlTemplate":"https:\/\/www.slow-tourisme-lab.fr\/fr\/?s={search_term_string}"},"query-input":{"@type":"PropertyValueSpecification","valueRequired":true,"valueName":"search_term_string"}}],"inLanguage":"fr-FR"}]}},"_links":{"self":[{"href":"https:\/\/www.slow-tourisme-lab.fr\/fr\/wp-json\/wp\/v2\/pages\/19960\/"}],"collection":[{"href":"https:\/\/www.slow-tourisme-lab.fr\/fr\/wp-json\/wp\/v2\/pages\/"}],"about":[{"href":"https:\/\/www.slow-tourisme-lab.fr\/fr\/wp-json\/wp\/v2\/types\/page\/"}],"author":[{"embeddable":true,"href":"https:\/\/www.slow-tourisme-lab.fr\/fr\/wp-json\/wp\/v2\/users\/16\/"}],"replies":[{"embeddable":true,"href":"https:\/\/www.slow-tourisme-lab.fr\/fr\/wp-json\/wp\/v2\/comments\/?post=19960"}],"version-history":[{"count":5,"href":"https:\/\/www.slow-tourisme-lab.fr\/fr\/wp-json\/wp\/v2\/pages\/19960\/revisions\/"}],"predecessor-version":[{"id":19992,"href":"https:\/\/www.slow-tourisme-lab.fr\/fr\/wp-json\/wp\/v2\/pages\/19960\/revisions\/19992\/"}],"wp:featuredmedia":[{"embeddable":true,"href":"https:\/\/www.slow-tourisme-lab.fr\/fr\/wp-json\/wp\/v2\/media\/19963\/"}],"wp:attachment":[{"href":"https:\/\/www.slow-tourisme-lab.fr\/fr\/wp-json\/wp\/v2\/media\/?parent=19960"}],"curies":[{"name":"wp","href":"https:\/\/api.w.org\/{rel}","templated":true}]}}