{"id":19888,"date":"2022-12-16T15:23:53","date_gmt":"2022-12-16T14:23:53","guid":{"rendered":"https:\/\/www.slow-tourisme-lab.fr\/?page_id=19888"},"modified":"2023-04-17T15:57:50","modified_gmt":"2023-04-17T13:57:50","slug":"les-ruchers-de-la-conscience","status":"publish","type":"page","link":"https:\/\/www.slow-tourisme-lab.fr\/fr\/les-ruchers-de-la-conscience\/","title":{"rendered":"Les ruchers de la conscience"},"content":{"rendered":"<div class=\"wpb-content-wrapper\"><p>[vc_row css_animation=\u00a0\u00bb\u00a0\u00bb row_type=\u00a0\u00bbrow\u00a0\u00bb use_row_as_full_screen_section=\u00a0\u00bbno\u00a0\u00bb type=\u00a0\u00bbfull_width\u00a0\u00bb angled_section=\u00a0\u00bbno\u00a0\u00bb text_align=\u00a0\u00bbleft\u00a0\u00bb background_image_as_pattern=\u00a0\u00bbwithout_pattern\u00a0\u00bb][vc_column width=\u00a0\u00bb1\/2&Prime;][vc_single_image image=\u00a0\u00bb19891&Prime; img_size=\u00a0\u00bbfull\u00a0\u00bb qode_css_animation=\u00a0\u00bb\u00a0\u00bb][vc_empty_space][\/vc_column][vc_column width=\u00a0\u00bb1\/2&Prime;][vc_column_text]<strong>Les ruchers de la conscience<\/strong> est un projet d&rsquo;espace voulant associer :<\/p>\n<ul>\n<li>Un espace boutique de produits de la ruche et de mat\u00e9riel apicole,<\/li>\n<li>Un espace de produits \u00e9thiques Made in Aube &amp; Made in France,<\/li>\n<li>Une miellerie collaborative,<\/li>\n<li>Un espace de convivialit\u00e9 et d\u2019\u00e9changes, pour l\u2019organisation d\u2019\u00e9v\u00e8nements et de conf\u00e9rences d\u00e9di\u00e9 \u00e0 la nature et \u00e0 l&rsquo;environnement,<\/li>\n<li>Un rucher p\u00e9dagogique pour l\u2019organisation d\u2019ateliers.<\/li>\n<\/ul>\n<p>[\/vc_column_text][vc_empty_space][\/vc_column][\/vc_row][vc_row css_animation=\u00a0\u00bb\u00a0\u00bb row_type=\u00a0\u00bbrow\u00a0\u00bb use_row_as_full_screen_section=\u00a0\u00bbno\u00a0\u00bb type=\u00a0\u00bbfull_width\u00a0\u00bb angled_section=\u00a0\u00bbno\u00a0\u00bb text_align=\u00a0\u00bbleft\u00a0\u00bb background_image_as_pattern=\u00a0\u00bbwithout_pattern\u00a0\u00bb][vc_column]<blockquote class=' with_quote_icon' style=''><i class='fa fa-quote-right' style=''><\/i><h5 class='blockquote-text' style='color: #1e73be;'>Pour un monde responsable et meilleur !<\/h5><\/blockquote>[\/vc_column][\/vc_row][vc_row css_animation=\u00a0\u00bb\u00a0\u00bb row_type=\u00a0\u00bbrow\u00a0\u00bb use_row_as_full_screen_section=\u00a0\u00bbno\u00a0\u00bb type=\u00a0\u00bbfull_width\u00a0\u00bb angled_section=\u00a0\u00bbno\u00a0\u00bb text_align=\u00a0\u00bbleft\u00a0\u00bb background_image_as_pattern=\u00a0\u00bbwithout_pattern\u00a0\u00bb][vc_column][vc_empty_space][vc_column_text]Dominique, via ce concept store, souhaite nous faire prendre conscience de l\u2019importance de la nature et du vivant au travers des abeilles.<\/p>\n<p>\u00ab\u00a0Apiculteur amateur depuis 2016 avec une vingtaine de ruches, je retrouve des gestes li\u00e9s \u00e0 mon enfance et des moments partag\u00e9s avec mon grand p\u00e8re pendant les saisons apicoles. Aujourd\u2019hui je me sent pr\u00eat \u00e0 relever un challenge \u00e9norme \u00ab faire prendre conscience \u00e0 un maximum de personne l\u2019importance de la nature et du vivant dont nous faisons partis\u00a0\u00bb[\/vc_column_text][vc_empty_space][vc_column_text]Il y aura 2 phases de mise en \u0153uvre\u00a0:<\/p>\n<p>la 1\u00e8re dans un espace \u00e9ph\u00e9m\u00e8re et 2<sup>\u00e8me<\/sup> phase r\u00e9habilitation d\u2019un ensemble immobilier pour la cr\u00e9ation d\u2019un \u00e9co lieux afin d\u2019accueillir la boutique, la miellerie collaborative, le rucher p\u00e9dagogique et un espace de bien-\u00eatre.[\/vc_column_text][vc_empty_space]<div class=\"qode-workflow  qode-workflow-animate\">\n    <span class=\"main-line\" style=\"\"><\/span>\n    <div class=\"qode-workflow-item\">\n    <span class=\"line\" style=\"\"><\/span>\n    <div class=\"qode-workflow-item-inner \">\n        <div class=\"qode-workflow-image center\">\n            <img fetchpriority=\"high\" decoding=\"async\" width=\"200\" height=\"308\" src=\"https:\/\/www.slow-tourisme-lab.fr\/assets\/uploads\/sites\/50\/2022\/12\/Logo-Ruchers-de-la-consciences-e1671201350755.jpg\" class=\"attachment-full size-full\" alt=\"\" \/>        <\/div>\n        <div class=\"qode-workflow-text\">\n            <span class=\"circle\" style=\"\"><\/span>\n                            <h3>Faire d\u00e9couvrir les bienfaits de l&#039;apith\u00e9rapie <\/h3>\n                                                    <p class=\"text\">Apr\u00e8s plusieurs formations en apiculture et apith\u00e9rapie, mais \u00e9galement en organisation d&#039;ateliers philosophiques, Dominique a su exp\u00e9rimenter plusieurs \u00e9v\u00e9nements autour du miel et du Champagne et faire connaitre le monde des ruches et des abeilles.<\/p>\n                    <\/div>\n    <\/div>\n<\/div><\/div>[vc_column_text]Pour l\u2019ouverture de son concept de \u00ab RucherStore rural \u00bb, Les ruchers de la conscience r\u00e9uniront au-del\u00e0 de la boutique plusieurs activit\u00e9s services comme :<\/p>\n<ul>\n<li>Des\u00a0<strong>services et accompagnements apicoles<\/strong> pour particuliers et entreprises,<\/li>\n<li>Des\u00a0<strong>ateliers d\u00e9couvertes<\/strong> au rythme de la saison apicole,<\/li>\n<li>Des\u00a0<strong>animations, \u00e9v\u00e8nements, ateliers<\/strong>\u00a0pour les scolaires et familles autour d\u2019un\u00a0<strong>rucher p\u00e9dagogique,<\/strong><\/li>\n<li>Des\u00a0<strong>services de bien-\u00eatre<\/strong>\u00a0avec des produits de la ruche gr\u00e2ce \u00e0 l\u2019<strong>apith\u00e9rapie<\/strong>\u00a0et le\u00a0<strong>massage \u00e9nerg\u00e9tique dynamique ou d\u00e9tente au miel.<\/strong><\/li>\n<\/ul>\n<p>[\/vc_column_text][vc_empty_space][\/vc_column][\/vc_row][vc_row css_animation=\u00a0\u00bb\u00a0\u00bb row_type=\u00a0\u00bbrow\u00a0\u00bb use_row_as_full_screen_section=\u00a0\u00bbno\u00a0\u00bb type=\u00a0\u00bbfull_width\u00a0\u00bb angled_section=\u00a0\u00bbno\u00a0\u00bb text_align=\u00a0\u00bbleft\u00a0\u00bb background_image_as_pattern=\u00a0\u00bbwithout_pattern\u00a0\u00bb][vc_column width=\u00a0\u00bb1\/2&Prime;]<div class=\"ult-team-member-wrap ult-style-1  \"><div class=\"ult-team-member-image\" style=\"\"> <img decoding=\"async\" class=\"ult-team-grayscale\" src=\"\" alt=\"\"  style=\"\"><span class=\"ult-team-member-image-overlay \"  ><\/span><\/div><div class=\"ult-team-member-bio-wrap style-1 ultimate-heading69e193a7e1a1a\" style=\"text-align:center;; \"><div class=\"ult-team-member-name-wrap\"><h2 class=\"ult-team-member-name ult-responsive\"  data-ultimate-target='.ult-team-member-bio-wrap.ultimate-heading69e193a7e1a1a .ult-team-member-name'  data-responsive-json-new='{\"font-size\":\"\",\"line-height\":\"\"}'  style=\"\">Les ruchers de la conscience<\/h2><div class=\"ult-team-member-description ult-responsive\"  data-ultimate-target='.ult-team-member-bio-wrap.ultimate-heading69e193a7e1a1a .ult-team-member-description'  data-responsive-json-new='{\"font-size\":\"\",\"line-height\":\"\"}'  style=\"\"><p><strong>Dominique Meignien<\/strong><\/p>\n<p><a href=\"mailto:lesruchersdelaconscience@gmail.com\" target=\"_blank\" rel=\"noopener noreferrer\">lesruchersdelaconscience@gmail.com<\/a><\/p><\/div><div style=\"margin-bottom:15px\"><\/div><div class='ult-social-buttons'><\/div><\/div><\/div><\/div>[\/vc_column][vc_column width=\u00a0\u00bb1\/2&Prime;][vc_gallery interval=\u00a0\u00bb3&Prime; images=\u00a0\u00bb19906,19904,19902,19900&Prime; img_size=\u00a0\u00bbmedium\u00a0\u00bb css_animation=\u00a0\u00bbfadeIn\u00a0\u00bb][\/vc_column][\/vc_row]<\/p>\n<\/div>","protected":false},"excerpt":{"rendered":"<p>[vc_row css_animation=\u00a0\u00bb\u00a0\u00bb row_type=\u00a0\u00bbrow\u00a0\u00bb use_row_as_full_screen_section=\u00a0\u00bbno\u00a0\u00bb type=\u00a0\u00bbfull_width\u00a0\u00bb angled_section=\u00a0\u00bbno\u00a0\u00bb text_align=\u00a0\u00bbleft\u00a0\u00bb background_image_as_pattern=\u00a0\u00bbwithout_pattern\u00a0\u00bb][vc_column width=\u00a0\u00bb1\/2&Prime;][vc_single_image image=\u00a0\u00bb19891&Prime; img_size=\u00a0\u00bbfull\u00a0\u00bb qode_css_animation=\u00a0\u00bb\u00a0\u00bb][vc_empty_space][\/vc_column][vc_column width=\u00a0\u00bb1\/2&Prime;][vc_column_text]Les ruchers de la conscience est un projet d&rsquo;espace voulant associer : Un espace boutique de produits de la ruche et de mat\u00e9riel apicole, Un espace de produits \u00e9thiques Made in Aube &amp;&#8230;<\/p>\n","protected":false},"author":16,"featured_media":19889,"parent":0,"menu_order":0,"comment_status":"closed","ping_status":"closed","template":"","meta":{"footnotes":""},"class_list":["post-19888","page","type-page","status-publish","has-post-thumbnail","hentry"],"yoast_head":"<!-- This site is optimized with the Yoast SEO plugin v26.6 - https:\/\/yoast.com\/wordpress\/plugins\/seo\/ -->\n<title>Les ruchers de la conscience - Slow Tourisme Lab<\/title>\n<meta name=\"robots\" content=\"index, follow, max-snippet:-1, max-image-preview:large, max-video-preview:-1\" \/>\n<link rel=\"canonical\" href=\"https:\/\/www.slow-tourisme-lab.fr\/fr\/les-ruchers-de-la-conscience\/\" \/>\n<meta property=\"og:locale\" content=\"fr_FR\" \/>\n<meta property=\"og:type\" content=\"article\" \/>\n<meta property=\"og:title\" content=\"Les ruchers de la conscience - Slow Tourisme Lab\" \/>\n<meta property=\"og:description\" content=\"[vc_row css_animation=\u00a0\u00bb\u00a0\u00bb row_type=\u00a0\u00bbrow\u00a0\u00bb use_row_as_full_screen_section=\u00a0\u00bbno\u00a0\u00bb type=\u00a0\u00bbfull_width\u00a0\u00bb angled_section=\u00a0\u00bbno\u00a0\u00bb text_align=\u00a0\u00bbleft\u00a0\u00bb background_image_as_pattern=\u00a0\u00bbwithout_pattern\u00a0\u00bb][vc_column width=\u00a0\u00bb1\/2&Prime;][vc_single_image image=\u00a0\u00bb19891&Prime; img_size=\u00a0\u00bbfull\u00a0\u00bb qode_css_animation=\u00a0\u00bb\u00a0\u00bb][vc_empty_space][\/vc_column][vc_column width=\u00a0\u00bb1\/2&Prime;][vc_column_text]Les ruchers de la conscience est un projet d&rsquo;espace voulant associer : Un espace boutique de produits de la ruche et de mat\u00e9riel apicole, Un espace de produits \u00e9thiques Made in Aube &amp;...\" \/>\n<meta property=\"og:url\" content=\"https:\/\/www.slow-tourisme-lab.fr\/fr\/les-ruchers-de-la-conscience\/\" \/>\n<meta property=\"og:site_name\" content=\"Slow Tourisme Lab\" \/>\n<meta property=\"article:modified_time\" content=\"2023-04-17T13:57:50+00:00\" \/>\n<meta property=\"og:image\" content=\"https:\/\/www.slow-tourisme-lab.fr\/assets\/uploads\/sites\/50\/2022\/12\/Logo-Ruchers-de-la-consciences-e1671201350755.jpg\" \/>\n\t<meta property=\"og:image:width\" content=\"200\" \/>\n\t<meta property=\"og:image:height\" content=\"308\" \/>\n\t<meta property=\"og:image:type\" content=\"image\/jpeg\" \/>\n<meta name=\"twitter:card\" content=\"summary_large_image\" \/>\n<meta name=\"twitter:label1\" content=\"Dur\u00e9e de lecture estim\u00e9e\" \/>\n\t<meta name=\"twitter:data1\" content=\"3 minutes\" \/>\n<script type=\"application\/ld+json\" class=\"yoast-schema-graph\">{\"@context\":\"https:\/\/schema.org\",\"@graph\":[{\"@type\":\"WebPage\",\"@id\":\"https:\/\/www.slow-tourisme-lab.fr\/fr\/les-ruchers-de-la-conscience\/\",\"url\":\"https:\/\/www.slow-tourisme-lab.fr\/fr\/les-ruchers-de-la-conscience\/\",\"name\":\"Les ruchers de la conscience - Slow Tourisme Lab\",\"isPartOf\":{\"@id\":\"https:\/\/www.slow-tourisme-lab.fr\/fr\/#website\"},\"primaryImageOfPage\":{\"@id\":\"https:\/\/www.slow-tourisme-lab.fr\/fr\/les-ruchers-de-la-conscience\/#primaryimage\"},\"image\":{\"@id\":\"https:\/\/www.slow-tourisme-lab.fr\/fr\/les-ruchers-de-la-conscience\/#primaryimage\"},\"thumbnailUrl\":\"https:\/\/www.slow-tourisme-lab.fr\/assets\/uploads\/sites\/50\/2022\/12\/Logo-Ruchers-de-la-consciences-e1671201350755.jpg\",\"datePublished\":\"2022-12-16T14:23:53+00:00\",\"dateModified\":\"2023-04-17T13:57:50+00:00\",\"breadcrumb\":{\"@id\":\"https:\/\/www.slow-tourisme-lab.fr\/fr\/les-ruchers-de-la-conscience\/#breadcrumb\"},\"inLanguage\":\"fr-FR\",\"potentialAction\":[{\"@type\":\"ReadAction\",\"target\":[\"https:\/\/www.slow-tourisme-lab.fr\/fr\/les-ruchers-de-la-conscience\/\"]}]},{\"@type\":\"ImageObject\",\"inLanguage\":\"fr-FR\",\"@id\":\"https:\/\/www.slow-tourisme-lab.fr\/fr\/les-ruchers-de-la-conscience\/#primaryimage\",\"url\":\"https:\/\/www.slow-tourisme-lab.fr\/assets\/uploads\/sites\/50\/2022\/12\/Logo-Ruchers-de-la-consciences-e1671201350755.jpg\",\"contentUrl\":\"https:\/\/www.slow-tourisme-lab.fr\/assets\/uploads\/sites\/50\/2022\/12\/Logo-Ruchers-de-la-consciences-e1671201350755.jpg\",\"width\":200,\"height\":308},{\"@type\":\"BreadcrumbList\",\"@id\":\"https:\/\/www.slow-tourisme-lab.fr\/fr\/les-ruchers-de-la-conscience\/#breadcrumb\",\"itemListElement\":[{\"@type\":\"ListItem\",\"position\":1,\"name\":\"Accueil\",\"item\":\"https:\/\/www.slow-tourisme-lab.fr\/fr\/\"},{\"@type\":\"ListItem\",\"position\":2,\"name\":\"Les ruchers de la conscience\"}]},{\"@type\":\"WebSite\",\"@id\":\"https:\/\/www.slow-tourisme-lab.fr\/fr\/#website\",\"url\":\"https:\/\/www.slow-tourisme-lab.fr\/fr\/\",\"name\":\"Slow Tourisme Lab\",\"description\":\"Un accompagnement pour l'innovation touristique durable\",\"potentialAction\":[{\"@type\":\"SearchAction\",\"target\":{\"@type\":\"EntryPoint\",\"urlTemplate\":\"https:\/\/www.slow-tourisme-lab.fr\/fr\/?s={search_term_string}\"},\"query-input\":{\"@type\":\"PropertyValueSpecification\",\"valueRequired\":true,\"valueName\":\"search_term_string\"}}],\"inLanguage\":\"fr-FR\"}]}<\/script>\n<!-- \/ Yoast SEO plugin. -->","yoast_head_json":{"title":"Les ruchers de la conscience - Slow Tourisme Lab","robots":{"index":"index","follow":"follow","max-snippet":"max-snippet:-1","max-image-preview":"max-image-preview:large","max-video-preview":"max-video-preview:-1"},"canonical":"https:\/\/www.slow-tourisme-lab.fr\/fr\/les-ruchers-de-la-conscience\/","og_locale":"fr_FR","og_type":"article","og_title":"Les ruchers de la conscience - Slow Tourisme Lab","og_description":"[vc_row css_animation=\u00a0\u00bb\u00a0\u00bb row_type=\u00a0\u00bbrow\u00a0\u00bb use_row_as_full_screen_section=\u00a0\u00bbno\u00a0\u00bb type=\u00a0\u00bbfull_width\u00a0\u00bb angled_section=\u00a0\u00bbno\u00a0\u00bb text_align=\u00a0\u00bbleft\u00a0\u00bb background_image_as_pattern=\u00a0\u00bbwithout_pattern\u00a0\u00bb][vc_column width=\u00a0\u00bb1\/2&Prime;][vc_single_image image=\u00a0\u00bb19891&Prime; img_size=\u00a0\u00bbfull\u00a0\u00bb qode_css_animation=\u00a0\u00bb\u00a0\u00bb][vc_empty_space][\/vc_column][vc_column width=\u00a0\u00bb1\/2&Prime;][vc_column_text]Les ruchers de la conscience est un projet d&rsquo;espace voulant associer : Un espace boutique de produits de la ruche et de mat\u00e9riel apicole, Un espace de produits \u00e9thiques Made in Aube &amp;...","og_url":"https:\/\/www.slow-tourisme-lab.fr\/fr\/les-ruchers-de-la-conscience\/","og_site_name":"Slow Tourisme Lab","article_modified_time":"2023-04-17T13:57:50+00:00","og_image":[{"width":200,"height":308,"url":"https:\/\/www.slow-tourisme-lab.fr\/assets\/uploads\/sites\/50\/2022\/12\/Logo-Ruchers-de-la-consciences-e1671201350755.jpg","type":"image\/jpeg"}],"twitter_card":"summary_large_image","twitter_misc":{"Dur\u00e9e de lecture estim\u00e9e":"3 minutes"},"schema":{"@context":"https:\/\/schema.org","@graph":[{"@type":"WebPage","@id":"https:\/\/www.slow-tourisme-lab.fr\/fr\/les-ruchers-de-la-conscience\/","url":"https:\/\/www.slow-tourisme-lab.fr\/fr\/les-ruchers-de-la-conscience\/","name":"Les ruchers de la conscience - Slow Tourisme Lab","isPartOf":{"@id":"https:\/\/www.slow-tourisme-lab.fr\/fr\/#website"},"primaryImageOfPage":{"@id":"https:\/\/www.slow-tourisme-lab.fr\/fr\/les-ruchers-de-la-conscience\/#primaryimage"},"image":{"@id":"https:\/\/www.slow-tourisme-lab.fr\/fr\/les-ruchers-de-la-conscience\/#primaryimage"},"thumbnailUrl":"https:\/\/www.slow-tourisme-lab.fr\/assets\/uploads\/sites\/50\/2022\/12\/Logo-Ruchers-de-la-consciences-e1671201350755.jpg","datePublished":"2022-12-16T14:23:53+00:00","dateModified":"2023-04-17T13:57:50+00:00","breadcrumb":{"@id":"https:\/\/www.slow-tourisme-lab.fr\/fr\/les-ruchers-de-la-conscience\/#breadcrumb"},"inLanguage":"fr-FR","potentialAction":[{"@type":"ReadAction","target":["https:\/\/www.slow-tourisme-lab.fr\/fr\/les-ruchers-de-la-conscience\/"]}]},{"@type":"ImageObject","inLanguage":"fr-FR","@id":"https:\/\/www.slow-tourisme-lab.fr\/fr\/les-ruchers-de-la-conscience\/#primaryimage","url":"https:\/\/www.slow-tourisme-lab.fr\/assets\/uploads\/sites\/50\/2022\/12\/Logo-Ruchers-de-la-consciences-e1671201350755.jpg","contentUrl":"https:\/\/www.slow-tourisme-lab.fr\/assets\/uploads\/sites\/50\/2022\/12\/Logo-Ruchers-de-la-consciences-e1671201350755.jpg","width":200,"height":308},{"@type":"BreadcrumbList","@id":"https:\/\/www.slow-tourisme-lab.fr\/fr\/les-ruchers-de-la-conscience\/#breadcrumb","itemListElement":[{"@type":"ListItem","position":1,"name":"Accueil","item":"https:\/\/www.slow-tourisme-lab.fr\/fr\/"},{"@type":"ListItem","position":2,"name":"Les ruchers de la conscience"}]},{"@type":"WebSite","@id":"https:\/\/www.slow-tourisme-lab.fr\/fr\/#website","url":"https:\/\/www.slow-tourisme-lab.fr\/fr\/","name":"Slow Tourisme Lab","description":"Un accompagnement pour l'innovation touristique durable","potentialAction":[{"@type":"SearchAction","target":{"@type":"EntryPoint","urlTemplate":"https:\/\/www.slow-tourisme-lab.fr\/fr\/?s={search_term_string}"},"query-input":{"@type":"PropertyValueSpecification","valueRequired":true,"valueName":"search_term_string"}}],"inLanguage":"fr-FR"}]}},"_links":{"self":[{"href":"https:\/\/www.slow-tourisme-lab.fr\/fr\/wp-json\/wp\/v2\/pages\/19888\/"}],"collection":[{"href":"https:\/\/www.slow-tourisme-lab.fr\/fr\/wp-json\/wp\/v2\/pages\/"}],"about":[{"href":"https:\/\/www.slow-tourisme-lab.fr\/fr\/wp-json\/wp\/v2\/types\/page\/"}],"author":[{"embeddable":true,"href":"https:\/\/www.slow-tourisme-lab.fr\/fr\/wp-json\/wp\/v2\/users\/16\/"}],"replies":[{"embeddable":true,"href":"https:\/\/www.slow-tourisme-lab.fr\/fr\/wp-json\/wp\/v2\/comments\/?post=19888"}],"version-history":[{"count":6,"href":"https:\/\/www.slow-tourisme-lab.fr\/fr\/wp-json\/wp\/v2\/pages\/19888\/revisions\/"}],"predecessor-version":[{"id":20026,"href":"https:\/\/www.slow-tourisme-lab.fr\/fr\/wp-json\/wp\/v2\/pages\/19888\/revisions\/20026\/"}],"wp:featuredmedia":[{"embeddable":true,"href":"https:\/\/www.slow-tourisme-lab.fr\/fr\/wp-json\/wp\/v2\/media\/19889\/"}],"wp:attachment":[{"href":"https:\/\/www.slow-tourisme-lab.fr\/fr\/wp-json\/wp\/v2\/media\/?parent=19888"}],"curies":[{"name":"wp","href":"https:\/\/api.w.org\/{rel}","templated":true}]}}