{"id":19696,"date":"2022-02-25T15:26:20","date_gmt":"2022-02-25T14:26:20","guid":{"rendered":"https:\/\/www.slow-tourisme-lab.fr\/?page_id=19696"},"modified":"2022-02-25T15:43:15","modified_gmt":"2022-02-25T14:43:15","slug":"hello-cabanes","status":"publish","type":"page","link":"https:\/\/www.slow-tourisme-lab.fr\/fr\/hello-cabanes\/","title":{"rendered":"Hello cabanes"},"content":{"rendered":"<div class=\"wpb-content-wrapper\"><p>[vc_row css_animation=\u00a0\u00bb\u00a0\u00bb row_type=\u00a0\u00bbrow\u00a0\u00bb use_row_as_full_screen_section=\u00a0\u00bbno\u00a0\u00bb type=\u00a0\u00bbfull_width\u00a0\u00bb angled_section=\u00a0\u00bbno\u00a0\u00bb text_align=\u00a0\u00bbleft\u00a0\u00bb background_image_as_pattern=\u00a0\u00bbwithout_pattern\u00a0\u00bb][vc_column][vc_column_text]<\/p>\n<h2 style=\"text-align: center\"><img decoding=\"async\" class=\"alignnone size-full wp-image-19700\" src=\"https:\/\/www.slow-tourisme-lab.fr\/assets\/uploads\/sites\/50\/2022\/02\/Logo-Hello-Cabanes.jpg\" alt=\"\" width=\"296\" height=\"108\" \/><\/h2>\n<h2><\/h2>\n<h2 class=\"title\"><em>Pour une continuit\u00e9 d&rsquo;h\u00e9bergement randonneurs \u00e0 la nuit\u00e9e et au plus pr\u00e8s des itin\u00e9raires<\/em><\/h2>\n<h2><\/h2>\n<h2 style=\"text-align: center\">Hello cabanes c&rsquo;est quoi ?<\/h2>\n<p>&nbsp;<\/p>\n<p>Hello Cabanes apporte une solution d&rsquo;\u00e9tape pour les randonneurs et rendre attractive les campagnes et communes. Id\u00e9al pour cr\u00e9er ou compl\u00e9ter une offre d\u00e9j\u00e0 existante ou apporter un nouveau service au plus pr\u00e8s des itin\u00e9raires cyclos, p\u00e9destres, ou \u00e9questres Hello Cabanes s&rsquo;adapte \u00e0 vos besoins.<\/p>\n<p>&nbsp;<\/p>\n<p>&nbsp;<\/p>\n<h2>l&rsquo;Apport d&rsquo;Hello Cabane ?<\/h2>\n<p>&nbsp;<\/p>\n<p>Pour \u00e9quiper les communes sans camping, avec peu de moyens humains, Hello Cabane vous accompagne de A \u00e0 Z pour l&rsquo;\u00e9tude de votre projet et vous propose une solution adapt\u00e9 \u00e0 votre besoin. Une solution rapide \u00e0 installer, facile \u00e0 g\u00e9rer, les avantages sont nombreux :<\/p>\n<p>&nbsp;<\/p>\n<ul>\n<li>Les h\u00e9bergements sont robustes pour installation en site sans pr\u00e9sentiel<\/li>\n<li>Ils sont livr\u00e9s mont\u00e9s et \u00e9quip\u00e9s,<\/li>\n<li>Ils ne n\u00e9cessitent pas de grand entretiens, moins de 5 minutes apr\u00e8s usage<\/li>\n<li>Sans fondation, d\u00e9pla\u00e7ables et pr\u00eats \u00e0 l&rsquo;usage en moins 2 heures<\/li>\n<li>Accessibles avec serrures \u00e0 code sans astreinte.<\/li>\n<\/ul>\n<p>&nbsp;<\/p>\n<h2><\/h2>\n<h2><\/h2>\n<p>[\/vc_column_text][\/vc_column][\/vc_row][vc_row css_animation=\u00a0\u00bb\u00a0\u00bb row_type=\u00a0\u00bbrow\u00a0\u00bb use_row_as_full_screen_section=\u00a0\u00bbno\u00a0\u00bb type=\u00a0\u00bbfull_width\u00a0\u00bb angled_section=\u00a0\u00bbno\u00a0\u00bb text_align=\u00a0\u00bbleft\u00a0\u00bb background_image_as_pattern=\u00a0\u00bbwithout_pattern\u00a0\u00bb][vc_column width=\u00a0\u00bb1\/2&Prime;][vc_column_text]<\/p>\n<h2 style=\"text-align: center\">Une offre d&rsquo;h\u00e9bergement compl\u00e9mentaire et fonctionnelle<\/h2>\n<p>&nbsp;<\/p>\n<p>Hello Cabanes vous permets de r\u00e9pondre aux besoins d&rsquo;une nouvelle g\u00e9n\u00e9ration de randonneur, soucieux de praticit\u00e9, confort et s\u00e9curit\u00e9. Les cabanes sont un moyen efficace et rapidement rentable d&rsquo;attirer <a href=\"https:\/\/www.hellocabanes.com\/hebergements-randonneurs-attractivite\/nouvelles-clienteles-randonneurs\/\" target=\"_blank\" rel=\"noopener noreferrer\">un march\u00e9 en croissance de 10% \/ an depuis 10 ans.<\/a><\/p>\n<p>[\/vc_column_text][\/vc_column][vc_column width=\u00a0\u00bb1\/2&Prime;][vc_single_image image=\u00a0\u00bb19698&Prime; img_size=\u00a0\u00bb300&#215;143&Prime; alignment=\u00a0\u00bbcenter\u00a0\u00bb qode_css_animation=\u00a0\u00bb\u00a0\u00bb][\/vc_column][\/vc_row][vc_row css_animation=\u00a0\u00bb\u00a0\u00bb row_type=\u00a0\u00bbrow\u00a0\u00bb use_row_as_full_screen_section=\u00a0\u00bbno\u00a0\u00bb type=\u00a0\u00bbfull_width\u00a0\u00bb angled_section=\u00a0\u00bbno\u00a0\u00bb text_align=\u00a0\u00bbleft\u00a0\u00bb background_image_as_pattern=\u00a0\u00bbwithout_pattern\u00a0\u00bb][vc_column][vc_empty_space][vc_column_text]<\/p>\n<p style=\"text-align: center\"><strong>Les cabanes plac\u00e9es au plus pr\u00e8s des itin\u00e9raires proposent et permettent<\/strong><\/p>\n<ul>\n<li style=\"text-align: center\">3 couchages, 3 v\u00e9los ou V\u00e9lo \u00e0 Assistance Electriques (VAE),<\/li>\n<li style=\"text-align: center\">Un coin pour 3 personnes pour un repas sorti du sac,<\/li>\n<li style=\"text-align: center\">Un acc\u00e8s \u00e0 l&rsquo;\u00e9lectricit\u00e9 pour recharger les \u00e9quipements et V\u00e9lo \u00e0 Assistance Electriques,<\/li>\n<li style=\"text-align: center\">Une literie confortable \u00e0 l&rsquo;hygi\u00e8ne assur\u00e9e,<\/li>\n<li style=\"text-align: center\">Bagagerie int\u00e9rieure s\u00e9curis\u00e9e,<\/li>\n<li style=\"text-align: center\">Acc\u00e8s de plein pied avec possibilit\u00e9 pour personne \u00e0 mobilit\u00e9 r\u00e9duite<\/li>\n<\/ul>\n<p>[\/vc_column_text][vc_single_image image=\u00a0\u00bb19709&Prime; img_size=\u00a0\u00bb768&#215;523&Prime; alignment=\u00a0\u00bbcenter\u00a0\u00bb style=\u00a0\u00bbvc_box_shadow_3d\u00a0\u00bb onclick=\u00a0\u00bbcustom_link\u00a0\u00bb img_link_target=\u00a0\u00bb_blank\u00a0\u00bb qode_css_animation=\u00a0\u00bb\u00a0\u00bb link=\u00a0\u00bbhttps:\/\/www.hellocabanes.com\/\u00a0\u00bb][vc_empty_space][vc_column_text]<\/p>\n<h2>Choisir Hello Cabanes c&rsquo;est l&rsquo;assurance d&rsquo;un projet r\u00e9ussi et \u00e9co responsable aux valeurs durables suivantes :<\/h2>\n<p>&nbsp;<\/p>\n<ul>\n<li><strong>Conception Eco responsable<\/strong> : En bois PEFC &#8211;\u00a0 Isolation naturelle &#8211; Bardage Douglas sans traitement &#8211; Optimisation mati\u00e8res, r\u00e9duction d\u00e9chets<\/li>\n<li><strong>Respect Environnement<\/strong> : Pas de fondation &#8211;\u00a0 D\u00e9pla\u00e7able &#8211; R\u00e9versibilit\u00e9 compl\u00e8te du sol &#8211; Recyclage mat\u00e9riaux \u00e0 100 %<\/li>\n<li><strong>Tourisme durable<\/strong> : Vacances avec mobilit\u00e9 douce &#8211; La micro-aventure pr\u00e8s de chez soi &#8211; Inclusif pour tous (+version PMR)<\/li>\n<li><strong>Attractivit\u00e9<\/strong> : Ergonomie + Confort + S\u00e9curit\u00e9 &#8211; Allongement Rentabilit\u00e9 3 saisons<\/li>\n<li><strong>Economie Territoire<\/strong> : Attractivit\u00e9 territoires ruraux &#8211; Retomb\u00e9es locales<\/li>\n<li><strong>Emplois \u00e0 la fabrication<\/strong> : Made in France &#8211; Entreprises artisanales<\/li>\n<\/ul>\n<p>[\/vc_column_text][vc_empty_space][vc_video link=\u00a0\u00bbhttps:\/\/www.youtube.com\/watch?v=oexjcqgP2_A\u00a0\u00bb][vc_empty_space][vc_empty_space][\/vc_column][\/vc_row][vc_row css_animation=\u00a0\u00bb\u00a0\u00bb row_type=\u00a0\u00bbrow\u00a0\u00bb use_row_as_full_screen_section=\u00a0\u00bbno\u00a0\u00bb type=\u00a0\u00bbfull_width\u00a0\u00bb angled_section=\u00a0\u00bbno\u00a0\u00bb text_align=\u00a0\u00bbleft\u00a0\u00bb background_image_as_pattern=\u00a0\u00bbwithout_pattern\u00a0\u00bb][vc_column width=\u00a0\u00bb1\/2&Prime;]<div class=\"ult-team-member-wrap ult-style-1  \"><div class=\"ult-team-member-image\" style=\"\"> <img decoding=\"async\" class=\"ult-team-grayscale\" src=\"\" alt=\"\"  style=\"\"><span class=\"ult-team-member-image-overlay \"  ><\/span><\/div><div class=\"ult-team-member-bio-wrap style-1 ultimate-heading6a059a69473fa\" style=\"text-align:center;; \"><div class=\"ult-team-member-name-wrap\"><h2 class=\"ult-team-member-name ult-responsive\"  data-ultimate-target='.ult-team-member-bio-wrap.ultimate-heading6a059a69473fa .ult-team-member-name'  data-responsive-json-new='{\"font-size\":\"\",\"line-height\":\"\"}'  style=\"\">Hello Cabanes<\/h2><div class=\"ult-team-member-description ult-responsive\"  data-ultimate-target='.ult-team-member-bio-wrap.ultimate-heading6a059a69473fa .ult-team-member-description'  data-responsive-json-new='{\"font-size\":\"\",\"line-height\":\"\"}'  style=\"\"><p><\/p>\n<p style=\"text-align: center\"><a href=\"https:\/\/www.hellocabanes.com\/\" target=\"_blank\" rel=\"noopener noreferrer\">www.hellocabanes.com<\/a><\/p>\n<p style=\"text-align: center\">Yves POULLAIN<br \/>\n07 82 22 59 29<\/p>\n<p style=\"text-align: center\"><a href=\"mailto:contact@lesiestard.com\" target=\"_blank\" rel=\"noopener noreferrer\"><span style=\"float: none;background-color: #ffffff;color: #333333;cursor: text;font-family: Georgia,'Times New Roman','Bitstream Charter',Times,serif;font-size: 16px;font-style: normal;font-variant: normal;font-weight: 400;letter-spacing: normal;text-align: left;text-decoration: none;text-indent: 0px;text-transform: none\">contact@hellocabanes.com<\/span><\/a><\/p>\n<p><\/p><\/div><div style=\"margin-bottom:15px\"><\/div><div class='ult-social-buttons'><a href='https:\/\/www.facebook.com\/HelloCabanes\/' target='_blank' rel='noopener' title='' class='ult-team ult-social-icon' style='font-size:35px ; margin-left:10px;margin-right:10px;;'  data-iconcolor='inherit' data-iconhover='inherit' ><i class='Defaults-facebook-square'><\/i><\/a><a href='https:\/\/www.linkedin.com\/company\/hello-cabanes\/' target='_blank' rel='noopener' title='' class='ult-team ult-social-icon' style='font-size:35px ; margin-left:10px;margin-right:10px;;'  data-iconcolor='inherit' data-iconhover='inherit' ><i class='Defaults-linkedin-square'><\/i><\/a><\/div><\/div><\/div><\/div>[\/vc_column][vc_column width=\u00a0\u00bb1\/2&Prime;]<div class=\"ult-team-member-wrap ult-style-1  \"><div class=\"ult-team-member-image\" style=\"\"> <img decoding=\"async\" class=\"ult-team-grayscale\" src=\"\" alt=\"\"  style=\"\"><span class=\"ult-team-member-image-overlay \"  ><\/span><\/div><div class=\"ult-team-member-bio-wrap style-1 ultimate-heading6a059a6947500\" style=\"text-align:center;; \"><div class=\"ult-team-member-name-wrap\"><h2 class=\"ult-team-member-name ult-responsive\"  data-ultimate-target='.ult-team-member-bio-wrap.ultimate-heading6a059a6947500 .ult-team-member-name'  data-responsive-json-new='{\"font-size\":\"\",\"line-height\":\"\"}'  style=\"\">Yves POULLAIN<\/h2><div class=\"ult-team-member-position ult-responsive\"  data-ultimate-target='.ult-team-member-bio-wrap.ultimate-heading6a059a6947500 .ult-team-member-position'  data-responsive-json-new='{\"font-size\":\"\",\"line-height\":\"\"}'  style=\"\">Fondateur <\/div><div class=\"ult-team-member-description ult-responsive\"  data-ultimate-target='.ult-team-member-bio-wrap.ultimate-heading6a059a6947500 .ult-team-member-description'  data-responsive-json-new='{\"font-size\":\"\",\"line-height\":\"\"}'  style=\"\"><p><\/p>\n<p style=\"text-align: center\">Sp\u00e9cialiste, consultant randonn\u00e9e Yves porte sont projet avec dynamisme et pragmatisme. Toujours \u00e0 l&rsquo;\u00e9coute de vos besoins il sera vous apporter la solution \u00e0 votre r\u00e9flexion et ambitions d&rsquo;accueillir et de satisfaire votre public de randonneurs.<\/p>\n<p><img decoding=\"async\" class=\"size-medium wp-image-19711 aligncenter\" src=\"https:\/\/www.slow-tourisme-lab.fr\/assets\/uploads\/sites\/50\/2022\/02\/Yves-Poullain-300x151.jpg\" alt=\"\" width=\"300\" height=\"151\" srcset=\"https:\/\/www.slow-tourisme-lab.fr\/assets\/uploads\/sites\/50\/2022\/02\/Yves-Poullain-300x151.jpg 300w, https:\/\/www.slow-tourisme-lab.fr\/assets\/uploads\/sites\/50\/2022\/02\/Yves-Poullain.jpg 585w\" sizes=\"(max-width: 300px) 100vw, 300px\" \/><\/p><\/div><div style=\"margin-bottom:15px\"><\/div><\/div><\/div><\/div>[\/vc_column][\/vc_row]<\/p>\n<\/div>","protected":false},"excerpt":{"rendered":"<p>[vc_row css_animation=\u00a0\u00bb\u00a0\u00bb row_type=\u00a0\u00bbrow\u00a0\u00bb use_row_as_full_screen_section=\u00a0\u00bbno\u00a0\u00bb type=\u00a0\u00bbfull_width\u00a0\u00bb angled_section=\u00a0\u00bbno\u00a0\u00bb text_align=\u00a0\u00bbleft\u00a0\u00bb background_image_as_pattern=\u00a0\u00bbwithout_pattern\u00a0\u00bb][vc_column][vc_column_text] Pour une continuit\u00e9 d&rsquo;h\u00e9bergement randonneurs \u00e0 la nuit\u00e9e et au plus pr\u00e8s des itin\u00e9raires Hello cabanes c&rsquo;est quoi ? &nbsp; Hello Cabanes apporte une solution d&rsquo;\u00e9tape pour les randonneurs et rendre attractive les campagnes et communes. Id\u00e9al&#8230;<\/p>\n","protected":false},"author":16,"featured_media":19700,"parent":0,"menu_order":0,"comment_status":"closed","ping_status":"closed","template":"","meta":{"footnotes":""},"class_list":["post-19696","page","type-page","status-publish","has-post-thumbnail","hentry"],"yoast_head":"<!-- This site is optimized with the Yoast SEO plugin v26.6 - https:\/\/yoast.com\/wordpress\/plugins\/seo\/ -->\n<title>Hello cabanes - Slow Tourisme Lab<\/title>\n<meta name=\"robots\" content=\"index, follow, max-snippet:-1, max-image-preview:large, max-video-preview:-1\" \/>\n<link rel=\"canonical\" href=\"https:\/\/www.slow-tourisme-lab.fr\/fr\/hello-cabanes\/\" \/>\n<meta property=\"og:locale\" content=\"fr_FR\" \/>\n<meta property=\"og:type\" content=\"article\" \/>\n<meta property=\"og:title\" content=\"Hello cabanes - Slow Tourisme Lab\" \/>\n<meta property=\"og:description\" content=\"[vc_row css_animation=\u00a0\u00bb\u00a0\u00bb row_type=\u00a0\u00bbrow\u00a0\u00bb use_row_as_full_screen_section=\u00a0\u00bbno\u00a0\u00bb type=\u00a0\u00bbfull_width\u00a0\u00bb angled_section=\u00a0\u00bbno\u00a0\u00bb text_align=\u00a0\u00bbleft\u00a0\u00bb background_image_as_pattern=\u00a0\u00bbwithout_pattern\u00a0\u00bb][vc_column][vc_column_text] Pour une continuit\u00e9 d&rsquo;h\u00e9bergement randonneurs \u00e0 la nuit\u00e9e et au plus pr\u00e8s des itin\u00e9raires Hello cabanes c&rsquo;est quoi ? &nbsp; Hello Cabanes apporte une solution d&rsquo;\u00e9tape pour les randonneurs et rendre attractive les campagnes et communes. Id\u00e9al...\" \/>\n<meta property=\"og:url\" content=\"https:\/\/www.slow-tourisme-lab.fr\/fr\/hello-cabanes\/\" \/>\n<meta property=\"og:site_name\" content=\"Slow Tourisme Lab\" \/>\n<meta property=\"article:modified_time\" content=\"2022-02-25T14:43:15+00:00\" \/>\n<meta property=\"og:image\" content=\"https:\/\/www.slow-tourisme-lab.fr\/assets\/uploads\/sites\/50\/2022\/02\/Logo-Hello-Cabanes.jpg\" \/>\n\t<meta property=\"og:image:width\" content=\"296\" \/>\n\t<meta property=\"og:image:height\" content=\"108\" \/>\n\t<meta property=\"og:image:type\" content=\"image\/jpeg\" \/>\n<meta name=\"twitter:card\" content=\"summary_large_image\" \/>\n<meta name=\"twitter:label1\" content=\"Dur\u00e9e de lecture estim\u00e9e\" \/>\n\t<meta name=\"twitter:data1\" content=\"4 minutes\" \/>\n<script type=\"application\/ld+json\" class=\"yoast-schema-graph\">{\"@context\":\"https:\/\/schema.org\",\"@graph\":[{\"@type\":\"WebPage\",\"@id\":\"https:\/\/www.slow-tourisme-lab.fr\/fr\/hello-cabanes\/\",\"url\":\"https:\/\/www.slow-tourisme-lab.fr\/fr\/hello-cabanes\/\",\"name\":\"Hello cabanes - Slow Tourisme Lab\",\"isPartOf\":{\"@id\":\"https:\/\/www.slow-tourisme-lab.fr\/fr\/#website\"},\"primaryImageOfPage\":{\"@id\":\"https:\/\/www.slow-tourisme-lab.fr\/fr\/hello-cabanes\/#primaryimage\"},\"image\":{\"@id\":\"https:\/\/www.slow-tourisme-lab.fr\/fr\/hello-cabanes\/#primaryimage\"},\"thumbnailUrl\":\"https:\/\/www.slow-tourisme-lab.fr\/assets\/uploads\/sites\/50\/2022\/02\/Logo-Hello-Cabanes.jpg\",\"datePublished\":\"2022-02-25T14:26:20+00:00\",\"dateModified\":\"2022-02-25T14:43:15+00:00\",\"breadcrumb\":{\"@id\":\"https:\/\/www.slow-tourisme-lab.fr\/fr\/hello-cabanes\/#breadcrumb\"},\"inLanguage\":\"fr-FR\",\"potentialAction\":[{\"@type\":\"ReadAction\",\"target\":[\"https:\/\/www.slow-tourisme-lab.fr\/fr\/hello-cabanes\/\"]}]},{\"@type\":\"ImageObject\",\"inLanguage\":\"fr-FR\",\"@id\":\"https:\/\/www.slow-tourisme-lab.fr\/fr\/hello-cabanes\/#primaryimage\",\"url\":\"https:\/\/www.slow-tourisme-lab.fr\/assets\/uploads\/sites\/50\/2022\/02\/Logo-Hello-Cabanes.jpg\",\"contentUrl\":\"https:\/\/www.slow-tourisme-lab.fr\/assets\/uploads\/sites\/50\/2022\/02\/Logo-Hello-Cabanes.jpg\",\"width\":296,\"height\":108},{\"@type\":\"BreadcrumbList\",\"@id\":\"https:\/\/www.slow-tourisme-lab.fr\/fr\/hello-cabanes\/#breadcrumb\",\"itemListElement\":[{\"@type\":\"ListItem\",\"position\":1,\"name\":\"Accueil\",\"item\":\"https:\/\/www.slow-tourisme-lab.fr\/fr\/\"},{\"@type\":\"ListItem\",\"position\":2,\"name\":\"Hello cabanes\"}]},{\"@type\":\"WebSite\",\"@id\":\"https:\/\/www.slow-tourisme-lab.fr\/fr\/#website\",\"url\":\"https:\/\/www.slow-tourisme-lab.fr\/fr\/\",\"name\":\"Slow Tourisme Lab\",\"description\":\"Un accompagnement pour l'innovation touristique durable\",\"potentialAction\":[{\"@type\":\"SearchAction\",\"target\":{\"@type\":\"EntryPoint\",\"urlTemplate\":\"https:\/\/www.slow-tourisme-lab.fr\/fr\/?s={search_term_string}\"},\"query-input\":{\"@type\":\"PropertyValueSpecification\",\"valueRequired\":true,\"valueName\":\"search_term_string\"}}],\"inLanguage\":\"fr-FR\"}]}<\/script>\n<!-- \/ Yoast SEO plugin. -->","yoast_head_json":{"title":"Hello cabanes - Slow Tourisme Lab","robots":{"index":"index","follow":"follow","max-snippet":"max-snippet:-1","max-image-preview":"max-image-preview:large","max-video-preview":"max-video-preview:-1"},"canonical":"https:\/\/www.slow-tourisme-lab.fr\/fr\/hello-cabanes\/","og_locale":"fr_FR","og_type":"article","og_title":"Hello cabanes - Slow Tourisme Lab","og_description":"[vc_row css_animation=\u00a0\u00bb\u00a0\u00bb row_type=\u00a0\u00bbrow\u00a0\u00bb use_row_as_full_screen_section=\u00a0\u00bbno\u00a0\u00bb type=\u00a0\u00bbfull_width\u00a0\u00bb angled_section=\u00a0\u00bbno\u00a0\u00bb text_align=\u00a0\u00bbleft\u00a0\u00bb background_image_as_pattern=\u00a0\u00bbwithout_pattern\u00a0\u00bb][vc_column][vc_column_text] Pour une continuit\u00e9 d&rsquo;h\u00e9bergement randonneurs \u00e0 la nuit\u00e9e et au plus pr\u00e8s des itin\u00e9raires Hello cabanes c&rsquo;est quoi ? &nbsp; Hello Cabanes apporte une solution d&rsquo;\u00e9tape pour les randonneurs et rendre attractive les campagnes et communes. Id\u00e9al...","og_url":"https:\/\/www.slow-tourisme-lab.fr\/fr\/hello-cabanes\/","og_site_name":"Slow Tourisme Lab","article_modified_time":"2022-02-25T14:43:15+00:00","og_image":[{"width":296,"height":108,"url":"https:\/\/www.slow-tourisme-lab.fr\/assets\/uploads\/sites\/50\/2022\/02\/Logo-Hello-Cabanes.jpg","type":"image\/jpeg"}],"twitter_card":"summary_large_image","twitter_misc":{"Dur\u00e9e de lecture estim\u00e9e":"4 minutes"},"schema":{"@context":"https:\/\/schema.org","@graph":[{"@type":"WebPage","@id":"https:\/\/www.slow-tourisme-lab.fr\/fr\/hello-cabanes\/","url":"https:\/\/www.slow-tourisme-lab.fr\/fr\/hello-cabanes\/","name":"Hello cabanes - Slow Tourisme Lab","isPartOf":{"@id":"https:\/\/www.slow-tourisme-lab.fr\/fr\/#website"},"primaryImageOfPage":{"@id":"https:\/\/www.slow-tourisme-lab.fr\/fr\/hello-cabanes\/#primaryimage"},"image":{"@id":"https:\/\/www.slow-tourisme-lab.fr\/fr\/hello-cabanes\/#primaryimage"},"thumbnailUrl":"https:\/\/www.slow-tourisme-lab.fr\/assets\/uploads\/sites\/50\/2022\/02\/Logo-Hello-Cabanes.jpg","datePublished":"2022-02-25T14:26:20+00:00","dateModified":"2022-02-25T14:43:15+00:00","breadcrumb":{"@id":"https:\/\/www.slow-tourisme-lab.fr\/fr\/hello-cabanes\/#breadcrumb"},"inLanguage":"fr-FR","potentialAction":[{"@type":"ReadAction","target":["https:\/\/www.slow-tourisme-lab.fr\/fr\/hello-cabanes\/"]}]},{"@type":"ImageObject","inLanguage":"fr-FR","@id":"https:\/\/www.slow-tourisme-lab.fr\/fr\/hello-cabanes\/#primaryimage","url":"https:\/\/www.slow-tourisme-lab.fr\/assets\/uploads\/sites\/50\/2022\/02\/Logo-Hello-Cabanes.jpg","contentUrl":"https:\/\/www.slow-tourisme-lab.fr\/assets\/uploads\/sites\/50\/2022\/02\/Logo-Hello-Cabanes.jpg","width":296,"height":108},{"@type":"BreadcrumbList","@id":"https:\/\/www.slow-tourisme-lab.fr\/fr\/hello-cabanes\/#breadcrumb","itemListElement":[{"@type":"ListItem","position":1,"name":"Accueil","item":"https:\/\/www.slow-tourisme-lab.fr\/fr\/"},{"@type":"ListItem","position":2,"name":"Hello cabanes"}]},{"@type":"WebSite","@id":"https:\/\/www.slow-tourisme-lab.fr\/fr\/#website","url":"https:\/\/www.slow-tourisme-lab.fr\/fr\/","name":"Slow Tourisme Lab","description":"Un accompagnement pour l'innovation touristique durable","potentialAction":[{"@type":"SearchAction","target":{"@type":"EntryPoint","urlTemplate":"https:\/\/www.slow-tourisme-lab.fr\/fr\/?s={search_term_string}"},"query-input":{"@type":"PropertyValueSpecification","valueRequired":true,"valueName":"search_term_string"}}],"inLanguage":"fr-FR"}]}},"_links":{"self":[{"href":"https:\/\/www.slow-tourisme-lab.fr\/fr\/wp-json\/wp\/v2\/pages\/19696\/"}],"collection":[{"href":"https:\/\/www.slow-tourisme-lab.fr\/fr\/wp-json\/wp\/v2\/pages\/"}],"about":[{"href":"https:\/\/www.slow-tourisme-lab.fr\/fr\/wp-json\/wp\/v2\/types\/page\/"}],"author":[{"embeddable":true,"href":"https:\/\/www.slow-tourisme-lab.fr\/fr\/wp-json\/wp\/v2\/users\/16\/"}],"replies":[{"embeddable":true,"href":"https:\/\/www.slow-tourisme-lab.fr\/fr\/wp-json\/wp\/v2\/comments\/?post=19696"}],"version-history":[{"count":5,"href":"https:\/\/www.slow-tourisme-lab.fr\/fr\/wp-json\/wp\/v2\/pages\/19696\/revisions\/"}],"predecessor-version":[{"id":19714,"href":"https:\/\/www.slow-tourisme-lab.fr\/fr\/wp-json\/wp\/v2\/pages\/19696\/revisions\/19714\/"}],"wp:featuredmedia":[{"embeddable":true,"href":"https:\/\/www.slow-tourisme-lab.fr\/fr\/wp-json\/wp\/v2\/media\/19700\/"}],"wp:attachment":[{"href":"https:\/\/www.slow-tourisme-lab.fr\/fr\/wp-json\/wp\/v2\/media\/?parent=19696"}],"curies":[{"name":"wp","href":"https:\/\/api.w.org\/{rel}","templated":true}]}}