{"id":19529,"date":"2021-09-14T16:09:50","date_gmt":"2021-09-14T14:09:50","guid":{"rendered":"https:\/\/www.slow-tourisme-lab.fr\/?page_id=19529"},"modified":"2021-09-15T11:19:38","modified_gmt":"2021-09-15T09:19:38","slug":"spiruline-de-la-vallee-dorvin-au-moulin-de-trancault","status":"publish","type":"page","link":"https:\/\/www.slow-tourisme-lab.fr\/fr\/spiruline-de-la-vallee-dorvin-au-moulin-de-trancault\/","title":{"rendered":"Spiruline de la Vall\u00e9e d&rsquo;Orvin au Moulin de Trancault"},"content":{"rendered":"<div class=\"wpb-content-wrapper\"><p>[vc_row css_animation=\u00a0\u00bb\u00a0\u00bb row_type=\u00a0\u00bbrow\u00a0\u00bb use_row_as_full_screen_section=\u00a0\u00bbno\u00a0\u00bb type=\u00a0\u00bbfull_width\u00a0\u00bb angled_section=\u00a0\u00bbno\u00a0\u00bb text_align=\u00a0\u00bbleft\u00a0\u00bb background_image_as_pattern=\u00a0\u00bbwithout_pattern\u00a0\u00bb][vc_column][vc_column_text]<\/p>\n<h2 style=\"text-align: center\">Maison &amp; Table d&rsquo;H\u00f4tes<\/h2>\n<p>&nbsp;<\/p>\n<p style=\"text-align: center\">La maison d&rsquo;h\u00f4tes est <strong>un ancien moulin \u00e0 eau<\/strong> construit en 1850. Il est implant\u00e9 <strong>au milieu des bois<\/strong> et \u00e0 c\u00f4t\u00e9 de la rivi\u00e8re de la Vall\u00e9e d\u2019Orvin.<\/p>\n<p style=\"text-align: center\">Le Moulin de Trancault permet de vous <strong>reposer en pleine nature<\/strong> et loin de toute pollution. Le lieu permet une r\u00e9elle d\u00e9connexion de son quotidien.<\/p>\n<p>[\/vc_column_text][vc_empty_space][vc_empty_space][\/vc_column][\/vc_row][vc_row css_animation=\u00a0\u00bb\u00a0\u00bb row_type=\u00a0\u00bbrow\u00a0\u00bb use_row_as_full_screen_section=\u00a0\u00bbno\u00a0\u00bb type=\u00a0\u00bbfull_width\u00a0\u00bb angled_section=\u00a0\u00bbno\u00a0\u00bb text_align=\u00a0\u00bbleft\u00a0\u00bb background_image_as_pattern=\u00a0\u00bbwithout_pattern\u00a0\u00bb][vc_column width=\u00a0\u00bb1\/2&Prime;][vc_single_image image=\u00a0\u00bb19530&Prime; img_size=\u00a0\u00bblarge\u00a0\u00bb qode_css_animation=\u00a0\u00bb\u00a0\u00bb][\/vc_column][vc_column width=\u00a0\u00bb1\/2&Prime;][vc_single_image image=\u00a0\u00bb19536&Prime; img_size=\u00a0\u00bblarge\u00a0\u00bb qode_css_animation=\u00a0\u00bb\u00a0\u00bb][\/vc_column][\/vc_row][vc_row css_animation=\u00a0\u00bb\u00a0\u00bb row_type=\u00a0\u00bbrow\u00a0\u00bb use_row_as_full_screen_section=\u00a0\u00bbno\u00a0\u00bb type=\u00a0\u00bbfull_width\u00a0\u00bb angled_section=\u00a0\u00bbno\u00a0\u00bb text_align=\u00a0\u00bbleft\u00a0\u00bb background_image_as_pattern=\u00a0\u00bbwithout_pattern\u00a0\u00bb][vc_column][vc_empty_space height=\u00a0\u00bb50px\u00a0\u00bb][\/vc_column][\/vc_row][vc_row css_animation=\u00a0\u00bb\u00a0\u00bb row_type=\u00a0\u00bbrow\u00a0\u00bb use_row_as_full_screen_section=\u00a0\u00bbno\u00a0\u00bb type=\u00a0\u00bbfull_width\u00a0\u00bb angled_section=\u00a0\u00bbno\u00a0\u00bb text_align=\u00a0\u00bbleft\u00a0\u00bb background_image_as_pattern=\u00a0\u00bbwithout_pattern\u00a0\u00bb][vc_column width=\u00a0\u00bb2\/3&Prime;][vc_empty_space][vc_empty_space][vc_column_text]Un petit-d\u00e9jeuner pr\u00e9par\u00e9 avec des <strong>produits locaux<\/strong> est compris avec la\u00a0 nuit\u00e9e. Pour les plus curieux de la <strong>gastronomie<\/strong> locale r\u00e9servez la table d\u2019h\u00f4tes.<\/p>\n<p>&nbsp;<\/p>\n<p>De plus, cette maison d\u2019h\u00f4tes a \u00e9t\u00e9 pens\u00e9e pour votre <strong>bien-\u00eatre.<\/strong> Des <strong>massages<\/strong> sont propos\u00e9s pour favoriser votre d\u00e9tente durant le s\u00e9jour.[\/vc_column_text][\/vc_column][vc_column width=\u00a0\u00bb1\/3&Prime;][vc_single_image image=\u00a0\u00bb19532&Prime; img_size=\u00a0\u00bbmedium\u00a0\u00bb qode_css_animation=\u00a0\u00bb\u00a0\u00bb][\/vc_column][\/vc_row][vc_row css_animation=\u00a0\u00bb\u00a0\u00bb row_type=\u00a0\u00bbrow\u00a0\u00bb use_row_as_full_screen_section=\u00a0\u00bbno\u00a0\u00bb type=\u00a0\u00bbfull_width\u00a0\u00bb angled_section=\u00a0\u00bbno\u00a0\u00bb text_align=\u00a0\u00bbleft\u00a0\u00bb background_image_as_pattern=\u00a0\u00bbwithout_pattern\u00a0\u00bb][vc_column][vc_empty_space height=\u00a0\u00bb50px\u00a0\u00bb][vc_column_text]<\/p>\n<h2>Aquaculture de spiruline<\/h2>\n<p>&nbsp;<\/p>\n<h3>Qu\u2019est-ce que la spiruline\u00a0?<\/h3>\n<p>&nbsp;<\/p>\n<p>C\u2019est un <strong>aliment ancestral<\/strong> qui se d\u00e9veloppe naturellement dans les lacs d\u2019eau douce riche en sels min\u00e9raux et alcaline. Des peuples africains, indiens ou sud-am\u00e9ricain se nourrissent, depuis des si\u00e8cles, de la spiruline.<\/p>\n<p>La spiruline est une <strong>cyanobact\u00e9rie<\/strong>, c\u2019est-\u00e0-dire une bact\u00e9rie capable de r\u00e9aliser la photosynth\u00e8se gr\u00e2ce \u00e0 diff\u00e9rents pigments dont phycocyanine, un pigment bleu. Elle est souvent consid\u00e9r\u00e9e comme une microalgue dans le langage courant.<\/p>\n<p>C\u2019est en 1964 qu\u2019un groupe de scientifiques belges d\u00e9couvrent\u00a0 la spiruline du lac Tchad. Celle derni\u00e8re \u00e9tant traditionnellement consomm\u00e9e par les Kanembous, un peuple vivant autour de ce lac. C\u2019est \u00e0 partir de cette date que l\u2019on se rend compte des <strong>qualit\u00e9s nutritionnelles \u00e9lev\u00e9es<\/strong> de la spiruline.<\/p>\n<p>De nos jours, en France, la spiruline est une essentiellement consomm\u00e9e pour ses apports nutritionnels (prot\u00e9ines, fer, oligo\u00e9l\u00e9ments) et ses bienfaits sur notre sant\u00e9.[\/vc_column_text][\/vc_column][\/vc_row][vc_row css_animation=\u00a0\u00bb\u00a0\u00bb row_type=\u00a0\u00bbrow\u00a0\u00bb use_row_as_full_screen_section=\u00a0\u00bbno\u00a0\u00bb type=\u00a0\u00bbfull_width\u00a0\u00bb angled_section=\u00a0\u00bbno\u00a0\u00bb text_align=\u00a0\u00bbleft\u00a0\u00bb background_image_as_pattern=\u00a0\u00bbwithout_pattern\u00a0\u00bb][vc_column][vc_empty_space height=\u00a0\u00bb50px\u00a0\u00bb][vc_column_text]<\/p>\n<h2 style=\"text-align: center\">S\u00e9verine, la 1<sup>\u00e8re<\/sup> productrice de l\u2019Aube<\/h2>\n<p style=\"text-align: center\"><em>La Spiruline de la Vall\u00e9e d\u2019Orvin sera la premi\u00e8re exploitation de spiruline de l\u2019Aube<\/em><\/p>\n<p>&nbsp;<\/p>\n<p style=\"text-align: center\"><em><strong>Venez vivre un s\u00e9jour dans les bois et d\u00e9couvrez de la spiruline.<\/strong><\/em><\/p>\n<p>&nbsp;<\/p>\n<p style=\"text-align: center\">Apr\u00e8s\u00a0 2 ans de formation th\u00e9orique et pratique S\u00e9verine est plus que passionn\u00e9e pour la spiruline. Elle d\u00e9cide de se lancer dans l\u2019exploitation de celle-ci.<\/p>\n<p>[\/vc_column_text][vc_empty_space][\/vc_column][\/vc_row][vc_row css_animation=\u00a0\u00bb\u00a0\u00bb row_type=\u00a0\u00bbrow\u00a0\u00bb use_row_as_full_screen_section=\u00a0\u00bbno\u00a0\u00bb type=\u00a0\u00bbfull_width\u00a0\u00bb angled_section=\u00a0\u00bbno\u00a0\u00bb text_align=\u00a0\u00bbleft\u00a0\u00bb background_image_as_pattern=\u00a0\u00bbwithout_pattern\u00a0\u00bb][vc_column width=\u00a0\u00bb1\/2&Prime;][vc_single_image image=\u00a0\u00bb19534&Prime; img_size=\u00a0\u00bblarge\u00a0\u00bb qode_css_animation=\u00a0\u00bb\u00a0\u00bb][\/vc_column][vc_column width=\u00a0\u00bb1\/2&Prime;][vc_single_image image=\u00a0\u00bb19549&Prime; img_size=\u00a0\u00bb2040&#215;1530&Prime; qode_css_animation=\u00a0\u00bb\u00a0\u00bb][\/vc_column][\/vc_row][vc_row css_animation=\u00a0\u00bb\u00a0\u00bb row_type=\u00a0\u00bbrow\u00a0\u00bb use_row_as_full_screen_section=\u00a0\u00bbno\u00a0\u00bb type=\u00a0\u00bbfull_width\u00a0\u00bb angled_section=\u00a0\u00bbno\u00a0\u00bb text_align=\u00a0\u00bbleft\u00a0\u00bb background_image_as_pattern=\u00a0\u00bbwithout_pattern\u00a0\u00bb][vc_column][vc_empty_space height=\u00a0\u00bb50px\u00a0\u00bb][vc_column_text]<\/p>\n<h3 style=\"text-align: center\"><em><strong>Un package qui permet une \u00e9vasion la plus totale !<\/strong><\/em><\/h3>\n<p>&nbsp;<\/p>\n<p>Une nuit \u00e0 l\u2019or\u00e9e des bois et la d\u00e9couverte de cette cyanobact\u00e9rie qui\u00a0 se d\u00e9veloppe dans le respect de l\u2019environnement.<\/p>\n<p>&nbsp;<\/p>\n<p>En effet, la culture de <strong>la spiruline est \u00e9co-responsable par nature<\/strong>. La production de spiruline demande tr\u00e8s peu de ressource et d\u2019\u00e9nergie pour \u00eatre produite. Elle pousse gr\u00e2ce au processus de la photosynth\u00e8se. De plus, <strong>elle capte le CO2, produit de l&rsquo;oxyg\u00e8ne et n&rsquo;\u00e9met aucun gaz \u00e0 effet de serre<\/strong>.<\/p>\n<p>&nbsp;<\/p>\n<p>Puis, si on s&rsquo;int\u00e9resse \u00e0 ses qualit\u00e9s nutritionnelles, elle <strong>contient deux fois plus de prot\u00e9ines que de la viande bovine<\/strong>, dont les \u00e9levages sont tr\u00e8s polluants.<\/p>\n<p>&nbsp;<\/p>\n<p>Par ailleurs, la spiruline est<strong> utilis\u00e9e pour les soins bien-\u00eatre<\/strong>. Des <strong>masques \u00e0 la spiruline<\/strong> sont r\u00e9alis\u00e9s par S\u00e9verine. Ce superaliment a de nombreuses vertus, notamment pour clarifier, tonifier et \u00e9liminer les impuret\u00e9s de la peau.[\/vc_column_text][\/vc_column][\/vc_row][vc_row css_animation=\u00a0\u00bb\u00a0\u00bb row_type=\u00a0\u00bbrow\u00a0\u00bb use_row_as_full_screen_section=\u00a0\u00bbno\u00a0\u00bb type=\u00a0\u00bbfull_width\u00a0\u00bb angled_section=\u00a0\u00bbno\u00a0\u00bb text_align=\u00a0\u00bbleft\u00a0\u00bb background_image_as_pattern=\u00a0\u00bbwithout_pattern\u00a0\u00bb][vc_column width=\u00a0\u00bb1\/4&Prime;][\/vc_column][vc_column width=\u00a0\u00bb3\/4&Prime;][vc_empty_space height=\u00a0\u00bb50px\u00a0\u00bb]<a  itemprop=\"url\" href=\"https:\/\/www.spirulinemoulindetrancault.fr\/fr\/reservation-chambre-d-hote\" target=\"_blank\"  class=\"qbutton  center default\" style=\"\">Curieux de la spiruline ? Contactez S\u00e9verine ! <\/a>[vc_empty_space height=\u00a0\u00bb50px\u00a0\u00bb][\/vc_column][\/vc_row][vc_row css_animation=\u00a0\u00bb\u00a0\u00bb row_type=\u00a0\u00bbrow\u00a0\u00bb use_row_as_full_screen_section=\u00a0\u00bbno\u00a0\u00bb type=\u00a0\u00bbfull_width\u00a0\u00bb angled_section=\u00a0\u00bbno\u00a0\u00bb text_align=\u00a0\u00bbleft\u00a0\u00bb background_image_as_pattern=\u00a0\u00bbwithout_pattern\u00a0\u00bb][vc_column width=\u00a0\u00bb1\/3&Prime;][\/vc_column][vc_column width=\u00a0\u00bb1\/3&Prime;]<div class=\"ult-team-member-wrap ult-style-1  \"><div class=\"ult-team-member-image\" style=\"\"> <img decoding=\"async\" class=\"ult-team-grayscale\" src=\"\" alt=\"\"  style=\"\"><span class=\"ult-team-member-image-overlay \"  ><\/span><\/div><div class=\"ult-team-member-bio-wrap style-1 ultimate-heading69e19378401a9\" style=\"text-align:center;; \"><div class=\"ult-team-member-name-wrap\"><h2 class=\"ult-team-member-name ult-responsive\"  data-ultimate-target='.ult-team-member-bio-wrap.ultimate-heading69e19378401a9 .ult-team-member-name'  data-responsive-json-new='{\"font-size\":\"\",\"line-height\":\"\"}'  style=\"\">Spiruline de la Vall\u00e9e d\u2019Orvin au Moulin de Trancault<\/h2><div class=\"ult-team-member-position ult-responsive\"  data-ultimate-target='.ult-team-member-bio-wrap.ultimate-heading69e19378401a9 .ult-team-member-position'  data-responsive-json-new='{\"font-size\":\"\",\"line-height\":\"\"}'  style=\"\">Propri\u00e9taire<\/div><div class=\"ult-team-member-description ult-responsive\"  data-ultimate-target='.ult-team-member-bio-wrap.ultimate-heading69e19378401a9 .ult-team-member-description'  data-responsive-json-new='{\"font-size\":\"\",\"line-height\":\"\"}'  style=\"\"><p>S\u00e9verine AUGUSTE<\/p>\n<div class=\"adr\">1 rue de la Haute Planche\u00a0<span class=\"tir\">&#8211;<\/span>\u00a0<span class=\"postal-code\">10290<\/span>\u00a0<span class=\"locality\">Trancault<\/span><\/div>\n<div><\/div>\n<div><\/div>\n<div><a href=\"https:\/\/www.spirulinemoulindetrancault.fr\/\" target=\"_blank\" rel=\"noopener noreferrer\">www.spirulinemoulindetrancault.fr<\/a><\/div>\n<div><\/div>\n<div class=\"tel work\"><a href=\"tel:09 51 22 94 90\">09 51 22 94 90<\/a><span class=\"tiret\"> &#8211;<\/span>\u00a0<a href=\"tel:07 66 28 79 35\">07 66 28 79 35<\/a><\/div>\n<p><\/p><\/div><div style=\"margin-bottom:15px\"><\/div><div class='ult-social-buttons'><a href='https:\/\/www.facebook.com\/moulindetrancault10\/' target='_blank' rel='noopener' title='facebook' class='ult-team ult-social-icon' style='font-size:50px ; margin-left:5px;margin-right:5px;;'  data-iconcolor='inherit' data-iconhover='inherit' ><i class='Defaults-facebook-square'><\/i><\/a><\/div><\/div><\/div><\/div>[\/vc_column][vc_column width=\u00a0\u00bb1\/3&Prime;][\/vc_column][\/vc_row][vc_row css_animation=\u00a0\u00bb\u00a0\u00bb row_type=\u00a0\u00bbrow\u00a0\u00bb use_row_as_full_screen_section=\u00a0\u00bbno\u00a0\u00bb type=\u00a0\u00bbfull_width\u00a0\u00bb angled_section=\u00a0\u00bbno\u00a0\u00bb text_align=\u00a0\u00bbleft\u00a0\u00bb background_image_as_pattern=\u00a0\u00bbwithout_pattern\u00a0\u00bb][vc_column][vc_gmaps link=\u00a0\u00bb#E-8_JTNDaWZyYW1lJTIwc3JjJTNEJTIyaHR0cHMlM0ElMkYlMkZ3d3cuZ29vZ2xlLmNvbSUyRm1hcHMlMkZlbWJlZCUzRnBiJTNEJTIxMW0xOCUyMTFtMTIlMjExbTMlMjExZDI2NTAuMTQ4NDc5NjUxMjY3NyUyMTJkMy41Mzg0MzE2MTU3NDQyNzgzJTIxM2Q0OC4zNzY4ODM5NDI0NDE5MSUyMTJtMyUyMTFmMCUyMTJmMCUyMTNmMCUyMTNtMiUyMTFpMTAyNCUyMTJpNzY4JTIxNGYxMy4xJTIxM20zJTIxMW0yJTIxMXMweDQ3ZWVkZTUyNTJhYjdlYmIlMjUzQTB4MjZiNmJlNWFjNTU0YzJhNSUyMTJzMSUyNTIwUnVlJTI1MjBkZSUyNTIwbGElMjUyMEhhdXRlJTI1MjBQbGFuY2hlJTI1MkMlMjUyMDEwMjkwJTI1MjBUcmFuY2F1bHQlMjE1ZTAlMjEzbTIlMjExc2ZyJTIxMnNmciUyMTR2MTYzMTY5NjIwOTU2OCUyMTVtMiUyMTFzZnIlMjEyc2ZyJTIyJTIwd2lkdGglM0QlMjI2MDAlMjIlMjBoZWlnaHQlM0QlMjI0NTAlMjIlMjBzdHlsZSUzRCUyMmJvcmRlciUzQTAlM0IlMjIlMjBhbGxvd2Z1bGxzY3JlZW4lM0QlMjIlMjIlMjBsb2FkaW5nJTNEJTIybGF6eSUyMiUzRSUzQyUyRmlmcmFtZSUzRQ==\u00a0\u00bb][\/vc_column][\/vc_row]<\/p>\n<\/div>","protected":false},"excerpt":{"rendered":"<p>[vc_row css_animation=\u00a0\u00bb\u00a0\u00bb row_type=\u00a0\u00bbrow\u00a0\u00bb use_row_as_full_screen_section=\u00a0\u00bbno\u00a0\u00bb type=\u00a0\u00bbfull_width\u00a0\u00bb angled_section=\u00a0\u00bbno\u00a0\u00bb text_align=\u00a0\u00bbleft\u00a0\u00bb background_image_as_pattern=\u00a0\u00bbwithout_pattern\u00a0\u00bb][vc_column][vc_column_text] Maison &amp; Table d&rsquo;H\u00f4tes &nbsp; La maison d&rsquo;h\u00f4tes est un ancien moulin \u00e0 eau construit en 1850. Il est implant\u00e9 au milieu des bois et \u00e0 c\u00f4t\u00e9 de la rivi\u00e8re de la Vall\u00e9e d\u2019Orvin. Le Moulin de&#8230;<\/p>\n","protected":false},"author":108,"featured_media":0,"parent":0,"menu_order":0,"comment_status":"closed","ping_status":"closed","template":"","meta":{"footnotes":""},"class_list":["post-19529","page","type-page","status-publish","hentry"],"yoast_head":"<!-- This site is optimized with the Yoast SEO plugin v26.6 - https:\/\/yoast.com\/wordpress\/plugins\/seo\/ -->\n<title>Spiruline de la Vall\u00e9e d&#039;Orvin au Moulin de Trancault - Slow Tourisme Lab<\/title>\n<meta name=\"robots\" content=\"index, follow, max-snippet:-1, max-image-preview:large, max-video-preview:-1\" \/>\n<link rel=\"canonical\" href=\"https:\/\/www.slow-tourisme-lab.fr\/fr\/spiruline-de-la-vallee-dorvin-au-moulin-de-trancault\/\" \/>\n<meta property=\"og:locale\" content=\"fr_FR\" \/>\n<meta property=\"og:type\" content=\"article\" \/>\n<meta property=\"og:title\" content=\"Spiruline de la Vall\u00e9e d&#039;Orvin au Moulin de Trancault - Slow Tourisme Lab\" \/>\n<meta property=\"og:description\" content=\"[vc_row css_animation=\u00a0\u00bb\u00a0\u00bb row_type=\u00a0\u00bbrow\u00a0\u00bb use_row_as_full_screen_section=\u00a0\u00bbno\u00a0\u00bb type=\u00a0\u00bbfull_width\u00a0\u00bb angled_section=\u00a0\u00bbno\u00a0\u00bb text_align=\u00a0\u00bbleft\u00a0\u00bb background_image_as_pattern=\u00a0\u00bbwithout_pattern\u00a0\u00bb][vc_column][vc_column_text] Maison &amp; Table d&rsquo;H\u00f4tes &nbsp; La maison d&rsquo;h\u00f4tes est un ancien moulin \u00e0 eau construit en 1850. Il est implant\u00e9 au milieu des bois et \u00e0 c\u00f4t\u00e9 de la rivi\u00e8re de la Vall\u00e9e d\u2019Orvin. Le Moulin de...\" \/>\n<meta property=\"og:url\" content=\"https:\/\/www.slow-tourisme-lab.fr\/fr\/spiruline-de-la-vallee-dorvin-au-moulin-de-trancault\/\" \/>\n<meta property=\"og:site_name\" content=\"Slow Tourisme Lab\" \/>\n<meta property=\"article:modified_time\" content=\"2021-09-15T09:19:38+00:00\" \/>\n<meta name=\"twitter:card\" content=\"summary_large_image\" \/>\n<meta name=\"twitter:label1\" content=\"Dur\u00e9e de lecture estim\u00e9e\" \/>\n\t<meta name=\"twitter:data1\" content=\"6 minutes\" \/>\n<script type=\"application\/ld+json\" class=\"yoast-schema-graph\">{\"@context\":\"https:\/\/schema.org\",\"@graph\":[{\"@type\":\"WebPage\",\"@id\":\"https:\/\/www.slow-tourisme-lab.fr\/fr\/spiruline-de-la-vallee-dorvin-au-moulin-de-trancault\/\",\"url\":\"https:\/\/www.slow-tourisme-lab.fr\/fr\/spiruline-de-la-vallee-dorvin-au-moulin-de-trancault\/\",\"name\":\"Spiruline de la Vall\u00e9e d'Orvin au Moulin de Trancault - Slow Tourisme Lab\",\"isPartOf\":{\"@id\":\"https:\/\/www.slow-tourisme-lab.fr\/fr\/#website\"},\"datePublished\":\"2021-09-14T14:09:50+00:00\",\"dateModified\":\"2021-09-15T09:19:38+00:00\",\"breadcrumb\":{\"@id\":\"https:\/\/www.slow-tourisme-lab.fr\/fr\/spiruline-de-la-vallee-dorvin-au-moulin-de-trancault\/#breadcrumb\"},\"inLanguage\":\"fr-FR\",\"potentialAction\":[{\"@type\":\"ReadAction\",\"target\":[\"https:\/\/www.slow-tourisme-lab.fr\/fr\/spiruline-de-la-vallee-dorvin-au-moulin-de-trancault\/\"]}]},{\"@type\":\"BreadcrumbList\",\"@id\":\"https:\/\/www.slow-tourisme-lab.fr\/fr\/spiruline-de-la-vallee-dorvin-au-moulin-de-trancault\/#breadcrumb\",\"itemListElement\":[{\"@type\":\"ListItem\",\"position\":1,\"name\":\"Accueil\",\"item\":\"https:\/\/www.slow-tourisme-lab.fr\/fr\/\"},{\"@type\":\"ListItem\",\"position\":2,\"name\":\"Spiruline de la Vall\u00e9e d&rsquo;Orvin au Moulin de Trancault\"}]},{\"@type\":\"WebSite\",\"@id\":\"https:\/\/www.slow-tourisme-lab.fr\/fr\/#website\",\"url\":\"https:\/\/www.slow-tourisme-lab.fr\/fr\/\",\"name\":\"Slow Tourisme Lab\",\"description\":\"Un accompagnement pour l'innovation touristique durable\",\"potentialAction\":[{\"@type\":\"SearchAction\",\"target\":{\"@type\":\"EntryPoint\",\"urlTemplate\":\"https:\/\/www.slow-tourisme-lab.fr\/fr\/?s={search_term_string}\"},\"query-input\":{\"@type\":\"PropertyValueSpecification\",\"valueRequired\":true,\"valueName\":\"search_term_string\"}}],\"inLanguage\":\"fr-FR\"}]}<\/script>\n<!-- \/ Yoast SEO plugin. -->","yoast_head_json":{"title":"Spiruline de la Vall\u00e9e d'Orvin au Moulin de Trancault - Slow Tourisme Lab","robots":{"index":"index","follow":"follow","max-snippet":"max-snippet:-1","max-image-preview":"max-image-preview:large","max-video-preview":"max-video-preview:-1"},"canonical":"https:\/\/www.slow-tourisme-lab.fr\/fr\/spiruline-de-la-vallee-dorvin-au-moulin-de-trancault\/","og_locale":"fr_FR","og_type":"article","og_title":"Spiruline de la Vall\u00e9e d'Orvin au Moulin de Trancault - Slow Tourisme Lab","og_description":"[vc_row css_animation=\u00a0\u00bb\u00a0\u00bb row_type=\u00a0\u00bbrow\u00a0\u00bb use_row_as_full_screen_section=\u00a0\u00bbno\u00a0\u00bb type=\u00a0\u00bbfull_width\u00a0\u00bb angled_section=\u00a0\u00bbno\u00a0\u00bb text_align=\u00a0\u00bbleft\u00a0\u00bb background_image_as_pattern=\u00a0\u00bbwithout_pattern\u00a0\u00bb][vc_column][vc_column_text] Maison &amp; Table d&rsquo;H\u00f4tes &nbsp; La maison d&rsquo;h\u00f4tes est un ancien moulin \u00e0 eau construit en 1850. Il est implant\u00e9 au milieu des bois et \u00e0 c\u00f4t\u00e9 de la rivi\u00e8re de la Vall\u00e9e d\u2019Orvin. Le Moulin de...","og_url":"https:\/\/www.slow-tourisme-lab.fr\/fr\/spiruline-de-la-vallee-dorvin-au-moulin-de-trancault\/","og_site_name":"Slow Tourisme Lab","article_modified_time":"2021-09-15T09:19:38+00:00","twitter_card":"summary_large_image","twitter_misc":{"Dur\u00e9e de lecture estim\u00e9e":"6 minutes"},"schema":{"@context":"https:\/\/schema.org","@graph":[{"@type":"WebPage","@id":"https:\/\/www.slow-tourisme-lab.fr\/fr\/spiruline-de-la-vallee-dorvin-au-moulin-de-trancault\/","url":"https:\/\/www.slow-tourisme-lab.fr\/fr\/spiruline-de-la-vallee-dorvin-au-moulin-de-trancault\/","name":"Spiruline de la Vall\u00e9e d'Orvin au Moulin de Trancault - Slow Tourisme Lab","isPartOf":{"@id":"https:\/\/www.slow-tourisme-lab.fr\/fr\/#website"},"datePublished":"2021-09-14T14:09:50+00:00","dateModified":"2021-09-15T09:19:38+00:00","breadcrumb":{"@id":"https:\/\/www.slow-tourisme-lab.fr\/fr\/spiruline-de-la-vallee-dorvin-au-moulin-de-trancault\/#breadcrumb"},"inLanguage":"fr-FR","potentialAction":[{"@type":"ReadAction","target":["https:\/\/www.slow-tourisme-lab.fr\/fr\/spiruline-de-la-vallee-dorvin-au-moulin-de-trancault\/"]}]},{"@type":"BreadcrumbList","@id":"https:\/\/www.slow-tourisme-lab.fr\/fr\/spiruline-de-la-vallee-dorvin-au-moulin-de-trancault\/#breadcrumb","itemListElement":[{"@type":"ListItem","position":1,"name":"Accueil","item":"https:\/\/www.slow-tourisme-lab.fr\/fr\/"},{"@type":"ListItem","position":2,"name":"Spiruline de la Vall\u00e9e d&rsquo;Orvin au Moulin de Trancault"}]},{"@type":"WebSite","@id":"https:\/\/www.slow-tourisme-lab.fr\/fr\/#website","url":"https:\/\/www.slow-tourisme-lab.fr\/fr\/","name":"Slow Tourisme Lab","description":"Un accompagnement pour l'innovation touristique durable","potentialAction":[{"@type":"SearchAction","target":{"@type":"EntryPoint","urlTemplate":"https:\/\/www.slow-tourisme-lab.fr\/fr\/?s={search_term_string}"},"query-input":{"@type":"PropertyValueSpecification","valueRequired":true,"valueName":"search_term_string"}}],"inLanguage":"fr-FR"}]}},"_links":{"self":[{"href":"https:\/\/www.slow-tourisme-lab.fr\/fr\/wp-json\/wp\/v2\/pages\/19529\/"}],"collection":[{"href":"https:\/\/www.slow-tourisme-lab.fr\/fr\/wp-json\/wp\/v2\/pages\/"}],"about":[{"href":"https:\/\/www.slow-tourisme-lab.fr\/fr\/wp-json\/wp\/v2\/types\/page\/"}],"author":[{"embeddable":true,"href":"https:\/\/www.slow-tourisme-lab.fr\/fr\/wp-json\/wp\/v2\/users\/108\/"}],"replies":[{"embeddable":true,"href":"https:\/\/www.slow-tourisme-lab.fr\/fr\/wp-json\/wp\/v2\/comments\/?post=19529"}],"version-history":[{"count":5,"href":"https:\/\/www.slow-tourisme-lab.fr\/fr\/wp-json\/wp\/v2\/pages\/19529\/revisions\/"}],"predecessor-version":[{"id":19576,"href":"https:\/\/www.slow-tourisme-lab.fr\/fr\/wp-json\/wp\/v2\/pages\/19529\/revisions\/19576\/"}],"wp:attachment":[{"href":"https:\/\/www.slow-tourisme-lab.fr\/fr\/wp-json\/wp\/v2\/media\/?parent=19529"}],"curies":[{"name":"wp","href":"https:\/\/api.w.org\/{rel}","templated":true}]}}