{"id":19056,"date":"2021-06-21T15:37:11","date_gmt":"2021-06-21T13:37:11","guid":{"rendered":"https:\/\/www.slow-tourisme-lab.fr\/?page_id=19056"},"modified":"2021-07-12T11:48:43","modified_gmt":"2021-07-12T09:48:43","slug":"jardin-botanique-de-marnay-sur-seine","status":"publish","type":"page","link":"https:\/\/www.slow-tourisme-lab.fr\/fr\/jardin-botanique-de-marnay-sur-seine\/","title":{"rendered":"Jardin Botanique de Marnay-sur-Seine"},"content":{"rendered":"<div class=\"wpb-content-wrapper\"><p>[vc_row css_animation=\u00a0\u00bb\u00a0\u00bb row_type=\u00a0\u00bbrow\u00a0\u00bb use_row_as_full_screen_section=\u00a0\u00bbno\u00a0\u00bb type=\u00a0\u00bbfull_width\u00a0\u00bb angled_section=\u00a0\u00bbno\u00a0\u00bb text_align=\u00a0\u00bbleft\u00a0\u00bb background_image_as_pattern=\u00a0\u00bbwithout_pattern\u00a0\u00bb][vc_column][vc_column_text][\/vc_column_text][vc_empty_space][vc_column_text]<\/p>\n<p style=\"text-align: center\">Au c\u0153ur d&rsquo;un petit village champenois se trouve<strong> un v\u00e9ritable mus\u00e9e vivant de plantes<\/strong> des 4 coins du monde\u2026<\/p>\n<p style=\"text-align: center\">Le jardin botanique s\u2019\u00e9tend sur 2 hectares et pr\u00e9sente une diversit\u00e9 v\u00e9g\u00e9tale de<strong> plus de 3 000 esp\u00e8ces de plantes<\/strong>.<\/p>\n<p>&nbsp;<\/p>\n<h4 style=\"text-align: center\"><strong>Venez d\u00e9ambuler dans les diff\u00e9rentes parties du jardin : le chemin de l&rsquo;\u00e9volution, les plantes m\u00e9dicinales, les plantes condimentaires, le potager, le jardin conservatoire\u2026<\/strong><\/h4>\n<p>[\/vc_column_text][vc_empty_space][vc_single_image image=\u00a0\u00bb19130&Prime; img_size=\u00a0\u00bblarge\u00a0\u00bb alignment=\u00a0\u00bbcenter\u00a0\u00bb qode_css_animation=\u00a0\u00bb\u00a0\u00bb][vc_empty_space][vc_column_text]<\/p>\n<h4 style=\"text-align: center\">Avec vos sens,<\/h4>\n<h4 style=\"text-align: center\">Venez non seulement, <strong>sentir, toucher, go\u00fbter<\/strong> des saveurs et <strong>odeurs<\/strong> exotiques&#8230;<\/h4>\n<h4 style=\"text-align: center\">Mais aussi, <strong>admirer <\/strong>les parties plus ornementales avec les roseraies, le mur v\u00e9g\u00e9tal, le jardin d&rsquo;ombre ou encore le th\u00e9\u00e2tre de pots.<\/h4>\n<h4 style=\"text-align: center\"><\/h4>\n<p>&nbsp;<\/p>\n<p style=\"text-align: center\">Par ailleurs, le jardin botanique de Marnay-sur-Seine est \u00e9galement une porte ouverte sur le monde des Arts avec sa r\u00e9sidence artistique La Maison Verte et son programme Pays&rsquo;Art. Plus d&rsquo;une centaine d&rsquo;artistes internationaux y ont d\u00e9j\u00e0 s\u00e9journ\u00e9 et expos\u00e9.<\/p>\n<p>[\/vc_column_text][vc_empty_space][\/vc_column][\/vc_row][vc_row css_animation=\u00a0\u00bb\u00a0\u00bb row_type=\u00a0\u00bbrow\u00a0\u00bb use_row_as_full_screen_section=\u00a0\u00bbno\u00a0\u00bb type=\u00a0\u00bbfull_width\u00a0\u00bb angled_section=\u00a0\u00bbno\u00a0\u00bb text_align=\u00a0\u00bbleft\u00a0\u00bb background_image_as_pattern=\u00a0\u00bbwithout_pattern\u00a0\u00bb][vc_column width=\u00a0\u00bb1\/2&Prime;][vc_single_image image=\u00a0\u00bb19120&Prime; img_size=\u00a0\u00bb1181&#215;784&Prime; qode_css_animation=\u00a0\u00bb\u00a0\u00bb][\/vc_column][vc_column width=\u00a0\u00bb1\/2&Prime;][vc_single_image image=\u00a0\u00bb19128&Prime; img_size=\u00a0\u00bb1181&#215;784&Prime; qode_css_animation=\u00a0\u00bb\u00a0\u00bb][\/vc_column][\/vc_row][vc_row css_animation=\u00a0\u00bb\u00a0\u00bb row_type=\u00a0\u00bbrow\u00a0\u00bb use_row_as_full_screen_section=\u00a0\u00bbno\u00a0\u00bb type=\u00a0\u00bbfull_width\u00a0\u00bb angled_section=\u00a0\u00bbno\u00a0\u00bb text_align=\u00a0\u00bbleft\u00a0\u00bb background_image_as_pattern=\u00a0\u00bbwithout_pattern\u00a0\u00bb][vc_column][vc_empty_space height=\u00a0\u00bb60px\u00a0\u00bb][vc_column_text]<\/p>\n<h1 style=\"text-align: center\">Les missions du jardin\u00a0:<\/h1>\n<p>[\/vc_column_text][vc_empty_space height=\u00a0\u00bb60px\u00a0\u00bb][\/vc_column][\/vc_row][vc_row css_animation=\u00a0\u00bb\u00a0\u00bb row_type=\u00a0\u00bbrow\u00a0\u00bb use_row_as_full_screen_section=\u00a0\u00bbno\u00a0\u00bb type=\u00a0\u00bbfull_width\u00a0\u00bb angled_section=\u00a0\u00bbno\u00a0\u00bb text_align=\u00a0\u00bbleft\u00a0\u00bb background_image_as_pattern=\u00a0\u00bbwithout_pattern\u00a0\u00bb][vc_column width=\u00a0\u00bb1\/2&Prime;][vc_empty_space][vc_column_text]<\/p>\n<h2>Scientifique\u00a0:<\/h2>\n<p>&nbsp;<\/p>\n<p>L\u2019association constitue des herbiers, fait des collections vivantes et des fonds documentaires.<br \/>\nElle contribue \u00e9galement \u00e0 la d\u00e9couverte de nouveaux m\u00e9dicaments par l&rsquo;envoi de graines dans le monde entier aux organismes de recherche scientifiques.<br \/>\nEnfin, elle apporte des donn\u00e9es sur les pollens allergisants destin\u00e9es au bulletin hebdomadaire de pr\u00e9vention du R\u00e9seau National de Surveillance A\u00e9robiolologique.<\/p>\n<p>&nbsp;<\/p>\n<p>[\/vc_column_text][vc_empty_space height=\u00a0\u00bb62px\u00a0\u00bb][\/vc_column][vc_column width=\u00a0\u00bb1\/2&Prime;][vc_single_image image=\u00a0\u00bb19124&Prime; img_size=\u00a0\u00bblarge\u00a0\u00bb alignment=\u00a0\u00bbcenter\u00a0\u00bb qode_css_animation=\u00a0\u00bb\u00a0\u00bb][vc_empty_space height=\u00a0\u00bb62px\u00a0\u00bb][\/vc_column][\/vc_row][vc_row css_animation=\u00a0\u00bb\u00a0\u00bb row_type=\u00a0\u00bbrow\u00a0\u00bb use_row_as_full_screen_section=\u00a0\u00bbno\u00a0\u00bb type=\u00a0\u00bbfull_width\u00a0\u00bb angled_section=\u00a0\u00bbno\u00a0\u00bb text_align=\u00a0\u00bbleft\u00a0\u00bb background_image_as_pattern=\u00a0\u00bbwithout_pattern\u00a0\u00bb][vc_column width=\u00a0\u00bb1\/2&Prime;][vc_single_image image=\u00a0\u00bb19138&Prime; img_size=\u00a0\u00bblarge\u00a0\u00bb alignment=\u00a0\u00bbcenter\u00a0\u00bb qode_css_animation=\u00a0\u00bb\u00a0\u00bb][vc_empty_space height=\u00a0\u00bb62px\u00a0\u00bb][\/vc_column][vc_column width=\u00a0\u00bb1\/2&Prime;][vc_empty_space height=\u00a0\u00bb62px\u00a0\u00bb][vc_empty_space height=\u00a0\u00bb62px\u00a0\u00bb][vc_column_text]<\/p>\n<h2>P\u00e9dagogique\u00a0:<\/h2>\n<p>&nbsp;<\/p>\n<p>L\u2019association organise non seulement des ateliers th\u00e9matiques pour des groupes d\u2019enfants mais aussi, des stages &amp; formations pour les enseignants et le grand public.<\/p>\n<p>Elle veut initier aux sciences naturelles et sensibiliser \u00e0 l\u2019environnement toutes les g\u00e9n\u00e9rations.<\/p>\n<p>Ainsi, vous trouverez un parcours \u00e9ducatif qui a \u00e9t\u00e9 install\u00e9 pour permettre de comprendre l\u2019\u00e9volution des plantes et leurs adaptations aux diff\u00e9rents milieux.[\/vc_column_text][vc_empty_space height=\u00a0\u00bb62px\u00a0\u00bb][\/vc_column][\/vc_row][vc_row css_animation=\u00a0\u00bb\u00a0\u00bb row_type=\u00a0\u00bbrow\u00a0\u00bb use_row_as_full_screen_section=\u00a0\u00bbno\u00a0\u00bb type=\u00a0\u00bbfull_width\u00a0\u00bb angled_section=\u00a0\u00bbno\u00a0\u00bb text_align=\u00a0\u00bbleft\u00a0\u00bb background_image_as_pattern=\u00a0\u00bbwithout_pattern\u00a0\u00bb][vc_column width=\u00a0\u00bb1\/2&Prime;][vc_empty_space height=\u00a0\u00bb62px\u00a0\u00bb][vc_column_text]<\/p>\n<h2>Conservatoire\u00a0:<\/h2>\n<p>&nbsp;<\/p>\n<p>L\u2019association \u0153uvre pour la conservation des esp\u00e8ces v\u00e9g\u00e9tales et la reconstitution des milieux naturels de la Bass\u00e9e (un espace naturel prot\u00e9g\u00e9 au c\u0153ur de la vall\u00e9e de la Seine).[\/vc_column_text][vc_empty_space height=\u00a0\u00bb62px\u00a0\u00bb][\/vc_column][vc_column width=\u00a0\u00bb1\/2&Prime;][vc_single_image image=\u00a0\u00bb19126&Prime; img_size=\u00a0\u00bblarge\u00a0\u00bb alignment=\u00a0\u00bbcenter\u00a0\u00bb qode_css_animation=\u00a0\u00bb\u00a0\u00bb][vc_empty_space height=\u00a0\u00bb62px\u00a0\u00bb][\/vc_column][\/vc_row][vc_row css_animation=\u00a0\u00bb\u00a0\u00bb row_type=\u00a0\u00bbrow\u00a0\u00bb use_row_as_full_screen_section=\u00a0\u00bbno\u00a0\u00bb type=\u00a0\u00bbfull_width\u00a0\u00bb angled_section=\u00a0\u00bbno\u00a0\u00bb text_align=\u00a0\u00bbleft\u00a0\u00bb background_image_as_pattern=\u00a0\u00bbwithout_pattern\u00a0\u00bb][vc_column][vc_column_text]<\/p>\n<h2 style=\"text-align: center\">Historique :<\/h2>\n<p>&nbsp;<\/p>\n<p style=\"text-align: center\">L\u2019association Jardin Botanique de Marnay-sur-Seine a \u00e9t\u00e9<strong> fond\u00e9e en 1995<\/strong> \u00e0 l\u2019initiative de<strong> Didier Rousseau-Navarre<\/strong>, un sculpteur et botaniste.<\/p>\n<p style=\"text-align: center\"><strong>La fondation Tenot<\/strong> a quant \u00e0 elle apport\u00e9 un soutien financier.<\/p>\n<p style=\"text-align: center\">Le Jardin est devenu<strong> le premier jardin botanique de Champagne-Ardenne<\/strong>. Il a re\u00e7u les <strong>labels<\/strong> \u00ab Jardins Botaniques de France et des Pays Francophones \u00bb et \u00a0\u00ab Jardin remarquable \u00bb. Ces labels ont le gage d\u2019un mode de conduite, scientifique et p\u00e9dagogique, scrupuleux.<\/p>\n<p>[\/vc_column_text][vc_empty_space height=\u00a0\u00bb60px\u00a0\u00bb][\/vc_column][\/vc_row][vc_row css_animation=\u00a0\u00bb\u00a0\u00bb row_type=\u00a0\u00bbrow\u00a0\u00bb use_row_as_full_screen_section=\u00a0\u00bbno\u00a0\u00bb type=\u00a0\u00bbfull_width\u00a0\u00bb angled_section=\u00a0\u00bbno\u00a0\u00bb text_align=\u00a0\u00bbleft\u00a0\u00bb background_image_as_pattern=\u00a0\u00bbwithout_pattern\u00a0\u00bb][vc_column][vc_video link=\u00a0\u00bbhttps:\/\/www.youtube.com\/watch?v=loT46jNvDSs\u00a0\u00bb align=\u00a0\u00bbcenter\u00a0\u00bb][vc_empty_space height=\u00a0\u00bb80px\u00a0\u00bb][\/vc_column][\/vc_row][vc_row css_animation=\u00a0\u00bb\u00a0\u00bb row_type=\u00a0\u00bbrow\u00a0\u00bb use_row_as_full_screen_section=\u00a0\u00bbno\u00a0\u00bb type=\u00a0\u00bbfull_width\u00a0\u00bb angled_section=\u00a0\u00bbno\u00a0\u00bb text_align=\u00a0\u00bbleft\u00a0\u00bb background_image_as_pattern=\u00a0\u00bbwithout_pattern\u00a0\u00bb][vc_column][vc_column_text]<\/p>\n<h2 style=\"text-align: center\">Devenez m\u00e9c\u00e8ne du Jardin Botanique de Marnay-sur-Seine<\/h2>\n<p>&nbsp;<\/p>\n<p style=\"text-align: center\"><em>En soutenant leur association vous participez au financement d&rsquo;une activit\u00e9 d&rsquo;int\u00e9r\u00eat g\u00e9n\u00e9ral. Vous encouragez une mission d&rsquo;\u00e9ducation, de recherche et de conservation.<\/em><\/p>\n<p>[\/vc_column_text][vc_empty_space][\/vc_column][\/vc_row][vc_row css_animation=\u00a0\u00bb\u00a0\u00bb row_type=\u00a0\u00bbrow\u00a0\u00bb use_row_as_full_screen_section=\u00a0\u00bbno\u00a0\u00bb type=\u00a0\u00bbfull_width\u00a0\u00bb angled_section=\u00a0\u00bbno\u00a0\u00bb text_align=\u00a0\u00bbleft\u00a0\u00bb background_image_as_pattern=\u00a0\u00bbwithout_pattern\u00a0\u00bb][vc_column width=\u00a0\u00bb1\/2&Prime;]<a  itemprop=\"url\" href=\"https:\/\/www.helloasso.com\/associations\/association-jardin-botanique-de-marnay-sur-seine\/adhesions\/devenir-membre-du-jardin-botanique-de-marnay-sur-seine\" target=\"_blank\"  class=\"qbutton  center default\" style=\"background-color: #69c12a;\">DEVENEZ MEMBRE DE L'ASSOCIATION<\/a>[\/vc_column][vc_column width=\u00a0\u00bb1\/2&Prime;]<a  itemprop=\"url\" href=\"https:\/\/www.helloasso.com\/don\/associations\/association-jardin-botanique-de-marnay-sur-seine\" target=\"_blank\"  class=\"qbutton  center default\" style=\"background-color: #69c12a;\">FAITES UN DON AU JARDIN<\/a>[\/vc_column][\/vc_row][vc_row css_animation=\u00a0\u00bb\u00a0\u00bb row_type=\u00a0\u00bbrow\u00a0\u00bb use_row_as_full_screen_section=\u00a0\u00bbno\u00a0\u00bb type=\u00a0\u00bbfull_width\u00a0\u00bb angled_section=\u00a0\u00bbno\u00a0\u00bb text_align=\u00a0\u00bbleft\u00a0\u00bb background_image_as_pattern=\u00a0\u00bbwithout_pattern\u00a0\u00bb][vc_column][vc_empty_space]<div class=\"ult-team-member-wrap ult-style-1  \"><div class=\"ult-team-member-image\" style=\"\"> <img decoding=\"async\" class=\"ult-team-grayscale\" src=\"\" alt=\"\"  style=\"\"><span class=\"ult-team-member-image-overlay \"  ><\/span><\/div><div class=\"ult-team-member-bio-wrap style-1 ultimate-heading69d0c1ff9b833\" style=\"text-align:center;; \"><div class=\"ult-team-member-name-wrap\"><h2 class=\"ult-team-member-name ult-responsive\"  data-ultimate-target='.ult-team-member-bio-wrap.ultimate-heading69d0c1ff9b833 .ult-team-member-name'  data-responsive-json-new='{\"font-size\":\"\",\"line-height\":\"\"}'  style=\"\">Le Jardin Botanique<\/h2><div class=\"ult-team-member-position ult-responsive\"  data-ultimate-target='.ult-team-member-bio-wrap.ultimate-heading69d0c1ff9b833 .ult-team-member-position'  data-responsive-json-new='{\"font-size\":\"\",\"line-height\":\"\"}'  style=\"\">Directeur <\/div><div class=\"ult-team-member-description ult-responsive\"  data-ultimate-target='.ult-team-member-bio-wrap.ultimate-heading69d0c1ff9b833 .ult-team-member-description'  data-responsive-json-new='{\"font-size\":\"\",\"line-height\":\"\"}'  style=\"\"><p><\/p>\n<h4 style=\"text-align: center\">Guillaume REBY<\/h4>\n<p style=\"text-align: center\"><a href=\"https:\/\/www.jardin-botanique.org\/\" target=\"_blank\" rel=\"noopener noreferrer\">www.jardin-botanique.org<\/a><\/p>\n<p style=\"text-align: center\">03 25 21 94 18<\/p>\n<p><\/p><\/div><div style=\"margin-bottom:15px\"><\/div><div class='ult-social-buttons'><a href='https:\/\/www.instagram.com\/jardinbotaniquemarnaysurseine\/' target='_blank' rel='noopener' title='instagram' class='ult-team ult-social-icon' style='font-size:40px ; margin-left:5px;margin-right:5px;;'  data-iconcolor='inherit' data-iconhover='inherit' ><i class='Defaults-instagram'><\/i><\/a><\/div><\/div><\/div><\/div>[\/vc_column][\/vc_row]<\/p>\n<\/div>","protected":false},"excerpt":{"rendered":"<p>[vc_row css_animation=\u00a0\u00bb\u00a0\u00bb row_type=\u00a0\u00bbrow\u00a0\u00bb use_row_as_full_screen_section=\u00a0\u00bbno\u00a0\u00bb type=\u00a0\u00bbfull_width\u00a0\u00bb angled_section=\u00a0\u00bbno\u00a0\u00bb text_align=\u00a0\u00bbleft\u00a0\u00bb background_image_as_pattern=\u00a0\u00bbwithout_pattern\u00a0\u00bb][vc_column][vc_column_text][\/vc_column_text][vc_empty_space][vc_column_text] Au c\u0153ur d&rsquo;un petit village champenois se trouve un v\u00e9ritable mus\u00e9e vivant de plantes des 4 coins du monde\u2026 Le jardin botanique s\u2019\u00e9tend sur 2 hectares et pr\u00e9sente une diversit\u00e9 v\u00e9g\u00e9tale de plus de 3 000 esp\u00e8ces&#8230;<\/p>\n","protected":false},"author":108,"featured_media":0,"parent":0,"menu_order":0,"comment_status":"closed","ping_status":"closed","template":"","meta":{"footnotes":""},"class_list":["post-19056","page","type-page","status-publish","hentry"],"yoast_head":"<!-- This site is optimized with the Yoast SEO plugin v26.6 - https:\/\/yoast.com\/wordpress\/plugins\/seo\/ -->\n<title>Jardin Botanique de Marnay-sur-Seine - Slow Tourisme Lab<\/title>\n<meta name=\"robots\" content=\"index, follow, max-snippet:-1, max-image-preview:large, max-video-preview:-1\" \/>\n<link rel=\"canonical\" href=\"https:\/\/www.slow-tourisme-lab.fr\/fr\/jardin-botanique-de-marnay-sur-seine\/\" \/>\n<meta property=\"og:locale\" content=\"fr_FR\" \/>\n<meta property=\"og:type\" content=\"article\" \/>\n<meta property=\"og:title\" content=\"Jardin Botanique de Marnay-sur-Seine - Slow Tourisme Lab\" \/>\n<meta property=\"og:description\" content=\"[vc_row css_animation=\u00a0\u00bb\u00a0\u00bb row_type=\u00a0\u00bbrow\u00a0\u00bb use_row_as_full_screen_section=\u00a0\u00bbno\u00a0\u00bb type=\u00a0\u00bbfull_width\u00a0\u00bb angled_section=\u00a0\u00bbno\u00a0\u00bb text_align=\u00a0\u00bbleft\u00a0\u00bb background_image_as_pattern=\u00a0\u00bbwithout_pattern\u00a0\u00bb][vc_column][vc_column_text][\/vc_column_text][vc_empty_space][vc_column_text] Au c\u0153ur d&rsquo;un petit village champenois se trouve un v\u00e9ritable mus\u00e9e vivant de plantes des 4 coins du monde\u2026 Le jardin botanique s\u2019\u00e9tend sur 2 hectares et pr\u00e9sente une diversit\u00e9 v\u00e9g\u00e9tale de plus de 3 000 esp\u00e8ces...\" \/>\n<meta property=\"og:url\" content=\"https:\/\/www.slow-tourisme-lab.fr\/fr\/jardin-botanique-de-marnay-sur-seine\/\" \/>\n<meta property=\"og:site_name\" content=\"Slow Tourisme Lab\" \/>\n<meta property=\"article:modified_time\" content=\"2021-07-12T09:48:43+00:00\" \/>\n<meta name=\"twitter:card\" content=\"summary_large_image\" \/>\n<meta name=\"twitter:label1\" content=\"Dur\u00e9e de lecture estim\u00e9e\" \/>\n\t<meta name=\"twitter:data1\" content=\"6 minutes\" \/>\n<script type=\"application\/ld+json\" class=\"yoast-schema-graph\">{\"@context\":\"https:\/\/schema.org\",\"@graph\":[{\"@type\":\"WebPage\",\"@id\":\"https:\/\/www.slow-tourisme-lab.fr\/fr\/jardin-botanique-de-marnay-sur-seine\/\",\"url\":\"https:\/\/www.slow-tourisme-lab.fr\/fr\/jardin-botanique-de-marnay-sur-seine\/\",\"name\":\"Jardin Botanique de Marnay-sur-Seine - Slow Tourisme Lab\",\"isPartOf\":{\"@id\":\"https:\/\/www.slow-tourisme-lab.fr\/fr\/#website\"},\"datePublished\":\"2021-06-21T13:37:11+00:00\",\"dateModified\":\"2021-07-12T09:48:43+00:00\",\"breadcrumb\":{\"@id\":\"https:\/\/www.slow-tourisme-lab.fr\/fr\/jardin-botanique-de-marnay-sur-seine\/#breadcrumb\"},\"inLanguage\":\"fr-FR\",\"potentialAction\":[{\"@type\":\"ReadAction\",\"target\":[\"https:\/\/www.slow-tourisme-lab.fr\/fr\/jardin-botanique-de-marnay-sur-seine\/\"]}]},{\"@type\":\"BreadcrumbList\",\"@id\":\"https:\/\/www.slow-tourisme-lab.fr\/fr\/jardin-botanique-de-marnay-sur-seine\/#breadcrumb\",\"itemListElement\":[{\"@type\":\"ListItem\",\"position\":1,\"name\":\"Accueil\",\"item\":\"https:\/\/www.slow-tourisme-lab.fr\/fr\/\"},{\"@type\":\"ListItem\",\"position\":2,\"name\":\"Jardin Botanique de Marnay-sur-Seine\"}]},{\"@type\":\"WebSite\",\"@id\":\"https:\/\/www.slow-tourisme-lab.fr\/fr\/#website\",\"url\":\"https:\/\/www.slow-tourisme-lab.fr\/fr\/\",\"name\":\"Slow Tourisme Lab\",\"description\":\"Un accompagnement pour l'innovation touristique durable\",\"potentialAction\":[{\"@type\":\"SearchAction\",\"target\":{\"@type\":\"EntryPoint\",\"urlTemplate\":\"https:\/\/www.slow-tourisme-lab.fr\/fr\/?s={search_term_string}\"},\"query-input\":{\"@type\":\"PropertyValueSpecification\",\"valueRequired\":true,\"valueName\":\"search_term_string\"}}],\"inLanguage\":\"fr-FR\"}]}<\/script>\n<!-- \/ Yoast SEO plugin. -->","yoast_head_json":{"title":"Jardin Botanique de Marnay-sur-Seine - Slow Tourisme Lab","robots":{"index":"index","follow":"follow","max-snippet":"max-snippet:-1","max-image-preview":"max-image-preview:large","max-video-preview":"max-video-preview:-1"},"canonical":"https:\/\/www.slow-tourisme-lab.fr\/fr\/jardin-botanique-de-marnay-sur-seine\/","og_locale":"fr_FR","og_type":"article","og_title":"Jardin Botanique de Marnay-sur-Seine - Slow Tourisme Lab","og_description":"[vc_row css_animation=\u00a0\u00bb\u00a0\u00bb row_type=\u00a0\u00bbrow\u00a0\u00bb use_row_as_full_screen_section=\u00a0\u00bbno\u00a0\u00bb type=\u00a0\u00bbfull_width\u00a0\u00bb angled_section=\u00a0\u00bbno\u00a0\u00bb text_align=\u00a0\u00bbleft\u00a0\u00bb background_image_as_pattern=\u00a0\u00bbwithout_pattern\u00a0\u00bb][vc_column][vc_column_text][\/vc_column_text][vc_empty_space][vc_column_text] Au c\u0153ur d&rsquo;un petit village champenois se trouve un v\u00e9ritable mus\u00e9e vivant de plantes des 4 coins du monde\u2026 Le jardin botanique s\u2019\u00e9tend sur 2 hectares et pr\u00e9sente une diversit\u00e9 v\u00e9g\u00e9tale de plus de 3 000 esp\u00e8ces...","og_url":"https:\/\/www.slow-tourisme-lab.fr\/fr\/jardin-botanique-de-marnay-sur-seine\/","og_site_name":"Slow Tourisme Lab","article_modified_time":"2021-07-12T09:48:43+00:00","twitter_card":"summary_large_image","twitter_misc":{"Dur\u00e9e de lecture estim\u00e9e":"6 minutes"},"schema":{"@context":"https:\/\/schema.org","@graph":[{"@type":"WebPage","@id":"https:\/\/www.slow-tourisme-lab.fr\/fr\/jardin-botanique-de-marnay-sur-seine\/","url":"https:\/\/www.slow-tourisme-lab.fr\/fr\/jardin-botanique-de-marnay-sur-seine\/","name":"Jardin Botanique de Marnay-sur-Seine - Slow Tourisme Lab","isPartOf":{"@id":"https:\/\/www.slow-tourisme-lab.fr\/fr\/#website"},"datePublished":"2021-06-21T13:37:11+00:00","dateModified":"2021-07-12T09:48:43+00:00","breadcrumb":{"@id":"https:\/\/www.slow-tourisme-lab.fr\/fr\/jardin-botanique-de-marnay-sur-seine\/#breadcrumb"},"inLanguage":"fr-FR","potentialAction":[{"@type":"ReadAction","target":["https:\/\/www.slow-tourisme-lab.fr\/fr\/jardin-botanique-de-marnay-sur-seine\/"]}]},{"@type":"BreadcrumbList","@id":"https:\/\/www.slow-tourisme-lab.fr\/fr\/jardin-botanique-de-marnay-sur-seine\/#breadcrumb","itemListElement":[{"@type":"ListItem","position":1,"name":"Accueil","item":"https:\/\/www.slow-tourisme-lab.fr\/fr\/"},{"@type":"ListItem","position":2,"name":"Jardin Botanique de Marnay-sur-Seine"}]},{"@type":"WebSite","@id":"https:\/\/www.slow-tourisme-lab.fr\/fr\/#website","url":"https:\/\/www.slow-tourisme-lab.fr\/fr\/","name":"Slow Tourisme Lab","description":"Un accompagnement pour l'innovation touristique durable","potentialAction":[{"@type":"SearchAction","target":{"@type":"EntryPoint","urlTemplate":"https:\/\/www.slow-tourisme-lab.fr\/fr\/?s={search_term_string}"},"query-input":{"@type":"PropertyValueSpecification","valueRequired":true,"valueName":"search_term_string"}}],"inLanguage":"fr-FR"}]}},"_links":{"self":[{"href":"https:\/\/www.slow-tourisme-lab.fr\/fr\/wp-json\/wp\/v2\/pages\/19056\/"}],"collection":[{"href":"https:\/\/www.slow-tourisme-lab.fr\/fr\/wp-json\/wp\/v2\/pages\/"}],"about":[{"href":"https:\/\/www.slow-tourisme-lab.fr\/fr\/wp-json\/wp\/v2\/types\/page\/"}],"author":[{"embeddable":true,"href":"https:\/\/www.slow-tourisme-lab.fr\/fr\/wp-json\/wp\/v2\/users\/108\/"}],"replies":[{"embeddable":true,"href":"https:\/\/www.slow-tourisme-lab.fr\/fr\/wp-json\/wp\/v2\/comments\/?post=19056"}],"version-history":[{"count":5,"href":"https:\/\/www.slow-tourisme-lab.fr\/fr\/wp-json\/wp\/v2\/pages\/19056\/revisions\/"}],"predecessor-version":[{"id":19359,"href":"https:\/\/www.slow-tourisme-lab.fr\/fr\/wp-json\/wp\/v2\/pages\/19056\/revisions\/19359\/"}],"wp:attachment":[{"href":"https:\/\/www.slow-tourisme-lab.fr\/fr\/wp-json\/wp\/v2\/media\/?parent=19056"}],"curies":[{"name":"wp","href":"https:\/\/api.w.org\/{rel}","templated":true}]}}