{"id":18691,"date":"2021-04-09T11:27:13","date_gmt":"2021-04-09T09:27:13","guid":{"rendered":"https:\/\/www.slow-tourisme-lab.fr\/?page_id=18691"},"modified":"2024-03-18T11:48:00","modified_gmt":"2024-03-18T10:48:00","slug":"mindful-art-2","status":"publish","type":"page","link":"https:\/\/www.slow-tourisme-lab.fr\/fr\/mindful-art-2\/","title":{"rendered":"Mindful Art"},"content":{"rendered":"<div class=\"wpb-content-wrapper\"><p>[vc_row css_animation=\u00a0\u00bb\u00a0\u00bb row_type=\u00a0\u00bbrow\u00a0\u00bb use_row_as_full_screen_section=\u00a0\u00bbno\u00a0\u00bb type=\u00a0\u00bbfull_width\u00a0\u00bb angled_section=\u00a0\u00bbno\u00a0\u00bb text_align=\u00a0\u00bbleft\u00a0\u00bb background_image_as_pattern=\u00a0\u00bbwithout_pattern\u00a0\u00bb][vc_column][vc_single_image image=\u00a0\u00bb20362&Prime; img_size=\u00a0\u00bblarge\u00a0\u00bb alignment=\u00a0\u00bbcenter\u00a0\u00bb qode_css_animation=\u00a0\u00bb\u00a0\u00bb][vc_empty_space][vc_column_text]<\/p>\n<h2 style=\"text-align: center\"><\/h2>\n<p style=\"text-align: center\"><strong><em>Une rencontre immersive, unique et sensorielle avec l\u2019art<\/em><\/strong><\/p>\n<p>[\/vc_column_text][\/vc_column][\/vc_row][vc_row css_animation=\u00a0\u00bb\u00a0\u00bb row_type=\u00a0\u00bbrow\u00a0\u00bb use_row_as_full_screen_section=\u00a0\u00bbno\u00a0\u00bb type=\u00a0\u00bbfull_width\u00a0\u00bb angled_section=\u00a0\u00bbno\u00a0\u00bb text_align=\u00a0\u00bbleft\u00a0\u00bb background_image_as_pattern=\u00a0\u00bbwithout_pattern\u00a0\u00bb][vc_column][vc_empty_space][\/vc_column][\/vc_row][vc_row css_animation=\u00a0\u00bb\u00a0\u00bb row_type=\u00a0\u00bbrow\u00a0\u00bb use_row_as_full_screen_section=\u00a0\u00bbno\u00a0\u00bb type=\u00a0\u00bbfull_width\u00a0\u00bb angled_section=\u00a0\u00bbno\u00a0\u00bb text_align=\u00a0\u00bbleft\u00a0\u00bb background_image_as_pattern=\u00a0\u00bbwithout_pattern\u00a0\u00bb][vc_column width=\u00a0\u00bb1\/4&Prime;][vc_single_image image=\u00a0\u00bb20122&Prime; img_size=\u00a0\u00bbfull\u00a0\u00bb qode_css_animation=\u00a0\u00bb\u00a0\u00bb][vc_empty_space][vc_single_image image=\u00a0\u00bb20124&Prime; img_size=\u00a0\u00bbfull\u00a0\u00bb qode_css_animation=\u00a0\u00bb\u00a0\u00bb][\/vc_column][vc_column width=\u00a0\u00bb3\/4&Prime;][vc_column_text]<\/p>\n<h1><span style=\"font-weight: 400\">Prenez le temps d\u2019\u00e9tablir un lien intense avec une \u0153uvre.<\/span><\/h1>\n<p>&nbsp;<\/p>\n<p>D\u00e9couvrez l&rsquo;exp\u00e9rience unique de<strong> <a href=\"https:\/\/mindful-art.eu\/\" target=\"_blank\" rel=\"noopener noreferrer\">Mindful Art<\/a><\/strong> d\u00e9velopp\u00e9e par <a href=\"https:\/\/mindful-art.eu\/equipe-valeurs-mindful-art\" target=\"_blank\" rel=\"noopener noreferrer\">Marjan Abadie<\/a>, une approche concr\u00e8te r\u00e9pondant \u00e0 vos besoins essentiels. Reconnectez-vous \u00e0 vous-m\u00eame, explorez, nourrissez vos \u00e9motions et trouvez la s\u00e9r\u00e9nit\u00e9 par l&rsquo;harmonie entre l&rsquo;art et la pleine conscience.<\/p>\n<p>&nbsp;<\/p>\n<p>L&rsquo;Art, universel et essentiel, devient une n\u00e9cessit\u00e9 vitale pour nous rassembler, nous r\u00e9inventer et dynamiser nos pratiques de d\u00e9cloisonnement. Associez cela \u00e0 la puissance de la <strong>Pleine Conscience<\/strong>, une approche in\u00e9gal\u00e9e pour transcender nos pr\u00e9occupations mentales, nous recentrer sur l&rsquo;instant pr\u00e9sent, et explorer notre \u00eatre int\u00e9rieur.<\/p>\n<p>&nbsp;<\/p>\n<p>Chaque parcours Mindful Art r\u00e9pond ainsi \u00e0 deux besoins fondamentaux : l&rsquo;<strong>\u00e9panouissement \u00e0 travers l&rsquo;appr\u00e9ciation des \u0153uvres d&rsquo;art<\/strong> et <strong>la pause n\u00e9cessaire pour ralentir et savourer pleinement la vie<\/strong>. D\u00e9couvrez comment cette combinaison unique peut transformer votre exp\u00e9rience artistique et quotidienne.[\/vc_column_text][\/vc_column][\/vc_row][vc_row css_animation=\u00a0\u00bb\u00a0\u00bb row_type=\u00a0\u00bbrow\u00a0\u00bb use_row_as_full_screen_section=\u00a0\u00bbno\u00a0\u00bb type=\u00a0\u00bbfull_width\u00a0\u00bb angled_section=\u00a0\u00bbno\u00a0\u00bb text_align=\u00a0\u00bbleft\u00a0\u00bb background_image_as_pattern=\u00a0\u00bbwithout_pattern\u00a0\u00bb][vc_column][vc_empty_space][\/vc_column][\/vc_row][vc_row css_animation=\u00a0\u00bb\u00a0\u00bb row_type=\u00a0\u00bbrow\u00a0\u00bb use_row_as_full_screen_section=\u00a0\u00bbno\u00a0\u00bb type=\u00a0\u00bbfull_width\u00a0\u00bb angled_section=\u00a0\u00bbno\u00a0\u00bb text_align=\u00a0\u00bbleft\u00a0\u00bb background_image_as_pattern=\u00a0\u00bbwithout_pattern\u00a0\u00bb][vc_column][vc_column_text]<\/p>\n<h2 style=\"text-align: center\">Mindful Art est une nouvelle mani\u00e8re d\u2019aborder une oeuvre d\u2019art.<\/h2>\n<p style=\"text-align: center\">Mindful Art propose une exp\u00e9rience unique de m\u00e9ditation pleine conscience, de neuroscience, et de po\u00e9sie. Il s\u2019agit d\u2019une approche immersive qui vous accompagne pas \u00e0 pas dans l\u2019exploration des chefs-d\u2019oeuvre, \u00e0 travers l\u2019atmosph\u00e8re qui s\u2019en d\u00e9gage, les sentiments des personnages, la texture des \u00e9toffes\u2026<\/p>\n<p>[\/vc_column_text][\/vc_column][\/vc_row][vc_row css_animation=\u00a0\u00bb\u00a0\u00bb row_type=\u00a0\u00bbrow\u00a0\u00bb use_row_as_full_screen_section=\u00a0\u00bbno\u00a0\u00bb type=\u00a0\u00bbfull_width\u00a0\u00bb angled_section=\u00a0\u00bbno\u00a0\u00bb text_align=\u00a0\u00bbleft\u00a0\u00bb background_image_as_pattern=\u00a0\u00bbwithout_pattern\u00a0\u00bb][vc_column][vc_empty_space height=\u00a0\u00bb100px\u00a0\u00bb][\/vc_column][\/vc_row][vc_row css_animation=\u00a0\u00bb\u00a0\u00bb row_type=\u00a0\u00bbrow\u00a0\u00bb use_row_as_full_screen_section=\u00a0\u00bbno\u00a0\u00bb type=\u00a0\u00bbfull_width\u00a0\u00bb angled_section=\u00a0\u00bbno\u00a0\u00bb text_align=\u00a0\u00bbleft\u00a0\u00bb background_image_as_pattern=\u00a0\u00bbwithout_pattern\u00a0\u00bb][vc_column][vc_column_text]<\/p>\n<h3 style=\"text-align: center\">Les engagements de Mindful Art<\/h3>\n<p>[\/vc_column_text][vc_empty_space][vc_column_text]L\u2019intellectualisation de l\u2019Art cr\u00e9e des barri\u00e8res alors que l\u2019art visuel communique de fa\u00e7on efficace \u00e0 tout un chacun par la porte des \u00e9motions, pour peu que nous sachions ouvrir cette porte l\u00e0.<\/p>\n<p>&nbsp;<\/p>\n<p>Cet acc\u00e8s aux \u00e9motions est un chemin n\u00e9cessaire<strong> pour mieux se conna\u00eetre et mieux \u00eatre avec soi et les autres<\/strong>.<br \/>\nMindful Art dans son fonctionnement et dans sa raison d\u2019\u00eatre s\u2019investit \u00e0 d\u00e9velopper une d\u00e9marche RSE et RSO durable et mesurable. Nos engagements permettent :<\/p>\n<p>&nbsp;<\/p>\n<ul id=\"contact\">\n<li>d&rsquo;ouvrir et donner acc\u00e8s \u00e0 l\u2019Art au plus grand nombre<\/li>\n<li>d&rsquo;aiguiser la fonction sensible et \u00e9motionnelle des participants<\/li>\n<li>de cr\u00e9er du lien<\/li>\n<li>d&rsquo;apporter un espace propice \u00e0 l\u2019apaisement et \u00e0 la transition au changement<\/li>\n<li>de transformer les pr\u00e9jug\u00e9s et cr\u00e9er des temps de rencontre transfrontali\u00e8re, transculturelle et transg\u00e9n\u00e9rationnelle.<\/li>\n<\/ul>\n<p>[\/vc_column_text][vc_empty_space height=\u00a0\u00bb100px\u00a0\u00bb][\/vc_column][\/vc_row][vc_row css_animation=\u00a0\u00bb\u00a0\u00bb row_type=\u00a0\u00bbrow\u00a0\u00bb use_row_as_full_screen_section=\u00a0\u00bbno\u00a0\u00bb type=\u00a0\u00bbfull_width\u00a0\u00bb angled_section=\u00a0\u00bbno\u00a0\u00bb text_align=\u00a0\u00bbleft\u00a0\u00bb background_image_as_pattern=\u00a0\u00bbwithout_pattern\u00a0\u00bb][vc_column][vc_video link=\u00a0\u00bbhttps:\/\/www.youtube.com\/watch?v=cu7NRAqxPJY&amp;list=PLM-vu9LVZSkc6PK_OUDttII2L_PKpKwWg&amp;index=4&Prime; align=\u00a0\u00bbcenter\u00a0\u00bb][\/vc_column][\/vc_row][vc_row css_animation=\u00a0\u00bb\u00a0\u00bb row_type=\u00a0\u00bbrow\u00a0\u00bb use_row_as_full_screen_section=\u00a0\u00bbno\u00a0\u00bb type=\u00a0\u00bbfull_width\u00a0\u00bb angled_section=\u00a0\u00bbno\u00a0\u00bb text_align=\u00a0\u00bbleft\u00a0\u00bb background_image_as_pattern=\u00a0\u00bbwithout_pattern\u00a0\u00bb][vc_column width=\u00a0\u00bb1\/2&Prime;]<div class=\"ult-team-member-wrap ult-style-1  \"><div class=\"ult-team-member-image\" style=\"\"> <img decoding=\"async\" class=\"ult-team-grayscale\" src=\"\" alt=\"\"  style=\"\"><span class=\"ult-team-member-image-overlay \"  ><\/span><\/div><div class=\"ult-team-member-bio-wrap style-1 ultimate-heading6a05bc0434bf5\" style=\"text-align:center;; \"><div class=\"ult-team-member-name-wrap\"><h2 class=\"ult-team-member-name ult-responsive\"  data-ultimate-target='.ult-team-member-bio-wrap.ultimate-heading6a05bc0434bf5 .ult-team-member-name'  data-responsive-json-new='{\"font-size\":\"\",\"line-height\":\"\"}'  style=\"\">Mindful Art<\/h2><div class=\"ult-team-member-description ult-responsive\"  data-ultimate-target='.ult-team-member-bio-wrap.ultimate-heading6a05bc0434bf5 .ult-team-member-description'  data-responsive-json-new='{\"font-size\":\"\",\"line-height\":\"\"}'  style=\"\"><p><strong>Marjan Abadie<\/strong><\/p>\n<p><strong><a href=\"mailto:marjan@mindful-art.eu\" target=\"_blank\" rel=\"noopener noreferrer\">marjan@mindful-art.eu<\/a><br \/>\n<\/strong><\/p>\n<p><strong><a href=\"https:\/\/mindful-art.eu\/\" target=\"_blank\" rel=\"noopener noreferrer\">mindful-art.eu<\/a><\/strong><\/p>\n<p><\/p><\/div><div style=\"margin-bottom:15px\"><\/div><div class='ult-social-buttons'><a href='https:\/\/www.instagram.com\/mindfulart_experience\/' target='_blank' rel='noopener' title='Instagram' class='ult-team ult-social-icon' style='font-size:40px ; margin-left:5px;margin-right:5px;;'  data-iconcolor='inherit' data-iconhover='inherit' ><i class='Defaults-instagram'><\/i><\/a><a href='https:\/\/www.linkedin.com\/company\/mindfulart\/' target='_blank' rel='noopener' title='Linkedin' class='ult-team ult-social-icon' style='font-size:40px ; margin-left:5px;margin-right:5px;;'  data-iconcolor='inherit' data-iconhover='inherit' ><i class='Defaults-linkedin-square'><\/i><\/a><a href='https:\/\/www.youtube.com\/channel\/UCEVjHbVj-U187vfofFs9umA' target='_blank' rel='noopener' title='Youtube' class='ult-team ult-social-icon' style='font-size:40px ; margin-left:5px;margin-right:5px;;'  data-iconcolor='inherit' data-iconhover='inherit' ><i class='Defaults-youtube-play'><\/i><\/a><a href='https:\/\/www.facebook.com\/InstitutMindfulnessStressManagement\/' target='_blank' rel='noopener' title='Facebook' class='ult-team ult-social-icon' style='font-size:40px ; margin-left:5px;margin-right:5px;;'  data-iconcolor='inherit' data-iconhover='inherit' ><i class='Defaults-facebook-square'><\/i><\/a><\/div><\/div><\/div><\/div>[\/vc_column][vc_column width=\u00a0\u00bb1\/2&Prime;][vc_empty_space height=\u00a0\u00bb100px\u00a0\u00bb][vc_column_text]<\/p>\n<h2 style=\"text-align: center\"><strong><a href=\"https:\/\/www.eyrolles.com\/Loisirs\/Livre\/mediter-avec-l-art-9782416007064\/\" target=\"_blank\" rel=\"noopener noreferrer\">M\u00e9ditation avec l&rsquo;Art &#8211; Edition Eyrolles\u00a0<\/a><\/strong><\/h2>\n<p><a href=\"https:\/\/www.eyrolles.com\/Loisirs\/Livre\/mediter-avec-l-art-9782416007064\/\" target=\"_blank\" rel=\"noopener noreferrer\"><img fetchpriority=\"high\" decoding=\"async\" class=\"size-medium wp-image-20136 aligncenter\" src=\"https:\/\/www.slow-tourisme-lab.fr\/assets\/uploads\/sites\/50\/2023\/11\/M\u00e9diter-avec-lArt-Edition-Eyrolles-214x300.jpg\" alt=\"\" width=\"214\" height=\"300\" srcset=\"https:\/\/www.slow-tourisme-lab.fr\/assets\/uploads\/sites\/50\/2023\/11\/M\u00e9diter-avec-lArt-Edition-Eyrolles-214x300.jpg 214w, https:\/\/www.slow-tourisme-lab.fr\/assets\/uploads\/sites\/50\/2023\/11\/M\u00e9diter-avec-lArt-Edition-Eyrolles.jpg 290w\" sizes=\"(max-width: 214px) 100vw, 214px\" \/><\/a>[\/vc_column_text][\/vc_column][\/vc_row]<\/p>\n<\/div>","protected":false},"excerpt":{"rendered":"<p>[vc_row css_animation=\u00a0\u00bb\u00a0\u00bb row_type=\u00a0\u00bbrow\u00a0\u00bb use_row_as_full_screen_section=\u00a0\u00bbno\u00a0\u00bb type=\u00a0\u00bbfull_width\u00a0\u00bb angled_section=\u00a0\u00bbno\u00a0\u00bb text_align=\u00a0\u00bbleft\u00a0\u00bb background_image_as_pattern=\u00a0\u00bbwithout_pattern\u00a0\u00bb][vc_column][vc_single_image image=\u00a0\u00bb20362&Prime; img_size=\u00a0\u00bblarge\u00a0\u00bb alignment=\u00a0\u00bbcenter\u00a0\u00bb qode_css_animation=\u00a0\u00bb\u00a0\u00bb][vc_empty_space][vc_column_text] Une rencontre immersive, unique et sensorielle avec l\u2019art [\/vc_column_text][\/vc_column][\/vc_row][vc_row css_animation=\u00a0\u00bb\u00a0\u00bb row_type=\u00a0\u00bbrow\u00a0\u00bb use_row_as_full_screen_section=\u00a0\u00bbno\u00a0\u00bb type=\u00a0\u00bbfull_width\u00a0\u00bb angled_section=\u00a0\u00bbno\u00a0\u00bb text_align=\u00a0\u00bbleft\u00a0\u00bb background_image_as_pattern=\u00a0\u00bbwithout_pattern\u00a0\u00bb][vc_column][vc_empty_space][\/vc_column][\/vc_row][vc_row css_animation=\u00a0\u00bb\u00a0\u00bb row_type=\u00a0\u00bbrow\u00a0\u00bb use_row_as_full_screen_section=\u00a0\u00bbno\u00a0\u00bb type=\u00a0\u00bbfull_width\u00a0\u00bb angled_section=\u00a0\u00bbno\u00a0\u00bb text_align=\u00a0\u00bbleft\u00a0\u00bb background_image_as_pattern=\u00a0\u00bbwithout_pattern\u00a0\u00bb][vc_column width=\u00a0\u00bb1\/4&Prime;][vc_single_image image=\u00a0\u00bb20122&Prime; img_size=\u00a0\u00bbfull\u00a0\u00bb qode_css_animation=\u00a0\u00bb\u00a0\u00bb][vc_empty_space][vc_single_image image=\u00a0\u00bb20124&Prime; img_size=\u00a0\u00bbfull\u00a0\u00bb qode_css_animation=\u00a0\u00bb\u00a0\u00bb][\/vc_column][vc_column width=\u00a0\u00bb3\/4&Prime;][vc_column_text] Prenez le&#8230;<\/p>\n","protected":false},"author":108,"featured_media":20362,"parent":0,"menu_order":0,"comment_status":"closed","ping_status":"closed","template":"","meta":{"footnotes":""},"class_list":["post-18691","page","type-page","status-publish","has-post-thumbnail","hentry"],"yoast_head":"<!-- This site is optimized with the Yoast SEO plugin v26.6 - https:\/\/yoast.com\/wordpress\/plugins\/seo\/ -->\n<title>Mindful Art - Slow Tourisme Lab<\/title>\n<meta name=\"description\" content=\"Mindful Art est une nouvelle mani\u00e8re d\u2019aborder une oeuvre d\u2019art.Mindful Art propose une exp\u00e9rience unique de m\u00e9ditation pleine conscience, de neuroscience, et de po\u00e9sie. Il s\u2019agit d\u2019une approche immersive qui vous accompagne pas \u00e0 pas dans l\u2019exploration des chefs-d\u2019oeuvre, \u00e0 travers l\u2019atmosph\u00e8re qui s\u2019en d\u00e9gage, les sentiments des personnages, la texture des \u00e9toffes\u2026\" \/>\n<meta name=\"robots\" content=\"index, follow, max-snippet:-1, max-image-preview:large, max-video-preview:-1\" \/>\n<link rel=\"canonical\" href=\"https:\/\/www.slow-tourisme-lab.fr\/fr\/mindful-art-2\/\" \/>\n<meta property=\"og:locale\" content=\"fr_FR\" \/>\n<meta property=\"og:type\" content=\"article\" \/>\n<meta property=\"og:title\" content=\"Mindful Art - Slow Tourisme Lab\" \/>\n<meta property=\"og:description\" content=\"Mindful Art est une nouvelle mani\u00e8re d\u2019aborder une oeuvre d\u2019art.Mindful Art propose une exp\u00e9rience unique de m\u00e9ditation pleine conscience, de neuroscience, et de po\u00e9sie. Il s\u2019agit d\u2019une approche immersive qui vous accompagne pas \u00e0 pas dans l\u2019exploration des chefs-d\u2019oeuvre, \u00e0 travers l\u2019atmosph\u00e8re qui s\u2019en d\u00e9gage, les sentiments des personnages, la texture des \u00e9toffes\u2026\" \/>\n<meta property=\"og:url\" content=\"https:\/\/www.slow-tourisme-lab.fr\/fr\/mindful-art-2\/\" \/>\n<meta property=\"og:site_name\" content=\"Slow Tourisme Lab\" \/>\n<meta property=\"article:modified_time\" content=\"2024-03-18T10:48:00+00:00\" \/>\n<meta property=\"og:image\" content=\"https:\/\/www.slow-tourisme-lab.fr\/assets\/uploads\/sites\/50\/2024\/03\/Logo-Mindful-art.jpg\" \/>\n\t<meta property=\"og:image:width\" content=\"300\" \/>\n\t<meta property=\"og:image:height\" content=\"129\" \/>\n\t<meta property=\"og:image:type\" content=\"image\/jpeg\" \/>\n<meta name=\"twitter:card\" content=\"summary_large_image\" \/>\n<meta name=\"twitter:label1\" content=\"Dur\u00e9e de lecture estim\u00e9e\" \/>\n\t<meta name=\"twitter:data1\" content=\"5 minutes\" \/>\n<script type=\"application\/ld+json\" class=\"yoast-schema-graph\">{\"@context\":\"https:\/\/schema.org\",\"@graph\":[{\"@type\":\"WebPage\",\"@id\":\"https:\/\/www.slow-tourisme-lab.fr\/fr\/mindful-art-2\/\",\"url\":\"https:\/\/www.slow-tourisme-lab.fr\/fr\/mindful-art-2\/\",\"name\":\"Mindful Art - Slow Tourisme Lab\",\"isPartOf\":{\"@id\":\"https:\/\/www.slow-tourisme-lab.fr\/fr\/#website\"},\"primaryImageOfPage\":{\"@id\":\"https:\/\/www.slow-tourisme-lab.fr\/fr\/mindful-art-2\/#primaryimage\"},\"image\":{\"@id\":\"https:\/\/www.slow-tourisme-lab.fr\/fr\/mindful-art-2\/#primaryimage\"},\"thumbnailUrl\":\"https:\/\/www.slow-tourisme-lab.fr\/assets\/uploads\/sites\/50\/2024\/03\/Logo-Mindful-art.jpg\",\"datePublished\":\"2021-04-09T09:27:13+00:00\",\"dateModified\":\"2024-03-18T10:48:00+00:00\",\"description\":\"Mindful Art est une nouvelle mani\u00e8re d\u2019aborder une oeuvre d\u2019art.Mindful Art propose une exp\u00e9rience unique de m\u00e9ditation pleine conscience, de neuroscience, et de po\u00e9sie. Il s\u2019agit d\u2019une approche immersive qui vous accompagne pas \u00e0 pas dans l\u2019exploration des chefs-d\u2019oeuvre, \u00e0 travers l\u2019atmosph\u00e8re qui s\u2019en d\u00e9gage, les sentiments des personnages, la texture des \u00e9toffes\u2026\",\"breadcrumb\":{\"@id\":\"https:\/\/www.slow-tourisme-lab.fr\/fr\/mindful-art-2\/#breadcrumb\"},\"inLanguage\":\"fr-FR\",\"potentialAction\":[{\"@type\":\"ReadAction\",\"target\":[\"https:\/\/www.slow-tourisme-lab.fr\/fr\/mindful-art-2\/\"]}]},{\"@type\":\"ImageObject\",\"inLanguage\":\"fr-FR\",\"@id\":\"https:\/\/www.slow-tourisme-lab.fr\/fr\/mindful-art-2\/#primaryimage\",\"url\":\"https:\/\/www.slow-tourisme-lab.fr\/assets\/uploads\/sites\/50\/2024\/03\/Logo-Mindful-art.jpg\",\"contentUrl\":\"https:\/\/www.slow-tourisme-lab.fr\/assets\/uploads\/sites\/50\/2024\/03\/Logo-Mindful-art.jpg\",\"width\":300,\"height\":129},{\"@type\":\"BreadcrumbList\",\"@id\":\"https:\/\/www.slow-tourisme-lab.fr\/fr\/mindful-art-2\/#breadcrumb\",\"itemListElement\":[{\"@type\":\"ListItem\",\"position\":1,\"name\":\"Accueil\",\"item\":\"https:\/\/www.slow-tourisme-lab.fr\/fr\/\"},{\"@type\":\"ListItem\",\"position\":2,\"name\":\"Mindful Art\"}]},{\"@type\":\"WebSite\",\"@id\":\"https:\/\/www.slow-tourisme-lab.fr\/fr\/#website\",\"url\":\"https:\/\/www.slow-tourisme-lab.fr\/fr\/\",\"name\":\"Slow Tourisme Lab\",\"description\":\"Un accompagnement pour l'innovation touristique durable\",\"potentialAction\":[{\"@type\":\"SearchAction\",\"target\":{\"@type\":\"EntryPoint\",\"urlTemplate\":\"https:\/\/www.slow-tourisme-lab.fr\/fr\/?s={search_term_string}\"},\"query-input\":{\"@type\":\"PropertyValueSpecification\",\"valueRequired\":true,\"valueName\":\"search_term_string\"}}],\"inLanguage\":\"fr-FR\"}]}<\/script>\n<!-- \/ Yoast SEO plugin. -->","yoast_head_json":{"title":"Mindful Art - Slow Tourisme Lab","description":"Mindful Art est une nouvelle mani\u00e8re d\u2019aborder une oeuvre d\u2019art.Mindful Art propose une exp\u00e9rience unique de m\u00e9ditation pleine conscience, de neuroscience, et de po\u00e9sie. Il s\u2019agit d\u2019une approche immersive qui vous accompagne pas \u00e0 pas dans l\u2019exploration des chefs-d\u2019oeuvre, \u00e0 travers l\u2019atmosph\u00e8re qui s\u2019en d\u00e9gage, les sentiments des personnages, la texture des \u00e9toffes\u2026","robots":{"index":"index","follow":"follow","max-snippet":"max-snippet:-1","max-image-preview":"max-image-preview:large","max-video-preview":"max-video-preview:-1"},"canonical":"https:\/\/www.slow-tourisme-lab.fr\/fr\/mindful-art-2\/","og_locale":"fr_FR","og_type":"article","og_title":"Mindful Art - Slow Tourisme Lab","og_description":"Mindful Art est une nouvelle mani\u00e8re d\u2019aborder une oeuvre d\u2019art.Mindful Art propose une exp\u00e9rience unique de m\u00e9ditation pleine conscience, de neuroscience, et de po\u00e9sie. Il s\u2019agit d\u2019une approche immersive qui vous accompagne pas \u00e0 pas dans l\u2019exploration des chefs-d\u2019oeuvre, \u00e0 travers l\u2019atmosph\u00e8re qui s\u2019en d\u00e9gage, les sentiments des personnages, la texture des \u00e9toffes\u2026","og_url":"https:\/\/www.slow-tourisme-lab.fr\/fr\/mindful-art-2\/","og_site_name":"Slow Tourisme Lab","article_modified_time":"2024-03-18T10:48:00+00:00","og_image":[{"width":300,"height":129,"url":"https:\/\/www.slow-tourisme-lab.fr\/assets\/uploads\/sites\/50\/2024\/03\/Logo-Mindful-art.jpg","type":"image\/jpeg"}],"twitter_card":"summary_large_image","twitter_misc":{"Dur\u00e9e de lecture estim\u00e9e":"5 minutes"},"schema":{"@context":"https:\/\/schema.org","@graph":[{"@type":"WebPage","@id":"https:\/\/www.slow-tourisme-lab.fr\/fr\/mindful-art-2\/","url":"https:\/\/www.slow-tourisme-lab.fr\/fr\/mindful-art-2\/","name":"Mindful Art - Slow Tourisme Lab","isPartOf":{"@id":"https:\/\/www.slow-tourisme-lab.fr\/fr\/#website"},"primaryImageOfPage":{"@id":"https:\/\/www.slow-tourisme-lab.fr\/fr\/mindful-art-2\/#primaryimage"},"image":{"@id":"https:\/\/www.slow-tourisme-lab.fr\/fr\/mindful-art-2\/#primaryimage"},"thumbnailUrl":"https:\/\/www.slow-tourisme-lab.fr\/assets\/uploads\/sites\/50\/2024\/03\/Logo-Mindful-art.jpg","datePublished":"2021-04-09T09:27:13+00:00","dateModified":"2024-03-18T10:48:00+00:00","description":"Mindful Art est une nouvelle mani\u00e8re d\u2019aborder une oeuvre d\u2019art.Mindful Art propose une exp\u00e9rience unique de m\u00e9ditation pleine conscience, de neuroscience, et de po\u00e9sie. Il s\u2019agit d\u2019une approche immersive qui vous accompagne pas \u00e0 pas dans l\u2019exploration des chefs-d\u2019oeuvre, \u00e0 travers l\u2019atmosph\u00e8re qui s\u2019en d\u00e9gage, les sentiments des personnages, la texture des \u00e9toffes\u2026","breadcrumb":{"@id":"https:\/\/www.slow-tourisme-lab.fr\/fr\/mindful-art-2\/#breadcrumb"},"inLanguage":"fr-FR","potentialAction":[{"@type":"ReadAction","target":["https:\/\/www.slow-tourisme-lab.fr\/fr\/mindful-art-2\/"]}]},{"@type":"ImageObject","inLanguage":"fr-FR","@id":"https:\/\/www.slow-tourisme-lab.fr\/fr\/mindful-art-2\/#primaryimage","url":"https:\/\/www.slow-tourisme-lab.fr\/assets\/uploads\/sites\/50\/2024\/03\/Logo-Mindful-art.jpg","contentUrl":"https:\/\/www.slow-tourisme-lab.fr\/assets\/uploads\/sites\/50\/2024\/03\/Logo-Mindful-art.jpg","width":300,"height":129},{"@type":"BreadcrumbList","@id":"https:\/\/www.slow-tourisme-lab.fr\/fr\/mindful-art-2\/#breadcrumb","itemListElement":[{"@type":"ListItem","position":1,"name":"Accueil","item":"https:\/\/www.slow-tourisme-lab.fr\/fr\/"},{"@type":"ListItem","position":2,"name":"Mindful Art"}]},{"@type":"WebSite","@id":"https:\/\/www.slow-tourisme-lab.fr\/fr\/#website","url":"https:\/\/www.slow-tourisme-lab.fr\/fr\/","name":"Slow Tourisme Lab","description":"Un accompagnement pour l'innovation touristique durable","potentialAction":[{"@type":"SearchAction","target":{"@type":"EntryPoint","urlTemplate":"https:\/\/www.slow-tourisme-lab.fr\/fr\/?s={search_term_string}"},"query-input":{"@type":"PropertyValueSpecification","valueRequired":true,"valueName":"search_term_string"}}],"inLanguage":"fr-FR"}]}},"_links":{"self":[{"href":"https:\/\/www.slow-tourisme-lab.fr\/fr\/wp-json\/wp\/v2\/pages\/18691\/"}],"collection":[{"href":"https:\/\/www.slow-tourisme-lab.fr\/fr\/wp-json\/wp\/v2\/pages\/"}],"about":[{"href":"https:\/\/www.slow-tourisme-lab.fr\/fr\/wp-json\/wp\/v2\/types\/page\/"}],"author":[{"embeddable":true,"href":"https:\/\/www.slow-tourisme-lab.fr\/fr\/wp-json\/wp\/v2\/users\/108\/"}],"replies":[{"embeddable":true,"href":"https:\/\/www.slow-tourisme-lab.fr\/fr\/wp-json\/wp\/v2\/comments\/?post=18691"}],"version-history":[{"count":6,"href":"https:\/\/www.slow-tourisme-lab.fr\/fr\/wp-json\/wp\/v2\/pages\/18691\/revisions\/"}],"predecessor-version":[{"id":20364,"href":"https:\/\/www.slow-tourisme-lab.fr\/fr\/wp-json\/wp\/v2\/pages\/18691\/revisions\/20364\/"}],"wp:featuredmedia":[{"embeddable":true,"href":"https:\/\/www.slow-tourisme-lab.fr\/fr\/wp-json\/wp\/v2\/media\/20362\/"}],"wp:attachment":[{"href":"https:\/\/www.slow-tourisme-lab.fr\/fr\/wp-json\/wp\/v2\/media\/?parent=18691"}],"curies":[{"name":"wp","href":"https:\/\/api.w.org\/{rel}","templated":true}]}}