{"id":18562,"date":"2021-04-06T09:40:09","date_gmt":"2021-04-06T07:40:09","guid":{"rendered":"https:\/\/www.slow-tourisme-lab.fr\/?page_id=18562"},"modified":"2021-05-05T16:57:16","modified_gmt":"2021-05-05T14:57:16","slug":"applications-mobiles-numeriques","status":"publish","type":"page","link":"https:\/\/www.slow-tourisme-lab.fr\/fr\/applications-mobiles-numeriques\/","title":{"rendered":"Applications Mobiles &amp; High Tech"},"content":{"rendered":"<div class=\"wpb-content-wrapper\"><p>[vc_row css_animation=\u00a0\u00bb\u00a0\u00bb row_type=\u00a0\u00bbrow\u00a0\u00bb use_row_as_full_screen_section=\u00a0\u00bbno\u00a0\u00bb type=\u00a0\u00bbfull_width\u00a0\u00bb angled_section=\u00a0\u00bbno\u00a0\u00bb text_align=\u00a0\u00bbleft\u00a0\u00bb background_image_as_pattern=\u00a0\u00bbwithout_pattern\u00a0\u00bb][vc_column][vc_empty_space][\/vc_column][\/vc_row][vc_row css_animation=\u00a0\u00bb\u00a0\u00bb row_type=\u00a0\u00bbrow\u00a0\u00bb use_row_as_full_screen_section=\u00a0\u00bbno\u00a0\u00bb type=\u00a0\u00bbfull_width\u00a0\u00bb angled_section=\u00a0\u00bbno\u00a0\u00bb text_align=\u00a0\u00bbleft\u00a0\u00bb background_image_as_pattern=\u00a0\u00bbwithout_pattern\u00a0\u00bb][vc_column width=\u00a0\u00bb1\/3&Prime;][vc_single_image image=\u00a0\u00bb18518&Prime; alignment=\u00a0\u00bbcenter\u00a0\u00bb onclick=\u00a0\u00bbcustom_link\u00a0\u00bb img_link_target=\u00a0\u00bb_blank\u00a0\u00bb qode_css_animation=\u00a0\u00bb\u00a0\u00bb link=\u00a0\u00bbhttps:\/\/www.slow-tourisme-lab.fr\/fr\/illicco\/\u00a0\u00bb][vc_empty_space][vc_column_text]<\/p>\n<h2><a href=\"https:\/\/www.slow-tourisme-lab.fr\/fr\/illicco\/\" target=\"_blank\" rel=\"noopener noreferrer\">Louco<\/a><\/h2>\n<p>&nbsp;<\/p>\n<p>C\u2019est un service de livraison de produits locaux et d\u00e9sormais de menus et plats de restaurateurs. Les commer\u00e7ants partenaires saisissent leurs produits du moment dans le catalogue digitalis\u00e9 et les rendent instantan\u00e9ment accessibles \u00e0 l\u2019achat depuis l\u2019application. Les clients passent ensuite leur commande et re\u00e7oivent le panier ou leur menu directement chez eux.[\/vc_column_text][\/vc_column][vc_column width=\u00a0\u00bb1\/3&Prime;][vc_single_image image=\u00a0\u00bb18323&Prime; alignment=\u00a0\u00bbcenter\u00a0\u00bb onclick=\u00a0\u00bbcustom_link\u00a0\u00bb img_link_target=\u00a0\u00bb_blank\u00a0\u00bb qode_css_animation=\u00a0\u00bb\u00a0\u00bb link=\u00a0\u00bbhttps:\/\/www.slow-tourisme-lab.fr\/fr\/le-siestard\/\u00a0\u00bb][vc_empty_space][vc_column_text]<\/p>\n<h2><a href=\"https:\/\/www.slow-tourisme-lab.fr\/fr\/le-siestard\/\" target=\"_blank\" rel=\"noopener noreferrer\">Le Siestard<\/a><\/h2>\n<p>&nbsp;<\/p>\n<p>La premi\u00e8re application d\u00e9di\u00e9e au bien-\u00eatre nomade. Intuitivit\u00e9 et gain de temps pour tous. Dot\u00e9e d&rsquo;un syst\u00e8me de g\u00e9olocalisation pour permettre de trouver rapidement des lieux reposants et des commerces de proximit\u00e9 dans toute la France.[\/vc_column_text][\/vc_column][vc_column width=\u00a0\u00bb1\/3&Prime;][vc_single_image image=\u00a0\u00bb18098&Prime; alignment=\u00a0\u00bbcenter\u00a0\u00bb onclick=\u00a0\u00bbcustom_link\u00a0\u00bb img_link_target=\u00a0\u00bb_blank\u00a0\u00bb qode_css_animation=\u00a0\u00bb\u00a0\u00bb link=\u00a0\u00bbhttps:\/\/www.slow-tourisme-lab.fr\/fr\/litinerante\/\u00a0\u00bb][vc_empty_space][vc_column_text]<\/p>\n<div class=\"uvc-sub-heading ult-responsive\" data-ultimate-target=\".uvc-heading.ultimate-heading-6796061c40e3c454 .uvc-sub-heading \" data-responsive-json-new=\"{&quot;font-size&quot;:&quot;&quot;,&quot;line-height&quot;:&quot;&quot;}\">\n<h2 style=\"text-align: left\"><a href=\"https:\/\/www.slow-tourisme-lab.fr\/fr\/litinerante\/\" target=\"_blank\" rel=\"noopener noreferrer\">L\u2019itin\u00e9rante<\/a><\/h2>\n<\/div>\n<p>&nbsp;<\/p>\n<p>Imagin\u00e9e par un collectif compos\u00e9 de professionnels de l&rsquo;image, du num\u00e9rique et du storytelling, son but est de proposer aux collectivit\u00e9s et aux entreprises une approche \u00e0 la fois ludique et interactive dans la fa\u00e7on de valoriser leur patrimoine, leurs savoir-faire, ou d&rsquo;animer leur territoire.[\/vc_column_text][\/vc_column][\/vc_row][vc_row css_animation=\u00a0\u00bb\u00a0\u00bb row_type=\u00a0\u00bbrow\u00a0\u00bb use_row_as_full_screen_section=\u00a0\u00bbno\u00a0\u00bb type=\u00a0\u00bbfull_width\u00a0\u00bb angled_section=\u00a0\u00bbno\u00a0\u00bb text_align=\u00a0\u00bbleft\u00a0\u00bb background_image_as_pattern=\u00a0\u00bbwithout_pattern\u00a0\u00bb][vc_column][vc_empty_space height=\u00a0\u00bb100px\u00a0\u00bb][\/vc_column][\/vc_row][vc_row css_animation=\u00a0\u00bb\u00a0\u00bb row_type=\u00a0\u00bbrow\u00a0\u00bb use_row_as_full_screen_section=\u00a0\u00bbno\u00a0\u00bb type=\u00a0\u00bbfull_width\u00a0\u00bb angled_section=\u00a0\u00bbno\u00a0\u00bb text_align=\u00a0\u00bbleft\u00a0\u00bb background_image_as_pattern=\u00a0\u00bbwithout_pattern\u00a0\u00bb][vc_column width=\u00a0\u00bb1\/3&Prime;][vc_single_image image=\u00a0\u00bb17230&Prime; alignment=\u00a0\u00bbcenter\u00a0\u00bb onclick=\u00a0\u00bbcustom_link\u00a0\u00bb img_link_target=\u00a0\u00bb_blank\u00a0\u00bb qode_css_animation=\u00a0\u00bb\u00a0\u00bb link=\u00a0\u00bbhttps:\/\/www.slow-tourisme-lab.fr\/fr\/energy-bank\/\u00a0\u00bb][vc_empty_space][vc_column_text]<\/p>\n<h2 style=\"text-align: left\"><a href=\"https:\/\/www.slow-tourisme-lab.fr\/fr\/energy-bank\/\" target=\"_blank\" rel=\"noopener noreferrer\">Energy Bank<\/a><\/h2>\n<p>&nbsp;<\/p>\n<div class=\"wpb_text_column wpb_content_element \">\n<div class=\"wpb_wrapper\">\n<p>Chargez, Bougez, Profitez. Ne plus avoir de batterie ne sera plus jamais un probl\u00e8me. Nous proposons un service de location de batteries externes en time sharing pour les entreprises, professionnels et collectivit\u00e9s, dans l\u2019int\u00e9r\u00eat de tous les utilisateurs de smartphones.<\/p>\n<\/div>\n<\/div>\n<div class=\"vc_empty_space\"><\/div>\n<p>[\/vc_column_text][\/vc_column][vc_column width=\u00a0\u00bb1\/3&Prime;][vc_single_image image=\u00a0\u00bb16103&Prime; img_size=\u00a0\u00bbmedium\u00a0\u00bb alignment=\u00a0\u00bbcenter\u00a0\u00bb onclick=\u00a0\u00bbcustom_link\u00a0\u00bb img_link_target=\u00a0\u00bb_blank\u00a0\u00bb qode_css_animation=\u00a0\u00bb\u00a0\u00bb link=\u00a0\u00bbhttps:\/\/www.slow-tourisme-lab.fr\/fr\/fair-trip\/\u00a0\u00bb][vc_empty_space][vc_empty_space][vc_column_text]<\/p>\n<h2 style=\"text-align: left\"><a href=\"https:\/\/www.slow-tourisme-lab.fr\/fr\/fair-trip\/\" target=\"_blank\" rel=\"noopener noreferrer\">FairTrip<\/a><\/h2>\n<p>&nbsp;<\/p>\n<p>FairTrip donne \u00e0 chacun la possibilit\u00e9 d\u2019acc\u00e9der facilement \u00e0 un tourisme et une consommation \u00e9quitables et durables, via une application collaborative permettant de partager de nouveaux lieux en un clic et r\u00e9f\u00e9ren\u00e7ant des \u00e9tablissements engag\u00e9s.[\/vc_column_text][\/vc_column][vc_column width=\u00a0\u00bb1\/3&Prime;][vc_single_image image=\u00a0\u00bb17239&Prime; img_size=\u00a0\u00bbmedium\u00a0\u00bb alignment=\u00a0\u00bbcenter\u00a0\u00bb onclick=\u00a0\u00bbcustom_link\u00a0\u00bb img_link_target=\u00a0\u00bb_blank\u00a0\u00bb qode_css_animation=\u00a0\u00bb\u00a0\u00bb link=\u00a0\u00bbhttps:\/\/www.slow-tourisme-lab.fr\/fr\/goldenap\/\u00a0\u00bb][vc_empty_space][vc_empty_space][vc_column_text]<\/p>\n<h2 style=\"text-align: left\"><a href=\"https:\/\/www.slow-tourisme-lab.fr\/fr\/goldenap\/\" target=\"_blank\" rel=\"noopener noreferrer\">GoldenAp\u2019<\/a><\/h2>\n<p>&nbsp;<\/p>\n<div class=\"wpb_text_column wpb_content_element \">\n<div class=\"wpb_wrapper\">\n<p>R\u00e9enchanter l\u2019exp\u00e9rience publicitaire avec une interface ludique et attractive. GoldenAp\u2019 est un quiz gratuit par s\u00e9ries de 5 questions. R\u00e9ponds \u00e0 une s\u00e9rie sans faire de faute pour la remporter. Les Quiz sont une mani\u00e8re ludique de tester tes connaissances sur les \u00e9v\u00e9nements culturels et sportifs, les destinations du moment ou<br \/>\nles marques qui t&rsquo;int\u00e9ressent.<\/p>\n<\/div>\n<\/div>\n<div class=\"vc_empty_space\"><\/div>\n<p>[\/vc_column_text][\/vc_column][\/vc_row][vc_row css_animation=\u00a0\u00bb\u00a0\u00bb row_type=\u00a0\u00bbrow\u00a0\u00bb use_row_as_full_screen_section=\u00a0\u00bbno\u00a0\u00bb type=\u00a0\u00bbfull_width\u00a0\u00bb angled_section=\u00a0\u00bbno\u00a0\u00bb text_align=\u00a0\u00bbleft\u00a0\u00bb background_image_as_pattern=\u00a0\u00bbwithout_pattern\u00a0\u00bb][vc_column][vc_empty_space height=\u00a0\u00bb100px\u00a0\u00bb][\/vc_column][\/vc_row][vc_row css_animation=\u00a0\u00bb\u00a0\u00bb row_type=\u00a0\u00bbrow\u00a0\u00bb use_row_as_full_screen_section=\u00a0\u00bbno\u00a0\u00bb type=\u00a0\u00bbfull_width\u00a0\u00bb angled_section=\u00a0\u00bbno\u00a0\u00bb text_align=\u00a0\u00bbleft\u00a0\u00bb background_image_as_pattern=\u00a0\u00bbwithout_pattern\u00a0\u00bb][vc_column width=\u00a0\u00bb1\/3&Prime;][vc_single_image image=\u00a0\u00bb16393&Prime; img_size=\u00a0\u00bbmedium\u00a0\u00bb alignment=\u00a0\u00bbcenter\u00a0\u00bb onclick=\u00a0\u00bbcustom_link\u00a0\u00bb img_link_target=\u00a0\u00bb_blank\u00a0\u00bb qode_css_animation=\u00a0\u00bb\u00a0\u00bb link=\u00a0\u00bbhttps:\/\/www.slow-tourisme-lab.fr\/fr\/my-e-motion-card\/\u00a0\u00bb][vc_empty_space][vc_empty_space][vc_column_text]<\/p>\n<h2 style=\"text-align: left\"><a href=\"https:\/\/www.slow-tourisme-lab.fr\/fr\/my-e-motion-card\/\" target=\"_blank\" rel=\"noopener noreferrer\">My e Motion Card<\/a><\/h2>\n<p>&nbsp;<\/p>\n<div class=\"wpb_text_column wpb_content_element \">\n<div class=\"wpb_wrapper\">\n<p>Cette application vous permet l\u2019envoi de carte postale vid\u00e9o via votre smartphone. Le destinataire re\u00e7oit donc sa carte avec un DVD gr\u00e2ce auquel il pourra visualiser la vid\u00e9o. My e Motion Card permet une exp\u00e9rience diff\u00e9rente de la communication entre proche.<\/p>\n<\/div>\n<\/div>\n<div class=\"vc_empty_space\"><\/div>\n<p>[\/vc_column_text][\/vc_column][vc_column width=\u00a0\u00bb1\/3&Prime;][vc_single_image image=\u00a0\u00bb18135&Prime; img_size=\u00a0\u00bbmedium\u00a0\u00bb alignment=\u00a0\u00bbcenter\u00a0\u00bb onclick=\u00a0\u00bbcustom_link\u00a0\u00bb img_link_target=\u00a0\u00bb_blank\u00a0\u00bb qode_css_animation=\u00a0\u00bb\u00a0\u00bb link=\u00a0\u00bbhttps:\/\/www.slow-tourisme-lab.fr\/fr\/vir-360\/\u00a0\u00bb][vc_column_text]<\/p>\n<h2 style=\"text-align: left\"><a href=\"https:\/\/www.slow-tourisme-lab.fr\/fr\/vir-360\/\" target=\"_blank\" rel=\"noopener noreferrer\">Vir360<\/a><\/h2>\n<p>&nbsp;<\/p>\n<p>V.I.R 360 est sp\u00e9cialis\u00e9 dans la r\u00e9alisation de panoramas sph\u00e9riques 360\u00b0, aussi bien en photo qu\u2019en vid\u00e9o. C\u2019est \u00e0 dire la r\u00e9alisation de vid\u00e9os immersives \u00e0 360\u00b0, ainsi que des visites virtuelles interactives. Cette technologie est id\u00e9ale pour montrer des lieux et \u00ab voyager \u00bb d\u2019un endroit \u00e0 un autre.[\/vc_column_text][\/vc_column][vc_column width=\u00a0\u00bb1\/3&Prime;][vc_single_image image=\u00a0\u00bb18699&Prime; alignment=\u00a0\u00bbcenter\u00a0\u00bb onclick=\u00a0\u00bbcustom_link\u00a0\u00bb img_link_target=\u00a0\u00bb_blank\u00a0\u00bb qode_css_animation=\u00a0\u00bb\u00a0\u00bb link=\u00a0\u00bbhttps:\/\/www.slow-tourisme-lab.fr\/fr\/arture\/\u00a0\u00bb][vc_empty_space][vc_empty_space][vc_column_text]<\/p>\n<h2><a href=\"https:\/\/www.slow-tourisme-lab.fr\/fr\/arture\/\" target=\"_blank\" rel=\"noopener noreferrer\">Arture<\/a><\/h2>\n<p>&nbsp;<\/p>\n<p>Une application interactive au service de la culture. Arture permet de (re)d\u00e9couvrir une \u0153uvre d\u2019art dans ses moindres d\u00e9tails. L\u2019application permet d\u2019approfondir ses connaissances sur plus de 10 000 \u0153uvres d\u2019art. Les \u0153uvres viennent de 20 mus\u00e9es internationaux. Gr\u00e2ce \u00e0 Arture d\u00e9couvrez des artistes et leurs travaux, des<br \/>\ncollections, des mouvements&#8230;[\/vc_column_text][\/vc_column][\/vc_row][vc_row css_animation=\u00a0\u00bb\u00a0\u00bb row_type=\u00a0\u00bbrow\u00a0\u00bb use_row_as_full_screen_section=\u00a0\u00bbno\u00a0\u00bb type=\u00a0\u00bbfull_width\u00a0\u00bb angled_section=\u00a0\u00bbno\u00a0\u00bb text_align=\u00a0\u00bbleft\u00a0\u00bb background_image_as_pattern=\u00a0\u00bbwithout_pattern\u00a0\u00bb][vc_column][vc_empty_space height=\u00a0\u00bb100px\u00a0\u00bb][\/vc_column][\/vc_row][vc_row css_animation=\u00a0\u00bb\u00a0\u00bb row_type=\u00a0\u00bbrow\u00a0\u00bb use_row_as_full_screen_section=\u00a0\u00bbno\u00a0\u00bb type=\u00a0\u00bbfull_width\u00a0\u00bb angled_section=\u00a0\u00bbno\u00a0\u00bb text_align=\u00a0\u00bbleft\u00a0\u00bb background_image_as_pattern=\u00a0\u00bbwithout_pattern\u00a0\u00bb][vc_column width=\u00a0\u00bb1\/3&Prime;][vc_single_image image=\u00a0\u00bb18047&Prime; alignment=\u00a0\u00bbcenter\u00a0\u00bb onclick=\u00a0\u00bbcustom_link\u00a0\u00bb img_link_target=\u00a0\u00bb_blank\u00a0\u00bb qode_css_animation=\u00a0\u00bb\u00a0\u00bb link=\u00a0\u00bbhttps:\/\/www.slow-tourisme-lab.fr\/fr\/h64\/\u00a0\u00bb][vc_empty_space][vc_column_text]<\/p>\n<h2 style=\"text-align: left\"><a href=\"https:\/\/www.slow-tourisme-lab.fr\/fr\/h64\/\" target=\"_blank\" rel=\"noopener noreferrer\">H64<\/a><\/h2>\n<p>&nbsp;<\/p>\n<p>H64 est une \u00e9quipe de d\u00e9veloppeurs passionn\u00e9s par le potentiel illimit\u00e9 de la technologie Blockchain pour la gestion des activit\u00e9s de tous les secteurs de l\u2019\u00e9conomie : banque, assurance, transport, agroalimentaire, \u00e9nergie, tourisme.[\/vc_column_text][\/vc_column][vc_column width=\u00a0\u00bb1\/3&Prime;][vc_single_image image=\u00a0\u00bb16259&Prime; img_size=\u00a0\u00bbmedium\u00a0\u00bb alignment=\u00a0\u00bbcenter\u00a0\u00bb onclick=\u00a0\u00bbcustom_link\u00a0\u00bb img_link_target=\u00a0\u00bb_blank\u00a0\u00bb qode_css_animation=\u00a0\u00bb\u00a0\u00bb link=\u00a0\u00bbhttps:\/\/www.slow-tourisme-lab.fr\/fr\/moodyx\/\u00a0\u00bb][vc_empty_space][vc_empty_space][vc_column_text]<\/p>\n<h2 style=\"text-align: left\"><a href=\"https:\/\/www.slow-tourisme-lab.fr\/fr\/moodyx\/\" target=\"_blank\" rel=\"noopener noreferrer\">Moodyx<\/a><\/h2>\n<p>&nbsp;<\/p>\n<p>Selon vos humeurs et votre situation, Moodyx propose toute une pl\u00e9iade d\u2019\u00e9v\u00e9nements, id\u00e9es de sorties et activit\u00e9s dans l\u2019Aube en Champagne. Moodyx fait gagner du temps \u00e0 l&rsquo;utilisateur pour trouver une activit\u00e9 ou un restaurant en adaptant sans cesse son catalogue.[\/vc_column_text][\/vc_column][vc_column width=\u00a0\u00bb1\/3&Prime;][vc_single_image image=\u00a0\u00bb18725&Prime; alignment=\u00a0\u00bbcenter\u00a0\u00bb onclick=\u00a0\u00bbcustom_link\u00a0\u00bb img_link_target=\u00a0\u00bb_blank\u00a0\u00bb qode_css_animation=\u00a0\u00bb\u00a0\u00bb link=\u00a0\u00bbhttps:\/\/www.slow-tourisme-lab.fr\/fr\/triplan\/\u00a0\u00bb][vc_empty_space][vc_column_text]<\/p>\n<h2><a href=\"https:\/\/www.slow-tourisme-lab.fr\/fr\/triplan\/\" target=\"_blank\" rel=\"noopener noreferrer\">Triplan<\/a><\/h2>\n<p>&nbsp;<\/p>\n<p>Vous n\u2019avez pas le temps ou l\u2019envie d\u2019organiser votre prochain voyage, Triplan le fait pour vous\u2026 et gratuitement. Triplan est une application qui cr\u00e9\u00e9e des parcours automatis\u00e9s selon vos envies. Il vous organise un voyage complet et personnalis\u00e9 : attractions, activit\u00e9s, visites et restaurants.[\/vc_column_text][\/vc_column][\/vc_row]<\/p>\n<\/div>","protected":false},"excerpt":{"rendered":"<p>[vc_row css_animation=\u00a0\u00bb\u00a0\u00bb row_type=\u00a0\u00bbrow\u00a0\u00bb use_row_as_full_screen_section=\u00a0\u00bbno\u00a0\u00bb type=\u00a0\u00bbfull_width\u00a0\u00bb angled_section=\u00a0\u00bbno\u00a0\u00bb text_align=\u00a0\u00bbleft\u00a0\u00bb background_image_as_pattern=\u00a0\u00bbwithout_pattern\u00a0\u00bb][vc_column][vc_empty_space][\/vc_column][\/vc_row][vc_row css_animation=\u00a0\u00bb\u00a0\u00bb row_type=\u00a0\u00bbrow\u00a0\u00bb use_row_as_full_screen_section=\u00a0\u00bbno\u00a0\u00bb type=\u00a0\u00bbfull_width\u00a0\u00bb angled_section=\u00a0\u00bbno\u00a0\u00bb text_align=\u00a0\u00bbleft\u00a0\u00bb background_image_as_pattern=\u00a0\u00bbwithout_pattern\u00a0\u00bb][vc_column width=\u00a0\u00bb1\/3&Prime;][vc_single_image image=\u00a0\u00bb18518&Prime; alignment=\u00a0\u00bbcenter\u00a0\u00bb onclick=\u00a0\u00bbcustom_link\u00a0\u00bb img_link_target=\u00a0\u00bb_blank\u00a0\u00bb qode_css_animation=\u00a0\u00bb\u00a0\u00bb link=\u00a0\u00bbhttps:\/\/www.slow-tourisme-lab.fr\/fr\/illicco\/\u00a0\u00bb][vc_empty_space][vc_column_text] Louco &nbsp; C\u2019est un service de livraison de produits locaux et d\u00e9sormais de menus et plats de restaurateurs. Les commer\u00e7ants partenaires saisissent leurs&#8230;<\/p>\n","protected":false},"author":108,"featured_media":0,"parent":0,"menu_order":0,"comment_status":"closed","ping_status":"closed","template":"","meta":{"footnotes":""},"class_list":["post-18562","page","type-page","status-publish","hentry"],"yoast_head":"<!-- This site is optimized with the Yoast SEO plugin v26.6 - https:\/\/yoast.com\/wordpress\/plugins\/seo\/ -->\n<title>Applications Mobiles &amp; High Tech - Slow Tourisme Lab<\/title>\n<meta name=\"robots\" content=\"index, follow, max-snippet:-1, max-image-preview:large, max-video-preview:-1\" \/>\n<link rel=\"canonical\" href=\"https:\/\/www.slow-tourisme-lab.fr\/fr\/applications-mobiles-numeriques\/\" \/>\n<meta property=\"og:locale\" content=\"fr_FR\" \/>\n<meta property=\"og:type\" content=\"article\" \/>\n<meta property=\"og:title\" content=\"Applications Mobiles &amp; High Tech - Slow Tourisme Lab\" \/>\n<meta property=\"og:description\" content=\"[vc_row css_animation=\u00a0\u00bb\u00a0\u00bb row_type=\u00a0\u00bbrow\u00a0\u00bb use_row_as_full_screen_section=\u00a0\u00bbno\u00a0\u00bb type=\u00a0\u00bbfull_width\u00a0\u00bb angled_section=\u00a0\u00bbno\u00a0\u00bb text_align=\u00a0\u00bbleft\u00a0\u00bb background_image_as_pattern=\u00a0\u00bbwithout_pattern\u00a0\u00bb][vc_column][vc_empty_space][\/vc_column][\/vc_row][vc_row css_animation=\u00a0\u00bb\u00a0\u00bb row_type=\u00a0\u00bbrow\u00a0\u00bb use_row_as_full_screen_section=\u00a0\u00bbno\u00a0\u00bb type=\u00a0\u00bbfull_width\u00a0\u00bb angled_section=\u00a0\u00bbno\u00a0\u00bb text_align=\u00a0\u00bbleft\u00a0\u00bb background_image_as_pattern=\u00a0\u00bbwithout_pattern\u00a0\u00bb][vc_column width=\u00a0\u00bb1\/3&Prime;][vc_single_image image=\u00a0\u00bb18518&Prime; alignment=\u00a0\u00bbcenter\u00a0\u00bb onclick=\u00a0\u00bbcustom_link\u00a0\u00bb img_link_target=\u00a0\u00bb_blank\u00a0\u00bb qode_css_animation=\u00a0\u00bb\u00a0\u00bb link=\u00a0\u00bbhttps:\/\/www.slow-tourisme-lab.fr\/fr\/illicco\/\u00a0\u00bb][vc_empty_space][vc_column_text] Louco &nbsp; C\u2019est un service de livraison de produits locaux et d\u00e9sormais de menus et plats de restaurateurs. Les commer\u00e7ants partenaires saisissent leurs...\" \/>\n<meta property=\"og:url\" content=\"https:\/\/www.slow-tourisme-lab.fr\/fr\/applications-mobiles-numeriques\/\" \/>\n<meta property=\"og:site_name\" content=\"Slow Tourisme Lab\" \/>\n<meta property=\"article:modified_time\" content=\"2021-05-05T14:57:16+00:00\" \/>\n<meta name=\"twitter:card\" content=\"summary_large_image\" \/>\n<meta name=\"twitter:label1\" content=\"Dur\u00e9e de lecture estim\u00e9e\" \/>\n\t<meta name=\"twitter:data1\" content=\"7 minutes\" \/>\n<script type=\"application\/ld+json\" class=\"yoast-schema-graph\">{\"@context\":\"https:\/\/schema.org\",\"@graph\":[{\"@type\":\"WebPage\",\"@id\":\"https:\/\/www.slow-tourisme-lab.fr\/fr\/applications-mobiles-numeriques\/\",\"url\":\"https:\/\/www.slow-tourisme-lab.fr\/fr\/applications-mobiles-numeriques\/\",\"name\":\"Applications Mobiles &amp; High Tech - Slow Tourisme Lab\",\"isPartOf\":{\"@id\":\"https:\/\/www.slow-tourisme-lab.fr\/fr\/#website\"},\"datePublished\":\"2021-04-06T07:40:09+00:00\",\"dateModified\":\"2021-05-05T14:57:16+00:00\",\"breadcrumb\":{\"@id\":\"https:\/\/www.slow-tourisme-lab.fr\/fr\/applications-mobiles-numeriques\/#breadcrumb\"},\"inLanguage\":\"fr-FR\",\"potentialAction\":[{\"@type\":\"ReadAction\",\"target\":[\"https:\/\/www.slow-tourisme-lab.fr\/fr\/applications-mobiles-numeriques\/\"]}]},{\"@type\":\"BreadcrumbList\",\"@id\":\"https:\/\/www.slow-tourisme-lab.fr\/fr\/applications-mobiles-numeriques\/#breadcrumb\",\"itemListElement\":[{\"@type\":\"ListItem\",\"position\":1,\"name\":\"Accueil\",\"item\":\"https:\/\/www.slow-tourisme-lab.fr\/fr\/\"},{\"@type\":\"ListItem\",\"position\":2,\"name\":\"Applications Mobiles &amp; High Tech\"}]},{\"@type\":\"WebSite\",\"@id\":\"https:\/\/www.slow-tourisme-lab.fr\/fr\/#website\",\"url\":\"https:\/\/www.slow-tourisme-lab.fr\/fr\/\",\"name\":\"Slow Tourisme Lab\",\"description\":\"Un accompagnement pour l'innovation touristique durable\",\"potentialAction\":[{\"@type\":\"SearchAction\",\"target\":{\"@type\":\"EntryPoint\",\"urlTemplate\":\"https:\/\/www.slow-tourisme-lab.fr\/fr\/?s={search_term_string}\"},\"query-input\":{\"@type\":\"PropertyValueSpecification\",\"valueRequired\":true,\"valueName\":\"search_term_string\"}}],\"inLanguage\":\"fr-FR\"}]}<\/script>\n<!-- \/ Yoast SEO plugin. -->","yoast_head_json":{"title":"Applications Mobiles &amp; High Tech - Slow Tourisme Lab","robots":{"index":"index","follow":"follow","max-snippet":"max-snippet:-1","max-image-preview":"max-image-preview:large","max-video-preview":"max-video-preview:-1"},"canonical":"https:\/\/www.slow-tourisme-lab.fr\/fr\/applications-mobiles-numeriques\/","og_locale":"fr_FR","og_type":"article","og_title":"Applications Mobiles &amp; High Tech - Slow Tourisme Lab","og_description":"[vc_row css_animation=\u00a0\u00bb\u00a0\u00bb row_type=\u00a0\u00bbrow\u00a0\u00bb use_row_as_full_screen_section=\u00a0\u00bbno\u00a0\u00bb type=\u00a0\u00bbfull_width\u00a0\u00bb angled_section=\u00a0\u00bbno\u00a0\u00bb text_align=\u00a0\u00bbleft\u00a0\u00bb background_image_as_pattern=\u00a0\u00bbwithout_pattern\u00a0\u00bb][vc_column][vc_empty_space][\/vc_column][\/vc_row][vc_row css_animation=\u00a0\u00bb\u00a0\u00bb row_type=\u00a0\u00bbrow\u00a0\u00bb use_row_as_full_screen_section=\u00a0\u00bbno\u00a0\u00bb type=\u00a0\u00bbfull_width\u00a0\u00bb angled_section=\u00a0\u00bbno\u00a0\u00bb text_align=\u00a0\u00bbleft\u00a0\u00bb background_image_as_pattern=\u00a0\u00bbwithout_pattern\u00a0\u00bb][vc_column width=\u00a0\u00bb1\/3&Prime;][vc_single_image image=\u00a0\u00bb18518&Prime; alignment=\u00a0\u00bbcenter\u00a0\u00bb onclick=\u00a0\u00bbcustom_link\u00a0\u00bb img_link_target=\u00a0\u00bb_blank\u00a0\u00bb qode_css_animation=\u00a0\u00bb\u00a0\u00bb link=\u00a0\u00bbhttps:\/\/www.slow-tourisme-lab.fr\/fr\/illicco\/\u00a0\u00bb][vc_empty_space][vc_column_text] Louco &nbsp; C\u2019est un service de livraison de produits locaux et d\u00e9sormais de menus et plats de restaurateurs. Les commer\u00e7ants partenaires saisissent leurs...","og_url":"https:\/\/www.slow-tourisme-lab.fr\/fr\/applications-mobiles-numeriques\/","og_site_name":"Slow Tourisme Lab","article_modified_time":"2021-05-05T14:57:16+00:00","twitter_card":"summary_large_image","twitter_misc":{"Dur\u00e9e de lecture estim\u00e9e":"7 minutes"},"schema":{"@context":"https:\/\/schema.org","@graph":[{"@type":"WebPage","@id":"https:\/\/www.slow-tourisme-lab.fr\/fr\/applications-mobiles-numeriques\/","url":"https:\/\/www.slow-tourisme-lab.fr\/fr\/applications-mobiles-numeriques\/","name":"Applications Mobiles &amp; High Tech - Slow Tourisme Lab","isPartOf":{"@id":"https:\/\/www.slow-tourisme-lab.fr\/fr\/#website"},"datePublished":"2021-04-06T07:40:09+00:00","dateModified":"2021-05-05T14:57:16+00:00","breadcrumb":{"@id":"https:\/\/www.slow-tourisme-lab.fr\/fr\/applications-mobiles-numeriques\/#breadcrumb"},"inLanguage":"fr-FR","potentialAction":[{"@type":"ReadAction","target":["https:\/\/www.slow-tourisme-lab.fr\/fr\/applications-mobiles-numeriques\/"]}]},{"@type":"BreadcrumbList","@id":"https:\/\/www.slow-tourisme-lab.fr\/fr\/applications-mobiles-numeriques\/#breadcrumb","itemListElement":[{"@type":"ListItem","position":1,"name":"Accueil","item":"https:\/\/www.slow-tourisme-lab.fr\/fr\/"},{"@type":"ListItem","position":2,"name":"Applications Mobiles &amp; High Tech"}]},{"@type":"WebSite","@id":"https:\/\/www.slow-tourisme-lab.fr\/fr\/#website","url":"https:\/\/www.slow-tourisme-lab.fr\/fr\/","name":"Slow Tourisme Lab","description":"Un accompagnement pour l'innovation touristique durable","potentialAction":[{"@type":"SearchAction","target":{"@type":"EntryPoint","urlTemplate":"https:\/\/www.slow-tourisme-lab.fr\/fr\/?s={search_term_string}"},"query-input":{"@type":"PropertyValueSpecification","valueRequired":true,"valueName":"search_term_string"}}],"inLanguage":"fr-FR"}]}},"_links":{"self":[{"href":"https:\/\/www.slow-tourisme-lab.fr\/fr\/wp-json\/wp\/v2\/pages\/18562\/"}],"collection":[{"href":"https:\/\/www.slow-tourisme-lab.fr\/fr\/wp-json\/wp\/v2\/pages\/"}],"about":[{"href":"https:\/\/www.slow-tourisme-lab.fr\/fr\/wp-json\/wp\/v2\/types\/page\/"}],"author":[{"embeddable":true,"href":"https:\/\/www.slow-tourisme-lab.fr\/fr\/wp-json\/wp\/v2\/users\/108\/"}],"replies":[{"embeddable":true,"href":"https:\/\/www.slow-tourisme-lab.fr\/fr\/wp-json\/wp\/v2\/comments\/?post=18562"}],"version-history":[{"count":5,"href":"https:\/\/www.slow-tourisme-lab.fr\/fr\/wp-json\/wp\/v2\/pages\/18562\/revisions\/"}],"predecessor-version":[{"id":18936,"href":"https:\/\/www.slow-tourisme-lab.fr\/fr\/wp-json\/wp\/v2\/pages\/18562\/revisions\/18936\/"}],"wp:attachment":[{"href":"https:\/\/www.slow-tourisme-lab.fr\/fr\/wp-json\/wp\/v2\/media\/?parent=18562"}],"curies":[{"name":"wp","href":"https:\/\/api.w.org\/{rel}","templated":true}]}}