{"id":18320,"date":"2021-03-26T14:54:57","date_gmt":"2021-03-26T13:54:57","guid":{"rendered":"https:\/\/www.slow-tourisme-lab.fr\/?page_id=18320"},"modified":"2021-05-05T15:05:49","modified_gmt":"2021-05-05T13:05:49","slug":"illicco","status":"publish","type":"page","link":"https:\/\/www.slow-tourisme-lab.fr\/fr\/illicco\/","title":{"rendered":"Louco"},"content":{"rendered":"<div class=\"wpb-content-wrapper\"><p>[vc_row css_animation=\u00a0\u00bb\u00a0\u00bb row_type=\u00a0\u00bbrow\u00a0\u00bb use_row_as_full_screen_section=\u00a0\u00bbno\u00a0\u00bb type=\u00a0\u00bbfull_width\u00a0\u00bb angled_section=\u00a0\u00bbno\u00a0\u00bb text_align=\u00a0\u00bbleft\u00a0\u00bb background_image_as_pattern=\u00a0\u00bbwithout_pattern\u00a0\u00bb][vc_column width=\u00a0\u00bb1\/4&Prime;][vc_single_image image=\u00a0\u00bb18518&Prime; img_size=\u00a0\u00bbfull\u00a0\u00bb qode_css_animation=\u00a0\u00bb\u00a0\u00bb][\/vc_column][vc_column width=\u00a0\u00bb3\/4&Prime;][vc_column_text]<\/p>\n<h2>Louco c&rsquo;est quoi ?<\/h2>\n<p>&nbsp;<\/p>\n<p><strong><em>Une application qui vient en aide aux commer\u00e7ants locaux !<\/em><\/strong><\/p>\n<p>&nbsp;<\/p>\n<p style=\"text-align: left\">Louco c&rsquo;est une application d\u00e9velopp\u00e9e par deux \u00e9tudiants de l&rsquo;IUT de Troyes : Romain et K\u00e9vin.<\/p>\n<p>&nbsp;<\/p>\n<p style=\"text-align: left\">C&rsquo;est un service de livraison de produits alimentaires locaux et d\u00e9sormais de menus et plats de restaurateurs. Les commer\u00e7ants mettent les produits qu&rsquo;ils souhaitent vendre sur un catalogue digitalis\u00e9, accessible sur l&rsquo;application. Par ailleurs, leur magasin est \u00e9quip\u00e9 d&rsquo;une tablette pour leur permettre de traiter les commandes en temps r\u00e9el. L&rsquo;utilisateur a le choix de commander, soit en choisissant un commer\u00e7ant soit selon une cat\u00e9gorie de produits.<\/p>\n<p>&nbsp;<\/p>\n<pre><\/pre>\n<p>[\/vc_column_text][\/vc_column][\/vc_row][vc_row css_animation=\u00a0\u00bb\u00a0\u00bb row_type=\u00a0\u00bbrow\u00a0\u00bb use_row_as_full_screen_section=\u00a0\u00bbno\u00a0\u00bb type=\u00a0\u00bbfull_width\u00a0\u00bb angled_section=\u00a0\u00bbno\u00a0\u00bb text_align=\u00a0\u00bbleft\u00a0\u00bb background_image_as_pattern=\u00a0\u00bbwithout_pattern\u00a0\u00bb][vc_column width=\u00a0\u00bb3\/4&Prime;][vc_empty_space][vc_empty_space][vc_column_text]Il est possible de passer une commande aupr\u00e8s d&rsquo;un ou plusieurs commer\u00e7ants en une seule fois. Par exemple, de commander des l\u00e9gumes, du fromage et des p\u00e2tisseries, puis d&rsquo;\u00eatre livr\u00e9 chez soi. Le temps de la livraison d\u00e9pend de vous, \u00e7a peut \u00eatre dans l&rsquo;heure, la journ\u00e9e ou le lendemain et tout cela dans un rayon de 10 kilom\u00e8tres autour du centre de Troyes.[\/vc_column_text][\/vc_column][vc_column width=\u00a0\u00bb1\/4&Prime;][vc_single_image image=\u00a0\u00bb18364&Prime; img_size=\u00a0\u00bbfull\u00a0\u00bb qode_css_animation=\u00a0\u00bb\u00a0\u00bb][\/vc_column][\/vc_row][vc_row css_animation=\u00a0\u00bb\u00a0\u00bb row_type=\u00a0\u00bbrow\u00a0\u00bb use_row_as_full_screen_section=\u00a0\u00bbno\u00a0\u00bb type=\u00a0\u00bbfull_width\u00a0\u00bb angled_section=\u00a0\u00bbno\u00a0\u00bb text_align=\u00a0\u00bbleft\u00a0\u00bb background_image_as_pattern=\u00a0\u00bbwithout_pattern\u00a0\u00bb][vc_column width=\u00a0\u00bb1\/3&Prime;][vc_empty_space][vc_empty_space][vc_empty_space][vc_single_image image=\u00a0\u00bb18370&Prime; img_size=\u00a0\u00bbfull\u00a0\u00bb qode_css_animation=\u00a0\u00bb\u00a0\u00bb][\/vc_column][vc_column width=\u00a0\u00bb1\/3&Prime;][vc_empty_space][vc_empty_space][vc_empty_space][vc_column_text]<\/p>\n<h2 style=\"text-align: center\">Quels avantages ?<\/h2>\n<p>&nbsp;<\/p>\n<p style=\"text-align: center\">\u2665 C&rsquo;est un gain de temps pour les clients et commer\u00e7ants.<\/p>\n<pre><\/pre>\n<p>[\/vc_column_text][vc_empty_space height=\u00a0\u00bb20px\u00a0\u00bb][vc_column_text]<\/p>\n<p style=\"text-align: center\">\u2665 P\u00e9renniser l&rsquo;\u00e9conomie locale de proximit\u00e9 et r\u00e9mun\u00e9rer nos petits producteurs face \u00e0 la grande distribution et aux g\u00e9ants en ligne.<\/p>\n<p>[\/vc_column_text][vc_empty_space height=\u00a0\u00bb20px\u00a0\u00bb][vc_column_text]<\/p>\n<p style=\"text-align: center\">\u2665 Une mani\u00e8re pour ces commer\u00e7ants d&rsquo;\u00eatre aussi pr\u00e9sent en ligne et de toucher une plus large client\u00e8le.<\/p>\n<p>[\/vc_column_text][\/vc_column][vc_column width=\u00a0\u00bb1\/3&Prime;][vc_empty_space][vc_empty_space][vc_empty_space][vc_single_image image=\u00a0\u00bb18372&Prime; img_size=\u00a0\u00bbfull\u00a0\u00bb qode_css_animation=\u00a0\u00bb\u00a0\u00bb][\/vc_column][\/vc_row][vc_row css_animation=\u00a0\u00bb\u00a0\u00bb row_type=\u00a0\u00bbrow\u00a0\u00bb use_row_as_full_screen_section=\u00a0\u00bbno\u00a0\u00bb type=\u00a0\u00bbfull_width\u00a0\u00bb angled_section=\u00a0\u00bbno\u00a0\u00bb text_align=\u00a0\u00bbleft\u00a0\u00bb background_image_as_pattern=\u00a0\u00bbwithout_pattern\u00a0\u00bb][vc_column][vc_empty_space][vc_empty_space][vc_column_text]<\/p>\n<h2 style=\"text-align: center\">La presse parle d&rsquo;eux !<\/h2>\n<p>&nbsp;<\/p>\n<p style=\"text-align: center\">Lisez l&rsquo;article d&rsquo;Est \u00e9clair : <a href=\"https:\/\/abonne.lest-eclair.fr\/id190039\/article\/2020-09-14\/le-marche-livre-chez-vous\" target=\"_blank\" rel=\"noopener noreferrer\"><em>\u00ab\u00a0Illicco, l&rsquo;application troyenne qui livre le march\u00e9 des halles chez vous\u00a0\u00bb<\/em><\/a><\/p>\n<p>&nbsp;<\/p>\n<p>[\/vc_column_text][vc_empty_space][vc_empty_space][vc_column_text]<\/p>\n<p style=\"text-align: center\">T\u00e9l\u00e9chargez l&rsquo;application Louco sur : <a href=\"https:\/\/apps.apple.com\/fr\/app\/illicco\/id1511509837?l=en&amp;fbclid=IwAR2cgR0SH__PNwsn3TkDoeyAXevFQZDAcyTxXDEy2E0W1ShKSoYbc3SZ8wY\" target=\"_blank\" rel=\"noopener noreferrer\">App Store<\/a> ou <a href=\"https:\/\/play.google.com\/store\/apps\/details?id=com.illicco&amp;gl=FR\" target=\"_blank\" rel=\"noopener noreferrer\">Play Store<\/a><\/p>\n<h2 style=\"text-align: center\"><\/h2>\n<p>[\/vc_column_text][\/vc_column][\/vc_row][vc_row css_animation=\u00a0\u00bb\u00a0\u00bb row_type=\u00a0\u00bbrow\u00a0\u00bb use_row_as_full_screen_section=\u00a0\u00bbno\u00a0\u00bb type=\u00a0\u00bbfull_width\u00a0\u00bb angled_section=\u00a0\u00bbno\u00a0\u00bb text_align=\u00a0\u00bbleft\u00a0\u00bb background_image_as_pattern=\u00a0\u00bbwithout_pattern\u00a0\u00bb][vc_column]<div class=\"ult-team-member-wrap ult-style-1  \"><div class=\"ult-team-member-image\" style=\"\"> <img decoding=\"async\" class=\"ult-team-grayscale\" src=\"\" alt=\"\"  style=\"\"><span class=\"ult-team-member-image-overlay \"  ><\/span><\/div><div class=\"ult-team-member-bio-wrap style-1 ultimate-heading69d8d1882f5a0\" style=\"text-align:center;; \"><div class=\"ult-team-member-name-wrap\"><h2 class=\"ult-team-member-name ult-responsive\"  data-ultimate-target='.ult-team-member-bio-wrap.ultimate-heading69d8d1882f5a0 .ult-team-member-name'  data-responsive-json-new='{\"font-size\":\"\",\"line-height\":\"\"}'  style=\"\">Louco<\/h2><div class=\"ult-team-member-position ult-responsive\"  data-ultimate-target='.ult-team-member-bio-wrap.ultimate-heading69d8d1882f5a0 .ult-team-member-position'  data-responsive-json-new='{\"font-size\":\"\",\"line-height\":\"\"}'  style=\"\">Fondateurs<\/div><div class=\"ult-team-member-description ult-responsive\"  data-ultimate-target='.ult-team-member-bio-wrap.ultimate-heading69d8d1882f5a0 .ult-team-member-description'  data-responsive-json-new='{\"font-size\":\"\",\"line-height\":\"\"}'  style=\"\"><p><strong>Romain Rui &amp; K\u00e9vin Rignault\u00a0<\/strong><\/p>\n<p><a href=\"https:\/\/louco.fr\/\" target=\"_blank\" rel=\"noopener noreferrer\">Louco.fr<\/a><\/p><\/div><div style=\"margin-bottom:15px\"><\/div><div class='ult-social-buttons'><a href='https:\/\/www.linkedin.com\/showcase\/illicco\/' target='_blank' rel='noopener' title='' class='ult-team ult-social-icon' style='font-size:35px ; margin-left:10px;margin-right:10px;;'  data-iconcolor='inherit' data-iconhover='inherit' ><i class='Defaults-linkedin-square'><\/i><\/a><a href='https:\/\/www.facebook.com\/illicco\/' target='_blank' rel='noopener' title='' class='ult-team ult-social-icon' style='font-size:35px ; margin-left:10px;margin-right:10px;;'  data-iconcolor='inherit' data-iconhover='inherit' ><i class='Defaults-facebook-square'><\/i><\/a><a href='https:\/\/l.facebook.com\/l.php?u=http%3A%2F%2Finstagram.com%2Fillic.co%3Ffbclid%3DIwAR11sIDJACjH4pY0YIHVezszcwQluV7hr-TcQny9WGii8IBYiaU0-If4JJw&#038;h=AT0diY1ueQfDnwQZDnFzHM-E5xZBaE5obZ4YLH-jOuxxlIxNWH3luBEeWnB_DGShHmD7BGgpEQ8_aCDw5DxfFLzQIeCxop4807NH5JYKFYufCA-aI1QKvp-06p8Cu3e2c3HaO1u6n3E3hVw3Urc' target='_blank' rel='noopener' title='' class='ult-team ult-social-icon' style='font-size:35px ; margin-left:10px;margin-right:10px;;'  data-iconcolor='inherit' data-iconhover='inherit' ><i class='Defaults-instagram'><\/i><\/a><\/div><\/div><\/div><\/div>[\/vc_column][\/vc_row]<\/p>\n<\/div>","protected":false},"excerpt":{"rendered":"<p>[vc_row css_animation=\u00a0\u00bb\u00a0\u00bb row_type=\u00a0\u00bbrow\u00a0\u00bb use_row_as_full_screen_section=\u00a0\u00bbno\u00a0\u00bb type=\u00a0\u00bbfull_width\u00a0\u00bb angled_section=\u00a0\u00bbno\u00a0\u00bb text_align=\u00a0\u00bbleft\u00a0\u00bb background_image_as_pattern=\u00a0\u00bbwithout_pattern\u00a0\u00bb][vc_column width=\u00a0\u00bb1\/4&Prime;][vc_single_image image=\u00a0\u00bb18518&Prime; img_size=\u00a0\u00bbfull\u00a0\u00bb qode_css_animation=\u00a0\u00bb\u00a0\u00bb][\/vc_column][vc_column width=\u00a0\u00bb3\/4&Prime;][vc_column_text] Louco c&rsquo;est quoi ? &nbsp; Une application qui vient en aide aux commer\u00e7ants locaux ! &nbsp; Louco c&rsquo;est une application d\u00e9velopp\u00e9e par deux \u00e9tudiants de l&rsquo;IUT de Troyes : Romain et K\u00e9vin&#8230;.<\/p>\n","protected":false},"author":108,"featured_media":0,"parent":0,"menu_order":0,"comment_status":"closed","ping_status":"closed","template":"","meta":{"footnotes":""},"class_list":["post-18320","page","type-page","status-publish","hentry"],"yoast_head":"<!-- This site is optimized with the Yoast SEO plugin v26.6 - https:\/\/yoast.com\/wordpress\/plugins\/seo\/ -->\n<title>Louco - Slow Tourisme Lab<\/title>\n<meta name=\"robots\" content=\"index, follow, max-snippet:-1, max-image-preview:large, max-video-preview:-1\" \/>\n<link rel=\"canonical\" href=\"https:\/\/www.slow-tourisme-lab.fr\/fr\/illicco\/\" \/>\n<meta property=\"og:locale\" content=\"fr_FR\" \/>\n<meta property=\"og:type\" content=\"article\" \/>\n<meta property=\"og:title\" content=\"Louco - Slow Tourisme Lab\" \/>\n<meta property=\"og:description\" content=\"[vc_row css_animation=\u00a0\u00bb\u00a0\u00bb row_type=\u00a0\u00bbrow\u00a0\u00bb use_row_as_full_screen_section=\u00a0\u00bbno\u00a0\u00bb type=\u00a0\u00bbfull_width\u00a0\u00bb angled_section=\u00a0\u00bbno\u00a0\u00bb text_align=\u00a0\u00bbleft\u00a0\u00bb background_image_as_pattern=\u00a0\u00bbwithout_pattern\u00a0\u00bb][vc_column width=\u00a0\u00bb1\/4&Prime;][vc_single_image image=\u00a0\u00bb18518&Prime; img_size=\u00a0\u00bbfull\u00a0\u00bb qode_css_animation=\u00a0\u00bb\u00a0\u00bb][\/vc_column][vc_column width=\u00a0\u00bb3\/4&Prime;][vc_column_text] Louco c&rsquo;est quoi ? &nbsp; Une application qui vient en aide aux commer\u00e7ants locaux ! &nbsp; Louco c&rsquo;est une application d\u00e9velopp\u00e9e par deux \u00e9tudiants de l&rsquo;IUT de Troyes : Romain et K\u00e9vin....\" \/>\n<meta property=\"og:url\" content=\"https:\/\/www.slow-tourisme-lab.fr\/fr\/illicco\/\" \/>\n<meta property=\"og:site_name\" content=\"Slow Tourisme Lab\" \/>\n<meta property=\"article:modified_time\" content=\"2021-05-05T13:05:49+00:00\" \/>\n<meta name=\"twitter:card\" content=\"summary_large_image\" \/>\n<meta name=\"twitter:label1\" content=\"Dur\u00e9e de lecture estim\u00e9e\" \/>\n\t<meta name=\"twitter:data1\" content=\"4 minutes\" \/>\n<script type=\"application\/ld+json\" class=\"yoast-schema-graph\">{\"@context\":\"https:\/\/schema.org\",\"@graph\":[{\"@type\":\"WebPage\",\"@id\":\"https:\/\/www.slow-tourisme-lab.fr\/fr\/illicco\/\",\"url\":\"https:\/\/www.slow-tourisme-lab.fr\/fr\/illicco\/\",\"name\":\"Louco - Slow Tourisme Lab\",\"isPartOf\":{\"@id\":\"https:\/\/www.slow-tourisme-lab.fr\/fr\/#website\"},\"datePublished\":\"2021-03-26T13:54:57+00:00\",\"dateModified\":\"2021-05-05T13:05:49+00:00\",\"breadcrumb\":{\"@id\":\"https:\/\/www.slow-tourisme-lab.fr\/fr\/illicco\/#breadcrumb\"},\"inLanguage\":\"fr-FR\",\"potentialAction\":[{\"@type\":\"ReadAction\",\"target\":[\"https:\/\/www.slow-tourisme-lab.fr\/fr\/illicco\/\"]}]},{\"@type\":\"BreadcrumbList\",\"@id\":\"https:\/\/www.slow-tourisme-lab.fr\/fr\/illicco\/#breadcrumb\",\"itemListElement\":[{\"@type\":\"ListItem\",\"position\":1,\"name\":\"Accueil\",\"item\":\"https:\/\/www.slow-tourisme-lab.fr\/fr\/\"},{\"@type\":\"ListItem\",\"position\":2,\"name\":\"Louco\"}]},{\"@type\":\"WebSite\",\"@id\":\"https:\/\/www.slow-tourisme-lab.fr\/fr\/#website\",\"url\":\"https:\/\/www.slow-tourisme-lab.fr\/fr\/\",\"name\":\"Slow Tourisme Lab\",\"description\":\"Un accompagnement pour l'innovation touristique durable\",\"potentialAction\":[{\"@type\":\"SearchAction\",\"target\":{\"@type\":\"EntryPoint\",\"urlTemplate\":\"https:\/\/www.slow-tourisme-lab.fr\/fr\/?s={search_term_string}\"},\"query-input\":{\"@type\":\"PropertyValueSpecification\",\"valueRequired\":true,\"valueName\":\"search_term_string\"}}],\"inLanguage\":\"fr-FR\"}]}<\/script>\n<!-- \/ Yoast SEO plugin. -->","yoast_head_json":{"title":"Louco - Slow Tourisme Lab","robots":{"index":"index","follow":"follow","max-snippet":"max-snippet:-1","max-image-preview":"max-image-preview:large","max-video-preview":"max-video-preview:-1"},"canonical":"https:\/\/www.slow-tourisme-lab.fr\/fr\/illicco\/","og_locale":"fr_FR","og_type":"article","og_title":"Louco - Slow Tourisme Lab","og_description":"[vc_row css_animation=\u00a0\u00bb\u00a0\u00bb row_type=\u00a0\u00bbrow\u00a0\u00bb use_row_as_full_screen_section=\u00a0\u00bbno\u00a0\u00bb type=\u00a0\u00bbfull_width\u00a0\u00bb angled_section=\u00a0\u00bbno\u00a0\u00bb text_align=\u00a0\u00bbleft\u00a0\u00bb background_image_as_pattern=\u00a0\u00bbwithout_pattern\u00a0\u00bb][vc_column width=\u00a0\u00bb1\/4&Prime;][vc_single_image image=\u00a0\u00bb18518&Prime; img_size=\u00a0\u00bbfull\u00a0\u00bb qode_css_animation=\u00a0\u00bb\u00a0\u00bb][\/vc_column][vc_column width=\u00a0\u00bb3\/4&Prime;][vc_column_text] Louco c&rsquo;est quoi ? &nbsp; Une application qui vient en aide aux commer\u00e7ants locaux ! &nbsp; Louco c&rsquo;est une application d\u00e9velopp\u00e9e par deux \u00e9tudiants de l&rsquo;IUT de Troyes : Romain et K\u00e9vin....","og_url":"https:\/\/www.slow-tourisme-lab.fr\/fr\/illicco\/","og_site_name":"Slow Tourisme Lab","article_modified_time":"2021-05-05T13:05:49+00:00","twitter_card":"summary_large_image","twitter_misc":{"Dur\u00e9e de lecture estim\u00e9e":"4 minutes"},"schema":{"@context":"https:\/\/schema.org","@graph":[{"@type":"WebPage","@id":"https:\/\/www.slow-tourisme-lab.fr\/fr\/illicco\/","url":"https:\/\/www.slow-tourisme-lab.fr\/fr\/illicco\/","name":"Louco - Slow Tourisme Lab","isPartOf":{"@id":"https:\/\/www.slow-tourisme-lab.fr\/fr\/#website"},"datePublished":"2021-03-26T13:54:57+00:00","dateModified":"2021-05-05T13:05:49+00:00","breadcrumb":{"@id":"https:\/\/www.slow-tourisme-lab.fr\/fr\/illicco\/#breadcrumb"},"inLanguage":"fr-FR","potentialAction":[{"@type":"ReadAction","target":["https:\/\/www.slow-tourisme-lab.fr\/fr\/illicco\/"]}]},{"@type":"BreadcrumbList","@id":"https:\/\/www.slow-tourisme-lab.fr\/fr\/illicco\/#breadcrumb","itemListElement":[{"@type":"ListItem","position":1,"name":"Accueil","item":"https:\/\/www.slow-tourisme-lab.fr\/fr\/"},{"@type":"ListItem","position":2,"name":"Louco"}]},{"@type":"WebSite","@id":"https:\/\/www.slow-tourisme-lab.fr\/fr\/#website","url":"https:\/\/www.slow-tourisme-lab.fr\/fr\/","name":"Slow Tourisme Lab","description":"Un accompagnement pour l'innovation touristique durable","potentialAction":[{"@type":"SearchAction","target":{"@type":"EntryPoint","urlTemplate":"https:\/\/www.slow-tourisme-lab.fr\/fr\/?s={search_term_string}"},"query-input":{"@type":"PropertyValueSpecification","valueRequired":true,"valueName":"search_term_string"}}],"inLanguage":"fr-FR"}]}},"_links":{"self":[{"href":"https:\/\/www.slow-tourisme-lab.fr\/fr\/wp-json\/wp\/v2\/pages\/18320\/"}],"collection":[{"href":"https:\/\/www.slow-tourisme-lab.fr\/fr\/wp-json\/wp\/v2\/pages\/"}],"about":[{"href":"https:\/\/www.slow-tourisme-lab.fr\/fr\/wp-json\/wp\/v2\/types\/page\/"}],"author":[{"embeddable":true,"href":"https:\/\/www.slow-tourisme-lab.fr\/fr\/wp-json\/wp\/v2\/users\/108\/"}],"replies":[{"embeddable":true,"href":"https:\/\/www.slow-tourisme-lab.fr\/fr\/wp-json\/wp\/v2\/comments\/?post=18320"}],"version-history":[{"count":5,"href":"https:\/\/www.slow-tourisme-lab.fr\/fr\/wp-json\/wp\/v2\/pages\/18320\/revisions\/"}],"predecessor-version":[{"id":18934,"href":"https:\/\/www.slow-tourisme-lab.fr\/fr\/wp-json\/wp\/v2\/pages\/18320\/revisions\/18934\/"}],"wp:attachment":[{"href":"https:\/\/www.slow-tourisme-lab.fr\/fr\/wp-json\/wp\/v2\/media\/?parent=18320"}],"curies":[{"name":"wp","href":"https:\/\/api.w.org\/{rel}","templated":true}]}}