{"id":18318,"date":"2021-03-24T10:41:06","date_gmt":"2021-03-24T09:41:06","guid":{"rendered":"https:\/\/www.slow-tourisme-lab.fr\/?page_id=18318"},"modified":"2021-05-12T16:07:26","modified_gmt":"2021-05-12T14:07:26","slug":"le-siestard","status":"publish","type":"page","link":"https:\/\/www.slow-tourisme-lab.fr\/fr\/le-siestard\/","title":{"rendered":"Le Siestard"},"content":{"rendered":"<div class=\"wpb-content-wrapper\"><p>[vc_row css_animation=\u00a0\u00bb\u00a0\u00bb row_type=\u00a0\u00bbrow\u00a0\u00bb use_row_as_full_screen_section=\u00a0\u00bbno\u00a0\u00bb type=\u00a0\u00bbfull_width\u00a0\u00bb angled_section=\u00a0\u00bbno\u00a0\u00bb text_align=\u00a0\u00bbleft\u00a0\u00bb background_image_as_pattern=\u00a0\u00bbwithout_pattern\u00a0\u00bb][vc_column][vc_column_text]<img fetchpriority=\"high\" decoding=\"async\" class=\"size-medium wp-image-18323 aligncenter\" src=\"https:\/\/www.slow-tourisme-lab.fr\/assets\/uploads\/sites\/50\/2021\/03\/70628537_101655901238976_8816202007548264448_n-300x300.jpg\" alt=\"\" width=\"300\" height=\"300\" srcset=\"https:\/\/www.slow-tourisme-lab.fr\/assets\/uploads\/sites\/50\/2021\/03\/70628537_101655901238976_8816202007548264448_n-300x300.jpg 300w, https:\/\/www.slow-tourisme-lab.fr\/assets\/uploads\/sites\/50\/2021\/03\/70628537_101655901238976_8816202007548264448_n-150x150.jpg 150w, https:\/\/www.slow-tourisme-lab.fr\/assets\/uploads\/sites\/50\/2021\/03\/70628537_101655901238976_8816202007548264448_n-570x570.jpg 570w, https:\/\/www.slow-tourisme-lab.fr\/assets\/uploads\/sites\/50\/2021\/03\/70628537_101655901238976_8816202007548264448_n-500x500.jpg 500w, https:\/\/www.slow-tourisme-lab.fr\/assets\/uploads\/sites\/50\/2021\/03\/70628537_101655901238976_8816202007548264448_n.jpg 665w\" sizes=\"(max-width: 300px) 100vw, 300px\" \/><\/p>\n<h2 style=\"text-align: center\">Le siestard c&rsquo;est quoi ?<\/h2>\n<p>&nbsp;<\/p>\n<p style=\"text-align: center\">C&rsquo;est une application d\u00e9di\u00e9e au bien-\u00eatre nomade.\u00a0 Celle-ci vous permet de trouver rapidement des lieux reposants et des commerces de proximit\u00e9, dans toute la France !<\/p>\n<p>&nbsp;<\/p>\n<p>&nbsp;<\/p>\n<h2>Comment \u00e7a fonctionne ?<\/h2>\n<p>&nbsp;<\/p>\n<p><img decoding=\"async\" class=\"size-medium wp-image-18329 alignleft\" style=\"color: #333333;quot;quot;quot;quot;,times,serif;font-size: 16px;font-style: normal;font-variant: normal;font-weight: 400;height: auto;letter-spacing: normal;max-width: 100%;text-align: left;text-decoration: none;text-indent: 0px;text-transform: none\" src=\"https:\/\/www.slow-tourisme-lab.fr\/assets\/uploads\/sites\/50\/2021\/03\/Page-daccueil-I-153x300.png\" alt=\"\" width=\"153\" height=\"300\" srcset=\"https:\/\/www.slow-tourisme-lab.fr\/assets\/uploads\/sites\/50\/2021\/03\/Page-daccueil-I-153x300.png 153w, https:\/\/www.slow-tourisme-lab.fr\/assets\/uploads\/sites\/50\/2021\/03\/Page-daccueil-I.png 483w\" sizes=\"(max-width: 153px) 100vw, 153px\" \/><\/p>\n<p><u><\/u>T\u00e9l\u00e9chargez l&rsquo;application et connectez-vous. Ensuite, g\u00e9olocalisez-vous, une multitude de lieux s&rsquo;offriront \u00e0 vous.\u00a0 Selon vos envies, vos go\u00fbts, votre humeur, choisissez votre spot id\u00e9al !<\/p>\n<p><img decoding=\"async\" class=\"size-medium wp-image-18327 alignleft\" src=\"https:\/\/www.slow-tourisme-lab.fr\/assets\/uploads\/sites\/50\/2021\/03\/Navigation-153x300.png\" alt=\"\" width=\"153\" height=\"300\" srcset=\"https:\/\/www.slow-tourisme-lab.fr\/assets\/uploads\/sites\/50\/2021\/03\/Navigation-153x300.png 153w, https:\/\/www.slow-tourisme-lab.fr\/assets\/uploads\/sites\/50\/2021\/03\/Navigation.png 483w\" sizes=\"(max-width: 153px) 100vw, 153px\" \/><\/p>\n<p>Ensuite, laissez-vous guider par l&rsquo;assistance \u00e0 la navigation<\/p>\n<p><img loading=\"lazy\" decoding=\"async\" class=\"size-medium wp-image-18325 alignleft\" src=\"https:\/\/www.slow-tourisme-lab.fr\/assets\/uploads\/sites\/50\/2021\/03\/Spots-I-153x300.png\" alt=\"\" width=\"153\" height=\"300\" srcset=\"https:\/\/www.slow-tourisme-lab.fr\/assets\/uploads\/sites\/50\/2021\/03\/Spots-I-153x300.png 153w, https:\/\/www.slow-tourisme-lab.fr\/assets\/uploads\/sites\/50\/2021\/03\/Spots-I.png 483w\" sizes=\"(max-width: 153px) 100vw, 153px\" \/><\/p>\n<p>&nbsp;<\/p>\n<p>Vous aurez par ailleurs acc\u00e8s \u00e0 des informations concernant ce spot : tables de pique-nique, toilettes, points de vue, jeux, parking, etc.<\/p>\n<p>Ainsi vous aurez gagn\u00e9 du temps pour trouver un repas qui vous plait et un lieu agr\u00e9able pour le manger. Et si vous avez le temps profitez s&rsquo;en pour faire une sieste !<\/p>\n<p>De plus, l&rsquo;application a une plateforme Click and Collect intuitive pour commander en ligne chez les commer\u00e7ants et\u00a0venir chercher votre repas une fois que celui-ci est pr\u00eat.<\/p>\n<p>&nbsp;<\/p>\n<h2><\/h2>\n<h2><\/h2>\n<p>&nbsp;<\/p>\n<p>&nbsp;<\/p>\n<p>[\/vc_column_text][\/vc_column][\/vc_row][vc_row css_animation=\u00a0\u00bb\u00a0\u00bb row_type=\u00a0\u00bbrow\u00a0\u00bb use_row_as_full_screen_section=\u00a0\u00bbno\u00a0\u00bb type=\u00a0\u00bbfull_width\u00a0\u00bb angled_section=\u00a0\u00bbno\u00a0\u00bb text_align=\u00a0\u00bbleft\u00a0\u00bb background_image_as_pattern=\u00a0\u00bbwithout_pattern\u00a0\u00bb][vc_column width=\u00a0\u00bb1\/2&Prime;][vc_column_text]<\/p>\n<h2 style=\"text-align: center\">Et toi alors ? Serais-tu un Siestard ?<\/h2>\n<p>&nbsp;<\/p>\n<p>Pour le savoir, regarde si tu te rapproches de leur profil ! Un siestard est une personne sensible \u00e0 l&rsquo;environnement qui l&rsquo;entoure. Il est conscient qu&rsquo;il manque de temps dans son quotidien mais qu&rsquo;il a besoin d&rsquo;un certain confort. Il aime manger sainement avec des produits locaux et de qualit\u00e9s. Enfin, il recherche de beaux lieux pour faire une pause dans sa journ\u00e9e.<\/p>\n<p>&nbsp;<\/p>\n<p>Alors ? Toi aussi tu aimes faire la sieste au soleil apr\u00e8s un bon repas ?<\/p>\n<p>&nbsp;<\/p>\n<p>[\/vc_column_text][\/vc_column][vc_column width=\u00a0\u00bb1\/2&Prime;][vc_single_image image=\u00a0\u00bb18335&Prime; img_size=\u00a0\u00bbfull\u00a0\u00bb qode_css_animation=\u00a0\u00bb\u00a0\u00bb][\/vc_column][\/vc_row][vc_row css_animation=\u00a0\u00bb\u00a0\u00bb row_type=\u00a0\u00bbrow\u00a0\u00bb use_row_as_full_screen_section=\u00a0\u00bbno\u00a0\u00bb type=\u00a0\u00bbfull_width\u00a0\u00bb angled_section=\u00a0\u00bbno\u00a0\u00bb text_align=\u00a0\u00bbleft\u00a0\u00bb background_image_as_pattern=\u00a0\u00bbwithout_pattern\u00a0\u00bb][vc_column][vc_empty_space][vc_empty_space][vc_video link=\u00a0\u00bbhttps:\/\/www.youtube.com\/watch?v=RqqDWE1xKzk\u00a0\u00bb][vc_empty_space][vc_empty_space][\/vc_column][\/vc_row][vc_row css_animation=\u00a0\u00bb\u00a0\u00bb row_type=\u00a0\u00bbrow\u00a0\u00bb use_row_as_full_screen_section=\u00a0\u00bbno\u00a0\u00bb type=\u00a0\u00bbfull_width\u00a0\u00bb angled_section=\u00a0\u00bbno\u00a0\u00bb text_align=\u00a0\u00bbleft\u00a0\u00bb background_image_as_pattern=\u00a0\u00bbwithout_pattern\u00a0\u00bb][vc_column width=\u00a0\u00bb1\/2&Prime;]<div class=\"ult-team-member-wrap ult-style-1  \"><div class=\"ult-team-member-image\" style=\"\"> <img decoding=\"async\" class=\"ult-team-grayscale\" src=\"\" alt=\"\"  style=\"\"><span class=\"ult-team-member-image-overlay \"  ><\/span><\/div><div class=\"ult-team-member-bio-wrap style-1 ultimate-heading69d8ea5904a1d\" style=\"text-align:center;; \"><div class=\"ult-team-member-name-wrap\"><h2 class=\"ult-team-member-name ult-responsive\"  data-ultimate-target='.ult-team-member-bio-wrap.ultimate-heading69d8ea5904a1d .ult-team-member-name'  data-responsive-json-new='{\"font-size\":\"\",\"line-height\":\"\"}'  style=\"\">Le Siestard<\/h2><div class=\"ult-team-member-description ult-responsive\"  data-ultimate-target='.ult-team-member-bio-wrap.ultimate-heading69d8ea5904a1d .ult-team-member-description'  data-responsive-json-new='{\"font-size\":\"\",\"line-height\":\"\"}'  style=\"\"><p><\/p>\n<p style=\"text-align: center\"><a href=\"https:\/\/lesiestard.com\/\" target=\"_blank\" rel=\"noopener noreferrer\">Lesiestard.com<\/a><\/p>\n<p style=\"text-align: center\">06 15 31 75 56<\/p>\n<p style=\"text-align: center\"><a href=\"mailto:contact@lesiestard.com\"><span style=\"float: none;background-color: #ffffff;color: #333333;cursor: text;font-family: Georgia,'Times New Roman','Bitstream Charter',Times,serif;font-size: 16px;font-style: normal;font-variant: normal;font-weight: 400;letter-spacing: normal;text-align: left;text-decoration: none;text-indent: 0px;text-transform: none\">contact@lesiestard.com<\/span><\/a><\/p>\n<p><\/p><\/div><div style=\"margin-bottom:15px\"><\/div><div class='ult-social-buttons'><a href='https:\/\/www.facebook.com\/LeSiestard' target='_blank' rel='noopener' title='' class='ult-team ult-social-icon' style='font-size:35px ; margin-left:10px;margin-right:10px;;'  data-iconcolor='inherit' data-iconhover='inherit' ><i class='Defaults-facebook-square'><\/i><\/a><a href='https:\/\/www.linkedin.com\/in\/olivier-gehin-42558645\/?originalSubdomain=fr' target='_blank' rel='noopener' title='' class='ult-team ult-social-icon' style='font-size:35px ; margin-left:10px;margin-right:10px;;'  data-iconcolor='inherit' data-iconhover='inherit' ><i class='Defaults-linkedin-square'><\/i><\/a><a href='https:\/\/www.youtube.com\/channel\/UCYMWIPzfRSlyuh2TdZzBTTw' target='_blank' rel='noopener' title='' class='ult-team ult-social-icon' style='font-size:35px ; margin-left:10px;margin-right:10px;;'  data-iconcolor='inherit' data-iconhover='inherit' ><i class='Defaults-youtube-play'><\/i><\/a><\/div><\/div><\/div><\/div>[\/vc_column][vc_column width=\u00a0\u00bb1\/2&Prime;]<div class=\"ult-team-member-wrap ult-style-1  \"><div class=\"ult-team-member-image\" style=\"\"> <img decoding=\"async\" class=\"ult-team-grayscale\" src=\"\" alt=\"\"  style=\"\"><span class=\"ult-team-member-image-overlay \"  ><\/span><\/div><div class=\"ult-team-member-bio-wrap style-1 ultimate-heading69d8ea5904c2f\" style=\"text-align:center;; \"><div class=\"ult-team-member-name-wrap\"><h2 class=\"ult-team-member-name ult-responsive\"  data-ultimate-target='.ult-team-member-bio-wrap.ultimate-heading69d8ea5904c2f .ult-team-member-name'  data-responsive-json-new='{\"font-size\":\"\",\"line-height\":\"\"}'  style=\"\">Olivier Gehin<\/h2><div class=\"ult-team-member-position ult-responsive\"  data-ultimate-target='.ult-team-member-bio-wrap.ultimate-heading69d8ea5904c2f .ult-team-member-position'  data-responsive-json-new='{\"font-size\":\"\",\"line-height\":\"\"}'  style=\"\">Fondateur <\/div><div class=\"ult-team-member-description ult-responsive\"  data-ultimate-target='.ult-team-member-bio-wrap.ultimate-heading69d8ea5904c2f .ult-team-member-description'  data-responsive-json-new='{\"font-size\":\"\",\"line-height\":\"\"}'  style=\"\"><p><\/p>\n<p style=\"text-align: center\">Jeune porteur de projet dynamique et cr\u00e9atif, toujours en qu\u00eate de nouveaux d\u00e9fis.<\/p>\n<p>&nbsp;<\/p>\n<p><img loading=\"lazy\" decoding=\"async\" class=\" wp-image-18928 aligncenter\" src=\"https:\/\/www.slow-tourisme-lab.fr\/assets\/uploads\/sites\/50\/2021\/04\/1585238809935.jpeg\" alt=\"\" width=\"149\" height=\"149\" srcset=\"https:\/\/www.slow-tourisme-lab.fr\/assets\/uploads\/sites\/50\/2021\/04\/1585238809935.jpeg 400w, https:\/\/www.slow-tourisme-lab.fr\/assets\/uploads\/sites\/50\/2021\/04\/1585238809935-150x150.jpeg 150w, https:\/\/www.slow-tourisme-lab.fr\/assets\/uploads\/sites\/50\/2021\/04\/1585238809935-300x300.jpeg 300w\" sizes=\"(max-width: 149px) 100vw, 149px\" \/><\/p><\/div><div style=\"margin-bottom:15px\"><\/div><\/div><\/div><\/div>[\/vc_column][\/vc_row]<\/p>\n<\/div>","protected":false},"excerpt":{"rendered":"<p>[vc_row css_animation=\u00a0\u00bb\u00a0\u00bb row_type=\u00a0\u00bbrow\u00a0\u00bb use_row_as_full_screen_section=\u00a0\u00bbno\u00a0\u00bb type=\u00a0\u00bbfull_width\u00a0\u00bb angled_section=\u00a0\u00bbno\u00a0\u00bb text_align=\u00a0\u00bbleft\u00a0\u00bb background_image_as_pattern=\u00a0\u00bbwithout_pattern\u00a0\u00bb][vc_column][vc_column_text] Le siestard c&rsquo;est quoi ? &nbsp; C&rsquo;est une application d\u00e9di\u00e9e au bien-\u00eatre nomade.\u00a0 Celle-ci vous permet de trouver rapidement des lieux reposants et des commerces de proximit\u00e9, dans toute la France ! &nbsp; &nbsp; Comment \u00e7a fonctionne&#8230;<\/p>\n","protected":false},"author":108,"featured_media":18323,"parent":0,"menu_order":0,"comment_status":"closed","ping_status":"closed","template":"","meta":{"footnotes":""},"class_list":["post-18318","page","type-page","status-publish","has-post-thumbnail","hentry"],"yoast_head":"<!-- This site is optimized with the Yoast SEO plugin v26.6 - https:\/\/yoast.com\/wordpress\/plugins\/seo\/ -->\n<title>Le Siestard - Slow Tourisme Lab<\/title>\n<meta name=\"robots\" content=\"index, follow, max-snippet:-1, max-image-preview:large, max-video-preview:-1\" \/>\n<link rel=\"canonical\" href=\"https:\/\/www.slow-tourisme-lab.fr\/fr\/le-siestard\/\" \/>\n<meta property=\"og:locale\" content=\"fr_FR\" \/>\n<meta property=\"og:type\" content=\"article\" \/>\n<meta property=\"og:title\" content=\"Le Siestard - Slow Tourisme Lab\" \/>\n<meta property=\"og:description\" content=\"[vc_row css_animation=\u00a0\u00bb\u00a0\u00bb row_type=\u00a0\u00bbrow\u00a0\u00bb use_row_as_full_screen_section=\u00a0\u00bbno\u00a0\u00bb type=\u00a0\u00bbfull_width\u00a0\u00bb angled_section=\u00a0\u00bbno\u00a0\u00bb text_align=\u00a0\u00bbleft\u00a0\u00bb background_image_as_pattern=\u00a0\u00bbwithout_pattern\u00a0\u00bb][vc_column][vc_column_text] Le siestard c&rsquo;est quoi ? &nbsp; C&rsquo;est une application d\u00e9di\u00e9e au bien-\u00eatre nomade.\u00a0 Celle-ci vous permet de trouver rapidement des lieux reposants et des commerces de proximit\u00e9, dans toute la France ! &nbsp; &nbsp; Comment \u00e7a fonctionne...\" \/>\n<meta property=\"og:url\" content=\"https:\/\/www.slow-tourisme-lab.fr\/fr\/le-siestard\/\" \/>\n<meta property=\"og:site_name\" content=\"Slow Tourisme Lab\" \/>\n<meta property=\"article:modified_time\" content=\"2021-05-12T14:07:26+00:00\" \/>\n<meta property=\"og:image\" content=\"https:\/\/www.slow-tourisme-lab.fr\/assets\/uploads\/sites\/50\/2021\/03\/70628537_101655901238976_8816202007548264448_n.jpg\" \/>\n\t<meta property=\"og:image:width\" content=\"665\" \/>\n\t<meta property=\"og:image:height\" content=\"665\" \/>\n\t<meta property=\"og:image:type\" content=\"image\/jpeg\" \/>\n<meta name=\"twitter:card\" content=\"summary_large_image\" \/>\n<meta name=\"twitter:label1\" content=\"Dur\u00e9e de lecture estim\u00e9e\" \/>\n\t<meta name=\"twitter:data1\" content=\"3 minutes\" \/>\n<script type=\"application\/ld+json\" class=\"yoast-schema-graph\">{\"@context\":\"https:\/\/schema.org\",\"@graph\":[{\"@type\":\"WebPage\",\"@id\":\"https:\/\/www.slow-tourisme-lab.fr\/fr\/le-siestard\/\",\"url\":\"https:\/\/www.slow-tourisme-lab.fr\/fr\/le-siestard\/\",\"name\":\"Le Siestard - Slow Tourisme Lab\",\"isPartOf\":{\"@id\":\"https:\/\/www.slow-tourisme-lab.fr\/fr\/#website\"},\"primaryImageOfPage\":{\"@id\":\"https:\/\/www.slow-tourisme-lab.fr\/fr\/le-siestard\/#primaryimage\"},\"image\":{\"@id\":\"https:\/\/www.slow-tourisme-lab.fr\/fr\/le-siestard\/#primaryimage\"},\"thumbnailUrl\":\"https:\/\/www.slow-tourisme-lab.fr\/assets\/uploads\/sites\/50\/2021\/03\/70628537_101655901238976_8816202007548264448_n.jpg\",\"datePublished\":\"2021-03-24T09:41:06+00:00\",\"dateModified\":\"2021-05-12T14:07:26+00:00\",\"breadcrumb\":{\"@id\":\"https:\/\/www.slow-tourisme-lab.fr\/fr\/le-siestard\/#breadcrumb\"},\"inLanguage\":\"fr-FR\",\"potentialAction\":[{\"@type\":\"ReadAction\",\"target\":[\"https:\/\/www.slow-tourisme-lab.fr\/fr\/le-siestard\/\"]}]},{\"@type\":\"ImageObject\",\"inLanguage\":\"fr-FR\",\"@id\":\"https:\/\/www.slow-tourisme-lab.fr\/fr\/le-siestard\/#primaryimage\",\"url\":\"https:\/\/www.slow-tourisme-lab.fr\/assets\/uploads\/sites\/50\/2021\/03\/70628537_101655901238976_8816202007548264448_n.jpg\",\"contentUrl\":\"https:\/\/www.slow-tourisme-lab.fr\/assets\/uploads\/sites\/50\/2021\/03\/70628537_101655901238976_8816202007548264448_n.jpg\",\"width\":665,\"height\":665},{\"@type\":\"BreadcrumbList\",\"@id\":\"https:\/\/www.slow-tourisme-lab.fr\/fr\/le-siestard\/#breadcrumb\",\"itemListElement\":[{\"@type\":\"ListItem\",\"position\":1,\"name\":\"Accueil\",\"item\":\"https:\/\/www.slow-tourisme-lab.fr\/fr\/\"},{\"@type\":\"ListItem\",\"position\":2,\"name\":\"Le Siestard\"}]},{\"@type\":\"WebSite\",\"@id\":\"https:\/\/www.slow-tourisme-lab.fr\/fr\/#website\",\"url\":\"https:\/\/www.slow-tourisme-lab.fr\/fr\/\",\"name\":\"Slow Tourisme Lab\",\"description\":\"Un accompagnement pour l'innovation touristique durable\",\"potentialAction\":[{\"@type\":\"SearchAction\",\"target\":{\"@type\":\"EntryPoint\",\"urlTemplate\":\"https:\/\/www.slow-tourisme-lab.fr\/fr\/?s={search_term_string}\"},\"query-input\":{\"@type\":\"PropertyValueSpecification\",\"valueRequired\":true,\"valueName\":\"search_term_string\"}}],\"inLanguage\":\"fr-FR\"}]}<\/script>\n<!-- \/ Yoast SEO plugin. -->","yoast_head_json":{"title":"Le Siestard - Slow Tourisme Lab","robots":{"index":"index","follow":"follow","max-snippet":"max-snippet:-1","max-image-preview":"max-image-preview:large","max-video-preview":"max-video-preview:-1"},"canonical":"https:\/\/www.slow-tourisme-lab.fr\/fr\/le-siestard\/","og_locale":"fr_FR","og_type":"article","og_title":"Le Siestard - Slow Tourisme Lab","og_description":"[vc_row css_animation=\u00a0\u00bb\u00a0\u00bb row_type=\u00a0\u00bbrow\u00a0\u00bb use_row_as_full_screen_section=\u00a0\u00bbno\u00a0\u00bb type=\u00a0\u00bbfull_width\u00a0\u00bb angled_section=\u00a0\u00bbno\u00a0\u00bb text_align=\u00a0\u00bbleft\u00a0\u00bb background_image_as_pattern=\u00a0\u00bbwithout_pattern\u00a0\u00bb][vc_column][vc_column_text] Le siestard c&rsquo;est quoi ? &nbsp; C&rsquo;est une application d\u00e9di\u00e9e au bien-\u00eatre nomade.\u00a0 Celle-ci vous permet de trouver rapidement des lieux reposants et des commerces de proximit\u00e9, dans toute la France ! &nbsp; &nbsp; Comment \u00e7a fonctionne...","og_url":"https:\/\/www.slow-tourisme-lab.fr\/fr\/le-siestard\/","og_site_name":"Slow Tourisme Lab","article_modified_time":"2021-05-12T14:07:26+00:00","og_image":[{"width":665,"height":665,"url":"https:\/\/www.slow-tourisme-lab.fr\/assets\/uploads\/sites\/50\/2021\/03\/70628537_101655901238976_8816202007548264448_n.jpg","type":"image\/jpeg"}],"twitter_card":"summary_large_image","twitter_misc":{"Dur\u00e9e de lecture estim\u00e9e":"3 minutes"},"schema":{"@context":"https:\/\/schema.org","@graph":[{"@type":"WebPage","@id":"https:\/\/www.slow-tourisme-lab.fr\/fr\/le-siestard\/","url":"https:\/\/www.slow-tourisme-lab.fr\/fr\/le-siestard\/","name":"Le Siestard - Slow Tourisme Lab","isPartOf":{"@id":"https:\/\/www.slow-tourisme-lab.fr\/fr\/#website"},"primaryImageOfPage":{"@id":"https:\/\/www.slow-tourisme-lab.fr\/fr\/le-siestard\/#primaryimage"},"image":{"@id":"https:\/\/www.slow-tourisme-lab.fr\/fr\/le-siestard\/#primaryimage"},"thumbnailUrl":"https:\/\/www.slow-tourisme-lab.fr\/assets\/uploads\/sites\/50\/2021\/03\/70628537_101655901238976_8816202007548264448_n.jpg","datePublished":"2021-03-24T09:41:06+00:00","dateModified":"2021-05-12T14:07:26+00:00","breadcrumb":{"@id":"https:\/\/www.slow-tourisme-lab.fr\/fr\/le-siestard\/#breadcrumb"},"inLanguage":"fr-FR","potentialAction":[{"@type":"ReadAction","target":["https:\/\/www.slow-tourisme-lab.fr\/fr\/le-siestard\/"]}]},{"@type":"ImageObject","inLanguage":"fr-FR","@id":"https:\/\/www.slow-tourisme-lab.fr\/fr\/le-siestard\/#primaryimage","url":"https:\/\/www.slow-tourisme-lab.fr\/assets\/uploads\/sites\/50\/2021\/03\/70628537_101655901238976_8816202007548264448_n.jpg","contentUrl":"https:\/\/www.slow-tourisme-lab.fr\/assets\/uploads\/sites\/50\/2021\/03\/70628537_101655901238976_8816202007548264448_n.jpg","width":665,"height":665},{"@type":"BreadcrumbList","@id":"https:\/\/www.slow-tourisme-lab.fr\/fr\/le-siestard\/#breadcrumb","itemListElement":[{"@type":"ListItem","position":1,"name":"Accueil","item":"https:\/\/www.slow-tourisme-lab.fr\/fr\/"},{"@type":"ListItem","position":2,"name":"Le Siestard"}]},{"@type":"WebSite","@id":"https:\/\/www.slow-tourisme-lab.fr\/fr\/#website","url":"https:\/\/www.slow-tourisme-lab.fr\/fr\/","name":"Slow Tourisme Lab","description":"Un accompagnement pour l'innovation touristique durable","potentialAction":[{"@type":"SearchAction","target":{"@type":"EntryPoint","urlTemplate":"https:\/\/www.slow-tourisme-lab.fr\/fr\/?s={search_term_string}"},"query-input":{"@type":"PropertyValueSpecification","valueRequired":true,"valueName":"search_term_string"}}],"inLanguage":"fr-FR"}]}},"_links":{"self":[{"href":"https:\/\/www.slow-tourisme-lab.fr\/fr\/wp-json\/wp\/v2\/pages\/18318\/"}],"collection":[{"href":"https:\/\/www.slow-tourisme-lab.fr\/fr\/wp-json\/wp\/v2\/pages\/"}],"about":[{"href":"https:\/\/www.slow-tourisme-lab.fr\/fr\/wp-json\/wp\/v2\/types\/page\/"}],"author":[{"embeddable":true,"href":"https:\/\/www.slow-tourisme-lab.fr\/fr\/wp-json\/wp\/v2\/users\/108\/"}],"replies":[{"embeddable":true,"href":"https:\/\/www.slow-tourisme-lab.fr\/fr\/wp-json\/wp\/v2\/comments\/?post=18318"}],"version-history":[{"count":6,"href":"https:\/\/www.slow-tourisme-lab.fr\/fr\/wp-json\/wp\/v2\/pages\/18318\/revisions\/"}],"predecessor-version":[{"id":19697,"href":"https:\/\/www.slow-tourisme-lab.fr\/fr\/wp-json\/wp\/v2\/pages\/18318\/revisions\/19697\/"}],"wp:featuredmedia":[{"embeddable":true,"href":"https:\/\/www.slow-tourisme-lab.fr\/fr\/wp-json\/wp\/v2\/media\/18323\/"}],"wp:attachment":[{"href":"https:\/\/www.slow-tourisme-lab.fr\/fr\/wp-json\/wp\/v2\/media\/?parent=18318"}],"curies":[{"name":"wp","href":"https:\/\/api.w.org\/{rel}","templated":true}]}}