{"id":18314,"date":"2021-03-23T09:33:20","date_gmt":"2021-03-23T08:33:20","guid":{"rendered":"https:\/\/www.slow-tourisme-lab.fr\/?page_id=18314"},"modified":"2021-07-12T11:59:42","modified_gmt":"2021-07-12T09:59:42","slug":"bucoli","status":"publish","type":"page","link":"https:\/\/www.slow-tourisme-lab.fr\/fr\/bucoli\/","title":{"rendered":"Bucoli"},"content":{"rendered":"<div class=\"wpb-content-wrapper\"><p>[vc_row css_animation=\u00a0\u00bb\u00a0\u00bb row_type=\u00a0\u00bbrow\u00a0\u00bb use_row_as_full_screen_section=\u00a0\u00bbno\u00a0\u00bb type=\u00a0\u00bbfull_width\u00a0\u00bb angled_section=\u00a0\u00bbno\u00a0\u00bb text_align=\u00a0\u00bbleft\u00a0\u00bb background_image_as_pattern=\u00a0\u00bbwithout_pattern\u00a0\u00bb][vc_column][vc_column_text]<\/p>\n<h2 style=\"text-align: center\">Bucoli c&rsquo;est quoi ?<\/h2>\n<p>&nbsp;<\/p>\n<p><img fetchpriority=\"high\" decoding=\"async\" class=\"wp-image-18381 aligncenter\" src=\"https:\/\/www.slow-tourisme-lab.fr\/assets\/uploads\/sites\/50\/2021\/03\/159764829_284744196520344_7695030825950258704_o.jpg\" alt=\"\" width=\"557\" height=\"371\" srcset=\"https:\/\/www.slow-tourisme-lab.fr\/assets\/uploads\/sites\/50\/2021\/03\/159764829_284744196520344_7695030825950258704_o.jpg 1650w, https:\/\/www.slow-tourisme-lab.fr\/assets\/uploads\/sites\/50\/2021\/03\/159764829_284744196520344_7695030825950258704_o-300x200.jpg 300w, https:\/\/www.slow-tourisme-lab.fr\/assets\/uploads\/sites\/50\/2021\/03\/159764829_284744196520344_7695030825950258704_o-768x512.jpg 768w, https:\/\/www.slow-tourisme-lab.fr\/assets\/uploads\/sites\/50\/2021\/03\/159764829_284744196520344_7695030825950258704_o-1024x683.jpg 1024w, https:\/\/www.slow-tourisme-lab.fr\/assets\/uploads\/sites\/50\/2021\/03\/159764829_284744196520344_7695030825950258704_o-700x467.jpg 700w\" sizes=\"(max-width: 557px) 100vw, 557px\" \/><\/p>\n<p>&nbsp;<\/p>\n<p style=\"text-align: center\">C&rsquo;est le projet de deux jeunes qui avaient envie de se d\u00e9connecter de Paris, sans partir trop loin et dans un habitat confortable.<\/p>\n<p style=\"text-align: center\">L&rsquo;id\u00e9e de construire une tiny house leur est alors venue. Elle est situ\u00e9e \u00e0 2h15 au sud-est de Paris, dans un bois, calme, proche de beaux sentiers de balades et d&rsquo;espaces sauvages.<\/p>\n<p>&nbsp;<\/p>\n<p>&nbsp;<\/p>\n<h2 style=\"text-align: center\">La philosophie de Bucoli :<\/h2>\n<p>&nbsp;<\/p>\n<p style=\"text-align: center\">Bucoli se veut respectueux de la nature. Leur tiny house est 100% \u00e9co-con\u00e7ue, avec du bois non-trait\u00e9 et 100% fran\u00e7ais. Elle est autonome en \u00e9nergie et en eau. Elle respecte le paysage et les \u00e9cosyst\u00e8mes. Leur philosophie est aussi de vivre une exp\u00e9rience dans la simplicit\u00e9 \u00ab\u00a0tout ce dont vous avez besoin, et rien de plus\u00a0\u00bb. Tout cela dans de grands espaces naturels pr\u00e9serv\u00e9s afin de sortir de son quotidien et d&rsquo;\u00eatre \u00e0 l&rsquo;\u00e9coute de soi et de ce qui nous entoure.<\/p>\n<p>&nbsp;<\/p>\n<p>&nbsp;<\/p>\n<p>[\/vc_column_text][vc_empty_space][\/vc_column][\/vc_row][vc_row css_animation=\u00a0\u00bb\u00a0\u00bb row_type=\u00a0\u00bbrow\u00a0\u00bb use_row_as_full_screen_section=\u00a0\u00bbno\u00a0\u00bb type=\u00a0\u00bbfull_width\u00a0\u00bb angled_section=\u00a0\u00bbno\u00a0\u00bb text_align=\u00a0\u00bbleft\u00a0\u00bb background_image_as_pattern=\u00a0\u00bbwithout_pattern\u00a0\u00bb][vc_column width=\u00a0\u00bb1\/2&Prime;][vc_single_image image=\u00a0\u00bb18379&Prime; img_size=\u00a0\u00bbfull\u00a0\u00bb qode_css_animation=\u00a0\u00bb\u00a0\u00bb][vc_empty_space][\/vc_column][vc_column width=\u00a0\u00bb1\/2&Prime;][vc_single_image image=\u00a0\u00bb18377&Prime; img_size=\u00a0\u00bbfull\u00a0\u00bb qode_css_animation=\u00a0\u00bb\u00a0\u00bb][vc_empty_space][\/vc_column][\/vc_row][vc_row css_animation=\u00a0\u00bb\u00a0\u00bb row_type=\u00a0\u00bbrow\u00a0\u00bb use_row_as_full_screen_section=\u00a0\u00bbno\u00a0\u00bb type=\u00a0\u00bbfull_width\u00a0\u00bb angled_section=\u00a0\u00bbno\u00a0\u00bb text_align=\u00a0\u00bbleft\u00a0\u00bb background_image_as_pattern=\u00a0\u00bbwithout_pattern\u00a0\u00bb][vc_column][vc_column_text]<\/p>\n<p style=\"text-align: center\">Louis et Marc n&rsquo;ont pour le moment qu\u2019une tiny house, qu\u2019ils ont construite de leurs mains. Ils n&rsquo;\u00e9taient pas de grands bricoleurs pourtant ils l&rsquo;ont fait !<\/p>\n<p style=\"text-align: center\">Cependant, nous sommes heureux de vous annoncer que <strong>deux nouvelles tiny houses sont en cours d\u2019installation<\/strong> ! Et devinez ! Ces nouvelles tiny houses seront sur notre territoire aubois. L&rsquo;Aube est un territoire qui attire avec ses maisons de champagne, son parc naturel r\u00e9gional ou encore sa gastronomie. Bucoli avec ces deux nouveaux habitats nous le prouve ! En effet, ils font attention \u00e0 s\u00e9lectionner des lieux d\u00e9paysants, o\u00f9 le patrimoine culturel et naturel des alentours sont \u00e0 couper le souffle !<\/p>\n<p>[\/vc_column_text][vc_empty_space][vc_single_image image=\u00a0\u00bb18529&Prime; img_size=\u00a0\u00bbfull\u00a0\u00bb alignment=\u00a0\u00bbcenter\u00a0\u00bb qode_css_animation=\u00a0\u00bb\u00a0\u00bb][vc_empty_space][vc_empty_space][vc_column_text]<\/p>\n<h2 style=\"text-align: center\">Bucoli cherche activement des propri\u00e9taires qui seraient int\u00e9ress\u00e9s pour mettre \u00e0 disposition leur terrain toute l&rsquo;ann\u00e9e.<\/h2>\n<p>&nbsp;<\/p>\n<p>&nbsp;<\/p>\n<p>Marc et Louis recherchent des lieux uniques et sauvages, avec aucune structure dur \u00e0 vue et situ\u00e9s \u00e0 moins de 2 heures d&rsquo;une grande agglom\u00e9ration.<\/p>\n<p>En r\u00e9alisant un partenariat avec Bucoli vous offrez la possibilit\u00e9 aux voyageurs de se ressourcer dans un lieu authentique et sauvage, tout en contribuant \u00e0 la diversification \u00e9conomique de zones rurales.<\/p>\n<p>De plus, les h\u00e9bergements de Bucoli sont compl\u00e8tement autonomes et ne n\u00e9cessitent aucun am\u00e9nagement sur le terrain pour son installation. Ce sont des petites cabanes en bois sur roues !<\/p>\n<p>&nbsp;<\/p>\n<p><strong><em>Vous \u00eates int\u00e9ress\u00e9s, mais qu&rsquo;est-ce que cela vous apporte ?<\/em><\/strong><\/p>\n<p>&nbsp;<\/p>\n<ul>\n<li>Gagnez un compl\u00e9ment de revenu.<\/li>\n<li>Partagez votre passion et faites d\u00e9couvrir votre quotidien.<\/li>\n<li>B\u00e9n\u00e9ficiez d&rsquo;une meilleure visibilit\u00e9.<\/li>\n<\/ul>\n<p>[\/vc_column_text][\/vc_column][\/vc_row][vc_row css_animation=\u00a0\u00bb\u00a0\u00bb row_type=\u00a0\u00bbrow\u00a0\u00bb use_row_as_full_screen_section=\u00a0\u00bbno\u00a0\u00bb type=\u00a0\u00bbfull_width\u00a0\u00bb angled_section=\u00a0\u00bbno\u00a0\u00bb text_align=\u00a0\u00bbleft\u00a0\u00bb background_image_as_pattern=\u00a0\u00bbwithout_pattern\u00a0\u00bb][vc_column width=\u00a0\u00bb1\/3&Prime;][\/vc_column][vc_column width=\u00a0\u00bb1\/3&Prime;][vc_empty_space][vc_column_text]<\/p>\n<h3 style=\"text-align: center\">Vous souhaitez plus de d\u00e9tails ou vous \u00eates d\u00e9j\u00e0 partants ? Rendez-vous sur :<\/h3>\n<p>[\/vc_column_text][vc_empty_space]<a  itemprop=\"url\" href=\"https:\/\/www.buco.li\/host\" target=\"_blank\"  class=\"qbutton  default\" style=\"\">Rejoignez le mouvement ! <\/a>[\/vc_column][vc_column width=\u00a0\u00bb1\/3&Prime;][\/vc_column][\/vc_row][vc_row css_animation=\u00a0\u00bb\u00a0\u00bb row_type=\u00a0\u00bbrow\u00a0\u00bb use_row_as_full_screen_section=\u00a0\u00bbno\u00a0\u00bb type=\u00a0\u00bbfull_width\u00a0\u00bb angled_section=\u00a0\u00bbno\u00a0\u00bb text_align=\u00a0\u00bbleft\u00a0\u00bb background_image_as_pattern=\u00a0\u00bbwithout_pattern\u00a0\u00bb][vc_column][vc_empty_space][vc_empty_space][vc_column_text]<\/p>\n<p>&nbsp;<\/p>\n<p><iframe title=\"CONSTRUIRE UNE TINY HOUSE AUTONOME DEPUIS 0\" width=\"1060\" height=\"596\" src=\"https:\/\/www.youtube.com\/embed\/t_h9Bwx3Vd8?feature=oembed\" frameborder=\"0\" allow=\"accelerometer; autoplay; clipboard-write; encrypted-media; gyroscope; picture-in-picture\" allowfullscreen><\/iframe><\/p>\n<p>[\/vc_column_text][vc_empty_space][vc_video link=\u00a0\u00bbhttps:\/\/www.youtube.com\/watch?v=orxCP_rE0aw&amp;t=11s\u00a0\u00bb][vc_empty_space][vc_empty_space][\/vc_column][\/vc_row][vc_row css_animation=\u00a0\u00bb\u00a0\u00bb row_type=\u00a0\u00bbrow\u00a0\u00bb use_row_as_full_screen_section=\u00a0\u00bbno\u00a0\u00bb type=\u00a0\u00bbfull_width\u00a0\u00bb angled_section=\u00a0\u00bbno\u00a0\u00bb text_align=\u00a0\u00bbleft\u00a0\u00bb background_image_as_pattern=\u00a0\u00bbwithout_pattern\u00a0\u00bb][vc_column][vc_column_text]<\/p>\n<h2 style=\"text-align: center\">Bucoli<\/h2>\n<p>&nbsp;<\/p>\n<p style=\"text-align: center\"><a href=\"https:\/\/www.buco.li\/\" target=\"_blank\" rel=\"noopener noreferrer\">www.Buco.li<\/a><\/p>\n<p style=\"text-align: center\"><a href=\"mailto:contact@buco.li\">contact@buco.li<\/a><\/p>\n<p style=\"text-align: center\">Marc Arnal <a href=\"mailto:marc.arnal@buco.li\">marc.arnal@buco.li\u00a0<\/a><\/p>\n<p style=\"text-align: center\">Louis Graffeuil <a href=\"mailto:louis.graffeuil@buco.li\">louis.graffeuil@buco.li<\/a><\/p>\n<p>[\/vc_column_text][\/vc_column][\/vc_row][vc_row css_animation=\u00a0\u00bb\u00a0\u00bb row_type=\u00a0\u00bbrow\u00a0\u00bb use_row_as_full_screen_section=\u00a0\u00bbno\u00a0\u00bb type=\u00a0\u00bbfull_width\u00a0\u00bb angled_section=\u00a0\u00bbno\u00a0\u00bb text_align=\u00a0\u00bbleft\u00a0\u00bb background_image_as_pattern=\u00a0\u00bbwithout_pattern\u00a0\u00bb][vc_column width=\u00a0\u00bb1\/3&Prime;][\/vc_column][vc_column width=\u00a0\u00bb1\/3&Prime;]<div class=\"ult-team-member-wrap ult-style-1  \"><div class=\"ult-team-member-image\" style=\"\"> <img decoding=\"async\" class=\"ult-team-grayscale\" src=\"\" alt=\"\"  style=\"\"><span class=\"ult-team-member-image-overlay \"  ><\/span><\/div><div class=\"ult-team-member-bio-wrap style-1 ultimate-heading69e19338916b2\" style=\"text-align:center;; \"><div class=\"ult-team-member-name-wrap\"><h2 class=\"ult-team-member-name ult-responsive\"  data-ultimate-target='.ult-team-member-bio-wrap.ultimate-heading69e19338916b2 .ult-team-member-name'  data-responsive-json-new='{\"font-size\":\"\",\"line-height\":\"\"}'  style=\"\"><\/h2><div style=\"margin-bottom:15px\"><\/div><div class='ult-social-buttons'><a href='https:\/\/www.instagram.com\/buco.li\/' target='_blank' rel='noopener' title='' class='ult-team ult-social-icon' style='font-size:35px ; margin-left:10px;margin-right:10px;;'  data-iconcolor='inherit' data-iconhover='inherit' ><i class='Defaults-instagram'><\/i><\/a><a href='https:\/\/www.facebook.com\/bucoliFR' target='_blank' rel='noopener' title='' class='ult-team ult-social-icon' style='font-size:35px ; margin-left:10px;margin-right:10px;;'  data-iconcolor='inherit' data-iconhover='inherit' ><i class='Defaults-facebook-square'><\/i><\/a><a href='https:\/\/www.pinterest.fr\/BucoliFR\/_created\/' target='_blank' rel='noopener' title='' class='ult-team ult-social-icon' style='font-size:35px ; margin-left:10px;margin-right:10px;;'  data-iconcolor='inherit' data-iconhover='inherit' ><i class='Defaults-pinterest-square'><\/i><\/a><a href='https:\/\/www.youtube.com\/channel\/UCrwxr7K7R_ZSBOl-Q5PrXTg' target='_blank' rel='noopener' title='' class='ult-team ult-social-icon' style='font-size:35px ; margin-left:10px;margin-right:10px;;'  data-iconcolor='inherit' data-iconhover='inherit' ><i class='Defaults-youtube-play'><\/i><\/a><\/div><\/div><\/div><\/div>[\/vc_column][vc_column width=\u00a0\u00bb1\/3&Prime;][\/vc_column][\/vc_row]<\/p>\n<\/div>","protected":false},"excerpt":{"rendered":"<p>[vc_row css_animation=\u00a0\u00bb\u00a0\u00bb row_type=\u00a0\u00bbrow\u00a0\u00bb use_row_as_full_screen_section=\u00a0\u00bbno\u00a0\u00bb type=\u00a0\u00bbfull_width\u00a0\u00bb angled_section=\u00a0\u00bbno\u00a0\u00bb text_align=\u00a0\u00bbleft\u00a0\u00bb background_image_as_pattern=\u00a0\u00bbwithout_pattern\u00a0\u00bb][vc_column][vc_column_text] Bucoli c&rsquo;est quoi ? &nbsp; &nbsp; C&rsquo;est le projet de deux jeunes qui avaient envie de se d\u00e9connecter de Paris, sans partir trop loin et dans un habitat confortable. L&rsquo;id\u00e9e de construire une tiny house leur est&#8230;<\/p>\n","protected":false},"author":108,"featured_media":0,"parent":0,"menu_order":0,"comment_status":"closed","ping_status":"closed","template":"","meta":{"footnotes":""},"class_list":["post-18314","page","type-page","status-publish","hentry"],"yoast_head":"<!-- This site is optimized with the Yoast SEO plugin v26.6 - https:\/\/yoast.com\/wordpress\/plugins\/seo\/ -->\n<title>Bucoli - Slow Tourisme Lab<\/title>\n<meta name=\"robots\" content=\"index, follow, max-snippet:-1, max-image-preview:large, max-video-preview:-1\" \/>\n<link rel=\"canonical\" href=\"https:\/\/www.slow-tourisme-lab.fr\/fr\/bucoli\/\" \/>\n<meta property=\"og:locale\" content=\"fr_FR\" \/>\n<meta property=\"og:type\" content=\"article\" \/>\n<meta property=\"og:title\" content=\"Bucoli - Slow Tourisme Lab\" \/>\n<meta property=\"og:description\" content=\"[vc_row css_animation=\u00a0\u00bb\u00a0\u00bb row_type=\u00a0\u00bbrow\u00a0\u00bb use_row_as_full_screen_section=\u00a0\u00bbno\u00a0\u00bb type=\u00a0\u00bbfull_width\u00a0\u00bb angled_section=\u00a0\u00bbno\u00a0\u00bb text_align=\u00a0\u00bbleft\u00a0\u00bb background_image_as_pattern=\u00a0\u00bbwithout_pattern\u00a0\u00bb][vc_column][vc_column_text] Bucoli c&rsquo;est quoi ? &nbsp; &nbsp; C&rsquo;est le projet de deux jeunes qui avaient envie de se d\u00e9connecter de Paris, sans partir trop loin et dans un habitat confortable. L&rsquo;id\u00e9e de construire une tiny house leur est...\" \/>\n<meta property=\"og:url\" content=\"https:\/\/www.slow-tourisme-lab.fr\/fr\/bucoli\/\" \/>\n<meta property=\"og:site_name\" content=\"Slow Tourisme Lab\" \/>\n<meta property=\"article:modified_time\" content=\"2021-07-12T09:59:42+00:00\" \/>\n<meta property=\"og:image\" content=\"https:\/\/slowtourismelab-www.v3.mobylee.com\/assets\/uploads\/sites\/50\/2021\/03\/159764829_284744196520344_7695030825950258704_o.jpg\" \/>\n<meta name=\"twitter:card\" content=\"summary_large_image\" \/>\n<meta name=\"twitter:label1\" content=\"Dur\u00e9e de lecture estim\u00e9e\" \/>\n\t<meta name=\"twitter:data1\" content=\"5 minutes\" \/>\n<script type=\"application\/ld+json\" class=\"yoast-schema-graph\">{\"@context\":\"https:\/\/schema.org\",\"@graph\":[{\"@type\":\"WebPage\",\"@id\":\"https:\/\/www.slow-tourisme-lab.fr\/fr\/bucoli\/\",\"url\":\"https:\/\/www.slow-tourisme-lab.fr\/fr\/bucoli\/\",\"name\":\"Bucoli - Slow Tourisme Lab\",\"isPartOf\":{\"@id\":\"https:\/\/www.slow-tourisme-lab.fr\/fr\/#website\"},\"primaryImageOfPage\":{\"@id\":\"https:\/\/www.slow-tourisme-lab.fr\/fr\/bucoli\/#primaryimage\"},\"image\":{\"@id\":\"https:\/\/www.slow-tourisme-lab.fr\/fr\/bucoli\/#primaryimage\"},\"thumbnailUrl\":\"https:\/\/slowtourismelab-www.v3.mobylee.com\/assets\/uploads\/sites\/50\/2021\/03\/159764829_284744196520344_7695030825950258704_o.jpg\",\"datePublished\":\"2021-03-23T08:33:20+00:00\",\"dateModified\":\"2021-07-12T09:59:42+00:00\",\"breadcrumb\":{\"@id\":\"https:\/\/www.slow-tourisme-lab.fr\/fr\/bucoli\/#breadcrumb\"},\"inLanguage\":\"fr-FR\",\"potentialAction\":[{\"@type\":\"ReadAction\",\"target\":[\"https:\/\/www.slow-tourisme-lab.fr\/fr\/bucoli\/\"]}]},{\"@type\":\"ImageObject\",\"inLanguage\":\"fr-FR\",\"@id\":\"https:\/\/www.slow-tourisme-lab.fr\/fr\/bucoli\/#primaryimage\",\"url\":\"https:\/\/slowtourismelab-www.v3.mobylee.com\/assets\/uploads\/sites\/50\/2021\/03\/159764829_284744196520344_7695030825950258704_o.jpg\",\"contentUrl\":\"https:\/\/slowtourismelab-www.v3.mobylee.com\/assets\/uploads\/sites\/50\/2021\/03\/159764829_284744196520344_7695030825950258704_o.jpg\"},{\"@type\":\"BreadcrumbList\",\"@id\":\"https:\/\/www.slow-tourisme-lab.fr\/fr\/bucoli\/#breadcrumb\",\"itemListElement\":[{\"@type\":\"ListItem\",\"position\":1,\"name\":\"Accueil\",\"item\":\"https:\/\/www.slow-tourisme-lab.fr\/fr\/\"},{\"@type\":\"ListItem\",\"position\":2,\"name\":\"Bucoli\"}]},{\"@type\":\"WebSite\",\"@id\":\"https:\/\/www.slow-tourisme-lab.fr\/fr\/#website\",\"url\":\"https:\/\/www.slow-tourisme-lab.fr\/fr\/\",\"name\":\"Slow Tourisme Lab\",\"description\":\"Un accompagnement pour l'innovation touristique durable\",\"potentialAction\":[{\"@type\":\"SearchAction\",\"target\":{\"@type\":\"EntryPoint\",\"urlTemplate\":\"https:\/\/www.slow-tourisme-lab.fr\/fr\/?s={search_term_string}\"},\"query-input\":{\"@type\":\"PropertyValueSpecification\",\"valueRequired\":true,\"valueName\":\"search_term_string\"}}],\"inLanguage\":\"fr-FR\"}]}<\/script>\n<!-- \/ Yoast SEO plugin. -->","yoast_head_json":{"title":"Bucoli - Slow Tourisme Lab","robots":{"index":"index","follow":"follow","max-snippet":"max-snippet:-1","max-image-preview":"max-image-preview:large","max-video-preview":"max-video-preview:-1"},"canonical":"https:\/\/www.slow-tourisme-lab.fr\/fr\/bucoli\/","og_locale":"fr_FR","og_type":"article","og_title":"Bucoli - Slow Tourisme Lab","og_description":"[vc_row css_animation=\u00a0\u00bb\u00a0\u00bb row_type=\u00a0\u00bbrow\u00a0\u00bb use_row_as_full_screen_section=\u00a0\u00bbno\u00a0\u00bb type=\u00a0\u00bbfull_width\u00a0\u00bb angled_section=\u00a0\u00bbno\u00a0\u00bb text_align=\u00a0\u00bbleft\u00a0\u00bb background_image_as_pattern=\u00a0\u00bbwithout_pattern\u00a0\u00bb][vc_column][vc_column_text] Bucoli c&rsquo;est quoi ? &nbsp; &nbsp; C&rsquo;est le projet de deux jeunes qui avaient envie de se d\u00e9connecter de Paris, sans partir trop loin et dans un habitat confortable. L&rsquo;id\u00e9e de construire une tiny house leur est...","og_url":"https:\/\/www.slow-tourisme-lab.fr\/fr\/bucoli\/","og_site_name":"Slow Tourisme Lab","article_modified_time":"2021-07-12T09:59:42+00:00","og_image":[{"url":"https:\/\/slowtourismelab-www.v3.mobylee.com\/assets\/uploads\/sites\/50\/2021\/03\/159764829_284744196520344_7695030825950258704_o.jpg","type":"","width":"","height":""}],"twitter_card":"summary_large_image","twitter_misc":{"Dur\u00e9e de lecture estim\u00e9e":"5 minutes"},"schema":{"@context":"https:\/\/schema.org","@graph":[{"@type":"WebPage","@id":"https:\/\/www.slow-tourisme-lab.fr\/fr\/bucoli\/","url":"https:\/\/www.slow-tourisme-lab.fr\/fr\/bucoli\/","name":"Bucoli - Slow Tourisme Lab","isPartOf":{"@id":"https:\/\/www.slow-tourisme-lab.fr\/fr\/#website"},"primaryImageOfPage":{"@id":"https:\/\/www.slow-tourisme-lab.fr\/fr\/bucoli\/#primaryimage"},"image":{"@id":"https:\/\/www.slow-tourisme-lab.fr\/fr\/bucoli\/#primaryimage"},"thumbnailUrl":"https:\/\/slowtourismelab-www.v3.mobylee.com\/assets\/uploads\/sites\/50\/2021\/03\/159764829_284744196520344_7695030825950258704_o.jpg","datePublished":"2021-03-23T08:33:20+00:00","dateModified":"2021-07-12T09:59:42+00:00","breadcrumb":{"@id":"https:\/\/www.slow-tourisme-lab.fr\/fr\/bucoli\/#breadcrumb"},"inLanguage":"fr-FR","potentialAction":[{"@type":"ReadAction","target":["https:\/\/www.slow-tourisme-lab.fr\/fr\/bucoli\/"]}]},{"@type":"ImageObject","inLanguage":"fr-FR","@id":"https:\/\/www.slow-tourisme-lab.fr\/fr\/bucoli\/#primaryimage","url":"https:\/\/slowtourismelab-www.v3.mobylee.com\/assets\/uploads\/sites\/50\/2021\/03\/159764829_284744196520344_7695030825950258704_o.jpg","contentUrl":"https:\/\/slowtourismelab-www.v3.mobylee.com\/assets\/uploads\/sites\/50\/2021\/03\/159764829_284744196520344_7695030825950258704_o.jpg"},{"@type":"BreadcrumbList","@id":"https:\/\/www.slow-tourisme-lab.fr\/fr\/bucoli\/#breadcrumb","itemListElement":[{"@type":"ListItem","position":1,"name":"Accueil","item":"https:\/\/www.slow-tourisme-lab.fr\/fr\/"},{"@type":"ListItem","position":2,"name":"Bucoli"}]},{"@type":"WebSite","@id":"https:\/\/www.slow-tourisme-lab.fr\/fr\/#website","url":"https:\/\/www.slow-tourisme-lab.fr\/fr\/","name":"Slow Tourisme Lab","description":"Un accompagnement pour l'innovation touristique durable","potentialAction":[{"@type":"SearchAction","target":{"@type":"EntryPoint","urlTemplate":"https:\/\/www.slow-tourisme-lab.fr\/fr\/?s={search_term_string}"},"query-input":{"@type":"PropertyValueSpecification","valueRequired":true,"valueName":"search_term_string"}}],"inLanguage":"fr-FR"}]}},"_links":{"self":[{"href":"https:\/\/www.slow-tourisme-lab.fr\/fr\/wp-json\/wp\/v2\/pages\/18314\/"}],"collection":[{"href":"https:\/\/www.slow-tourisme-lab.fr\/fr\/wp-json\/wp\/v2\/pages\/"}],"about":[{"href":"https:\/\/www.slow-tourisme-lab.fr\/fr\/wp-json\/wp\/v2\/types\/page\/"}],"author":[{"embeddable":true,"href":"https:\/\/www.slow-tourisme-lab.fr\/fr\/wp-json\/wp\/v2\/users\/108\/"}],"replies":[{"embeddable":true,"href":"https:\/\/www.slow-tourisme-lab.fr\/fr\/wp-json\/wp\/v2\/comments\/?post=18314"}],"version-history":[{"count":5,"href":"https:\/\/www.slow-tourisme-lab.fr\/fr\/wp-json\/wp\/v2\/pages\/18314\/revisions\/"}],"predecessor-version":[{"id":19361,"href":"https:\/\/www.slow-tourisme-lab.fr\/fr\/wp-json\/wp\/v2\/pages\/18314\/revisions\/19361\/"}],"wp:attachment":[{"href":"https:\/\/www.slow-tourisme-lab.fr\/fr\/wp-json\/wp\/v2\/media\/?parent=18314"}],"curies":[{"name":"wp","href":"https:\/\/api.w.org\/{rel}","templated":true}]}}