{"id":18178,"date":"2020-12-15T10:00:57","date_gmt":"2020-12-15T09:00:57","guid":{"rendered":"https:\/\/www.slow-tourisme-lab.fr\/?page_id=18178"},"modified":"2021-01-14T15:35:02","modified_gmt":"2021-01-14T14:35:02","slug":"destination-parcs-a-la-recherche-dun-entrepreneur","status":"publish","type":"page","link":"https:\/\/www.slow-tourisme-lab.fr\/fr\/destination-parcs-a-la-recherche-dun-entrepreneur\/","title":{"rendered":"Destination Parcs \u00e0 la recherche d\u2019un entrepreneur"},"content":{"rendered":"<div class=\"wpb-content-wrapper\"><p>[vc_row css_animation=\u00a0\u00bb\u00a0\u00bb row_type=\u00a0\u00bbrow\u00a0\u00bb use_row_as_full_screen_section=\u00a0\u00bbno\u00a0\u00bb type=\u00a0\u00bbfull_width\u00a0\u00bb angled_section=\u00a0\u00bbno\u00a0\u00bb text_align=\u00a0\u00bbleft\u00a0\u00bb background_image_as_pattern=\u00a0\u00bbwithout_pattern\u00a0\u00bb][vc_column][vc_gallery type=\u00a0\u00bbflexslider_slide\u00a0\u00bb interval=\u00a0\u00bb5&Prime; images=\u00a0\u00bb18237,18195,18197,18199,18201,18203&Prime; img_size=\u00a0\u00bbfull\u00a0\u00bb onclick=\u00a0\u00bb\u00a0\u00bb][\/vc_column][\/vc_row][vc_row css_animation=\u00a0\u00bb\u00a0\u00bb row_type=\u00a0\u00bbrow\u00a0\u00bb use_row_as_full_screen_section=\u00a0\u00bbno\u00a0\u00bb type=\u00a0\u00bbfull_width\u00a0\u00bb angled_section=\u00a0\u00bbno\u00a0\u00bb text_align=\u00a0\u00bbleft\u00a0\u00bb background_image_as_pattern=\u00a0\u00bbwithout_pattern\u00a0\u00bb][vc_column width=\u00a0\u00bb1\/6&Prime;][vc_empty_space][vc_single_image image=\u00a0\u00bb18217&Prime; img_size=\u00a0\u00bbfull\u00a0\u00bb qode_css_animation=\u00a0\u00bb\u00a0\u00bb][\/vc_column][vc_column width=\u00a0\u00bb2\/3&Prime;][vc_empty_space][vc_column_text]<\/p>\n<p style=\"text-align: center\"><b><i>La F\u00e9d\u00e9ration des Parcs naturels r\u00e9gionaux, 15 Parcs pionniers ainsi que l\u2019incubateur Slow Tourisme Lab<\/i><\/b><i><span style=\"font-weight: 400\"> s\u2019associent dans une d\u00e9marche co-construite nomm\u00e9e \u00ab\u00a0Lab Parc\u00a0\u00bb.<\/span><\/i><\/p>\n<p style=\"text-align: center\"><i><span style=\"font-weight: 400\">Ils lancent en ce d\u00e9but d\u2019ann\u00e9e 2021 un appel \u00e0 projet pour la recherche d\u2019un entrepreneur seul ou en collectif pour d\u00e9velopper et commercialiser de nouvelles offres touristiques \u201cDestination Parcs\u201d autour des valeurs qui fondent un autre tourisme qui s\u2019invente dans les Parcs.\u00a0\u00a0<\/span><\/i><\/p>\n<p>[\/vc_column_text][vc_empty_space][vc_column_text]<\/p>\n<h1>Destination Parcs<\/h1>\n<p>[\/vc_column_text][vc_column_text]La F\u00e9d\u00e9ration des Parcs naturels r\u00e9gionaux et ses 56 Parcs repr\u00e9sentent un territoire engag\u00e9 dans la pr\u00e9servation des territoires authentiques et sont les acteurs de la transition \u00e9cologique. C\u2019est alors naturellement qu\u2019une volont\u00e9 commune pour faire \u00e9merger des offres \u00ab\u00a0Destination Parcs\u00a0\u00bb est n\u00e9e afin de promouvoir et de faire rayonner ce positionnement ainsi que des offres touristiques s\u2019inscrivant dans cet engagement.[\/vc_column_text][vc_empty_space][vc_empty_space][\/vc_column][vc_column width=\u00a0\u00bb1\/6&Prime;][vc_empty_space][vc_single_image image=\u00a0\u00bb18219&Prime; img_size=\u00a0\u00bbfull\u00a0\u00bb qode_css_animation=\u00a0\u00bb\u00a0\u00bb][\/vc_column][\/vc_row][vc_row css_animation=\u00a0\u00bb\u00a0\u00bb row_type=\u00a0\u00bbrow\u00a0\u00bb use_row_as_full_screen_section=\u00a0\u00bbno\u00a0\u00bb type=\u00a0\u00bbfull_width\u00a0\u00bb angled_section=\u00a0\u00bbno\u00a0\u00bb text_align=\u00a0\u00bbleft\u00a0\u00bb background_image_as_pattern=\u00a0\u00bbwithout_pattern\u00a0\u00bb][vc_column width=\u00a0\u00bb1\/2&Prime;][vc_column_text]<\/p>\n<h1>L&rsquo;appel \u00e0 projets<\/h1>\n<p>[\/vc_column_text][vc_column_text]<b>\u201cUn entrepreneur pour la Destination Parcs\u201d<\/b><span style=\"font-weight: 400\"> est un appel \u00e0 candidature global, se d\u00e9roulant <\/span><b>entre le<\/b> <b>11 Janvier<\/b> <b>et le 12 Mars 2021<\/b><span style=\"font-weight: 400\"> et s\u2019inscrivant dans le cadre du renouvellement du cadre strat\u00e9gique \u00abTourisme, Loisirs et sports de nature\u00bb.<\/span><\/p>\n<p>&nbsp;<\/p>\n<p><span style=\"font-weight: 400\">La F\u00e9d\u00e9ration des Parcs Naturels R\u00e9gionaux s\u2019est donn\u00e9e comme ambition de fai<\/span>re<b> \u00e9merger une Destination Parcs pour permettre aux Parcs Naturels R\u00e9gionaux de g\u00e9n\u00e9rer de nouvelles ressources en \u00e9largissant leurs potentiels visiteurs et d\u2019optimiser l\u2019effet destination nationale sur chacun des Parcs.<\/b><\/p>\n<p>&nbsp;<\/p>\n<p><span style=\"font-weight: 400\">\u00c0 travers ce positionnement, c\u2019est le c\u00f4t\u00e9 humain et engag\u00e9 des Parcs qui est mis en avant : les Parcs sont ces espaces d\u2019avenir o\u00f9 l\u2019on rencontre des hommes et des femmes, acteurs du changement et de la transition \u00e9cologique, o\u00f9 l\u2019on d\u00e9couvre les terroirs et la culture de nos r\u00e9gions au milieu d\u2019une nature pr\u00e9serv\u00e9e et dans lesquels on peut prendre le temps de faire une pause et profiter de ce qui compte vraiment.<\/span><\/p>\n<p>[\/vc_column_text][\/vc_column][vc_column width=\u00a0\u00bb1\/2&Prime;][vc_single_image image=\u00a0\u00bb18181&Prime; img_size=\u00a0\u00bbfull\u00a0\u00bb qode_css_animation=\u00a0\u00bb\u00a0\u00bb][\/vc_column][\/vc_row][vc_row css_animation=\u00a0\u00bb\u00a0\u00bb row_type=\u00a0\u00bbrow\u00a0\u00bb use_row_as_full_screen_section=\u00a0\u00bbno\u00a0\u00bb type=\u00a0\u00bbfull_width\u00a0\u00bb angled_section=\u00a0\u00bbno\u00a0\u00bb text_align=\u00a0\u00bbleft\u00a0\u00bb background_image_as_pattern=\u00a0\u00bbwithout_pattern\u00a0\u00bb][vc_column][vc_empty_space][vc_column_text]<span style=\"font-weight: 400\">En outre, la dimension nature doit prendre toute sa place dans la contribution des offres cibl\u00e9es. Ce positionnement s\u2019appuie sur <strong>4 marqueurs forts nomm\u00e9s \u00ab\u00a0Utopie Rurale\u00a0\u00bb<\/strong>\u00a0: <strong>la durabilit\u00e9, le caract\u00e8re slow et design, la dimension sociale.<\/strong><\/span><\/p>\n<p>&nbsp;<\/p>\n<ul>\n<li style=\"font-weight: 400\"><span style=\"font-weight: 400\"><strong>Un caract\u00e8re local<\/strong> : Un PNR, des partenaires locaux engag\u00e9s le plus possible 100% made in local.<\/span><\/li>\n<li style=\"font-weight: 400\"><span style=\"font-weight: 400\"><strong>Un caract\u00e8re slow<\/strong> : Des activit\u00e9s accessibles sans voiture personnelle, de l\u2019itin\u00e9rance, une offre de restauration bio et\/ou locale, des partenaires qui s\u2019investissent pour limiter leur empreinte carbone.<\/span><\/li>\n<li style=\"font-weight: 400\"><span style=\"font-weight: 400\"><strong>Un caract\u00e8re social<\/strong> : Vacances accessibles pour les personnes en situation de handicap, pour des publics vari\u00e9s \u00e0 des prix attractifs et \u00e9thiques.<\/span><\/li>\n<li style=\"font-weight: 400\"><span style=\"font-weight: 400\"><strong>Un caract\u00e8re design<\/strong> : Des offres qui donnent envie de pr\u00e8s comme de loin. De la profondeur et de la qualit\u00e9 de l\u2019information et du contenu partag\u00e9, que ce soit avant, pendant et apr\u00e8s le s\u00e9jour.<\/span><\/li>\n<\/ul>\n<p>[\/vc_column_text][vc_empty_space][\/vc_column][\/vc_row][vc_row css_animation=\u00a0\u00bb\u00a0\u00bb row_type=\u00a0\u00bbrow\u00a0\u00bb use_row_as_full_screen_section=\u00a0\u00bbno\u00a0\u00bb type=\u00a0\u00bbfull_width\u00a0\u00bb angled_section=\u00a0\u00bbno\u00a0\u00bb text_align=\u00a0\u00bbleft\u00a0\u00bb background_image_as_pattern=\u00a0\u00bbwithout_pattern\u00a0\u00bb bg_type=\u00a0\u00bbgrad\u00a0\u00bb z_index=\u00a0\u00bb\u00a0\u00bb bg_grad=\u00a0\u00bbbackground: -webkit-gradient(linear, left top, left bottom, color-stop(0%, #E3E3E3), color-stop(61%, #E3E3E3), color-stop(99%, #E3E3E3));background: -moz-linear-gradient(top,#E3E3E3 0%,#E3E3E3 61%,#E3E3E3 99%);background: -webkit-linear-gradient(top,#E3E3E3 0%,#E3E3E3 61%,#E3E3E3 99%);background: -o-linear-gradient(top,#E3E3E3 0%,#E3E3E3 61%,#E3E3E3 99%);background: -ms-linear-gradient(top,#E3E3E3 0%,#E3E3E3 61%,#E3E3E3 99%);background: linear-gradient(top,#E3E3E3 0%,#E3E3E3 61%,#E3E3E3 99%);\u00a0\u00bb][vc_column][vc_column_text]<\/p>\n<blockquote><p><span style=\"font-weight: 400\"><strong>L\u2019appel \u00e0 projet<\/strong> vise \u00e0 trouver <strong>un porteur, une \u00e9quipe, ou m\u00eame un collectif<\/strong> (cr\u00e9\u00e9 \u00e0 posteriori ou pendant la phase d\u2019appel \u00e0 projet)<strong> capable de d\u00e9velopper et de commercialiser des offres touristiques durables \u201cDestination Parcs\u201d et ses marqueurs \u201cUtopie Rurale\u201d<\/strong>. Ils devront d\u00e9tenir des comp\u00e9tences n\u00e9cessaires \u00e0 la viabilit\u00e9 de la\u00a0 d\u00e9marche avec une v\u00e9ritable culture entrepreneuriale, avec une ambition de r\u00e9ussir et une connaissance des aspects actuels du tourisme.<\/span><span style=\"font-weight: 400\">\u00a0\u00a0<\/span><\/p><\/blockquote>\n<p>[\/vc_column_text][\/vc_column][\/vc_row][vc_row css_animation=\u00a0\u00bb\u00a0\u00bb row_type=\u00a0\u00bbrow\u00a0\u00bb use_row_as_full_screen_section=\u00a0\u00bbno\u00a0\u00bb type=\u00a0\u00bbfull_width\u00a0\u00bb angled_section=\u00a0\u00bbno\u00a0\u00bb text_align=\u00a0\u00bbleft\u00a0\u00bb background_image_as_pattern=\u00a0\u00bbwithout_pattern\u00a0\u00bb][vc_column][vc_empty_space][vc_column_text]<\/p>\n<h3><b>Les \u00e9tapes de l\u2019appel \u00e0 projet<\/b><\/h3>\n<p>&nbsp;<\/p>\n<ul>\n<li style=\"font-weight: 400\"><span style=\"font-weight: 400\">D\u00e9p\u00f4ts de candidatures &#8211; du 11 Janvier au 19 f\u00e9vrier 2021<\/span><\/li>\n<li style=\"font-weight: 400\"><span style=\"font-weight: 400\">S\u00e9lection de 1ers candidats, \u00e9quipes ou collectifs :\u00a0 semaine du 22 au 26 f\u00e9vrier 2021<\/span><\/li>\n<li style=\"font-weight: 400\"><span style=\"font-weight: 400\">1ers pitch devant jury d\u2019experts : 1er mars 2021 : pr\u00e9s\u00e9lection<\/span><\/li>\n<li style=\"font-weight: 400\"><span style=\"font-weight: 400\">Ateliers conseils &#8211; Rendez-vous avec experts et PNR partenaires du 03 au 05 mars 2021<\/span><\/li>\n<li style=\"font-weight: 400\"><span style=\"font-weight: 400\">2 \u00e8mes pitch devant jury d\u2019experts : 09 mars 2021 : \u00e9valuation finale<\/span><\/li>\n<li style=\"font-weight: 400\"><span style=\"font-weight: 400\">S\u00e9lection du candidat ou de l\u2019\u00e9quipe laur\u00e9ate : 12 mars 2021<\/span><\/li>\n<\/ul>\n<p>[\/vc_column_text][\/vc_column][\/vc_row][vc_row css_animation=\u00a0\u00bb\u00a0\u00bb row_type=\u00a0\u00bbrow\u00a0\u00bb use_row_as_full_screen_section=\u00a0\u00bbno\u00a0\u00bb type=\u00a0\u00bbfull_width\u00a0\u00bb angled_section=\u00a0\u00bbno\u00a0\u00bb text_align=\u00a0\u00bbleft\u00a0\u00bb background_image_as_pattern=\u00a0\u00bbwithout_pattern\u00a0\u00bb][vc_column width=\u00a0\u00bb1\/2&Prime;][vc_empty_space][vc_column_text]<\/p>\n<h3><b>Crit\u00e8res d\u2019analyse des candidatures<\/b><\/h3>\n<p>&nbsp;<\/p>\n<p><span style=\"font-weight: 400\">Les candidatures seront jug\u00e9es selon les crit\u00e8res suivant :\u00a0<\/span><\/p>\n<ul>\n<li style=\"font-weight: 400\"><span style=\"font-weight: 400\">le caract\u00e8re innovant du projet,\u00a0<\/span><\/li>\n<li style=\"font-weight: 400\"><span style=\"font-weight: 400\">le potentiel de d\u00e9veloppement \u00e9conomique,\u00a0<\/span><\/li>\n<li style=\"font-weight: 400\"><span style=\"font-weight: 400\">la cr\u00e9dibilit\u00e9 du business plan,\u00a0<\/span><\/li>\n<li style=\"font-weight: 400\"><span style=\"font-weight: 400\">la contribution \u00e0 l\u2019attractivit\u00e9 touristique des PNR,\u00a0<\/span><\/li>\n<li style=\"font-weight: 400\"><span style=\"font-weight: 400\">le potentiel de diffusion de l\u2019innova\u00adtion \u00e0 l\u2019\u00e9chelle national<\/span><\/li>\n<li style=\"font-weight: 400\"><span style=\"font-weight: 400\">et les qualit\u00e9s professionnelles des porteurs de projet.<\/span><\/li>\n<\/ul>\n<p>[\/vc_column_text][\/vc_column][vc_column width=\u00a0\u00bb1\/2&Prime;][vc_empty_space][vc_column_text]<\/p>\n<h3><b>T\u00e9l\u00e9chargement ressources documentaires<\/b><\/h3>\n<p>&nbsp;<\/p>\n<p><span style=\"font-weight: 400\">Les candidats trouveront dans cet espace les \u00e9l\u00e9ments de compr\u00e9hension :<\/span><\/p>\n<ul>\n<li style=\"font-weight: 400\"><a href=\"https:\/\/www.slow-tourisme-lab.fr\/assets\/uploads\/sites\/50\/2020\/12\/16-12-2020-Dossier-Appel-%C3%A0-projets-Un-entrepreneur-pour-la-Destination-Parcs.pdf\" target=\"_blank\" rel=\"noopener noreferrer\"><span style=\"font-weight: 400\">Dossier Appel \u00e0 Projet<\/span><\/a><\/li>\n<li style=\"font-weight: 400\"><a href=\"https:\/\/www.slow-tourisme-lab.fr\/assets\/uploads\/sites\/50\/2021\/01\/Re%CC%80glement-concours-PNR-VF.pdf\" target=\"_blank\" rel=\"noopener noreferrer\"><span style=\"font-weight: 400\">R\u00e8glement de l&rsquo;Appel \u00e0 Projet<\/span><\/a><\/li>\n<li><a href=\"https:\/\/www.slow-tourisme-lab.fr\/assets\/uploads\/sites\/50\/2020\/12\/destination_parc_projet_tourisme-1.pdf\" target=\"_blank\" rel=\"noopener noreferrer\">Dossier Destination Parcs<\/a><\/li>\n<li><a href=\"https:\/\/www.slow-tourisme-lab.fr\/assets\/uploads\/sites\/50\/2020\/12\/carte-56-PNR-avec-les-15-Parcs-pr%C3%A9curseurs-201215.jpg\" target=\"_blank\" rel=\"noopener noreferrer\">Carte des 15 Parcs pionniers<\/a><\/li>\n<li style=\"font-weight: 400\"><a href=\"https:\/\/www.slow-tourisme-lab.fr\/fr\/article-magazine-ar-oct-2020\/\" target=\"_blank\" rel=\"noopener noreferrer\"><span style=\"font-weight: 400\">Articles de Presse 1<\/span><\/a><\/li>\n<li><a href=\"https:\/\/www.slow-tourisme-lab.fr\/fr\/article_cahier_352_11\/\" target=\"_blank\" rel=\"noopener noreferrer\">Article de Presse 2<\/a><\/li>\n<li style=\"font-weight: 400\"><a href=\"https:\/\/www.parcs-naturels-regionaux.fr\/mediatheque\" target=\"_blank\" rel=\"noopener noreferrer\"><span style=\"font-weight: 400\">M\u00e9diath\u00e8que de la F\u00e9d\u00e9ration<\/span><\/a><\/li>\n<\/ul>\n<p>[\/vc_column_text][\/vc_column][\/vc_row][vc_row css_animation=\u00a0\u00bb\u00a0\u00bb row_type=\u00a0\u00bbrow\u00a0\u00bb use_row_as_full_screen_section=\u00a0\u00bbno\u00a0\u00bb type=\u00a0\u00bbfull_width\u00a0\u00bb angled_section=\u00a0\u00bbno\u00a0\u00bb text_align=\u00a0\u00bbleft\u00a0\u00bb background_image_as_pattern=\u00a0\u00bbwithout_pattern\u00a0\u00bb][vc_column][vc_empty_space][vc_column_text]<\/p>\n<h1>D\u00e9poser votre projet<\/h1>\n<p>[\/vc_column_text][vc_empty_space][vc_raw_html]JTNDZGl2JTIwY2xhc3MlM0QlMjJ0eXBlZm9ybS13aWRnZXQlMjIlMjBkYXRhLXVybCUzRCUyMmh0dHBzJTNBJTJGJTJGZm9ybS50eXBlZm9ybS5jb20lMkZ0byUyRmNMS2REUE5yJTNGdHlwZWZvcm0tbWVkaXVtJTNEZW1iZWQtc25pcHBldCUyMiUyMHN0eWxlJTNEJTIyd2lkdGglM0ElMjAxMDAlMjUlM0IlMjBoZWlnaHQlM0ElMjA1MDBweCUzQiUyMiUzRSUzQyUyRmRpdiUzRSUyMCUzQ3NjcmlwdCUzRSUyMCUyOGZ1bmN0aW9uJTI4JTI5JTIwJTdCJTIwdmFyJTIwcXMlMkNqcyUyQ3ElMkNzJTJDZCUzRGRvY3VtZW50JTJDJTIwZ2klM0RkLmdldEVsZW1lbnRCeUlkJTJDJTIwY2UlM0RkLmNyZWF0ZUVsZW1lbnQlMkMlMjBndCUzRGQuZ2V0RWxlbWVudHNCeVRhZ05hbWUlMkMlMjBpZCUzRCUyMnR5cGVmX29ybSUyMiUyQyUyMGIlM0QlMjJodHRwcyUzQSUyRiUyRmVtYmVkLnR5cGVmb3JtLmNvbSUyRiUyMiUzQiUyMGlmJTI4JTIxZ2kuY2FsbCUyOGQlMkNpZCUyOSUyOSUyMCU3QiUyMGpzJTNEY2UuY2FsbCUyOGQlMkMlMjJzY3JpcHQlMjIlMjklM0IlMjBqcy5pZCUzRGlkJTNCJTIwanMuc3JjJTNEYiUyQiUyMmVtYmVkLmpzJTIyJTNCJTIwcSUzRGd0LmNhbGwlMjhkJTJDJTIyc2NyaXB0JTIyJTI5JTVCMCU1RCUzQiUyMHEucGFyZW50Tm9kZS5pbnNlcnRCZWZvcmUlMjhqcyUyQ3ElMjklMjAlN0QlMjAlN0QlMjklMjglMjklMjAlM0MlMkZzY3JpcHQlM0U=[\/vc_raw_html][\/vc_column][\/vc_row]<\/p>\n<\/div>","protected":false},"excerpt":{"rendered":"<p>[vc_row css_animation=\u00a0\u00bb\u00a0\u00bb row_type=\u00a0\u00bbrow\u00a0\u00bb use_row_as_full_screen_section=\u00a0\u00bbno\u00a0\u00bb type=\u00a0\u00bbfull_width\u00a0\u00bb angled_section=\u00a0\u00bbno\u00a0\u00bb text_align=\u00a0\u00bbleft\u00a0\u00bb background_image_as_pattern=\u00a0\u00bbwithout_pattern\u00a0\u00bb][vc_column][vc_gallery type=\u00a0\u00bbflexslider_slide\u00a0\u00bb interval=\u00a0\u00bb5&Prime; images=\u00a0\u00bb18237,18195,18197,18199,18201,18203&Prime; img_size=\u00a0\u00bbfull\u00a0\u00bb onclick=\u00a0\u00bb\u00a0\u00bb][\/vc_column][\/vc_row][vc_row css_animation=\u00a0\u00bb\u00a0\u00bb row_type=\u00a0\u00bbrow\u00a0\u00bb use_row_as_full_screen_section=\u00a0\u00bbno\u00a0\u00bb type=\u00a0\u00bbfull_width\u00a0\u00bb angled_section=\u00a0\u00bbno\u00a0\u00bb text_align=\u00a0\u00bbleft\u00a0\u00bb background_image_as_pattern=\u00a0\u00bbwithout_pattern\u00a0\u00bb][vc_column width=\u00a0\u00bb1\/6&Prime;][vc_empty_space][vc_single_image image=\u00a0\u00bb18217&Prime; img_size=\u00a0\u00bbfull\u00a0\u00bb qode_css_animation=\u00a0\u00bb\u00a0\u00bb][\/vc_column][vc_column width=\u00a0\u00bb2\/3&Prime;][vc_empty_space][vc_column_text] La F\u00e9d\u00e9ration des Parcs naturels r\u00e9gionaux, 15 Parcs pionniers ainsi que l\u2019incubateur Slow Tourisme Lab s\u2019associent dans une d\u00e9marche co-construite&#8230;<\/p>\n","protected":false},"author":43,"featured_media":0,"parent":0,"menu_order":0,"comment_status":"closed","ping_status":"closed","template":"","meta":{"footnotes":""},"class_list":["post-18178","page","type-page","status-publish","hentry"],"yoast_head":"<!-- This site is optimized with the Yoast SEO plugin v26.6 - https:\/\/yoast.com\/wordpress\/plugins\/seo\/ -->\n<title>Destination Parcs \u00e0 la recherche d\u2019un entrepreneur - Slow Tourisme Lab<\/title>\n<meta name=\"robots\" content=\"index, follow, max-snippet:-1, max-image-preview:large, max-video-preview:-1\" \/>\n<link rel=\"canonical\" href=\"https:\/\/www.slow-tourisme-lab.fr\/fr\/destination-parcs-a-la-recherche-dun-entrepreneur\/\" \/>\n<meta property=\"og:locale\" content=\"fr_FR\" \/>\n<meta property=\"og:type\" content=\"article\" \/>\n<meta property=\"og:title\" content=\"Destination Parcs \u00e0 la recherche d\u2019un entrepreneur - Slow Tourisme Lab\" \/>\n<meta property=\"og:description\" content=\"[vc_row css_animation=\u00a0\u00bb\u00a0\u00bb row_type=\u00a0\u00bbrow\u00a0\u00bb use_row_as_full_screen_section=\u00a0\u00bbno\u00a0\u00bb type=\u00a0\u00bbfull_width\u00a0\u00bb angled_section=\u00a0\u00bbno\u00a0\u00bb text_align=\u00a0\u00bbleft\u00a0\u00bb background_image_as_pattern=\u00a0\u00bbwithout_pattern\u00a0\u00bb][vc_column][vc_gallery type=\u00a0\u00bbflexslider_slide\u00a0\u00bb interval=\u00a0\u00bb5&Prime; images=\u00a0\u00bb18237,18195,18197,18199,18201,18203&Prime; img_size=\u00a0\u00bbfull\u00a0\u00bb onclick=\u00a0\u00bb\u00a0\u00bb][\/vc_column][\/vc_row][vc_row css_animation=\u00a0\u00bb\u00a0\u00bb row_type=\u00a0\u00bbrow\u00a0\u00bb use_row_as_full_screen_section=\u00a0\u00bbno\u00a0\u00bb type=\u00a0\u00bbfull_width\u00a0\u00bb angled_section=\u00a0\u00bbno\u00a0\u00bb text_align=\u00a0\u00bbleft\u00a0\u00bb background_image_as_pattern=\u00a0\u00bbwithout_pattern\u00a0\u00bb][vc_column width=\u00a0\u00bb1\/6&Prime;][vc_empty_space][vc_single_image image=\u00a0\u00bb18217&Prime; img_size=\u00a0\u00bbfull\u00a0\u00bb qode_css_animation=\u00a0\u00bb\u00a0\u00bb][\/vc_column][vc_column width=\u00a0\u00bb2\/3&Prime;][vc_empty_space][vc_column_text] La F\u00e9d\u00e9ration des Parcs naturels r\u00e9gionaux, 15 Parcs pionniers ainsi que l\u2019incubateur Slow Tourisme Lab s\u2019associent dans une d\u00e9marche co-construite...\" \/>\n<meta property=\"og:url\" content=\"https:\/\/www.slow-tourisme-lab.fr\/fr\/destination-parcs-a-la-recherche-dun-entrepreneur\/\" \/>\n<meta property=\"og:site_name\" content=\"Slow Tourisme Lab\" \/>\n<meta property=\"article:modified_time\" content=\"2021-01-14T14:35:02+00:00\" \/>\n<meta name=\"twitter:card\" content=\"summary_large_image\" \/>\n<meta name=\"twitter:label1\" content=\"Dur\u00e9e de lecture estim\u00e9e\" \/>\n\t<meta name=\"twitter:data1\" content=\"7 minutes\" \/>\n<script type=\"application\/ld+json\" class=\"yoast-schema-graph\">{\"@context\":\"https:\/\/schema.org\",\"@graph\":[{\"@type\":\"WebPage\",\"@id\":\"https:\/\/www.slow-tourisme-lab.fr\/fr\/destination-parcs-a-la-recherche-dun-entrepreneur\/\",\"url\":\"https:\/\/www.slow-tourisme-lab.fr\/fr\/destination-parcs-a-la-recherche-dun-entrepreneur\/\",\"name\":\"Destination Parcs \u00e0 la recherche d\u2019un entrepreneur - Slow Tourisme Lab\",\"isPartOf\":{\"@id\":\"https:\/\/www.slow-tourisme-lab.fr\/fr\/#website\"},\"datePublished\":\"2020-12-15T09:00:57+00:00\",\"dateModified\":\"2021-01-14T14:35:02+00:00\",\"breadcrumb\":{\"@id\":\"https:\/\/www.slow-tourisme-lab.fr\/fr\/destination-parcs-a-la-recherche-dun-entrepreneur\/#breadcrumb\"},\"inLanguage\":\"fr-FR\",\"potentialAction\":[{\"@type\":\"ReadAction\",\"target\":[\"https:\/\/www.slow-tourisme-lab.fr\/fr\/destination-parcs-a-la-recherche-dun-entrepreneur\/\"]}]},{\"@type\":\"BreadcrumbList\",\"@id\":\"https:\/\/www.slow-tourisme-lab.fr\/fr\/destination-parcs-a-la-recherche-dun-entrepreneur\/#breadcrumb\",\"itemListElement\":[{\"@type\":\"ListItem\",\"position\":1,\"name\":\"Accueil\",\"item\":\"https:\/\/www.slow-tourisme-lab.fr\/fr\/\"},{\"@type\":\"ListItem\",\"position\":2,\"name\":\"Destination Parcs \u00e0 la recherche d\u2019un entrepreneur\"}]},{\"@type\":\"WebSite\",\"@id\":\"https:\/\/www.slow-tourisme-lab.fr\/fr\/#website\",\"url\":\"https:\/\/www.slow-tourisme-lab.fr\/fr\/\",\"name\":\"Slow Tourisme Lab\",\"description\":\"Un accompagnement pour l'innovation touristique durable\",\"potentialAction\":[{\"@type\":\"SearchAction\",\"target\":{\"@type\":\"EntryPoint\",\"urlTemplate\":\"https:\/\/www.slow-tourisme-lab.fr\/fr\/?s={search_term_string}\"},\"query-input\":{\"@type\":\"PropertyValueSpecification\",\"valueRequired\":true,\"valueName\":\"search_term_string\"}}],\"inLanguage\":\"fr-FR\"}]}<\/script>\n<!-- \/ Yoast SEO plugin. -->","yoast_head_json":{"title":"Destination Parcs \u00e0 la recherche d\u2019un entrepreneur - Slow Tourisme Lab","robots":{"index":"index","follow":"follow","max-snippet":"max-snippet:-1","max-image-preview":"max-image-preview:large","max-video-preview":"max-video-preview:-1"},"canonical":"https:\/\/www.slow-tourisme-lab.fr\/fr\/destination-parcs-a-la-recherche-dun-entrepreneur\/","og_locale":"fr_FR","og_type":"article","og_title":"Destination Parcs \u00e0 la recherche d\u2019un entrepreneur - Slow Tourisme Lab","og_description":"[vc_row css_animation=\u00a0\u00bb\u00a0\u00bb row_type=\u00a0\u00bbrow\u00a0\u00bb use_row_as_full_screen_section=\u00a0\u00bbno\u00a0\u00bb type=\u00a0\u00bbfull_width\u00a0\u00bb angled_section=\u00a0\u00bbno\u00a0\u00bb text_align=\u00a0\u00bbleft\u00a0\u00bb background_image_as_pattern=\u00a0\u00bbwithout_pattern\u00a0\u00bb][vc_column][vc_gallery type=\u00a0\u00bbflexslider_slide\u00a0\u00bb interval=\u00a0\u00bb5&Prime; images=\u00a0\u00bb18237,18195,18197,18199,18201,18203&Prime; img_size=\u00a0\u00bbfull\u00a0\u00bb onclick=\u00a0\u00bb\u00a0\u00bb][\/vc_column][\/vc_row][vc_row css_animation=\u00a0\u00bb\u00a0\u00bb row_type=\u00a0\u00bbrow\u00a0\u00bb use_row_as_full_screen_section=\u00a0\u00bbno\u00a0\u00bb type=\u00a0\u00bbfull_width\u00a0\u00bb angled_section=\u00a0\u00bbno\u00a0\u00bb text_align=\u00a0\u00bbleft\u00a0\u00bb background_image_as_pattern=\u00a0\u00bbwithout_pattern\u00a0\u00bb][vc_column width=\u00a0\u00bb1\/6&Prime;][vc_empty_space][vc_single_image image=\u00a0\u00bb18217&Prime; img_size=\u00a0\u00bbfull\u00a0\u00bb qode_css_animation=\u00a0\u00bb\u00a0\u00bb][\/vc_column][vc_column width=\u00a0\u00bb2\/3&Prime;][vc_empty_space][vc_column_text] La F\u00e9d\u00e9ration des Parcs naturels r\u00e9gionaux, 15 Parcs pionniers ainsi que l\u2019incubateur Slow Tourisme Lab s\u2019associent dans une d\u00e9marche co-construite...","og_url":"https:\/\/www.slow-tourisme-lab.fr\/fr\/destination-parcs-a-la-recherche-dun-entrepreneur\/","og_site_name":"Slow Tourisme Lab","article_modified_time":"2021-01-14T14:35:02+00:00","twitter_card":"summary_large_image","twitter_misc":{"Dur\u00e9e de lecture estim\u00e9e":"7 minutes"},"schema":{"@context":"https:\/\/schema.org","@graph":[{"@type":"WebPage","@id":"https:\/\/www.slow-tourisme-lab.fr\/fr\/destination-parcs-a-la-recherche-dun-entrepreneur\/","url":"https:\/\/www.slow-tourisme-lab.fr\/fr\/destination-parcs-a-la-recherche-dun-entrepreneur\/","name":"Destination Parcs \u00e0 la recherche d\u2019un entrepreneur - Slow Tourisme Lab","isPartOf":{"@id":"https:\/\/www.slow-tourisme-lab.fr\/fr\/#website"},"datePublished":"2020-12-15T09:00:57+00:00","dateModified":"2021-01-14T14:35:02+00:00","breadcrumb":{"@id":"https:\/\/www.slow-tourisme-lab.fr\/fr\/destination-parcs-a-la-recherche-dun-entrepreneur\/#breadcrumb"},"inLanguage":"fr-FR","potentialAction":[{"@type":"ReadAction","target":["https:\/\/www.slow-tourisme-lab.fr\/fr\/destination-parcs-a-la-recherche-dun-entrepreneur\/"]}]},{"@type":"BreadcrumbList","@id":"https:\/\/www.slow-tourisme-lab.fr\/fr\/destination-parcs-a-la-recherche-dun-entrepreneur\/#breadcrumb","itemListElement":[{"@type":"ListItem","position":1,"name":"Accueil","item":"https:\/\/www.slow-tourisme-lab.fr\/fr\/"},{"@type":"ListItem","position":2,"name":"Destination Parcs \u00e0 la recherche d\u2019un entrepreneur"}]},{"@type":"WebSite","@id":"https:\/\/www.slow-tourisme-lab.fr\/fr\/#website","url":"https:\/\/www.slow-tourisme-lab.fr\/fr\/","name":"Slow Tourisme Lab","description":"Un accompagnement pour l'innovation touristique durable","potentialAction":[{"@type":"SearchAction","target":{"@type":"EntryPoint","urlTemplate":"https:\/\/www.slow-tourisme-lab.fr\/fr\/?s={search_term_string}"},"query-input":{"@type":"PropertyValueSpecification","valueRequired":true,"valueName":"search_term_string"}}],"inLanguage":"fr-FR"}]}},"_links":{"self":[{"href":"https:\/\/www.slow-tourisme-lab.fr\/fr\/wp-json\/wp\/v2\/pages\/18178\/"}],"collection":[{"href":"https:\/\/www.slow-tourisme-lab.fr\/fr\/wp-json\/wp\/v2\/pages\/"}],"about":[{"href":"https:\/\/www.slow-tourisme-lab.fr\/fr\/wp-json\/wp\/v2\/types\/page\/"}],"author":[{"embeddable":true,"href":"https:\/\/www.slow-tourisme-lab.fr\/fr\/wp-json\/wp\/v2\/users\/43\/"}],"replies":[{"embeddable":true,"href":"https:\/\/www.slow-tourisme-lab.fr\/fr\/wp-json\/wp\/v2\/comments\/?post=18178"}],"version-history":[{"count":5,"href":"https:\/\/www.slow-tourisme-lab.fr\/fr\/wp-json\/wp\/v2\/pages\/18178\/revisions\/"}],"predecessor-version":[{"id":18281,"href":"https:\/\/www.slow-tourisme-lab.fr\/fr\/wp-json\/wp\/v2\/pages\/18178\/revisions\/18281\/"}],"wp:attachment":[{"href":"https:\/\/www.slow-tourisme-lab.fr\/fr\/wp-json\/wp\/v2\/media\/?parent=18178"}],"curies":[{"name":"wp","href":"https:\/\/api.w.org\/{rel}","templated":true}]}}