{"id":17987,"date":"2020-09-09T14:44:44","date_gmt":"2020-09-09T12:44:44","guid":{"rendered":"https:\/\/www.slow-tourisme-lab.fr\/?page_id=17987"},"modified":"2020-09-14T10:09:15","modified_gmt":"2020-09-14T08:09:15","slug":"artybot","status":"publish","type":"page","link":"https:\/\/www.slow-tourisme-lab.fr\/fr\/artybot\/","title":{"rendered":"ArtyBot"},"content":{"rendered":"<div class=\"wpb-content-wrapper\"><p>[vc_row css_animation=\u00a0\u00bb\u00a0\u00bb row_type=\u00a0\u00bbrow\u00a0\u00bb use_row_as_full_screen_section=\u00a0\u00bbno\u00a0\u00bb type=\u00a0\u00bbfull_width\u00a0\u00bb angled_section=\u00a0\u00bbno\u00a0\u00bb text_align=\u00a0\u00bbleft\u00a0\u00bb background_image_as_pattern=\u00a0\u00bbwithout_pattern\u00a0\u00bb][vc_column]<div class=\"qode-workflow  qode-workflow-animate\">\n    <span class=\"main-line\" style=\"\"><\/span>\n    <div class=\"qode-workflow-item\">\n    <span class=\"line\" style=\"\"><\/span>\n    <div class=\"qode-workflow-item-inner reverse\">\n        <div class=\"qode-workflow-image center\">\n            <img fetchpriority=\"high\" decoding=\"async\" width=\"2400\" height=\"2700\" src=\"https:\/\/www.slow-tourisme-lab.fr\/assets\/uploads\/sites\/50\/2020\/09\/arty-bot-pr\u00e9sentation.jpg\" class=\"attachment-full size-full\" alt=\"\" srcset=\"https:\/\/www.slow-tourisme-lab.fr\/assets\/uploads\/sites\/50\/2020\/09\/arty-bot-pr\u00e9sentation.jpg 2400w, https:\/\/www.slow-tourisme-lab.fr\/assets\/uploads\/sites\/50\/2020\/09\/arty-bot-pr\u00e9sentation-267x300.jpg 267w, https:\/\/www.slow-tourisme-lab.fr\/assets\/uploads\/sites\/50\/2020\/09\/arty-bot-pr\u00e9sentation-768x864.jpg 768w, https:\/\/www.slow-tourisme-lab.fr\/assets\/uploads\/sites\/50\/2020\/09\/arty-bot-pr\u00e9sentation-910x1024.jpg 910w, https:\/\/www.slow-tourisme-lab.fr\/assets\/uploads\/sites\/50\/2020\/09\/arty-bot-pr\u00e9sentation-700x788.jpg 700w\" sizes=\"(max-width: 2400px) 100vw, 2400px\" \/>        <\/div>\n        <div class=\"qode-workflow-text\">\n            <span class=\"circle\" style=\"\"><\/span>\n                            <h3>ArtyBot, c&#039;est quoi ?<\/h3>\n                                                    <p class=\"text\">ArtyBot est un assistant conversationnel de visite qui permet de d\u00e9couvrir une ville ou un lieu culturel en couple (LoveBot), en famille (FamilyBot), entre amis (FriendsBot) ou en \u00e9quipe de team-building (TeamsBot). ArtyBot guide les visiteurs en fonction de leurs choix, de leurs envies et du moment de la journ\u00e9e, en envoyant directement sur leurs smartphones de courts messages (\u00e9crits, audio, gifs, vid\u00e9os...).<\/p>\n                    <\/div>\n    <\/div>\n<\/div><\/div>[vc_column_text]<\/p>\n<p style=\"text-align: center\">Il propose des <strong>parcours de visite personnalis\u00e9s<\/strong><\/p>\n<p style=\"text-align: center\">Il donne des <strong>d\u00e9fis<\/strong>, des <strong>exp\u00e9riences \u00e0 r\u00e9aliser ensemble<\/strong>, des <strong>quiz<\/strong>\u2026<\/p>\n<p style=\"text-align: center\">Il fait des<strong> suggestions de shopping<\/strong> ou de <strong>restauration<\/strong><\/p>\n<p>[\/vc_column_text][vc_empty_space]<div class=\"qode-workflow  qode-workflow-animate\">\n    <span class=\"main-line\" style=\"\"><\/span>\n    <div class=\"qode-workflow-item\">\n    <span class=\"line\" style=\"\"><\/span>\n    <div class=\"qode-workflow-item-inner \">\n        <div class=\"qode-workflow-image center\">\n            <img decoding=\"async\" width=\"1119\" height=\"1119\" src=\"https:\/\/www.slow-tourisme-lab.fr\/assets\/uploads\/sites\/50\/2020\/09\/bracelet-arty-bot-rxgx_preview.jpg\" class=\"attachment-full size-full\" alt=\"\" srcset=\"https:\/\/www.slow-tourisme-lab.fr\/assets\/uploads\/sites\/50\/2020\/09\/bracelet-arty-bot-rxgx_preview.jpg 1119w, https:\/\/www.slow-tourisme-lab.fr\/assets\/uploads\/sites\/50\/2020\/09\/bracelet-arty-bot-rxgx_preview-150x150.jpg 150w, https:\/\/www.slow-tourisme-lab.fr\/assets\/uploads\/sites\/50\/2020\/09\/bracelet-arty-bot-rxgx_preview-300x300.jpg 300w, https:\/\/www.slow-tourisme-lab.fr\/assets\/uploads\/sites\/50\/2020\/09\/bracelet-arty-bot-rxgx_preview-768x768.jpg 768w, https:\/\/www.slow-tourisme-lab.fr\/assets\/uploads\/sites\/50\/2020\/09\/bracelet-arty-bot-rxgx_preview-1024x1024.jpg 1024w, https:\/\/www.slow-tourisme-lab.fr\/assets\/uploads\/sites\/50\/2020\/09\/bracelet-arty-bot-rxgx_preview-570x570.jpg 570w, https:\/\/www.slow-tourisme-lab.fr\/assets\/uploads\/sites\/50\/2020\/09\/bracelet-arty-bot-rxgx_preview-500x500.jpg 500w, https:\/\/www.slow-tourisme-lab.fr\/assets\/uploads\/sites\/50\/2020\/09\/bracelet-arty-bot-rxgx_preview-1000x1000.jpg 1000w, https:\/\/www.slow-tourisme-lab.fr\/assets\/uploads\/sites\/50\/2020\/09\/bracelet-arty-bot-rxgx_preview-700x700.jpg 700w\" sizes=\"(max-width: 1119px) 100vw, 1119px\" \/>        <\/div>\n        <div class=\"qode-workflow-text\">\n            <span class=\"circle\" style=\"\"><\/span>\n                            <h3>Le LoveBot \u00e0 Troyes, un parcours innovant pour d\u00e9couvrir et se d\u00e9couvrir <\/h3>\n                                                    <p class=\"text\">ArtyBot cr\u00e9\u00e9 le premier parcours culturel et amoureux \u00e0 la fran\u00e7aise \u00e0 Troyes ! Pour d\u00e9couvrir la ville et se d\u00e9couvrir l\u2019un l\u2019autre au gr\u00e9 de d\u00e9fis et de discussions amoureuses... <\/p>\n                    <\/div>\n    <\/div>\n<\/div><\/div>[vc_column_text]Pour acc\u00e9der au parcours, il suffit de<strong> scanner un QR code<\/strong> qui vous conduit directement \u00e0 la conversation. Apr\u00e8s avoir r\u00e9pondu \u00e0 un quiz amoureux, ArtyBot d\u00e9termine votre profil et votre parcours amoureux dans la ville. ArtyBot vous guide en vous donnant des informations et des anecdotes historiques, en lan\u00e7ant des d\u00e9fis et des discussions amoureuses. Il vous fait \u00e9galement des recommandations de restauration et de shopping (100% local et de qualit\u00e9), tout cela avec humour et empathie ![\/vc_column_text][vc_empty_space]<div class=\"qode-workflow  qode-workflow-animate\">\n    <span class=\"main-line\" style=\"\"><\/span>\n    <div class=\"qode-workflow-item\">\n    <span class=\"line\" style=\"\"><\/span>\n    <div class=\"qode-workflow-item-inner reverse\">\n        <div class=\"qode-workflow-image center\">\n            <img decoding=\"async\" width=\"800\" height=\"890\" src=\"https:\/\/www.slow-tourisme-lab.fr\/assets\/uploads\/sites\/50\/2020\/09\/arty-bot-couple-kiosque.jpg\" class=\"attachment-full size-full\" alt=\"\" srcset=\"https:\/\/www.slow-tourisme-lab.fr\/assets\/uploads\/sites\/50\/2020\/09\/arty-bot-couple-kiosque.jpg 800w, https:\/\/www.slow-tourisme-lab.fr\/assets\/uploads\/sites\/50\/2020\/09\/arty-bot-couple-kiosque-270x300.jpg 270w, https:\/\/www.slow-tourisme-lab.fr\/assets\/uploads\/sites\/50\/2020\/09\/arty-bot-couple-kiosque-768x854.jpg 768w, https:\/\/www.slow-tourisme-lab.fr\/assets\/uploads\/sites\/50\/2020\/09\/arty-bot-couple-kiosque-700x779.jpg 700w\" sizes=\"(max-width: 800px) 100vw, 800px\" \/>        <\/div>\n        <div class=\"qode-workflow-text\">\n            <span class=\"circle\" style=\"\"><\/span>\n                            <h3>Up culture<\/h3>\n                                                    <p class=\"text\">Agence d&#039;ing\u00e9nierie culturelle \u00e0 Troyes, Up culture fonctionne comme un laboratoire de recherche sur les pratiques culturelles innovantes dans le domaine touristique et mus\u00e9al. Up culture con\u00e7oit des outils de m\u00e9diation culturelle et touristique pour les mus\u00e9es, les villes, les structures culturelles et patrimoniales. <\/p>\n                    <\/div>\n    <\/div>\n<\/div><\/div>[vc_column_text]<strong>Quelques r\u00e9f\u00e9rences<\/strong> : Culturespaces : Mus\u00e9e Jacquemart-Andr\u00e9 (Paris), Cit\u00e9 de l\u2019Automobile, (Mulhouse), Th\u00e9\u00e2tre d\u2019Orange et Ar\u00e8nes de N\u00eemes, H\u00f4tel de Caumont (Aix-en-Provence) Mus\u00e9e Maillol (Paris), Mus\u00e9e Montmartre (Paris), Ch\u00e2teau de Combourg, Christies, Paris-Mus\u00e9es, Louvre-Lens, Mus\u00e9e de Bretagne (Rennes), Service Patrimoine de la R\u00e9gion \u00cele-de France, Abbayes de Normandie, Cit\u00e9 de la Mer (Cherbourg), Cit\u00e9 de la Voile (Lorient) Prieur\u00e9 Saint-Cosme, demeure de Ronsard, Mus\u00e9e du Louvre.[\/vc_column_text][vc_single_image image=\u00a0\u00bb17997&Prime; img_size=\u00a0\u00bbfull\u00a0\u00bb alignment=\u00a0\u00bbcenter\u00a0\u00bb style=\u00a0\u00bbvc_box_shadow_3d\u00a0\u00bb onclick=\u00a0\u00bbcustom_link\u00a0\u00bb qode_css_animation=\u00a0\u00bb\u00a0\u00bb link=\u00a0\u00bbhttps:\/\/www.slow-tourisme-lab.fr\/assets\/uploads\/sites\/50\/2020\/09\/bracelet.jpg\u00a0\u00bb][\/vc_column][\/vc_row][vc_row css_animation=\u00a0\u00bb\u00a0\u00bb row_type=\u00a0\u00bbrow\u00a0\u00bb use_row_as_full_screen_section=\u00a0\u00bbno\u00a0\u00bb type=\u00a0\u00bbfull_width\u00a0\u00bb angled_section=\u00a0\u00bbno\u00a0\u00bb text_align=\u00a0\u00bbleft\u00a0\u00bb background_image_as_pattern=\u00a0\u00bbwithout_pattern\u00a0\u00bb][vc_column width=\u00a0\u00bb1\/2&Prime;]<div class=\"ult-team-member-wrap ult-style-1  \"><div class=\"ult-team-member-image\" style=\"\"> <img decoding=\"async\" class=\"ult-team-grayscale\" src=\"\" alt=\"\"  style=\"\"><span class=\"ult-team-member-image-overlay \"  ><\/span><\/div><div class=\"ult-team-member-bio-wrap style-1 ultimate-heading6a05bbd4a5d33\" style=\"text-align:center;; \"><div class=\"ult-team-member-name-wrap\"><h2 class=\"ult-team-member-name ult-responsive\"  data-ultimate-target='.ult-team-member-bio-wrap.ultimate-heading6a05bbd4a5d33 .ult-team-member-name'  data-responsive-json-new='{\"font-size\":\"\",\"line-height\":\"\"}'  style=\"\">ArtBot<\/h2><div class=\"ult-team-member-description ult-responsive\"  data-ultimate-target='.ult-team-member-bio-wrap.ultimate-heading6a05bbd4a5d33 .ult-team-member-description'  data-responsive-json-new='{\"font-size\":\"\",\"line-height\":\"\"}'  style=\"\"><p><a href=\"https:\/\/artybot.fr\/\" target=\"_blank\" rel=\"noopener noreferrer\">https:\/\/artybot.fr\/<\/a><\/p>\n<p><a href=\"mailto:caroline.rosnet@artybot.fr\">caroline.rosnet@artybot.fr<\/a><\/p>\n<p>09 52 24 54 04<\/p><\/div><div style=\"margin-bottom:15px\"><\/div><div class='ult-social-buttons'><a href='https:\/\/www.facebook.com\/Upculture.fr' target='_blank' rel='noopener' title='Facebook' class='ult-team ult-social-icon' style='font-size:30px ; margin-left:5px;margin-right:5px;;'  data-iconcolor='inherit' data-iconhover='inherit' ><i class='Defaults-facebook-square'><\/i><\/a><a href='https:\/\/www.instagram.com\/les_amoureux_dans_la_ville\/' target='_blank' rel='noopener' title='Twitter Alma Mundi' class='ult-team ult-social-icon' style='font-size:30px ; margin-left:5px;margin-right:5px;;'  data-iconcolor='inherit' data-iconhover='inherit' ><i class='Defaults-instagram'><\/i><\/a><\/div><\/div><\/div><\/div>[\/vc_column][vc_column width=\u00a0\u00bb1\/2&Prime;]<div class=\"ult-team-member-wrap ult-style-1  \"><div class=\"ult-team-member-image\" style=\"\"> <img decoding=\"async\" class=\"ult-team-grayscale\" src=\"\" alt=\"\"  style=\"\"><span class=\"ult-team-member-image-overlay \"  ><\/span><\/div><div class=\"ult-team-member-bio-wrap style-1 ultimate-heading6a05bbd4a5de8\" style=\"text-align:center;; \"><div class=\"ult-team-member-name-wrap\"><h2 class=\"ult-team-member-name ult-responsive\"  data-ultimate-target='.ult-team-member-bio-wrap.ultimate-heading6a05bbd4a5de8 .ult-team-member-name'  data-responsive-json-new='{\"font-size\":\"\",\"line-height\":\"\"}'  style=\"\">Caroline Rosnet<\/h2><div class=\"ult-team-member-position ult-responsive\"  data-ultimate-target='.ult-team-member-bio-wrap.ultimate-heading6a05bbd4a5de8 .ult-team-member-position'  data-responsive-json-new='{\"font-size\":\"\",\"line-height\":\"\"}'  style=\"\">Fondatrice<\/div><div class=\"ult-team-member-description ult-responsive\"  data-ultimate-target='.ult-team-member-bio-wrap.ultimate-heading6a05bbd4a5de8 .ult-team-member-description'  data-responsive-json-new='{\"font-size\":\"\",\"line-height\":\"\"}'  style=\"\"><p><\/p>\n<header class=\"entry-header ast-header-without-markup\">\n<h1 class=\"entry-title\"><span style=\"font-size: 16px\">UpCulture SAS<\/span><\/h1>\n<\/header>\n<div class=\"entry-content clear\">\n<p>62 Boulevard Gambetta,<br \/>\n10 000 Troyes<\/p>\n<p><a href=\"mailto:caroline.rosnet@artybot.fr\">caroline.rosnet@artybot.fr<\/a><\/p>\n<\/div>\n<p><\/p><\/div><div style=\"margin-bottom:15px\"><\/div><\/div><\/div><\/div>[\/vc_column][\/vc_row]<\/p>\n<\/div>","protected":false},"excerpt":{"rendered":"<p>[vc_row css_animation=\u00a0\u00bb\u00a0\u00bb row_type=\u00a0\u00bbrow\u00a0\u00bb use_row_as_full_screen_section=\u00a0\u00bbno\u00a0\u00bb type=\u00a0\u00bbfull_width\u00a0\u00bb angled_section=\u00a0\u00bbno\u00a0\u00bb text_align=\u00a0\u00bbleft\u00a0\u00bb background_image_as_pattern=\u00a0\u00bbwithout_pattern\u00a0\u00bb][vc_column][vc_column_text] Il propose des parcours de visite personnalis\u00e9s Il donne des d\u00e9fis, des exp\u00e9riences \u00e0 r\u00e9aliser ensemble, des quiz\u2026 Il fait des suggestions de shopping ou de restauration [\/vc_column_text][vc_empty_space][vc_column_text]Pour acc\u00e9der au parcours, il suffit de scanner un QR&#8230;<\/p>\n","protected":false},"author":43,"featured_media":17988,"parent":0,"menu_order":0,"comment_status":"closed","ping_status":"closed","template":"","meta":{"footnotes":""},"class_list":["post-17987","page","type-page","status-publish","has-post-thumbnail","hentry"],"yoast_head":"<!-- This site is optimized with the Yoast SEO plugin v26.6 - https:\/\/yoast.com\/wordpress\/plugins\/seo\/ -->\n<title>ArtyBot - Slow Tourisme Lab<\/title>\n<meta name=\"robots\" content=\"index, follow, max-snippet:-1, max-image-preview:large, max-video-preview:-1\" \/>\n<link rel=\"canonical\" href=\"https:\/\/www.slow-tourisme-lab.fr\/fr\/artybot\/\" \/>\n<meta property=\"og:locale\" content=\"fr_FR\" \/>\n<meta property=\"og:type\" content=\"article\" \/>\n<meta property=\"og:title\" content=\"ArtyBot - Slow Tourisme Lab\" \/>\n<meta property=\"og:description\" content=\"[vc_row css_animation=\u00a0\u00bb\u00a0\u00bb row_type=\u00a0\u00bbrow\u00a0\u00bb use_row_as_full_screen_section=\u00a0\u00bbno\u00a0\u00bb type=\u00a0\u00bbfull_width\u00a0\u00bb angled_section=\u00a0\u00bbno\u00a0\u00bb text_align=\u00a0\u00bbleft\u00a0\u00bb background_image_as_pattern=\u00a0\u00bbwithout_pattern\u00a0\u00bb][vc_column][vc_column_text] Il propose des parcours de visite personnalis\u00e9s Il donne des d\u00e9fis, des exp\u00e9riences \u00e0 r\u00e9aliser ensemble, des quiz\u2026 Il fait des suggestions de shopping ou de restauration [\/vc_column_text][vc_empty_space][vc_column_text]Pour acc\u00e9der au parcours, il suffit de scanner un QR...\" \/>\n<meta property=\"og:url\" content=\"https:\/\/www.slow-tourisme-lab.fr\/fr\/artybot\/\" \/>\n<meta property=\"og:site_name\" content=\"Slow Tourisme Lab\" \/>\n<meta property=\"article:modified_time\" content=\"2020-09-14T08:09:15+00:00\" \/>\n<meta property=\"og:image\" content=\"https:\/\/www.slow-tourisme-lab.fr\/assets\/uploads\/sites\/50\/2020\/09\/105918522_3266783753365978_517783661460193903_o.png\" \/>\n\t<meta property=\"og:image:width\" content=\"2048\" \/>\n\t<meta property=\"og:image:height\" content=\"1425\" \/>\n\t<meta property=\"og:image:type\" content=\"image\/png\" \/>\n<meta name=\"twitter:card\" content=\"summary_large_image\" \/>\n<meta name=\"twitter:label1\" content=\"Dur\u00e9e de lecture estim\u00e9e\" \/>\n\t<meta name=\"twitter:data1\" content=\"3 minutes\" \/>\n<script type=\"application\/ld+json\" class=\"yoast-schema-graph\">{\"@context\":\"https:\/\/schema.org\",\"@graph\":[{\"@type\":\"WebPage\",\"@id\":\"https:\/\/www.slow-tourisme-lab.fr\/fr\/artybot\/\",\"url\":\"https:\/\/www.slow-tourisme-lab.fr\/fr\/artybot\/\",\"name\":\"ArtyBot - Slow Tourisme Lab\",\"isPartOf\":{\"@id\":\"https:\/\/www.slow-tourisme-lab.fr\/fr\/#website\"},\"primaryImageOfPage\":{\"@id\":\"https:\/\/www.slow-tourisme-lab.fr\/fr\/artybot\/#primaryimage\"},\"image\":{\"@id\":\"https:\/\/www.slow-tourisme-lab.fr\/fr\/artybot\/#primaryimage\"},\"thumbnailUrl\":\"https:\/\/www.slow-tourisme-lab.fr\/assets\/uploads\/sites\/50\/2020\/09\/105918522_3266783753365978_517783661460193903_o.png\",\"datePublished\":\"2020-09-09T12:44:44+00:00\",\"dateModified\":\"2020-09-14T08:09:15+00:00\",\"breadcrumb\":{\"@id\":\"https:\/\/www.slow-tourisme-lab.fr\/fr\/artybot\/#breadcrumb\"},\"inLanguage\":\"fr-FR\",\"potentialAction\":[{\"@type\":\"ReadAction\",\"target\":[\"https:\/\/www.slow-tourisme-lab.fr\/fr\/artybot\/\"]}]},{\"@type\":\"ImageObject\",\"inLanguage\":\"fr-FR\",\"@id\":\"https:\/\/www.slow-tourisme-lab.fr\/fr\/artybot\/#primaryimage\",\"url\":\"https:\/\/www.slow-tourisme-lab.fr\/assets\/uploads\/sites\/50\/2020\/09\/105918522_3266783753365978_517783661460193903_o.png\",\"contentUrl\":\"https:\/\/www.slow-tourisme-lab.fr\/assets\/uploads\/sites\/50\/2020\/09\/105918522_3266783753365978_517783661460193903_o.png\",\"width\":2048,\"height\":1425},{\"@type\":\"BreadcrumbList\",\"@id\":\"https:\/\/www.slow-tourisme-lab.fr\/fr\/artybot\/#breadcrumb\",\"itemListElement\":[{\"@type\":\"ListItem\",\"position\":1,\"name\":\"Accueil\",\"item\":\"https:\/\/www.slow-tourisme-lab.fr\/fr\/\"},{\"@type\":\"ListItem\",\"position\":2,\"name\":\"ArtyBot\"}]},{\"@type\":\"WebSite\",\"@id\":\"https:\/\/www.slow-tourisme-lab.fr\/fr\/#website\",\"url\":\"https:\/\/www.slow-tourisme-lab.fr\/fr\/\",\"name\":\"Slow Tourisme Lab\",\"description\":\"Un accompagnement pour l'innovation touristique durable\",\"potentialAction\":[{\"@type\":\"SearchAction\",\"target\":{\"@type\":\"EntryPoint\",\"urlTemplate\":\"https:\/\/www.slow-tourisme-lab.fr\/fr\/?s={search_term_string}\"},\"query-input\":{\"@type\":\"PropertyValueSpecification\",\"valueRequired\":true,\"valueName\":\"search_term_string\"}}],\"inLanguage\":\"fr-FR\"}]}<\/script>\n<!-- \/ Yoast SEO plugin. -->","yoast_head_json":{"title":"ArtyBot - Slow Tourisme Lab","robots":{"index":"index","follow":"follow","max-snippet":"max-snippet:-1","max-image-preview":"max-image-preview:large","max-video-preview":"max-video-preview:-1"},"canonical":"https:\/\/www.slow-tourisme-lab.fr\/fr\/artybot\/","og_locale":"fr_FR","og_type":"article","og_title":"ArtyBot - Slow Tourisme Lab","og_description":"[vc_row css_animation=\u00a0\u00bb\u00a0\u00bb row_type=\u00a0\u00bbrow\u00a0\u00bb use_row_as_full_screen_section=\u00a0\u00bbno\u00a0\u00bb type=\u00a0\u00bbfull_width\u00a0\u00bb angled_section=\u00a0\u00bbno\u00a0\u00bb text_align=\u00a0\u00bbleft\u00a0\u00bb background_image_as_pattern=\u00a0\u00bbwithout_pattern\u00a0\u00bb][vc_column][vc_column_text] Il propose des parcours de visite personnalis\u00e9s Il donne des d\u00e9fis, des exp\u00e9riences \u00e0 r\u00e9aliser ensemble, des quiz\u2026 Il fait des suggestions de shopping ou de restauration [\/vc_column_text][vc_empty_space][vc_column_text]Pour acc\u00e9der au parcours, il suffit de scanner un QR...","og_url":"https:\/\/www.slow-tourisme-lab.fr\/fr\/artybot\/","og_site_name":"Slow Tourisme Lab","article_modified_time":"2020-09-14T08:09:15+00:00","og_image":[{"width":2048,"height":1425,"url":"https:\/\/www.slow-tourisme-lab.fr\/assets\/uploads\/sites\/50\/2020\/09\/105918522_3266783753365978_517783661460193903_o.png","type":"image\/png"}],"twitter_card":"summary_large_image","twitter_misc":{"Dur\u00e9e de lecture estim\u00e9e":"3 minutes"},"schema":{"@context":"https:\/\/schema.org","@graph":[{"@type":"WebPage","@id":"https:\/\/www.slow-tourisme-lab.fr\/fr\/artybot\/","url":"https:\/\/www.slow-tourisme-lab.fr\/fr\/artybot\/","name":"ArtyBot - Slow Tourisme Lab","isPartOf":{"@id":"https:\/\/www.slow-tourisme-lab.fr\/fr\/#website"},"primaryImageOfPage":{"@id":"https:\/\/www.slow-tourisme-lab.fr\/fr\/artybot\/#primaryimage"},"image":{"@id":"https:\/\/www.slow-tourisme-lab.fr\/fr\/artybot\/#primaryimage"},"thumbnailUrl":"https:\/\/www.slow-tourisme-lab.fr\/assets\/uploads\/sites\/50\/2020\/09\/105918522_3266783753365978_517783661460193903_o.png","datePublished":"2020-09-09T12:44:44+00:00","dateModified":"2020-09-14T08:09:15+00:00","breadcrumb":{"@id":"https:\/\/www.slow-tourisme-lab.fr\/fr\/artybot\/#breadcrumb"},"inLanguage":"fr-FR","potentialAction":[{"@type":"ReadAction","target":["https:\/\/www.slow-tourisme-lab.fr\/fr\/artybot\/"]}]},{"@type":"ImageObject","inLanguage":"fr-FR","@id":"https:\/\/www.slow-tourisme-lab.fr\/fr\/artybot\/#primaryimage","url":"https:\/\/www.slow-tourisme-lab.fr\/assets\/uploads\/sites\/50\/2020\/09\/105918522_3266783753365978_517783661460193903_o.png","contentUrl":"https:\/\/www.slow-tourisme-lab.fr\/assets\/uploads\/sites\/50\/2020\/09\/105918522_3266783753365978_517783661460193903_o.png","width":2048,"height":1425},{"@type":"BreadcrumbList","@id":"https:\/\/www.slow-tourisme-lab.fr\/fr\/artybot\/#breadcrumb","itemListElement":[{"@type":"ListItem","position":1,"name":"Accueil","item":"https:\/\/www.slow-tourisme-lab.fr\/fr\/"},{"@type":"ListItem","position":2,"name":"ArtyBot"}]},{"@type":"WebSite","@id":"https:\/\/www.slow-tourisme-lab.fr\/fr\/#website","url":"https:\/\/www.slow-tourisme-lab.fr\/fr\/","name":"Slow Tourisme Lab","description":"Un accompagnement pour l'innovation touristique durable","potentialAction":[{"@type":"SearchAction","target":{"@type":"EntryPoint","urlTemplate":"https:\/\/www.slow-tourisme-lab.fr\/fr\/?s={search_term_string}"},"query-input":{"@type":"PropertyValueSpecification","valueRequired":true,"valueName":"search_term_string"}}],"inLanguage":"fr-FR"}]}},"_links":{"self":[{"href":"https:\/\/www.slow-tourisme-lab.fr\/fr\/wp-json\/wp\/v2\/pages\/17987\/"}],"collection":[{"href":"https:\/\/www.slow-tourisme-lab.fr\/fr\/wp-json\/wp\/v2\/pages\/"}],"about":[{"href":"https:\/\/www.slow-tourisme-lab.fr\/fr\/wp-json\/wp\/v2\/types\/page\/"}],"author":[{"embeddable":true,"href":"https:\/\/www.slow-tourisme-lab.fr\/fr\/wp-json\/wp\/v2\/users\/43\/"}],"replies":[{"embeddable":true,"href":"https:\/\/www.slow-tourisme-lab.fr\/fr\/wp-json\/wp\/v2\/comments\/?post=17987"}],"version-history":[{"count":0,"href":"https:\/\/www.slow-tourisme-lab.fr\/fr\/wp-json\/wp\/v2\/pages\/17987\/revisions\/"}],"wp:featuredmedia":[{"embeddable":true,"href":"https:\/\/www.slow-tourisme-lab.fr\/fr\/wp-json\/wp\/v2\/media\/17988\/"}],"wp:attachment":[{"href":"https:\/\/www.slow-tourisme-lab.fr\/fr\/wp-json\/wp\/v2\/media\/?parent=17987"}],"curies":[{"name":"wp","href":"https:\/\/api.w.org\/{rel}","templated":true}]}}