{"id":17209,"date":"2019-11-07T14:58:31","date_gmt":"2019-11-07T13:58:31","guid":{"rendered":"https:\/\/www.slow-tourisme-lab.fr\/?page_id=17209"},"modified":"2021-04-19T09:27:09","modified_gmt":"2021-04-19T07:27:09","slug":"energy-bank","status":"publish","type":"page","link":"https:\/\/www.slow-tourisme-lab.fr\/fr\/energy-bank\/","title":{"rendered":"Energy Bank"},"content":{"rendered":"<div class=\"wpb-content-wrapper\"><p>[vc_row css_animation=\u00a0\u00bb\u00a0\u00bb row_type=\u00a0\u00bbrow\u00a0\u00bb use_row_as_full_screen_section=\u00a0\u00bbno\u00a0\u00bb type=\u00a0\u00bbfull_width\u00a0\u00bb angled_section=\u00a0\u00bbno\u00a0\u00bb text_align=\u00a0\u00bbleft\u00a0\u00bb background_image_as_pattern=\u00a0\u00bbwithout_pattern\u00a0\u00bb][vc_column]<div class=\"qode-workflow  qode-workflow-animate\">\n    <span class=\"main-line\" style=\"\"><\/span>\n    <div class=\"qode-workflow-item\">\n    <span class=\"line\" style=\"\"><\/span>\n    <div class=\"qode-workflow-item-inner \">\n        <div class=\"qode-workflow-image center\">\n            <img fetchpriority=\"high\" decoding=\"async\" width=\"574\" height=\"627\" src=\"https:\/\/www.slow-tourisme-lab.fr\/assets\/uploads\/sites\/50\/2019\/11\/energy-bank.jpg\" class=\"attachment-full size-full\" alt=\"\" srcset=\"https:\/\/www.slow-tourisme-lab.fr\/assets\/uploads\/sites\/50\/2019\/11\/energy-bank.jpg 574w, https:\/\/www.slow-tourisme-lab.fr\/assets\/uploads\/sites\/50\/2019\/11\/energy-bank-275x300.jpg 275w\" sizes=\"(max-width: 574px) 100vw, 574px\" \/>        <\/div>\n        <div class=\"qode-workflow-text\">\n            <span class=\"circle\" style=\"\"><\/span>\n                            <h3>Energy Bank, c&#039;est quoi ?<\/h3>\n                                                    <p class=\"text\">Chargez, Bougez, Profitez. Ne plus avoir de batterie ne sera plus jamais un probl\u00e8me. Nous proposons un service de location de batteries externes en time sharing pour les entreprises, professionnels et collectivit\u00e9s, dans l&#039;int\u00e9r\u00eat de tous les utilisateurs de smartphones. Notre service encore unique en France, a pour but de permettre aux utilisateurs de smartphones d&#039;utiliser leurs appareils, sans jamais se soucier de leurs batteries. <\/p>\n                    <\/div>\n    <\/div>\n<\/div><\/div>[vc_empty_space]<div class=\"qode-workflow  qode-workflow-animate\">\n    <span class=\"main-line\" style=\"\"><\/span>\n    <div class=\"qode-workflow-item\">\n    <span class=\"line\" style=\"\"><\/span>\n    <div class=\"qode-workflow-item-inner reverse\">\n        <div class=\"qode-workflow-image center\">\n            <img decoding=\"async\" width=\"401\" height=\"484\" src=\"https:\/\/www.slow-tourisme-lab.fr\/assets\/uploads\/sites\/50\/2019\/11\/energy-box.jpg\" class=\"attachment-full size-full\" alt=\"\" srcset=\"https:\/\/www.slow-tourisme-lab.fr\/assets\/uploads\/sites\/50\/2019\/11\/energy-box.jpg 401w, https:\/\/www.slow-tourisme-lab.fr\/assets\/uploads\/sites\/50\/2019\/11\/energy-box-249x300.jpg 249w\" sizes=\"(max-width: 401px) 100vw, 401px\" \/>        <\/div>\n        <div class=\"qode-workflow-text\">\n            <span class=\"circle\" style=\"\"><\/span>\n                            <h3>Notre solution<\/h3>\n                                                    <p class=\"text\">Nous mettons \u00e0 votre disposition une solution de location de batteries externes en libre-service au travers de nos Energy Box permettant \u00e0 vos visiteurs de recharger leur t\u00e9l\u00e9phone et cela en restant mobile et continuant \u00e0 utiliser leurs smartphones. Votre nouvelle solution de rechargement par batterie externe est 100% made in France et fi\u00e8re de l&#039;\u00eatre.<\/p>\n                    <\/div>\n    <\/div>\n<\/div><\/div>[vc_empty_space][\/vc_column][\/vc_row][vc_row css_animation=\u00a0\u00bb\u00a0\u00bb row_type=\u00a0\u00bbrow\u00a0\u00bb use_row_as_full_screen_section=\u00a0\u00bbno\u00a0\u00bb type=\u00a0\u00bbfull_width\u00a0\u00bb angled_section=\u00a0\u00bbno\u00a0\u00bb text_align=\u00a0\u00bbleft\u00a0\u00bb background_image_as_pattern=\u00a0\u00bbwithout_pattern\u00a0\u00bb][vc_column][vc_column_text]<\/p>\n<h3>Comment notre syst\u00e8me fonctionne ?<\/h3>\n<p>[\/vc_column_text][vc_empty_space][vc_column_text]<\/p>\n<h3><\/h3>\n<p class=\"text\"><img decoding=\"async\" class=\"size-medium wp-image-17219 alignleft\" src=\"https:\/\/www.slow-tourisme-lab.fr\/assets\/uploads\/sites\/50\/2019\/11\/energy-bank-3-232x300.jpg\" alt=\"\" width=\"232\" height=\"300\" srcset=\"https:\/\/www.slow-tourisme-lab.fr\/assets\/uploads\/sites\/50\/2019\/11\/energy-bank-3-232x300.jpg 232w, https:\/\/www.slow-tourisme-lab.fr\/assets\/uploads\/sites\/50\/2019\/11\/energy-bank-3.jpg 322w\" sizes=\"(max-width: 232px) 100vw, 232px\" \/>LOCALISER L&rsquo;ENERGY BOX.<\/p>\n<p class=\"text\">Les utilisateurs localisent une nos Energy Box pr\u00e9sentent dans votre enseigne via notre app mobile.<\/p>\n<p>&nbsp;<\/p>\n<p class=\"text\">FLASHER LE QR CODE.<\/p>\n<p class=\"text\">Pour pouvoir utiliser l&rsquo;une des batteries externes, l&rsquo;utilisateur doit flasher le QR code pr\u00e9sent sur l&rsquo;Energy Box.<\/p>\n<p>&nbsp;<\/p>\n<p class=\"text\">RECHARGER LEUR SMARTPHONE.<\/p>\n<p class=\"text\">Vos visiteurs peuvent recharger leur smartphone, tout en pouvant continuer \u00e0 l&rsquo;utiliser et se d\u00e9placer avec<\/p>\n<p>&nbsp;<\/p>\n<p class=\"text\">RED\u00c9POSER LA BATTERIE EXTERNE.<\/p>\n<p class=\"text\">Une fois la batterie externe re d\u00e9pos\u00e9e dans sa box, les utilisateurs sont d\u00e9bit\u00e9s via notre app mobile.<\/p>\n<p>[\/vc_column_text][\/vc_column][\/vc_row][vc_row css_animation=\u00a0\u00bb\u00a0\u00bb row_type=\u00a0\u00bbrow\u00a0\u00bb use_row_as_full_screen_section=\u00a0\u00bbno\u00a0\u00bb type=\u00a0\u00bbfull_width\u00a0\u00bb angled_section=\u00a0\u00bbno\u00a0\u00bb text_align=\u00a0\u00bbleft\u00a0\u00bb background_image_as_pattern=\u00a0\u00bbwithout_pattern\u00a0\u00bb][vc_column width=\u00a0\u00bb1\/2&Prime;]<div class=\"ult-team-member-wrap ult-style-1  \"><div class=\"ult-team-member-image\" style=\"\"> <img decoding=\"async\" class=\"ult-team-grayscale\" src=\"\" alt=\"\"  style=\"\"><span class=\"ult-team-member-image-overlay \"  ><\/span><\/div><div class=\"ult-team-member-bio-wrap style-1 ultimate-heading69d8cf4640181\" style=\"text-align:center;; \"><div class=\"ult-team-member-name-wrap\"><h2 class=\"ult-team-member-name ult-responsive\"  data-ultimate-target='.ult-team-member-bio-wrap.ultimate-heading69d8cf4640181 .ult-team-member-name'  data-responsive-json-new='{\"font-size\":\"\",\"line-height\":\"\"}'  style=\"\">Energy Bank<\/h2><div class=\"ult-team-member-position ult-responsive\"  data-ultimate-target='.ult-team-member-bio-wrap.ultimate-heading69d8cf4640181 .ult-team-member-position'  data-responsive-json-new='{\"font-size\":\"\",\"line-height\":\"\"}'  style=\"\">Fondateurs - p\u00e8re &amp; fils<\/div><div class=\"ult-team-member-description ult-responsive\"  data-ultimate-target='.ult-team-member-bio-wrap.ultimate-heading69d8cf4640181 .ult-team-member-description'  data-responsive-json-new='{\"font-size\":\"\",\"line-height\":\"\"}'  style=\"\"><p><strong>Christopher &amp; Laurent Grillet<\/strong><\/p>\n<p>8 route de Prusy<br \/>\nCousegrey 10 210<br \/>\n+ 33 7 66 13 20 13<\/p>\n<p><strong><a href=\"https:\/\/www.energybank.fr\/\" target=\"_blank\" rel=\"noopener noreferrer\">www.energybank.fr<\/a><\/strong><\/p>\n<p><a href=\"mailto:info@energy-bank-sas.com\"><b>info@energy-bank-sas.com<\/b><\/a><\/p><\/div><div style=\"margin-bottom:15px\"><\/div><div class='ult-social-buttons'><a href='https:\/\/www.linkedin.com\/company\/energy-bank-sas\/' target='_blank' rel='noopener' title='LinkedIn' class='ult-team ult-social-icon' style='font-size:30px ; margin-left:5px;margin-right:5px;;'  data-iconcolor='inherit' data-iconhover='inherit' ><i class='Defaults-linkedin'><\/i><\/a><\/div><\/div><\/div><\/div>[\/vc_column][vc_column width=\u00a0\u00bb1\/2&Prime;][vc_raw_html]JTNDaWZyYW1lJTIwc3JjJTNEJTIyaHR0cHMlM0ElMkYlMkZ3d3cubGlua2VkaW4uY29tJTJGZW1iZWQlMkZmZWVkJTJGdXBkYXRlJTJGdXJuJTNBbGklM0F1Z2NQb3N0JTNBNjQ3OTEwNjg3NTI1NzQyMTgyNCUyMiUyMGhlaWdodCUzRCUyMjQ4MiUyMiUyMHdpZHRoJTNEJTIyNTA0JTIyJTIwZnJhbWVib3JkZXIlM0QlMjIwJTIyJTIwYWxsb3dmdWxsc2NyZWVuJTNEJTIyJTIyJTIwdGl0bGUlM0QlMjJQb3N0JTIwaW50JUMzJUE5Z3IlQzMlQTklMjIlM0UlM0MlMkZpZnJhbWUlM0U=[\/vc_raw_html][\/vc_column][\/vc_row]<\/p>\n<\/div>","protected":false},"excerpt":{"rendered":"<p>[vc_row css_animation=\u00a0\u00bb\u00a0\u00bb row_type=\u00a0\u00bbrow\u00a0\u00bb use_row_as_full_screen_section=\u00a0\u00bbno\u00a0\u00bb type=\u00a0\u00bbfull_width\u00a0\u00bb angled_section=\u00a0\u00bbno\u00a0\u00bb text_align=\u00a0\u00bbleft\u00a0\u00bb background_image_as_pattern=\u00a0\u00bbwithout_pattern\u00a0\u00bb][vc_column][vc_empty_space][vc_empty_space][\/vc_column][\/vc_row][vc_row css_animation=\u00a0\u00bb\u00a0\u00bb row_type=\u00a0\u00bbrow\u00a0\u00bb use_row_as_full_screen_section=\u00a0\u00bbno\u00a0\u00bb type=\u00a0\u00bbfull_width\u00a0\u00bb angled_section=\u00a0\u00bbno\u00a0\u00bb text_align=\u00a0\u00bbleft\u00a0\u00bb background_image_as_pattern=\u00a0\u00bbwithout_pattern\u00a0\u00bb][vc_column][vc_column_text] Comment notre syst\u00e8me fonctionne ? [\/vc_column_text][vc_empty_space][vc_column_text] LOCALISER L&rsquo;ENERGY BOX. Les utilisateurs localisent une nos Energy Box pr\u00e9sentent dans votre enseigne via notre app mobile. &nbsp; FLASHER LE QR CODE. Pour&#8230;<\/p>\n","protected":false},"author":43,"featured_media":17219,"parent":0,"menu_order":0,"comment_status":"closed","ping_status":"closed","template":"","meta":{"footnotes":""},"class_list":["post-17209","page","type-page","status-publish","has-post-thumbnail","hentry"],"yoast_head":"<!-- This site is optimized with the Yoast SEO plugin v26.6 - https:\/\/yoast.com\/wordpress\/plugins\/seo\/ -->\n<title>Energy Bank - Slow Tourisme Lab<\/title>\n<meta name=\"robots\" content=\"index, follow, max-snippet:-1, max-image-preview:large, max-video-preview:-1\" \/>\n<link rel=\"canonical\" href=\"https:\/\/www.slow-tourisme-lab.fr\/fr\/energy-bank\/\" \/>\n<meta property=\"og:locale\" content=\"fr_FR\" \/>\n<meta property=\"og:type\" content=\"article\" \/>\n<meta property=\"og:title\" content=\"Energy Bank - Slow Tourisme Lab\" \/>\n<meta property=\"og:description\" content=\"[vc_row css_animation=\u00a0\u00bb\u00a0\u00bb row_type=\u00a0\u00bbrow\u00a0\u00bb use_row_as_full_screen_section=\u00a0\u00bbno\u00a0\u00bb type=\u00a0\u00bbfull_width\u00a0\u00bb angled_section=\u00a0\u00bbno\u00a0\u00bb text_align=\u00a0\u00bbleft\u00a0\u00bb background_image_as_pattern=\u00a0\u00bbwithout_pattern\u00a0\u00bb][vc_column][vc_empty_space][vc_empty_space][\/vc_column][\/vc_row][vc_row css_animation=\u00a0\u00bb\u00a0\u00bb row_type=\u00a0\u00bbrow\u00a0\u00bb use_row_as_full_screen_section=\u00a0\u00bbno\u00a0\u00bb type=\u00a0\u00bbfull_width\u00a0\u00bb angled_section=\u00a0\u00bbno\u00a0\u00bb text_align=\u00a0\u00bbleft\u00a0\u00bb background_image_as_pattern=\u00a0\u00bbwithout_pattern\u00a0\u00bb][vc_column][vc_column_text] Comment notre syst\u00e8me fonctionne ? [\/vc_column_text][vc_empty_space][vc_column_text] LOCALISER L&rsquo;ENERGY BOX. Les utilisateurs localisent une nos Energy Box pr\u00e9sentent dans votre enseigne via notre app mobile. &nbsp; FLASHER LE QR CODE. Pour...\" \/>\n<meta property=\"og:url\" content=\"https:\/\/www.slow-tourisme-lab.fr\/fr\/energy-bank\/\" \/>\n<meta property=\"og:site_name\" content=\"Slow Tourisme Lab\" \/>\n<meta property=\"article:modified_time\" content=\"2021-04-19T07:27:09+00:00\" \/>\n<meta property=\"og:image\" content=\"https:\/\/www.slow-tourisme-lab.fr\/assets\/uploads\/sites\/50\/2019\/11\/energy-bank-3.jpg\" \/>\n\t<meta property=\"og:image:width\" content=\"322\" \/>\n\t<meta property=\"og:image:height\" content=\"417\" \/>\n\t<meta property=\"og:image:type\" content=\"image\/jpeg\" \/>\n<meta name=\"twitter:card\" content=\"summary_large_image\" \/>\n<meta name=\"twitter:label1\" content=\"Dur\u00e9e de lecture estim\u00e9e\" \/>\n\t<meta name=\"twitter:data1\" content=\"3 minutes\" \/>\n<script type=\"application\/ld+json\" class=\"yoast-schema-graph\">{\"@context\":\"https:\/\/schema.org\",\"@graph\":[{\"@type\":\"WebPage\",\"@id\":\"https:\/\/www.slow-tourisme-lab.fr\/fr\/energy-bank\/\",\"url\":\"https:\/\/www.slow-tourisme-lab.fr\/fr\/energy-bank\/\",\"name\":\"Energy Bank - Slow Tourisme Lab\",\"isPartOf\":{\"@id\":\"https:\/\/www.slow-tourisme-lab.fr\/fr\/#website\"},\"primaryImageOfPage\":{\"@id\":\"https:\/\/www.slow-tourisme-lab.fr\/fr\/energy-bank\/#primaryimage\"},\"image\":{\"@id\":\"https:\/\/www.slow-tourisme-lab.fr\/fr\/energy-bank\/#primaryimage\"},\"thumbnailUrl\":\"https:\/\/www.slow-tourisme-lab.fr\/assets\/uploads\/sites\/50\/2019\/11\/energy-bank-3.jpg\",\"datePublished\":\"2019-11-07T13:58:31+00:00\",\"dateModified\":\"2021-04-19T07:27:09+00:00\",\"breadcrumb\":{\"@id\":\"https:\/\/www.slow-tourisme-lab.fr\/fr\/energy-bank\/#breadcrumb\"},\"inLanguage\":\"fr-FR\",\"potentialAction\":[{\"@type\":\"ReadAction\",\"target\":[\"https:\/\/www.slow-tourisme-lab.fr\/fr\/energy-bank\/\"]}]},{\"@type\":\"ImageObject\",\"inLanguage\":\"fr-FR\",\"@id\":\"https:\/\/www.slow-tourisme-lab.fr\/fr\/energy-bank\/#primaryimage\",\"url\":\"https:\/\/www.slow-tourisme-lab.fr\/assets\/uploads\/sites\/50\/2019\/11\/energy-bank-3.jpg\",\"contentUrl\":\"https:\/\/www.slow-tourisme-lab.fr\/assets\/uploads\/sites\/50\/2019\/11\/energy-bank-3.jpg\",\"width\":322,\"height\":417},{\"@type\":\"BreadcrumbList\",\"@id\":\"https:\/\/www.slow-tourisme-lab.fr\/fr\/energy-bank\/#breadcrumb\",\"itemListElement\":[{\"@type\":\"ListItem\",\"position\":1,\"name\":\"Accueil\",\"item\":\"https:\/\/www.slow-tourisme-lab.fr\/fr\/\"},{\"@type\":\"ListItem\",\"position\":2,\"name\":\"Energy Bank\"}]},{\"@type\":\"WebSite\",\"@id\":\"https:\/\/www.slow-tourisme-lab.fr\/fr\/#website\",\"url\":\"https:\/\/www.slow-tourisme-lab.fr\/fr\/\",\"name\":\"Slow Tourisme Lab\",\"description\":\"Un accompagnement pour l'innovation touristique durable\",\"potentialAction\":[{\"@type\":\"SearchAction\",\"target\":{\"@type\":\"EntryPoint\",\"urlTemplate\":\"https:\/\/www.slow-tourisme-lab.fr\/fr\/?s={search_term_string}\"},\"query-input\":{\"@type\":\"PropertyValueSpecification\",\"valueRequired\":true,\"valueName\":\"search_term_string\"}}],\"inLanguage\":\"fr-FR\"}]}<\/script>\n<!-- \/ Yoast SEO plugin. -->","yoast_head_json":{"title":"Energy Bank - Slow Tourisme Lab","robots":{"index":"index","follow":"follow","max-snippet":"max-snippet:-1","max-image-preview":"max-image-preview:large","max-video-preview":"max-video-preview:-1"},"canonical":"https:\/\/www.slow-tourisme-lab.fr\/fr\/energy-bank\/","og_locale":"fr_FR","og_type":"article","og_title":"Energy Bank - Slow Tourisme Lab","og_description":"[vc_row css_animation=\u00a0\u00bb\u00a0\u00bb row_type=\u00a0\u00bbrow\u00a0\u00bb use_row_as_full_screen_section=\u00a0\u00bbno\u00a0\u00bb type=\u00a0\u00bbfull_width\u00a0\u00bb angled_section=\u00a0\u00bbno\u00a0\u00bb text_align=\u00a0\u00bbleft\u00a0\u00bb background_image_as_pattern=\u00a0\u00bbwithout_pattern\u00a0\u00bb][vc_column][vc_empty_space][vc_empty_space][\/vc_column][\/vc_row][vc_row css_animation=\u00a0\u00bb\u00a0\u00bb row_type=\u00a0\u00bbrow\u00a0\u00bb use_row_as_full_screen_section=\u00a0\u00bbno\u00a0\u00bb type=\u00a0\u00bbfull_width\u00a0\u00bb angled_section=\u00a0\u00bbno\u00a0\u00bb text_align=\u00a0\u00bbleft\u00a0\u00bb background_image_as_pattern=\u00a0\u00bbwithout_pattern\u00a0\u00bb][vc_column][vc_column_text] Comment notre syst\u00e8me fonctionne ? [\/vc_column_text][vc_empty_space][vc_column_text] LOCALISER L&rsquo;ENERGY BOX. Les utilisateurs localisent une nos Energy Box pr\u00e9sentent dans votre enseigne via notre app mobile. &nbsp; FLASHER LE QR CODE. Pour...","og_url":"https:\/\/www.slow-tourisme-lab.fr\/fr\/energy-bank\/","og_site_name":"Slow Tourisme Lab","article_modified_time":"2021-04-19T07:27:09+00:00","og_image":[{"width":322,"height":417,"url":"https:\/\/www.slow-tourisme-lab.fr\/assets\/uploads\/sites\/50\/2019\/11\/energy-bank-3.jpg","type":"image\/jpeg"}],"twitter_card":"summary_large_image","twitter_misc":{"Dur\u00e9e de lecture estim\u00e9e":"3 minutes"},"schema":{"@context":"https:\/\/schema.org","@graph":[{"@type":"WebPage","@id":"https:\/\/www.slow-tourisme-lab.fr\/fr\/energy-bank\/","url":"https:\/\/www.slow-tourisme-lab.fr\/fr\/energy-bank\/","name":"Energy Bank - Slow Tourisme Lab","isPartOf":{"@id":"https:\/\/www.slow-tourisme-lab.fr\/fr\/#website"},"primaryImageOfPage":{"@id":"https:\/\/www.slow-tourisme-lab.fr\/fr\/energy-bank\/#primaryimage"},"image":{"@id":"https:\/\/www.slow-tourisme-lab.fr\/fr\/energy-bank\/#primaryimage"},"thumbnailUrl":"https:\/\/www.slow-tourisme-lab.fr\/assets\/uploads\/sites\/50\/2019\/11\/energy-bank-3.jpg","datePublished":"2019-11-07T13:58:31+00:00","dateModified":"2021-04-19T07:27:09+00:00","breadcrumb":{"@id":"https:\/\/www.slow-tourisme-lab.fr\/fr\/energy-bank\/#breadcrumb"},"inLanguage":"fr-FR","potentialAction":[{"@type":"ReadAction","target":["https:\/\/www.slow-tourisme-lab.fr\/fr\/energy-bank\/"]}]},{"@type":"ImageObject","inLanguage":"fr-FR","@id":"https:\/\/www.slow-tourisme-lab.fr\/fr\/energy-bank\/#primaryimage","url":"https:\/\/www.slow-tourisme-lab.fr\/assets\/uploads\/sites\/50\/2019\/11\/energy-bank-3.jpg","contentUrl":"https:\/\/www.slow-tourisme-lab.fr\/assets\/uploads\/sites\/50\/2019\/11\/energy-bank-3.jpg","width":322,"height":417},{"@type":"BreadcrumbList","@id":"https:\/\/www.slow-tourisme-lab.fr\/fr\/energy-bank\/#breadcrumb","itemListElement":[{"@type":"ListItem","position":1,"name":"Accueil","item":"https:\/\/www.slow-tourisme-lab.fr\/fr\/"},{"@type":"ListItem","position":2,"name":"Energy Bank"}]},{"@type":"WebSite","@id":"https:\/\/www.slow-tourisme-lab.fr\/fr\/#website","url":"https:\/\/www.slow-tourisme-lab.fr\/fr\/","name":"Slow Tourisme Lab","description":"Un accompagnement pour l'innovation touristique durable","potentialAction":[{"@type":"SearchAction","target":{"@type":"EntryPoint","urlTemplate":"https:\/\/www.slow-tourisme-lab.fr\/fr\/?s={search_term_string}"},"query-input":{"@type":"PropertyValueSpecification","valueRequired":true,"valueName":"search_term_string"}}],"inLanguage":"fr-FR"}]}},"_links":{"self":[{"href":"https:\/\/www.slow-tourisme-lab.fr\/fr\/wp-json\/wp\/v2\/pages\/17209\/"}],"collection":[{"href":"https:\/\/www.slow-tourisme-lab.fr\/fr\/wp-json\/wp\/v2\/pages\/"}],"about":[{"href":"https:\/\/www.slow-tourisme-lab.fr\/fr\/wp-json\/wp\/v2\/types\/page\/"}],"author":[{"embeddable":true,"href":"https:\/\/www.slow-tourisme-lab.fr\/fr\/wp-json\/wp\/v2\/users\/43\/"}],"replies":[{"embeddable":true,"href":"https:\/\/www.slow-tourisme-lab.fr\/fr\/wp-json\/wp\/v2\/comments\/?post=17209"}],"version-history":[{"count":3,"href":"https:\/\/www.slow-tourisme-lab.fr\/fr\/wp-json\/wp\/v2\/pages\/17209\/revisions\/"}],"predecessor-version":[{"id":18855,"href":"https:\/\/www.slow-tourisme-lab.fr\/fr\/wp-json\/wp\/v2\/pages\/17209\/revisions\/18855\/"}],"wp:featuredmedia":[{"embeddable":true,"href":"https:\/\/www.slow-tourisme-lab.fr\/fr\/wp-json\/wp\/v2\/media\/17219\/"}],"wp:attachment":[{"href":"https:\/\/www.slow-tourisme-lab.fr\/fr\/wp-json\/wp\/v2\/media\/?parent=17209"}],"curies":[{"name":"wp","href":"https:\/\/api.w.org\/{rel}","templated":true}]}}