{"id":16893,"date":"2019-03-28T14:54:18","date_gmt":"2019-03-28T13:54:18","guid":{"rendered":"https:\/\/www.slow-tourisme-lab.fr\/?page_id=16893"},"modified":"2019-04-09T11:05:19","modified_gmt":"2019-04-09T09:05:19","slug":"un-jour-une-eglise","status":"publish","type":"page","link":"https:\/\/www.slow-tourisme-lab.fr\/fr\/un-jour-une-eglise\/","title":{"rendered":"Un jour, une \u00e9glise"},"content":{"rendered":"<div class=\"wpb-content-wrapper\"><p>[vc_row css_animation=\u00a0\u00bb\u00a0\u00bb row_type=\u00a0\u00bbrow\u00a0\u00bb use_row_as_full_screen_section=\u00a0\u00bbno\u00a0\u00bb type=\u00a0\u00bbfull_width\u00a0\u00bb angled_section=\u00a0\u00bbno\u00a0\u00bb text_align=\u00a0\u00bbleft\u00a0\u00bb background_image_as_pattern=\u00a0\u00bbwithout_pattern\u00a0\u00bb][vc_column]<div class=\"qode-workflow  qode-workflow-animate\">\n    <span class=\"main-line\" style=\"\"><\/span>\n    <div class=\"qode-workflow-item\">\n    <span class=\"line\" style=\"\"><\/span>\n    <div class=\"qode-workflow-item-inner reverse\">\n        <div class=\"qode-workflow-image center\">\n            <img fetchpriority=\"high\" decoding=\"async\" width=\"2048\" height=\"1053\" src=\"https:\/\/www.slow-tourisme-lab.fr\/assets\/uploads\/sites\/50\/2019\/03\/Post-4.jpg\" class=\"attachment-full size-full\" alt=\"\" srcset=\"https:\/\/www.slow-tourisme-lab.fr\/assets\/uploads\/sites\/50\/2019\/03\/Post-4.jpg 2048w, https:\/\/www.slow-tourisme-lab.fr\/assets\/uploads\/sites\/50\/2019\/03\/Post-4-300x154.jpg 300w, https:\/\/www.slow-tourisme-lab.fr\/assets\/uploads\/sites\/50\/2019\/03\/Post-4-768x395.jpg 768w, https:\/\/www.slow-tourisme-lab.fr\/assets\/uploads\/sites\/50\/2019\/03\/Post-4-1024x527.jpg 1024w, https:\/\/www.slow-tourisme-lab.fr\/assets\/uploads\/sites\/50\/2019\/03\/Post-4-700x360.jpg 700w\" sizes=\"(max-width: 2048px) 100vw, 2048px\" \/>        <\/div>\n        <div class=\"qode-workflow-text\">\n            <span class=\"circle\" style=\"\"><\/span>\n                            <h3>Les visites des b\u00e9n\u00e9voles<\/h3>\n                                                    <p class=\"text\">Chaque jour de \u00e9t\u00e9, les b\u00e9n\u00e9voles de l\u2019Aube se mobilisent pour vous proposer une diversit\u00e9 d\u2019animations. Partez \u00e0 la rencontre de ces passionn\u00e9s d\u2019histoire locale, de patrimoine, de musique, d\u2019art et de chant et d\u00e9couvrez un territoire riche en surprises.&lt;br \/&gt;\nLes manifestations propos\u00e9es sont en entr\u00e9e libre, tous publics et vous permettent d\u2019acc\u00e9der \u00e0 des sites souvent ferm\u00e9s \u00e0 la visite.<\/p>\n                    <\/div>\n    <\/div>\n<\/div><\/div>[vc_empty_space]<div class=\"qode-workflow  qode-workflow-animate\">\n    <span class=\"main-line\" style=\"\"><\/span>\n    <div class=\"qode-workflow-item\">\n    <span class=\"line\" style=\"\"><\/span>\n    <div class=\"qode-workflow-item-inner \">\n        <div class=\"qode-workflow-image center\">\n            <img decoding=\"async\" width=\"280\" height=\"373\" src=\"https:\/\/www.slow-tourisme-lab.fr\/assets\/uploads\/sites\/50\/2016\/10\/280px-Eglise_Fontaine-les-Dijon_004.jpg\" class=\"attachment-full size-full\" alt=\"\" srcset=\"https:\/\/www.slow-tourisme-lab.fr\/assets\/uploads\/sites\/50\/2016\/10\/280px-Eglise_Fontaine-les-Dijon_004.jpg 280w, https:\/\/www.slow-tourisme-lab.fr\/assets\/uploads\/sites\/50\/2016\/10\/280px-Eglise_Fontaine-les-Dijon_004-225x300.jpg 225w\" sizes=\"(max-width: 280px) 100vw, 280px\" \/>        <\/div>\n        <div class=\"qode-workflow-text\">\n            <span class=\"circle\" style=\"\"><\/span>\n                            <h3>Les \u00e9v\u00e9nements 1 jour, 1 \u00e9glise s\u00e9duisent de plus en plus de visteurs<\/h3>\n                                                    <p class=\"text\">En 2018 plus de 6500 visiteurs ont particip\u00e9 aux 486 visites r\u00e9parties dans 262 \u00e9glises ! Gr\u00e2ce aux efforts de chacun des b\u00e9n\u00e9voles, l\u2019op\u00e9ration a grandi et a accueilli encore plus de visiteurs. Les b\u00e9n\u00e9voles d\u2019Un jour, une \u00e9glise sont fiers d\u2019avoir re\u00e7u cette ann\u00e9e le label \u00ab Ann\u00e9e europ\u00e9enne du patrimoine culturel 2018 \u00bb d\u00e9livr\u00e9 par le Minist\u00e8re de la Culture \u00e0 travers la DRAC Grand Est (Direction G\u00e9n\u00e9rale des Affaires Culturelles), ce qui repr\u00e9sente une v\u00e9ritable reconnaissance nationale et europ\u00e9enne pour les acteurs engag\u00e9s dans la d\u00e9marche. <\/p>\n                    <\/div>\n    <\/div>\n<\/div><\/div>[\/vc_column][\/vc_row][vc_row css_animation=\u00a0\u00bb\u00a0\u00bb row_type=\u00a0\u00bbrow\u00a0\u00bb use_row_as_full_screen_section=\u00a0\u00bbno\u00a0\u00bb type=\u00a0\u00bbfull_width\u00a0\u00bb angled_section=\u00a0\u00bbno\u00a0\u00bb text_align=\u00a0\u00bbleft\u00a0\u00bb background_image_as_pattern=\u00a0\u00bbwithout_pattern\u00a0\u00bb][vc_column]<div class=\"ult-team-member-wrap ult-style-1  \"><div class=\"ult-team-member-image\" style=\"\"> <img decoding=\"async\" class=\"ult-team-grayscale\" src=\"\" alt=\"\"  style=\"\"><span class=\"ult-team-member-image-overlay \"  ><\/span><\/div><div class=\"ult-team-member-bio-wrap style-1 ultimate-heading6a06ed7369799\" style=\"text-align:center;; \"><div class=\"ult-team-member-name-wrap\"><h2 class=\"ult-team-member-name ult-responsive\"  data-ultimate-target='.ult-team-member-bio-wrap.ultimate-heading6a06ed7369799 .ult-team-member-name'  data-responsive-json-new='{\"font-size\":\"\",\"line-height\":\"\"}'  style=\"\">Un jour Une Eglise<\/h2><div class=\"ult-team-member-description ult-responsive\"  data-ultimate-target='.ult-team-member-bio-wrap.ultimate-heading6a06ed7369799 .ult-team-member-description'  data-responsive-json-new='{\"font-size\":\"\",\"line-height\":\"\"}'  style=\"\"><p><a href=\"https:\/\/www.bienvenue-en-champagne.com\/\" target=\"_blank\" rel=\"noopener noreferrer\">www.bienvenue-en-champagne.com<\/a><\/p>\n<p>+33 (0) 3 25 42 50 00<\/p>\n<p><\/p><\/div><div style=\"margin-bottom:15px\"><\/div><div class='ult-social-buttons'><a href='https:\/\/www.facebook.com\/UnJourUneEglise\/' target='_blank' rel='noopener' title='Facebook' class='ult-team ult-social-icon' style='font-size:30px ; margin-left:5px;margin-right:5px;;'  data-iconcolor='inherit' data-iconhover='inherit' ><i class='Defaults-facebook-square'><\/i><\/a><\/div><\/div><\/div><\/div>[\/vc_column][\/vc_row]<\/p>\n<\/div>","protected":false},"excerpt":{"rendered":"<p>[vc_row css_animation=\u00a0\u00bb\u00a0\u00bb row_type=\u00a0\u00bbrow\u00a0\u00bb use_row_as_full_screen_section=\u00a0\u00bbno\u00a0\u00bb type=\u00a0\u00bbfull_width\u00a0\u00bb angled_section=\u00a0\u00bbno\u00a0\u00bb text_align=\u00a0\u00bbleft\u00a0\u00bb background_image_as_pattern=\u00a0\u00bbwithout_pattern\u00a0\u00bb][vc_column][vc_empty_space][\/vc_column][\/vc_row][vc_row css_animation=\u00a0\u00bb\u00a0\u00bb row_type=\u00a0\u00bbrow\u00a0\u00bb use_row_as_full_screen_section=\u00a0\u00bbno\u00a0\u00bb type=\u00a0\u00bbfull_width\u00a0\u00bb angled_section=\u00a0\u00bbno\u00a0\u00bb text_align=\u00a0\u00bbleft\u00a0\u00bb background_image_as_pattern=\u00a0\u00bbwithout_pattern\u00a0\u00bb][vc_column][\/vc_column][\/vc_row]<\/p>\n","protected":false},"author":16,"featured_media":16292,"parent":0,"menu_order":0,"comment_status":"closed","ping_status":"closed","template":"","meta":{"footnotes":""},"class_list":["post-16893","page","type-page","status-publish","has-post-thumbnail","hentry"],"yoast_head":"<!-- This site is optimized with the Yoast SEO plugin v26.6 - https:\/\/yoast.com\/wordpress\/plugins\/seo\/ -->\n<title>Un jour, une \u00e9glise - Slow Tourisme Lab<\/title>\n<meta name=\"robots\" content=\"index, follow, max-snippet:-1, max-image-preview:large, max-video-preview:-1\" \/>\n<link rel=\"canonical\" href=\"https:\/\/www.slow-tourisme-lab.fr\/fr\/un-jour-une-eglise\/\" \/>\n<meta property=\"og:locale\" content=\"fr_FR\" \/>\n<meta property=\"og:type\" content=\"article\" \/>\n<meta property=\"og:title\" content=\"Un jour, une \u00e9glise - Slow Tourisme Lab\" \/>\n<meta property=\"og:description\" content=\"[vc_row css_animation=\u00a0\u00bb\u00a0\u00bb row_type=\u00a0\u00bbrow\u00a0\u00bb use_row_as_full_screen_section=\u00a0\u00bbno\u00a0\u00bb type=\u00a0\u00bbfull_width\u00a0\u00bb angled_section=\u00a0\u00bbno\u00a0\u00bb text_align=\u00a0\u00bbleft\u00a0\u00bb background_image_as_pattern=\u00a0\u00bbwithout_pattern\u00a0\u00bb][vc_column][vc_empty_space][\/vc_column][\/vc_row][vc_row css_animation=\u00a0\u00bb\u00a0\u00bb row_type=\u00a0\u00bbrow\u00a0\u00bb use_row_as_full_screen_section=\u00a0\u00bbno\u00a0\u00bb type=\u00a0\u00bbfull_width\u00a0\u00bb angled_section=\u00a0\u00bbno\u00a0\u00bb text_align=\u00a0\u00bbleft\u00a0\u00bb background_image_as_pattern=\u00a0\u00bbwithout_pattern\u00a0\u00bb][vc_column][\/vc_column][\/vc_row]\" \/>\n<meta property=\"og:url\" content=\"https:\/\/www.slow-tourisme-lab.fr\/fr\/un-jour-une-eglise\/\" \/>\n<meta property=\"og:site_name\" content=\"Slow Tourisme Lab\" \/>\n<meta property=\"article:modified_time\" content=\"2019-04-09T09:05:19+00:00\" \/>\n<meta property=\"og:image\" content=\"https:\/\/www.slow-tourisme-lab.fr\/assets\/uploads\/sites\/50\/2019\/03\/Post-4.jpg\" \/>\n\t<meta property=\"og:image:width\" content=\"2048\" \/>\n\t<meta property=\"og:image:height\" content=\"1053\" \/>\n\t<meta property=\"og:image:type\" content=\"image\/jpeg\" \/>\n<meta name=\"twitter:card\" content=\"summary_large_image\" \/>\n<meta name=\"twitter:label1\" content=\"Dur\u00e9e de lecture estim\u00e9e\" \/>\n\t<meta name=\"twitter:data1\" content=\"2 minutes\" \/>\n<script type=\"application\/ld+json\" class=\"yoast-schema-graph\">{\"@context\":\"https:\/\/schema.org\",\"@graph\":[{\"@type\":\"WebPage\",\"@id\":\"https:\/\/www.slow-tourisme-lab.fr\/fr\/un-jour-une-eglise\/\",\"url\":\"https:\/\/www.slow-tourisme-lab.fr\/fr\/un-jour-une-eglise\/\",\"name\":\"Un jour, une \u00e9glise - Slow Tourisme Lab\",\"isPartOf\":{\"@id\":\"https:\/\/www.slow-tourisme-lab.fr\/fr\/#website\"},\"primaryImageOfPage\":{\"@id\":\"https:\/\/www.slow-tourisme-lab.fr\/fr\/un-jour-une-eglise\/#primaryimage\"},\"image\":{\"@id\":\"https:\/\/www.slow-tourisme-lab.fr\/fr\/un-jour-une-eglise\/#primaryimage\"},\"thumbnailUrl\":\"https:\/\/www.slow-tourisme-lab.fr\/assets\/uploads\/sites\/50\/2019\/03\/Post-4.jpg\",\"datePublished\":\"2019-03-28T13:54:18+00:00\",\"dateModified\":\"2019-04-09T09:05:19+00:00\",\"breadcrumb\":{\"@id\":\"https:\/\/www.slow-tourisme-lab.fr\/fr\/un-jour-une-eglise\/#breadcrumb\"},\"inLanguage\":\"fr-FR\",\"potentialAction\":[{\"@type\":\"ReadAction\",\"target\":[\"https:\/\/www.slow-tourisme-lab.fr\/fr\/un-jour-une-eglise\/\"]}]},{\"@type\":\"ImageObject\",\"inLanguage\":\"fr-FR\",\"@id\":\"https:\/\/www.slow-tourisme-lab.fr\/fr\/un-jour-une-eglise\/#primaryimage\",\"url\":\"https:\/\/www.slow-tourisme-lab.fr\/assets\/uploads\/sites\/50\/2019\/03\/Post-4.jpg\",\"contentUrl\":\"https:\/\/www.slow-tourisme-lab.fr\/assets\/uploads\/sites\/50\/2019\/03\/Post-4.jpg\",\"width\":2048,\"height\":1053},{\"@type\":\"BreadcrumbList\",\"@id\":\"https:\/\/www.slow-tourisme-lab.fr\/fr\/un-jour-une-eglise\/#breadcrumb\",\"itemListElement\":[{\"@type\":\"ListItem\",\"position\":1,\"name\":\"Accueil\",\"item\":\"https:\/\/www.slow-tourisme-lab.fr\/fr\/\"},{\"@type\":\"ListItem\",\"position\":2,\"name\":\"Un jour, une \u00e9glise\"}]},{\"@type\":\"WebSite\",\"@id\":\"https:\/\/www.slow-tourisme-lab.fr\/fr\/#website\",\"url\":\"https:\/\/www.slow-tourisme-lab.fr\/fr\/\",\"name\":\"Slow Tourisme Lab\",\"description\":\"Un accompagnement pour l'innovation touristique durable\",\"potentialAction\":[{\"@type\":\"SearchAction\",\"target\":{\"@type\":\"EntryPoint\",\"urlTemplate\":\"https:\/\/www.slow-tourisme-lab.fr\/fr\/?s={search_term_string}\"},\"query-input\":{\"@type\":\"PropertyValueSpecification\",\"valueRequired\":true,\"valueName\":\"search_term_string\"}}],\"inLanguage\":\"fr-FR\"}]}<\/script>\n<!-- \/ Yoast SEO plugin. -->","yoast_head_json":{"title":"Un jour, une \u00e9glise - Slow Tourisme Lab","robots":{"index":"index","follow":"follow","max-snippet":"max-snippet:-1","max-image-preview":"max-image-preview:large","max-video-preview":"max-video-preview:-1"},"canonical":"https:\/\/www.slow-tourisme-lab.fr\/fr\/un-jour-une-eglise\/","og_locale":"fr_FR","og_type":"article","og_title":"Un jour, une \u00e9glise - Slow Tourisme Lab","og_description":"[vc_row css_animation=\u00a0\u00bb\u00a0\u00bb row_type=\u00a0\u00bbrow\u00a0\u00bb use_row_as_full_screen_section=\u00a0\u00bbno\u00a0\u00bb type=\u00a0\u00bbfull_width\u00a0\u00bb angled_section=\u00a0\u00bbno\u00a0\u00bb text_align=\u00a0\u00bbleft\u00a0\u00bb background_image_as_pattern=\u00a0\u00bbwithout_pattern\u00a0\u00bb][vc_column][vc_empty_space][\/vc_column][\/vc_row][vc_row css_animation=\u00a0\u00bb\u00a0\u00bb row_type=\u00a0\u00bbrow\u00a0\u00bb use_row_as_full_screen_section=\u00a0\u00bbno\u00a0\u00bb type=\u00a0\u00bbfull_width\u00a0\u00bb angled_section=\u00a0\u00bbno\u00a0\u00bb text_align=\u00a0\u00bbleft\u00a0\u00bb background_image_as_pattern=\u00a0\u00bbwithout_pattern\u00a0\u00bb][vc_column][\/vc_column][\/vc_row]","og_url":"https:\/\/www.slow-tourisme-lab.fr\/fr\/un-jour-une-eglise\/","og_site_name":"Slow Tourisme Lab","article_modified_time":"2019-04-09T09:05:19+00:00","og_image":[{"width":2048,"height":1053,"url":"https:\/\/www.slow-tourisme-lab.fr\/assets\/uploads\/sites\/50\/2019\/03\/Post-4.jpg","type":"image\/jpeg"}],"twitter_card":"summary_large_image","twitter_misc":{"Dur\u00e9e de lecture estim\u00e9e":"2 minutes"},"schema":{"@context":"https:\/\/schema.org","@graph":[{"@type":"WebPage","@id":"https:\/\/www.slow-tourisme-lab.fr\/fr\/un-jour-une-eglise\/","url":"https:\/\/www.slow-tourisme-lab.fr\/fr\/un-jour-une-eglise\/","name":"Un jour, une \u00e9glise - Slow Tourisme Lab","isPartOf":{"@id":"https:\/\/www.slow-tourisme-lab.fr\/fr\/#website"},"primaryImageOfPage":{"@id":"https:\/\/www.slow-tourisme-lab.fr\/fr\/un-jour-une-eglise\/#primaryimage"},"image":{"@id":"https:\/\/www.slow-tourisme-lab.fr\/fr\/un-jour-une-eglise\/#primaryimage"},"thumbnailUrl":"https:\/\/www.slow-tourisme-lab.fr\/assets\/uploads\/sites\/50\/2019\/03\/Post-4.jpg","datePublished":"2019-03-28T13:54:18+00:00","dateModified":"2019-04-09T09:05:19+00:00","breadcrumb":{"@id":"https:\/\/www.slow-tourisme-lab.fr\/fr\/un-jour-une-eglise\/#breadcrumb"},"inLanguage":"fr-FR","potentialAction":[{"@type":"ReadAction","target":["https:\/\/www.slow-tourisme-lab.fr\/fr\/un-jour-une-eglise\/"]}]},{"@type":"ImageObject","inLanguage":"fr-FR","@id":"https:\/\/www.slow-tourisme-lab.fr\/fr\/un-jour-une-eglise\/#primaryimage","url":"https:\/\/www.slow-tourisme-lab.fr\/assets\/uploads\/sites\/50\/2019\/03\/Post-4.jpg","contentUrl":"https:\/\/www.slow-tourisme-lab.fr\/assets\/uploads\/sites\/50\/2019\/03\/Post-4.jpg","width":2048,"height":1053},{"@type":"BreadcrumbList","@id":"https:\/\/www.slow-tourisme-lab.fr\/fr\/un-jour-une-eglise\/#breadcrumb","itemListElement":[{"@type":"ListItem","position":1,"name":"Accueil","item":"https:\/\/www.slow-tourisme-lab.fr\/fr\/"},{"@type":"ListItem","position":2,"name":"Un jour, une \u00e9glise"}]},{"@type":"WebSite","@id":"https:\/\/www.slow-tourisme-lab.fr\/fr\/#website","url":"https:\/\/www.slow-tourisme-lab.fr\/fr\/","name":"Slow Tourisme Lab","description":"Un accompagnement pour l'innovation touristique durable","potentialAction":[{"@type":"SearchAction","target":{"@type":"EntryPoint","urlTemplate":"https:\/\/www.slow-tourisme-lab.fr\/fr\/?s={search_term_string}"},"query-input":{"@type":"PropertyValueSpecification","valueRequired":true,"valueName":"search_term_string"}}],"inLanguage":"fr-FR"}]}},"_links":{"self":[{"href":"https:\/\/www.slow-tourisme-lab.fr\/fr\/wp-json\/wp\/v2\/pages\/16893\/"}],"collection":[{"href":"https:\/\/www.slow-tourisme-lab.fr\/fr\/wp-json\/wp\/v2\/pages\/"}],"about":[{"href":"https:\/\/www.slow-tourisme-lab.fr\/fr\/wp-json\/wp\/v2\/types\/page\/"}],"author":[{"embeddable":true,"href":"https:\/\/www.slow-tourisme-lab.fr\/fr\/wp-json\/wp\/v2\/users\/16\/"}],"replies":[{"embeddable":true,"href":"https:\/\/www.slow-tourisme-lab.fr\/fr\/wp-json\/wp\/v2\/comments\/?post=16893"}],"version-history":[{"count":1,"href":"https:\/\/www.slow-tourisme-lab.fr\/fr\/wp-json\/wp\/v2\/pages\/16893\/revisions\/"}],"predecessor-version":[{"id":18836,"href":"https:\/\/www.slow-tourisme-lab.fr\/fr\/wp-json\/wp\/v2\/pages\/16893\/revisions\/18836\/"}],"wp:featuredmedia":[{"embeddable":true,"href":"https:\/\/www.slow-tourisme-lab.fr\/fr\/wp-json\/wp\/v2\/media\/16292\/"}],"wp:attachment":[{"href":"https:\/\/www.slow-tourisme-lab.fr\/fr\/wp-json\/wp\/v2\/media\/?parent=16893"}],"curies":[{"name":"wp","href":"https:\/\/api.w.org\/{rel}","templated":true}]}}