{"id":16020,"date":"2019-02-25T10:45:54","date_gmt":"2019-02-25T09:45:54","guid":{"rendered":"https:\/\/slowtourismelab-www.v3.mobylee.com\/?page_id=16020"},"modified":"2025-12-05T16:00:49","modified_gmt":"2025-12-05T15:00:49","slug":"nous-sommes","status":"publish","type":"page","link":"https:\/\/www.slow-tourisme-lab.fr\/fr\/nous-sommes\/","title":{"rendered":"Qui sommes nous ?"},"content":{"rendered":"<div class=\"wpb-content-wrapper\"><p>[vc_row css_animation=\u00a0\u00bb\u00a0\u00bb row_type=\u00a0\u00bbrow\u00a0\u00bb use_row_as_full_screen_section=\u00a0\u00bbno\u00a0\u00bb type=\u00a0\u00bbfull_width\u00a0\u00bb angled_section=\u00a0\u00bbno\u00a0\u00bb text_align=\u00a0\u00bbleft\u00a0\u00bb background_image_as_pattern=\u00a0\u00bbwithout_pattern\u00a0\u00bb][vc_column][vc_column_text css=\u00a0\u00bb\u00a0\u00bb]Le Slow Tourisme Lab s\u2019appuie sur un \u00e9cosyst\u00e8me d\u2019acteurs existants soutenus par les politiques publiques, investis dans le tourisme, le d\u00e9veloppement durable et l\u2019innovation :<\/p>\n<p>&nbsp;<\/p>\n<h4><b>Agence Aube en Champagne Attractivit\u00e9<\/b><\/h4>\n<p>&nbsp;<\/p>\n<p>Port\u00e9 par l&rsquo;<a href=\"https:\/\/www.aube-champagne.com\/fr\/\" target=\"_blank\" rel=\"noopener\"><strong>Aube en Champagne Attractivit\u00e9<\/strong><\/a><b>, <\/b>il participe \u00e0 la d\u00e9tection, la mise en r\u00e9seau des prestataires, la fourniture d\u2019outils et de donn\u00e9es touristiques mutualis\u00e9es et l\u2019acc\u00e8s au march\u00e9 du tourisme dans le Grand Est. Le Slow Tourisme Lab est un relais aupr\u00e8s des associations et des habitants investis souvent b\u00e9n\u00e9volement dans la promotion de leur territoire. Proches du terrain, ils sont les vecteurs incontournables de la r\u00e9ussite du slow tourisme.<\/p>\n<h4><\/h4>\n<p>&nbsp;<\/p>\n<h4><strong>Technopole de l&rsquo;Aube en Champagne<\/strong><\/h4>\n<p>&nbsp;<\/p>\n<p>Lorsque le projet se construit, il n\u00e9cessite un accompagnement propre aux projets innovants. Il peut \u00eatre pris en charge par la <a href=\"http:\/\/www.technopole-aube.fr\" target=\"_blank\" rel=\"noopener noreferrer\"><b>Technopole de l\u2019Aube en Champagne<\/b><\/a> qui assurera l\u2019incubation, l\u2019h\u00e9bergement si n\u00e9cessaire et l\u2019acc\u00e8s \u00e0 toutes les expertises n\u00e9cessaires \u00e0 la r\u00e9ussite comme l\u2019accompagnement juridique, financier, propri\u00e9t\u00e9 intellectuelle\u2026 Tous ces outils et ces m\u00e9thodes seront test\u00e9s dans l\u2018Aube en Champagne, mod\u00e9lis\u00e9s et reproduits dans toute la r\u00e9gion Grand Est.<\/p>\n<p>&nbsp;<\/p>\n<p>&nbsp;<\/p>\n<h4><strong>Groupe Yschools<\/strong><\/h4>\n<p>&nbsp;<\/p>\n<p>Quant aux ressources humaines et \u00e0 la diffusion de connaissances n\u00e9cessaires \u00e0 la bonne appropriation et \u00e0 la croissance du projet, c\u2019est tout naturellement l\u2019<b>\u00e9cole sup\u00e9rieure de tourisme <a href=\"https:\/\/www.yschools.fr\/\" target=\"_blank\" rel=\"noopener noreferrer\">Yschools<\/a><\/b> qui entrera en action. Elle interviendra sur tout le territoire et m\u00eame au-del\u00e0 pour la professionnalisation des ressources.<\/p>\n<p>&nbsp;<\/p>\n<p>&nbsp;<\/p>\n<h4><strong>La r\u00e9gion Grand Est<\/strong><\/h4>\n<p>&nbsp;<\/p>\n<p>Avec le soutien de l&rsquo;<a href=\"https:\/\/www.art-grandest.fr\/\" target=\"_blank\" rel=\"noopener\"><strong>Agence R\u00e9gionale du Tourisme Grand Est<\/strong><\/a>, le lab est au service des 5 destinations majeures de ce grand territoire o\u00f9 le tourisme p\u00e8se 6 milliards d\u2018euros (Alsace, Champagne, Lorraine, Ardennes, Massif des Vosges). Et son rayonnement sera n\u00e9cessairement national voire international.[\/vc_column_text][vc_empty_space height=\u00a0\u00bb50px\u00a0\u00bb][vc_separator type=\u00a0\u00bbnormal\u00a0\u00bb][vc_empty_space height=\u00a0\u00bb50px\u00a0\u00bb][\/vc_column][\/vc_row][vc_row css_animation=\u00a0\u00bb\u00a0\u00bb row_type=\u00a0\u00bbrow\u00a0\u00bb use_row_as_full_screen_section=\u00a0\u00bbno\u00a0\u00bb type=\u00a0\u00bbfull_width\u00a0\u00bb angled_section=\u00a0\u00bbno\u00a0\u00bb text_align=\u00a0\u00bbleft\u00a0\u00bb background_image_as_pattern=\u00a0\u00bbwithout_pattern\u00a0\u00bb][vc_column width=\u00a0\u00bb1\/3&Prime;][vc_column_text css=\u00a0\u00bb\u00a0\u00bb]<\/p>\n<h2 style=\"text-align: center\">L\u2019Aube en Champagne Attractivit\u00e9<\/h2>\n<p>[\/vc_column_text][vc_empty_space height=\u00a0\u00bb70 px\u00a0\u00bb][vc_single_image image=\u00a0\u00bb16031&Prime; img_size=\u00a0\u00bbmedium\u00a0\u00bb alignment=\u00a0\u00bbcenter\u00a0\u00bb style=\u00a0\u00bbvc_box_shadow_3d\u00a0\u00bb onclick=\u00a0\u00bbcustom_link\u00a0\u00bb img_link_target=\u00a0\u00bb_blank\u00a0\u00bb qode_css_animation=\u00a0\u00bb\u00a0\u00bb link=\u00a0\u00bbhttps:\/\/www.aube-champagne.com\/\u00a0\u00bb][vc_empty_space height=\u00a0\u00bb69px\u00a0\u00bb][vc_column_text css=\u00a0\u00bb\u00a0\u00bb]L\u2019Aube en Champagne Attractivit\u00e9, acteur du tourisme institutionnel investi dans le d\u00e9veloppement durable :<\/p>\n<p>&nbsp;<\/p>\n<ul>\n<li>Le 1er ADT de France certifi\u00e9 ISO 20121.<\/li>\n<li>Un leader dans l\u2019affichage environnemental des h\u00f4tels.<\/li>\n<li>Signataire du m\u00e9morandum et engag\u00e9 dans la d\u00e9marche \u00ab\u00a0Passeport vert\u00a0\u00bb.<\/li>\n<li>Membre actif de DATATourisme.<\/li>\n<li>Membre du r\u00e9seau Acteur du Tourisme Durable &#8211; ATD<\/li>\n<\/ul>\n<p>[\/vc_column_text][\/vc_column][vc_column width=\u00a0\u00bb1\/3&Prime;][vc_column_text]<\/p>\n<h2 style=\"text-align: center\">Y Schools<br \/>\nEcole sup\u00e9rieure de tourisme<\/h2>\n<p>[\/vc_column_text][vc_empty_space height=\u00a0\u00bb70 px\u00a0\u00bb][vc_single_image image=\u00a0\u00bb16023&Prime; img_size=\u00a0\u00bbmedium\u00a0\u00bb alignment=\u00a0\u00bbcenter\u00a0\u00bb style=\u00a0\u00bbvc_box_shadow_3d\u00a0\u00bb onclick=\u00a0\u00bbcustom_link\u00a0\u00bb img_link_target=\u00a0\u00bb_blank\u00a0\u00bb qode_css_animation=\u00a0\u00bb\u00a0\u00bb link=\u00a0\u00bbhttps:\/\/www.yschools.fr\/\u00a0\u00bb][vc_empty_space height=\u00a0\u00bb77px\u00a0\u00bb][vc_column_text]Y schools, acteur de l\u2019enseignement sup\u00e9rieur et de la formation :<\/p>\n<p>&nbsp;<\/p>\n<ul>\n<li>Un p\u00f4le de formation construit autour du Programme Grande Ecole.<\/li>\n<li>L\u2019alliance d\u2019une \u00e9cole de la 2\u00e8me chance \u00e0 une \u00e9cole doctorale.<\/li>\n<li>Du management au design, au tourisme, \u00e0 l\u2019international mais aussi le secteur param\u00e9dical\/social.<\/li>\n<\/ul>\n<p>[\/vc_column_text][\/vc_column][vc_column width=\u00a0\u00bb1\/3&Prime;][vc_column_text]<\/p>\n<h2 style=\"text-align: center\">La Technopole de l\u2019Aube en Champagne<\/h2>\n<p>[\/vc_column_text][vc_empty_space][vc_single_image image=\u00a0\u00bb20835&Prime; img_size=\u00a0\u00bbmedium\u00a0\u00bb alignment=\u00a0\u00bbcenter\u00a0\u00bb style=\u00a0\u00bbvc_box_shadow_3d\u00a0\u00bb onclick=\u00a0\u00bbcustom_link\u00a0\u00bb img_link_target=\u00a0\u00bb_blank\u00a0\u00bb css=\u00a0\u00bb\u00a0\u00bb qode_css_animation=\u00a0\u00bb\u00a0\u00bb link=\u00a0\u00bbhttp:\/\/www.technopole-aube.fr\u00a0\u00bb][vc_empty_space][vc_column_text]La Technopole de l\u2019Aube en Champagne, acteur de l\u2019innovation :<\/p>\n<p>&nbsp;<\/p>\n<ul>\n<li>21 ans d\u2019exp\u00e9riences et d\u2019expertise.<\/li>\n<li>D\u00e9tecter, \u00e9valuer et s\u00e9lectionner des projets innovants et les accompagner dans leur d\u00e9marche de cr\u00e9ation et de d\u00e9veloppement.<\/li>\n<li>Un accompagnement sur mesure<\/li>\n<li>Une offre d&rsquo;h\u00e9bergement pour votre entreprise<\/li>\n<\/ul>\n<p>&nbsp;<\/p>\n<p>[\/vc_column_text][\/vc_column][\/vc_row][vc_row css_animation=\u00a0\u00bb\u00a0\u00bb row_type=\u00a0\u00bbrow\u00a0\u00bb use_row_as_full_screen_section=\u00a0\u00bbno\u00a0\u00bb type=\u00a0\u00bbfull_width\u00a0\u00bb angled_section=\u00a0\u00bbno\u00a0\u00bb text_align=\u00a0\u00bbleft\u00a0\u00bb background_image_as_pattern=\u00a0\u00bbwithout_pattern\u00a0\u00bb][vc_column][vc_empty_space height=\u00a0\u00bb70px\u00a0\u00bb][vc_column_text]<\/p>\n<h2 style=\"text-align: center\">Qu&rsquo;est-ce que le<em> slow tourisme<\/em> ?<\/h2>\n<p>&nbsp;<\/p>\n<p>&nbsp;<\/p>\n<p>&nbsp;<\/p>\n<p><img fetchpriority=\"high\" decoding=\"async\" class=\"wp-image-16871 alignright\" src=\"https:\/\/www.slow-tourisme-lab.fr\/assets\/uploads\/sites\/50\/2019\/03\/Capture-300x202.png\" alt=\"\" width=\"649\" height=\"437\" srcset=\"https:\/\/www.slow-tourisme-lab.fr\/assets\/uploads\/sites\/50\/2019\/03\/Capture-300x202.png 300w, https:\/\/www.slow-tourisme-lab.fr\/assets\/uploads\/sites\/50\/2019\/03\/Capture-768x518.png 768w, https:\/\/www.slow-tourisme-lab.fr\/assets\/uploads\/sites\/50\/2019\/03\/Capture-1024x690.png 1024w, https:\/\/www.slow-tourisme-lab.fr\/assets\/uploads\/sites\/50\/2019\/03\/Capture-700x472.png 700w, https:\/\/www.slow-tourisme-lab.fr\/assets\/uploads\/sites\/50\/2019\/03\/Capture.png 1408w\" sizes=\"(max-width: 649px) 100vw, 649px\" \/><\/p>\n<p>Le slow tourisme est, plus qu&rsquo;une forme de tourisme, un mode de vie pratiqu\u00e9 par le voyageur. C&rsquo;est un \u00e9tat d&rsquo;esprit qui repose sur trois points : <strong>prendre le temps de d\u00e9couvrir<\/strong> une destination, pratiquer une forme de <strong>tourisme durable<\/strong> (respect de l&rsquo;environnement, des population locales pour participer \u00e0 leur d\u00e9veloppement), avoir une exp\u00e9rience plus riche et <strong>authentique<\/strong>.<\/p>\n<p>&nbsp;<\/p>\n<p>Parmi toutes les formes de tourisme qu&rsquo;il existe, le voyageur a donc le choix pour construire lui m\u00eame son exp\u00e9rience touristique tout en ayant un impact positif sur les trois secteurs en jeu : environnement, social, et \u00e9conomique.<\/p>\n<p>[\/vc_column_text][\/vc_column][\/vc_row]<\/p>\n<\/div>","protected":false},"excerpt":{"rendered":"<p>[vc_row css_animation=\u00a0\u00bb\u00a0\u00bb row_type=\u00a0\u00bbrow\u00a0\u00bb use_row_as_full_screen_section=\u00a0\u00bbno\u00a0\u00bb type=\u00a0\u00bbfull_width\u00a0\u00bb angled_section=\u00a0\u00bbno\u00a0\u00bb text_align=\u00a0\u00bbleft\u00a0\u00bb background_image_as_pattern=\u00a0\u00bbwithout_pattern\u00a0\u00bb][vc_column][vc_column_text css=\u00a0\u00bb\u00a0\u00bb]Le Slow Tourisme Lab s\u2019appuie sur un \u00e9cosyst\u00e8me d\u2019acteurs existants soutenus par les politiques publiques, investis dans le tourisme, le d\u00e9veloppement durable et l\u2019innovation : &nbsp; Agence Aube en Champagne Attractivit\u00e9 &nbsp; Port\u00e9 par l&rsquo;Aube en Champagne&#8230;<\/p>\n","protected":false},"author":16,"featured_media":0,"parent":0,"menu_order":0,"comment_status":"closed","ping_status":"closed","template":"","meta":{"footnotes":""},"class_list":["post-16020","page","type-page","status-publish","hentry"],"yoast_head":"<!-- This site is optimized with the Yoast SEO plugin v26.6 - https:\/\/yoast.com\/wordpress\/plugins\/seo\/ -->\n<title>Qui sommes nous ? - Slow Tourisme Lab<\/title>\n<meta name=\"robots\" content=\"index, follow, max-snippet:-1, max-image-preview:large, max-video-preview:-1\" \/>\n<link rel=\"canonical\" href=\"https:\/\/www.slow-tourisme-lab.fr\/fr\/nous-sommes\/\" \/>\n<meta property=\"og:locale\" content=\"fr_FR\" \/>\n<meta property=\"og:type\" content=\"article\" \/>\n<meta property=\"og:title\" content=\"Qui sommes nous ? - Slow Tourisme Lab\" \/>\n<meta property=\"og:description\" content=\"[vc_row css_animation=\u00a0\u00bb\u00a0\u00bb row_type=\u00a0\u00bbrow\u00a0\u00bb use_row_as_full_screen_section=\u00a0\u00bbno\u00a0\u00bb type=\u00a0\u00bbfull_width\u00a0\u00bb angled_section=\u00a0\u00bbno\u00a0\u00bb text_align=\u00a0\u00bbleft\u00a0\u00bb background_image_as_pattern=\u00a0\u00bbwithout_pattern\u00a0\u00bb][vc_column][vc_column_text css=\u00a0\u00bb\u00a0\u00bb]Le Slow Tourisme Lab s\u2019appuie sur un \u00e9cosyst\u00e8me d\u2019acteurs existants soutenus par les politiques publiques, investis dans le tourisme, le d\u00e9veloppement durable et l\u2019innovation : &nbsp; Agence Aube en Champagne Attractivit\u00e9 &nbsp; Port\u00e9 par l&rsquo;Aube en Champagne...\" \/>\n<meta property=\"og:url\" content=\"https:\/\/www.slow-tourisme-lab.fr\/fr\/nous-sommes\/\" \/>\n<meta property=\"og:site_name\" content=\"Slow Tourisme Lab\" \/>\n<meta property=\"article:modified_time\" content=\"2025-12-05T15:00:49+00:00\" \/>\n<meta property=\"og:image\" content=\"https:\/\/slowtourismelab-www.v3.mobylee.com\/assets\/uploads\/sites\/50\/2019\/03\/Capture-300x202.png\" \/>\n<meta name=\"twitter:card\" content=\"summary_large_image\" \/>\n<meta name=\"twitter:label1\" content=\"Dur\u00e9e de lecture estim\u00e9e\" \/>\n\t<meta name=\"twitter:data1\" content=\"4 minutes\" \/>\n<script type=\"application\/ld+json\" class=\"yoast-schema-graph\">{\"@context\":\"https:\/\/schema.org\",\"@graph\":[{\"@type\":\"WebPage\",\"@id\":\"https:\/\/www.slow-tourisme-lab.fr\/fr\/nous-sommes\/\",\"url\":\"https:\/\/www.slow-tourisme-lab.fr\/fr\/nous-sommes\/\",\"name\":\"Qui sommes nous ? - Slow Tourisme Lab\",\"isPartOf\":{\"@id\":\"https:\/\/www.slow-tourisme-lab.fr\/fr\/#website\"},\"primaryImageOfPage\":{\"@id\":\"https:\/\/www.slow-tourisme-lab.fr\/fr\/nous-sommes\/#primaryimage\"},\"image\":{\"@id\":\"https:\/\/www.slow-tourisme-lab.fr\/fr\/nous-sommes\/#primaryimage\"},\"thumbnailUrl\":\"https:\/\/slowtourismelab-www.v3.mobylee.com\/assets\/uploads\/sites\/50\/2019\/03\/Capture-300x202.png\",\"datePublished\":\"2019-02-25T09:45:54+00:00\",\"dateModified\":\"2025-12-05T15:00:49+00:00\",\"breadcrumb\":{\"@id\":\"https:\/\/www.slow-tourisme-lab.fr\/fr\/nous-sommes\/#breadcrumb\"},\"inLanguage\":\"fr-FR\",\"potentialAction\":[{\"@type\":\"ReadAction\",\"target\":[\"https:\/\/www.slow-tourisme-lab.fr\/fr\/nous-sommes\/\"]}]},{\"@type\":\"ImageObject\",\"inLanguage\":\"fr-FR\",\"@id\":\"https:\/\/www.slow-tourisme-lab.fr\/fr\/nous-sommes\/#primaryimage\",\"url\":\"https:\/\/slowtourismelab-www.v3.mobylee.com\/assets\/uploads\/sites\/50\/2019\/03\/Capture-300x202.png\",\"contentUrl\":\"https:\/\/slowtourismelab-www.v3.mobylee.com\/assets\/uploads\/sites\/50\/2019\/03\/Capture-300x202.png\"},{\"@type\":\"BreadcrumbList\",\"@id\":\"https:\/\/www.slow-tourisme-lab.fr\/fr\/nous-sommes\/#breadcrumb\",\"itemListElement\":[{\"@type\":\"ListItem\",\"position\":1,\"name\":\"Accueil\",\"item\":\"https:\/\/www.slow-tourisme-lab.fr\/fr\/\"},{\"@type\":\"ListItem\",\"position\":2,\"name\":\"Qui sommes nous ?\"}]},{\"@type\":\"WebSite\",\"@id\":\"https:\/\/www.slow-tourisme-lab.fr\/fr\/#website\",\"url\":\"https:\/\/www.slow-tourisme-lab.fr\/fr\/\",\"name\":\"Slow Tourisme Lab\",\"description\":\"Un accompagnement pour l'innovation touristique durable\",\"potentialAction\":[{\"@type\":\"SearchAction\",\"target\":{\"@type\":\"EntryPoint\",\"urlTemplate\":\"https:\/\/www.slow-tourisme-lab.fr\/fr\/?s={search_term_string}\"},\"query-input\":{\"@type\":\"PropertyValueSpecification\",\"valueRequired\":true,\"valueName\":\"search_term_string\"}}],\"inLanguage\":\"fr-FR\"}]}<\/script>\n<!-- \/ Yoast SEO plugin. -->","yoast_head_json":{"title":"Qui sommes nous ? - Slow Tourisme Lab","robots":{"index":"index","follow":"follow","max-snippet":"max-snippet:-1","max-image-preview":"max-image-preview:large","max-video-preview":"max-video-preview:-1"},"canonical":"https:\/\/www.slow-tourisme-lab.fr\/fr\/nous-sommes\/","og_locale":"fr_FR","og_type":"article","og_title":"Qui sommes nous ? - Slow Tourisme Lab","og_description":"[vc_row css_animation=\u00a0\u00bb\u00a0\u00bb row_type=\u00a0\u00bbrow\u00a0\u00bb use_row_as_full_screen_section=\u00a0\u00bbno\u00a0\u00bb type=\u00a0\u00bbfull_width\u00a0\u00bb angled_section=\u00a0\u00bbno\u00a0\u00bb text_align=\u00a0\u00bbleft\u00a0\u00bb background_image_as_pattern=\u00a0\u00bbwithout_pattern\u00a0\u00bb][vc_column][vc_column_text css=\u00a0\u00bb\u00a0\u00bb]Le Slow Tourisme Lab s\u2019appuie sur un \u00e9cosyst\u00e8me d\u2019acteurs existants soutenus par les politiques publiques, investis dans le tourisme, le d\u00e9veloppement durable et l\u2019innovation : &nbsp; Agence Aube en Champagne Attractivit\u00e9 &nbsp; Port\u00e9 par l&rsquo;Aube en Champagne...","og_url":"https:\/\/www.slow-tourisme-lab.fr\/fr\/nous-sommes\/","og_site_name":"Slow Tourisme Lab","article_modified_time":"2025-12-05T15:00:49+00:00","og_image":[{"url":"https:\/\/slowtourismelab-www.v3.mobylee.com\/assets\/uploads\/sites\/50\/2019\/03\/Capture-300x202.png","type":"","width":"","height":""}],"twitter_card":"summary_large_image","twitter_misc":{"Dur\u00e9e de lecture estim\u00e9e":"4 minutes"},"schema":{"@context":"https:\/\/schema.org","@graph":[{"@type":"WebPage","@id":"https:\/\/www.slow-tourisme-lab.fr\/fr\/nous-sommes\/","url":"https:\/\/www.slow-tourisme-lab.fr\/fr\/nous-sommes\/","name":"Qui sommes nous ? - Slow Tourisme Lab","isPartOf":{"@id":"https:\/\/www.slow-tourisme-lab.fr\/fr\/#website"},"primaryImageOfPage":{"@id":"https:\/\/www.slow-tourisme-lab.fr\/fr\/nous-sommes\/#primaryimage"},"image":{"@id":"https:\/\/www.slow-tourisme-lab.fr\/fr\/nous-sommes\/#primaryimage"},"thumbnailUrl":"https:\/\/slowtourismelab-www.v3.mobylee.com\/assets\/uploads\/sites\/50\/2019\/03\/Capture-300x202.png","datePublished":"2019-02-25T09:45:54+00:00","dateModified":"2025-12-05T15:00:49+00:00","breadcrumb":{"@id":"https:\/\/www.slow-tourisme-lab.fr\/fr\/nous-sommes\/#breadcrumb"},"inLanguage":"fr-FR","potentialAction":[{"@type":"ReadAction","target":["https:\/\/www.slow-tourisme-lab.fr\/fr\/nous-sommes\/"]}]},{"@type":"ImageObject","inLanguage":"fr-FR","@id":"https:\/\/www.slow-tourisme-lab.fr\/fr\/nous-sommes\/#primaryimage","url":"https:\/\/slowtourismelab-www.v3.mobylee.com\/assets\/uploads\/sites\/50\/2019\/03\/Capture-300x202.png","contentUrl":"https:\/\/slowtourismelab-www.v3.mobylee.com\/assets\/uploads\/sites\/50\/2019\/03\/Capture-300x202.png"},{"@type":"BreadcrumbList","@id":"https:\/\/www.slow-tourisme-lab.fr\/fr\/nous-sommes\/#breadcrumb","itemListElement":[{"@type":"ListItem","position":1,"name":"Accueil","item":"https:\/\/www.slow-tourisme-lab.fr\/fr\/"},{"@type":"ListItem","position":2,"name":"Qui sommes nous ?"}]},{"@type":"WebSite","@id":"https:\/\/www.slow-tourisme-lab.fr\/fr\/#website","url":"https:\/\/www.slow-tourisme-lab.fr\/fr\/","name":"Slow Tourisme Lab","description":"Un accompagnement pour l'innovation touristique durable","potentialAction":[{"@type":"SearchAction","target":{"@type":"EntryPoint","urlTemplate":"https:\/\/www.slow-tourisme-lab.fr\/fr\/?s={search_term_string}"},"query-input":{"@type":"PropertyValueSpecification","valueRequired":true,"valueName":"search_term_string"}}],"inLanguage":"fr-FR"}]}},"_links":{"self":[{"href":"https:\/\/www.slow-tourisme-lab.fr\/fr\/wp-json\/wp\/v2\/pages\/16020\/"}],"collection":[{"href":"https:\/\/www.slow-tourisme-lab.fr\/fr\/wp-json\/wp\/v2\/pages\/"}],"about":[{"href":"https:\/\/www.slow-tourisme-lab.fr\/fr\/wp-json\/wp\/v2\/types\/page\/"}],"author":[{"embeddable":true,"href":"https:\/\/www.slow-tourisme-lab.fr\/fr\/wp-json\/wp\/v2\/users\/16\/"}],"replies":[{"embeddable":true,"href":"https:\/\/www.slow-tourisme-lab.fr\/fr\/wp-json\/wp\/v2\/comments\/?post=16020"}],"version-history":[{"count":5,"href":"https:\/\/www.slow-tourisme-lab.fr\/fr\/wp-json\/wp\/v2\/pages\/16020\/revisions\/"}],"predecessor-version":[{"id":21131,"href":"https:\/\/www.slow-tourisme-lab.fr\/fr\/wp-json\/wp\/v2\/pages\/16020\/revisions\/21131\/"}],"wp:attachment":[{"href":"https:\/\/www.slow-tourisme-lab.fr\/fr\/wp-json\/wp\/v2\/media\/?parent=16020"}],"curies":[{"name":"wp","href":"https:\/\/api.w.org\/{rel}","templated":true}]}}