{"id":15891,"date":"2019-02-19T10:22:04","date_gmt":"2019-02-19T09:22:04","guid":{"rendered":"https:\/\/slowtourismelab-www.v3.mobylee.com\/?page_id=15891"},"modified":"2021-04-27T11:10:08","modified_gmt":"2021-04-27T09:10:08","slug":"racines","status":"publish","type":"page","link":"https:\/\/www.slow-tourisme-lab.fr\/fr\/racines\/","title":{"rendered":"RACINES VOYAGE"},"content":{"rendered":"<div class=\"wpb-content-wrapper\"><p>[vc_row css_animation=\u00a0\u00bb\u00a0\u00bb row_type=\u00a0\u00bbrow\u00a0\u00bb use_row_as_full_screen_section=\u00a0\u00bbno\u00a0\u00bb type=\u00a0\u00bbfull_width\u00a0\u00bb angled_section=\u00a0\u00bbno\u00a0\u00bb text_align=\u00a0\u00bbleft\u00a0\u00bb background_image_as_pattern=\u00a0\u00bbwithout_pattern\u00a0\u00bb][vc_column][vc_single_image image=\u00a0\u00bb18845&Prime; img_size=\u00a0\u00bblarge\u00a0\u00bb alignment=\u00a0\u00bbcenter\u00a0\u00bb qode_css_animation=\u00a0\u00bb\u00a0\u00bb][vc_empty_space][vc_column_text]<\/p>\n<h3 style=\"text-align: center\"><em>Une agence sp\u00e9cialiste du tourisme g\u00e9n\u00e9alogique en France.<\/em><\/h3>\n<p>&nbsp;<\/p>\n<p>[\/vc_column_text][\/vc_column][\/vc_row][vc_row css_animation=\u00a0\u00bb\u00a0\u00bb row_type=\u00a0\u00bbrow\u00a0\u00bb use_row_as_full_screen_section=\u00a0\u00bbno\u00a0\u00bb type=\u00a0\u00bbfull_width\u00a0\u00bb angled_section=\u00a0\u00bbno\u00a0\u00bb text_align=\u00a0\u00bbleft\u00a0\u00bb background_image_as_pattern=\u00a0\u00bbwithout_pattern\u00a0\u00bb][vc_column][vc_single_image image=\u00a0\u00bb18922&Prime; img_size=\u00a0\u00bblarge\u00a0\u00bb alignment=\u00a0\u00bbcenter\u00a0\u00bb qode_css_animation=\u00a0\u00bb\u00a0\u00bb][vc_empty_space][vc_column_text]<\/p>\n<p style=\"text-align: center\">RACINES VOYAGES vous propose des week-ends tourisme &amp; g\u00e9n\u00e9alogie.<\/p>\n<p style=\"text-align: center\">En couple, entre amis, seul ou en famille venez vivre une exp\u00e9rience <strong>\u00ab\u00a0hors du temps\u00a0\u00bb<\/strong> :<\/p>\n<p style=\"text-align: center\">D\u00e9couvrir des lieux embl\u00e9matiques de personnalit\u00e9s comme Napol\u00e9on ou Flaubert. Entrer dans l&rsquo;histoire des Templiers. Fl\u00e2ner dans la ville de Troyes&#8230;<\/p>\n<p style=\"text-align: center\">De plus, des g\u00e9n\u00e9alogistes professionnels viendront vous parler de votre histoire familiale.<\/p>\n<p>[\/vc_column_text][vc_empty_space height=\u00a0\u00bb60px\u00a0\u00bb][\/vc_column][\/vc_row][vc_row css_animation=\u00a0\u00bb\u00a0\u00bb row_type=\u00a0\u00bbrow\u00a0\u00bb use_row_as_full_screen_section=\u00a0\u00bbno\u00a0\u00bb type=\u00a0\u00bbfull_width\u00a0\u00bb angled_section=\u00a0\u00bbno\u00a0\u00bb text_align=\u00a0\u00bbleft\u00a0\u00bb background_image_as_pattern=\u00a0\u00bbwithout_pattern\u00a0\u00bb][vc_column]<div class=\"qode-workflow  qode-workflow-animate\">\n    <span class=\"main-line\" style=\"\"><\/span>\n    <div class=\"qode-workflow-item\">\n    <span class=\"line\" style=\"\"><\/span>\n    <div class=\"qode-workflow-item-inner reverse\">\n        <div class=\"qode-workflow-image center\">\n            <img fetchpriority=\"high\" decoding=\"async\" width=\"467\" height=\"443\" src=\"https:\/\/www.slow-tourisme-lab.fr\/assets\/uploads\/sites\/50\/2019\/02\/Racines-_-s\u00e9jours.png\" class=\"attachment-full size-full\" alt=\"\" srcset=\"https:\/\/www.slow-tourisme-lab.fr\/assets\/uploads\/sites\/50\/2019\/02\/Racines-_-s\u00e9jours.png 467w, https:\/\/www.slow-tourisme-lab.fr\/assets\/uploads\/sites\/50\/2019\/02\/Racines-_-s\u00e9jours-300x285.png 300w\" sizes=\"(max-width: 467px) 100vw, 467px\" \/>        <\/div>\n        <div class=\"qode-workflow-text\">\n            <span class=\"circle\" style=\"\"><\/span>\n                            <h3>RACINES VOYAGES, c&#039;est quoi ?<\/h3>\n                                                    <p class=\"text\">C&#039;est une agence de voyage qui propose aux visiteurs canadien, qu\u00e9becois, anglais, am\u00e9ricain etc. de retourner sur les traces de leurs anc\u00eatres gr\u00e2ce \u00e0 des circuits, adaptables sur mesure. Les s\u00e9jours peuvent \u00eatre orient\u00e9s vers la d\u00e9couverte du patrimoine, la randonn\u00e9e, les \u00e9v\u00e9nements culturels, le shopping... L&#039; agence RACINES VOYAGES : une expertise \u00e0 votre disposition pour vous conseiller et vous faire passer des vacances inoubliables, uniques et hors du commun, pleines d&#039;\u00e9motions et de rencontres.<\/p>\n                    <\/div>\n    <\/div>\n<\/div><\/div>[vc_empty_space]<div class=\"qode-workflow  qode-workflow-animate\">\n    <span class=\"main-line\" style=\"\"><\/span>\n    <div class=\"qode-workflow-item\">\n    <span class=\"line\" style=\"\"><\/span>\n    <div class=\"qode-workflow-item-inner \">\n        <div class=\"qode-workflow-image center\">\n                    <\/div>\n        <div class=\"qode-workflow-text\">\n            <span class=\"circle\" style=\"\"><\/span>\n                                            <\/div>\n    <\/div>\n<\/div><\/div>[vc_empty_space][\/vc_column][\/vc_row][vc_row css_animation=\u00a0\u00bb\u00a0\u00bb row_type=\u00a0\u00bbrow\u00a0\u00bb use_row_as_full_screen_section=\u00a0\u00bbno\u00a0\u00bb type=\u00a0\u00bbfull_width\u00a0\u00bb angled_section=\u00a0\u00bbno\u00a0\u00bb text_align=\u00a0\u00bbleft\u00a0\u00bb background_image_as_pattern=\u00a0\u00bbwithout_pattern\u00a0\u00bb][vc_column width=\u00a0\u00bb1\/2&Prime;]<div class=\"ult-team-member-wrap ult-style-1  \"><div class=\"ult-team-member-image\" style=\"\"> <img decoding=\"async\" class=\"ult-team-grayscale\" src=\"\" alt=\"\"  style=\"\"><span class=\"ult-team-member-image-overlay \"  ><\/span><\/div><div class=\"ult-team-member-bio-wrap style-1 ultimate-heading69e193a9b1065\" style=\"text-align:center;; \"><div class=\"ult-team-member-name-wrap\"><h2 class=\"ult-team-member-name ult-responsive\"  data-ultimate-target='.ult-team-member-bio-wrap.ultimate-heading69e193a9b1065 .ult-team-member-name'  data-responsive-json-new='{\"font-size\":\"\",\"line-height\":\"\"}'  style=\"\">RACINES VOYAGES<\/h2><div class=\"ult-team-member-description ult-responsive\"  data-ultimate-target='.ult-team-member-bio-wrap.ultimate-heading69e193a9b1065 .ult-team-member-description'  data-responsive-json-new='{\"font-size\":\"\",\"line-height\":\"\"}'  style=\"\"><p><a href=\"https:\/\/www.racinesvoyages.com\/\">www.racinesvoyages.com<\/a><\/p>\n<p><a href=\"mailto:contact@racinesvoyages.com\">contact@racinesvoyages.com<\/a><\/p>\n<p>06 76 87 62 30<\/p><\/div><div style=\"margin-bottom:15px\"><\/div><div class='ult-social-buttons'><a href='https:\/\/www.linkedin.com\/company\/racinesvoyages\/' target='_blank' rel='noopener' title='linkedin' class='ult-team ult-social-icon' style='font-size:40px ; margin-left:5px;margin-right:5px;;'  data-iconcolor='inherit' data-iconhover='inherit' ><i class='Defaults-linkedin-square'><\/i><\/a><a href='https:\/\/www.facebook.com\/RacinesVoyages' target='_blank' rel='noopener' title='facebook' class='ult-team ult-social-icon' style='font-size:40px ; margin-left:5px;margin-right:5px;;'  data-iconcolor='inherit' data-iconhover='inherit' ><i class='Defaults-facebook-square'><\/i><\/a><\/div><\/div><\/div><\/div>[\/vc_column][vc_column width=\u00a0\u00bb1\/2&Prime;]<div class=\"ult-team-member-wrap ult-style-1  \"><div class=\"ult-team-member-image\" style=\"\"> <img decoding=\"async\" class=\"\" src=\"\" alt=\"\"  style=\"\"><span class=\"ult-team-member-image-overlay \"  ><\/span><\/div><div class=\"ult-team-member-bio-wrap style-1 ultimate-heading69e193a9b1194\" style=\"text-align:center;; \"><div class=\"ult-team-member-name-wrap\"><h2 class=\"ult-team-member-name ult-responsive\"  data-ultimate-target='.ult-team-member-bio-wrap.ultimate-heading69e193a9b1194 .ult-team-member-name'  data-responsive-json-new='{\"font-size\":\"\",\"line-height\":\"\"}'  style=\"\">Marie-Claire Prestavoine<\/h2><div class=\"ult-team-member-position ult-responsive\"  data-ultimate-target='.ult-team-member-bio-wrap.ultimate-heading69e193a9b1194 .ult-team-member-position'  data-responsive-json-new='{\"font-size\":\"\",\"line-height\":\"\"}'  style=\"\">Fondatrice<\/div><div class=\"ult-team-member-description ult-responsive\"  data-ultimate-target='.ult-team-member-bio-wrap.ultimate-heading69e193a9b1194 .ult-team-member-description'  data-responsive-json-new='{\"font-size\":\"\",\"line-height\":\"\"}'  style=\"\"><p><\/p>\n<p style=\"text-align: center\">Passionn\u00e9e de g\u00e9n\u00e9alogie depuis sa jeunesse.<\/p>\n<p><img decoding=\"async\" class=\"alignnone  wp-image-18917 aligncenter\" src=\"https:\/\/www.slow-tourisme-lab.fr\/assets\/uploads\/sites\/50\/2021\/04\/Marie-Claire-PRESTAVOINE.jpg\" alt=\"\" width=\"139\" height=\"139\" srcset=\"https:\/\/www.slow-tourisme-lab.fr\/assets\/uploads\/sites\/50\/2021\/04\/Marie-Claire-PRESTAVOINE.jpg 200w, https:\/\/www.slow-tourisme-lab.fr\/assets\/uploads\/sites\/50\/2021\/04\/Marie-Claire-PRESTAVOINE-150x150.jpg 150w\" sizes=\"(max-width: 139px) 100vw, 139px\" \/><\/p><\/div><div style=\"margin-bottom:15px\"><\/div><\/div><\/div><\/div>[\/vc_column][\/vc_row]<\/p>\n<\/div>","protected":false},"excerpt":{"rendered":"<p>[vc_row css_animation=\u00a0\u00bb\u00a0\u00bb row_type=\u00a0\u00bbrow\u00a0\u00bb use_row_as_full_screen_section=\u00a0\u00bbno\u00a0\u00bb type=\u00a0\u00bbfull_width\u00a0\u00bb angled_section=\u00a0\u00bbno\u00a0\u00bb text_align=\u00a0\u00bbleft\u00a0\u00bb background_image_as_pattern=\u00a0\u00bbwithout_pattern\u00a0\u00bb][vc_column][vc_single_image image=\u00a0\u00bb18845&Prime; img_size=\u00a0\u00bblarge\u00a0\u00bb alignment=\u00a0\u00bbcenter\u00a0\u00bb qode_css_animation=\u00a0\u00bb\u00a0\u00bb][vc_empty_space][vc_column_text] Une agence sp\u00e9cialiste du tourisme g\u00e9n\u00e9alogique en France. &nbsp; [\/vc_column_text][\/vc_column][\/vc_row][vc_row css_animation=\u00a0\u00bb\u00a0\u00bb row_type=\u00a0\u00bbrow\u00a0\u00bb use_row_as_full_screen_section=\u00a0\u00bbno\u00a0\u00bb type=\u00a0\u00bbfull_width\u00a0\u00bb angled_section=\u00a0\u00bbno\u00a0\u00bb text_align=\u00a0\u00bbleft\u00a0\u00bb background_image_as_pattern=\u00a0\u00bbwithout_pattern\u00a0\u00bb][vc_column][vc_single_image image=\u00a0\u00bb18922&Prime; img_size=\u00a0\u00bblarge\u00a0\u00bb alignment=\u00a0\u00bbcenter\u00a0\u00bb qode_css_animation=\u00a0\u00bb\u00a0\u00bb][vc_empty_space][vc_column_text] RACINES VOYAGES vous propose des week-ends tourisme &amp; g\u00e9n\u00e9alogie. En couple, entre&#8230;<\/p>\n","protected":false},"author":16,"featured_media":0,"parent":0,"menu_order":0,"comment_status":"closed","ping_status":"closed","template":"","meta":{"footnotes":""},"class_list":["post-15891","page","type-page","status-publish","hentry"],"yoast_head":"<!-- This site is optimized with the Yoast SEO plugin v26.6 - https:\/\/yoast.com\/wordpress\/plugins\/seo\/ -->\n<title>RACINES VOYAGE - Slow Tourisme Lab<\/title>\n<meta name=\"robots\" content=\"index, follow, max-snippet:-1, max-image-preview:large, max-video-preview:-1\" \/>\n<link rel=\"canonical\" href=\"https:\/\/www.slow-tourisme-lab.fr\/fr\/racines\/\" \/>\n<meta property=\"og:locale\" content=\"fr_FR\" \/>\n<meta property=\"og:type\" content=\"article\" \/>\n<meta property=\"og:title\" content=\"RACINES VOYAGE - Slow Tourisme Lab\" \/>\n<meta property=\"og:description\" content=\"[vc_row css_animation=\u00a0\u00bb\u00a0\u00bb row_type=\u00a0\u00bbrow\u00a0\u00bb use_row_as_full_screen_section=\u00a0\u00bbno\u00a0\u00bb type=\u00a0\u00bbfull_width\u00a0\u00bb angled_section=\u00a0\u00bbno\u00a0\u00bb text_align=\u00a0\u00bbleft\u00a0\u00bb background_image_as_pattern=\u00a0\u00bbwithout_pattern\u00a0\u00bb][vc_column][vc_single_image image=\u00a0\u00bb18845&Prime; img_size=\u00a0\u00bblarge\u00a0\u00bb alignment=\u00a0\u00bbcenter\u00a0\u00bb qode_css_animation=\u00a0\u00bb\u00a0\u00bb][vc_empty_space][vc_column_text] Une agence sp\u00e9cialiste du tourisme g\u00e9n\u00e9alogique en France. &nbsp; [\/vc_column_text][\/vc_column][\/vc_row][vc_row css_animation=\u00a0\u00bb\u00a0\u00bb row_type=\u00a0\u00bbrow\u00a0\u00bb use_row_as_full_screen_section=\u00a0\u00bbno\u00a0\u00bb type=\u00a0\u00bbfull_width\u00a0\u00bb angled_section=\u00a0\u00bbno\u00a0\u00bb text_align=\u00a0\u00bbleft\u00a0\u00bb background_image_as_pattern=\u00a0\u00bbwithout_pattern\u00a0\u00bb][vc_column][vc_single_image image=\u00a0\u00bb18922&Prime; img_size=\u00a0\u00bblarge\u00a0\u00bb alignment=\u00a0\u00bbcenter\u00a0\u00bb qode_css_animation=\u00a0\u00bb\u00a0\u00bb][vc_empty_space][vc_column_text] RACINES VOYAGES vous propose des week-ends tourisme &amp; g\u00e9n\u00e9alogie. En couple, entre...\" \/>\n<meta property=\"og:url\" content=\"https:\/\/www.slow-tourisme-lab.fr\/fr\/racines\/\" \/>\n<meta property=\"og:site_name\" content=\"Slow Tourisme Lab\" \/>\n<meta property=\"article:modified_time\" content=\"2021-04-27T09:10:08+00:00\" \/>\n<meta property=\"og:image\" content=\"https:\/\/slowtourismelab-www.v3.mobylee.com\/assets\/uploads\/sites\/50\/2021\/04\/Marie-Claire-PRESTAVOINE.jpg\" \/>\n<meta name=\"twitter:card\" content=\"summary_large_image\" \/>\n<meta name=\"twitter:label1\" content=\"Dur\u00e9e de lecture estim\u00e9e\" \/>\n\t<meta name=\"twitter:data1\" content=\"2 minutes\" \/>\n<script type=\"application\/ld+json\" class=\"yoast-schema-graph\">{\"@context\":\"https:\/\/schema.org\",\"@graph\":[{\"@type\":\"WebPage\",\"@id\":\"https:\/\/www.slow-tourisme-lab.fr\/fr\/racines\/\",\"url\":\"https:\/\/www.slow-tourisme-lab.fr\/fr\/racines\/\",\"name\":\"RACINES VOYAGE - Slow Tourisme Lab\",\"isPartOf\":{\"@id\":\"https:\/\/www.slow-tourisme-lab.fr\/fr\/#website\"},\"primaryImageOfPage\":{\"@id\":\"https:\/\/www.slow-tourisme-lab.fr\/fr\/racines\/#primaryimage\"},\"image\":{\"@id\":\"https:\/\/www.slow-tourisme-lab.fr\/fr\/racines\/#primaryimage\"},\"thumbnailUrl\":\"https:\/\/slowtourismelab-www.v3.mobylee.com\/assets\/uploads\/sites\/50\/2021\/04\/Marie-Claire-PRESTAVOINE.jpg\",\"datePublished\":\"2019-02-19T09:22:04+00:00\",\"dateModified\":\"2021-04-27T09:10:08+00:00\",\"breadcrumb\":{\"@id\":\"https:\/\/www.slow-tourisme-lab.fr\/fr\/racines\/#breadcrumb\"},\"inLanguage\":\"fr-FR\",\"potentialAction\":[{\"@type\":\"ReadAction\",\"target\":[\"https:\/\/www.slow-tourisme-lab.fr\/fr\/racines\/\"]}]},{\"@type\":\"ImageObject\",\"inLanguage\":\"fr-FR\",\"@id\":\"https:\/\/www.slow-tourisme-lab.fr\/fr\/racines\/#primaryimage\",\"url\":\"https:\/\/slowtourismelab-www.v3.mobylee.com\/assets\/uploads\/sites\/50\/2021\/04\/Marie-Claire-PRESTAVOINE.jpg\",\"contentUrl\":\"https:\/\/slowtourismelab-www.v3.mobylee.com\/assets\/uploads\/sites\/50\/2021\/04\/Marie-Claire-PRESTAVOINE.jpg\"},{\"@type\":\"BreadcrumbList\",\"@id\":\"https:\/\/www.slow-tourisme-lab.fr\/fr\/racines\/#breadcrumb\",\"itemListElement\":[{\"@type\":\"ListItem\",\"position\":1,\"name\":\"Accueil\",\"item\":\"https:\/\/www.slow-tourisme-lab.fr\/fr\/\"},{\"@type\":\"ListItem\",\"position\":2,\"name\":\"RACINES VOYAGE\"}]},{\"@type\":\"WebSite\",\"@id\":\"https:\/\/www.slow-tourisme-lab.fr\/fr\/#website\",\"url\":\"https:\/\/www.slow-tourisme-lab.fr\/fr\/\",\"name\":\"Slow Tourisme Lab\",\"description\":\"Un accompagnement pour l'innovation touristique durable\",\"potentialAction\":[{\"@type\":\"SearchAction\",\"target\":{\"@type\":\"EntryPoint\",\"urlTemplate\":\"https:\/\/www.slow-tourisme-lab.fr\/fr\/?s={search_term_string}\"},\"query-input\":{\"@type\":\"PropertyValueSpecification\",\"valueRequired\":true,\"valueName\":\"search_term_string\"}}],\"inLanguage\":\"fr-FR\"}]}<\/script>\n<!-- \/ Yoast SEO plugin. -->","yoast_head_json":{"title":"RACINES VOYAGE - Slow Tourisme Lab","robots":{"index":"index","follow":"follow","max-snippet":"max-snippet:-1","max-image-preview":"max-image-preview:large","max-video-preview":"max-video-preview:-1"},"canonical":"https:\/\/www.slow-tourisme-lab.fr\/fr\/racines\/","og_locale":"fr_FR","og_type":"article","og_title":"RACINES VOYAGE - Slow Tourisme Lab","og_description":"[vc_row css_animation=\u00a0\u00bb\u00a0\u00bb row_type=\u00a0\u00bbrow\u00a0\u00bb use_row_as_full_screen_section=\u00a0\u00bbno\u00a0\u00bb type=\u00a0\u00bbfull_width\u00a0\u00bb angled_section=\u00a0\u00bbno\u00a0\u00bb text_align=\u00a0\u00bbleft\u00a0\u00bb background_image_as_pattern=\u00a0\u00bbwithout_pattern\u00a0\u00bb][vc_column][vc_single_image image=\u00a0\u00bb18845&Prime; img_size=\u00a0\u00bblarge\u00a0\u00bb alignment=\u00a0\u00bbcenter\u00a0\u00bb qode_css_animation=\u00a0\u00bb\u00a0\u00bb][vc_empty_space][vc_column_text] Une agence sp\u00e9cialiste du tourisme g\u00e9n\u00e9alogique en France. &nbsp; [\/vc_column_text][\/vc_column][\/vc_row][vc_row css_animation=\u00a0\u00bb\u00a0\u00bb row_type=\u00a0\u00bbrow\u00a0\u00bb use_row_as_full_screen_section=\u00a0\u00bbno\u00a0\u00bb type=\u00a0\u00bbfull_width\u00a0\u00bb angled_section=\u00a0\u00bbno\u00a0\u00bb text_align=\u00a0\u00bbleft\u00a0\u00bb background_image_as_pattern=\u00a0\u00bbwithout_pattern\u00a0\u00bb][vc_column][vc_single_image image=\u00a0\u00bb18922&Prime; img_size=\u00a0\u00bblarge\u00a0\u00bb alignment=\u00a0\u00bbcenter\u00a0\u00bb qode_css_animation=\u00a0\u00bb\u00a0\u00bb][vc_empty_space][vc_column_text] RACINES VOYAGES vous propose des week-ends tourisme &amp; g\u00e9n\u00e9alogie. En couple, entre...","og_url":"https:\/\/www.slow-tourisme-lab.fr\/fr\/racines\/","og_site_name":"Slow Tourisme Lab","article_modified_time":"2021-04-27T09:10:08+00:00","og_image":[{"url":"https:\/\/slowtourismelab-www.v3.mobylee.com\/assets\/uploads\/sites\/50\/2021\/04\/Marie-Claire-PRESTAVOINE.jpg","type":"","width":"","height":""}],"twitter_card":"summary_large_image","twitter_misc":{"Dur\u00e9e de lecture estim\u00e9e":"2 minutes"},"schema":{"@context":"https:\/\/schema.org","@graph":[{"@type":"WebPage","@id":"https:\/\/www.slow-tourisme-lab.fr\/fr\/racines\/","url":"https:\/\/www.slow-tourisme-lab.fr\/fr\/racines\/","name":"RACINES VOYAGE - Slow Tourisme Lab","isPartOf":{"@id":"https:\/\/www.slow-tourisme-lab.fr\/fr\/#website"},"primaryImageOfPage":{"@id":"https:\/\/www.slow-tourisme-lab.fr\/fr\/racines\/#primaryimage"},"image":{"@id":"https:\/\/www.slow-tourisme-lab.fr\/fr\/racines\/#primaryimage"},"thumbnailUrl":"https:\/\/slowtourismelab-www.v3.mobylee.com\/assets\/uploads\/sites\/50\/2021\/04\/Marie-Claire-PRESTAVOINE.jpg","datePublished":"2019-02-19T09:22:04+00:00","dateModified":"2021-04-27T09:10:08+00:00","breadcrumb":{"@id":"https:\/\/www.slow-tourisme-lab.fr\/fr\/racines\/#breadcrumb"},"inLanguage":"fr-FR","potentialAction":[{"@type":"ReadAction","target":["https:\/\/www.slow-tourisme-lab.fr\/fr\/racines\/"]}]},{"@type":"ImageObject","inLanguage":"fr-FR","@id":"https:\/\/www.slow-tourisme-lab.fr\/fr\/racines\/#primaryimage","url":"https:\/\/slowtourismelab-www.v3.mobylee.com\/assets\/uploads\/sites\/50\/2021\/04\/Marie-Claire-PRESTAVOINE.jpg","contentUrl":"https:\/\/slowtourismelab-www.v3.mobylee.com\/assets\/uploads\/sites\/50\/2021\/04\/Marie-Claire-PRESTAVOINE.jpg"},{"@type":"BreadcrumbList","@id":"https:\/\/www.slow-tourisme-lab.fr\/fr\/racines\/#breadcrumb","itemListElement":[{"@type":"ListItem","position":1,"name":"Accueil","item":"https:\/\/www.slow-tourisme-lab.fr\/fr\/"},{"@type":"ListItem","position":2,"name":"RACINES VOYAGE"}]},{"@type":"WebSite","@id":"https:\/\/www.slow-tourisme-lab.fr\/fr\/#website","url":"https:\/\/www.slow-tourisme-lab.fr\/fr\/","name":"Slow Tourisme Lab","description":"Un accompagnement pour l'innovation touristique durable","potentialAction":[{"@type":"SearchAction","target":{"@type":"EntryPoint","urlTemplate":"https:\/\/www.slow-tourisme-lab.fr\/fr\/?s={search_term_string}"},"query-input":{"@type":"PropertyValueSpecification","valueRequired":true,"valueName":"search_term_string"}}],"inLanguage":"fr-FR"}]}},"_links":{"self":[{"href":"https:\/\/www.slow-tourisme-lab.fr\/fr\/wp-json\/wp\/v2\/pages\/15891\/"}],"collection":[{"href":"https:\/\/www.slow-tourisme-lab.fr\/fr\/wp-json\/wp\/v2\/pages\/"}],"about":[{"href":"https:\/\/www.slow-tourisme-lab.fr\/fr\/wp-json\/wp\/v2\/types\/page\/"}],"author":[{"embeddable":true,"href":"https:\/\/www.slow-tourisme-lab.fr\/fr\/wp-json\/wp\/v2\/users\/16\/"}],"replies":[{"embeddable":true,"href":"https:\/\/www.slow-tourisme-lab.fr\/fr\/wp-json\/wp\/v2\/comments\/?post=15891"}],"version-history":[{"count":5,"href":"https:\/\/www.slow-tourisme-lab.fr\/fr\/wp-json\/wp\/v2\/pages\/15891\/revisions\/"}],"predecessor-version":[{"id":18926,"href":"https:\/\/www.slow-tourisme-lab.fr\/fr\/wp-json\/wp\/v2\/pages\/15891\/revisions\/18926\/"}],"wp:attachment":[{"href":"https:\/\/www.slow-tourisme-lab.fr\/fr\/wp-json\/wp\/v2\/media\/?parent=15891"}],"curies":[{"name":"wp","href":"https:\/\/api.w.org\/{rel}","templated":true}]}}