{"id":15882,"date":"2019-02-19T10:04:48","date_gmt":"2019-02-19T09:04:48","guid":{"rendered":"https:\/\/slowtourismelab-www.v3.mobylee.com\/?page_id=15882"},"modified":"2021-04-16T12:23:47","modified_gmt":"2021-04-16T10:23:47","slug":"fair-trip","status":"publish","type":"page","link":"https:\/\/www.slow-tourisme-lab.fr\/fr\/fair-trip\/","title":{"rendered":"FairTrip"},"content":{"rendered":"<div class=\"wpb-content-wrapper\"><p>[vc_row css_animation=\u00a0\u00bb\u00a0\u00bb row_type=\u00a0\u00bbrow\u00a0\u00bb use_row_as_full_screen_section=\u00a0\u00bbno\u00a0\u00bb type=\u00a0\u00bbfull_width\u00a0\u00bb angled_section=\u00a0\u00bbno\u00a0\u00bb text_align=\u00a0\u00bbleft\u00a0\u00bb background_image_as_pattern=\u00a0\u00bbwithout_pattern\u00a0\u00bb][vc_column]<div class=\"qode-workflow  qode-workflow-animate\">\n    <span class=\"main-line\" style=\"\"><\/span>\n    <div class=\"qode-workflow-item\">\n    <span class=\"line\" style=\"\"><\/span>\n    <div class=\"qode-workflow-item-inner \">\n        <div class=\"qode-workflow-image center\">\n            <img fetchpriority=\"high\" decoding=\"async\" width=\"893\" height=\"670\" src=\"https:\/\/www.slow-tourisme-lab.fr\/assets\/uploads\/sites\/50\/2019\/02\/FairTrip-_-Mekong-Delta.png\" class=\"attachment-full size-full\" alt=\"\" srcset=\"https:\/\/www.slow-tourisme-lab.fr\/assets\/uploads\/sites\/50\/2019\/02\/FairTrip-_-Mekong-Delta.png 893w, https:\/\/www.slow-tourisme-lab.fr\/assets\/uploads\/sites\/50\/2019\/02\/FairTrip-_-Mekong-Delta-300x225.png 300w, https:\/\/www.slow-tourisme-lab.fr\/assets\/uploads\/sites\/50\/2019\/02\/FairTrip-_-Mekong-Delta-768x576.png 768w, https:\/\/www.slow-tourisme-lab.fr\/assets\/uploads\/sites\/50\/2019\/02\/FairTrip-_-Mekong-Delta-800x600.png 800w, https:\/\/www.slow-tourisme-lab.fr\/assets\/uploads\/sites\/50\/2019\/02\/FairTrip-_-Mekong-Delta-700x525.png 700w\" sizes=\"(max-width: 893px) 100vw, 893px\" \/>        <\/div>\n        <div class=\"qode-workflow-text\">\n            <span class=\"circle\" style=\"\"><\/span>\n                            <h3>FairTrip, c&#039;est quoi ?<\/h3>\n                                                    <p class=\"text\">FairTrip donne \u00e0 chacun la possibilit\u00e9 d&#039;acc\u00e9der facilement \u00e0 un tourisme et une consommation \u00e9quitables et durables, via une application collaborative permettant de partager de nouveaux lieux en un clic et r\u00e9f\u00e9ren\u00e7ant des \u00e9tablissements engag\u00e9s. <\/p>\n                    <\/div>\n    <\/div>\n<\/div><\/div>[vc_empty_space]<div class=\"qode-workflow  qode-workflow-animate\">\n    <span class=\"main-line\" style=\"\"><\/span>\n    <div class=\"qode-workflow-item\">\n    <span class=\"line\" style=\"\"><\/span>\n    <div class=\"qode-workflow-item-inner reverse\">\n        <div class=\"qode-workflow-image center\">\n            <img decoding=\"async\" width=\"1706\" height=\"878\" src=\"https:\/\/www.slow-tourisme-lab.fr\/assets\/uploads\/sites\/50\/2019\/02\/FairTrip-_-app.png\" class=\"attachment-full size-full\" alt=\"\" srcset=\"https:\/\/www.slow-tourisme-lab.fr\/assets\/uploads\/sites\/50\/2019\/02\/FairTrip-_-app.png 1706w, https:\/\/www.slow-tourisme-lab.fr\/assets\/uploads\/sites\/50\/2019\/02\/FairTrip-_-app-300x154.png 300w, https:\/\/www.slow-tourisme-lab.fr\/assets\/uploads\/sites\/50\/2019\/02\/FairTrip-_-app-768x395.png 768w, https:\/\/www.slow-tourisme-lab.fr\/assets\/uploads\/sites\/50\/2019\/02\/FairTrip-_-app-1024x527.png 1024w, https:\/\/www.slow-tourisme-lab.fr\/assets\/uploads\/sites\/50\/2019\/02\/FairTrip-_-app-700x360.png 700w\" sizes=\"(max-width: 1706px) 100vw, 1706px\" \/>        <\/div>\n        <div class=\"qode-workflow-text\">\n            <span class=\"circle\" style=\"\"><\/span>\n                            <h3>Un guide de voyage r\u00e9invent\u00e9<\/h3>\n                                                    <p class=\"text\">L&#039;application permet de localiser des maisons d&#039;h\u00f4te, restaurants locaux, activit\u00e9s ou m\u00eame des associations caritatives s\u00e9lectionn\u00e9s par FairTrip. Ainsi que des recommandations personnalis\u00e9es en fonction de la position du voyageur.<\/p>\n                    <\/div>\n    <\/div>\n<\/div><\/div>[vc_empty_space]<div class=\"qode-workflow  qode-workflow-animate\">\n    <span class=\"main-line\" style=\"\"><\/span>\n    <div class=\"qode-workflow-item\">\n    <span class=\"line\" style=\"\"><\/span>\n    <div class=\"qode-workflow-item-inner \">\n        <div class=\"qode-workflow-image center\">\n            <img decoding=\"async\" width=\"1045\" height=\"774\" src=\"https:\/\/www.slow-tourisme-lab.fr\/assets\/uploads\/sites\/50\/2019\/02\/FairTrip-Book-for-Good.png\" class=\"attachment-full size-full\" alt=\"\" srcset=\"https:\/\/www.slow-tourisme-lab.fr\/assets\/uploads\/sites\/50\/2019\/02\/FairTrip-Book-for-Good.png 1045w, https:\/\/www.slow-tourisme-lab.fr\/assets\/uploads\/sites\/50\/2019\/02\/FairTrip-Book-for-Good-300x222.png 300w, https:\/\/www.slow-tourisme-lab.fr\/assets\/uploads\/sites\/50\/2019\/02\/FairTrip-Book-for-Good-768x569.png 768w, https:\/\/www.slow-tourisme-lab.fr\/assets\/uploads\/sites\/50\/2019\/02\/FairTrip-Book-for-Good-1024x758.png 1024w, https:\/\/www.slow-tourisme-lab.fr\/assets\/uploads\/sites\/50\/2019\/02\/FairTrip-Book-for-Good-700x518.png 700w\" sizes=\"(max-width: 1045px) 100vw, 1045px\" \/>        <\/div>\n        <div class=\"qode-workflow-text\">\n            <span class=\"circle\" style=\"\"><\/span>\n                            <h3>Book for Good<\/h3>\n                                                    <p class=\"text\">FairTrip s&#039;engage \u00e9galement \u00e0 reverser 10% de ses revenus sur chaque r\u00e9servation effectu\u00e9e par un voyageur, \u00e0 des projets touristiques dans les villes et villages concern\u00e9s.<\/p>\n                    <\/div>\n    <\/div>\n<\/div><\/div>[vc_empty_space][\/vc_column][\/vc_row][vc_row css_animation=\u00a0\u00bb\u00a0\u00bb row_type=\u00a0\u00bbrow\u00a0\u00bb use_row_as_full_screen_section=\u00a0\u00bbno\u00a0\u00bb type=\u00a0\u00bbfull_width\u00a0\u00bb angled_section=\u00a0\u00bbno\u00a0\u00bb text_align=\u00a0\u00bbleft\u00a0\u00bb background_image_as_pattern=\u00a0\u00bbwithout_pattern\u00a0\u00bb][vc_column][vc_video link=\u00a0\u00bbhttps:\/\/www.youtube.com\/watch?v=Dcnix9Y6mZ8&Prime; align=\u00a0\u00bbcenter\u00a0\u00bb][vc_empty_space][\/vc_column][\/vc_row][vc_row css_animation=\u00a0\u00bb\u00a0\u00bb row_type=\u00a0\u00bbrow\u00a0\u00bb use_row_as_full_screen_section=\u00a0\u00bbno\u00a0\u00bb type=\u00a0\u00bbfull_width\u00a0\u00bb angled_section=\u00a0\u00bbno\u00a0\u00bb text_align=\u00a0\u00bbleft\u00a0\u00bb background_image_as_pattern=\u00a0\u00bbwithout_pattern\u00a0\u00bb][vc_column][vc_column_text]<\/p>\n<h3 style=\"text-align: center\">T\u00e9l\u00e9chargez l\u2019application sur : <a href=\"https:\/\/apps.apple.com\/app\/apple-store\/id1207956871\" target=\"_blank\" rel=\"noopener noreferrer\">App Store<\/a> ou <a href=\"https:\/\/play.google.com\/store\/apps\/details?id=org.fairtrip.fairtrip\" target=\"_blank\" rel=\"noopener noreferrer\">Play Store<\/a><\/h3>\n<p>[\/vc_column_text][vc_empty_space][\/vc_column][\/vc_row][vc_row css_animation=\u00a0\u00bb\u00a0\u00bb row_type=\u00a0\u00bbrow\u00a0\u00bb use_row_as_full_screen_section=\u00a0\u00bbno\u00a0\u00bb type=\u00a0\u00bbfull_width\u00a0\u00bb angled_section=\u00a0\u00bbno\u00a0\u00bb text_align=\u00a0\u00bbleft\u00a0\u00bb background_image_as_pattern=\u00a0\u00bbwithout_pattern\u00a0\u00bb][vc_column]<div class=\"ult-team-member-wrap ult-style-1  \"><div class=\"ult-team-member-image\" style=\"\"> <img decoding=\"async\" class=\"ult-team-grayscale\" src=\"\" alt=\"\"  style=\"\"><span class=\"ult-team-member-image-overlay \"  ><\/span><\/div><div class=\"ult-team-member-bio-wrap style-1 ultimate-heading69d62906453ca\" style=\"text-align:center;; \"><div class=\"ult-team-member-name-wrap\"><h2 class=\"ult-team-member-name ult-responsive\"  data-ultimate-target='.ult-team-member-bio-wrap.ultimate-heading69d62906453ca .ult-team-member-name'  data-responsive-json-new='{\"font-size\":\"\",\"line-height\":\"\"}'  style=\"\">FairTrip<\/h2><div class=\"ult-team-member-position ult-responsive\"  data-ultimate-target='.ult-team-member-bio-wrap.ultimate-heading69d62906453ca .ult-team-member-position'  data-responsive-json-new='{\"font-size\":\"\",\"line-height\":\"\"}'  style=\"\">Fondateur &amp; Fondatrice<\/div><div class=\"ult-team-member-description ult-responsive\"  data-ultimate-target='.ult-team-member-bio-wrap.ultimate-heading69d62906453ca .ult-team-member-description'  data-responsive-json-new='{\"font-size\":\"\",\"line-height\":\"\"}'  style=\"\"><p><\/p>\n<p class=\"font_0\"><strong>Brian Corrieri &amp; Th\u00e9vi de Coninck<\/strong><\/p>\n<div id=\"bgLayers_comp-j3bshhad\" class=\"_3_wbk\">\n<div id=\"bgMedia_comp-j3bshhad\" class=\"_33YMf\"><\/div>\n<\/div>\n<p><a href=\"http:\/\/www.fairtrip.org\" target=\"_blank\" rel=\"noopener noreferrer\">www.fairtrip.org<\/a><\/p>\n<p><a href=\"mailto:contact@fairtrip.org\">contact@fairtrip.org<\/a><\/p><\/div><div style=\"margin-bottom:15px\"><\/div><div class='ult-social-buttons'><a href='https:\/\/www.facebook.com\/fairtrip.org\/' target='_blank' rel='noopener' title='Facebook' class='ult-team ult-social-icon' style='font-size:30px ; margin-left:5px;margin-right:5px;;'  data-iconcolor='inherit' data-iconhover='inherit' ><i class='Defaults-facebook-square'><\/i><\/a><a href='https:\/\/twitter.com\/fairtrip_app' target='_blank' rel='noopener' title='Twitter' class='ult-team ult-social-icon' style='font-size:30px ; margin-left:5px;margin-right:5px;;'  data-iconcolor='inherit' data-iconhover='inherit' ><i class='Defaults-twitter'><\/i><\/a><a href='https:\/\/www.instagram.com\/fairtrip_app\/' target='_blank' rel='noopener' title='Instagram' class='ult-team ult-social-icon' style='font-size:30px ; margin-left:5px;margin-right:5px;;'  data-iconcolor='inherit' data-iconhover='inherit' ><i class='Defaults-instagram'><\/i><\/a><a href='https:\/\/www.linkedin.com\/company\/fairtrip\/about\/' target='_blank' rel='noopener' title='Linkedin' class='ult-team ult-social-icon' style='font-size:30px ; margin-left:5px;margin-right:5px;;'  data-iconcolor='inherit' data-iconhover='inherit' ><i class='Defaults-linkedin-square'><\/i><\/a><\/div><\/div><\/div><\/div>[\/vc_column][\/vc_row]<\/p>\n<\/div>","protected":false},"excerpt":{"rendered":"<p>[vc_row css_animation=\u00a0\u00bb\u00a0\u00bb row_type=\u00a0\u00bbrow\u00a0\u00bb use_row_as_full_screen_section=\u00a0\u00bbno\u00a0\u00bb type=\u00a0\u00bbfull_width\u00a0\u00bb angled_section=\u00a0\u00bbno\u00a0\u00bb text_align=\u00a0\u00bbleft\u00a0\u00bb background_image_as_pattern=\u00a0\u00bbwithout_pattern\u00a0\u00bb][vc_column][vc_empty_space][vc_empty_space][vc_empty_space][\/vc_column][\/vc_row][vc_row css_animation=\u00a0\u00bb\u00a0\u00bb row_type=\u00a0\u00bbrow\u00a0\u00bb use_row_as_full_screen_section=\u00a0\u00bbno\u00a0\u00bb type=\u00a0\u00bbfull_width\u00a0\u00bb angled_section=\u00a0\u00bbno\u00a0\u00bb text_align=\u00a0\u00bbleft\u00a0\u00bb background_image_as_pattern=\u00a0\u00bbwithout_pattern\u00a0\u00bb][vc_column][vc_video link=\u00a0\u00bbhttps:\/\/www.youtube.com\/watch?v=Dcnix9Y6mZ8&Prime; align=\u00a0\u00bbcenter\u00a0\u00bb][vc_empty_space][\/vc_column][\/vc_row][vc_row css_animation=\u00a0\u00bb\u00a0\u00bb row_type=\u00a0\u00bbrow\u00a0\u00bb use_row_as_full_screen_section=\u00a0\u00bbno\u00a0\u00bb type=\u00a0\u00bbfull_width\u00a0\u00bb angled_section=\u00a0\u00bbno\u00a0\u00bb text_align=\u00a0\u00bbleft\u00a0\u00bb background_image_as_pattern=\u00a0\u00bbwithout_pattern\u00a0\u00bb][vc_column][vc_column_text] T\u00e9l\u00e9chargez l\u2019application sur : App Store ou Play Store [\/vc_column_text][vc_empty_space][\/vc_column][\/vc_row][vc_row css_animation=\u00a0\u00bb\u00a0\u00bb row_type=\u00a0\u00bbrow\u00a0\u00bb use_row_as_full_screen_section=\u00a0\u00bbno\u00a0\u00bb type=\u00a0\u00bbfull_width\u00a0\u00bb angled_section=\u00a0\u00bbno\u00a0\u00bb text_align=\u00a0\u00bbleft\u00a0\u00bb background_image_as_pattern=\u00a0\u00bbwithout_pattern\u00a0\u00bb][vc_column][\/vc_column][\/vc_row]<\/p>\n","protected":false},"author":16,"featured_media":0,"parent":0,"menu_order":0,"comment_status":"closed","ping_status":"closed","template":"","meta":{"footnotes":""},"class_list":["post-15882","page","type-page","status-publish","hentry"],"yoast_head":"<!-- This site is optimized with the Yoast SEO plugin v26.6 - https:\/\/yoast.com\/wordpress\/plugins\/seo\/ -->\n<title>FairTrip - Slow Tourisme Lab<\/title>\n<meta name=\"robots\" content=\"index, follow, max-snippet:-1, max-image-preview:large, max-video-preview:-1\" \/>\n<link rel=\"canonical\" href=\"https:\/\/www.slow-tourisme-lab.fr\/fr\/fair-trip\/\" \/>\n<meta property=\"og:locale\" content=\"fr_FR\" \/>\n<meta property=\"og:type\" content=\"article\" \/>\n<meta property=\"og:title\" content=\"FairTrip - Slow Tourisme Lab\" \/>\n<meta property=\"og:description\" content=\"[vc_row css_animation=\u00a0\u00bb\u00a0\u00bb row_type=\u00a0\u00bbrow\u00a0\u00bb use_row_as_full_screen_section=\u00a0\u00bbno\u00a0\u00bb type=\u00a0\u00bbfull_width\u00a0\u00bb angled_section=\u00a0\u00bbno\u00a0\u00bb text_align=\u00a0\u00bbleft\u00a0\u00bb background_image_as_pattern=\u00a0\u00bbwithout_pattern\u00a0\u00bb][vc_column][vc_empty_space][vc_empty_space][vc_empty_space][\/vc_column][\/vc_row][vc_row css_animation=\u00a0\u00bb\u00a0\u00bb row_type=\u00a0\u00bbrow\u00a0\u00bb use_row_as_full_screen_section=\u00a0\u00bbno\u00a0\u00bb type=\u00a0\u00bbfull_width\u00a0\u00bb angled_section=\u00a0\u00bbno\u00a0\u00bb text_align=\u00a0\u00bbleft\u00a0\u00bb background_image_as_pattern=\u00a0\u00bbwithout_pattern\u00a0\u00bb][vc_column][vc_video link=\u00a0\u00bbhttps:\/\/www.youtube.com\/watch?v=Dcnix9Y6mZ8&Prime; align=\u00a0\u00bbcenter\u00a0\u00bb][vc_empty_space][\/vc_column][\/vc_row][vc_row css_animation=\u00a0\u00bb\u00a0\u00bb row_type=\u00a0\u00bbrow\u00a0\u00bb use_row_as_full_screen_section=\u00a0\u00bbno\u00a0\u00bb type=\u00a0\u00bbfull_width\u00a0\u00bb angled_section=\u00a0\u00bbno\u00a0\u00bb text_align=\u00a0\u00bbleft\u00a0\u00bb background_image_as_pattern=\u00a0\u00bbwithout_pattern\u00a0\u00bb][vc_column][vc_column_text] T\u00e9l\u00e9chargez l\u2019application sur : App Store ou Play Store [\/vc_column_text][vc_empty_space][\/vc_column][\/vc_row][vc_row css_animation=\u00a0\u00bb\u00a0\u00bb row_type=\u00a0\u00bbrow\u00a0\u00bb use_row_as_full_screen_section=\u00a0\u00bbno\u00a0\u00bb type=\u00a0\u00bbfull_width\u00a0\u00bb angled_section=\u00a0\u00bbno\u00a0\u00bb text_align=\u00a0\u00bbleft\u00a0\u00bb background_image_as_pattern=\u00a0\u00bbwithout_pattern\u00a0\u00bb][vc_column][\/vc_column][\/vc_row]\" \/>\n<meta property=\"og:url\" content=\"https:\/\/www.slow-tourisme-lab.fr\/fr\/fair-trip\/\" \/>\n<meta property=\"og:site_name\" content=\"Slow Tourisme Lab\" \/>\n<meta property=\"article:modified_time\" content=\"2021-04-16T10:23:47+00:00\" \/>\n<meta name=\"twitter:card\" content=\"summary_large_image\" \/>\n<meta name=\"twitter:label1\" content=\"Dur\u00e9e de lecture estim\u00e9e\" \/>\n\t<meta name=\"twitter:data1\" content=\"2 minutes\" \/>\n<script type=\"application\/ld+json\" class=\"yoast-schema-graph\">{\"@context\":\"https:\/\/schema.org\",\"@graph\":[{\"@type\":\"WebPage\",\"@id\":\"https:\/\/www.slow-tourisme-lab.fr\/fr\/fair-trip\/\",\"url\":\"https:\/\/www.slow-tourisme-lab.fr\/fr\/fair-trip\/\",\"name\":\"FairTrip - Slow Tourisme Lab\",\"isPartOf\":{\"@id\":\"https:\/\/www.slow-tourisme-lab.fr\/fr\/#website\"},\"datePublished\":\"2019-02-19T09:04:48+00:00\",\"dateModified\":\"2021-04-16T10:23:47+00:00\",\"breadcrumb\":{\"@id\":\"https:\/\/www.slow-tourisme-lab.fr\/fr\/fair-trip\/#breadcrumb\"},\"inLanguage\":\"fr-FR\",\"potentialAction\":[{\"@type\":\"ReadAction\",\"target\":[\"https:\/\/www.slow-tourisme-lab.fr\/fr\/fair-trip\/\"]}]},{\"@type\":\"BreadcrumbList\",\"@id\":\"https:\/\/www.slow-tourisme-lab.fr\/fr\/fair-trip\/#breadcrumb\",\"itemListElement\":[{\"@type\":\"ListItem\",\"position\":1,\"name\":\"Accueil\",\"item\":\"https:\/\/www.slow-tourisme-lab.fr\/fr\/\"},{\"@type\":\"ListItem\",\"position\":2,\"name\":\"FairTrip\"}]},{\"@type\":\"WebSite\",\"@id\":\"https:\/\/www.slow-tourisme-lab.fr\/fr\/#website\",\"url\":\"https:\/\/www.slow-tourisme-lab.fr\/fr\/\",\"name\":\"Slow Tourisme Lab\",\"description\":\"Un accompagnement pour l'innovation touristique durable\",\"potentialAction\":[{\"@type\":\"SearchAction\",\"target\":{\"@type\":\"EntryPoint\",\"urlTemplate\":\"https:\/\/www.slow-tourisme-lab.fr\/fr\/?s={search_term_string}\"},\"query-input\":{\"@type\":\"PropertyValueSpecification\",\"valueRequired\":true,\"valueName\":\"search_term_string\"}}],\"inLanguage\":\"fr-FR\"}]}<\/script>\n<!-- \/ Yoast SEO plugin. -->","yoast_head_json":{"title":"FairTrip - Slow Tourisme Lab","robots":{"index":"index","follow":"follow","max-snippet":"max-snippet:-1","max-image-preview":"max-image-preview:large","max-video-preview":"max-video-preview:-1"},"canonical":"https:\/\/www.slow-tourisme-lab.fr\/fr\/fair-trip\/","og_locale":"fr_FR","og_type":"article","og_title":"FairTrip - Slow Tourisme Lab","og_description":"[vc_row css_animation=\u00a0\u00bb\u00a0\u00bb row_type=\u00a0\u00bbrow\u00a0\u00bb use_row_as_full_screen_section=\u00a0\u00bbno\u00a0\u00bb type=\u00a0\u00bbfull_width\u00a0\u00bb angled_section=\u00a0\u00bbno\u00a0\u00bb text_align=\u00a0\u00bbleft\u00a0\u00bb background_image_as_pattern=\u00a0\u00bbwithout_pattern\u00a0\u00bb][vc_column][vc_empty_space][vc_empty_space][vc_empty_space][\/vc_column][\/vc_row][vc_row css_animation=\u00a0\u00bb\u00a0\u00bb row_type=\u00a0\u00bbrow\u00a0\u00bb use_row_as_full_screen_section=\u00a0\u00bbno\u00a0\u00bb type=\u00a0\u00bbfull_width\u00a0\u00bb angled_section=\u00a0\u00bbno\u00a0\u00bb text_align=\u00a0\u00bbleft\u00a0\u00bb background_image_as_pattern=\u00a0\u00bbwithout_pattern\u00a0\u00bb][vc_column][vc_video link=\u00a0\u00bbhttps:\/\/www.youtube.com\/watch?v=Dcnix9Y6mZ8&Prime; align=\u00a0\u00bbcenter\u00a0\u00bb][vc_empty_space][\/vc_column][\/vc_row][vc_row css_animation=\u00a0\u00bb\u00a0\u00bb row_type=\u00a0\u00bbrow\u00a0\u00bb use_row_as_full_screen_section=\u00a0\u00bbno\u00a0\u00bb type=\u00a0\u00bbfull_width\u00a0\u00bb angled_section=\u00a0\u00bbno\u00a0\u00bb text_align=\u00a0\u00bbleft\u00a0\u00bb background_image_as_pattern=\u00a0\u00bbwithout_pattern\u00a0\u00bb][vc_column][vc_column_text] T\u00e9l\u00e9chargez l\u2019application sur : App Store ou Play Store [\/vc_column_text][vc_empty_space][\/vc_column][\/vc_row][vc_row css_animation=\u00a0\u00bb\u00a0\u00bb row_type=\u00a0\u00bbrow\u00a0\u00bb use_row_as_full_screen_section=\u00a0\u00bbno\u00a0\u00bb type=\u00a0\u00bbfull_width\u00a0\u00bb angled_section=\u00a0\u00bbno\u00a0\u00bb text_align=\u00a0\u00bbleft\u00a0\u00bb background_image_as_pattern=\u00a0\u00bbwithout_pattern\u00a0\u00bb][vc_column][\/vc_column][\/vc_row]","og_url":"https:\/\/www.slow-tourisme-lab.fr\/fr\/fair-trip\/","og_site_name":"Slow Tourisme Lab","article_modified_time":"2021-04-16T10:23:47+00:00","twitter_card":"summary_large_image","twitter_misc":{"Dur\u00e9e de lecture estim\u00e9e":"2 minutes"},"schema":{"@context":"https:\/\/schema.org","@graph":[{"@type":"WebPage","@id":"https:\/\/www.slow-tourisme-lab.fr\/fr\/fair-trip\/","url":"https:\/\/www.slow-tourisme-lab.fr\/fr\/fair-trip\/","name":"FairTrip - Slow Tourisme Lab","isPartOf":{"@id":"https:\/\/www.slow-tourisme-lab.fr\/fr\/#website"},"datePublished":"2019-02-19T09:04:48+00:00","dateModified":"2021-04-16T10:23:47+00:00","breadcrumb":{"@id":"https:\/\/www.slow-tourisme-lab.fr\/fr\/fair-trip\/#breadcrumb"},"inLanguage":"fr-FR","potentialAction":[{"@type":"ReadAction","target":["https:\/\/www.slow-tourisme-lab.fr\/fr\/fair-trip\/"]}]},{"@type":"BreadcrumbList","@id":"https:\/\/www.slow-tourisme-lab.fr\/fr\/fair-trip\/#breadcrumb","itemListElement":[{"@type":"ListItem","position":1,"name":"Accueil","item":"https:\/\/www.slow-tourisme-lab.fr\/fr\/"},{"@type":"ListItem","position":2,"name":"FairTrip"}]},{"@type":"WebSite","@id":"https:\/\/www.slow-tourisme-lab.fr\/fr\/#website","url":"https:\/\/www.slow-tourisme-lab.fr\/fr\/","name":"Slow Tourisme Lab","description":"Un accompagnement pour l'innovation touristique durable","potentialAction":[{"@type":"SearchAction","target":{"@type":"EntryPoint","urlTemplate":"https:\/\/www.slow-tourisme-lab.fr\/fr\/?s={search_term_string}"},"query-input":{"@type":"PropertyValueSpecification","valueRequired":true,"valueName":"search_term_string"}}],"inLanguage":"fr-FR"}]}},"_links":{"self":[{"href":"https:\/\/www.slow-tourisme-lab.fr\/fr\/wp-json\/wp\/v2\/pages\/15882\/"}],"collection":[{"href":"https:\/\/www.slow-tourisme-lab.fr\/fr\/wp-json\/wp\/v2\/pages\/"}],"about":[{"href":"https:\/\/www.slow-tourisme-lab.fr\/fr\/wp-json\/wp\/v2\/types\/page\/"}],"author":[{"embeddable":true,"href":"https:\/\/www.slow-tourisme-lab.fr\/fr\/wp-json\/wp\/v2\/users\/16\/"}],"replies":[{"embeddable":true,"href":"https:\/\/www.slow-tourisme-lab.fr\/fr\/wp-json\/wp\/v2\/comments\/?post=15882"}],"version-history":[{"count":3,"href":"https:\/\/www.slow-tourisme-lab.fr\/fr\/wp-json\/wp\/v2\/pages\/15882\/revisions\/"}],"predecessor-version":[{"id":18837,"href":"https:\/\/www.slow-tourisme-lab.fr\/fr\/wp-json\/wp\/v2\/pages\/15882\/revisions\/18837\/"}],"wp:attachment":[{"href":"https:\/\/www.slow-tourisme-lab.fr\/fr\/wp-json\/wp\/v2\/media\/?parent=15882"}],"curies":[{"name":"wp","href":"https:\/\/api.w.org\/{rel}","templated":true}]}}