{"id":15390,"date":"2018-09-12T16:06:45","date_gmt":"2018-09-12T14:06:45","guid":{"rendered":"https:\/\/www.templars-route.eu\/?page_id=15390"},"modified":"2019-03-01T10:22:27","modified_gmt":"2019-03-01T09:22:27","slug":"les-partenaires-de-l-innovation-grand-est","status":"publish","type":"page","link":"https:\/\/www.slow-tourisme-lab.fr\/fr\/les-partenaires-de-l-innovation-grand-est\/","title":{"rendered":"Les partenaires de l&rsquo;Innovation Grands Est"},"content":{"rendered":"<div class=\"wpb-content-wrapper\"><p>[vc_row css_animation=\u00a0\u00bb\u00a0\u00bb row_type=\u00a0\u00bbrow\u00a0\u00bb use_row_as_full_screen_section=\u00a0\u00bbno\u00a0\u00bb type=\u00a0\u00bbfull_width\u00a0\u00bb angled_section=\u00a0\u00bbno\u00a0\u00bb text_align=\u00a0\u00bbleft\u00a0\u00bb background_image_as_pattern=\u00a0\u00bbwithout_pattern\u00a0\u00bb][vc_column width=\u00a0\u00bb2\/3&Prime;][vc_empty_space][vc_column_text]<\/p>\n<h3>Scal&rsquo;E-nov<\/h3>\n<p>&nbsp;<\/p>\n<p><strong>Acc\u00e9l\u00e9rateur de startups\u00a0du Grand Est<\/strong><\/p>\n<p>&nbsp;<\/p>\n<p>Une \u00e9quipe et un \u00e9cosyst\u00e8me de partenaires et d\u2019experts sont dans les \u00ab\u00a0scaling block\u00a0\u00bb pour vous\u00a0accompagner jusqu\u2019\u00e0 votre premier million de chiffre d\u2019affaires\u00a0!<\/p>\n<p>&nbsp;<\/p>\n<p><strong>Un programme d\u2019accompagnement et de financement post-incubation\u00a0comprenant :<\/strong><\/p>\n<ul>\n<li>Des\u00a0ateliers collectifs\u00a0et th\u00e9matiques<\/li>\n<li>Un\u00a0suivi individuel\u00a0pendant 3 ans<\/li>\n<li>Un\u00a0pr\u00eat d\u2019honneur\u00a0 jusqu\u2019\u00e0 150\u00a0000 \u20ac \u00e0 taux 0, dans la limite de 50\u00a0000 \u20ac par associ\u00e9.<\/li>\n<li>Des subventions jusqu\u2019\u00e0 30\u00a0000 \u20ac\u00a0par startup et par an,<\/li>\n<li>Des\u00a0\u00e9v\u00e9nements business\u00a0sur les\u00a0strat\u00e9gies de d\u00e9ploiement commercial<\/li>\n<\/ul>\n<p>[\/vc_column_text][\/vc_column][vc_column width=\u00a0\u00bb1\/3&Prime;][vc_empty_space][vc_single_image image=\u00a0\u00bb15993&Prime; img_size=\u00a0\u00bb300&#215;300&Prime; alignment=\u00a0\u00bbcenter\u00a0\u00bb style=\u00a0\u00bbvc_box_shadow\u00a0\u00bb onclick=\u00a0\u00bbcustom_link\u00a0\u00bb img_link_target=\u00a0\u00bb_blank\u00a0\u00bb qode_css_animation=\u00a0\u00bbelement_from_left\u00a0\u00bb link=\u00a0\u00bbhttps:\/\/www.grandenov.fr\/accelerateur-scalenov\/\u00a0\u00bb][\/vc_column][\/vc_row][vc_row css_animation=\u00a0\u00bb\u00a0\u00bb row_type=\u00a0\u00bbrow\u00a0\u00bb use_row_as_full_screen_section=\u00a0\u00bbno\u00a0\u00bb type=\u00a0\u00bbfull_width\u00a0\u00bb angled_section=\u00a0\u00bbno\u00a0\u00bb text_align=\u00a0\u00bbleft\u00a0\u00bb background_image_as_pattern=\u00a0\u00bbwithout_pattern\u00a0\u00bb][vc_column][vc_empty_space][vc_separator type=\u00a0\u00bbnormal\u00a0\u00bb][vc_empty_space][\/vc_column][\/vc_row][vc_row css_animation=\u00a0\u00bb\u00a0\u00bb row_type=\u00a0\u00bbrow\u00a0\u00bb use_row_as_full_screen_section=\u00a0\u00bbno\u00a0\u00bb type=\u00a0\u00bbfull_width\u00a0\u00bb angled_section=\u00a0\u00bbno\u00a0\u00bb text_align=\u00a0\u00bbleft\u00a0\u00bb background_image_as_pattern=\u00a0\u00bbwithout_pattern\u00a0\u00bb][vc_column width=\u00a0\u00bb2\/3&Prime;][vc_column_text]<\/p>\n<h3>Le r\u00e9seau entreprendre<\/h3>\n<p>&nbsp;<\/p>\n<p>Des chefs d\u2019entreprises b\u00e9n\u00e9voles qui partagent des valeurs communes destin\u00e9es \u00e0 favoriser l\u2019\u00e9mergence de futures PME porteuses de richesses et d\u2019emplois et \u00e0 dynamiser le tissu \u00e9conomique de la Champagne-Ardenne.<\/p>\n<p>&nbsp;<\/p>\n<p>Nos principes :<\/p>\n<ul>\n<li>L\u2019accompagnement individuel sur une dur\u00e9e de 2 \u00e0 3 ans r\u00e9alis\u00e9 par un chef d\u2019entreprise exp\u00e9riment\u00e9, b\u00e9n\u00e9vole et membre de l\u2019association.<\/li>\n<li>L\u2019accompagnement collectif par la mise en r\u00e9seau des laur\u00e9ats une fois par mois.<\/li>\n<li>Un pr\u00eat d\u2019honneur consenti de 15.000 \u00e0 45.000\u20ac et ce \u00e0 taux 0. Il est octroy\u00e9 sur une dur\u00e9e de 5 ans avec un diff\u00e9r\u00e9 de 18 mois.<\/li>\n<\/ul>\n<p>[\/vc_column_text][\/vc_column][vc_column width=\u00a0\u00bb1\/3&Prime;][vc_single_image image=\u00a0\u00bb15996&Prime; img_size=\u00a0\u00bb300&#215;300&Prime; alignment=\u00a0\u00bbcenter\u00a0\u00bb style=\u00a0\u00bbvc_box_shadow\u00a0\u00bb onclick=\u00a0\u00bbcustom_link\u00a0\u00bb img_link_target=\u00a0\u00bb_blank\u00a0\u00bb qode_css_animation=\u00a0\u00bbelement_from_left\u00a0\u00bb link=\u00a0\u00bbhttps:\/\/www.reseau-entreprendre.org\/champagne-ardenne\/\u00a0\u00bb][\/vc_column][\/vc_row][vc_row css_animation=\u00a0\u00bb\u00a0\u00bb row_type=\u00a0\u00bbrow\u00a0\u00bb use_row_as_full_screen_section=\u00a0\u00bbno\u00a0\u00bb type=\u00a0\u00bbfull_width\u00a0\u00bb angled_section=\u00a0\u00bbno\u00a0\u00bb text_align=\u00a0\u00bbleft\u00a0\u00bb background_image_as_pattern=\u00a0\u00bbwithout_pattern\u00a0\u00bb][vc_column][vc_empty_space][vc_separator type=\u00a0\u00bbnormal\u00a0\u00bb][vc_empty_space][\/vc_column][\/vc_row][vc_row css_animation=\u00a0\u00bb\u00a0\u00bb row_type=\u00a0\u00bbrow\u00a0\u00bb use_row_as_full_screen_section=\u00a0\u00bbno\u00a0\u00bb type=\u00a0\u00bbfull_width\u00a0\u00bb angled_section=\u00a0\u00bbno\u00a0\u00bb text_align=\u00a0\u00bbleft\u00a0\u00bb background_image_as_pattern=\u00a0\u00bbwithout_pattern\u00a0\u00bb][vc_column width=\u00a0\u00bb2\/3&Prime;][vc_column_text]<\/p>\n<h3>Business Sud Champagne<\/h3>\n<p>&nbsp;<\/p>\n<p>Business Sud Champagne\u00a0est une agence de d\u00e9veloppement \u00e9conomique de l&rsquo;Aube et du Sud de la Haute-Marne.<\/p>\n<p>&nbsp;<\/p>\n<p><strong>Business Sud Champagne est charg\u00e9e :<\/strong><\/p>\n<ul>\n<li>de la promotion du territoire,<\/li>\n<li>de la prospection d\u2019entreprises,<\/li>\n<li>de la structuration des fili\u00e8res d\u2019int\u00e9r\u00eat r\u00e9gional<\/li>\n<li>et de l\u2019appui aux entreprises strat\u00e9giques.<\/li>\n<\/ul>\n<p>&nbsp;<\/p>\n<p>Elle a pour t\u00e2che d\u2019attirer de nouvelles entreprises, de nouveaux investisseurs, de nouveaux porteurs de projet et de nouvelles comp\u00e9tences. Son r\u00f4le est de renforcer l\u2019attractivit\u00e9 du territoire, d\u2019en consolider l\u2019image, de diversifier le tissu \u00e9conomique et de cr\u00e9er un p\u00f4le d\u2019excellence aux portes du Grand Paris.[\/vc_column_text][\/vc_column][vc_column width=\u00a0\u00bb1\/3&Prime;][vc_single_image image=\u00a0\u00bb15998&Prime; img_size=\u00a0\u00bb300&#215;300&Prime; alignment=\u00a0\u00bbcenter\u00a0\u00bb style=\u00a0\u00bbvc_box_shadow\u00a0\u00bb onclick=\u00a0\u00bbcustom_link\u00a0\u00bb img_link_target=\u00a0\u00bb_blank\u00a0\u00bb qode_css_animation=\u00a0\u00bbelement_from_left\u00a0\u00bb link=\u00a0\u00bbhttps:\/\/www.be-est.fr\/bsc-business-sud-champagne\/\u00a0\u00bb][\/vc_column][\/vc_row][vc_row css_animation=\u00a0\u00bb\u00a0\u00bb row_type=\u00a0\u00bbrow\u00a0\u00bb use_row_as_full_screen_section=\u00a0\u00bbno\u00a0\u00bb type=\u00a0\u00bbfull_width\u00a0\u00bb angled_section=\u00a0\u00bbno\u00a0\u00bb text_align=\u00a0\u00bbleft\u00a0\u00bb background_image_as_pattern=\u00a0\u00bbwithout_pattern\u00a0\u00bb][vc_column][vc_empty_space][vc_separator type=\u00a0\u00bbnormal\u00a0\u00bb][vc_empty_space][\/vc_column][\/vc_row][vc_row css_animation=\u00a0\u00bb\u00a0\u00bb row_type=\u00a0\u00bbrow\u00a0\u00bb use_row_as_full_screen_section=\u00a0\u00bbno\u00a0\u00bb type=\u00a0\u00bbfull_width\u00a0\u00bb angled_section=\u00a0\u00bbno\u00a0\u00bb text_align=\u00a0\u00bbleft\u00a0\u00bb background_image_as_pattern=\u00a0\u00bbwithout_pattern\u00a0\u00bb][vc_column width=\u00a0\u00bb2\/3&Prime;][vc_column_text]<\/p>\n<h3>Bpifrance<\/h3>\n<p>&nbsp;<\/p>\n<p>Bpifrance accompagne les entreprises pour voir plus grand et plus loin. De l&rsquo;amor\u00e7age jusqu&rsquo;\u00e0 la cotation en bourse, du cr\u00e9dit aux fonds propres, Bpifrance offre des solutions de financement adapt\u00e9es \u00e0 chaque \u00e9tape de la vie de votre entreprise.<\/p>\n<p>&nbsp;<\/p>\n<p><strong>Les solutions communes \u00e0 la R\u00e9gion Grand Est :<\/strong><\/p>\n<p>La R\u00e9gion Grand Est et Bpifrance facilitent l&rsquo;acc\u00e8s des entreprises aux financements europ\u00e9ens au moyen de\u00a0<a href=\"https:\/\/tv.bpifrance.fr\/Le-Pret-Feder-Innovation-par-Saber-Kerd_v3385.html\" target=\"_blank\" rel=\"noopener noreferrer\">pr\u00eats FEDER Innovation<\/a>.<\/p>\n<p>Sous forme de pr\u00eats \u00e0 taux Z\u00e9ro, ils financent la conception et le d\u00e9veloppement des projets Recherche, D\u00e9veloppement et d&rsquo;Innovation des entreprises, avant leur lancement industriel et commercial.<\/p>\n<p>Ce dispositif est cofinanc\u00e9 par la R\u00e9gion Grand Est, l&rsquo;Union Europ\u00e9enne avec le Fonds Europ\u00e9en de D\u00e9veloppement R\u00e9gional et Bpifrance.[\/vc_column_text][\/vc_column][vc_column width=\u00a0\u00bb1\/3&Prime;][vc_single_image image=\u00a0\u00bb16000&Prime; img_size=\u00a0\u00bb300&#215;300&Prime; alignment=\u00a0\u00bbcenter\u00a0\u00bb style=\u00a0\u00bbvc_box_shadow\u00a0\u00bb onclick=\u00a0\u00bbcustom_link\u00a0\u00bb img_link_target=\u00a0\u00bb_blank\u00a0\u00bb qode_css_animation=\u00a0\u00bbelement_from_left\u00a0\u00bb link=\u00a0\u00bbhttps:\/\/www.bpifrance.fr\/Qui-sommes-nous\/Espace-Region\/Bpifrance-en-region\/Grand-Est\u00a0\u00bb][\/vc_column][\/vc_row]<\/p>\n<\/div>","protected":false},"excerpt":{"rendered":"<p>[vc_row css_animation=\u00a0\u00bb\u00a0\u00bb row_type=\u00a0\u00bbrow\u00a0\u00bb use_row_as_full_screen_section=\u00a0\u00bbno\u00a0\u00bb type=\u00a0\u00bbfull_width\u00a0\u00bb angled_section=\u00a0\u00bbno\u00a0\u00bb text_align=\u00a0\u00bbleft\u00a0\u00bb background_image_as_pattern=\u00a0\u00bbwithout_pattern\u00a0\u00bb][vc_column width=\u00a0\u00bb2\/3&Prime;][vc_empty_space][vc_column_text] Scal&rsquo;E-nov &nbsp; Acc\u00e9l\u00e9rateur de startups\u00a0du Grand Est &nbsp; Une \u00e9quipe et un \u00e9cosyst\u00e8me de partenaires et d\u2019experts sont dans les \u00ab\u00a0scaling block\u00a0\u00bb pour vous\u00a0accompagner jusqu\u2019\u00e0 votre premier million de chiffre d\u2019affaires\u00a0! &nbsp; Un programme d\u2019accompagnement et&#8230;<\/p>\n","protected":false},"author":27,"featured_media":0,"parent":0,"menu_order":0,"comment_status":"closed","ping_status":"closed","template":"","meta":{"footnotes":""},"class_list":["post-15390","page","type-page","status-publish","hentry"],"yoast_head":"<!-- This site is optimized with the Yoast SEO plugin v26.6 - https:\/\/yoast.com\/wordpress\/plugins\/seo\/ -->\n<title>Les partenaires de l&#039;Innovation Grands Est - Slow Tourisme Lab<\/title>\n<meta name=\"robots\" content=\"index, follow, max-snippet:-1, max-image-preview:large, max-video-preview:-1\" \/>\n<link rel=\"canonical\" href=\"https:\/\/www.slow-tourisme-lab.fr\/fr\/les-partenaires-de-l-innovation-grand-est\/\" \/>\n<meta property=\"og:locale\" content=\"fr_FR\" \/>\n<meta property=\"og:type\" content=\"article\" \/>\n<meta property=\"og:title\" content=\"Les partenaires de l&#039;Innovation Grands Est - Slow Tourisme Lab\" \/>\n<meta property=\"og:description\" content=\"[vc_row css_animation=\u00a0\u00bb\u00a0\u00bb row_type=\u00a0\u00bbrow\u00a0\u00bb use_row_as_full_screen_section=\u00a0\u00bbno\u00a0\u00bb type=\u00a0\u00bbfull_width\u00a0\u00bb angled_section=\u00a0\u00bbno\u00a0\u00bb text_align=\u00a0\u00bbleft\u00a0\u00bb background_image_as_pattern=\u00a0\u00bbwithout_pattern\u00a0\u00bb][vc_column width=\u00a0\u00bb2\/3&Prime;][vc_empty_space][vc_column_text] Scal&rsquo;E-nov &nbsp; Acc\u00e9l\u00e9rateur de startups\u00a0du Grand Est &nbsp; Une \u00e9quipe et un \u00e9cosyst\u00e8me de partenaires et d\u2019experts sont dans les \u00ab\u00a0scaling block\u00a0\u00bb pour vous\u00a0accompagner jusqu\u2019\u00e0 votre premier million de chiffre d\u2019affaires\u00a0! &nbsp; Un programme d\u2019accompagnement et...\" \/>\n<meta property=\"og:url\" content=\"https:\/\/www.slow-tourisme-lab.fr\/fr\/les-partenaires-de-l-innovation-grand-est\/\" \/>\n<meta property=\"og:site_name\" content=\"Slow Tourisme Lab\" \/>\n<meta property=\"article:modified_time\" content=\"2019-03-01T09:22:27+00:00\" \/>\n<meta name=\"twitter:card\" content=\"summary_large_image\" \/>\n<meta name=\"twitter:label1\" content=\"Dur\u00e9e de lecture estim\u00e9e\" \/>\n\t<meta name=\"twitter:data1\" content=\"5 minutes\" \/>\n<script type=\"application\/ld+json\" class=\"yoast-schema-graph\">{\"@context\":\"https:\/\/schema.org\",\"@graph\":[{\"@type\":\"WebPage\",\"@id\":\"https:\/\/www.slow-tourisme-lab.fr\/fr\/les-partenaires-de-l-innovation-grand-est\/\",\"url\":\"https:\/\/www.slow-tourisme-lab.fr\/fr\/les-partenaires-de-l-innovation-grand-est\/\",\"name\":\"Les partenaires de l'Innovation Grands Est - Slow Tourisme Lab\",\"isPartOf\":{\"@id\":\"https:\/\/www.slow-tourisme-lab.fr\/fr\/#website\"},\"datePublished\":\"2018-09-12T14:06:45+00:00\",\"dateModified\":\"2019-03-01T09:22:27+00:00\",\"breadcrumb\":{\"@id\":\"https:\/\/www.slow-tourisme-lab.fr\/fr\/les-partenaires-de-l-innovation-grand-est\/#breadcrumb\"},\"inLanguage\":\"fr-FR\",\"potentialAction\":[{\"@type\":\"ReadAction\",\"target\":[\"https:\/\/www.slow-tourisme-lab.fr\/fr\/les-partenaires-de-l-innovation-grand-est\/\"]}]},{\"@type\":\"BreadcrumbList\",\"@id\":\"https:\/\/www.slow-tourisme-lab.fr\/fr\/les-partenaires-de-l-innovation-grand-est\/#breadcrumb\",\"itemListElement\":[{\"@type\":\"ListItem\",\"position\":1,\"name\":\"Accueil\",\"item\":\"https:\/\/www.slow-tourisme-lab.fr\/fr\/\"},{\"@type\":\"ListItem\",\"position\":2,\"name\":\"Les partenaires de l&rsquo;Innovation Grands Est\"}]},{\"@type\":\"WebSite\",\"@id\":\"https:\/\/www.slow-tourisme-lab.fr\/fr\/#website\",\"url\":\"https:\/\/www.slow-tourisme-lab.fr\/fr\/\",\"name\":\"Slow Tourisme Lab\",\"description\":\"Un accompagnement pour l'innovation touristique durable\",\"potentialAction\":[{\"@type\":\"SearchAction\",\"target\":{\"@type\":\"EntryPoint\",\"urlTemplate\":\"https:\/\/www.slow-tourisme-lab.fr\/fr\/?s={search_term_string}\"},\"query-input\":{\"@type\":\"PropertyValueSpecification\",\"valueRequired\":true,\"valueName\":\"search_term_string\"}}],\"inLanguage\":\"fr-FR\"}]}<\/script>\n<!-- \/ Yoast SEO plugin. -->","yoast_head_json":{"title":"Les partenaires de l'Innovation Grands Est - Slow Tourisme Lab","robots":{"index":"index","follow":"follow","max-snippet":"max-snippet:-1","max-image-preview":"max-image-preview:large","max-video-preview":"max-video-preview:-1"},"canonical":"https:\/\/www.slow-tourisme-lab.fr\/fr\/les-partenaires-de-l-innovation-grand-est\/","og_locale":"fr_FR","og_type":"article","og_title":"Les partenaires de l'Innovation Grands Est - Slow Tourisme Lab","og_description":"[vc_row css_animation=\u00a0\u00bb\u00a0\u00bb row_type=\u00a0\u00bbrow\u00a0\u00bb use_row_as_full_screen_section=\u00a0\u00bbno\u00a0\u00bb type=\u00a0\u00bbfull_width\u00a0\u00bb angled_section=\u00a0\u00bbno\u00a0\u00bb text_align=\u00a0\u00bbleft\u00a0\u00bb background_image_as_pattern=\u00a0\u00bbwithout_pattern\u00a0\u00bb][vc_column width=\u00a0\u00bb2\/3&Prime;][vc_empty_space][vc_column_text] Scal&rsquo;E-nov &nbsp; Acc\u00e9l\u00e9rateur de startups\u00a0du Grand Est &nbsp; Une \u00e9quipe et un \u00e9cosyst\u00e8me de partenaires et d\u2019experts sont dans les \u00ab\u00a0scaling block\u00a0\u00bb pour vous\u00a0accompagner jusqu\u2019\u00e0 votre premier million de chiffre d\u2019affaires\u00a0! &nbsp; Un programme d\u2019accompagnement et...","og_url":"https:\/\/www.slow-tourisme-lab.fr\/fr\/les-partenaires-de-l-innovation-grand-est\/","og_site_name":"Slow Tourisme Lab","article_modified_time":"2019-03-01T09:22:27+00:00","twitter_card":"summary_large_image","twitter_misc":{"Dur\u00e9e de lecture estim\u00e9e":"5 minutes"},"schema":{"@context":"https:\/\/schema.org","@graph":[{"@type":"WebPage","@id":"https:\/\/www.slow-tourisme-lab.fr\/fr\/les-partenaires-de-l-innovation-grand-est\/","url":"https:\/\/www.slow-tourisme-lab.fr\/fr\/les-partenaires-de-l-innovation-grand-est\/","name":"Les partenaires de l'Innovation Grands Est - Slow Tourisme Lab","isPartOf":{"@id":"https:\/\/www.slow-tourisme-lab.fr\/fr\/#website"},"datePublished":"2018-09-12T14:06:45+00:00","dateModified":"2019-03-01T09:22:27+00:00","breadcrumb":{"@id":"https:\/\/www.slow-tourisme-lab.fr\/fr\/les-partenaires-de-l-innovation-grand-est\/#breadcrumb"},"inLanguage":"fr-FR","potentialAction":[{"@type":"ReadAction","target":["https:\/\/www.slow-tourisme-lab.fr\/fr\/les-partenaires-de-l-innovation-grand-est\/"]}]},{"@type":"BreadcrumbList","@id":"https:\/\/www.slow-tourisme-lab.fr\/fr\/les-partenaires-de-l-innovation-grand-est\/#breadcrumb","itemListElement":[{"@type":"ListItem","position":1,"name":"Accueil","item":"https:\/\/www.slow-tourisme-lab.fr\/fr\/"},{"@type":"ListItem","position":2,"name":"Les partenaires de l&rsquo;Innovation Grands Est"}]},{"@type":"WebSite","@id":"https:\/\/www.slow-tourisme-lab.fr\/fr\/#website","url":"https:\/\/www.slow-tourisme-lab.fr\/fr\/","name":"Slow Tourisme Lab","description":"Un accompagnement pour l'innovation touristique durable","potentialAction":[{"@type":"SearchAction","target":{"@type":"EntryPoint","urlTemplate":"https:\/\/www.slow-tourisme-lab.fr\/fr\/?s={search_term_string}"},"query-input":{"@type":"PropertyValueSpecification","valueRequired":true,"valueName":"search_term_string"}}],"inLanguage":"fr-FR"}]}},"_links":{"self":[{"href":"https:\/\/www.slow-tourisme-lab.fr\/fr\/wp-json\/wp\/v2\/pages\/15390\/"}],"collection":[{"href":"https:\/\/www.slow-tourisme-lab.fr\/fr\/wp-json\/wp\/v2\/pages\/"}],"about":[{"href":"https:\/\/www.slow-tourisme-lab.fr\/fr\/wp-json\/wp\/v2\/types\/page\/"}],"author":[{"embeddable":true,"href":"https:\/\/www.slow-tourisme-lab.fr\/fr\/wp-json\/wp\/v2\/users\/27\/"}],"replies":[{"embeddable":true,"href":"https:\/\/www.slow-tourisme-lab.fr\/fr\/wp-json\/wp\/v2\/comments\/?post=15390"}],"version-history":[{"count":0,"href":"https:\/\/www.slow-tourisme-lab.fr\/fr\/wp-json\/wp\/v2\/pages\/15390\/revisions\/"}],"wp:attachment":[{"href":"https:\/\/www.slow-tourisme-lab.fr\/fr\/wp-json\/wp\/v2\/media\/?parent=15390"}],"curies":[{"name":"wp","href":"https:\/\/api.w.org\/{rel}","templated":true}]}}