{"id":15147,"date":"2017-03-09T10:51:53","date_gmt":"2017-03-09T09:51:53","guid":{"rendered":"http:\/\/www.templars-route.eu\/?page_id=15147\/"},"modified":"2022-05-31T09:08:42","modified_gmt":"2022-05-31T07:08:42","slug":"templiers-de-laube","status":"publish","type":"page","link":"https:\/\/www.slow-tourisme-lab.fr\/fr\/templiers-de-laube\/","title":{"rendered":"Templiers de l&rsquo;Aube"},"content":{"rendered":"<div class=\"wpb-content-wrapper\"><p>[vc_row css_animation=\u00a0\u00bb\u00a0\u00bb row_type=\u00a0\u00bbrow\u00a0\u00bb use_row_as_full_screen_section=\u00a0\u00bbno\u00a0\u00bb type=\u00a0\u00bbfull_width\u00a0\u00bb angled_section=\u00a0\u00bbno\u00a0\u00bb text_align=\u00a0\u00bbleft\u00a0\u00bb background_image_as_pattern=\u00a0\u00bbwithout_pattern\u00a0\u00bb][vc_column][vc_column_text]<\/p>\n<h2><strong>Le jeu vid\u00e9o\u00a0: Les templiers de l\u2019Aube<\/strong><\/h2>\n<h3 style=\"text-align: center\"><\/h3>\n<p>[\/vc_column_text][rev_slider_vc alias=\u00a0\u00bbjeu-templier\u00a0\u00bb][vc_empty_space][vc_column_text]<\/p>\n<h3><strong>Le jeu en ligne pour tous<\/strong><\/h3>\n<div align=\"justify\">\n<p>Entrez dans le monde des chevaliers de l\u2019ordre du Temple et menez \u00e0 bien la qu\u00eate qui vous guidera jusqu\u2019\u00e0 leur tr\u00e9sor !<\/p>\n<p>&nbsp;<\/p>\n<p><strong>Votre mission ?<\/strong><\/p>\n<p>L\u2019histoire du jeu vous place au XXIII\u00e8me si\u00e8cle o\u00f9 vous d\u00e9couvrez que l\u2019humanit\u00e9, forte de ses grandes d\u00e9couvertes scientifiques, est capable d\u2019envoyer voyager dans le temps les membres de son \u00e9lite. L\u2019agence sp\u00e9ciale dont vous faite parti, vous envoi dans l\u2019Aube percer l\u2019un des secrets les plus \u00e9nigmatique et secret de l\u2019Histoire. Vous partez donc pour explorez Troyes au XII\u00e8me si\u00e8cle et \u00e9lucidez le fameux myst\u00e8re des Templiers. Vous rencontrerez les habitants et obtiendrez des informations pr\u00e9cieuse pour votre qu\u00eate. Mais il faudra infiltrer l\u2019Ordre et rencontrer son fondateur Hugues de Payns. Votre r\u00e9ussite ne d\u00e9pend que de vous. A vous de jouer.<\/p>\n<\/div>\n<p>[\/vc_column_text][vc_empty_space][vc_video link=\u00a0\u00bbhttps:\/\/www.youtube.com\/watch?v=XhcUMKkXuWg\u00a0\u00bb el_width=\u00a0\u00bb80&Prime; align=\u00a0\u00bbcenter\u00a0\u00bb][vc_empty_space][vc_column_text]<\/p>\n<h3>Livret p\u00e9dagogique<\/h3>\n<p>[\/vc_column_text][\/vc_column][\/vc_row][vc_row css_animation=\u00a0\u00bb\u00a0\u00bb row_type=\u00a0\u00bbrow\u00a0\u00bb use_row_as_full_screen_section=\u00a0\u00bbno\u00a0\u00bb type=\u00a0\u00bbfull_width\u00a0\u00bb angled_section=\u00a0\u00bbno\u00a0\u00bb text_align=\u00a0\u00bbleft\u00a0\u00bb background_image_as_pattern=\u00a0\u00bbwithout_pattern\u00a0\u00bb][vc_column width=\u00a0\u00bb1\/2&Prime;][vc_column_text]<\/p>\n<div align=\"justify\">\n<p>Prolongez l&rsquo;exp\u00e9rience templi\u00e8re gr\u00e2ce au <strong>livret p\u00e9dagogique<\/strong> et allez plus loin\u00a0dans les interactions avec le jeu en ligne.<\/p>\n<p>Gr\u00e2ce \u00e0 ce petit livret vous pourrez approfondir vos connaissances et d\u00e9couvrir des explications sur les th\u00e9matiques abord\u00e9es dans l&rsquo;\u00e9pisode 1 et dans les quiz. Id\u00e9al pour les \u00e9changes entre enseignants et \u00e9coliers ou coll\u00e9giens, ce livret aborde les \u00e9l\u00e9ments de l&rsquo;<strong>ordre du temple<\/strong>, des <strong>chevaliers<\/strong>, de l&rsquo;importance de la <strong>for\u00eat<\/strong>, des <strong>cuisines<\/strong> et de l&rsquo;<strong>alimentation<\/strong> au encore de la <strong>musique<\/strong> \u00e0 l&rsquo;\u00e9poque m\u00e9di\u00e9vale.<\/p>\n<\/div>\n<p>&nbsp;<\/p>\n<p style=\"text-align: center\"><u><strong><a href=\"http:\/\/european-templar-route.v3.mobylee.com\/assets\/uploads\/sites\/40\/2017\/03\/Livret-p\u00e9dagogique-Templiers-de-lAube.pdf\" target=\"_blank\" rel=\"noopener noreferrer\">T\u00e9l\u00e9charger le livret p\u00e9dagogique des Templiers de l&rsquo;Aube<\/a><\/strong><\/u><\/p>\n<h3 style=\"text-align: center\"><\/h3>\n<p>[\/vc_column_text][\/vc_column][vc_column width=\u00a0\u00bb1\/2&Prime;][vc_single_image image=\u00a0\u00bb15194&Prime; img_size=\u00a0\u00bbmedium\u00a0\u00bb alignment=\u00a0\u00bbcenter\u00a0\u00bb onclick=\u00a0\u00bbcustom_link\u00a0\u00bb img_link_target=\u00a0\u00bb_blank\u00a0\u00bb qode_css_animation=\u00a0\u00bb\u00a0\u00bb link=\u00a0\u00bbhttp:\/\/european-templar-route.v3.mobylee.com\/assets\/uploads\/sites\/40\/2017\/03\/Livret-p\u00e9dagogique-Templiers-de-lAube.pdf\u00a0\u00bb][\/vc_column][\/vc_row]<\/p>\n<\/div>","protected":false},"excerpt":{"rendered":"<p>[vc_row css_animation=\u00a0\u00bb\u00a0\u00bb row_type=\u00a0\u00bbrow\u00a0\u00bb use_row_as_full_screen_section=\u00a0\u00bbno\u00a0\u00bb type=\u00a0\u00bbfull_width\u00a0\u00bb angled_section=\u00a0\u00bbno\u00a0\u00bb text_align=\u00a0\u00bbleft\u00a0\u00bb background_image_as_pattern=\u00a0\u00bbwithout_pattern\u00a0\u00bb][vc_column][vc_column_text] Le jeu vid\u00e9o\u00a0: Les templiers de l\u2019Aube [\/vc_column_text][rev_slider_vc alias=\u00a0\u00bbjeu-templier\u00a0\u00bb][vc_empty_space][vc_column_text] Le jeu en ligne pour tous Entrez dans le monde des chevaliers de l\u2019ordre du Temple et menez \u00e0 bien la qu\u00eate qui vous guidera jusqu\u2019\u00e0 leur tr\u00e9sor&#8230;<\/p>\n","protected":false},"author":16,"featured_media":15153,"parent":0,"menu_order":0,"comment_status":"closed","ping_status":"closed","template":"","meta":{"footnotes":""},"class_list":["post-15147","page","type-page","status-publish","has-post-thumbnail","hentry"],"yoast_head":"<!-- This site is optimized with the Yoast SEO plugin v26.6 - https:\/\/yoast.com\/wordpress\/plugins\/seo\/ -->\n<title>Templiers de l&#039;Aube - Slow Tourisme Lab<\/title>\n<meta name=\"robots\" content=\"index, follow, max-snippet:-1, max-image-preview:large, max-video-preview:-1\" \/>\n<link rel=\"canonical\" href=\"https:\/\/www.slow-tourisme-lab.fr\/fr\/templiers-de-laube\/\" \/>\n<meta property=\"og:locale\" content=\"fr_FR\" \/>\n<meta property=\"og:type\" content=\"article\" \/>\n<meta property=\"og:title\" content=\"Templiers de l&#039;Aube - Slow Tourisme Lab\" \/>\n<meta property=\"og:description\" content=\"[vc_row css_animation=\u00a0\u00bb\u00a0\u00bb row_type=\u00a0\u00bbrow\u00a0\u00bb use_row_as_full_screen_section=\u00a0\u00bbno\u00a0\u00bb type=\u00a0\u00bbfull_width\u00a0\u00bb angled_section=\u00a0\u00bbno\u00a0\u00bb text_align=\u00a0\u00bbleft\u00a0\u00bb background_image_as_pattern=\u00a0\u00bbwithout_pattern\u00a0\u00bb][vc_column][vc_column_text] Le jeu vid\u00e9o\u00a0: Les templiers de l\u2019Aube [\/vc_column_text][rev_slider_vc alias=\u00a0\u00bbjeu-templier\u00a0\u00bb][vc_empty_space][vc_column_text] Le jeu en ligne pour tous Entrez dans le monde des chevaliers de l\u2019ordre du Temple et menez \u00e0 bien la qu\u00eate qui vous guidera jusqu\u2019\u00e0 leur tr\u00e9sor...\" \/>\n<meta property=\"og:url\" content=\"https:\/\/www.slow-tourisme-lab.fr\/fr\/templiers-de-laube\/\" \/>\n<meta property=\"og:site_name\" content=\"Slow Tourisme Lab\" \/>\n<meta property=\"article:modified_time\" content=\"2022-05-31T07:08:42+00:00\" \/>\n<meta property=\"og:image\" content=\"https:\/\/www.slow-tourisme-lab.fr\/assets\/uploads\/sites\/50\/2017\/03\/templier-de-lAube-4.jpg\" \/>\n\t<meta property=\"og:image:width\" content=\"1920\" \/>\n\t<meta property=\"og:image:height\" content=\"640\" \/>\n\t<meta property=\"og:image:type\" content=\"image\/jpeg\" \/>\n<meta name=\"twitter:card\" content=\"summary_large_image\" \/>\n<meta name=\"twitter:label1\" content=\"Dur\u00e9e de lecture estim\u00e9e\" \/>\n\t<meta name=\"twitter:data1\" content=\"2 minutes\" \/>\n<script type=\"application\/ld+json\" class=\"yoast-schema-graph\">{\"@context\":\"https:\/\/schema.org\",\"@graph\":[{\"@type\":\"WebPage\",\"@id\":\"https:\/\/www.slow-tourisme-lab.fr\/fr\/templiers-de-laube\/\",\"url\":\"https:\/\/www.slow-tourisme-lab.fr\/fr\/templiers-de-laube\/\",\"name\":\"Templiers de l'Aube - Slow Tourisme Lab\",\"isPartOf\":{\"@id\":\"https:\/\/www.slow-tourisme-lab.fr\/fr\/#website\"},\"primaryImageOfPage\":{\"@id\":\"https:\/\/www.slow-tourisme-lab.fr\/fr\/templiers-de-laube\/#primaryimage\"},\"image\":{\"@id\":\"https:\/\/www.slow-tourisme-lab.fr\/fr\/templiers-de-laube\/#primaryimage\"},\"thumbnailUrl\":\"https:\/\/www.slow-tourisme-lab.fr\/assets\/uploads\/sites\/50\/2017\/03\/templier-de-lAube-4.jpg\",\"datePublished\":\"2017-03-09T09:51:53+00:00\",\"dateModified\":\"2022-05-31T07:08:42+00:00\",\"breadcrumb\":{\"@id\":\"https:\/\/www.slow-tourisme-lab.fr\/fr\/templiers-de-laube\/#breadcrumb\"},\"inLanguage\":\"fr-FR\",\"potentialAction\":[{\"@type\":\"ReadAction\",\"target\":[\"https:\/\/www.slow-tourisme-lab.fr\/fr\/templiers-de-laube\/\"]}]},{\"@type\":\"ImageObject\",\"inLanguage\":\"fr-FR\",\"@id\":\"https:\/\/www.slow-tourisme-lab.fr\/fr\/templiers-de-laube\/#primaryimage\",\"url\":\"https:\/\/www.slow-tourisme-lab.fr\/assets\/uploads\/sites\/50\/2017\/03\/templier-de-lAube-4.jpg\",\"contentUrl\":\"https:\/\/www.slow-tourisme-lab.fr\/assets\/uploads\/sites\/50\/2017\/03\/templier-de-lAube-4.jpg\",\"width\":1920,\"height\":640},{\"@type\":\"BreadcrumbList\",\"@id\":\"https:\/\/www.slow-tourisme-lab.fr\/fr\/templiers-de-laube\/#breadcrumb\",\"itemListElement\":[{\"@type\":\"ListItem\",\"position\":1,\"name\":\"Accueil\",\"item\":\"https:\/\/www.slow-tourisme-lab.fr\/fr\/\"},{\"@type\":\"ListItem\",\"position\":2,\"name\":\"Templiers de l&rsquo;Aube\"}]},{\"@type\":\"WebSite\",\"@id\":\"https:\/\/www.slow-tourisme-lab.fr\/fr\/#website\",\"url\":\"https:\/\/www.slow-tourisme-lab.fr\/fr\/\",\"name\":\"Slow Tourisme Lab\",\"description\":\"Un accompagnement pour l'innovation touristique durable\",\"potentialAction\":[{\"@type\":\"SearchAction\",\"target\":{\"@type\":\"EntryPoint\",\"urlTemplate\":\"https:\/\/www.slow-tourisme-lab.fr\/fr\/?s={search_term_string}\"},\"query-input\":{\"@type\":\"PropertyValueSpecification\",\"valueRequired\":true,\"valueName\":\"search_term_string\"}}],\"inLanguage\":\"fr-FR\"}]}<\/script>\n<!-- \/ Yoast SEO plugin. -->","yoast_head_json":{"title":"Templiers de l'Aube - Slow Tourisme Lab","robots":{"index":"index","follow":"follow","max-snippet":"max-snippet:-1","max-image-preview":"max-image-preview:large","max-video-preview":"max-video-preview:-1"},"canonical":"https:\/\/www.slow-tourisme-lab.fr\/fr\/templiers-de-laube\/","og_locale":"fr_FR","og_type":"article","og_title":"Templiers de l'Aube - Slow Tourisme Lab","og_description":"[vc_row css_animation=\u00a0\u00bb\u00a0\u00bb row_type=\u00a0\u00bbrow\u00a0\u00bb use_row_as_full_screen_section=\u00a0\u00bbno\u00a0\u00bb type=\u00a0\u00bbfull_width\u00a0\u00bb angled_section=\u00a0\u00bbno\u00a0\u00bb text_align=\u00a0\u00bbleft\u00a0\u00bb background_image_as_pattern=\u00a0\u00bbwithout_pattern\u00a0\u00bb][vc_column][vc_column_text] Le jeu vid\u00e9o\u00a0: Les templiers de l\u2019Aube [\/vc_column_text][rev_slider_vc alias=\u00a0\u00bbjeu-templier\u00a0\u00bb][vc_empty_space][vc_column_text] Le jeu en ligne pour tous Entrez dans le monde des chevaliers de l\u2019ordre du Temple et menez \u00e0 bien la qu\u00eate qui vous guidera jusqu\u2019\u00e0 leur tr\u00e9sor...","og_url":"https:\/\/www.slow-tourisme-lab.fr\/fr\/templiers-de-laube\/","og_site_name":"Slow Tourisme Lab","article_modified_time":"2022-05-31T07:08:42+00:00","og_image":[{"width":1920,"height":640,"url":"https:\/\/www.slow-tourisme-lab.fr\/assets\/uploads\/sites\/50\/2017\/03\/templier-de-lAube-4.jpg","type":"image\/jpeg"}],"twitter_card":"summary_large_image","twitter_misc":{"Dur\u00e9e de lecture estim\u00e9e":"2 minutes"},"schema":{"@context":"https:\/\/schema.org","@graph":[{"@type":"WebPage","@id":"https:\/\/www.slow-tourisme-lab.fr\/fr\/templiers-de-laube\/","url":"https:\/\/www.slow-tourisme-lab.fr\/fr\/templiers-de-laube\/","name":"Templiers de l'Aube - Slow Tourisme Lab","isPartOf":{"@id":"https:\/\/www.slow-tourisme-lab.fr\/fr\/#website"},"primaryImageOfPage":{"@id":"https:\/\/www.slow-tourisme-lab.fr\/fr\/templiers-de-laube\/#primaryimage"},"image":{"@id":"https:\/\/www.slow-tourisme-lab.fr\/fr\/templiers-de-laube\/#primaryimage"},"thumbnailUrl":"https:\/\/www.slow-tourisme-lab.fr\/assets\/uploads\/sites\/50\/2017\/03\/templier-de-lAube-4.jpg","datePublished":"2017-03-09T09:51:53+00:00","dateModified":"2022-05-31T07:08:42+00:00","breadcrumb":{"@id":"https:\/\/www.slow-tourisme-lab.fr\/fr\/templiers-de-laube\/#breadcrumb"},"inLanguage":"fr-FR","potentialAction":[{"@type":"ReadAction","target":["https:\/\/www.slow-tourisme-lab.fr\/fr\/templiers-de-laube\/"]}]},{"@type":"ImageObject","inLanguage":"fr-FR","@id":"https:\/\/www.slow-tourisme-lab.fr\/fr\/templiers-de-laube\/#primaryimage","url":"https:\/\/www.slow-tourisme-lab.fr\/assets\/uploads\/sites\/50\/2017\/03\/templier-de-lAube-4.jpg","contentUrl":"https:\/\/www.slow-tourisme-lab.fr\/assets\/uploads\/sites\/50\/2017\/03\/templier-de-lAube-4.jpg","width":1920,"height":640},{"@type":"BreadcrumbList","@id":"https:\/\/www.slow-tourisme-lab.fr\/fr\/templiers-de-laube\/#breadcrumb","itemListElement":[{"@type":"ListItem","position":1,"name":"Accueil","item":"https:\/\/www.slow-tourisme-lab.fr\/fr\/"},{"@type":"ListItem","position":2,"name":"Templiers de l&rsquo;Aube"}]},{"@type":"WebSite","@id":"https:\/\/www.slow-tourisme-lab.fr\/fr\/#website","url":"https:\/\/www.slow-tourisme-lab.fr\/fr\/","name":"Slow Tourisme Lab","description":"Un accompagnement pour l'innovation touristique durable","potentialAction":[{"@type":"SearchAction","target":{"@type":"EntryPoint","urlTemplate":"https:\/\/www.slow-tourisme-lab.fr\/fr\/?s={search_term_string}"},"query-input":{"@type":"PropertyValueSpecification","valueRequired":true,"valueName":"search_term_string"}}],"inLanguage":"fr-FR"}]}},"_links":{"self":[{"href":"https:\/\/www.slow-tourisme-lab.fr\/fr\/wp-json\/wp\/v2\/pages\/15147\/"}],"collection":[{"href":"https:\/\/www.slow-tourisme-lab.fr\/fr\/wp-json\/wp\/v2\/pages\/"}],"about":[{"href":"https:\/\/www.slow-tourisme-lab.fr\/fr\/wp-json\/wp\/v2\/types\/page\/"}],"author":[{"embeddable":true,"href":"https:\/\/www.slow-tourisme-lab.fr\/fr\/wp-json\/wp\/v2\/users\/16\/"}],"replies":[{"embeddable":true,"href":"https:\/\/www.slow-tourisme-lab.fr\/fr\/wp-json\/wp\/v2\/comments\/?post=15147"}],"version-history":[{"count":3,"href":"https:\/\/www.slow-tourisme-lab.fr\/fr\/wp-json\/wp\/v2\/pages\/15147\/revisions\/"}],"predecessor-version":[{"id":19818,"href":"https:\/\/www.slow-tourisme-lab.fr\/fr\/wp-json\/wp\/v2\/pages\/15147\/revisions\/19818\/"}],"wp:featuredmedia":[{"embeddable":true,"href":"https:\/\/www.slow-tourisme-lab.fr\/fr\/wp-json\/wp\/v2\/media\/15153\/"}],"wp:attachment":[{"href":"https:\/\/www.slow-tourisme-lab.fr\/fr\/wp-json\/wp\/v2\/media\/?parent=15147"}],"curies":[{"name":"wp","href":"https:\/\/api.w.org\/{rel}","templated":true}]}}